
{"id":29072,"date":"2026-03-30T14:17:03","date_gmt":"2026-03-30T12:17:03","guid":{"rendered":"https:\/\/www.foxy.eu\/?post_type=product&#038;p=29072"},"modified":"2026-03-30T14:17:04","modified_gmt":"2026-03-30T12:17:04","slug":"foxy-cream-2","status":"publish","type":"product","link":"https:\/\/www.foxy.eu\/pt\/produtos\/foxy-cream-2\/","title":{"rendered":"Foxy Cream"},"content":{"rendered":"<p>[vc_row el_class=&#8221;caratteristiche_content&#8221;][vc_column width=&#8221;1\/2&#8243; offset=&#8221;vc_col-lg-offset-3 vc_col-lg-6 vc_col-md-offset-3 vc_col-md-6&#8243;][vc_column_text el_class=&#8221;subtitle_product&#8221;]<span data-sheets-root=\"1\">O aliado ideal contra as gretas e a vermelhid\u00e3o. Para os narizes mais delicados!<\/span>[\/vc_column_text][vc_column_text]<span data-sheets-root=\"1\">Os faciais Foxy Cream, enriquecidos com ingredientes ativos com propriedades hidratantes, ajudam a prevenir a vermelhid\u00e3o.<\/span>[\/vc_column_text][\/vc_column][\/vc_row][vc_row][vc_column width=&#8221;5\/6&#8243; offset=&#8221;vc_col-lg-offset-1 vc_col-lg-10 vc_col-md-offset-1 vc_col-md-10&#8243; el_class=&#8221;plus_product&#8221;][vc_row_inner equal_height=&#8221;yes&#8221; content_placement=&#8221;top&#8221; el_class=&#8221;caratteristiche_prodotto_slide_mobile owl-carousel owl-theme&#8221;][vc_column_inner width=&#8221;1\/3&#8243;][vc_single_image image=&#8221;29073&#8243; img_size=&#8221;full&#8221; alignment=&#8221;center&#8221;][vc_column_text el_class=&#8221;plus_product_title&#8221;]<span data-sheets-root=\"1\">Com creme hidratante<\/span>[\/vc_column_text][vc_column_text el_class=&#8221;plus_product_desc&#8221;]<span data-sheets-root=\"1\">S\u00e3o particularmente adequados na presen\u00e7a de gretas e vermelhid\u00e3o.<\/span>[\/vc_column_text][\/vc_column_inner][vc_column_inner width=&#8221;1\/3&#8243;][vc_single_image image=&#8221;29074&#8243; img_size=&#8221;full&#8221; alignment=&#8221;center&#8221;][vc_column_text el_class=&#8221;plus_product_title&#8221;]<span data-sheets-root=\"1\">Especial para resfriados<\/span>[\/vc_column_text][vc_column_text el_class=&#8221;plus_product_desc&#8221;]Por su especial delicadeza los faciales Foxy Cream, son ideales sobre la piel, incluso sobre la piel irritada por los enfriamientos m\u00e1s fuertes.[\/vc_column_text][\/vc_column_inner][vc_column_inner width=&#8221;1\/3&#8243;][vc_single_image image=&#8221;29075&#8243; img_size=&#8221;full&#8221; alignment=&#8221;center&#8221;][vc_column_text el_class=&#8221;plus_product_title&#8221;]C<span data-sheets-root=\"1\">linicamente testados<\/span>[\/vc_column_text][vc_column_text el_class=&#8221;plus_product_desc&#8221;]<span data-sheets-root=\"1\">A idoneidade para o contacto com a pele est\u00e1 garantida por rigorosos testes efetuados em laborat\u00f3rios qualificados para uma seguran\u00e7a total no uso.<\/span>[\/vc_column_text][\/vc_column_inner][\/vc_row_inner][\/vc_column][\/vc_row]<\/p>\n","protected":false},"featured_media":29086,"template":"","categories":[167],"yoast_head":"<!-- This site is optimized with the Yoast SEO plugin v19.14 - https:\/\/yoast.com\/wordpress\/plugins\/seo\/ -->\n<title>Foxy Cream - Foxy<\/title>\n<meta name=\"robots\" content=\"index, follow, max-snippet:-1, max-image-preview:large, max-video-preview:-1\" \/>\n<link rel=\"canonical\" href=\"https:\/\/www.foxy.eu\/pt\/prodotti\/foxy-cream-2\/\" \/>\n<meta property=\"og:locale\" content=\"pt_PT\" \/>\n<meta property=\"og:type\" content=\"article\" \/>\n<meta property=\"og:title\" content=\"Foxy Cream - Foxy\" \/>\n<meta property=\"og:description\" content=\"[vc_row el_class=&#8221;caratteristiche_content&#8221;][vc_column width=&#8221;1\/2&#8243; offset=&#8221;vc_col-lg-offset-3 vc_col-lg-6 vc_col-md-offset-3 vc_col-md-6&#8243;][vc_column_text el_class=&#8221;subtitle_product&#8221;]O aliado ideal contra as gretas e a vermelhid\u00e3o. Para os narizes mais delicados![\/vc_column_text][vc_column_text]Os faciais Foxy Cream, enriquecidos com ingredientes ativos com propriedades...\" \/>\n<meta property=\"og:url\" content=\"https:\/\/www.foxy.eu\/pt\/prodotti\/foxy-cream-2\/\" \/>\n<meta property=\"og:site_name\" content=\"Foxy\" \/>\n<meta property=\"article:publisher\" content=\"https:\/\/www.facebook.com\/Foxy.Italia\" \/>\n<meta property=\"article:modified_time\" content=\"2026-03-30T12:17:04+00:00\" \/>\n<meta property=\"og:image\" content=\"https:\/\/www.foxy.eu\/wp-content\/uploads\/2021\/02\/cream_fr-prodotto@2x.png\" \/>\n\t<meta property=\"og:image:width\" content=\"960\" \/>\n\t<meta property=\"og:image:height\" content=\"706\" \/>\n\t<meta property=\"og:image:type\" content=\"image\/png\" \/>\n<meta name=\"twitter:card\" content=\"summary_large_image\" \/>\n<meta name=\"twitter:label1\" content=\"Est. reading time\" \/>\n\t<meta name=\"twitter:data1\" content=\"1 minuto\" \/>\n<script type=\"application\/ld+json\" class=\"yoast-schema-graph\">{\"@context\":\"https:\/\/schema.org\",\"@graph\":[{\"@type\":\"WebPage\",\"@id\":\"https:\/\/www.foxy.eu\/pt\/prodotti\/foxy-cream-2\/\",\"url\":\"https:\/\/www.foxy.eu\/pt\/prodotti\/foxy-cream-2\/\",\"name\":\"Foxy Cream - Foxy\",\"isPartOf\":{\"@id\":\"https:\/\/www.foxy.eu\/#website\"},\"datePublished\":\"2026-03-30T12:17:03+00:00\",\"dateModified\":\"2026-03-30T12:17:04+00:00\",\"breadcrumb\":{\"@id\":\"https:\/\/www.foxy.eu\/pt\/prodotti\/foxy-cream-2\/#breadcrumb\"},\"inLanguage\":\"pt-PT\",\"potentialAction\":[{\"@type\":\"ReadAction\",\"target\":[\"https:\/\/www.foxy.eu\/pt\/prodotti\/foxy-cream-2\/\"]}]},{\"@type\":\"BreadcrumbList\",\"@id\":\"https:\/\/www.foxy.eu\/pt\/prodotti\/foxy-cream-2\/#breadcrumb\",\"itemListElement\":[{\"@type\":\"ListItem\",\"position\":1,\"name\":\"Home\",\"item\":\"https:\/\/www.foxy.eu\/pt\/\"},{\"@type\":\"ListItem\",\"position\":2,\"name\":\"Foxy Cream\"}]},{\"@type\":\"WebSite\",\"@id\":\"https:\/\/www.foxy.eu\/#website\",\"url\":\"https:\/\/www.foxy.eu\/\",\"name\":\"Foxy\",\"description\":\"Un nuovo sito targato WordPress\",\"publisher\":{\"@id\":\"https:\/\/www.foxy.eu\/#organization\"},\"alternateName\":\"Scopri tutta la gamma di prodotti e iniziative Foxy. Abbiamo pensato a un mondo su misura per te.\",\"potentialAction\":[{\"@type\":\"SearchAction\",\"target\":{\"@type\":\"EntryPoint\",\"urlTemplate\":\"https:\/\/www.foxy.eu\/?s={search_term_string}\"},\"query-input\":\"required name=search_term_string\"}],\"inLanguage\":\"pt-PT\"},{\"@type\":\"Organization\",\"@id\":\"https:\/\/www.foxy.eu\/#organization\",\"name\":\"Foxy | Sempre vicina a te!\",\"alternateName\":\"Scopri tutta la gamma di prodotti e iniziative Foxy. Abbiamo pensato a un mondo su misura per te.\",\"url\":\"https:\/\/www.foxy.eu\/\",\"logo\":{\"@type\":\"ImageObject\",\"inLanguage\":\"pt-PT\",\"@id\":\"https:\/\/www.foxy.eu\/#\/schema\/logo\/image\/\",\"url\":\"https:\/\/enkaz3824io.exactdn.com\/wp-content\/uploads\/2020\/07\/hp_big_logo@2x.png?strip=all&lossy=1&ssl=1\",\"contentUrl\":\"https:\/\/enkaz3824io.exactdn.com\/wp-content\/uploads\/2020\/07\/hp_big_logo@2x.png?strip=all&lossy=1&ssl=1\",\"width\":518,\"height\":366,\"caption\":\"Foxy | Sempre vicina a te!\"},\"image\":{\"@id\":\"https:\/\/www.foxy.eu\/#\/schema\/logo\/image\/\"},\"sameAs\":[\"https:\/\/www.instagram.com\/foxy\/\",\"https:\/\/www.youtube.com\/channel\/UCpCfvrNg7u0O0jSeH9B9ygA\",\"https:\/\/www.facebook.com\/Foxy.Italia\"]}]}<\/script>\n<!-- \/ Yoast SEO plugin. -->","yoast_head_json":{"title":"Foxy Cream - Foxy","robots":{"index":"index","follow":"follow","max-snippet":"max-snippet:-1","max-image-preview":"max-image-preview:large","max-video-preview":"max-video-preview:-1"},"canonical":"https:\/\/www.foxy.eu\/pt\/prodotti\/foxy-cream-2\/","og_locale":"pt_PT","og_type":"article","og_title":"Foxy Cream - Foxy","og_description":"[vc_row el_class=&#8221;caratteristiche_content&#8221;][vc_column width=&#8221;1\/2&#8243; offset=&#8221;vc_col-lg-offset-3 vc_col-lg-6 vc_col-md-offset-3 vc_col-md-6&#8243;][vc_column_text el_class=&#8221;subtitle_product&#8221;]O aliado ideal contra as gretas e a vermelhid\u00e3o. Para os narizes mais delicados![\/vc_column_text][vc_column_text]Os faciais Foxy Cream, enriquecidos com ingredientes ativos com propriedades...","og_url":"https:\/\/www.foxy.eu\/pt\/prodotti\/foxy-cream-2\/","og_site_name":"Foxy","article_publisher":"https:\/\/www.facebook.com\/Foxy.Italia","article_modified_time":"2026-03-30T12:17:04+00:00","og_image":[{"width":960,"height":706,"url":"https:\/\/www.foxy.eu\/wp-content\/uploads\/2021\/02\/cream_fr-prodotto@2x.png","type":"image\/png"}],"twitter_card":"summary_large_image","twitter_misc":{"Est. reading time":"1 minuto"},"schema":{"@context":"https:\/\/schema.org","@graph":[{"@type":"WebPage","@id":"https:\/\/www.foxy.eu\/pt\/prodotti\/foxy-cream-2\/","url":"https:\/\/www.foxy.eu\/pt\/prodotti\/foxy-cream-2\/","name":"Foxy Cream - Foxy","isPartOf":{"@id":"https:\/\/www.foxy.eu\/#website"},"datePublished":"2026-03-30T12:17:03+00:00","dateModified":"2026-03-30T12:17:04+00:00","breadcrumb":{"@id":"https:\/\/www.foxy.eu\/pt\/prodotti\/foxy-cream-2\/#breadcrumb"},"inLanguage":"pt-PT","potentialAction":[{"@type":"ReadAction","target":["https:\/\/www.foxy.eu\/pt\/prodotti\/foxy-cream-2\/"]}]},{"@type":"BreadcrumbList","@id":"https:\/\/www.foxy.eu\/pt\/prodotti\/foxy-cream-2\/#breadcrumb","itemListElement":[{"@type":"ListItem","position":1,"name":"Home","item":"https:\/\/www.foxy.eu\/pt\/"},{"@type":"ListItem","position":2,"name":"Foxy Cream"}]},{"@type":"WebSite","@id":"https:\/\/www.foxy.eu\/#website","url":"https:\/\/www.foxy.eu\/","name":"Foxy","description":"Un nuovo sito targato WordPress","publisher":{"@id":"https:\/\/www.foxy.eu\/#organization"},"alternateName":"Scopri tutta la gamma di prodotti e iniziative Foxy. Abbiamo pensato a un mondo su misura per te.","potentialAction":[{"@type":"SearchAction","target":{"@type":"EntryPoint","urlTemplate":"https:\/\/www.foxy.eu\/?s={search_term_string}"},"query-input":"required name=search_term_string"}],"inLanguage":"pt-PT"},{"@type":"Organization","@id":"https:\/\/www.foxy.eu\/#organization","name":"Foxy | Sempre vicina a te!","alternateName":"Scopri tutta la gamma di prodotti e iniziative Foxy. Abbiamo pensato a un mondo su misura per te.","url":"https:\/\/www.foxy.eu\/","logo":{"@type":"ImageObject","inLanguage":"pt-PT","@id":"https:\/\/www.foxy.eu\/#\/schema\/logo\/image\/","url":"https:\/\/enkaz3824io.exactdn.com\/wp-content\/uploads\/2020\/07\/hp_big_logo@2x.png?strip=all&lossy=1&ssl=1","contentUrl":"https:\/\/enkaz3824io.exactdn.com\/wp-content\/uploads\/2020\/07\/hp_big_logo@2x.png?strip=all&lossy=1&ssl=1","width":518,"height":366,"caption":"Foxy | Sempre vicina a te!"},"image":{"@id":"https:\/\/www.foxy.eu\/#\/schema\/logo\/image\/"},"sameAs":["https:\/\/www.instagram.com\/foxy\/","https:\/\/www.youtube.com\/channel\/UCpCfvrNg7u0O0jSeH9B9ygA","https:\/\/www.facebook.com\/Foxy.Italia"]}]}},"_links":{"self":[{"href":"https:\/\/www.foxy.eu\/pt\/wp-json\/wp\/v2\/product\/29072"}],"collection":[{"href":"https:\/\/www.foxy.eu\/pt\/wp-json\/wp\/v2\/product"}],"about":[{"href":"https:\/\/www.foxy.eu\/pt\/wp-json\/wp\/v2\/types\/product"}],"version-history":[{"count":4,"href":"https:\/\/www.foxy.eu\/pt\/wp-json\/wp\/v2\/product\/29072\/revisions"}],"predecessor-version":[{"id":29091,"href":"https:\/\/www.foxy.eu\/pt\/wp-json\/wp\/v2\/product\/29072\/revisions\/29091"}],"wp:featuredmedia":[{"embeddable":true,"href":"https:\/\/www.foxy.eu\/pt\/wp-json\/wp\/v2\/media\/29086"}],"wp:attachment":[{"href":"https:\/\/www.foxy.eu\/pt\/wp-json\/wp\/v2\/media?parent=29072"}],"wp:term":[{"taxonomy":"category","embeddable":true,"href":"https:\/\/www.foxy.eu\/pt\/wp-json\/wp\/v2\/categories?post=29072"}],"curies":[{"name":"wp","href":"https:\/\/api.w.org\/{rel}","templated":true}]}}