
{"id":27247,"date":"2025-12-10T16:28:38","date_gmt":"2025-12-10T15:28:38","guid":{"rendered":"https:\/\/www.foxy.eu\/?post_type=product&#038;p=27247"},"modified":"2026-04-02T10:22:26","modified_gmt":"2026-04-02T08:22:26","slug":"foxy-algodao","status":"publish","type":"product","link":"https:\/\/www.foxy.eu\/pt\/produtos\/foxy-algodao\/","title":{"rendered":"Foxy Algod\u00e3o"},"content":{"rendered":"<p>[vc_row el_class=&#8221;caratteristiche_content&#8221;][vc_column width=&#8221;1\/2&#8243; offset=&#8221;vc_col-lg-offset-3 vc_col-lg-6 vc_col-md-offset-3 vc_col-md-6&#8243;][vc_column_text el_class=&#8221;subtitle_product&#8221;]<span data-sheets-root=\"1\">O Foxy Cotton \u00e9 um papel higi\u00e9nico \u00fanico: com as suas 5 camadas, uma folha pode ser suficiente!<\/span>[\/vc_column_text][vc_column_text]<span data-sheets-root=\"1\">O incr\u00edvel rendimento do Foxy Cotton, combinado com o maior tamanho das suas folhas, permite que se use apenas uma folha de cada vez<\/span>[\/vc_column_text][\/vc_column][\/vc_row][vc_row][vc_column width=&#8221;5\/6&#8243; offset=&#8221;vc_col-lg-offset-1 vc_col-lg-10 vc_col-md-offset-1 vc_col-md-10&#8243; el_class=&#8221;plus_product&#8221;][vc_row_inner equal_height=&#8221;yes&#8221; content_placement=&#8221;top&#8221; el_class=&#8221;caratteristiche_prodotto_slide_mobile owl-carousel owl-theme&#8221;][vc_column_inner width=&#8221;1\/3&#8243;][vc_single_image image=&#8221;27261&#8243; img_size=&#8221;full&#8221; alignment=&#8221;center&#8221;][vc_column_text el_class=&#8221;plus_product_title&#8221;]<span data-sheets-root=\"1\">5 capas<\/span>[\/vc_column_text][vc_column_text el_class=&#8221;plus_product_desc&#8221;]<span data-sheets-root=\"1\">As suas 5 camadas permitem que a absor\u00e7\u00e3o, resist\u00eancia e suavidade se combinem na perfei\u00e7\u00e3o<\/span>[\/vc_column_text][\/vc_column_inner][vc_column_inner width=&#8221;1\/3&#8243;][vc_single_image image=&#8221;27262&#8243; img_size=&#8221;full&#8221; alignment=&#8221;center&#8221;][vc_column_text el_class=&#8221;plus_product_title&#8221;]<span data-sheets-root=\"1\">Fibras de algod\u00e3o<\/span>[\/vc_column_text][vc_column_text el_class=&#8221;plus_product_desc&#8221;]<span data-sheets-root=\"1\">Foram adicionadas fibras de algod\u00e3o reais ao papel para darem ao toque uma sensa\u00e7\u00e3o \u00fanica de suavidade.<\/span>[\/vc_column_text][\/vc_column_inner][vc_column_inner width=&#8221;1\/3&#8243;][vc_single_image image=&#8221;27263&#8243; img_size=&#8221;full&#8221; alignment=&#8221;center&#8221;][vc_column_text el_class=&#8221;plus_product_title&#8221;]<span data-sheets-root=\"1\">Folhas grandes<\/span>[\/vc_column_text][vc_column_text el_class=&#8221;plus_product_desc&#8221;]<span data-sheets-root=\"1\">Cada folha \u00e9 aproximadamente 30% maior do que um papel higi\u00e9nico standard.<\/span>[\/vc_column_text][\/vc_column_inner][\/vc_row_inner][\/vc_column][\/vc_row][vc_row disable_element=&#8221;yes&#8221; el_class=&#8221;decori&#8221;][vc_column width=&#8221;1\/2&#8243;][vc_single_image image=&#8221;27253&#8243; img_size=&#8221;full&#8221; alignment=&#8221;center&#8221;][\/vc_column][vc_column width=&#8221;1\/2&#8243; el_class=&#8221;decoro_dx&#8221;][vc_single_image image=&#8221;27254&#8243; img_size=&#8221;full&#8221;][\/vc_column][\/vc_row][vc_row full_width=&#8221;stretch_row&#8221; el_class=&#8221;decorazioni_singola&#8221;][vc_column][vc_row_inner equal_height=&#8221;yes&#8221; content_placement=&#8221;middle&#8221;][vc_column_inner width=&#8221;5\/12&#8243; offset=&#8221;vc_col-lg-offset-1 vc_col-lg-3 vc_col-md-offset-1 vc_col-md-3&#8243;][vc_column_text el_class=&#8221;title_decorazione&#8221;]<span data-sheets-root=\"1\">Textura bordada<\/span>[\/vc_column_text][vc_column_text el_class=&#8221;desc_decorazione&#8221;]<span data-sheets-root=\"1\">A gofragem centrada na folha sublinha que j\u00e1 n\u00e3o \u00e9 necess\u00e1rio &#8220;dobrar&#8221; o papel: uma folha pode ser suficiente, pelo menos na maioria dos usos.<\/span>[\/vc_column_text][\/vc_column_inner][vc_column_inner width=&#8221;7\/12&#8243;][vc_single_image image=&#8221;27273&#8243; img_size=&#8221;full&#8221; alignment=&#8221;center&#8221;][\/vc_column_inner][\/vc_row_inner][\/vc_column][\/vc_row]<\/p>\n","protected":false},"featured_media":27281,"template":"","categories":[165],"yoast_head":"<!-- This site is optimized with the Yoast SEO plugin v19.14 - https:\/\/yoast.com\/wordpress\/plugins\/seo\/ -->\n<title>Foxy Algod\u00e3o - Foxy<\/title>\n<meta name=\"robots\" content=\"index, follow, max-snippet:-1, max-image-preview:large, max-video-preview:-1\" \/>\n<link rel=\"canonical\" href=\"https:\/\/www.foxy.eu\/pt\/prodotti\/foxy-algodao\/\" \/>\n<meta property=\"og:locale\" content=\"pt_PT\" \/>\n<meta property=\"og:type\" content=\"article\" \/>\n<meta property=\"og:title\" content=\"Foxy Algod\u00e3o - Foxy\" \/>\n<meta property=\"og:description\" content=\"[vc_row el_class=&#8221;caratteristiche_content&#8221;][vc_column width=&#8221;1\/2&#8243; offset=&#8221;vc_col-lg-offset-3 vc_col-lg-6 vc_col-md-offset-3 vc_col-md-6&#8243;][vc_column_text el_class=&#8221;subtitle_product&#8221;]O Foxy Cotton \u00e9 um papel higi\u00e9nico \u00fanico: com as suas 5 camadas, uma folha pode ser suficiente![\/vc_column_text][vc_column_text]O incr\u00edvel rendimento do Foxy Cotton,...\" \/>\n<meta property=\"og:url\" content=\"https:\/\/www.foxy.eu\/pt\/prodotti\/foxy-algodao\/\" \/>\n<meta property=\"og:site_name\" content=\"Foxy\" \/>\n<meta property=\"article:publisher\" content=\"https:\/\/www.facebook.com\/Foxy.Italia\" \/>\n<meta property=\"article:modified_time\" content=\"2026-04-02T08:22:26+00:00\" \/>\n<meta property=\"og:image\" content=\"https:\/\/www.foxy.eu\/wp-content\/uploads\/2020\/08\/cotton_cartaigienica_hero-1-1.png\" \/>\n\t<meta property=\"og:image:width\" content=\"960\" \/>\n\t<meta property=\"og:image:height\" content=\"706\" \/>\n\t<meta property=\"og:image:type\" content=\"image\/png\" \/>\n<meta name=\"twitter:card\" content=\"summary_large_image\" \/>\n<meta name=\"twitter:label1\" content=\"Est. reading time\" \/>\n\t<meta name=\"twitter:data1\" content=\"2 minutos\" \/>\n<script type=\"application\/ld+json\" class=\"yoast-schema-graph\">{\"@context\":\"https:\/\/schema.org\",\"@graph\":[{\"@type\":\"WebPage\",\"@id\":\"https:\/\/www.foxy.eu\/pt\/prodotti\/foxy-algodao\/\",\"url\":\"https:\/\/www.foxy.eu\/pt\/prodotti\/foxy-algodao\/\",\"name\":\"Foxy Algod\u00e3o - Foxy\",\"isPartOf\":{\"@id\":\"https:\/\/www.foxy.eu\/#website\"},\"datePublished\":\"2025-12-10T15:28:38+00:00\",\"dateModified\":\"2026-04-02T08:22:26+00:00\",\"breadcrumb\":{\"@id\":\"https:\/\/www.foxy.eu\/pt\/prodotti\/foxy-algodao\/#breadcrumb\"},\"inLanguage\":\"pt-PT\",\"potentialAction\":[{\"@type\":\"ReadAction\",\"target\":[\"https:\/\/www.foxy.eu\/pt\/prodotti\/foxy-algodao\/\"]}]},{\"@type\":\"BreadcrumbList\",\"@id\":\"https:\/\/www.foxy.eu\/pt\/prodotti\/foxy-algodao\/#breadcrumb\",\"itemListElement\":[{\"@type\":\"ListItem\",\"position\":1,\"name\":\"Home\",\"item\":\"https:\/\/www.foxy.eu\/pt\/\"},{\"@type\":\"ListItem\",\"position\":2,\"name\":\"Foxy Algod\u00e3o\"}]},{\"@type\":\"WebSite\",\"@id\":\"https:\/\/www.foxy.eu\/#website\",\"url\":\"https:\/\/www.foxy.eu\/\",\"name\":\"Foxy\",\"description\":\"Un nuovo sito targato WordPress\",\"publisher\":{\"@id\":\"https:\/\/www.foxy.eu\/#organization\"},\"alternateName\":\"Scopri tutta la gamma di prodotti e iniziative Foxy. Abbiamo pensato a un mondo su misura per te.\",\"potentialAction\":[{\"@type\":\"SearchAction\",\"target\":{\"@type\":\"EntryPoint\",\"urlTemplate\":\"https:\/\/www.foxy.eu\/?s={search_term_string}\"},\"query-input\":\"required name=search_term_string\"}],\"inLanguage\":\"pt-PT\"},{\"@type\":\"Organization\",\"@id\":\"https:\/\/www.foxy.eu\/#organization\",\"name\":\"Foxy | Sempre vicina a te!\",\"alternateName\":\"Scopri tutta la gamma di prodotti e iniziative Foxy. Abbiamo pensato a un mondo su misura per te.\",\"url\":\"https:\/\/www.foxy.eu\/\",\"logo\":{\"@type\":\"ImageObject\",\"inLanguage\":\"pt-PT\",\"@id\":\"https:\/\/www.foxy.eu\/#\/schema\/logo\/image\/\",\"url\":\"https:\/\/enkaz3824io.exactdn.com\/wp-content\/uploads\/2020\/07\/hp_big_logo@2x.png?strip=all&lossy=1&ssl=1\",\"contentUrl\":\"https:\/\/enkaz3824io.exactdn.com\/wp-content\/uploads\/2020\/07\/hp_big_logo@2x.png?strip=all&lossy=1&ssl=1\",\"width\":518,\"height\":366,\"caption\":\"Foxy | Sempre vicina a te!\"},\"image\":{\"@id\":\"https:\/\/www.foxy.eu\/#\/schema\/logo\/image\/\"},\"sameAs\":[\"https:\/\/www.instagram.com\/foxy\/\",\"https:\/\/www.youtube.com\/channel\/UCpCfvrNg7u0O0jSeH9B9ygA\",\"https:\/\/www.facebook.com\/Foxy.Italia\"]}]}<\/script>\n<!-- \/ Yoast SEO plugin. -->","yoast_head_json":{"title":"Foxy Algod\u00e3o - Foxy","robots":{"index":"index","follow":"follow","max-snippet":"max-snippet:-1","max-image-preview":"max-image-preview:large","max-video-preview":"max-video-preview:-1"},"canonical":"https:\/\/www.foxy.eu\/pt\/prodotti\/foxy-algodao\/","og_locale":"pt_PT","og_type":"article","og_title":"Foxy Algod\u00e3o - Foxy","og_description":"[vc_row el_class=&#8221;caratteristiche_content&#8221;][vc_column width=&#8221;1\/2&#8243; offset=&#8221;vc_col-lg-offset-3 vc_col-lg-6 vc_col-md-offset-3 vc_col-md-6&#8243;][vc_column_text el_class=&#8221;subtitle_product&#8221;]O Foxy Cotton \u00e9 um papel higi\u00e9nico \u00fanico: com as suas 5 camadas, uma folha pode ser suficiente![\/vc_column_text][vc_column_text]O incr\u00edvel rendimento do Foxy Cotton,...","og_url":"https:\/\/www.foxy.eu\/pt\/prodotti\/foxy-algodao\/","og_site_name":"Foxy","article_publisher":"https:\/\/www.facebook.com\/Foxy.Italia","article_modified_time":"2026-04-02T08:22:26+00:00","og_image":[{"width":960,"height":706,"url":"https:\/\/www.foxy.eu\/wp-content\/uploads\/2020\/08\/cotton_cartaigienica_hero-1-1.png","type":"image\/png"}],"twitter_card":"summary_large_image","twitter_misc":{"Est. reading time":"2 minutos"},"schema":{"@context":"https:\/\/schema.org","@graph":[{"@type":"WebPage","@id":"https:\/\/www.foxy.eu\/pt\/prodotti\/foxy-algodao\/","url":"https:\/\/www.foxy.eu\/pt\/prodotti\/foxy-algodao\/","name":"Foxy Algod\u00e3o - Foxy","isPartOf":{"@id":"https:\/\/www.foxy.eu\/#website"},"datePublished":"2025-12-10T15:28:38+00:00","dateModified":"2026-04-02T08:22:26+00:00","breadcrumb":{"@id":"https:\/\/www.foxy.eu\/pt\/prodotti\/foxy-algodao\/#breadcrumb"},"inLanguage":"pt-PT","potentialAction":[{"@type":"ReadAction","target":["https:\/\/www.foxy.eu\/pt\/prodotti\/foxy-algodao\/"]}]},{"@type":"BreadcrumbList","@id":"https:\/\/www.foxy.eu\/pt\/prodotti\/foxy-algodao\/#breadcrumb","itemListElement":[{"@type":"ListItem","position":1,"name":"Home","item":"https:\/\/www.foxy.eu\/pt\/"},{"@type":"ListItem","position":2,"name":"Foxy Algod\u00e3o"}]},{"@type":"WebSite","@id":"https:\/\/www.foxy.eu\/#website","url":"https:\/\/www.foxy.eu\/","name":"Foxy","description":"Un nuovo sito targato WordPress","publisher":{"@id":"https:\/\/www.foxy.eu\/#organization"},"alternateName":"Scopri tutta la gamma di prodotti e iniziative Foxy. Abbiamo pensato a un mondo su misura per te.","potentialAction":[{"@type":"SearchAction","target":{"@type":"EntryPoint","urlTemplate":"https:\/\/www.foxy.eu\/?s={search_term_string}"},"query-input":"required name=search_term_string"}],"inLanguage":"pt-PT"},{"@type":"Organization","@id":"https:\/\/www.foxy.eu\/#organization","name":"Foxy | Sempre vicina a te!","alternateName":"Scopri tutta la gamma di prodotti e iniziative Foxy. Abbiamo pensato a un mondo su misura per te.","url":"https:\/\/www.foxy.eu\/","logo":{"@type":"ImageObject","inLanguage":"pt-PT","@id":"https:\/\/www.foxy.eu\/#\/schema\/logo\/image\/","url":"https:\/\/enkaz3824io.exactdn.com\/wp-content\/uploads\/2020\/07\/hp_big_logo@2x.png?strip=all&lossy=1&ssl=1","contentUrl":"https:\/\/enkaz3824io.exactdn.com\/wp-content\/uploads\/2020\/07\/hp_big_logo@2x.png?strip=all&lossy=1&ssl=1","width":518,"height":366,"caption":"Foxy | Sempre vicina a te!"},"image":{"@id":"https:\/\/www.foxy.eu\/#\/schema\/logo\/image\/"},"sameAs":["https:\/\/www.instagram.com\/foxy\/","https:\/\/www.youtube.com\/channel\/UCpCfvrNg7u0O0jSeH9B9ygA","https:\/\/www.facebook.com\/Foxy.Italia"]}]}},"_links":{"self":[{"href":"https:\/\/www.foxy.eu\/pt\/wp-json\/wp\/v2\/product\/27247"}],"collection":[{"href":"https:\/\/www.foxy.eu\/pt\/wp-json\/wp\/v2\/product"}],"about":[{"href":"https:\/\/www.foxy.eu\/pt\/wp-json\/wp\/v2\/types\/product"}],"version-history":[{"count":9,"href":"https:\/\/www.foxy.eu\/pt\/wp-json\/wp\/v2\/product\/27247\/revisions"}],"predecessor-version":[{"id":29277,"href":"https:\/\/www.foxy.eu\/pt\/wp-json\/wp\/v2\/product\/27247\/revisions\/29277"}],"wp:featuredmedia":[{"embeddable":true,"href":"https:\/\/www.foxy.eu\/pt\/wp-json\/wp\/v2\/media\/27281"}],"wp:attachment":[{"href":"https:\/\/www.foxy.eu\/pt\/wp-json\/wp\/v2\/media?parent=27247"}],"wp:term":[{"taxonomy":"category","embeddable":true,"href":"https:\/\/www.foxy.eu\/pt\/wp-json\/wp\/v2\/categories?post=27247"}],"curies":[{"name":"wp","href":"https:\/\/api.w.org\/{rel}","templated":true}]}}