
{"id":29494,"date":"2026-04-13T10:59:52","date_gmt":"2026-04-13T08:59:52","guid":{"rendered":"https:\/\/www.foxy.eu\/?page_id=29494"},"modified":"2026-04-13T10:59:53","modified_gmt":"2026-04-13T08:59:53","slug":"faciais","status":"publish","type":"page","link":"https:\/\/www.foxy.eu\/pt\/nossos-produtos\/faciais\/","title":{"rendered":"Faciais"},"content":{"rendered":"<p>[vc_row el_class=&#8221;faq_category&#8221;][vc_column width=&#8221;2\/12&#8243;][vc_single_image image=&#8221;29497&#8243; img_size=&#8221;full&#8221; alignment=&#8221;center&#8221;][\/vc_column][vc_column width=&#8221;10\/12&#8243;][vc_column_text el_class=&#8221;title_faq_category&#8221;]Posso usar os faciais em vez de papel higi\u00e9nico?[\/vc_column_text][vc_column_text el_class=&#8221;desc_faq_category&#8221;]<span style=\"font-weight: 400;\">N\u00e3o \u00e9 nada recomend\u00e1vel que se deitem os faciais na sanita.<\/span><span style=\"font-weight: 400;\"> S\u00f3 se pode deitar na sanita o papel higi\u00e9nico, que foi concebido e testado para se dissolver rapidamente em contacto com a \u00e1gua, evitando entupimentos e obstru\u00e7\u00f5es. <\/span>[\/vc_column_text][vc_row_inner equal_height=&#8221;yes&#8221; content_placement=&#8221;middle&#8221; el_class=&#8221;bottom_faq_category&#8221;][vc_column_inner offset=&#8221;vc_col-lg-7 vc_col-md-7 vc_col-xs-12&#8243;][vc_column_text el_class=&#8221;question_faq_category&#8221;]Quer saber mais sobre os tratamentos faciais da Foxy?[\/vc_column_text][\/vc_column_inner][vc_column_inner offset=&#8221;vc_col-lg-5 vc_col-md-5 vc_col-xs-12&#8243;]<div class=\" ubtn-ctn-left btn-freccia freccia-blu btn-white\"><a class=\"ubtn-link ult-adjust-bottom-margin ubtn-left ubtn-normal btn-freccia freccia-blu btn-white\" href=\"https:\/\/www.foxy.eu\/pt\/widget-faq-faciais\/\" title=\"Perguntas frequentes\" ><button type=\"button\" id=\"ubtn-7134\"  class=\"ubtn ult-adjust-bottom-margin ult-responsive ubtn-normal ubtn-no-hover-bg  none  ubtn-left   tooltip-69e00f05dd697\"  data-hover=\"\" data-border-color=\"\" data-bg=\"\" data-hover-bg=\"\" data-border-hover=\"\" data-shadow-hover=\"\" data-shadow-click=\"none\" data-shadow=\"\" data-shd-shadow=\"\"  data-ultimate-target='#ubtn-7134'  data-responsive-json-new='{\"font-size\":\"\",\"line-height\":\"\"}'  style=\"font-weight:normal;border:none;\"><span class=\"ubtn-hover\" style=\"background-color:\"><\/span><span class=\"ubtn-data ubtn-text \" >Aqui est\u00e3o todas as respostas<\/span><\/button><\/a><\/div>[\/vc_column_inner][\/vc_row_inner][\/vc_column][\/vc_row]<\/p>\n","protected":false},"excerpt":{"rendered":"<p>[vc_row el_class=&#8221;faq_category&#8221;][vc_column width=&#8221;2\/12&#8243;][vc_single_image image=&#8221;29497&#8243; img_size=&#8221;full&#8221; alignment=&#8221;center&#8221;][\/vc_column][vc_column width=&#8221;10\/12&#8243;][vc_column_text el_class=&#8221;title_faq_category&#8221;]Posso usar os faciais em vez de papel higi\u00e9nico?[\/vc_column_text][vc_column_text el_class=&#8221;desc_faq_category&#8221;]N\u00e3o \u00e9 nada recomend\u00e1vel que se deitem os faciais na sanita. S\u00f3 se pode&#8230;<\/p>\n","protected":false},"author":1,"featured_media":0,"parent":27302,"menu_order":0,"comment_status":"closed","ping_status":"closed","template":"template-category.php","meta":[],"categories":[167],"tags":[],"yoast_head":"<!-- This site is optimized with the Yoast SEO plugin v19.14 - https:\/\/yoast.com\/wordpress\/plugins\/seo\/ -->\n<title>Faciais - Foxy<\/title>\n<meta name=\"robots\" content=\"index, follow, max-snippet:-1, max-image-preview:large, max-video-preview:-1\" \/>\n<link rel=\"canonical\" href=\"https:\/\/www.foxy.eu\/pt\/nossos-produtos\/faciais\/\" \/>\n<meta property=\"og:locale\" content=\"pt_PT\" \/>\n<meta property=\"og:type\" content=\"article\" \/>\n<meta property=\"og:title\" content=\"Faciais - Foxy\" \/>\n<meta property=\"og:description\" content=\"[vc_row el_class=&#8221;faq_category&#8221;][vc_column width=&#8221;2\/12&#8243;][vc_single_image image=&#8221;29497&#8243; img_size=&#8221;full&#8221; alignment=&#8221;center&#8221;][\/vc_column][vc_column width=&#8221;10\/12&#8243;][vc_column_text el_class=&#8221;title_faq_category&#8221;]Posso usar os faciais em vez de papel higi\u00e9nico?[\/vc_column_text][vc_column_text el_class=&#8221;desc_faq_category&#8221;]N\u00e3o \u00e9 nada recomend\u00e1vel que se deitem os faciais na sanita. S\u00f3 se pode...\" \/>\n<meta property=\"og:url\" content=\"https:\/\/www.foxy.eu\/pt\/nossos-produtos\/faciais\/\" \/>\n<meta property=\"og:site_name\" content=\"Foxy\" \/>\n<meta property=\"article:publisher\" content=\"https:\/\/www.facebook.com\/Foxy.Italia\" \/>\n<meta property=\"article:modified_time\" content=\"2026-04-13T08:59:53+00:00\" \/>\n<meta name=\"twitter:card\" content=\"summary_large_image\" \/>\n<meta name=\"twitter:label1\" content=\"Est. reading time\" \/>\n\t<meta name=\"twitter:data1\" content=\"1 minuto\" \/>\n<script type=\"application\/ld+json\" class=\"yoast-schema-graph\">{\"@context\":\"https:\/\/schema.org\",\"@graph\":[{\"@type\":\"WebPage\",\"@id\":\"https:\/\/www.foxy.eu\/pt\/nossos-produtos\/faciais\/\",\"url\":\"https:\/\/www.foxy.eu\/pt\/nossos-produtos\/faciais\/\",\"name\":\"Faciais - Foxy\",\"isPartOf\":{\"@id\":\"https:\/\/www.foxy.eu\/#website\"},\"datePublished\":\"2026-04-13T08:59:52+00:00\",\"dateModified\":\"2026-04-13T08:59:53+00:00\",\"breadcrumb\":{\"@id\":\"https:\/\/www.foxy.eu\/pt\/nossos-produtos\/faciais\/#breadcrumb\"},\"inLanguage\":\"pt-PT\",\"potentialAction\":[{\"@type\":\"ReadAction\",\"target\":[\"https:\/\/www.foxy.eu\/pt\/nossos-produtos\/faciais\/\"]}]},{\"@type\":\"BreadcrumbList\",\"@id\":\"https:\/\/www.foxy.eu\/pt\/nossos-produtos\/faciais\/#breadcrumb\",\"itemListElement\":[{\"@type\":\"ListItem\",\"position\":1,\"name\":\"Home\",\"item\":\"https:\/\/www.foxy.eu\/pt\/\"},{\"@type\":\"ListItem\",\"position\":2,\"name\":\"Nossos produtos\",\"item\":\"https:\/\/www.foxy.eu\/pt\/nossos-produtos\/\"},{\"@type\":\"ListItem\",\"position\":3,\"name\":\"Faciais\"}]},{\"@type\":\"WebSite\",\"@id\":\"https:\/\/www.foxy.eu\/#website\",\"url\":\"https:\/\/www.foxy.eu\/\",\"name\":\"Foxy\",\"description\":\"Un nuovo sito targato WordPress\",\"publisher\":{\"@id\":\"https:\/\/www.foxy.eu\/#organization\"},\"alternateName\":\"Scopri tutta la gamma di prodotti e iniziative Foxy. Abbiamo pensato a un mondo su misura per te.\",\"potentialAction\":[{\"@type\":\"SearchAction\",\"target\":{\"@type\":\"EntryPoint\",\"urlTemplate\":\"https:\/\/www.foxy.eu\/?s={search_term_string}\"},\"query-input\":\"required name=search_term_string\"}],\"inLanguage\":\"pt-PT\"},{\"@type\":\"Organization\",\"@id\":\"https:\/\/www.foxy.eu\/#organization\",\"name\":\"Foxy | Sempre vicina a te!\",\"alternateName\":\"Scopri tutta la gamma di prodotti e iniziative Foxy. Abbiamo pensato a un mondo su misura per te.\",\"url\":\"https:\/\/www.foxy.eu\/\",\"logo\":{\"@type\":\"ImageObject\",\"inLanguage\":\"pt-PT\",\"@id\":\"https:\/\/www.foxy.eu\/#\/schema\/logo\/image\/\",\"url\":\"https:\/\/enkaz3824io.exactdn.com\/wp-content\/uploads\/2020\/07\/hp_big_logo@2x.png?strip=all&lossy=1&ssl=1\",\"contentUrl\":\"https:\/\/enkaz3824io.exactdn.com\/wp-content\/uploads\/2020\/07\/hp_big_logo@2x.png?strip=all&lossy=1&ssl=1\",\"width\":518,\"height\":366,\"caption\":\"Foxy | Sempre vicina a te!\"},\"image\":{\"@id\":\"https:\/\/www.foxy.eu\/#\/schema\/logo\/image\/\"},\"sameAs\":[\"https:\/\/www.instagram.com\/foxy\/\",\"https:\/\/www.youtube.com\/channel\/UCpCfvrNg7u0O0jSeH9B9ygA\",\"https:\/\/www.facebook.com\/Foxy.Italia\"]}]}<\/script>\n<!-- \/ Yoast SEO plugin. -->","yoast_head_json":{"title":"Faciais - Foxy","robots":{"index":"index","follow":"follow","max-snippet":"max-snippet:-1","max-image-preview":"max-image-preview:large","max-video-preview":"max-video-preview:-1"},"canonical":"https:\/\/www.foxy.eu\/pt\/nossos-produtos\/faciais\/","og_locale":"pt_PT","og_type":"article","og_title":"Faciais - Foxy","og_description":"[vc_row el_class=&#8221;faq_category&#8221;][vc_column width=&#8221;2\/12&#8243;][vc_single_image image=&#8221;29497&#8243; img_size=&#8221;full&#8221; alignment=&#8221;center&#8221;][\/vc_column][vc_column width=&#8221;10\/12&#8243;][vc_column_text el_class=&#8221;title_faq_category&#8221;]Posso usar os faciais em vez de papel higi\u00e9nico?[\/vc_column_text][vc_column_text el_class=&#8221;desc_faq_category&#8221;]N\u00e3o \u00e9 nada recomend\u00e1vel que se deitem os faciais na sanita. S\u00f3 se pode...","og_url":"https:\/\/www.foxy.eu\/pt\/nossos-produtos\/faciais\/","og_site_name":"Foxy","article_publisher":"https:\/\/www.facebook.com\/Foxy.Italia","article_modified_time":"2026-04-13T08:59:53+00:00","twitter_card":"summary_large_image","twitter_misc":{"Est. reading time":"1 minuto"},"schema":{"@context":"https:\/\/schema.org","@graph":[{"@type":"WebPage","@id":"https:\/\/www.foxy.eu\/pt\/nossos-produtos\/faciais\/","url":"https:\/\/www.foxy.eu\/pt\/nossos-produtos\/faciais\/","name":"Faciais - Foxy","isPartOf":{"@id":"https:\/\/www.foxy.eu\/#website"},"datePublished":"2026-04-13T08:59:52+00:00","dateModified":"2026-04-13T08:59:53+00:00","breadcrumb":{"@id":"https:\/\/www.foxy.eu\/pt\/nossos-produtos\/faciais\/#breadcrumb"},"inLanguage":"pt-PT","potentialAction":[{"@type":"ReadAction","target":["https:\/\/www.foxy.eu\/pt\/nossos-produtos\/faciais\/"]}]},{"@type":"BreadcrumbList","@id":"https:\/\/www.foxy.eu\/pt\/nossos-produtos\/faciais\/#breadcrumb","itemListElement":[{"@type":"ListItem","position":1,"name":"Home","item":"https:\/\/www.foxy.eu\/pt\/"},{"@type":"ListItem","position":2,"name":"Nossos produtos","item":"https:\/\/www.foxy.eu\/pt\/nossos-produtos\/"},{"@type":"ListItem","position":3,"name":"Faciais"}]},{"@type":"WebSite","@id":"https:\/\/www.foxy.eu\/#website","url":"https:\/\/www.foxy.eu\/","name":"Foxy","description":"Un nuovo sito targato WordPress","publisher":{"@id":"https:\/\/www.foxy.eu\/#organization"},"alternateName":"Scopri tutta la gamma di prodotti e iniziative Foxy. Abbiamo pensato a un mondo su misura per te.","potentialAction":[{"@type":"SearchAction","target":{"@type":"EntryPoint","urlTemplate":"https:\/\/www.foxy.eu\/?s={search_term_string}"},"query-input":"required name=search_term_string"}],"inLanguage":"pt-PT"},{"@type":"Organization","@id":"https:\/\/www.foxy.eu\/#organization","name":"Foxy | Sempre vicina a te!","alternateName":"Scopri tutta la gamma di prodotti e iniziative Foxy. Abbiamo pensato a un mondo su misura per te.","url":"https:\/\/www.foxy.eu\/","logo":{"@type":"ImageObject","inLanguage":"pt-PT","@id":"https:\/\/www.foxy.eu\/#\/schema\/logo\/image\/","url":"https:\/\/enkaz3824io.exactdn.com\/wp-content\/uploads\/2020\/07\/hp_big_logo@2x.png?strip=all&lossy=1&ssl=1","contentUrl":"https:\/\/enkaz3824io.exactdn.com\/wp-content\/uploads\/2020\/07\/hp_big_logo@2x.png?strip=all&lossy=1&ssl=1","width":518,"height":366,"caption":"Foxy | Sempre vicina a te!"},"image":{"@id":"https:\/\/www.foxy.eu\/#\/schema\/logo\/image\/"},"sameAs":["https:\/\/www.instagram.com\/foxy\/","https:\/\/www.youtube.com\/channel\/UCpCfvrNg7u0O0jSeH9B9ygA","https:\/\/www.facebook.com\/Foxy.Italia"]}]}},"_links":{"self":[{"href":"https:\/\/www.foxy.eu\/pt\/wp-json\/wp\/v2\/pages\/29494"}],"collection":[{"href":"https:\/\/www.foxy.eu\/pt\/wp-json\/wp\/v2\/pages"}],"about":[{"href":"https:\/\/www.foxy.eu\/pt\/wp-json\/wp\/v2\/types\/page"}],"author":[{"embeddable":true,"href":"https:\/\/www.foxy.eu\/pt\/wp-json\/wp\/v2\/users\/1"}],"replies":[{"embeddable":true,"href":"https:\/\/www.foxy.eu\/pt\/wp-json\/wp\/v2\/comments?post=29494"}],"version-history":[{"count":3,"href":"https:\/\/www.foxy.eu\/pt\/wp-json\/wp\/v2\/pages\/29494\/revisions"}],"predecessor-version":[{"id":29499,"href":"https:\/\/www.foxy.eu\/pt\/wp-json\/wp\/v2\/pages\/29494\/revisions\/29499"}],"up":[{"embeddable":true,"href":"https:\/\/www.foxy.eu\/pt\/wp-json\/wp\/v2\/pages\/27302"}],"wp:attachment":[{"href":"https:\/\/www.foxy.eu\/pt\/wp-json\/wp\/v2\/media?parent=29494"}],"wp:term":[{"taxonomy":"category","embeddable":true,"href":"https:\/\/www.foxy.eu\/pt\/wp-json\/wp\/v2\/categories?post=29494"},{"taxonomy":"post_tag","embeddable":true,"href":"https:\/\/www.foxy.eu\/pt\/wp-json\/wp\/v2\/tags?post=29494"}],"curies":[{"name":"wp","href":"https:\/\/api.w.org\/{rel}","templated":true}]}}