
{"id":28911,"date":"2025-12-23T11:10:01","date_gmt":"2025-12-23T10:10:01","guid":{"rendered":"https:\/\/www.foxy.eu\/?page_id=28911"},"modified":"2026-04-09T14:26:44","modified_gmt":"2026-04-09T12:26:44","slug":"contacto","status":"publish","type":"page","link":"https:\/\/www.foxy.eu\/pt\/contacto\/","title":{"rendered":"Contacto"},"content":{"rendered":"<p>[vc_row][vc_column offset=&#8221;vc_col-lg-offset-2 vc_col-lg-8 vc_col-md-offset-1 vc_col-md-9&#8243; el_class=&#8221;form-contatti&#8221;][vc_column_text el_class=&#8221;text-center&#8221;]<\/p>\n<h2><span data-sheets-root=\"1\">Envie o seu pedido<\/span><\/h2>\n<p>[\/vc_column_text]<div class=\"wpcf7 no-js\" id=\"wpcf7-f28920-o1\" lang=\"it-IT\" dir=\"ltr\">\n<div class=\"screen-reader-response\"><p role=\"status\" aria-live=\"polite\" aria-atomic=\"true\"><\/p> <ul><\/ul><\/div>\n<form action=\"\/pt\/wp-json\/wp\/v2\/pages\/28911#wpcf7-f28920-o1\" method=\"post\" class=\"wpcf7-form init\" aria-label=\"Modulo di contatto\" novalidate=\"novalidate\" data-status=\"init\">\n<div style=\"display: none;\">\n<input type=\"hidden\" name=\"_wpcf7\" value=\"28920\" \/>\n<input type=\"hidden\" name=\"_wpcf7_version\" value=\"5.7.2\" \/>\n<input type=\"hidden\" name=\"_wpcf7_locale\" value=\"it_IT\" \/>\n<input type=\"hidden\" name=\"_wpcf7_unit_tag\" value=\"wpcf7-f28920-o1\" \/>\n<input type=\"hidden\" name=\"_wpcf7_container_post\" value=\"0\" \/>\n<input type=\"hidden\" name=\"_wpcf7_posted_data_hash\" value=\"\" \/>\n<input type=\"hidden\" name=\"_wpcf7_recaptcha_response\" value=\"\" \/>\n<\/div>\n<div class=\"vc_row wpb_row vc_row-fluid\">\n\t<div class=\"wpb_column vc_column_container vc_col-sm-6\">\n\t\t<div class=\"vc_column-inner\">\n\t\t\t<div class=\"wpb_wrapper\">\n\t\t\t\t<div class=\"wpb_text_column wpb_content_element \">\n\t\t\t\t\t<div class=\"wpb_wrapper\">\n\t\t\t\t\t\t<p><label> Nome<br \/>\n<span class=\"wpcf7-form-control-wrap\" data-name=\"your-nome\"><input size=\"40\" class=\"wpcf7-form-control wpcf7-text wpcf7-validates-as-required\" aria-required=\"true\" aria-invalid=\"false\" value=\"\" type=\"text\" name=\"your-nome\" \/><\/span> <\/label>\n\t\t\t\t\t\t<\/p>\n\t\t\t\t\t<\/div>\n\t\t\t\t<\/div>\n\t\t\t<\/div>\n\t\t<\/div>\n\t<\/div>\n\t<div class=\"wpb_column vc_column_container vc_col-sm-6\">\n\t\t<div class=\"vc_column-inner\">\n\t\t\t<div class=\"wpb_wrapper\">\n\t\t\t\t<div class=\"wpb_text_column wpb_content_element \">\n\t\t\t\t\t<div class=\"wpb_wrapper\">\n\t\t\t\t\t\t<p><label> Apelido<br \/>\n<span class=\"wpcf7-form-control-wrap\" data-name=\"your-cognome\"><input size=\"40\" class=\"wpcf7-form-control wpcf7-text wpcf7-validates-as-required\" aria-required=\"true\" aria-invalid=\"false\" value=\"\" type=\"text\" name=\"your-cognome\" \/><\/span> <\/label>\n\t\t\t\t\t\t<\/p>\n\t\t\t\t\t<\/div>\n\t\t\t\t<\/div>\n\t\t\t<\/div>\n\t\t<\/div>\n\t<\/div>\n<\/div>\n<div class=\"vc_row wpb_row vc_row-fluid\">\n\t<div class=\"wpb_column vc_column_container vc_col-sm-6\">\n\t\t<div class=\"vc_column-inner\">\n\t\t\t<div class=\"wpb_wrapper\">\n\t\t\t\t<div class=\"wpb_text_column wpb_content_element \">\n\t\t\t\t\t<div class=\"wpb_wrapper\">\n\t\t\t\t\t\t<p><label> Correio eletr\u00f3nico<br \/>\n<span class=\"wpcf7-form-control-wrap\" data-name=\"your-email\"><input size=\"40\" class=\"wpcf7-form-control wpcf7-text wpcf7-email wpcf7-validates-as-required wpcf7-validates-as-email\" aria-required=\"true\" aria-invalid=\"false\" value=\"\" type=\"email\" name=\"your-email\" \/><\/span> <\/label>\n\t\t\t\t\t\t<\/p>\n\t\t\t\t\t<\/div>\n\t\t\t\t<\/div>\n\t\t\t<\/div>\n\t\t<\/div>\n\t<\/div>\n\t<div class=\"wpb_column vc_column_container vc_col-sm-6\">\n\t\t<div class=\"vc_column-inner\">\n\t\t\t<div class=\"wpb_wrapper\">\n\t\t\t\t<div class=\"wpb_text_column wpb_content_element \">\n\t\t\t\t\t<div class=\"wpb_wrapper\">\n\t\t\t\t\t\t<p><label>Escolha um assunto<br \/>\n<span class=\"wpcf7-form-control-wrap\" data-name=\"your-argomento\"><select class=\"wpcf7-form-control wpcf7-select wpcf7-validates-as-required\" aria-required=\"true\" aria-invalid=\"false\" name=\"your-argomento\"><option value=\"\">&#8212;Seleziona un&#039;opzione&#8212;<\/option><option value=\"Informa\u00e7\u00f5es sobre o produto\">Informa\u00e7\u00f5es sobre o produto<\/option><option value=\"Onde comprar os produtos\">Onde comprar os produtos<\/option><option value=\"Informa\u00e7\u00f5es sobre as promo\u00e7\u00f5es\">Informa\u00e7\u00f5es sobre as promo\u00e7\u00f5es<\/option><option value=\"Coment\u00e1rios na p\u00e1gina\">Coment\u00e1rios na p\u00e1gina<\/option><option value=\"Outros\">Outros<\/option><\/select><\/span><\/label>\n\t\t\t\t\t\t<\/p>\n\t\t\t\t\t<\/div>\n\t\t\t\t<\/div>\n\t\t\t<\/div>\n\t\t<\/div>\n\t<\/div>\n<\/div>\n<div class=\"vc_row wpb_row vc_row-fluid\">\n\t<div class=\"wpb_column vc_column_container vc_col-sm-12\">\n\t\t<div class=\"vc_column-inner\">\n\t\t\t<div class=\"wpb_wrapper\">\n\t\t\t\t<div class=\"wpb_text_column wpb_content_element \">\n\t\t\t\t\t<div class=\"wpb_wrapper\">\n\t\t\t\t\t\t<p><label> Escreva a sua mensagem<br \/>\n<span class=\"wpcf7-form-control-wrap\" data-name=\"your-messaggio\"><textarea cols=\"40\" rows=\"10\" class=\"wpcf7-form-control wpcf7-textarea\" aria-invalid=\"false\" name=\"your-messaggio\"><\/textarea><\/span> <\/label>\n\t\t\t\t\t\t<\/p>\n\t\t\t\t\t<\/div>\n\t\t\t\t<\/div>\n\t\t\t<\/div>\n\t\t<\/div>\n\t<\/div>\n<\/div>\n<div class=\"vc_row wpb_row vc_row-fluid\">\n\t<div class=\"wpb_column vc_column_container vc_col-sm-6\">\n\t\t<div class=\"vc_column-inner\">\n\t\t\t<div class=\"wpb_wrapper\">\n\t\t\t\t<div class=\"wpb_text_column wpb_content_element \">\n\t\t\t\t\t<div class=\"wpb_wrapper\">\n\t\t\t\t\t\t<p><label class=\"flag-privacy\"><span class=\"wpcf7-form-control-wrap\" data-name=\"acceptance-181\"><span class=\"wpcf7-form-control wpcf7-acceptance\"><span class=\"wpcf7-list-item\"><input type=\"checkbox\" name=\"acceptance-181\" value=\"1\" aria-invalid=\"false\" \/><\/span><\/span><\/span> Depois de ter lido as<a href=\"https:\/\/www.foxy.eu\/privacy-cookie-policy\/\">informa\u00e7\u00f5es,<\/a> autorizo o tratamento dos meus dados pessoais<\/label>\n\t\t\t\t\t\t<\/p>\n\t\t\t\t\t\t<div class=\"captcha\">\n\t\t\t\t\t\t\n\t\t\t\t\t\t<\/div>\n\t\t\t\t\t<\/div>\n\t\t\t\t<\/div>\n\t\t\t<\/div>\n\t\t<\/div>\n\t<\/div>\n\t<div class=\"wpb_column vc_column_container vc_col-sm-6\">\n\t\t<div class=\"vc_column-inner\">\n\t\t\t<div class=\"wpb_wrapper\">\n\t\t\t\t<div class=\"wpb_text_column wpb_content_element contenitore-cta-form\">\n\t\t\t\t\t<div class=\"wpb_wrapper\">\n\t\t\t\t\t\t<p><input class=\"wpcf7-form-control has-spinner wpcf7-submit\" type=\"submit\" value=\"Enviar pedido\" \/>\n\t\t\t\t\t\t<\/p>\n\t\t\t\t\t<\/div>\n\t\t\t\t<\/div>\n\t\t\t<\/div>\n\t\t<\/div>\n\t<\/div>\n<\/div><div class=\"wpcf7-response-output\" aria-hidden=\"true\"><\/div><\/form><\/div>[\/vc_column][\/vc_row][vc_row full_width=&#8221;stretch_row&#8221; el_class=&#8221;mtop80 riga-badge&#8221;][vc_column][vc_column_text el_class=&#8221;text-center&#8221;]<\/p>\n<h3><span data-sheets-root=\"1\">Necessita de mais informa\u00e7\u00f5es?<\/span><\/h3>\n<p>[\/vc_column_text][vc_row_inner][vc_column_inner el_class=&#8221;text-center mbot20&#8243; offset=&#8221;vc_col-lg-4 vc_col-md-4&#8243;][vc_column_text el_class=&#8221;mbot20&#8243;]<span data-sheets-root=\"1\">Escreva-nos por WhatsApp<\/span>[\/vc_column_text][vc_column_text]<a class=\"link-badge link-wa\" href=\"https:\/\/wa.me\/+393477802888\" target=\"_blank\" rel=\"noopener noreferrer\"><img decoding=\"async\" src=\"https:\/\/enkaz3824io.exactdn.com\/wp-content\/uploads\/2020\/10\/contatti_bt_whatsapp@2x.png?strip=all&lossy=1&w=1170&ssl=1\" alt=\"whatsapp\" \/> 347.7802888<\/a>[\/vc_column_text][\/vc_column_inner][vc_column_inner el_class=&#8221;text-center mbot20&#8243; offset=&#8221;vc_col-lg-4 vc_col-md-4&#8243;][vc_column_text el_class=&#8221;mbot20&#8243;]<span data-sheets-root=\"1\">Ligue para o servi\u00e7o ao cliente<\/span>[\/vc_column_text][vc_column_text]<a class=\"link-badge link-verde\" href=\"tel:800161122\"><span data-sheets-root=\"1\">N\u00famero gratuito<\/span> <span class=\"big\">800.161122<\/span><\/a><\/p>\n<p style=\"text-align: center; font-size: 13px;\"><a href=\"https:\/\/www.foxy.eu\/informativa-privacy\/\">Leggi informativa privacy<\/a><\/p>\n<p>[\/vc_column_text][\/vc_column_inner][vc_column_inner el_class=&#8221;text-center mbot20&#8243; offset=&#8221;vc_col-lg-4 vc_col-md-4&#8243;][vc_column_text el_class=&#8221;mbot20&#8243;]<span data-sheets-root=\"1\">D\u00favidas ou curiosidades sobre os produtos Foxy?<\/span>[\/vc_column_text][vc_column_text]<a class=\"link-badge link-faq\" href=\"https:\/\/www.foxy.eu\/domande-frequenti\/\"><img decoding=\"async\" src=\"https:\/\/enkaz3824io.exactdn.com\/wp-content\/uploads\/2020\/10\/contatti_bt_faq@2x.png?strip=all&lossy=1&w=1170&ssl=1\" alt=\"whatsapp\" \/><span data-sheets-root=\"1\">Consulte as Perguntas frequentes<\/span><\/a>[\/vc_column_text][\/vc_column_inner][\/vc_row_inner][\/vc_column][\/vc_row][vc_row full_width=&#8221;stretch_row&#8221; disable_element=&#8221;yes&#8221; el_class=&#8221;riga-badge-social&#8221;][vc_column][vc_column_text el_class=&#8221;text-center&#8221;]<\/p>\n<h3><span data-sheets-root=\"1\">Siga-nos nas nossas redes sociais<\/span><\/h3>\n<p>[\/vc_column_text][vc_row_inner][vc_column_inner el_class=&#8221;text-center&#8221; width=&#8221;1\/3&#8243;][vc_column_text]<a class=\"link-social\" href=\"https:\/\/www.facebook.com\/Foxy.Espana\/?fref=ts\" target=\"_blank\" rel=\"noopener noreferrer\"><img decoding=\"async\" src=\"https:\/\/enkaz3824io.exactdn.com\/wp-content\/uploads\/2020\/10\/contatti_prefooter_fb@2x.png?strip=all&lossy=1&w=1170&ssl=1\" alt=\"Facebook\" \/> <span class=\"label\"><strong>Facebook<\/strong>@Foxy<\/span><\/a>[\/vc_column_text][\/vc_column_inner][vc_column_inner el_class=&#8221;text-center&#8221; width=&#8221;1\/3&#8243;][vc_column_text]<a class=\"link-social\" href=\"https:\/\/www.instagram.com\/foxyespana\/\" target=\"_blank\" rel=\"noopener noreferrer\"><img decoding=\"async\" src=\"https:\/\/enkaz3824io.exactdn.com\/wp-content\/uploads\/2020\/10\/contatti_prefooter_ig@2x.png?strip=all&lossy=1&w=1170&ssl=1\" alt=\"Instagram\" \/> <span class=\"label\"><strong>Instagram<\/strong>@foxy<\/span><\/a>[\/vc_column_text][\/vc_column_inner][vc_column_inner el_class=&#8221;text-center&#8221; width=&#8221;1\/3&#8243;][vc_column_text]<a class=\"link-social\" href=\"https:\/\/www.youtube.com\/channel\/UCKI-6Osbx6x5OZn6uf7ct8A\" target=\"_blank\" rel=\"noopener noreferrer\"><img decoding=\"async\" src=\"https:\/\/enkaz3824io.exactdn.com\/wp-content\/uploads\/2020\/10\/contatti_prefooter_yt@2x.png?strip=all&lossy=1&w=1170&ssl=1\" alt=\"Youtube\" \/> <span class=\"label\"><strong>Youtube<\/strong>@Foxy<\/span><\/a>[\/vc_column_text][\/vc_column_inner][\/vc_row_inner][\/vc_column][\/vc_row]<\/p>\n","protected":false},"excerpt":{"rendered":"<p>[vc_row][vc_column offset=&#8221;vc_col-lg-offset-2 vc_col-lg-8 vc_col-md-offset-1 vc_col-md-9&#8243; el_class=&#8221;form-contatti&#8221;][vc_column_text el_class=&#8221;text-center&#8221;] Envie o seu pedido [\/vc_column_text][\/vc_column][\/vc_row][vc_row full_width=&#8221;stretch_row&#8221; el_class=&#8221;mtop80 riga-badge&#8221;][vc_column][vc_column_text el_class=&#8221;text-center&#8221;] Necessita de mais informa\u00e7\u00f5es? [\/vc_column_text][vc_row_inner][vc_column_inner el_class=&#8221;text-center mbot20&#8243; offset=&#8221;vc_col-lg-4 vc_col-md-4&#8243;][vc_column_text el_class=&#8221;mbot20&#8243;]Escreva-nos por WhatsApp[\/vc_column_text][vc_column_text] 347.7802888[\/vc_column_text][\/vc_column_inner][vc_column_inner el_class=&#8221;text-center&#8230;<\/p>\n","protected":false},"author":1,"featured_media":0,"parent":0,"menu_order":0,"comment_status":"closed","ping_status":"closed","template":"template-page-mondo-foxy.php","meta":[],"yoast_head":"<!-- This site is optimized with the Yoast SEO plugin v19.14 - https:\/\/yoast.com\/wordpress\/plugins\/seo\/ -->\n<title>Contacto - Foxy<\/title>\n<meta name=\"robots\" content=\"index, follow, max-snippet:-1, max-image-preview:large, max-video-preview:-1\" \/>\n<link rel=\"canonical\" href=\"https:\/\/www.foxy.eu\/pt\/contacto\/\" \/>\n<meta property=\"og:locale\" content=\"pt_PT\" \/>\n<meta property=\"og:type\" content=\"article\" \/>\n<meta property=\"og:title\" content=\"Contacto - Foxy\" \/>\n<meta property=\"og:description\" content=\"[vc_row][vc_column offset=&#8221;vc_col-lg-offset-2 vc_col-lg-8 vc_col-md-offset-1 vc_col-md-9&#8243; el_class=&#8221;form-contatti&#8221;][vc_column_text el_class=&#8221;text-center&#8221;] Envie o seu pedido [\/vc_column_text][\/vc_column][\/vc_row][vc_row full_width=&#8221;stretch_row&#8221; el_class=&#8221;mtop80 riga-badge&#8221;][vc_column][vc_column_text el_class=&#8221;text-center&#8221;] Necessita de mais informa\u00e7\u00f5es? [\/vc_column_text][vc_row_inner][vc_column_inner el_class=&#8221;text-center mbot20&#8243; offset=&#8221;vc_col-lg-4 vc_col-md-4&#8243;][vc_column_text el_class=&#8221;mbot20&#8243;]Escreva-nos por WhatsApp[\/vc_column_text][vc_column_text] 347.7802888[\/vc_column_text][\/vc_column_inner][vc_column_inner el_class=&#8221;text-center...\" \/>\n<meta property=\"og:url\" content=\"https:\/\/www.foxy.eu\/pt\/contacto\/\" \/>\n<meta property=\"og:site_name\" content=\"Foxy\" \/>\n<meta property=\"article:publisher\" content=\"https:\/\/www.facebook.com\/Foxy.Italia\" \/>\n<meta property=\"article:modified_time\" content=\"2026-04-09T12:26:44+00:00\" \/>\n<meta property=\"og:image\" content=\"https:\/\/www.foxy.eu\/wp-content\/uploads\/2020\/10\/contatti_bt_whatsapp@2x.png\" \/>\n<meta name=\"twitter:card\" content=\"summary_large_image\" \/>\n<meta name=\"twitter:label1\" content=\"Est. reading time\" \/>\n\t<meta name=\"twitter:data1\" content=\"2 minutos\" \/>\n<script type=\"application\/ld+json\" class=\"yoast-schema-graph\">{\"@context\":\"https:\/\/schema.org\",\"@graph\":[{\"@type\":\"WebPage\",\"@id\":\"https:\/\/www.foxy.eu\/pt\/contacto\/\",\"url\":\"https:\/\/www.foxy.eu\/pt\/contacto\/\",\"name\":\"Contacto - Foxy\",\"isPartOf\":{\"@id\":\"https:\/\/www.foxy.eu\/#website\"},\"datePublished\":\"2025-12-23T10:10:01+00:00\",\"dateModified\":\"2026-04-09T12:26:44+00:00\",\"breadcrumb\":{\"@id\":\"https:\/\/www.foxy.eu\/pt\/contacto\/#breadcrumb\"},\"inLanguage\":\"pt-PT\",\"potentialAction\":[{\"@type\":\"ReadAction\",\"target\":[\"https:\/\/www.foxy.eu\/pt\/contacto\/\"]}]},{\"@type\":\"BreadcrumbList\",\"@id\":\"https:\/\/www.foxy.eu\/pt\/contacto\/#breadcrumb\",\"itemListElement\":[{\"@type\":\"ListItem\",\"position\":1,\"name\":\"Home\",\"item\":\"https:\/\/www.foxy.eu\/pt\/\"},{\"@type\":\"ListItem\",\"position\":2,\"name\":\"Contacto\"}]},{\"@type\":\"WebSite\",\"@id\":\"https:\/\/www.foxy.eu\/#website\",\"url\":\"https:\/\/www.foxy.eu\/\",\"name\":\"Foxy\",\"description\":\"Un nuovo sito targato WordPress\",\"publisher\":{\"@id\":\"https:\/\/www.foxy.eu\/#organization\"},\"alternateName\":\"Scopri tutta la gamma di prodotti e iniziative Foxy. Abbiamo pensato a un mondo su misura per te.\",\"potentialAction\":[{\"@type\":\"SearchAction\",\"target\":{\"@type\":\"EntryPoint\",\"urlTemplate\":\"https:\/\/www.foxy.eu\/?s={search_term_string}\"},\"query-input\":\"required name=search_term_string\"}],\"inLanguage\":\"pt-PT\"},{\"@type\":\"Organization\",\"@id\":\"https:\/\/www.foxy.eu\/#organization\",\"name\":\"Foxy | Sempre vicina a te!\",\"alternateName\":\"Scopri tutta la gamma di prodotti e iniziative Foxy. Abbiamo pensato a un mondo su misura per te.\",\"url\":\"https:\/\/www.foxy.eu\/\",\"logo\":{\"@type\":\"ImageObject\",\"inLanguage\":\"pt-PT\",\"@id\":\"https:\/\/www.foxy.eu\/#\/schema\/logo\/image\/\",\"url\":\"https:\/\/enkaz3824io.exactdn.com\/wp-content\/uploads\/2020\/07\/hp_big_logo@2x.png?strip=all&lossy=1&ssl=1\",\"contentUrl\":\"https:\/\/enkaz3824io.exactdn.com\/wp-content\/uploads\/2020\/07\/hp_big_logo@2x.png?strip=all&lossy=1&ssl=1\",\"width\":518,\"height\":366,\"caption\":\"Foxy | Sempre vicina a te!\"},\"image\":{\"@id\":\"https:\/\/www.foxy.eu\/#\/schema\/logo\/image\/\"},\"sameAs\":[\"https:\/\/www.instagram.com\/foxy\/\",\"https:\/\/www.youtube.com\/channel\/UCpCfvrNg7u0O0jSeH9B9ygA\",\"https:\/\/www.facebook.com\/Foxy.Italia\"]}]}<\/script>\n<!-- \/ Yoast SEO plugin. -->","yoast_head_json":{"title":"Contacto - Foxy","robots":{"index":"index","follow":"follow","max-snippet":"max-snippet:-1","max-image-preview":"max-image-preview:large","max-video-preview":"max-video-preview:-1"},"canonical":"https:\/\/www.foxy.eu\/pt\/contacto\/","og_locale":"pt_PT","og_type":"article","og_title":"Contacto - Foxy","og_description":"[vc_row][vc_column offset=&#8221;vc_col-lg-offset-2 vc_col-lg-8 vc_col-md-offset-1 vc_col-md-9&#8243; el_class=&#8221;form-contatti&#8221;][vc_column_text el_class=&#8221;text-center&#8221;] Envie o seu pedido [\/vc_column_text][\/vc_column][\/vc_row][vc_row full_width=&#8221;stretch_row&#8221; el_class=&#8221;mtop80 riga-badge&#8221;][vc_column][vc_column_text el_class=&#8221;text-center&#8221;] Necessita de mais informa\u00e7\u00f5es? [\/vc_column_text][vc_row_inner][vc_column_inner el_class=&#8221;text-center mbot20&#8243; offset=&#8221;vc_col-lg-4 vc_col-md-4&#8243;][vc_column_text el_class=&#8221;mbot20&#8243;]Escreva-nos por WhatsApp[\/vc_column_text][vc_column_text] 347.7802888[\/vc_column_text][\/vc_column_inner][vc_column_inner el_class=&#8221;text-center...","og_url":"https:\/\/www.foxy.eu\/pt\/contacto\/","og_site_name":"Foxy","article_publisher":"https:\/\/www.facebook.com\/Foxy.Italia","article_modified_time":"2026-04-09T12:26:44+00:00","og_image":[{"url":"https:\/\/www.foxy.eu\/wp-content\/uploads\/2020\/10\/contatti_bt_whatsapp@2x.png"}],"twitter_card":"summary_large_image","twitter_misc":{"Est. reading time":"2 minutos"},"schema":{"@context":"https:\/\/schema.org","@graph":[{"@type":"WebPage","@id":"https:\/\/www.foxy.eu\/pt\/contacto\/","url":"https:\/\/www.foxy.eu\/pt\/contacto\/","name":"Contacto - Foxy","isPartOf":{"@id":"https:\/\/www.foxy.eu\/#website"},"datePublished":"2025-12-23T10:10:01+00:00","dateModified":"2026-04-09T12:26:44+00:00","breadcrumb":{"@id":"https:\/\/www.foxy.eu\/pt\/contacto\/#breadcrumb"},"inLanguage":"pt-PT","potentialAction":[{"@type":"ReadAction","target":["https:\/\/www.foxy.eu\/pt\/contacto\/"]}]},{"@type":"BreadcrumbList","@id":"https:\/\/www.foxy.eu\/pt\/contacto\/#breadcrumb","itemListElement":[{"@type":"ListItem","position":1,"name":"Home","item":"https:\/\/www.foxy.eu\/pt\/"},{"@type":"ListItem","position":2,"name":"Contacto"}]},{"@type":"WebSite","@id":"https:\/\/www.foxy.eu\/#website","url":"https:\/\/www.foxy.eu\/","name":"Foxy","description":"Un nuovo sito targato WordPress","publisher":{"@id":"https:\/\/www.foxy.eu\/#organization"},"alternateName":"Scopri tutta la gamma di prodotti e iniziative Foxy. Abbiamo pensato a un mondo su misura per te.","potentialAction":[{"@type":"SearchAction","target":{"@type":"EntryPoint","urlTemplate":"https:\/\/www.foxy.eu\/?s={search_term_string}"},"query-input":"required name=search_term_string"}],"inLanguage":"pt-PT"},{"@type":"Organization","@id":"https:\/\/www.foxy.eu\/#organization","name":"Foxy | Sempre vicina a te!","alternateName":"Scopri tutta la gamma di prodotti e iniziative Foxy. Abbiamo pensato a un mondo su misura per te.","url":"https:\/\/www.foxy.eu\/","logo":{"@type":"ImageObject","inLanguage":"pt-PT","@id":"https:\/\/www.foxy.eu\/#\/schema\/logo\/image\/","url":"https:\/\/enkaz3824io.exactdn.com\/wp-content\/uploads\/2020\/07\/hp_big_logo@2x.png?strip=all&lossy=1&ssl=1","contentUrl":"https:\/\/enkaz3824io.exactdn.com\/wp-content\/uploads\/2020\/07\/hp_big_logo@2x.png?strip=all&lossy=1&ssl=1","width":518,"height":366,"caption":"Foxy | Sempre vicina a te!"},"image":{"@id":"https:\/\/www.foxy.eu\/#\/schema\/logo\/image\/"},"sameAs":["https:\/\/www.instagram.com\/foxy\/","https:\/\/www.youtube.com\/channel\/UCpCfvrNg7u0O0jSeH9B9ygA","https:\/\/www.facebook.com\/Foxy.Italia"]}]}},"_links":{"self":[{"href":"https:\/\/www.foxy.eu\/pt\/wp-json\/wp\/v2\/pages\/28911"}],"collection":[{"href":"https:\/\/www.foxy.eu\/pt\/wp-json\/wp\/v2\/pages"}],"about":[{"href":"https:\/\/www.foxy.eu\/pt\/wp-json\/wp\/v2\/types\/page"}],"author":[{"embeddable":true,"href":"https:\/\/www.foxy.eu\/pt\/wp-json\/wp\/v2\/users\/1"}],"replies":[{"embeddable":true,"href":"https:\/\/www.foxy.eu\/pt\/wp-json\/wp\/v2\/comments?post=28911"}],"version-history":[{"count":5,"href":"https:\/\/www.foxy.eu\/pt\/wp-json\/wp\/v2\/pages\/28911\/revisions"}],"predecessor-version":[{"id":29433,"href":"https:\/\/www.foxy.eu\/pt\/wp-json\/wp\/v2\/pages\/28911\/revisions\/29433"}],"wp:attachment":[{"href":"https:\/\/www.foxy.eu\/pt\/wp-json\/wp\/v2\/media?parent=28911"}],"curies":[{"name":"wp","href":"https:\/\/api.w.org\/{rel}","templated":true}]}}