
{"id":28466,"date":"2025-12-16T14:45:02","date_gmt":"2025-12-16T13:45:02","guid":{"rendered":"https:\/\/www.foxy.eu\/?page_id=28466"},"modified":"2026-03-30T15:01:12","modified_gmt":"2026-03-30T13:01:12","slug":"mundo-foxy","status":"publish","type":"page","link":"https:\/\/www.foxy.eu\/pt\/mundo-foxy\/","title":{"rendered":"Mundo Foxy"},"content":{"rendered":"<p>[vc_row el_class=&#8221;h1-w-padding&#8221;][vc_column][vc_column_text]<\/p>\n<h1 class=\"title_page\">Mundo Foxy<\/h1>\n<p>[\/vc_column_text][\/vc_column][\/vc_row][vc_row full_width=&#8221;stretch_row&#8221; el_class=&#8221;fascia-sottopagina&#8221; css=&#8221;.vc_custom_1658400021861{background-image: url(https:\/\/www.foxy.eu\/wp-content\/uploads\/2022\/07\/cover_foxy_in_tv_new.jpg?id=8620) !important;}&#8221;][vc_column width=&#8221;2\/3&#8243; offset=&#8221;vc_col-lg-offset-4 vc_col-lg-4 vc_col-md-offset-3 vc_col-md-6 vc_col-sm-offset-2&#8243;][vc_column_text]<\/p>\n<h2>Foxy na TV<\/h2>\n<p>[\/vc_column_text][vc_column_text]<span data-sheets-root=\"1\">H\u00e1 alguns anos a publicidade aproximou a Foxy e os seus produtos aos lares de todos os espanh\u00f3is com os seus c\u00e9lebres spots<\/span>[\/vc_column_text]<div class=\" ubtn-ctn-center btn-blu btn-freccia freccia-blu\"><a class=\"ubtn-link ult-adjust-bottom-margin ubtn-center ubtn-large btn-blu btn-freccia freccia-blu\" href=\"https:\/\/www.foxy.eu\/pt\/mundo-foxy\/foxy-na-tv\/\" title=\"Foxy na TV\" ><button type=\"button\" id=\"ubtn-3868\"  class=\"ubtn ult-adjust-bottom-margin ult-responsive ubtn-large ubtn-no-hover-bg  none  ubtn-center   tooltip-69d85ec03320c\"  data-hover=\"\" data-border-color=\"\" data-bg=\"\" data-hover-bg=\"\" data-border-hover=\"\" data-shadow-hover=\"\" data-shadow-click=\"none\" data-shadow=\"\" data-shd-shadow=\"\"  data-ultimate-target='#ubtn-3868'  data-responsive-json-new='{\"font-size\":\"\",\"line-height\":\"\"}'  style=\"font-weight:normal;border:none;\"><span class=\"ubtn-hover\" style=\"background-color:\"><\/span><span class=\"ubtn-data ubtn-text \" >Mais informa\u00e7\u00f5es<\/span><\/button><\/a><\/div>[\/vc_column][\/vc_row][vc_row full_width=&#8221;stretch_row&#8221; el_class=&#8221;fascia-sottopagina mbot100&#8243; css=&#8221;.vc_custom_1600857125421{background-image: url(https:\/\/www.foxy.eu\/wp-content\/uploads\/2020\/09\/mondo_foxy_cover_campagne_stampa@2x-scaled.jpg?id=1460) !important;}&#8221;][vc_column width=&#8221;2\/3&#8243; offset=&#8221;vc_col-lg-offset-4 vc_col-lg-4 vc_col-md-offset-3 vc_col-md-6 vc_col-sm-offset-2&#8243;][vc_column_text]<\/p>\n<h2><span data-sheets-root=\"1\">Campanhas na imprensa\/em revistas<\/span><\/h2>\n<p>[\/vc_column_text][vc_column_text]<span data-sheets-root=\"1\">Os an\u00fancios televisivos inspiraram as campanhas da Foxy na imprensa, que se podem encontrar nas principais revistas.<\/span>[\/vc_column_text]<div class=\" ubtn-ctn-center btn-blu btn-freccia freccia-blu\"><a class=\"ubtn-link ult-adjust-bottom-margin ubtn-center ubtn-large btn-blu btn-freccia freccia-blu\" href=\"https:\/\/www.foxy.eu\/mondo-foxy\/campagne-stampa\/\" title=\"Campagne stampa\" ><button type=\"button\" id=\"ubtn-2726\"  class=\"ubtn ult-adjust-bottom-margin ult-responsive ubtn-large ubtn-no-hover-bg  none  ubtn-center   tooltip-69d85ec033281\"  data-hover=\"\" data-border-color=\"\" data-bg=\"\" data-hover-bg=\"\" data-border-hover=\"\" data-shadow-hover=\"\" data-shadow-click=\"none\" data-shadow=\"\" data-shd-shadow=\"\"  data-ultimate-target='#ubtn-2726'  data-responsive-json-new='{\"font-size\":\"\",\"line-height\":\"\"}'  style=\"font-weight:normal;border:none;\"><span class=\"ubtn-hover\" style=\"background-color:\"><\/span><span class=\"ubtn-data ubtn-text \" >Mais informa\u00e7\u00f5es<\/span><\/button><\/a><\/div>[\/vc_column][\/vc_row][vc_row equal_height=&#8221;yes&#8221; el_class=&#8221;banner_schede&#8221;][vc_column width=&#8221;1\/3&#8243; offset=&#8221;vc_col-lg-offset-4 vc_col-lg-4 vc_col-md-offset-4 vc_col-md-4&#8243;][vc_single_image image=&#8221;1790&#8243; img_size=&#8221;full&#8221; alignment=&#8221;center&#8221; onclick=&#8221;custom_link&#8221; link=&#8221;https:\/\/www.foxy.eu\/mondo-foxy\/storia\/&#8221;][vc_column_text el_class=&#8221;banner_schede_cta&#8221;]<a href=\"https:\/\/www.foxy.eu\/mondo-foxy\/storia\/\">C\u2019era una volta una Volpina&#8230;<\/a>[\/vc_column_text][\/vc_column][\/vc_row]<\/p>\n","protected":false},"excerpt":{"rendered":"<p>[vc_row el_class=&#8221;h1-w-padding&#8221;][vc_column][vc_column_text] Mundo Foxy [\/vc_column_text][\/vc_column][\/vc_row][vc_row full_width=&#8221;stretch_row&#8221; el_class=&#8221;fascia-sottopagina&#8221; css=&#8221;.vc_custom_1658400021861{background-image: url(https:\/\/www.foxy.eu\/wp-content\/uploads\/2022\/07\/cover_foxy_in_tv_new.jpg?id=8620) !important;}&#8221;][vc_column width=&#8221;2\/3&#8243; offset=&#8221;vc_col-lg-offset-4 vc_col-lg-4 vc_col-md-offset-3 vc_col-md-6 vc_col-sm-offset-2&#8243;][vc_column_text] Foxy na TV [\/vc_column_text][vc_column_text]H\u00e1 alguns anos a publicidade aproximou a Foxy e os seus&#8230;<\/p>\n","protected":false},"author":1,"featured_media":0,"parent":0,"menu_order":0,"comment_status":"closed","ping_status":"closed","template":"template-page-mondo-foxy.php","meta":[],"categories":[],"tags":[],"yoast_head":"<!-- This site is optimized with the Yoast SEO plugin v19.14 - https:\/\/yoast.com\/wordpress\/plugins\/seo\/ -->\n<title>Mundo Foxy - Foxy<\/title>\n<meta name=\"robots\" content=\"index, follow, max-snippet:-1, max-image-preview:large, max-video-preview:-1\" \/>\n<link rel=\"canonical\" href=\"https:\/\/www.foxy.eu\/pt\/mundo-foxy\/\" \/>\n<meta property=\"og:locale\" content=\"pt_PT\" \/>\n<meta property=\"og:type\" content=\"article\" \/>\n<meta property=\"og:title\" content=\"Mundo Foxy - Foxy\" \/>\n<meta property=\"og:description\" content=\"[vc_row el_class=&#8221;h1-w-padding&#8221;][vc_column][vc_column_text] Mundo Foxy [\/vc_column_text][\/vc_column][\/vc_row][vc_row full_width=&#8221;stretch_row&#8221; el_class=&#8221;fascia-sottopagina&#8221; css=&#8221;.vc_custom_1658400021861{background-image: url(https:\/\/www.foxy.eu\/wp-content\/uploads\/2022\/07\/cover_foxy_in_tv_new.jpg?id=8620) !important;}&#8221;][vc_column width=&#8221;2\/3&#8243; offset=&#8221;vc_col-lg-offset-4 vc_col-lg-4 vc_col-md-offset-3 vc_col-md-6 vc_col-sm-offset-2&#8243;][vc_column_text] Foxy na TV [\/vc_column_text][vc_column_text]H\u00e1 alguns anos a publicidade aproximou a Foxy e os seus...\" \/>\n<meta property=\"og:url\" content=\"https:\/\/www.foxy.eu\/pt\/mundo-foxy\/\" \/>\n<meta property=\"og:site_name\" content=\"Foxy\" \/>\n<meta property=\"article:publisher\" content=\"https:\/\/www.facebook.com\/Foxy.Italia\" \/>\n<meta property=\"article:modified_time\" content=\"2026-03-30T13:01:12+00:00\" \/>\n<meta name=\"twitter:card\" content=\"summary_large_image\" \/>\n<meta name=\"twitter:label1\" content=\"Est. reading time\" \/>\n\t<meta name=\"twitter:data1\" content=\"1 minuto\" \/>\n<script type=\"application\/ld+json\" class=\"yoast-schema-graph\">{\"@context\":\"https:\/\/schema.org\",\"@graph\":[{\"@type\":\"WebPage\",\"@id\":\"https:\/\/www.foxy.eu\/pt\/mundo-foxy\/\",\"url\":\"https:\/\/www.foxy.eu\/pt\/mundo-foxy\/\",\"name\":\"Mundo Foxy - Foxy\",\"isPartOf\":{\"@id\":\"https:\/\/www.foxy.eu\/#website\"},\"datePublished\":\"2025-12-16T13:45:02+00:00\",\"dateModified\":\"2026-03-30T13:01:12+00:00\",\"breadcrumb\":{\"@id\":\"https:\/\/www.foxy.eu\/pt\/mundo-foxy\/#breadcrumb\"},\"inLanguage\":\"pt-PT\",\"potentialAction\":[{\"@type\":\"ReadAction\",\"target\":[\"https:\/\/www.foxy.eu\/pt\/mundo-foxy\/\"]}]},{\"@type\":\"BreadcrumbList\",\"@id\":\"https:\/\/www.foxy.eu\/pt\/mundo-foxy\/#breadcrumb\",\"itemListElement\":[{\"@type\":\"ListItem\",\"position\":1,\"name\":\"Home\",\"item\":\"https:\/\/www.foxy.eu\/pt\/\"},{\"@type\":\"ListItem\",\"position\":2,\"name\":\"Mundo Foxy\"}]},{\"@type\":\"WebSite\",\"@id\":\"https:\/\/www.foxy.eu\/#website\",\"url\":\"https:\/\/www.foxy.eu\/\",\"name\":\"Foxy\",\"description\":\"Un nuovo sito targato WordPress\",\"publisher\":{\"@id\":\"https:\/\/www.foxy.eu\/#organization\"},\"alternateName\":\"Scopri tutta la gamma di prodotti e iniziative Foxy. Abbiamo pensato a un mondo su misura per te.\",\"potentialAction\":[{\"@type\":\"SearchAction\",\"target\":{\"@type\":\"EntryPoint\",\"urlTemplate\":\"https:\/\/www.foxy.eu\/?s={search_term_string}\"},\"query-input\":\"required name=search_term_string\"}],\"inLanguage\":\"pt-PT\"},{\"@type\":\"Organization\",\"@id\":\"https:\/\/www.foxy.eu\/#organization\",\"name\":\"Foxy | Sempre vicina a te!\",\"alternateName\":\"Scopri tutta la gamma di prodotti e iniziative Foxy. Abbiamo pensato a un mondo su misura per te.\",\"url\":\"https:\/\/www.foxy.eu\/\",\"logo\":{\"@type\":\"ImageObject\",\"inLanguage\":\"pt-PT\",\"@id\":\"https:\/\/www.foxy.eu\/#\/schema\/logo\/image\/\",\"url\":\"https:\/\/enkaz3824io.exactdn.com\/wp-content\/uploads\/2020\/07\/hp_big_logo@2x.png?strip=all&lossy=1&ssl=1\",\"contentUrl\":\"https:\/\/enkaz3824io.exactdn.com\/wp-content\/uploads\/2020\/07\/hp_big_logo@2x.png?strip=all&lossy=1&ssl=1\",\"width\":518,\"height\":366,\"caption\":\"Foxy | Sempre vicina a te!\"},\"image\":{\"@id\":\"https:\/\/www.foxy.eu\/#\/schema\/logo\/image\/\"},\"sameAs\":[\"https:\/\/www.instagram.com\/foxy\/\",\"https:\/\/www.youtube.com\/channel\/UCpCfvrNg7u0O0jSeH9B9ygA\",\"https:\/\/www.facebook.com\/Foxy.Italia\"]}]}<\/script>\n<!-- \/ Yoast SEO plugin. -->","yoast_head_json":{"title":"Mundo Foxy - Foxy","robots":{"index":"index","follow":"follow","max-snippet":"max-snippet:-1","max-image-preview":"max-image-preview:large","max-video-preview":"max-video-preview:-1"},"canonical":"https:\/\/www.foxy.eu\/pt\/mundo-foxy\/","og_locale":"pt_PT","og_type":"article","og_title":"Mundo Foxy - Foxy","og_description":"[vc_row el_class=&#8221;h1-w-padding&#8221;][vc_column][vc_column_text] Mundo Foxy [\/vc_column_text][\/vc_column][\/vc_row][vc_row full_width=&#8221;stretch_row&#8221; el_class=&#8221;fascia-sottopagina&#8221; css=&#8221;.vc_custom_1658400021861{background-image: url(https:\/\/www.foxy.eu\/wp-content\/uploads\/2022\/07\/cover_foxy_in_tv_new.jpg?id=8620) !important;}&#8221;][vc_column width=&#8221;2\/3&#8243; offset=&#8221;vc_col-lg-offset-4 vc_col-lg-4 vc_col-md-offset-3 vc_col-md-6 vc_col-sm-offset-2&#8243;][vc_column_text] Foxy na TV [\/vc_column_text][vc_column_text]H\u00e1 alguns anos a publicidade aproximou a Foxy e os seus...","og_url":"https:\/\/www.foxy.eu\/pt\/mundo-foxy\/","og_site_name":"Foxy","article_publisher":"https:\/\/www.facebook.com\/Foxy.Italia","article_modified_time":"2026-03-30T13:01:12+00:00","twitter_card":"summary_large_image","twitter_misc":{"Est. reading time":"1 minuto"},"schema":{"@context":"https:\/\/schema.org","@graph":[{"@type":"WebPage","@id":"https:\/\/www.foxy.eu\/pt\/mundo-foxy\/","url":"https:\/\/www.foxy.eu\/pt\/mundo-foxy\/","name":"Mundo Foxy - Foxy","isPartOf":{"@id":"https:\/\/www.foxy.eu\/#website"},"datePublished":"2025-12-16T13:45:02+00:00","dateModified":"2026-03-30T13:01:12+00:00","breadcrumb":{"@id":"https:\/\/www.foxy.eu\/pt\/mundo-foxy\/#breadcrumb"},"inLanguage":"pt-PT","potentialAction":[{"@type":"ReadAction","target":["https:\/\/www.foxy.eu\/pt\/mundo-foxy\/"]}]},{"@type":"BreadcrumbList","@id":"https:\/\/www.foxy.eu\/pt\/mundo-foxy\/#breadcrumb","itemListElement":[{"@type":"ListItem","position":1,"name":"Home","item":"https:\/\/www.foxy.eu\/pt\/"},{"@type":"ListItem","position":2,"name":"Mundo Foxy"}]},{"@type":"WebSite","@id":"https:\/\/www.foxy.eu\/#website","url":"https:\/\/www.foxy.eu\/","name":"Foxy","description":"Un nuovo sito targato WordPress","publisher":{"@id":"https:\/\/www.foxy.eu\/#organization"},"alternateName":"Scopri tutta la gamma di prodotti e iniziative Foxy. Abbiamo pensato a un mondo su misura per te.","potentialAction":[{"@type":"SearchAction","target":{"@type":"EntryPoint","urlTemplate":"https:\/\/www.foxy.eu\/?s={search_term_string}"},"query-input":"required name=search_term_string"}],"inLanguage":"pt-PT"},{"@type":"Organization","@id":"https:\/\/www.foxy.eu\/#organization","name":"Foxy | Sempre vicina a te!","alternateName":"Scopri tutta la gamma di prodotti e iniziative Foxy. Abbiamo pensato a un mondo su misura per te.","url":"https:\/\/www.foxy.eu\/","logo":{"@type":"ImageObject","inLanguage":"pt-PT","@id":"https:\/\/www.foxy.eu\/#\/schema\/logo\/image\/","url":"https:\/\/enkaz3824io.exactdn.com\/wp-content\/uploads\/2020\/07\/hp_big_logo@2x.png?strip=all&lossy=1&ssl=1","contentUrl":"https:\/\/enkaz3824io.exactdn.com\/wp-content\/uploads\/2020\/07\/hp_big_logo@2x.png?strip=all&lossy=1&ssl=1","width":518,"height":366,"caption":"Foxy | Sempre vicina a te!"},"image":{"@id":"https:\/\/www.foxy.eu\/#\/schema\/logo\/image\/"},"sameAs":["https:\/\/www.instagram.com\/foxy\/","https:\/\/www.youtube.com\/channel\/UCpCfvrNg7u0O0jSeH9B9ygA","https:\/\/www.facebook.com\/Foxy.Italia"]}]}},"_links":{"self":[{"href":"https:\/\/www.foxy.eu\/pt\/wp-json\/wp\/v2\/pages\/28466"}],"collection":[{"href":"https:\/\/www.foxy.eu\/pt\/wp-json\/wp\/v2\/pages"}],"about":[{"href":"https:\/\/www.foxy.eu\/pt\/wp-json\/wp\/v2\/types\/page"}],"author":[{"embeddable":true,"href":"https:\/\/www.foxy.eu\/pt\/wp-json\/wp\/v2\/users\/1"}],"replies":[{"embeddable":true,"href":"https:\/\/www.foxy.eu\/pt\/wp-json\/wp\/v2\/comments?post=28466"}],"version-history":[{"count":3,"href":"https:\/\/www.foxy.eu\/pt\/wp-json\/wp\/v2\/pages\/28466\/revisions"}],"predecessor-version":[{"id":29203,"href":"https:\/\/www.foxy.eu\/pt\/wp-json\/wp\/v2\/pages\/28466\/revisions\/29203"}],"wp:attachment":[{"href":"https:\/\/www.foxy.eu\/pt\/wp-json\/wp\/v2\/media?parent=28466"}],"wp:term":[{"taxonomy":"category","embeddable":true,"href":"https:\/\/www.foxy.eu\/pt\/wp-json\/wp\/v2\/categories?post=28466"},{"taxonomy":"post_tag","embeddable":true,"href":"https:\/\/www.foxy.eu\/pt\/wp-json\/wp\/v2\/tags?post=28466"}],"curies":[{"name":"wp","href":"https:\/\/api.w.org\/{rel}","templated":true}]}}