
{"id":28464,"date":"2025-12-16T14:36:28","date_gmt":"2025-12-16T13:36:28","guid":{"rendered":"https:\/\/www.foxy.eu\/?page_id=28464"},"modified":"2025-12-23T11:00:52","modified_gmt":"2025-12-23T10:00:52","slug":"widget-faq-faciais","status":"publish","type":"page","link":"https:\/\/www.foxy.eu\/pt\/widget-faq-faciais\/","title":{"rendered":"Widget Faq Faciais"},"content":{"rendered":"<p>[vc_row el_id=&#8221;faq_fazzoletti_scatola&#8221;][vc_column width=&#8221;2\/3&#8243; offset=&#8221;vc_col-lg-offset-2 vc_col-md-offset-2&#8243;][vc_column_text el_class=&#8221;title_category_faq&#8221;]Faciais[\/vc_column_text][vc_row_inner el_class=&#8221;faq_evidenza&#8221;][vc_column_inner width=&#8221;2\/2&#8243;][vc_column_text el_class=&#8221;faq_evidenza_title&#8221;]<img decoding=\"async\" class=\"alignnone size-full wp-image-1077\" src=\"https:\/\/enkaz3824io.exactdn.com\/wp-content\/uploads\/2020\/09\/faq_evidenza@2x.png?strip=all&lossy=1&resize=63%2C63&ssl=1\" alt=\"\" width=\"63\" height=\"63\" \/> In evidenza[\/vc_column_text][\/vc_column_inner][vc_column_inner width=&#8221;1\/2&#8243;][vc_column_text el_class=&#8221;faq_evidenza_domanda&#8221;]Posso usar os faciais em vez de papel higi\u00e9nico?[\/vc_column_text][\/vc_column_inner][vc_column_inner width=&#8221;1\/2&#8243;][vc_column_text el_class=&#8221;faq_evidenza_risposta&#8221;]<span style=\"font-weight: 400;\">N\u00e3o \u00e9 nada recomend\u00e1vel que se deitem os faciais na sanita.<\/span><span style=\"font-weight: 400;\"> S\u00f3 se pode deitar na sanita o papel higi\u00e9nico, que foi concebido e testado para se dissolver rapidamente em contacto com a \u00e1gua, evitando entupimentos e obstru\u00e7\u00f5es. <\/span>[\/vc_column_text][\/vc_column_inner][\/vc_row_inner][vc_row_inner el_class=&#8221;lista-faq&#8221;][vc_column_inner][vc_toggle title=&#8221;Que tipo de celulose \u00e9 que se utiliza para a produ\u00e7\u00e3o dos faciais da Foxy?&#8221;]<span style=\"font-weight: 400;\">Todos os produtos Foxy s\u00e3o produzidos com celulose virgem 100 % pura de florestas certificadas e fontes controladas.<\/span><span style=\"font-weight: 400;\"><br \/>\n<\/span><span style=\"font-weight: 400;\">Todos os len\u00e7os enlatados Foxy s\u00e3o produzidos com celulose pura proveniente de florestas certificadas FSC<\/span><span style=\"font-weight: 400;\">\u00ae<\/span><span style=\"font-weight: 400;\">. FSC<\/span><span style=\"font-weight: 400;\">\u00ae<\/span><span style=\"font-weight: 400;\"> (Conselho de Administra\u00e7\u00e3o Florestal) \u00e9 uma organiza\u00e7\u00e3o internacional n\u00e3o governamental sem fins lucrativos que promove a gest\u00e3o respons\u00e1vel das florestas em todo o mundo.<\/span>[\/vc_toggle][vc_toggle title=&#8221;Como \u00e9 que posso eliminar as caixas de faciais Foxy?&#8221;]<span style=\"font-weight: 400;\">As embalagens das caixas de len\u00e7os podem ser deitadas no contentor azul para papel, tendo o cuidado de retirar a lingueta interior, que deve ser deitada no contentor amarelo para pl\u00e1stico.<\/span><span style=\"font-weight: 400;\"><br \/>\n<\/span><span style=\"font-weight: 400;\"> Em qualquer caso, \u00e9 recomend\u00e1vel que consulte a regula\u00e7\u00e3o do seu munic\u00edpio de resid\u00eancia.<\/span>[\/vc_toggle][vc_toggle title=&#8221;O papel dos produtos Foxy passa por um processo de branqueamento?&#8221;]<span style=\"font-weight: 400;\">Os fabricantes de celulose em que a Foxy se abastece n\u00e3o utilizam cloro gasoso (altamente contaminante) para efetuarem o processo de branqueamento.\u00a0<\/span><\/p>\n<p><span style=\"font-weight: 400;\">Al\u00e9m disso, toda a celulose utilizada est\u00e1 certificada de acordo com as principais normas relativas \u00e0 origem das florestas e \u00e0 gest\u00e3o respons\u00e1vel.<\/span>[\/vc_toggle][vc_toggle title=&#8221;Foram efetuados testes em animais durante o desenvolvimento dos produtos Foxy?&#8221;]<span style=\"font-weight: 400;\">N\u00e3o foram efetuados testes com animais no desenvolvimento dos produtos Foxy.<\/span>[\/vc_toggle][vc_toggle title=&#8221;Posso usar os faciais em vez de papel higi\u00e9nico?&#8221;]<span style=\"font-weight: 400;\">N\u00e3o \u00e9 nada recomend\u00e1vel que se deitem os faciais na sanita.<\/span><span style=\"font-weight: 400;\"> S\u00f3 se pode deitar na sanita o papel higi\u00e9nico, que foi concebido e testado para se dissolver rapidamente em contacto com a \u00e1gua, evitando entupimentos e obstru\u00e7\u00f5es.\u00a0<\/span>[\/vc_toggle][vc_toggle title=&#8221;Posso usar os faciais para ajuda na maquilhagem?&#8221;]<span style=\"font-weight: 400;\">Os faciais s\u00e3o o aliado ideal para a sua rotina de beleza di\u00e1ria, tanto em casa como fora dela:\u00a0\u00a0<\/span><\/p>\n<ul>\n<li aria-level=\"1\"><span style=\"font-weight: 400;\">Tem pressa? N\u00e3o renuncie ao creme hidratante: aplique-o e retire o excesso de \u00f3leo friccionando suavemente com um facial: secar-se-\u00e1 muito rapidamente\u00a0<\/span><\/li>\n<\/ul>\n<ul>\n<li aria-level=\"1\"><span style=\"font-weight: 400;\">Maquilhagem \u00absmokey eye\u00bb? Coloque um facial abaixo dos olhos enquanto distribui a sombra de olhos: o res\u00edduo cair\u00e1 sobre o facial e evitar\u00e1 sujar-se\u00a0<\/span><\/li>\n<\/ul>\n<ul>\n<li aria-level=\"1\"><span style=\"font-weight: 400;\">Batom de longa dura\u00e7\u00e3o? Fa\u00e7a deslizar o batom, cubra com um tratamento facial e passe um pincel por cima: durabilidade infinita garantida\u00a0<\/span><\/li>\n<\/ul>\n<ul>\n<li aria-level=\"1\"><span style=\"font-weight: 400;\"><span style=\"font-weight: 400;\">O r\u00edmel saiu? Use um facial para limpar as manchas desagrad\u00e1veis.<\/span><\/span><\/li>\n<li aria-level=\"1\"><span style=\"font-weight: 400;\">Cansou-se da maquilhagem? Deite um pouco de \u00e1gua micelar ou o seu agente de limpeza favorito sobre um facial e retire a maquilhagem<\/span><\/li>\n<\/ul>\n<p>[\/vc_toggle][vc_toggle title=&#8221;Onde \u00e9 que posso deitar os faciais depois de os ter usado?&#8221;]<span style=\"font-weight: 400;\">Os faciais, assim como os len\u00e7os de bolso, podem ser deitados no contentor castanho para res\u00edduos org\u00e2nicos.<\/span><span style=\"font-weight: 400;\"> Em qualquer caso, \u00e9 recomend\u00e1vel que consulte a regula\u00e7\u00e3o do seu munic\u00edpio de resid\u00eancia.<\/span>[\/vc_toggle][vc_toggle title=&#8221;Que \u00e9 que significa o &#8220;Clinicamente Testado\u00bb das embalagens dos faciais da Foxy?&#8221;]<span style=\"font-weight: 400;\">Clinicamente testado significa que os len\u00e7os Foxy podem ser usados com toda a seguran\u00e7a, e que est\u00e3o garantidos por rigorosos testes efetuados em laborat\u00f3rios qualificados<\/span><b><br \/>\n<\/b>[\/vc_toggle][\/vc_column_inner][\/vc_row_inner][\/vc_column][\/vc_row]<\/p>\n","protected":false},"excerpt":{"rendered":"<p>[vc_row el_id=&#8221;faq_fazzoletti_scatola&#8221;][vc_column width=&#8221;2\/3&#8243; offset=&#8221;vc_col-lg-offset-2 vc_col-md-offset-2&#8243;][vc_column_text el_class=&#8221;title_category_faq&#8221;]Faciais[\/vc_column_text][vc_row_inner el_class=&#8221;faq_evidenza&#8221;][vc_column_inner width=&#8221;2\/2&#8243;][vc_column_text el_class=&#8221;faq_evidenza_title&#8221;] In evidenza[\/vc_column_text][\/vc_column_inner][vc_column_inner width=&#8221;1\/2&#8243;][vc_column_text el_class=&#8221;faq_evidenza_domanda&#8221;]Posso usar os faciais em vez de papel higi\u00e9nico?[\/vc_column_text][\/vc_column_inner][vc_column_inner width=&#8221;1\/2&#8243;][vc_column_text el_class=&#8221;faq_evidenza_risposta&#8221;]N\u00e3o \u00e9 nada recomend\u00e1vel que se deitem os&#8230;<\/p>\n","protected":false},"author":1,"featured_media":0,"parent":0,"menu_order":0,"comment_status":"closed","ping_status":"closed","template":"","meta":[],"categories":[],"tags":[],"yoast_head":"<!-- This site is optimized with the Yoast SEO plugin v19.14 - https:\/\/yoast.com\/wordpress\/plugins\/seo\/ -->\n<title>Widget Faq Faciais - Foxy<\/title>\n<meta name=\"robots\" content=\"index, follow, max-snippet:-1, max-image-preview:large, max-video-preview:-1\" \/>\n<link rel=\"canonical\" href=\"https:\/\/www.foxy.eu\/pt\/widget-faq-faciais\/\" \/>\n<meta property=\"og:locale\" content=\"pt_PT\" \/>\n<meta property=\"og:type\" content=\"article\" \/>\n<meta property=\"og:title\" content=\"Widget Faq Faciais - Foxy\" \/>\n<meta property=\"og:description\" content=\"[vc_row el_id=&#8221;faq_fazzoletti_scatola&#8221;][vc_column width=&#8221;2\/3&#8243; offset=&#8221;vc_col-lg-offset-2 vc_col-md-offset-2&#8243;][vc_column_text el_class=&#8221;title_category_faq&#8221;]Faciais[\/vc_column_text][vc_row_inner el_class=&#8221;faq_evidenza&#8221;][vc_column_inner width=&#8221;2\/2&#8243;][vc_column_text el_class=&#8221;faq_evidenza_title&#8221;] In evidenza[\/vc_column_text][\/vc_column_inner][vc_column_inner width=&#8221;1\/2&#8243;][vc_column_text el_class=&#8221;faq_evidenza_domanda&#8221;]Posso usar os faciais em vez de papel higi\u00e9nico?[\/vc_column_text][\/vc_column_inner][vc_column_inner width=&#8221;1\/2&#8243;][vc_column_text el_class=&#8221;faq_evidenza_risposta&#8221;]N\u00e3o \u00e9 nada recomend\u00e1vel que se deitem os...\" \/>\n<meta property=\"og:url\" content=\"https:\/\/www.foxy.eu\/pt\/widget-faq-faciais\/\" \/>\n<meta property=\"og:site_name\" content=\"Foxy\" \/>\n<meta property=\"article:publisher\" content=\"https:\/\/www.facebook.com\/Foxy.Italia\" \/>\n<meta property=\"article:modified_time\" content=\"2025-12-23T10:00:52+00:00\" \/>\n<meta property=\"og:image\" content=\"https:\/\/www.foxy.eu\/wp-content\/uploads\/2020\/09\/faq_evidenza@2x.png\" \/>\n<meta name=\"twitter:card\" content=\"summary_large_image\" \/>\n<meta name=\"twitter:label1\" content=\"Est. reading time\" \/>\n\t<meta name=\"twitter:data1\" content=\"4 minutos\" \/>\n<script type=\"application\/ld+json\" class=\"yoast-schema-graph\">{\"@context\":\"https:\/\/schema.org\",\"@graph\":[{\"@type\":\"WebPage\",\"@id\":\"https:\/\/www.foxy.eu\/pt\/widget-faq-faciais\/\",\"url\":\"https:\/\/www.foxy.eu\/pt\/widget-faq-faciais\/\",\"name\":\"Widget Faq Faciais - Foxy\",\"isPartOf\":{\"@id\":\"https:\/\/www.foxy.eu\/#website\"},\"datePublished\":\"2025-12-16T13:36:28+00:00\",\"dateModified\":\"2025-12-23T10:00:52+00:00\",\"breadcrumb\":{\"@id\":\"https:\/\/www.foxy.eu\/pt\/widget-faq-faciais\/#breadcrumb\"},\"inLanguage\":\"pt-PT\",\"potentialAction\":[{\"@type\":\"ReadAction\",\"target\":[\"https:\/\/www.foxy.eu\/pt\/widget-faq-faciais\/\"]}]},{\"@type\":\"BreadcrumbList\",\"@id\":\"https:\/\/www.foxy.eu\/pt\/widget-faq-faciais\/#breadcrumb\",\"itemListElement\":[{\"@type\":\"ListItem\",\"position\":1,\"name\":\"Home\",\"item\":\"https:\/\/www.foxy.eu\/pt\/\"},{\"@type\":\"ListItem\",\"position\":2,\"name\":\"Widget Faq Faciais\"}]},{\"@type\":\"WebSite\",\"@id\":\"https:\/\/www.foxy.eu\/#website\",\"url\":\"https:\/\/www.foxy.eu\/\",\"name\":\"Foxy\",\"description\":\"Un nuovo sito targato WordPress\",\"publisher\":{\"@id\":\"https:\/\/www.foxy.eu\/#organization\"},\"alternateName\":\"Scopri tutta la gamma di prodotti e iniziative Foxy. Abbiamo pensato a un mondo su misura per te.\",\"potentialAction\":[{\"@type\":\"SearchAction\",\"target\":{\"@type\":\"EntryPoint\",\"urlTemplate\":\"https:\/\/www.foxy.eu\/?s={search_term_string}\"},\"query-input\":\"required name=search_term_string\"}],\"inLanguage\":\"pt-PT\"},{\"@type\":\"Organization\",\"@id\":\"https:\/\/www.foxy.eu\/#organization\",\"name\":\"Foxy | Sempre vicina a te!\",\"alternateName\":\"Scopri tutta la gamma di prodotti e iniziative Foxy. Abbiamo pensato a un mondo su misura per te.\",\"url\":\"https:\/\/www.foxy.eu\/\",\"logo\":{\"@type\":\"ImageObject\",\"inLanguage\":\"pt-PT\",\"@id\":\"https:\/\/www.foxy.eu\/#\/schema\/logo\/image\/\",\"url\":\"https:\/\/enkaz3824io.exactdn.com\/wp-content\/uploads\/2020\/07\/hp_big_logo@2x.png?strip=all&lossy=1&ssl=1\",\"contentUrl\":\"https:\/\/enkaz3824io.exactdn.com\/wp-content\/uploads\/2020\/07\/hp_big_logo@2x.png?strip=all&lossy=1&ssl=1\",\"width\":518,\"height\":366,\"caption\":\"Foxy | Sempre vicina a te!\"},\"image\":{\"@id\":\"https:\/\/www.foxy.eu\/#\/schema\/logo\/image\/\"},\"sameAs\":[\"https:\/\/www.instagram.com\/foxy\/\",\"https:\/\/www.youtube.com\/channel\/UCpCfvrNg7u0O0jSeH9B9ygA\",\"https:\/\/www.facebook.com\/Foxy.Italia\"]}]}<\/script>\n<!-- \/ Yoast SEO plugin. -->","yoast_head_json":{"title":"Widget Faq Faciais - Foxy","robots":{"index":"index","follow":"follow","max-snippet":"max-snippet:-1","max-image-preview":"max-image-preview:large","max-video-preview":"max-video-preview:-1"},"canonical":"https:\/\/www.foxy.eu\/pt\/widget-faq-faciais\/","og_locale":"pt_PT","og_type":"article","og_title":"Widget Faq Faciais - Foxy","og_description":"[vc_row el_id=&#8221;faq_fazzoletti_scatola&#8221;][vc_column width=&#8221;2\/3&#8243; offset=&#8221;vc_col-lg-offset-2 vc_col-md-offset-2&#8243;][vc_column_text el_class=&#8221;title_category_faq&#8221;]Faciais[\/vc_column_text][vc_row_inner el_class=&#8221;faq_evidenza&#8221;][vc_column_inner width=&#8221;2\/2&#8243;][vc_column_text el_class=&#8221;faq_evidenza_title&#8221;] In evidenza[\/vc_column_text][\/vc_column_inner][vc_column_inner width=&#8221;1\/2&#8243;][vc_column_text el_class=&#8221;faq_evidenza_domanda&#8221;]Posso usar os faciais em vez de papel higi\u00e9nico?[\/vc_column_text][\/vc_column_inner][vc_column_inner width=&#8221;1\/2&#8243;][vc_column_text el_class=&#8221;faq_evidenza_risposta&#8221;]N\u00e3o \u00e9 nada recomend\u00e1vel que se deitem os...","og_url":"https:\/\/www.foxy.eu\/pt\/widget-faq-faciais\/","og_site_name":"Foxy","article_publisher":"https:\/\/www.facebook.com\/Foxy.Italia","article_modified_time":"2025-12-23T10:00:52+00:00","og_image":[{"url":"https:\/\/www.foxy.eu\/wp-content\/uploads\/2020\/09\/faq_evidenza@2x.png"}],"twitter_card":"summary_large_image","twitter_misc":{"Est. reading time":"4 minutos"},"schema":{"@context":"https:\/\/schema.org","@graph":[{"@type":"WebPage","@id":"https:\/\/www.foxy.eu\/pt\/widget-faq-faciais\/","url":"https:\/\/www.foxy.eu\/pt\/widget-faq-faciais\/","name":"Widget Faq Faciais - Foxy","isPartOf":{"@id":"https:\/\/www.foxy.eu\/#website"},"datePublished":"2025-12-16T13:36:28+00:00","dateModified":"2025-12-23T10:00:52+00:00","breadcrumb":{"@id":"https:\/\/www.foxy.eu\/pt\/widget-faq-faciais\/#breadcrumb"},"inLanguage":"pt-PT","potentialAction":[{"@type":"ReadAction","target":["https:\/\/www.foxy.eu\/pt\/widget-faq-faciais\/"]}]},{"@type":"BreadcrumbList","@id":"https:\/\/www.foxy.eu\/pt\/widget-faq-faciais\/#breadcrumb","itemListElement":[{"@type":"ListItem","position":1,"name":"Home","item":"https:\/\/www.foxy.eu\/pt\/"},{"@type":"ListItem","position":2,"name":"Widget Faq Faciais"}]},{"@type":"WebSite","@id":"https:\/\/www.foxy.eu\/#website","url":"https:\/\/www.foxy.eu\/","name":"Foxy","description":"Un nuovo sito targato WordPress","publisher":{"@id":"https:\/\/www.foxy.eu\/#organization"},"alternateName":"Scopri tutta la gamma di prodotti e iniziative Foxy. Abbiamo pensato a un mondo su misura per te.","potentialAction":[{"@type":"SearchAction","target":{"@type":"EntryPoint","urlTemplate":"https:\/\/www.foxy.eu\/?s={search_term_string}"},"query-input":"required name=search_term_string"}],"inLanguage":"pt-PT"},{"@type":"Organization","@id":"https:\/\/www.foxy.eu\/#organization","name":"Foxy | Sempre vicina a te!","alternateName":"Scopri tutta la gamma di prodotti e iniziative Foxy. Abbiamo pensato a un mondo su misura per te.","url":"https:\/\/www.foxy.eu\/","logo":{"@type":"ImageObject","inLanguage":"pt-PT","@id":"https:\/\/www.foxy.eu\/#\/schema\/logo\/image\/","url":"https:\/\/enkaz3824io.exactdn.com\/wp-content\/uploads\/2020\/07\/hp_big_logo@2x.png?strip=all&lossy=1&ssl=1","contentUrl":"https:\/\/enkaz3824io.exactdn.com\/wp-content\/uploads\/2020\/07\/hp_big_logo@2x.png?strip=all&lossy=1&ssl=1","width":518,"height":366,"caption":"Foxy | Sempre vicina a te!"},"image":{"@id":"https:\/\/www.foxy.eu\/#\/schema\/logo\/image\/"},"sameAs":["https:\/\/www.instagram.com\/foxy\/","https:\/\/www.youtube.com\/channel\/UCpCfvrNg7u0O0jSeH9B9ygA","https:\/\/www.facebook.com\/Foxy.Italia"]}]}},"_links":{"self":[{"href":"https:\/\/www.foxy.eu\/pt\/wp-json\/wp\/v2\/pages\/28464"}],"collection":[{"href":"https:\/\/www.foxy.eu\/pt\/wp-json\/wp\/v2\/pages"}],"about":[{"href":"https:\/\/www.foxy.eu\/pt\/wp-json\/wp\/v2\/types\/page"}],"author":[{"embeddable":true,"href":"https:\/\/www.foxy.eu\/pt\/wp-json\/wp\/v2\/users\/1"}],"replies":[{"embeddable":true,"href":"https:\/\/www.foxy.eu\/pt\/wp-json\/wp\/v2\/comments?post=28464"}],"version-history":[{"count":2,"href":"https:\/\/www.foxy.eu\/pt\/wp-json\/wp\/v2\/pages\/28464\/revisions"}],"predecessor-version":[{"id":28910,"href":"https:\/\/www.foxy.eu\/pt\/wp-json\/wp\/v2\/pages\/28464\/revisions\/28910"}],"wp:attachment":[{"href":"https:\/\/www.foxy.eu\/pt\/wp-json\/wp\/v2\/media?parent=28464"}],"wp:term":[{"taxonomy":"category","embeddable":true,"href":"https:\/\/www.foxy.eu\/pt\/wp-json\/wp\/v2\/categories?post=28464"},{"taxonomy":"post_tag","embeddable":true,"href":"https:\/\/www.foxy.eu\/pt\/wp-json\/wp\/v2\/tags?post=28464"}],"curies":[{"name":"wp","href":"https:\/\/api.w.org\/{rel}","templated":true}]}}