
{"id":28462,"date":"2025-12-16T14:28:45","date_gmt":"2025-12-16T13:28:45","guid":{"rendered":"https:\/\/www.foxy.eu\/?page_id=28462"},"modified":"2025-12-16T14:28:45","modified_gmt":"2025-12-16T13:28:45","slug":"widget-faq-lencos","status":"publish","type":"page","link":"https:\/\/www.foxy.eu\/pt\/widget-faq-lencos\/","title":{"rendered":"Widget Faq len\u00e7os"},"content":{"rendered":"<p>[vc_row el_id=&#8221;faq_fazzoletti&#8221;][vc_column width=&#8221;2\/3&#8243; offset=&#8221;vc_col-lg-offset-2 vc_col-md-offset-2&#8243;][vc_column_text el_class=&#8221;title_category_faq&#8221;]Len\u00e7os[\/vc_column_text][vc_row_inner el_class=&#8221;faq_evidenza&#8221;][vc_column_inner width=&#8221;2\/2&#8243;][vc_column_text el_class=&#8221;faq_evidenza_title&#8221;]<img decoding=\"async\" class=\"alignnone size-full wp-image-1077\" src=\"https:\/\/enkaz3824io.exactdn.com\/wp-content\/uploads\/2020\/09\/faq_evidenza@2x.png?strip=all&lossy=1&resize=63%2C63&ssl=1\" alt=\"\" width=\"63\" height=\"63\" \/> In evidenza[\/vc_column_text][\/vc_column_inner][vc_column_inner width=&#8221;1\/2&#8243;][vc_column_text el_class=&#8221;faq_evidenza_domanda&#8221;]Que tipo de celulose \u00e9 que se utiliza para a produ\u00e7\u00e3o dos len\u00e7os Foxy?<b><br \/>\n<\/b>[\/vc_column_text][\/vc_column_inner][vc_column_inner width=&#8221;1\/2&#8243;][vc_column_text el_class=&#8221;faq_evidenza_risposta&#8221;]<span style=\"font-weight: 400;\">Todos os produtos Foxy s\u00e3o produzidos com celulose virgem 100 % pura de florestas certificadas e fontes controladas.<\/span><span style=\"font-weight: 400;\"><br \/>\n<\/span><span style=\"font-weight: 400;\">Todos os len\u00e7os Foxy s\u00e3o produzidos com celulose pura proveniente de florestas com certifica\u00e7\u00e3o PEFC<\/span><span style=\"font-weight: 400;\">\u00ae<\/span><span style=\"font-weight: 400;\">. FSC<\/span><span style=\"font-weight: 400;\">\u00ae<\/span><span style=\"font-weight: 400;\"> (Conselho de Administra\u00e7\u00e3o Florestal) \u00e9 uma organiza\u00e7\u00e3o internacional n\u00e3o governamental sem fins lucrativos que promove a gest\u00e3o respons\u00e1vel das florestas em todo o mundo.<\/span><span style=\"font-weight: 400;\"><br \/>\n<\/span><span style=\"font-weight: 400;\"> Para obter mais informa\u00e7\u00f5es, visite a sec\u00e7\u00e3o <\/span><span style=\"font-weight: 400;\">Sustentabilidade e certifica\u00e7\u00f5es.<\/span>[\/vc_column_text][\/vc_column_inner][\/vc_row_inner][vc_row_inner el_class=&#8221;lista-faq&#8221;][vc_column_inner][vc_toggle title=&#8221;Como \u00e9 que posso eliminar as embalagens dos len\u00e7os Foxy?&#8221;]<span style=\"font-weight: 400;\">Todas as embalagens dos len\u00e7os Foxy s\u00e3o 100 % recicl\u00e1veis e podem ser deitadas no contentor para pl\u00e1stico.<\/span><span style=\"font-weight: 400;\"><br \/>\n<\/span><span style=\"font-weight: 400;\">Em qualquer caso, \u00e9 recomend\u00e1vel que consulte a regula\u00e7\u00e3o do seu munic\u00edpio de resid\u00eancia.<\/span>to del proprio comune di residenza.[\/vc_toggle][vc_toggle title=&#8221;O papel dos produtos Foxy passa por um processo de branqueamento?&#8221;]<span style=\"font-weight: 400;\">Os fabricantes de celulose em que a Foxy se abastece n\u00e3o utilizam cloro gasoso (altamente contaminante) para efetuarem o processo de branqueamento.\u00a0<\/span><\/p>\n<p><span style=\"font-weight: 400;\">Al\u00e9m disso, toda a celulose utilizada est\u00e1 certificada de acordo com as principais normas relativas \u00e0 origem das florestas e \u00e0 gest\u00e3o respons\u00e1vel.<\/span>[\/vc_toggle][vc_toggle title=&#8221;Foram efetuados testes em animais durante o desenvolvimento dos produtos Foxy?&#8221;]<\/p>\n<ol>\n<li style=\"font-weight: 400;\" aria-level=\"1\"><span style=\"font-weight: 400;\">N\u00e3o foram efetuados testes com animais no desenvolvimento dos produtos Foxy.<\/span><\/li>\n<\/ol>\n<p>[\/vc_toggle][vc_toggle title=&#8221;Onde \u00e9 que posso deitar os len\u00e7os depois de terem sido utilizados?&#8221;]<span style=\"font-weight: 400;\">Os len\u00e7os usados podem ser deitados no contentor castanho para res\u00edduos org\u00e2nicos.<\/span><span style=\"font-weight: 400;\"><br \/>\n<\/span><span style=\"font-weight: 400;\">Em qualquer caso, \u00e9 recomend\u00e1vel que consulte a regula\u00e7\u00e3o do seu munic\u00edpio de resid\u00eancia.<\/span>[\/vc_toggle][vc_toggle title=&#8221;Que \u00e9 que significa o \u00abClinicamente testado\u00bb das embalagens dos len\u00e7os Foxy?&#8221;]<span style=\"font-weight: 400;\">Clinicamente testado significa que os len\u00e7os Foxy podem ser usados com toda a seguran\u00e7a, e que est\u00e3o garantidos por rigorosos testes efetuados em laborat\u00f3rios qualificados.<\/span>[\/vc_toggle][vc_toggle title=&#8221;As pessoas al\u00e9rgicas podem usar len\u00e7os Foxy?&#8221;]<span style=\"font-weight: 400;\">Todos os len\u00e7os Foxy s\u00e3o hipoalerg\u00e9nicos, o que minimiza o risco de alergia.<\/span><\/p>\n<p><span style=\"font-weight: 400;\">A presen\u00e7a do \u00edcone &#8220;Clinicamente Testado&#8221; na embalagem dos len\u00e7os significa que podem ser usados com toda a seguran\u00e7a, o que \u00e9 garantido por rigorosos testes efetuados em laborat\u00f3rios qualificados<\/span>[\/vc_toggle][vc_toggle title=&#8221;Qual \u00e9 a forma correta de usar os len\u00e7os?&#8221;]<span style=\"font-weight: 400;\">Para reduzir a prolifera\u00e7\u00e3o de germes e bact\u00e9rias, recomenda-se o uso do len\u00e7o uma vez e que depois seja descartado. Os len\u00e7os usados podem ser deitados no contentor castanho para res\u00edduos org\u00e2nicos.<\/span><span style=\"font-weight: 400;\"><br \/>\n<\/span><span style=\"font-weight: 400;\">Em qualquer caso, \u00e9 recomend\u00e1vel que consulte a regula\u00e7\u00e3o do seu munic\u00edpio de resid\u00eancia.<\/span>[\/vc_toggle][vc_toggle title=&#8221;Posso usar len\u00e7os para limpar superf\u00edcies delicadas?&#8221;]<span style=\"font-weight: 400;\">Gra\u00e7as \u00e0 sua suavidade, limpam as superf\u00edcies sem riscarem e, gra\u00e7as \u00e0 sua resist\u00eancia, n\u00e3o deixam pelos nem sequer em contacto com a humidade. Al\u00e9m disso, os len\u00e7os, sempre \u00e0 m\u00e3o, s\u00e3o a ajuda ideal para as pequenas necessidades do dia a dia:<\/span><\/p>\n<ul>\n<li style=\"font-weight: 400;\" aria-level=\"1\"><span style=\"font-weight: 400;\">secar as lentes dos \u00f3culos depois de as lavar ou limpar durante o seu uso<\/span><\/li>\n<li style=\"font-weight: 400;\" aria-level=\"1\"><span style=\"font-weight: 400;\">eliminar impress\u00f5es digitais do ecr\u00e3 do telefone ou do monitor do PC<\/span><\/li>\n<li style=\"font-weight: 400;\" aria-level=\"1\"><span style=\"font-weight: 400;\">limpar o espelho retrovisor e retirar o p\u00f3 do painel de instrumentos<\/span><\/li>\n<\/ul>\n<p>[\/vc_toggle][vc_toggle title=&#8221;Os len\u00e7os de bolso Foxy Hipoalerg\u00e9nicos s\u00e3o mais pequenos do que os outros?&#8221;]<span style=\"font-weight: 400;\">Os len\u00e7os Foxy Hipoalerg\u00e9nicos t\u00eam o mesmo tamanho que os len\u00e7os standard e cada pacote cont\u00e9m o mesmo n\u00famero de unidades. Onde est\u00e1 o segredo? <\/span><span style=\"font-weight: 400;\">Na sua dobragem compacta!<\/span><span style=\"font-weight: 400;\"> Esta tecnologia, ao dobrar os len\u00e7os em tr\u00eas partes iguais, a chamada dobragem em N, em vez de uma dobragem em Z como \u00e9 o caso dos len\u00e7os standard, permite que a mesma quantidade de papel caiba num espa\u00e7o 30 % inferior. <\/span><span style=\"font-weight: 400;\">Os len\u00e7os Foxy Hipoalerg\u00e9nicos s\u00e3o pr\u00e1ticos, perfeitos para serem levados em viagens, no bolso do casaco ou na bolsa de m\u00e3o.<\/span>[\/vc_toggle][vc_toggle title=&#8221;Que \u00e9 que significa que os len\u00e7os Foxy Cream cont\u00eam creme hidratante?&#8221;]<span style=\"font-weight: 400;\">Durante o processo de elabora\u00e7\u00e3o, os len\u00e7os Foxy Cream s\u00e3o enriquecidos com princ\u00edpios ativos com propriedades hidratantes reconhecidas, que ajudam a prevenir a vermelhid\u00e3o e as gretas da pele. Isto faz com que os len\u00e7os Foxy Cream sejam ainda mais macios, ideais inclusivamente para os narizes mais delicados.\u00a0<\/span><\/p>\n<p><span style=\"font-weight: 400;\">A presen\u00e7a do creme hidratante n\u00e3o afeta a hipoalergenicidade dos len\u00e7os, pelo que pode us\u00e1-los tranquilamente, mesmo que a sua pele seja muito sens\u00edvel.<\/span>[\/vc_toggle][vc_toggle title=&#8221;Para que \u00e9 que serve o condicionador de vitamina E presente nos len\u00e7os Foxy Alivia?&#8221;]<span style=\"font-weight: 400;\">Durante o processo de elabora\u00e7\u00e3o, os len\u00e7os Foxy Alivia s\u00e3o enriquecidos com um b\u00e1lsamo exclusivo de Vitamina E, que ajuda a aliviar o desconforto dos resfriados. A vitamina E, com efeito, \u00e9 um excelente hidratante e calmante para a pele.\u00a0<\/span><\/p>\n<p><span style=\"font-weight: 400;\">A presen\u00e7a do b\u00e1lsamo com vitamina E n\u00e3o afeta a hipoalergenicidade dos tecidos, pelo que pode utiliz\u00e1-los com toda a tranquilidade, mesmo que tenha uma pele sens\u00edvel.<\/span>[\/vc_toggle][\/vc_column_inner][\/vc_row_inner][\/vc_column][\/vc_row]<\/p>\n","protected":false},"excerpt":{"rendered":"<p>[vc_row el_id=&#8221;faq_fazzoletti&#8221;][vc_column width=&#8221;2\/3&#8243; offset=&#8221;vc_col-lg-offset-2 vc_col-md-offset-2&#8243;][vc_column_text el_class=&#8221;title_category_faq&#8221;]Len\u00e7os[\/vc_column_text][vc_row_inner el_class=&#8221;faq_evidenza&#8221;][vc_column_inner width=&#8221;2\/2&#8243;][vc_column_text el_class=&#8221;faq_evidenza_title&#8221;] In evidenza[\/vc_column_text][\/vc_column_inner][vc_column_inner width=&#8221;1\/2&#8243;][vc_column_text el_class=&#8221;faq_evidenza_domanda&#8221;]Que tipo de celulose \u00e9 que se utiliza para a produ\u00e7\u00e3o dos len\u00e7os Foxy? [\/vc_column_text][\/vc_column_inner][vc_column_inner width=&#8221;1\/2&#8243;][vc_column_text el_class=&#8221;faq_evidenza_risposta&#8221;]Todos os&#8230;<\/p>\n","protected":false},"author":1,"featured_media":0,"parent":0,"menu_order":0,"comment_status":"closed","ping_status":"closed","template":"","meta":[],"categories":[],"tags":[],"yoast_head":"<!-- This site is optimized with the Yoast SEO plugin v19.14 - https:\/\/yoast.com\/wordpress\/plugins\/seo\/ -->\n<title>Widget Faq len\u00e7os - Foxy<\/title>\n<meta name=\"robots\" content=\"index, follow, max-snippet:-1, max-image-preview:large, max-video-preview:-1\" \/>\n<link rel=\"canonical\" href=\"https:\/\/www.foxy.eu\/pt\/widget-faq-lencos\/\" \/>\n<meta property=\"og:locale\" content=\"pt_PT\" \/>\n<meta property=\"og:type\" content=\"article\" \/>\n<meta property=\"og:title\" content=\"Widget Faq len\u00e7os - Foxy\" \/>\n<meta property=\"og:description\" content=\"[vc_row el_id=&#8221;faq_fazzoletti&#8221;][vc_column width=&#8221;2\/3&#8243; offset=&#8221;vc_col-lg-offset-2 vc_col-md-offset-2&#8243;][vc_column_text el_class=&#8221;title_category_faq&#8221;]Len\u00e7os[\/vc_column_text][vc_row_inner el_class=&#8221;faq_evidenza&#8221;][vc_column_inner width=&#8221;2\/2&#8243;][vc_column_text el_class=&#8221;faq_evidenza_title&#8221;] In evidenza[\/vc_column_text][\/vc_column_inner][vc_column_inner width=&#8221;1\/2&#8243;][vc_column_text el_class=&#8221;faq_evidenza_domanda&#8221;]Que tipo de celulose \u00e9 que se utiliza para a produ\u00e7\u00e3o dos len\u00e7os Foxy? [\/vc_column_text][\/vc_column_inner][vc_column_inner width=&#8221;1\/2&#8243;][vc_column_text el_class=&#8221;faq_evidenza_risposta&#8221;]Todos os...\" \/>\n<meta property=\"og:url\" content=\"https:\/\/www.foxy.eu\/pt\/widget-faq-lencos\/\" \/>\n<meta property=\"og:site_name\" content=\"Foxy\" \/>\n<meta property=\"article:publisher\" content=\"https:\/\/www.facebook.com\/Foxy.Italia\" \/>\n<meta property=\"og:image\" content=\"https:\/\/www.foxy.eu\/wp-content\/uploads\/2020\/09\/faq_evidenza@2x.png\" \/>\n<meta name=\"twitter:card\" content=\"summary_large_image\" \/>\n<meta name=\"twitter:label1\" content=\"Est. reading time\" \/>\n\t<meta name=\"twitter:data1\" content=\"5 minutos\" \/>\n<script type=\"application\/ld+json\" class=\"yoast-schema-graph\">{\"@context\":\"https:\/\/schema.org\",\"@graph\":[{\"@type\":\"WebPage\",\"@id\":\"https:\/\/www.foxy.eu\/pt\/widget-faq-lencos\/\",\"url\":\"https:\/\/www.foxy.eu\/pt\/widget-faq-lencos\/\",\"name\":\"Widget Faq len\u00e7os - Foxy\",\"isPartOf\":{\"@id\":\"https:\/\/www.foxy.eu\/#website\"},\"datePublished\":\"2025-12-16T13:28:45+00:00\",\"dateModified\":\"2025-12-16T13:28:45+00:00\",\"breadcrumb\":{\"@id\":\"https:\/\/www.foxy.eu\/pt\/widget-faq-lencos\/#breadcrumb\"},\"inLanguage\":\"pt-PT\",\"potentialAction\":[{\"@type\":\"ReadAction\",\"target\":[\"https:\/\/www.foxy.eu\/pt\/widget-faq-lencos\/\"]}]},{\"@type\":\"BreadcrumbList\",\"@id\":\"https:\/\/www.foxy.eu\/pt\/widget-faq-lencos\/#breadcrumb\",\"itemListElement\":[{\"@type\":\"ListItem\",\"position\":1,\"name\":\"Home\",\"item\":\"https:\/\/www.foxy.eu\/pt\/\"},{\"@type\":\"ListItem\",\"position\":2,\"name\":\"Widget Faq len\u00e7os\"}]},{\"@type\":\"WebSite\",\"@id\":\"https:\/\/www.foxy.eu\/#website\",\"url\":\"https:\/\/www.foxy.eu\/\",\"name\":\"Foxy\",\"description\":\"Un nuovo sito targato WordPress\",\"publisher\":{\"@id\":\"https:\/\/www.foxy.eu\/#organization\"},\"alternateName\":\"Scopri tutta la gamma di prodotti e iniziative Foxy. Abbiamo pensato a un mondo su misura per te.\",\"potentialAction\":[{\"@type\":\"SearchAction\",\"target\":{\"@type\":\"EntryPoint\",\"urlTemplate\":\"https:\/\/www.foxy.eu\/?s={search_term_string}\"},\"query-input\":\"required name=search_term_string\"}],\"inLanguage\":\"pt-PT\"},{\"@type\":\"Organization\",\"@id\":\"https:\/\/www.foxy.eu\/#organization\",\"name\":\"Foxy | Sempre vicina a te!\",\"alternateName\":\"Scopri tutta la gamma di prodotti e iniziative Foxy. Abbiamo pensato a un mondo su misura per te.\",\"url\":\"https:\/\/www.foxy.eu\/\",\"logo\":{\"@type\":\"ImageObject\",\"inLanguage\":\"pt-PT\",\"@id\":\"https:\/\/www.foxy.eu\/#\/schema\/logo\/image\/\",\"url\":\"https:\/\/enkaz3824io.exactdn.com\/wp-content\/uploads\/2020\/07\/hp_big_logo@2x.png?strip=all&lossy=1&ssl=1\",\"contentUrl\":\"https:\/\/enkaz3824io.exactdn.com\/wp-content\/uploads\/2020\/07\/hp_big_logo@2x.png?strip=all&lossy=1&ssl=1\",\"width\":518,\"height\":366,\"caption\":\"Foxy | Sempre vicina a te!\"},\"image\":{\"@id\":\"https:\/\/www.foxy.eu\/#\/schema\/logo\/image\/\"},\"sameAs\":[\"https:\/\/www.instagram.com\/foxy\/\",\"https:\/\/www.youtube.com\/channel\/UCpCfvrNg7u0O0jSeH9B9ygA\",\"https:\/\/www.facebook.com\/Foxy.Italia\"]}]}<\/script>\n<!-- \/ Yoast SEO plugin. -->","yoast_head_json":{"title":"Widget Faq len\u00e7os - Foxy","robots":{"index":"index","follow":"follow","max-snippet":"max-snippet:-1","max-image-preview":"max-image-preview:large","max-video-preview":"max-video-preview:-1"},"canonical":"https:\/\/www.foxy.eu\/pt\/widget-faq-lencos\/","og_locale":"pt_PT","og_type":"article","og_title":"Widget Faq len\u00e7os - Foxy","og_description":"[vc_row el_id=&#8221;faq_fazzoletti&#8221;][vc_column width=&#8221;2\/3&#8243; offset=&#8221;vc_col-lg-offset-2 vc_col-md-offset-2&#8243;][vc_column_text el_class=&#8221;title_category_faq&#8221;]Len\u00e7os[\/vc_column_text][vc_row_inner el_class=&#8221;faq_evidenza&#8221;][vc_column_inner width=&#8221;2\/2&#8243;][vc_column_text el_class=&#8221;faq_evidenza_title&#8221;] In evidenza[\/vc_column_text][\/vc_column_inner][vc_column_inner width=&#8221;1\/2&#8243;][vc_column_text el_class=&#8221;faq_evidenza_domanda&#8221;]Que tipo de celulose \u00e9 que se utiliza para a produ\u00e7\u00e3o dos len\u00e7os Foxy? [\/vc_column_text][\/vc_column_inner][vc_column_inner width=&#8221;1\/2&#8243;][vc_column_text el_class=&#8221;faq_evidenza_risposta&#8221;]Todos os...","og_url":"https:\/\/www.foxy.eu\/pt\/widget-faq-lencos\/","og_site_name":"Foxy","article_publisher":"https:\/\/www.facebook.com\/Foxy.Italia","og_image":[{"url":"https:\/\/www.foxy.eu\/wp-content\/uploads\/2020\/09\/faq_evidenza@2x.png"}],"twitter_card":"summary_large_image","twitter_misc":{"Est. reading time":"5 minutos"},"schema":{"@context":"https:\/\/schema.org","@graph":[{"@type":"WebPage","@id":"https:\/\/www.foxy.eu\/pt\/widget-faq-lencos\/","url":"https:\/\/www.foxy.eu\/pt\/widget-faq-lencos\/","name":"Widget Faq len\u00e7os - Foxy","isPartOf":{"@id":"https:\/\/www.foxy.eu\/#website"},"datePublished":"2025-12-16T13:28:45+00:00","dateModified":"2025-12-16T13:28:45+00:00","breadcrumb":{"@id":"https:\/\/www.foxy.eu\/pt\/widget-faq-lencos\/#breadcrumb"},"inLanguage":"pt-PT","potentialAction":[{"@type":"ReadAction","target":["https:\/\/www.foxy.eu\/pt\/widget-faq-lencos\/"]}]},{"@type":"BreadcrumbList","@id":"https:\/\/www.foxy.eu\/pt\/widget-faq-lencos\/#breadcrumb","itemListElement":[{"@type":"ListItem","position":1,"name":"Home","item":"https:\/\/www.foxy.eu\/pt\/"},{"@type":"ListItem","position":2,"name":"Widget Faq len\u00e7os"}]},{"@type":"WebSite","@id":"https:\/\/www.foxy.eu\/#website","url":"https:\/\/www.foxy.eu\/","name":"Foxy","description":"Un nuovo sito targato WordPress","publisher":{"@id":"https:\/\/www.foxy.eu\/#organization"},"alternateName":"Scopri tutta la gamma di prodotti e iniziative Foxy. Abbiamo pensato a un mondo su misura per te.","potentialAction":[{"@type":"SearchAction","target":{"@type":"EntryPoint","urlTemplate":"https:\/\/www.foxy.eu\/?s={search_term_string}"},"query-input":"required name=search_term_string"}],"inLanguage":"pt-PT"},{"@type":"Organization","@id":"https:\/\/www.foxy.eu\/#organization","name":"Foxy | Sempre vicina a te!","alternateName":"Scopri tutta la gamma di prodotti e iniziative Foxy. Abbiamo pensato a un mondo su misura per te.","url":"https:\/\/www.foxy.eu\/","logo":{"@type":"ImageObject","inLanguage":"pt-PT","@id":"https:\/\/www.foxy.eu\/#\/schema\/logo\/image\/","url":"https:\/\/enkaz3824io.exactdn.com\/wp-content\/uploads\/2020\/07\/hp_big_logo@2x.png?strip=all&lossy=1&ssl=1","contentUrl":"https:\/\/enkaz3824io.exactdn.com\/wp-content\/uploads\/2020\/07\/hp_big_logo@2x.png?strip=all&lossy=1&ssl=1","width":518,"height":366,"caption":"Foxy | Sempre vicina a te!"},"image":{"@id":"https:\/\/www.foxy.eu\/#\/schema\/logo\/image\/"},"sameAs":["https:\/\/www.instagram.com\/foxy\/","https:\/\/www.youtube.com\/channel\/UCpCfvrNg7u0O0jSeH9B9ygA","https:\/\/www.facebook.com\/Foxy.Italia"]}]}},"_links":{"self":[{"href":"https:\/\/www.foxy.eu\/pt\/wp-json\/wp\/v2\/pages\/28462"}],"collection":[{"href":"https:\/\/www.foxy.eu\/pt\/wp-json\/wp\/v2\/pages"}],"about":[{"href":"https:\/\/www.foxy.eu\/pt\/wp-json\/wp\/v2\/types\/page"}],"author":[{"embeddable":true,"href":"https:\/\/www.foxy.eu\/pt\/wp-json\/wp\/v2\/users\/1"}],"replies":[{"embeddable":true,"href":"https:\/\/www.foxy.eu\/pt\/wp-json\/wp\/v2\/comments?post=28462"}],"version-history":[{"count":1,"href":"https:\/\/www.foxy.eu\/pt\/wp-json\/wp\/v2\/pages\/28462\/revisions"}],"predecessor-version":[{"id":28463,"href":"https:\/\/www.foxy.eu\/pt\/wp-json\/wp\/v2\/pages\/28462\/revisions\/28463"}],"wp:attachment":[{"href":"https:\/\/www.foxy.eu\/pt\/wp-json\/wp\/v2\/media?parent=28462"}],"wp:term":[{"taxonomy":"category","embeddable":true,"href":"https:\/\/www.foxy.eu\/pt\/wp-json\/wp\/v2\/categories?post=28462"},{"taxonomy":"post_tag","embeddable":true,"href":"https:\/\/www.foxy.eu\/pt\/wp-json\/wp\/v2\/tags?post=28462"}],"curies":[{"name":"wp","href":"https:\/\/api.w.org\/{rel}","templated":true}]}}