
{"id":28460,"date":"2025-12-16T14:22:15","date_gmt":"2025-12-16T13:22:15","guid":{"rendered":"https:\/\/www.foxy.eu\/?page_id=28460"},"modified":"2025-12-16T14:22:15","modified_gmt":"2025-12-16T13:22:15","slug":"widget-faq-guardanapos","status":"publish","type":"page","link":"https:\/\/www.foxy.eu\/pt\/widget-faq-guardanapos\/","title":{"rendered":"Widget Faq Guardanapos"},"content":{"rendered":"<p>[vc_row el_id=&#8221;faq_tovaglioli&#8221;][vc_column width=&#8221;2\/3&#8243; offset=&#8221;vc_col-lg-offset-2 vc_col-md-offset-2&#8243;][vc_column_text el_class=&#8221;title_category_faq&#8221;]Guardanapos[\/vc_column_text][vc_row_inner el_class=&#8221;faq_evidenza&#8221;][vc_column_inner width=&#8221;2\/2&#8243;][vc_column_text el_class=&#8221;faq_evidenza_title&#8221;]<img decoding=\"async\" class=\"alignnone size-full wp-image-1077\" src=\"https:\/\/enkaz3824io.exactdn.com\/wp-content\/uploads\/2020\/09\/faq_evidenza@2x.png?strip=all&lossy=1&resize=63%2C63&ssl=1\" alt=\"\" width=\"63\" height=\"63\" \/> In evidenza[\/vc_column_text][\/vc_column_inner][vc_column_inner width=&#8221;1\/2&#8243;][vc_column_text el_class=&#8221;faq_evidenza_domanda&#8221;]As tintas utilizadas para as decora\u00e7\u00f5es dos guardanapos Foxy s\u00e3o seguras?[\/vc_column_text][\/vc_column_inner][vc_column_inner width=&#8221;1\/2&#8243;][vc_column_text el_class=&#8221;faq_evidenza_risposta&#8221;]<span style=\"font-weight: 400;\">As tintas utilizadas para a decora\u00e7\u00e3o dos guardanapos Foxy s\u00e3o \u00e0 base de \u00e1gua e n\u00e3o s\u00e3o t\u00f3xicas.<\/span><span style=\"font-weight: 400;\"><br \/>\n<\/span><span style=\"font-weight: 400;\">Al\u00e9m disso, todos os guardanapos Foxy foram concebidos para entrarem em contacto com alimentos:<\/span> <span style=\"font-weight: 400;\">aconselha-se que seja usado com a parte n\u00e3o decorada em contacto com os alimentos. A sua idoneidade para o contacto com alimentos est\u00e1 garantida por rigorosos testes efetuados em laborat\u00f3rios qualificados.<\/span><\/p>\n<p>[\/vc_column_text][\/vc_column_inner][\/vc_row_inner][vc_row_inner el_class=&#8221;lista-faq&#8221;][vc_column_inner][vc_toggle title=&#8221;Que tipo de celulose \u00e9 que se utiliza para a produ\u00e7\u00e3o dos guardanapos Foxy?&#8221;]<span style=\"font-weight: 400;\">Todos os produtos Foxy s\u00e3o produzidos com celulose virgem 100 % pura de florestas certificadas e fontes controladas.<\/span><span style=\"font-weight: 400;\"><br \/>\n<\/span><span style=\"font-weight: 400;\">Os Foxy Trapuntati, Foxy Gran Tavola Escocesa e Foxy Happy Hour s\u00e3o produzidos com celulose pura de florestas certificadas FSC<\/span><span style=\"font-weight: 400;\">\u00ae<\/span><span style=\"font-weight: 400;\">. FSC<\/span><span style=\"font-weight: 400;\">\u00ae<\/span><span style=\"font-weight: 400;\"> (Conselho de Administra\u00e7\u00e3o Florestal) \u00e9 uma organiza\u00e7\u00e3o internacional n\u00e3o governamental sem fins lucrativos que promove a gest\u00e3o respons\u00e1vel das florestas em todo o mundo.<\/span><\/p>\n<p><span style=\"font-weight: 400;\">O Foxy Tuttid\u00ec \u00e9 produzido com celulose pura proveniente de florestas com certifica\u00e7\u00e3o PEFC<\/span><span style=\"font-weight: 400;\">\u00ae<\/span><span style=\"font-weight: 400;\">. O PEFC<\/span><span style=\"font-weight: 400;\">\u00ae<\/span><span style=\"font-weight: 400;\"> (Programa para o Reconhecimento de Esquemas de Certifica\u00e7\u00e3o Florestal) \u00e9 uma associa\u00e7\u00e3o internacional sem fins lucrativos que promove e gere um sistema de certifica\u00e7\u00e3o para a gest\u00e3o sustent\u00e1vel das florestas.<\/span><span style=\"font-weight: 400;\"><br \/>\n<\/span><span style=\"font-weight: 400;\">Para obter mais informa\u00e7\u00f5es, visite a sec\u00e7\u00e3o <\/span><span style=\"font-weight: 400;\">Sustentabilidade e certifica\u00e7\u00f5es<\/span><span style=\"font-weight: 400;\">.<\/span>[\/vc_toggle][vc_toggle title=&#8221;Como \u00e9 que posso eliminar as embalagens dos guardanapos Foxy?&#8221;]<span style=\"font-weight: 400;\">Todas as embalagens de guardanapos Foxy s\u00e3o 100 % recicl\u00e1veis e podem ser deitadas no contentor amarelo para pl\u00e1stico.<\/span><span style=\"font-weight: 400;\"><br \/>\n<\/span><span style=\"font-weight: 400;\">Em qualquer caso, \u00e9 recomend\u00e1vel que consulte a regula\u00e7\u00e3o do seu munic\u00edpio de resid\u00eancia.<\/span>[\/vc_toggle][vc_toggle title=&#8221;O papel dos produtos Foxy passa por um processo de branqueamento?&#8221;]<span style=\"font-weight: 400;\">Os fabricantes de celulose em que a Foxy se abastece n\u00e3o utilizam cloro gasoso (altamente contaminante) para efetuarem o processo de branqueamento.<\/span><span style=\"font-weight: 400;\">\u00a0<\/span><\/p>\n<p><span style=\"font-weight: 400;\">Al\u00e9m disso, toda a celulose utilizada est\u00e1 certificada de acordo com as principais normas relativas \u00e0 origem das florestas e \u00e0 gest\u00e3o respons\u00e1vel.<\/span>[\/vc_toggle][vc_toggle title=&#8221;Foram efetuados testes em animais durante o desenvolvimento dos produtos Foxy?&#8221;]<span style=\"font-weight: 400;\">N\u00e3o foram efetuados testes com animais no desenvolvimento dos produtos Foxy.<\/span>[\/vc_toggle][vc_toggle title=&#8221;Posso usar guardanapos em contacto com alimentos?&#8221;]<span style=\"font-weight: 400;\">Todos os guardanapos Foxy s\u00e3o testados para se garantir a sua idoneidade para o contacto com alimentos.<\/span> <span style=\"font-weight: 400;\">Aconselha-se que seja usado com a parte n\u00e3o decorada em contacto com os alimentos <\/span><span style=\"font-weight: 400;\"><br \/>\n<\/span><span style=\"font-weight: 400;\">Portanto, podem ser utilizados para:\u00a0<\/span><\/p>\n<ul>\n<li style=\"font-weight: 400;\" aria-level=\"1\"><span style=\"font-weight: 400;\">secar frutas e legumes lavados\u00a0<\/span><\/li>\n<li style=\"font-weight: 400;\" aria-level=\"1\"><span style=\"font-weight: 400;\">envolver alimentos para consumir fora de casa\u00a0<\/span><\/li>\n<li style=\"font-weight: 400;\" aria-level=\"1\"><span style=\"font-weight: 400;\">cobrir o cesto do p\u00e3o e o cesto das frutas<\/span><\/li>\n<li style=\"font-weight: 400;\" aria-level=\"1\"><span style=\"font-weight: 400;\">saboreie uma refei\u00e7\u00e3o leve em vez de com um prato ou uma toalha individual<\/span><\/li>\n<\/ul>\n<p>[\/vc_toggle][vc_toggle title=&#8221;Onde \u00e9 que posso deitar o guardanapo depois de o ter usado?&#8221;]<span style=\"font-weight: 400;\">Depende do tipo de uso:<\/span><\/p>\n<ul>\n<li style=\"font-weight: 400;\" aria-level=\"1\"><span style=\"font-weight: 400;\">se n\u00e3o contiver res\u00edduos org\u00e2nicos, pode-se deitar no contentor azul para papel<\/span><\/li>\n<li style=\"font-weight: 400;\" aria-level=\"1\"><span style=\"font-weight: 400;\">se contiver res\u00edduos org\u00e2nicos, pode-se deitar no contentor castanho para restos org\u00e2nicos<\/span><\/li>\n<li style=\"font-weight: 400;\" aria-level=\"1\"><span style=\"font-weight: 400;\">se for usado para limpar com detergentes ou outros produtos qu\u00edmicos, pode-se deitar no contentor cinzento para res\u00edduos mistos.<\/span><\/li>\n<\/ul>\n<p><span style=\"font-weight: 400;\">Em qualquer caso, \u00e9 recomend\u00e1vel que consulte a regula\u00e7\u00e3o do seu munic\u00edpio de resid\u00eancia.\u00a0<\/span>[\/vc_toggle][vc_toggle title=&#8221;Qual \u00e9 a diferen\u00e7a entre um guardanapo de uma folha e um guardanapo de duas folhas?&#8221;]<span style=\"font-weight: 400;\">Se procura comodidade e grandes quantidades sem sacrificar a qualidade gra\u00e7as \u00e0 sua maior gramagem, o Foxy Tuttid\u00ec \u00e9 o seu produto.<\/span><\/p>\n<p><span style=\"font-weight: 400;\">O Foxy Gran Tavola Escocesa, Foxy Trapuntati e Foxy Happy Hour, guardanapos de folha dupla, s\u00e3o ideais para quem quer que os seus guardanapos tenham a m\u00e1xima suavidade e consist\u00eancia. O Foxy Trapuntati, gra\u00e7as ao seu tamanho extragrande de 38 x 38 e \u00e0 sua bela textura acolchoada, \u00e9 uma verdadeira car\u00edcia para si e para os seus convidados.<\/span>[\/vc_toggle][vc_toggle title=&#8221;Posso deitar os guardanapos na sanita?&#8221;]<span style=\"font-weight: 400;\">N\u00e3o \u00e9 nada recomend\u00e1vel que se deitem os guardanapos na sanita.<\/span><span style=\"font-weight: 400;\"> Os guardanapos t\u00eam uma finalidade e uma resist\u00eancia diferentes das do papel higi\u00e9nico, que \u00e9 fabricado especialmente para que se dissolva na \u00e1gua em poucos segundos.<\/span>[\/vc_toggle][\/vc_column_inner][\/vc_row_inner][\/vc_column][\/vc_row]<\/p>\n","protected":false},"excerpt":{"rendered":"<p>[vc_row el_id=&#8221;faq_tovaglioli&#8221;][vc_column width=&#8221;2\/3&#8243; offset=&#8221;vc_col-lg-offset-2 vc_col-md-offset-2&#8243;][vc_column_text el_class=&#8221;title_category_faq&#8221;]Guardanapos[\/vc_column_text][vc_row_inner el_class=&#8221;faq_evidenza&#8221;][vc_column_inner width=&#8221;2\/2&#8243;][vc_column_text el_class=&#8221;faq_evidenza_title&#8221;] In evidenza[\/vc_column_text][\/vc_column_inner][vc_column_inner width=&#8221;1\/2&#8243;][vc_column_text el_class=&#8221;faq_evidenza_domanda&#8221;]As tintas utilizadas para as decora\u00e7\u00f5es dos guardanapos Foxy s\u00e3o seguras?[\/vc_column_text][\/vc_column_inner][vc_column_inner width=&#8221;1\/2&#8243;][vc_column_text el_class=&#8221;faq_evidenza_risposta&#8221;]As tintas utilizadas para a decora\u00e7\u00e3o&#8230;<\/p>\n","protected":false},"author":1,"featured_media":0,"parent":0,"menu_order":0,"comment_status":"closed","ping_status":"closed","template":"","meta":[],"categories":[],"tags":[],"yoast_head":"<!-- This site is optimized with the Yoast SEO plugin v19.14 - https:\/\/yoast.com\/wordpress\/plugins\/seo\/ -->\n<title>Widget Faq Guardanapos - Foxy<\/title>\n<meta name=\"robots\" content=\"index, follow, max-snippet:-1, max-image-preview:large, max-video-preview:-1\" \/>\n<link rel=\"canonical\" href=\"https:\/\/www.foxy.eu\/pt\/widget-faq-guardanapos\/\" \/>\n<meta property=\"og:locale\" content=\"pt_PT\" \/>\n<meta property=\"og:type\" content=\"article\" \/>\n<meta property=\"og:title\" content=\"Widget Faq Guardanapos - Foxy\" \/>\n<meta property=\"og:description\" content=\"[vc_row el_id=&#8221;faq_tovaglioli&#8221;][vc_column width=&#8221;2\/3&#8243; offset=&#8221;vc_col-lg-offset-2 vc_col-md-offset-2&#8243;][vc_column_text el_class=&#8221;title_category_faq&#8221;]Guardanapos[\/vc_column_text][vc_row_inner el_class=&#8221;faq_evidenza&#8221;][vc_column_inner width=&#8221;2\/2&#8243;][vc_column_text el_class=&#8221;faq_evidenza_title&#8221;] In evidenza[\/vc_column_text][\/vc_column_inner][vc_column_inner width=&#8221;1\/2&#8243;][vc_column_text el_class=&#8221;faq_evidenza_domanda&#8221;]As tintas utilizadas para as decora\u00e7\u00f5es dos guardanapos Foxy s\u00e3o seguras?[\/vc_column_text][\/vc_column_inner][vc_column_inner width=&#8221;1\/2&#8243;][vc_column_text el_class=&#8221;faq_evidenza_risposta&#8221;]As tintas utilizadas para a decora\u00e7\u00e3o...\" \/>\n<meta property=\"og:url\" content=\"https:\/\/www.foxy.eu\/pt\/widget-faq-guardanapos\/\" \/>\n<meta property=\"og:site_name\" content=\"Foxy\" \/>\n<meta property=\"article:publisher\" content=\"https:\/\/www.facebook.com\/Foxy.Italia\" \/>\n<meta property=\"og:image\" content=\"https:\/\/www.foxy.eu\/wp-content\/uploads\/2020\/09\/faq_evidenza@2x.png\" \/>\n<meta name=\"twitter:card\" content=\"summary_large_image\" \/>\n<meta name=\"twitter:label1\" content=\"Est. reading time\" \/>\n\t<meta name=\"twitter:data1\" content=\"4 minutos\" \/>\n<script type=\"application\/ld+json\" class=\"yoast-schema-graph\">{\"@context\":\"https:\/\/schema.org\",\"@graph\":[{\"@type\":\"WebPage\",\"@id\":\"https:\/\/www.foxy.eu\/pt\/widget-faq-guardanapos\/\",\"url\":\"https:\/\/www.foxy.eu\/pt\/widget-faq-guardanapos\/\",\"name\":\"Widget Faq Guardanapos - Foxy\",\"isPartOf\":{\"@id\":\"https:\/\/www.foxy.eu\/#website\"},\"datePublished\":\"2025-12-16T13:22:15+00:00\",\"dateModified\":\"2025-12-16T13:22:15+00:00\",\"breadcrumb\":{\"@id\":\"https:\/\/www.foxy.eu\/pt\/widget-faq-guardanapos\/#breadcrumb\"},\"inLanguage\":\"pt-PT\",\"potentialAction\":[{\"@type\":\"ReadAction\",\"target\":[\"https:\/\/www.foxy.eu\/pt\/widget-faq-guardanapos\/\"]}]},{\"@type\":\"BreadcrumbList\",\"@id\":\"https:\/\/www.foxy.eu\/pt\/widget-faq-guardanapos\/#breadcrumb\",\"itemListElement\":[{\"@type\":\"ListItem\",\"position\":1,\"name\":\"Home\",\"item\":\"https:\/\/www.foxy.eu\/pt\/\"},{\"@type\":\"ListItem\",\"position\":2,\"name\":\"Widget Faq Guardanapos\"}]},{\"@type\":\"WebSite\",\"@id\":\"https:\/\/www.foxy.eu\/#website\",\"url\":\"https:\/\/www.foxy.eu\/\",\"name\":\"Foxy\",\"description\":\"Un nuovo sito targato WordPress\",\"publisher\":{\"@id\":\"https:\/\/www.foxy.eu\/#organization\"},\"alternateName\":\"Scopri tutta la gamma di prodotti e iniziative Foxy. Abbiamo pensato a un mondo su misura per te.\",\"potentialAction\":[{\"@type\":\"SearchAction\",\"target\":{\"@type\":\"EntryPoint\",\"urlTemplate\":\"https:\/\/www.foxy.eu\/?s={search_term_string}\"},\"query-input\":\"required name=search_term_string\"}],\"inLanguage\":\"pt-PT\"},{\"@type\":\"Organization\",\"@id\":\"https:\/\/www.foxy.eu\/#organization\",\"name\":\"Foxy | Sempre vicina a te!\",\"alternateName\":\"Scopri tutta la gamma di prodotti e iniziative Foxy. Abbiamo pensato a un mondo su misura per te.\",\"url\":\"https:\/\/www.foxy.eu\/\",\"logo\":{\"@type\":\"ImageObject\",\"inLanguage\":\"pt-PT\",\"@id\":\"https:\/\/www.foxy.eu\/#\/schema\/logo\/image\/\",\"url\":\"https:\/\/enkaz3824io.exactdn.com\/wp-content\/uploads\/2020\/07\/hp_big_logo@2x.png?strip=all&lossy=1&ssl=1\",\"contentUrl\":\"https:\/\/enkaz3824io.exactdn.com\/wp-content\/uploads\/2020\/07\/hp_big_logo@2x.png?strip=all&lossy=1&ssl=1\",\"width\":518,\"height\":366,\"caption\":\"Foxy | Sempre vicina a te!\"},\"image\":{\"@id\":\"https:\/\/www.foxy.eu\/#\/schema\/logo\/image\/\"},\"sameAs\":[\"https:\/\/www.instagram.com\/foxy\/\",\"https:\/\/www.youtube.com\/channel\/UCpCfvrNg7u0O0jSeH9B9ygA\",\"https:\/\/www.facebook.com\/Foxy.Italia\"]}]}<\/script>\n<!-- \/ Yoast SEO plugin. -->","yoast_head_json":{"title":"Widget Faq Guardanapos - Foxy","robots":{"index":"index","follow":"follow","max-snippet":"max-snippet:-1","max-image-preview":"max-image-preview:large","max-video-preview":"max-video-preview:-1"},"canonical":"https:\/\/www.foxy.eu\/pt\/widget-faq-guardanapos\/","og_locale":"pt_PT","og_type":"article","og_title":"Widget Faq Guardanapos - Foxy","og_description":"[vc_row el_id=&#8221;faq_tovaglioli&#8221;][vc_column width=&#8221;2\/3&#8243; offset=&#8221;vc_col-lg-offset-2 vc_col-md-offset-2&#8243;][vc_column_text el_class=&#8221;title_category_faq&#8221;]Guardanapos[\/vc_column_text][vc_row_inner el_class=&#8221;faq_evidenza&#8221;][vc_column_inner width=&#8221;2\/2&#8243;][vc_column_text el_class=&#8221;faq_evidenza_title&#8221;] In evidenza[\/vc_column_text][\/vc_column_inner][vc_column_inner width=&#8221;1\/2&#8243;][vc_column_text el_class=&#8221;faq_evidenza_domanda&#8221;]As tintas utilizadas para as decora\u00e7\u00f5es dos guardanapos Foxy s\u00e3o seguras?[\/vc_column_text][\/vc_column_inner][vc_column_inner width=&#8221;1\/2&#8243;][vc_column_text el_class=&#8221;faq_evidenza_risposta&#8221;]As tintas utilizadas para a decora\u00e7\u00e3o...","og_url":"https:\/\/www.foxy.eu\/pt\/widget-faq-guardanapos\/","og_site_name":"Foxy","article_publisher":"https:\/\/www.facebook.com\/Foxy.Italia","og_image":[{"url":"https:\/\/www.foxy.eu\/wp-content\/uploads\/2020\/09\/faq_evidenza@2x.png"}],"twitter_card":"summary_large_image","twitter_misc":{"Est. reading time":"4 minutos"},"schema":{"@context":"https:\/\/schema.org","@graph":[{"@type":"WebPage","@id":"https:\/\/www.foxy.eu\/pt\/widget-faq-guardanapos\/","url":"https:\/\/www.foxy.eu\/pt\/widget-faq-guardanapos\/","name":"Widget Faq Guardanapos - Foxy","isPartOf":{"@id":"https:\/\/www.foxy.eu\/#website"},"datePublished":"2025-12-16T13:22:15+00:00","dateModified":"2025-12-16T13:22:15+00:00","breadcrumb":{"@id":"https:\/\/www.foxy.eu\/pt\/widget-faq-guardanapos\/#breadcrumb"},"inLanguage":"pt-PT","potentialAction":[{"@type":"ReadAction","target":["https:\/\/www.foxy.eu\/pt\/widget-faq-guardanapos\/"]}]},{"@type":"BreadcrumbList","@id":"https:\/\/www.foxy.eu\/pt\/widget-faq-guardanapos\/#breadcrumb","itemListElement":[{"@type":"ListItem","position":1,"name":"Home","item":"https:\/\/www.foxy.eu\/pt\/"},{"@type":"ListItem","position":2,"name":"Widget Faq Guardanapos"}]},{"@type":"WebSite","@id":"https:\/\/www.foxy.eu\/#website","url":"https:\/\/www.foxy.eu\/","name":"Foxy","description":"Un nuovo sito targato WordPress","publisher":{"@id":"https:\/\/www.foxy.eu\/#organization"},"alternateName":"Scopri tutta la gamma di prodotti e iniziative Foxy. Abbiamo pensato a un mondo su misura per te.","potentialAction":[{"@type":"SearchAction","target":{"@type":"EntryPoint","urlTemplate":"https:\/\/www.foxy.eu\/?s={search_term_string}"},"query-input":"required name=search_term_string"}],"inLanguage":"pt-PT"},{"@type":"Organization","@id":"https:\/\/www.foxy.eu\/#organization","name":"Foxy | Sempre vicina a te!","alternateName":"Scopri tutta la gamma di prodotti e iniziative Foxy. Abbiamo pensato a un mondo su misura per te.","url":"https:\/\/www.foxy.eu\/","logo":{"@type":"ImageObject","inLanguage":"pt-PT","@id":"https:\/\/www.foxy.eu\/#\/schema\/logo\/image\/","url":"https:\/\/enkaz3824io.exactdn.com\/wp-content\/uploads\/2020\/07\/hp_big_logo@2x.png?strip=all&lossy=1&ssl=1","contentUrl":"https:\/\/enkaz3824io.exactdn.com\/wp-content\/uploads\/2020\/07\/hp_big_logo@2x.png?strip=all&lossy=1&ssl=1","width":518,"height":366,"caption":"Foxy | Sempre vicina a te!"},"image":{"@id":"https:\/\/www.foxy.eu\/#\/schema\/logo\/image\/"},"sameAs":["https:\/\/www.instagram.com\/foxy\/","https:\/\/www.youtube.com\/channel\/UCpCfvrNg7u0O0jSeH9B9ygA","https:\/\/www.facebook.com\/Foxy.Italia"]}]}},"_links":{"self":[{"href":"https:\/\/www.foxy.eu\/pt\/wp-json\/wp\/v2\/pages\/28460"}],"collection":[{"href":"https:\/\/www.foxy.eu\/pt\/wp-json\/wp\/v2\/pages"}],"about":[{"href":"https:\/\/www.foxy.eu\/pt\/wp-json\/wp\/v2\/types\/page"}],"author":[{"embeddable":true,"href":"https:\/\/www.foxy.eu\/pt\/wp-json\/wp\/v2\/users\/1"}],"replies":[{"embeddable":true,"href":"https:\/\/www.foxy.eu\/pt\/wp-json\/wp\/v2\/comments?post=28460"}],"version-history":[{"count":1,"href":"https:\/\/www.foxy.eu\/pt\/wp-json\/wp\/v2\/pages\/28460\/revisions"}],"predecessor-version":[{"id":28461,"href":"https:\/\/www.foxy.eu\/pt\/wp-json\/wp\/v2\/pages\/28460\/revisions\/28461"}],"wp:attachment":[{"href":"https:\/\/www.foxy.eu\/pt\/wp-json\/wp\/v2\/media?parent=28460"}],"wp:term":[{"taxonomy":"category","embeddable":true,"href":"https:\/\/www.foxy.eu\/pt\/wp-json\/wp\/v2\/categories?post=28460"},{"taxonomy":"post_tag","embeddable":true,"href":"https:\/\/www.foxy.eu\/pt\/wp-json\/wp\/v2\/tags?post=28460"}],"curies":[{"name":"wp","href":"https:\/\/api.w.org\/{rel}","templated":true}]}}