
{"id":28457,"date":"2025-12-16T14:13:03","date_gmt":"2025-12-16T13:13:03","guid":{"rendered":"https:\/\/www.foxy.eu\/?page_id=28457"},"modified":"2025-12-16T14:13:03","modified_gmt":"2025-12-16T13:13:03","slug":"widget-faq-papel-higienico","status":"publish","type":"page","link":"https:\/\/www.foxy.eu\/pt\/widget-faq-papel-higienico\/","title":{"rendered":"Widget Faq papel higi\u00e9nico"},"content":{"rendered":"<p>[vc_row el_id=&#8221;faq_carta_igienica&#8221;][vc_column width=&#8221;2\/3&#8243; offset=&#8221;vc_col-lg-offset-2 vc_col-md-offset-2&#8243;][vc_column_text el_class=&#8221;title_category_faq&#8221;]Papel higi\u00e9nico[\/vc_column_text][vc_row_inner el_class=&#8221;faq_evidenza&#8221;][vc_column_inner width=&#8221;2\/2&#8243;][vc_column_text el_class=&#8221;faq_evidenza_title&#8221;]<img decoding=\"async\" class=\"alignnone size-full wp-image-1077\" src=\"https:\/\/enkaz3824io.exactdn.com\/wp-content\/uploads\/2020\/09\/faq_evidenza@2x.png?strip=all&lossy=1&resize=63%2C63&ssl=1\" alt=\"\" width=\"63\" height=\"63\" \/> In evidenza[\/vc_column_text][\/vc_column_inner][vc_column_inner width=&#8221;1\/2&#8243;][vc_column_text el_class=&#8221;faq_evidenza_domanda&#8221;]Que \u00e9 que significa o \u00abClinicamente testado\u00bb das embalagens de papel higi\u00e9nico Foxy?[\/vc_column_text][\/vc_column_inner][vc_column_inner width=&#8221;1\/2&#8243;][vc_column_text el_class=&#8221;faq_evidenza_risposta&#8221;]<span style=\"font-weight: 400;\">Clinicamente testado significa que o papel higi\u00e9nico Foxy pode ser usado com toda a seguran\u00e7a, e que est\u00e1 garantido por rigorosos testes efetuados em laborat\u00f3rios qualificados.<\/span>[\/vc_column_text][\/vc_column_inner][\/vc_row_inner][vc_row_inner el_class=&#8221;lista-faq&#8221;][vc_column_inner][vc_toggle title=&#8221;Que tipo de celulose \u00e9 que se utiliza para a produ\u00e7\u00e3o do papel higi\u00e9nico Foxy?&#8221;]<span style=\"font-weight: 400;\">Todos os produtos Foxy s\u00e3o produzidos com celulose virgem 100 % pura de florestas certificadas e fontes controladas.<\/span><span style=\"font-weight: 400;\"><br \/>\n<\/span><span style=\"font-weight: 400;\">O Foxy Seda, Foxy Cotton, Foxy Ultrasoft e Foxy Gran Acolchado s\u00e3o produzidos com celulose pura de florestas certificadas FSC<\/span><span style=\"font-weight: 400;\">\u00ae<\/span><span style=\"font-weight: 400;\">. FSC<\/span><span style=\"font-weight: 400;\">\u00ae<\/span><span style=\"font-weight: 400;\"> (Conselho de Administra\u00e7\u00e3o Florestal) \u00e9 uma organiza\u00e7\u00e3o internacional n\u00e3o governamental sem fins lucrativos que promove a gest\u00e3o respons\u00e1vel das florestas em todo o mundo.<\/span><\/p>\n<p><span style=\"font-weight: 400;\">O Foxy Mega3, Foxy Bouquet, Foxy Supersoft e Foxy Compact s\u00e3o produzidos com celulose pura de florestas certificadas PEFC<\/span><span style=\"font-weight: 400;\">\u00ae<\/span><span style=\"font-weight: 400;\">. O PEFC<\/span><span style=\"font-weight: 400;\">\u00ae<\/span><span style=\"font-weight: 400;\"> (Programa para o Reconhecimento de Esquemas de Certifica\u00e7\u00e3o Florestal) \u00e9 uma associa\u00e7\u00e3o internacional sem fins lucrativos que promove e gere um sistema de certifica\u00e7\u00e3o para a gest\u00e3o sustent\u00e1vel das florestas.<\/span><span style=\"font-weight: 400;\"><br \/>\n<\/span><span style=\"font-weight: 400;\">Para obter mais informa\u00e7\u00f5es, visite a sec\u00e7\u00e3o <\/span><span style=\"font-weight: 400;\">Sustentabilidade e certifica\u00e7\u00f5es<\/span><span style=\"font-weight: 400;\">.<\/span>[\/vc_toggle][vc_toggle title=&#8221;Como \u00e9 que posso desfazer-me das embalagens de papel higi\u00e9nico Foxy?&#8221;]<span style=\"font-weight: 400;\">Todas as embalagens de papel higi\u00e9nico Foxy s\u00e3o 100 % recicl\u00e1veis e podem ser deitadas no contentor amarelo para pl\u00e1stico. <\/span><span style=\"font-weight: 400;\"><br \/>\n<\/span><span style=\"font-weight: 400;\">Em qualquer caso, \u00e9 recomend\u00e1vel que consulte a regula\u00e7\u00e3o do seu munic\u00edpio de resid\u00eancia.<\/span>[\/vc_toggle][vc_toggle title=&#8221;O papel dos produtos Foxy passa por um processo de branqueamento?&#8221;]<span style=\"font-weight: 400;\">Os fabricantes de celulose em que a Foxy se abastece n\u00e3o utilizam cloro gasoso (altamente contaminante) para efetuarem o processo de branqueamento.<\/span><\/p>\n<p><span style=\"font-weight: 400;\">Al\u00e9m disso, toda a celulose utilizada est\u00e1 certificada de acordo com as principais normas relativas \u00e0 origem das florestas e \u00e0 gest\u00e3o respons\u00e1vel.<\/span>[\/vc_toggle][vc_toggle title=&#8221;Os tubos dos rolos de papel higi\u00e9nico s\u00e3o feitos com celulose virgem ou reciclada?&#8221;]<span style=\"font-weight: 400;\">Os tubos dos rolos de papel higi\u00e9nico Foxy s\u00e3o fabricados unicamente com papel reciclado.\u00a0<\/span><\/p>\n<p><span style=\"font-weight: 400;\">Depois de esgotado o produto, podem-se deitar no contentor azul para papel.\u00a0<\/span><\/p>\n<p><span style=\"font-weight: 400;\">Em qualquer caso, \u00e9 recomend\u00e1vel que consulte a regula\u00e7\u00e3o do seu munic\u00edpio de resid\u00eancia.<\/span>[\/vc_toggle][vc_toggle title=&#8221;Foram efetuados testes em animais durante o desenvolvimento dos produtos Foxy?&#8221;]<span style=\"font-weight: 400;\">N\u00e3o foram efetuados testes com animais no desenvolvimento dos produtos Foxy.<\/span>[\/vc_toggle][vc_toggle title=&#8221;Como \u00e9 que se aplica o perfume aos pap\u00e9is higi\u00e9nicos Foxy Seda e Foxy Bouquet?&#8221;]<span style=\"font-weight: 400;\">A fragr\u00e2ncia \u00e9 aplicada sobre o n\u00facleo de cart\u00e3o, evitando-se assim o contacto direto entre a fragr\u00e2ncia e as partes \u00edntimas. Al\u00e9m disso, os perfumes utilizados n\u00e3o cont\u00eam alerg\u00e9nios, de acordo com a regula\u00e7\u00e3o em vigor.<\/span><\/p>\n<p><span style=\"font-weight: 400;\">Cada papel higi\u00e9nico \u00e9 combinado com uma fragr\u00e2ncia particular, para todos os gostos:<\/span><\/p>\n<ul>\n<li><span style=\"font-weight: 400;\">Foxy Seda, delicadamente perfumado com talco<\/span><\/li>\n<li><span style=\"font-weight: 400;\">Foxy Bouquet Rosa, com o fresco aroma a rosa<\/span><\/li>\n<li><span style=\"font-weight: 400;\">Foxy Bouquet Azul, com suaves toques de lavanda<\/span><\/li>\n<li><span style=\"font-weight: 400;\">Foxy Bouquet P\u00eassego, com uma delicada fragr\u00e2ncia de pesca<\/span><\/li>\n<\/ul>\n<p>[\/vc_toggle][vc_toggle title=&#8221;As tintas utilizadas para as decora\u00e7\u00f5es de papel higi\u00e9nico Foxy Mega3 s\u00e3o seguras? &#8220;]<span style=\"font-weight: 400;\">As tintas utilizadas para a decora\u00e7\u00e3o do papel higi\u00e9nico Foxy Mega3 s\u00e3o \u00e0 base de \u00e1gua e n\u00e3o s\u00e3o t\u00f3xicas.<\/span><span style=\"font-weight: 400;\"><br \/>\n<\/span><span style=\"font-weight: 400;\">Al\u00e9m disso, todos os pap\u00e9is higi\u00e9nicos Foxy est\u00e3o clinicamente testados: a idoneidade para o contacto com todo o tipo de peles, incluindo as mais sens\u00edveis, est\u00e1 garantida por rigorosos testes efetuados em laborat\u00f3rios qualificados.\u00a0<\/span>[\/vc_toggle][vc_toggle title=&#8221;Quanto tempo \u00e9 que o papel higi\u00e9nico demora a desfazer-se depois de ser deitado na sanita?&#8221;]<span style=\"font-weight: 400;\">Precisamente pelo uso ao qual est\u00e1 destinado, o papel higi\u00e9nico \u00e9 fabricado especialmente para que se dissolva na \u00e1gua em menos de 30 segundos, com uma m\u00e9dia de 5 a 10 segundos.<\/span>[\/vc_toggle][vc_toggle title=&#8221;O Foxy Bouquet \u00e9 um papel higi\u00e9nico colorido. Os corantes utilizados s\u00e3o seguros?&#8221;]<span style=\"font-weight: 400;\">O processo de colora\u00e7\u00e3o tem lugar na fase de produ\u00e7\u00e3o do papel e \u00e9 efetuado com cores adequadas para serem usadas em produtos destinados ao contacto com a pele.<\/span><span style=\"font-weight: 400;\"><br \/>\n<\/span><span style=\"font-weight: 400;\">O Foxy Bouquet tem 3 camadas: as camadas exteriores s\u00e3o as camadas coloridas, dado que a interm\u00e9dia \u00e9 branca.<\/span><span style=\"font-weight: 400;\"><br \/>\n<\/span><span style=\"font-weight: 400;\">Clinicamente testado significa que o papel higi\u00e9nico Foxy Bouquet pode ser usado com toda a seguran\u00e7a, e que est\u00e1 garantido por rigorosos testes efetuados em laborat\u00f3rios qualificados.<\/span>[\/vc_toggle][\/vc_column_inner][\/vc_row_inner][\/vc_column][\/vc_row]<\/p>\n","protected":false},"excerpt":{"rendered":"<p>[vc_row el_id=&#8221;faq_carta_igienica&#8221;][vc_column width=&#8221;2\/3&#8243; offset=&#8221;vc_col-lg-offset-2 vc_col-md-offset-2&#8243;][vc_column_text el_class=&#8221;title_category_faq&#8221;]Papel higi\u00e9nico[\/vc_column_text][vc_row_inner el_class=&#8221;faq_evidenza&#8221;][vc_column_inner width=&#8221;2\/2&#8243;][vc_column_text el_class=&#8221;faq_evidenza_title&#8221;] In evidenza[\/vc_column_text][\/vc_column_inner][vc_column_inner width=&#8221;1\/2&#8243;][vc_column_text el_class=&#8221;faq_evidenza_domanda&#8221;]Que \u00e9 que significa o \u00abClinicamente testado\u00bb das embalagens de papel higi\u00e9nico Foxy?[\/vc_column_text][\/vc_column_inner][vc_column_inner width=&#8221;1\/2&#8243;][vc_column_text el_class=&#8221;faq_evidenza_risposta&#8221;]Clinicamente testado significa&#8230;<\/p>\n","protected":false},"author":1,"featured_media":0,"parent":0,"menu_order":0,"comment_status":"closed","ping_status":"closed","template":"","meta":[],"categories":[],"tags":[],"yoast_head":"<!-- This site is optimized with the Yoast SEO plugin v19.14 - https:\/\/yoast.com\/wordpress\/plugins\/seo\/ -->\n<title>Widget Faq papel higi\u00e9nico - Foxy<\/title>\n<meta name=\"robots\" content=\"index, follow, max-snippet:-1, max-image-preview:large, max-video-preview:-1\" \/>\n<link rel=\"canonical\" href=\"https:\/\/www.foxy.eu\/pt\/widget-faq-papel-higienico\/\" \/>\n<meta property=\"og:locale\" content=\"pt_PT\" \/>\n<meta property=\"og:type\" content=\"article\" \/>\n<meta property=\"og:title\" content=\"Widget Faq papel higi\u00e9nico - Foxy\" \/>\n<meta property=\"og:description\" content=\"[vc_row el_id=&#8221;faq_carta_igienica&#8221;][vc_column width=&#8221;2\/3&#8243; offset=&#8221;vc_col-lg-offset-2 vc_col-md-offset-2&#8243;][vc_column_text el_class=&#8221;title_category_faq&#8221;]Papel higi\u00e9nico[\/vc_column_text][vc_row_inner el_class=&#8221;faq_evidenza&#8221;][vc_column_inner width=&#8221;2\/2&#8243;][vc_column_text el_class=&#8221;faq_evidenza_title&#8221;] In evidenza[\/vc_column_text][\/vc_column_inner][vc_column_inner width=&#8221;1\/2&#8243;][vc_column_text el_class=&#8221;faq_evidenza_domanda&#8221;]Que \u00e9 que significa o \u00abClinicamente testado\u00bb das embalagens de papel higi\u00e9nico Foxy?[\/vc_column_text][\/vc_column_inner][vc_column_inner width=&#8221;1\/2&#8243;][vc_column_text el_class=&#8221;faq_evidenza_risposta&#8221;]Clinicamente testado significa...\" \/>\n<meta property=\"og:url\" content=\"https:\/\/www.foxy.eu\/pt\/widget-faq-papel-higienico\/\" \/>\n<meta property=\"og:site_name\" content=\"Foxy\" \/>\n<meta property=\"article:publisher\" content=\"https:\/\/www.facebook.com\/Foxy.Italia\" \/>\n<meta property=\"og:image\" content=\"https:\/\/www.foxy.eu\/wp-content\/uploads\/2020\/09\/faq_evidenza@2x.png\" \/>\n<meta name=\"twitter:card\" content=\"summary_large_image\" \/>\n<meta name=\"twitter:label1\" content=\"Est. reading time\" \/>\n\t<meta name=\"twitter:data1\" content=\"4 minutos\" \/>\n<script type=\"application\/ld+json\" class=\"yoast-schema-graph\">{\"@context\":\"https:\/\/schema.org\",\"@graph\":[{\"@type\":\"WebPage\",\"@id\":\"https:\/\/www.foxy.eu\/pt\/widget-faq-papel-higienico\/\",\"url\":\"https:\/\/www.foxy.eu\/pt\/widget-faq-papel-higienico\/\",\"name\":\"Widget Faq papel higi\u00e9nico - Foxy\",\"isPartOf\":{\"@id\":\"https:\/\/www.foxy.eu\/#website\"},\"datePublished\":\"2025-12-16T13:13:03+00:00\",\"dateModified\":\"2025-12-16T13:13:03+00:00\",\"breadcrumb\":{\"@id\":\"https:\/\/www.foxy.eu\/pt\/widget-faq-papel-higienico\/#breadcrumb\"},\"inLanguage\":\"pt-PT\",\"potentialAction\":[{\"@type\":\"ReadAction\",\"target\":[\"https:\/\/www.foxy.eu\/pt\/widget-faq-papel-higienico\/\"]}]},{\"@type\":\"BreadcrumbList\",\"@id\":\"https:\/\/www.foxy.eu\/pt\/widget-faq-papel-higienico\/#breadcrumb\",\"itemListElement\":[{\"@type\":\"ListItem\",\"position\":1,\"name\":\"Home\",\"item\":\"https:\/\/www.foxy.eu\/pt\/\"},{\"@type\":\"ListItem\",\"position\":2,\"name\":\"Widget Faq papel higi\u00e9nico\"}]},{\"@type\":\"WebSite\",\"@id\":\"https:\/\/www.foxy.eu\/#website\",\"url\":\"https:\/\/www.foxy.eu\/\",\"name\":\"Foxy\",\"description\":\"Un nuovo sito targato WordPress\",\"publisher\":{\"@id\":\"https:\/\/www.foxy.eu\/#organization\"},\"alternateName\":\"Scopri tutta la gamma di prodotti e iniziative Foxy. Abbiamo pensato a un mondo su misura per te.\",\"potentialAction\":[{\"@type\":\"SearchAction\",\"target\":{\"@type\":\"EntryPoint\",\"urlTemplate\":\"https:\/\/www.foxy.eu\/?s={search_term_string}\"},\"query-input\":\"required name=search_term_string\"}],\"inLanguage\":\"pt-PT\"},{\"@type\":\"Organization\",\"@id\":\"https:\/\/www.foxy.eu\/#organization\",\"name\":\"Foxy | Sempre vicina a te!\",\"alternateName\":\"Scopri tutta la gamma di prodotti e iniziative Foxy. Abbiamo pensato a un mondo su misura per te.\",\"url\":\"https:\/\/www.foxy.eu\/\",\"logo\":{\"@type\":\"ImageObject\",\"inLanguage\":\"pt-PT\",\"@id\":\"https:\/\/www.foxy.eu\/#\/schema\/logo\/image\/\",\"url\":\"https:\/\/enkaz3824io.exactdn.com\/wp-content\/uploads\/2020\/07\/hp_big_logo@2x.png?strip=all&lossy=1&ssl=1\",\"contentUrl\":\"https:\/\/enkaz3824io.exactdn.com\/wp-content\/uploads\/2020\/07\/hp_big_logo@2x.png?strip=all&lossy=1&ssl=1\",\"width\":518,\"height\":366,\"caption\":\"Foxy | Sempre vicina a te!\"},\"image\":{\"@id\":\"https:\/\/www.foxy.eu\/#\/schema\/logo\/image\/\"},\"sameAs\":[\"https:\/\/www.instagram.com\/foxy\/\",\"https:\/\/www.youtube.com\/channel\/UCpCfvrNg7u0O0jSeH9B9ygA\",\"https:\/\/www.facebook.com\/Foxy.Italia\"]}]}<\/script>\n<!-- \/ Yoast SEO plugin. -->","yoast_head_json":{"title":"Widget Faq papel higi\u00e9nico - Foxy","robots":{"index":"index","follow":"follow","max-snippet":"max-snippet:-1","max-image-preview":"max-image-preview:large","max-video-preview":"max-video-preview:-1"},"canonical":"https:\/\/www.foxy.eu\/pt\/widget-faq-papel-higienico\/","og_locale":"pt_PT","og_type":"article","og_title":"Widget Faq papel higi\u00e9nico - Foxy","og_description":"[vc_row el_id=&#8221;faq_carta_igienica&#8221;][vc_column width=&#8221;2\/3&#8243; offset=&#8221;vc_col-lg-offset-2 vc_col-md-offset-2&#8243;][vc_column_text el_class=&#8221;title_category_faq&#8221;]Papel higi\u00e9nico[\/vc_column_text][vc_row_inner el_class=&#8221;faq_evidenza&#8221;][vc_column_inner width=&#8221;2\/2&#8243;][vc_column_text el_class=&#8221;faq_evidenza_title&#8221;] In evidenza[\/vc_column_text][\/vc_column_inner][vc_column_inner width=&#8221;1\/2&#8243;][vc_column_text el_class=&#8221;faq_evidenza_domanda&#8221;]Que \u00e9 que significa o \u00abClinicamente testado\u00bb das embalagens de papel higi\u00e9nico Foxy?[\/vc_column_text][\/vc_column_inner][vc_column_inner width=&#8221;1\/2&#8243;][vc_column_text el_class=&#8221;faq_evidenza_risposta&#8221;]Clinicamente testado significa...","og_url":"https:\/\/www.foxy.eu\/pt\/widget-faq-papel-higienico\/","og_site_name":"Foxy","article_publisher":"https:\/\/www.facebook.com\/Foxy.Italia","og_image":[{"url":"https:\/\/www.foxy.eu\/wp-content\/uploads\/2020\/09\/faq_evidenza@2x.png"}],"twitter_card":"summary_large_image","twitter_misc":{"Est. reading time":"4 minutos"},"schema":{"@context":"https:\/\/schema.org","@graph":[{"@type":"WebPage","@id":"https:\/\/www.foxy.eu\/pt\/widget-faq-papel-higienico\/","url":"https:\/\/www.foxy.eu\/pt\/widget-faq-papel-higienico\/","name":"Widget Faq papel higi\u00e9nico - Foxy","isPartOf":{"@id":"https:\/\/www.foxy.eu\/#website"},"datePublished":"2025-12-16T13:13:03+00:00","dateModified":"2025-12-16T13:13:03+00:00","breadcrumb":{"@id":"https:\/\/www.foxy.eu\/pt\/widget-faq-papel-higienico\/#breadcrumb"},"inLanguage":"pt-PT","potentialAction":[{"@type":"ReadAction","target":["https:\/\/www.foxy.eu\/pt\/widget-faq-papel-higienico\/"]}]},{"@type":"BreadcrumbList","@id":"https:\/\/www.foxy.eu\/pt\/widget-faq-papel-higienico\/#breadcrumb","itemListElement":[{"@type":"ListItem","position":1,"name":"Home","item":"https:\/\/www.foxy.eu\/pt\/"},{"@type":"ListItem","position":2,"name":"Widget Faq papel higi\u00e9nico"}]},{"@type":"WebSite","@id":"https:\/\/www.foxy.eu\/#website","url":"https:\/\/www.foxy.eu\/","name":"Foxy","description":"Un nuovo sito targato WordPress","publisher":{"@id":"https:\/\/www.foxy.eu\/#organization"},"alternateName":"Scopri tutta la gamma di prodotti e iniziative Foxy. Abbiamo pensato a un mondo su misura per te.","potentialAction":[{"@type":"SearchAction","target":{"@type":"EntryPoint","urlTemplate":"https:\/\/www.foxy.eu\/?s={search_term_string}"},"query-input":"required name=search_term_string"}],"inLanguage":"pt-PT"},{"@type":"Organization","@id":"https:\/\/www.foxy.eu\/#organization","name":"Foxy | Sempre vicina a te!","alternateName":"Scopri tutta la gamma di prodotti e iniziative Foxy. Abbiamo pensato a un mondo su misura per te.","url":"https:\/\/www.foxy.eu\/","logo":{"@type":"ImageObject","inLanguage":"pt-PT","@id":"https:\/\/www.foxy.eu\/#\/schema\/logo\/image\/","url":"https:\/\/enkaz3824io.exactdn.com\/wp-content\/uploads\/2020\/07\/hp_big_logo@2x.png?strip=all&lossy=1&ssl=1","contentUrl":"https:\/\/enkaz3824io.exactdn.com\/wp-content\/uploads\/2020\/07\/hp_big_logo@2x.png?strip=all&lossy=1&ssl=1","width":518,"height":366,"caption":"Foxy | Sempre vicina a te!"},"image":{"@id":"https:\/\/www.foxy.eu\/#\/schema\/logo\/image\/"},"sameAs":["https:\/\/www.instagram.com\/foxy\/","https:\/\/www.youtube.com\/channel\/UCpCfvrNg7u0O0jSeH9B9ygA","https:\/\/www.facebook.com\/Foxy.Italia"]}]}},"_links":{"self":[{"href":"https:\/\/www.foxy.eu\/pt\/wp-json\/wp\/v2\/pages\/28457"}],"collection":[{"href":"https:\/\/www.foxy.eu\/pt\/wp-json\/wp\/v2\/pages"}],"about":[{"href":"https:\/\/www.foxy.eu\/pt\/wp-json\/wp\/v2\/types\/page"}],"author":[{"embeddable":true,"href":"https:\/\/www.foxy.eu\/pt\/wp-json\/wp\/v2\/users\/1"}],"replies":[{"embeddable":true,"href":"https:\/\/www.foxy.eu\/pt\/wp-json\/wp\/v2\/comments?post=28457"}],"version-history":[{"count":1,"href":"https:\/\/www.foxy.eu\/pt\/wp-json\/wp\/v2\/pages\/28457\/revisions"}],"predecessor-version":[{"id":28459,"href":"https:\/\/www.foxy.eu\/pt\/wp-json\/wp\/v2\/pages\/28457\/revisions\/28459"}],"wp:attachment":[{"href":"https:\/\/www.foxy.eu\/pt\/wp-json\/wp\/v2\/media?parent=28457"}],"wp:term":[{"taxonomy":"category","embeddable":true,"href":"https:\/\/www.foxy.eu\/pt\/wp-json\/wp\/v2\/categories?post=28457"},{"taxonomy":"post_tag","embeddable":true,"href":"https:\/\/www.foxy.eu\/pt\/wp-json\/wp\/v2\/tags?post=28457"}],"curies":[{"name":"wp","href":"https:\/\/api.w.org\/{rel}","templated":true}]}}