
{"id":28455,"date":"2025-12-16T12:51:58","date_gmt":"2025-12-16T11:51:58","guid":{"rendered":"https:\/\/www.foxy.eu\/?page_id=28455"},"modified":"2025-12-16T12:51:58","modified_gmt":"2025-12-16T11:51:58","slug":"widget-faq-papel-de-cozinha","status":"publish","type":"page","link":"https:\/\/www.foxy.eu\/pt\/widget-faq-papel-de-cozinha\/","title":{"rendered":"Widget Faq papel de cozinha"},"content":{"rendered":"<p>[vc_row el_id=&#8221;faq_asciugatutto&#8221;][vc_column width=&#8221;2\/3&#8243; offset=&#8221;vc_col-lg-offset-2 vc_col-md-offset-2&#8243;][vc_column_text el_class=&#8221;title_category_faq&#8221;]Papel de cozinha[\/vc_column_text][vc_row_inner el_class=&#8221;faq_evidenza&#8221;][vc_column_inner width=&#8221;2\/2&#8243;][vc_column_text el_class=&#8221;faq_evidenza_title&#8221;]<img decoding=\"async\" class=\"alignnone size-full wp-image-1077\" src=\"https:\/\/enkaz3824io.exactdn.com\/wp-content\/uploads\/2020\/09\/faq_evidenza@2x.png?strip=all&lossy=1&resize=63%2C63&ssl=1\" alt=\"\" width=\"63\" height=\"63\" \/> In evidenza[\/vc_column_text][\/vc_column_inner][vc_column_inner width=&#8221;1\/2&#8243;][vc_column_text el_class=&#8221;faq_evidenza_domanda&#8221;]Onde \u00e9 que posso deitar o papel de cozinha depois de o ter usado?[\/vc_column_text][\/vc_column_inner][vc_column_inner width=&#8221;1\/2&#8243;][vc_column_text el_class=&#8221;faq_evidenza_risposta&#8221;]<span style=\"font-weight: 400;\">Depende do tipo de uso:<\/span><\/p>\n<ul>\n<li style=\"font-weight: 400;\" aria-level=\"1\"><span style=\"font-weight: 400;\">se n\u00e3o contiver res\u00edduos org\u00e2nicos, pode-se deitar no contentor azul para papel.<\/span><\/li>\n<li style=\"font-weight: 400;\" aria-level=\"1\"><span style=\"font-weight: 400;\">se contiver res\u00edduos org\u00e2nicos, pode-se deitar no contentor castanho para restos org\u00e2nicos.<\/span><\/li>\n<li style=\"font-weight: 400;\" aria-level=\"1\"><span style=\"font-weight: 400;\">se entrar em contacto com detergentes ou solu\u00e7\u00f5es hidroalco\u00f3licas para higienizar superf\u00edcies, deve ser deitado no contentor cinzento para res\u00edduos mistos.<\/span><\/li>\n<\/ul>\n<p><span style=\"font-weight: 400;\">Em qualquer caso, \u00e9 recomend\u00e1vel que consulte a regula\u00e7\u00e3o do seu munic\u00edpio de resid\u00eancia.\u00a0<\/span>[\/vc_column_text][\/vc_column_inner][\/vc_row_inner][vc_row_inner el_class=&#8221;lista-faq&#8221;][vc_column_inner][vc_toggle title=&#8221;Que tipo de celulose \u00e9 que se utiliza para a produ\u00e7\u00e3o do papel de cozinha Foxy?&#8221;]<span style=\"font-weight: 400;\">Todos os produtos Foxy s\u00e3o produzidos com celulose virgem 100 % pura de florestas certificadas e fontes controladas.<\/span><span style=\"font-weight: 400;\"><br \/>\n<\/span><span style=\"font-weight: 400;\">Foxy Mega3, Foxy Cartapaglia e Foxy Asso Ultra produzem-se com celulose pura de florestas certificadas FSC<\/span><span style=\"font-weight: 400;\">\u00ae<\/span><span style=\"font-weight: 400;\">. FSC<\/span><span style=\"font-weight: 400;\">\u00ae<\/span><span style=\"font-weight: 400;\"> (Conselho de Administra\u00e7\u00e3o Florestal) \u00e9 uma organiza\u00e7\u00e3o internacional n\u00e3o governamental sem fins lucrativos que promove a gest\u00e3o respons\u00e1vel das florestas em todo o mundo.<\/span><\/p>\n<p><span style=\"font-weight: 400;\">Foxy Tornado Azul, Foxy Tornado Strong e Foxy Asso produzem-se com celulose pura de florestas certificadas PEFC<\/span><span style=\"font-weight: 400;\">\u00ae<\/span><span style=\"font-weight: 400;\">. O PEFC<\/span><span style=\"font-weight: 400;\">\u00ae<\/span><span style=\"font-weight: 400;\"> (Programa para o Reconhecimento de Esquemas de Certifica\u00e7\u00e3o Florestal) \u00e9 uma associa\u00e7\u00e3o internacional sem fins lucrativos que promove e gere um sistema de certifica\u00e7\u00e3o para a gest\u00e3o sustent\u00e1vel das florestas.<\/span><span style=\"font-weight: 400;\"><br \/>\n<\/span><span style=\"font-weight: 400;\">Para obter mais informa\u00e7\u00f5es, visite a sec\u00e7\u00e3o <\/span><span style=\"font-weight: 400;\">Sustentabilidade e certifica\u00e7\u00f5es<\/span><span style=\"font-weight: 400;\">.<\/span>[\/vc_toggle][vc_toggle title=&#8221;Como \u00e9 que posso eliminar as embalagens do papel de cozinha Foxy?&#8221;]<span style=\"font-weight: 400;\">Todas as embalagens de papel de cozinha Foxy s\u00e3o 100 % recicl\u00e1veis e podem ser deitadas no contentor amarelo para pl\u00e1stico. <\/span><span style=\"font-weight: 400;\"><br \/>\n<\/span><span style=\"font-weight: 400;\">Em qualquer caso, \u00e9 recomend\u00e1vel que consulte a regula\u00e7\u00e3o do seu munic\u00edpio de resid\u00eancia.<\/span>[\/vc_toggle][vc_toggle title=&#8221;O papel dos produtos Foxy passa por um processo de branqueamento?&#8221;]<span style=\"font-weight: 400;\">Os fabricantes de celulose em que a Foxy se abastece n\u00e3o utilizam cloro gasoso (altamente contaminante) para efetuarem o processo de branqueamento.<\/span><\/p>\n<p><span style=\"font-weight: 400;\">Al\u00e9m disso, toda a celulose utilizada est\u00e1 certificada de acordo com as principais normas relativas \u00e0 origem das florestas e \u00e0 gest\u00e3o respons\u00e1vel.<\/span>[\/vc_toggle][vc_toggle title=&#8221;Os tubos dos rolos de papel de cozinha s\u00e3o feitos com celulose virgem ou reciclada?&#8221;]<span style=\"font-weight: 400;\">Os tubos dos rolos de papel de cozinha Foxy s\u00e3o fabricados unicamente com papel reciclado.\u00a0<\/span><\/p>\n<p><span style=\"font-weight: 400;\">Depois de esgotado o produto, podem-se deitar no contentor azul para papel.<\/span><\/p>\n<p><span style=\"font-weight: 400;\">Em qualquer caso, \u00e9 recomend\u00e1vel que consulte a regula\u00e7\u00e3o do seu munic\u00edpio de resid\u00eancia.<\/span>[\/vc_toggle][vc_toggle title=&#8221;Foram efetuados testes em animais durante o desenvolvimento dos produtos Foxy?&#8221;]<span style=\"font-weight: 400;\">N\u00e3o foram efetuados testes com animais no desenvolvimento dos produtos Foxy.<\/span>[\/vc_toggle][vc_toggle title=&#8221;As tintas utilizadas para as decora\u00e7\u00f5es do papel de cozinha da Foxy s\u00e3o seguras? &#8220;]<span style=\"font-weight: 400;\">As tintas utilizadas para a decora\u00e7\u00e3o do papel de cozinha Foxy s\u00e3o \u00e0 base de \u00e1gua e n\u00e3o s\u00e3o t\u00f3xicas.<\/span><span style=\"font-weight: 400;\"><br \/>\n<\/span><span style=\"font-weight: 400;\">Al\u00e9m disso, todos os pap\u00e9is de cozinha Foxy foram concebidos para entrarem em contacto com alimentos: a sua idoneidade para o contacto com alimentos est\u00e1 garantida por rigorosos testes efetuados em laborat\u00f3rios qualificados.<\/span><\/p>\n<p>[\/vc_toggle][vc_toggle title=&#8221;Posso usar papel de cozinha Foxy para absorver o excesso de \u00f3leo de fritar?&#8221;]<span style=\"font-weight: 400;\">Todos os pap\u00e9is de cozinha Foxy s\u00e3o adequados para o contacto com alimentos e, gra\u00e7as \u00e0s suas espirais especiais superabsorventes, ret\u00eam os l\u00edquidos no seu interior sem se desfazerem nem deixarem pelos desconfort\u00e1veis.<\/span><span style=\"font-weight: 400;\"><br \/>\n<\/span><span style=\"font-weight: 400;\">O Foxy Cartapaglia, dispon\u00edvel em formato de 2 rolos, e o Foxy Cartapaglia Jumbo, dispon\u00edvel em formato de um rolo, s\u00e3o os aliados ideais na cozinha e s\u00e3o especialmente recomendados para fritos. <\/span>[\/vc_toggle][vc_toggle title=&#8221;Qual \u00e9 a forma correta de utilizar o papel de cozinha na hora de fritar?&#8221;]<span style=\"font-weight: 400;\">Se os fritos forem a sua paix\u00e3o, o Foxy Cartapaglia \u00e9 o produto para si! Sugerimos-lhe estes 3 passos simples:<\/span><\/p>\n<ol>\n<li aria-level=\"1\"><span style=\"font-weight: 400;\">Antes de fritar, utilize uma folha de papel de cozinha para distribuir bem o \u00f3leo na sert\u00e3 e, se for necess\u00e1rio, retire o excesso.\u00a0<\/span><\/li>\n<li aria-level=\"1\"><span style=\"font-weight: 400;\">Quando a comida frita estiver pronta, coloque-a sobre uma folha de papel para que absorva o excesso de \u00f3leo.\u00a0\u00a0<\/span><\/li>\n<li aria-level=\"1\"><span style=\"font-weight: 400;\">Agora pode proceder ao empratamento: o frito deve estar seco e o prato sem manchas de \u00f3leo.<\/span><\/li>\n<\/ol>\n<p>[\/vc_toggle][vc_toggle title=&#8221;Posso usar o papel de cozinha em vez do papel higi\u00e9nico?&#8221;]<span style=\"font-weight: 400;\">O uso do papel de cozinha em vez de papel higi\u00e9nico n\u00e3o \u00e9 nada recomend\u00e1vel: as folhas de papel de cozinha n\u00e3o s\u00e3o fabricadas para serem deitadas na sanita.<\/span><span style=\"font-weight: 400;\"> O papel de cozinha tem um uso previsto diferente e uma resist\u00eancia diferente. O papel higi\u00e9nico, por outro lado, \u00e9 produzido de tal forma que se dissolve na \u00e1gua em poucos segundos.<\/span>[\/vc_toggle][vc_toggle title=&#8221;\u00c9 seguro utilizar papel de cozinha diretamente em contacto com os alimentos?&#8221;]<span style=\"font-weight: 400;\">Todos os pap\u00e9is de cozinha Foxy s\u00e3o testados para se garantir a sua idoneidade para o contacto com alimentos. Aconselha-se que seja usado com a parte n\u00e3o decorada em contacto com os alimentos. Al\u00e9m disso, gra\u00e7as ao seu tecido especial em espiral, oferece um rendimento superior em mat\u00e9ria de absor\u00e7\u00e3o e resist\u00eancia, inclusive quando est\u00e1 moldado. Portanto, pode ser utilizado para:<\/span><\/p>\n<ul>\n<li style=\"font-weight: 400;\" aria-level=\"2\"><span style=\"font-weight: 400;\">secar frutas e legumes lavados<\/span><\/li>\n<li style=\"font-weight: 400;\" aria-level=\"2\"><span style=\"font-weight: 400;\">envolver alimentos para consumir fora de casa<\/span><\/li>\n<li style=\"font-weight: 400;\" aria-level=\"2\"><span style=\"font-weight: 400;\">manter as frutas e os legumes no frigor\u00edfico durante mais tempo; de facto, a coloca\u00e7\u00e3o de uma folha no fundo do recipiente far\u00e1 com que o excesso de humidade seja absorvido e o processo de deteriora\u00e7\u00e3o seja abrandado<\/span><\/li>\n<li style=\"font-weight: 400;\" aria-level=\"2\"><span style=\"font-weight: 400;\">conservar a salsa e o manjeric\u00e3o durante mais tempo, envolvendo os talos com uma folha humedecida<\/span><\/li>\n<\/ul>\n<p>[\/vc_toggle][vc_toggle title=&#8221;Posso usar o papel de cozinha para aquecer alimentos no micro-ondas?&#8221;]<span style=\"font-weight: 400;\">Todos os pap\u00e9is de cozinha Foxy s\u00e3o testados (*) para se garantir a sua compatibilidade com os fornos micro-ondas.<\/span><span style=\"font-weight: 400;\"><br \/>\n<\/span><span style=\"font-weight: 400;\">No entanto, o papel pode-se queimar se for usado de forma incorreta.<\/span><span style=\"font-weight: 400;\"><br \/>\n<\/span><span style=\"font-weight: 400;\">Por isso, convidamo-los a seguir alguns pequenos conselhos:<\/span><\/p>\n<ul>\n<li style=\"font-weight: 400;\" aria-level=\"2\"><span style=\"font-weight: 400;\">n\u00e3o utilize as folhas do papel de cozinha nos modos de cozedura convencional, combinada ou grill\u00a0<\/span><\/li>\n<li style=\"font-weight: 400;\" aria-level=\"2\"><span style=\"font-weight: 400;\">n\u00e3o seque ervas, p\u00e3o ou flores com toalhas de papel<\/span><\/li>\n<\/ul>\n<p><i><span style=\"font-weight: 400;\">(*) Testado como suporte\/base para aquecer alimentos a uma pot\u00eancia m\u00e1xima de 600W e at\u00e9 4 minutos.<\/span><\/i>[\/vc_toggle][\/vc_column_inner][\/vc_row_inner][\/vc_column][\/vc_row]<\/p>\n","protected":false},"excerpt":{"rendered":"<p>[vc_row el_id=&#8221;faq_asciugatutto&#8221;][vc_column width=&#8221;2\/3&#8243; offset=&#8221;vc_col-lg-offset-2 vc_col-md-offset-2&#8243;][vc_column_text el_class=&#8221;title_category_faq&#8221;]Papel de cozinha[\/vc_column_text][vc_row_inner el_class=&#8221;faq_evidenza&#8221;][vc_column_inner width=&#8221;2\/2&#8243;][vc_column_text el_class=&#8221;faq_evidenza_title&#8221;] In evidenza[\/vc_column_text][\/vc_column_inner][vc_column_inner width=&#8221;1\/2&#8243;][vc_column_text el_class=&#8221;faq_evidenza_domanda&#8221;]Onde \u00e9 que posso deitar o papel de cozinha depois de o ter usado?[\/vc_column_text][\/vc_column_inner][vc_column_inner width=&#8221;1\/2&#8243;][vc_column_text el_class=&#8221;faq_evidenza_risposta&#8221;]Depende&#8230;<\/p>\n","protected":false},"author":1,"featured_media":0,"parent":0,"menu_order":0,"comment_status":"closed","ping_status":"closed","template":"","meta":[],"categories":[],"tags":[],"yoast_head":"<!-- This site is optimized with the Yoast SEO plugin v19.14 - https:\/\/yoast.com\/wordpress\/plugins\/seo\/ -->\n<title>Widget Faq papel de cozinha - Foxy<\/title>\n<meta name=\"robots\" content=\"index, follow, max-snippet:-1, max-image-preview:large, max-video-preview:-1\" \/>\n<link rel=\"canonical\" href=\"https:\/\/www.foxy.eu\/pt\/widget-faq-papel-de-cozinha\/\" \/>\n<meta property=\"og:locale\" content=\"pt_PT\" \/>\n<meta property=\"og:type\" content=\"article\" \/>\n<meta property=\"og:title\" content=\"Widget Faq papel de cozinha - Foxy\" \/>\n<meta property=\"og:description\" content=\"[vc_row el_id=&#8221;faq_asciugatutto&#8221;][vc_column width=&#8221;2\/3&#8243; offset=&#8221;vc_col-lg-offset-2 vc_col-md-offset-2&#8243;][vc_column_text el_class=&#8221;title_category_faq&#8221;]Papel de cozinha[\/vc_column_text][vc_row_inner el_class=&#8221;faq_evidenza&#8221;][vc_column_inner width=&#8221;2\/2&#8243;][vc_column_text el_class=&#8221;faq_evidenza_title&#8221;] In evidenza[\/vc_column_text][\/vc_column_inner][vc_column_inner width=&#8221;1\/2&#8243;][vc_column_text el_class=&#8221;faq_evidenza_domanda&#8221;]Onde \u00e9 que posso deitar o papel de cozinha depois de o ter usado?[\/vc_column_text][\/vc_column_inner][vc_column_inner width=&#8221;1\/2&#8243;][vc_column_text el_class=&#8221;faq_evidenza_risposta&#8221;]Depende...\" \/>\n<meta property=\"og:url\" content=\"https:\/\/www.foxy.eu\/pt\/widget-faq-papel-de-cozinha\/\" \/>\n<meta property=\"og:site_name\" content=\"Foxy\" \/>\n<meta property=\"article:publisher\" content=\"https:\/\/www.facebook.com\/Foxy.Italia\" \/>\n<meta property=\"og:image\" content=\"https:\/\/www.foxy.eu\/wp-content\/uploads\/2020\/09\/faq_evidenza@2x.png\" \/>\n<meta name=\"twitter:card\" content=\"summary_large_image\" \/>\n<meta name=\"twitter:label1\" content=\"Est. reading time\" \/>\n\t<meta name=\"twitter:data1\" content=\"6 minutos\" \/>\n<script type=\"application\/ld+json\" class=\"yoast-schema-graph\">{\"@context\":\"https:\/\/schema.org\",\"@graph\":[{\"@type\":\"WebPage\",\"@id\":\"https:\/\/www.foxy.eu\/pt\/widget-faq-papel-de-cozinha\/\",\"url\":\"https:\/\/www.foxy.eu\/pt\/widget-faq-papel-de-cozinha\/\",\"name\":\"Widget Faq papel de cozinha - Foxy\",\"isPartOf\":{\"@id\":\"https:\/\/www.foxy.eu\/#website\"},\"datePublished\":\"2025-12-16T11:51:58+00:00\",\"dateModified\":\"2025-12-16T11:51:58+00:00\",\"breadcrumb\":{\"@id\":\"https:\/\/www.foxy.eu\/pt\/widget-faq-papel-de-cozinha\/#breadcrumb\"},\"inLanguage\":\"pt-PT\",\"potentialAction\":[{\"@type\":\"ReadAction\",\"target\":[\"https:\/\/www.foxy.eu\/pt\/widget-faq-papel-de-cozinha\/\"]}]},{\"@type\":\"BreadcrumbList\",\"@id\":\"https:\/\/www.foxy.eu\/pt\/widget-faq-papel-de-cozinha\/#breadcrumb\",\"itemListElement\":[{\"@type\":\"ListItem\",\"position\":1,\"name\":\"Home\",\"item\":\"https:\/\/www.foxy.eu\/pt\/\"},{\"@type\":\"ListItem\",\"position\":2,\"name\":\"Widget Faq papel de cozinha\"}]},{\"@type\":\"WebSite\",\"@id\":\"https:\/\/www.foxy.eu\/#website\",\"url\":\"https:\/\/www.foxy.eu\/\",\"name\":\"Foxy\",\"description\":\"Un nuovo sito targato WordPress\",\"publisher\":{\"@id\":\"https:\/\/www.foxy.eu\/#organization\"},\"alternateName\":\"Scopri tutta la gamma di prodotti e iniziative Foxy. Abbiamo pensato a un mondo su misura per te.\",\"potentialAction\":[{\"@type\":\"SearchAction\",\"target\":{\"@type\":\"EntryPoint\",\"urlTemplate\":\"https:\/\/www.foxy.eu\/?s={search_term_string}\"},\"query-input\":\"required name=search_term_string\"}],\"inLanguage\":\"pt-PT\"},{\"@type\":\"Organization\",\"@id\":\"https:\/\/www.foxy.eu\/#organization\",\"name\":\"Foxy | Sempre vicina a te!\",\"alternateName\":\"Scopri tutta la gamma di prodotti e iniziative Foxy. Abbiamo pensato a un mondo su misura per te.\",\"url\":\"https:\/\/www.foxy.eu\/\",\"logo\":{\"@type\":\"ImageObject\",\"inLanguage\":\"pt-PT\",\"@id\":\"https:\/\/www.foxy.eu\/#\/schema\/logo\/image\/\",\"url\":\"https:\/\/enkaz3824io.exactdn.com\/wp-content\/uploads\/2020\/07\/hp_big_logo@2x.png?strip=all&lossy=1&ssl=1\",\"contentUrl\":\"https:\/\/enkaz3824io.exactdn.com\/wp-content\/uploads\/2020\/07\/hp_big_logo@2x.png?strip=all&lossy=1&ssl=1\",\"width\":518,\"height\":366,\"caption\":\"Foxy | Sempre vicina a te!\"},\"image\":{\"@id\":\"https:\/\/www.foxy.eu\/#\/schema\/logo\/image\/\"},\"sameAs\":[\"https:\/\/www.instagram.com\/foxy\/\",\"https:\/\/www.youtube.com\/channel\/UCpCfvrNg7u0O0jSeH9B9ygA\",\"https:\/\/www.facebook.com\/Foxy.Italia\"]}]}<\/script>\n<!-- \/ Yoast SEO plugin. -->","yoast_head_json":{"title":"Widget Faq papel de cozinha - Foxy","robots":{"index":"index","follow":"follow","max-snippet":"max-snippet:-1","max-image-preview":"max-image-preview:large","max-video-preview":"max-video-preview:-1"},"canonical":"https:\/\/www.foxy.eu\/pt\/widget-faq-papel-de-cozinha\/","og_locale":"pt_PT","og_type":"article","og_title":"Widget Faq papel de cozinha - Foxy","og_description":"[vc_row el_id=&#8221;faq_asciugatutto&#8221;][vc_column width=&#8221;2\/3&#8243; offset=&#8221;vc_col-lg-offset-2 vc_col-md-offset-2&#8243;][vc_column_text el_class=&#8221;title_category_faq&#8221;]Papel de cozinha[\/vc_column_text][vc_row_inner el_class=&#8221;faq_evidenza&#8221;][vc_column_inner width=&#8221;2\/2&#8243;][vc_column_text el_class=&#8221;faq_evidenza_title&#8221;] In evidenza[\/vc_column_text][\/vc_column_inner][vc_column_inner width=&#8221;1\/2&#8243;][vc_column_text el_class=&#8221;faq_evidenza_domanda&#8221;]Onde \u00e9 que posso deitar o papel de cozinha depois de o ter usado?[\/vc_column_text][\/vc_column_inner][vc_column_inner width=&#8221;1\/2&#8243;][vc_column_text el_class=&#8221;faq_evidenza_risposta&#8221;]Depende...","og_url":"https:\/\/www.foxy.eu\/pt\/widget-faq-papel-de-cozinha\/","og_site_name":"Foxy","article_publisher":"https:\/\/www.facebook.com\/Foxy.Italia","og_image":[{"url":"https:\/\/www.foxy.eu\/wp-content\/uploads\/2020\/09\/faq_evidenza@2x.png"}],"twitter_card":"summary_large_image","twitter_misc":{"Est. reading time":"6 minutos"},"schema":{"@context":"https:\/\/schema.org","@graph":[{"@type":"WebPage","@id":"https:\/\/www.foxy.eu\/pt\/widget-faq-papel-de-cozinha\/","url":"https:\/\/www.foxy.eu\/pt\/widget-faq-papel-de-cozinha\/","name":"Widget Faq papel de cozinha - Foxy","isPartOf":{"@id":"https:\/\/www.foxy.eu\/#website"},"datePublished":"2025-12-16T11:51:58+00:00","dateModified":"2025-12-16T11:51:58+00:00","breadcrumb":{"@id":"https:\/\/www.foxy.eu\/pt\/widget-faq-papel-de-cozinha\/#breadcrumb"},"inLanguage":"pt-PT","potentialAction":[{"@type":"ReadAction","target":["https:\/\/www.foxy.eu\/pt\/widget-faq-papel-de-cozinha\/"]}]},{"@type":"BreadcrumbList","@id":"https:\/\/www.foxy.eu\/pt\/widget-faq-papel-de-cozinha\/#breadcrumb","itemListElement":[{"@type":"ListItem","position":1,"name":"Home","item":"https:\/\/www.foxy.eu\/pt\/"},{"@type":"ListItem","position":2,"name":"Widget Faq papel de cozinha"}]},{"@type":"WebSite","@id":"https:\/\/www.foxy.eu\/#website","url":"https:\/\/www.foxy.eu\/","name":"Foxy","description":"Un nuovo sito targato WordPress","publisher":{"@id":"https:\/\/www.foxy.eu\/#organization"},"alternateName":"Scopri tutta la gamma di prodotti e iniziative Foxy. Abbiamo pensato a un mondo su misura per te.","potentialAction":[{"@type":"SearchAction","target":{"@type":"EntryPoint","urlTemplate":"https:\/\/www.foxy.eu\/?s={search_term_string}"},"query-input":"required name=search_term_string"}],"inLanguage":"pt-PT"},{"@type":"Organization","@id":"https:\/\/www.foxy.eu\/#organization","name":"Foxy | Sempre vicina a te!","alternateName":"Scopri tutta la gamma di prodotti e iniziative Foxy. Abbiamo pensato a un mondo su misura per te.","url":"https:\/\/www.foxy.eu\/","logo":{"@type":"ImageObject","inLanguage":"pt-PT","@id":"https:\/\/www.foxy.eu\/#\/schema\/logo\/image\/","url":"https:\/\/enkaz3824io.exactdn.com\/wp-content\/uploads\/2020\/07\/hp_big_logo@2x.png?strip=all&lossy=1&ssl=1","contentUrl":"https:\/\/enkaz3824io.exactdn.com\/wp-content\/uploads\/2020\/07\/hp_big_logo@2x.png?strip=all&lossy=1&ssl=1","width":518,"height":366,"caption":"Foxy | Sempre vicina a te!"},"image":{"@id":"https:\/\/www.foxy.eu\/#\/schema\/logo\/image\/"},"sameAs":["https:\/\/www.instagram.com\/foxy\/","https:\/\/www.youtube.com\/channel\/UCpCfvrNg7u0O0jSeH9B9ygA","https:\/\/www.facebook.com\/Foxy.Italia"]}]}},"_links":{"self":[{"href":"https:\/\/www.foxy.eu\/pt\/wp-json\/wp\/v2\/pages\/28455"}],"collection":[{"href":"https:\/\/www.foxy.eu\/pt\/wp-json\/wp\/v2\/pages"}],"about":[{"href":"https:\/\/www.foxy.eu\/pt\/wp-json\/wp\/v2\/types\/page"}],"author":[{"embeddable":true,"href":"https:\/\/www.foxy.eu\/pt\/wp-json\/wp\/v2\/users\/1"}],"replies":[{"embeddable":true,"href":"https:\/\/www.foxy.eu\/pt\/wp-json\/wp\/v2\/comments?post=28455"}],"version-history":[{"count":1,"href":"https:\/\/www.foxy.eu\/pt\/wp-json\/wp\/v2\/pages\/28455\/revisions"}],"predecessor-version":[{"id":28456,"href":"https:\/\/www.foxy.eu\/pt\/wp-json\/wp\/v2\/pages\/28455\/revisions\/28456"}],"wp:attachment":[{"href":"https:\/\/www.foxy.eu\/pt\/wp-json\/wp\/v2\/media?parent=28455"}],"wp:term":[{"taxonomy":"category","embeddable":true,"href":"https:\/\/www.foxy.eu\/pt\/wp-json\/wp\/v2\/categories?post=28455"},{"taxonomy":"post_tag","embeddable":true,"href":"https:\/\/www.foxy.eu\/pt\/wp-json\/wp\/v2\/tags?post=28455"}],"curies":[{"name":"wp","href":"https:\/\/api.w.org\/{rel}","templated":true}]}}