
{"id":26830,"date":"2025-12-05T09:31:47","date_gmt":"2025-12-05T08:31:47","guid":{"rendered":"https:\/\/www.foxy.eu\/?page_id=26830"},"modified":"2026-04-09T12:54:04","modified_gmt":"2026-04-09T10:54:04","slug":"home","status":"publish","type":"page","link":"https:\/\/www.foxy.eu\/pt\/","title":{"rendered":"Home"},"content":{"rendered":"<p>[vc_row el_class=&#8221;impegno_home content_grid&#8221;][vc_column][vc_row_inner][vc_column_inner offset=&#8221;vc_col-lg-8&#8243;][vc_column_text]<\/p>\n<h3><span data-sheets-root=\"1\">O compromisso da Foxy \u00e9 estar sempre perto de si.<\/span><\/h3>\n<p>[\/vc_column_text][\/vc_column_inner][vc_column_inner offset=&#8221;vc_col-lg-6&#8243;][vc_column_text]<span data-sheets-root=\"1\">A Foxy renova todos os dias a sua promessa com iniciativas <strong>que melhoram o presente e constroem o futuro<\/strong>: NaviLens, Plastic Bank e outros projetos ativos h\u00e1 muitos anos.<\/span>[\/vc_column_text][\/vc_column_inner][\/vc_row_inner][vc_row_inner el_class=&#8221;home_banner_new&#8221;][vc_column_inner el_class=&#8221;banner_new&#8221; offset=&#8221;vc_col-lg-4 vc_col-md-4&#8243;][vc_single_image image=&#8221;21858&#8243; img_size=&#8221;full&#8221; alignment=&#8221;center&#8221; onclick=&#8221;custom_link&#8221; link=&#8221;https:\/\/www.foxy.eu\/pt\/o-compromisso-da-foxy\/navilens\/&#8221;][vc_raw_html el_class=&#8221;box-banner-new&#8221;]JTNDYSUyMGhyZWYlM0QlMjJodHRwcyUzQSUyRiUyRnd3dy5mb3h5LmV1JTJGbGltcGVnbm9kaWZveHklMkZuYXZpbGVucyUyRiUyMiUzRSUzQ2gzJTNFQ29tJTIwYSUyMCUzQ3NwYW4lM0VOYXZpTGVucyUzQyUyRnNwYW4lM0UlM0MlMkZoMyUzRSUwQSUzQ3AlM0VUb3JuYW1vcyUyMGElMjBpbmZvcm1hJUMzJUE3JUMzJUEzbyUyMGRvcyUyMHByb2R1dG9zJTIwYWNlc3MlQzMlQUR2ZWwlMjB0YW1iJUMzJUE5bSUyMGElMjBwZXNzb2FzJTIwY29tJTIwZGVmaWNpJUMzJUFBbmNpYSUyMHZpc3VhbC4lM0MlMkZwJTNFJTNDJTJGYSUzRQ==[\/vc_raw_html][\/vc_column_inner][vc_column_inner el_class=&#8221;banner_new large&#8221; offset=&#8221;vc_col-lg-8 vc_col-md-8&#8243;][vc_single_image image=&#8221;21864&#8243; img_size=&#8221;full&#8221; alignment=&#8221;center&#8221; onclick=&#8221;custom_link&#8221; link=&#8221;https:\/\/www.foxy.eu\/limpegnodifoxy\/plastic-bank\/&#8221;][vc_raw_html el_class=&#8221;box-banner-new&#8221;]JTNDYSUyMGhyZWYlM0QlMjJodHRwcyUzQSUyRiUyRnd3dy5mb3h5LmV1JTJGbGltcGVnbm9kaWZveHklMkZwbGFzdGljLWJhbmslMkYlMjIlM0UlM0NoMyUzRUNvbSUyMGElMjAlM0NzcGFuJTNFUGxhc3RpYyUyMEJhbmslM0MlMkZzcGFuJTNFJTNDJTJGaDMlM0UlMEElM0NwJTNFUmVjdXBlcmFtb3MlMjBvJTIwcGwlQzMlQTFzdGljbyUyMGFiYW5kb25hZG8lMjBubyUyMGFtYmllbnRlLiUzQyUyRnAlM0UlM0MlMkZhJTNF[\/vc_raw_html][\/vc_column_inner][\/vc_row_inner]<div class=\" ubtn-ctn-right btn-blu btn-freccia\"><a class=\"ubtn-link ult-adjust-bottom-margin ubtn-right ubtn-large btn-blu btn-freccia\" href=\"https:\/\/www.foxy.eu\/pt\/o-compromisso-da-foxy\/\" title=\"O compromisso da Foxy\" ><button type=\"button\" id=\"ubtn-7092\"  class=\"ubtn ult-adjust-bottom-margin ult-responsive ubtn-large ubtn-no-hover-bg  none  ubtn-right   tooltip-69d83f93cfc47\"  data-hover=\"\" data-border-color=\"\" data-bg=\"\" data-hover-bg=\"\" data-border-hover=\"\" data-shadow-hover=\"\" data-shadow-click=\"none\" data-shadow=\"\" data-shd-shadow=\"\"  data-ultimate-target='#ubtn-7092'  data-responsive-json-new='{\"font-size\":\"\",\"line-height\":\"\"}'  style=\"font-weight:normal;border:none;\"><span class=\"ubtn-hover\" style=\"background-color:\"><\/span><span class=\"ubtn-data ubtn-text \" >Descubra o compromisso da Foxy<\/span><\/button><\/a><\/div>[\/vc_column][\/vc_row][vc_row el_class=&#8221;mosaico_verde&#8221;][vc_column][vc_row_inner el_class=&#8221;content_grid video-mosaico-verde&#8221;][vc_column_inner][vc_column_text]\n    <div class=\"hero-spot-tv htt-video-vimeo-shortcode\" id=\"video-mosaico-homepage\">\n\n        <div class=\" wpb_video_widget spot-tv-short-dsk\" id=\"dsk-video-mosaico-homepage\">\n            <div class=\"wpb_video_wrapper\">\n                <iframe class=\"iframe\" src=\"https:\/\/player.vimeo.com\/video\/1127793208?background=1&mute=1&autopause=0&loop=1\" frameborder=\"0\" allow=\"autoplay; fullscreen; picture-in-picture\" allowfullscreen><\/iframe>\n            <\/div>\n        <\/div>\n        \n                \n        <div class=\"wpb_single_image wpb_content_element vc_align_left pause-icon-hero\">\n            <figure class=\"wpb_wrapper vc_figure\">\n                <div class=\"vc_single_image-wrapper vc_box_border_grey\">\n                    <img loading=\"lazy\" decoding=\"async\" width=\"104\" height=\"104\" src=\"https:\/\/enkaz3824io.exactdn.com\/wp-content\/themes\/foxy\/images\/pause.png?strip=all&lossy=1&resize=104%2C104&ssl=1\" class=\"vc_single_image-img attachment-full\" alt=\"icona pause\">\n                <\/div>\n            <\/figure>\n        <\/div>\n        <div class=\"wpb_single_image wpb_content_element vc_align_left play-icon-hero\" style=\"display: none;\">\n            <figure class=\"wpb_wrapper vc_figure\">\n                <div class=\"vc_single_image-wrapper vc_box_border_grey\">\n                    <img loading=\"lazy\" decoding=\"async\" width=\"104\" height=\"104\" src=\"https:\/\/enkaz3824io.exactdn.com\/wp-content\/themes\/foxy\/images\/play.png?strip=all&lossy=1&resize=104%2C104&ssl=1\" class=\"vc_single_image-img attachment-full\" alt=\"icona play\">\n                <\/div>\n            <\/figure>\n        <\/div>\n    <\/div>\n\n    <script>\n    jQuery(document).ready(function($) {\n        \/\/ Selettore del blocco univoco\n        var blockSelector = '#video-mosaico-homepage';\n        var $block = $(blockSelector);\n\n        \/\/ Selettori specifici per questo blocco\n        var $pauseIcon = $block.find('.pause-icon-hero');\n        var $playIcon = $block.find('.play-icon-hero');\n        var $desktopPlayerWrapper = $block.find('#dsk-video-mosaico-homepage');\n        var $mobilePlayerWrapper = $block.find('#mob-video-mosaico-homepage');\n\n        \/\/ Imposta lo stato iniziale per questo specifico blocco\n        $pauseIcon.data('isPlaying', true);\n\n        \/\/ Gestore eventi click per le icone di QUESTO blocco\n        $pauseIcon.add($playIcon).on('click', function() {\n            var iframe;\n\n            \/\/ Controlla quale iframe \u00e8 visibile all'interno di questo blocco\n            if ($desktopPlayerWrapper.is(':visible')) {\n                iframe = $desktopPlayerWrapper.find('iframe')[0]?.contentWindow;\n            } else if ($mobilePlayerWrapper.is(':visible')) {\n                iframe = $mobilePlayerWrapper.find('iframe')[0]?.contentWindow;\n            }\n\n            if (!iframe) {\n                console.error('Iframe non trovato per il blocco:', blockSelector);\n                return;\n            }\n\n            var isPlaying = $pauseIcon.data('isPlaying');\n\n            if (isPlaying) {\n                \/\/ Metti in pausa il video\n                iframe.postMessage('{\"method\":\"pause\"}', '*');\n                $pauseIcon.hide();\n                $playIcon.show();\n                $pauseIcon.data('isPlaying', false); \/\/ Aggiorna lo stato\n            } else {\n                \/\/ Riproduci il video\n                iframe.postMessage('{\"method\":\"play\"}', '*');\n                $playIcon.hide();\n                $pauseIcon.show();\n                $pauseIcon.data('isPlaying', true); \/\/ Aggiorna lo stato\n            }\n        });\n    });\n    <\/script>\n    [\/vc_column_text][\/vc_column_inner][\/vc_row_inner][\/vc_column][\/vc_row][vc_row el_class=&#8221;mosaico-verde-home&#8221;][vc_column]<div class=\"vc_row wpb_row vc_row-fluid mosaico_verde\"><div class=\"wpb_column vc_column_container vc_col-sm-12\"><div class=\"vc_column-inner\"><div class=\"wpb_wrapper\"><div class=\"vc_row wpb_row vc_inner vc_row-fluid content_grid titolo_mosaico\"><div class=\"wpb_column vc_column_container vc_col-sm-12\"><div class=\"vc_column-inner\"><div class=\"wpb_wrapper\">\n\t<div class=\"wpb_text_column wpb_content_element \" >\n\t\t<div class=\"wpb_wrapper\">\n\t\t\t<h3><span data-sheets-root=\"1\">Foxy, a sua escolha consciente.<\/span><\/h3>\n\n\t\t<\/div>\n\t<\/div>\n<\/div><\/div><\/div><\/div><div class=\"vc_row wpb_row vc_inner vc_row-fluid content_grid scroll-mobile\"><div class=\"wpb_column vc_column_container vc_col-sm-3\"><div class=\"vc_column-inner\"><div class=\"wpb_wrapper\">\n\t<div  class=\"wpb_single_image wpb_content_element vc_align_left\">\n\t\t\n\t\t<figure class=\"wpb_wrapper vc_figure\">\n\t\t\t<a href=\"https:\/\/www.foxy.eu\/pt\/o-compromisso-da-foxy\/\" target=\"_self\" class=\"vc_single_image-wrapper   vc_box_border_grey\"><img width=\"681\" height=\"476\" src=\"https:\/\/enkaz3824io.exactdn.com\/wp-content\/uploads\/2025\/10\/energia_rinnovabile@2x.webp?strip=all&amp;lossy=1&amp;ssl=1\" class=\"vc_single_image-img attachment-full\" alt=\"\" decoding=\"async\" srcset=\"https:\/\/enkaz3824io.exactdn.com\/wp-content\/uploads\/2025\/10\/energia_rinnovabile@2x.webp?strip=all&amp;lossy=1&amp;ssl=1 681w, https:\/\/enkaz3824io.exactdn.com\/wp-content\/uploads\/2025\/10\/energia_rinnovabile@2x.webp?strip=all&amp;lossy=1&amp;w=510&amp;ssl=1 510w, https:\/\/enkaz3824io.exactdn.com\/wp-content\/uploads\/2025\/10\/energia_rinnovabile@2x.webp?strip=all&amp;lossy=1&amp;w=234&amp;ssl=1 234w\" sizes=\"(max-width: 681px) 100vw, 681px\" \/><\/a>\n\t\t<\/figure>\n\t<\/div>\n\n\t<div class=\"wpb_text_column wpb_content_element \" >\n\t\t<div class=\"wpb_wrapper\">\n\t\t\t<p><span data-sheets-root=\"1\">Produtos fabricados com <strong>energia el\u00e9trica 100% renov\u00e1vel<\/strong>, desde a produ\u00e7\u00e3o do papel at\u00e9 \u00e0 sua transforma\u00e7\u00e3o.<\/span><\/p>\n\n\t\t<\/div>\n\t<\/div>\n<\/div><\/div><\/div><div class=\"wpb_column vc_column_container vc_col-sm-3\"><div class=\"vc_column-inner\"><div class=\"wpb_wrapper\">\n\t<div  class=\"wpb_single_image wpb_content_element vc_align_left\">\n\t\t\n\t\t<figure class=\"wpb_wrapper vc_figure\">\n\t\t\t<a href=\"https:\/\/www.foxy.eu\/pt\/o-compromisso-da-foxy\/\" target=\"_self\" class=\"vc_single_image-wrapper   vc_box_border_grey\"><img width=\"681\" height=\"476\" src=\"https:\/\/enkaz3824io.exactdn.com\/wp-content\/uploads\/2025\/10\/confezioni_riciclabili@2x.webp?strip=all&amp;lossy=1&amp;ssl=1\" class=\"vc_single_image-img attachment-full\" alt=\"\" decoding=\"async\" srcset=\"https:\/\/enkaz3824io.exactdn.com\/wp-content\/uploads\/2025\/10\/confezioni_riciclabili@2x.webp?strip=all&amp;lossy=1&amp;ssl=1 681w, https:\/\/enkaz3824io.exactdn.com\/wp-content\/uploads\/2025\/10\/confezioni_riciclabili@2x.webp?strip=all&amp;lossy=1&amp;w=510&amp;ssl=1 510w, https:\/\/enkaz3824io.exactdn.com\/wp-content\/uploads\/2025\/10\/confezioni_riciclabili@2x.webp?strip=all&amp;lossy=1&amp;w=234&amp;ssl=1 234w\" sizes=\"(max-width: 681px) 100vw, 681px\" \/><\/a>\n\t\t<\/figure>\n\t<\/div>\n\n\t<div class=\"wpb_text_column wpb_content_element \" >\n\t\t<div class=\"wpb_wrapper\">\n\t\t\t<p><span data-sheets-root=\"1\"><strong>Embalagens recicl\u00e1veis<\/strong> fabricadas com 50% de pl\u00e1stico reciclado.<\/span><\/p>\n\n\t\t<\/div>\n\t<\/div>\n<\/div><\/div><\/div><div class=\"wpb_column vc_column_container vc_col-sm-3\"><div class=\"vc_column-inner\"><div class=\"wpb_wrapper\">\n\t<div  class=\"wpb_single_image wpb_content_element vc_align_left\">\n\t\t\n\t\t<figure class=\"wpb_wrapper vc_figure\">\n\t\t\t<a href=\"https:\/\/www.foxy.eu\/pt\/o-compromisso-da-foxy\/\" target=\"_self\" class=\"vc_single_image-wrapper   vc_box_border_grey\"><img width=\"681\" height=\"476\" src=\"https:\/\/enkaz3824io.exactdn.com\/wp-content\/uploads\/2025\/10\/foreste_certificate@2x.webp?strip=all&amp;lossy=1&amp;ssl=1\" class=\"vc_single_image-img attachment-full\" alt=\"\" decoding=\"async\" srcset=\"https:\/\/enkaz3824io.exactdn.com\/wp-content\/uploads\/2025\/10\/foreste_certificate@2x.webp?strip=all&amp;lossy=1&amp;ssl=1 681w, https:\/\/enkaz3824io.exactdn.com\/wp-content\/uploads\/2025\/10\/foreste_certificate@2x.webp?strip=all&amp;lossy=1&amp;w=510&amp;ssl=1 510w, https:\/\/enkaz3824io.exactdn.com\/wp-content\/uploads\/2025\/10\/foreste_certificate@2x.webp?strip=all&amp;lossy=1&amp;w=234&amp;ssl=1 234w\" sizes=\"(max-width: 681px) 100vw, 681px\" \/><\/a>\n\t\t<\/figure>\n\t<\/div>\n\n\t<div class=\"wpb_text_column wpb_content_element \" >\n\t\t<div class=\"wpb_wrapper\">\n\t\t\t<p><span data-sheets-root=\"1\">Apenas celulose proveniente de<strong> florestas certificadas e de fontes controladas<\/strong>.<\/span><\/p>\n\n\t\t<\/div>\n\t<\/div>\n<\/div><\/div><\/div><div class=\"wpb_column vc_column_container vc_col-sm-3\"><div class=\"vc_column-inner\"><div class=\"wpb_wrapper\">\n\t<div  class=\"wpb_single_image wpb_content_element vc_align_center\">\n\t\t\n\t\t<figure class=\"wpb_wrapper vc_figure\">\n\t\t\t<a href=\"https:\/\/www.foxy.eu\/pt\/o-compromisso-da-foxy\/\" target=\"_self\" class=\"vc_single_image-wrapper   vc_box_border_grey\"><img width=\"681\" height=\"476\" src=\"https:\/\/enkaz3824io.exactdn.com\/wp-content\/uploads\/2025\/10\/test_animali@2x.webp?strip=all&amp;lossy=1&amp;ssl=1\" class=\"vc_single_image-img attachment-full\" alt=\"\" decoding=\"async\" srcset=\"https:\/\/enkaz3824io.exactdn.com\/wp-content\/uploads\/2025\/10\/test_animali@2x.webp?strip=all&amp;lossy=1&amp;ssl=1 681w, https:\/\/enkaz3824io.exactdn.com\/wp-content\/uploads\/2025\/10\/test_animali@2x.webp?strip=all&amp;lossy=1&amp;w=510&amp;ssl=1 510w, https:\/\/enkaz3824io.exactdn.com\/wp-content\/uploads\/2025\/10\/test_animali@2x.webp?strip=all&amp;lossy=1&amp;w=234&amp;ssl=1 234w\" sizes=\"(max-width: 681px) 100vw, 681px\" \/><\/a>\n\t\t<\/figure>\n\t<\/div>\n\n\t<div class=\"wpb_text_column wpb_content_element \" >\n\t\t<div class=\"wpb_wrapper\">\n\t\t\t<p><span data-sheets-root=\"1\">Como \u00e9 habitual no setor papeleiro, n\u00e3o foram realizados testes em animais <strong>no desenvolvimento dos produtos Foxy<\/strong>.<\/span><\/p>\n\n\t\t<\/div>\n\t<\/div>\n<\/div><\/div><\/div><\/div><div class=\"vc_row wpb_row vc_inner vc_row-fluid content_grid bottone_mosaico\"><div class=\"wpb_column vc_column_container vc_col-sm-12\"><div class=\"vc_column-inner\"><div class=\"wpb_wrapper\"><div class=\" ubtn-ctn-center btn-blu btn-freccia\"><a class=\"ubtn-link ult-adjust-bottom-margin ubtn-center ubtn-large btn-blu btn-freccia\" href=\"https:\/\/www.foxy.eu\/pt\/o-compromisso-da-foxy\/\" title=\"O compromisso da Foxy\" ><button type=\"button\" id=\"ubtn-9607\"  class=\"ubtn ult-adjust-bottom-margin ult-responsive ubtn-large ubtn-no-hover-bg  none  ubtn-center   tooltip-69d83f93d59dd\"  data-hover=\"\" data-border-color=\"\" data-bg=\"\" data-hover-bg=\"\" data-border-hover=\"\" data-shadow-hover=\"\" data-shadow-click=\"none\" data-shadow=\"\" data-shd-shadow=\"\"  data-ultimate-target='#ubtn-9607'  data-responsive-json-new='{\"font-size\":\"\",\"line-height\":\"\"}'  style=\"font-weight:normal;border:none;\"><span class=\"ubtn-hover\" style=\"background-color:\"><\/span><span class=\"ubtn-data ubtn-text \" >Descubra mais<\/span><\/button><\/a><\/div><\/div><\/div><\/div><\/div><\/div><\/div><\/div><\/div>\n[\/vc_column][\/vc_row][vc_row disable_element=&#8221;yes&#8221; el_class=&#8221;social-home&#8221;][vc_column][vc_row_inner content_placement=&#8221;middle&#8221; el_class=&#8221;content_grid&#8221;][vc_column_inner offset=&#8221;vc_col-lg-offset-1 vc_col-lg-4&#8243;][vc_single_image image=&#8221;21846&#8243; img_size=&#8221;full&#8221;][\/vc_column_inner][vc_column_inner offset=&#8221;vc_col-lg-offset-1 vc_col-lg-4&#8243;][vc_single_image image=&#8221;21840&#8243; img_size=&#8221;full&#8221; el_class=&#8221;icona-home-social&#8221;][vc_column_text]Seguici sui nostri canali Social \ud83e\udd8a[\/vc_column_text][vc_raw_html]JTNDYSUyMGhyZWYlM0QlMjJodHRwcyUzQSUyRiUyRnd3dy5mYWNlYm9vay5jb20lMkZGb3h5Lkl0YWxpYSUyMiUyMHRhcmdldCUzRCUyMl9ibGFuayUyMiUyMGNsYXNzJTNEJTIyc29jaWFsLWxpbmslMjIlMjByZWwlM0QlMjJub29wZW5lciUyMiUzRSUzQ2ltZyUyMHNyYyUzRCUyMmh0dHBzJTNBJTJGJTJGd3d3LmZveHkuZXUlMkZ3cC1jb250ZW50JTJGdXBsb2FkcyUyRjIwMjUlMkYxMCUyRmJhbm5lcl9zb2NpYWxfaWNvX2ZiJTQwMngucG5nJTIyJTNFJTNDJTJGYSUzRSUwQSUzQ2ElMjBocmVmJTNEJTIyaHR0cHMlM0ElMkYlMkZ3d3cuaW5zdGFncmFtLmNvbSUyRmZveHklMkYlMjIlMjB0YXJnZXQlM0QlMjJfYmxhbmslMjIlMjBjbGFzcyUzRCUyMnNvY2lhbC1saW5rJTIyJTIwcmVsJTNEJTIybm9vcGVuZXIlMjIlM0UlM0NpbWclMjBzcmMlM0QlMjJodHRwcyUzQSUyRiUyRnd3dy5mb3h5LmV1JTJGd3AtY29udGVudCUyRnVwbG9hZHMlMkYyMDI1JTJGMTAlMkZiYW5uZXJfc29jaWFsX2ljb19pZyU0MDJ4LnBuZyUyMiUzRSUzQyUyRmElM0UlMEElM0NhJTIwaHJlZiUzRCUyMmh0dHBzJTNBJTJGJTJGd3d3LnlvdXR1YmUuY29tJTJGY2hhbm5lbCUyRlVDcENmdnJOZzd1ME8walNlSDlCOXlnQSUyMiUyMHRhcmdldCUzRCUyMl9ibGFuayUyMiUyMGNsYXNzJTNEJTIyc29jaWFsLWxpbmslMjIlMjByZWwlM0QlMjJub29wZW5lciUyMiUzRSUzQ2ltZyUyMHNyYyUzRCUyMmh0dHBzJTNBJTJGJTJGd3d3LmZveHkuZXUlMkZ3cC1jb250ZW50JTJGdXBsb2FkcyUyRjIwMjUlMkYxMCUyRmJhbm5lcl9zb2NpYWxfaWNvX3l0JTQwMngucG5nJTIyJTNFJTNDJTJGYSUzRSUwQSUzQ2ElMjBocmVmJTNEJTIyaHR0cHMlM0ElMkYlMkZ3d3cubGlua2VkaW4uY29tJTJGY29tcGFueSUyRmZveHktc3BhJTJGJTIyJTIwdGFyZ2V0JTNEJTIyX2JsYW5rJTIyJTIwY2xhc3MlM0QlMjJzb2NpYWwtbGluayUyMiUyMHJlbCUzRCUyMm5vb3BlbmVyJTIyJTNFJTNDaW1nJTIwc3JjJTNEJTIyaHR0cHMlM0ElMkYlMkZ3d3cuZm94eS5ldSUyRndwLWNvbnRlbnQlMkZ1cGxvYWRzJTJGMjAyNSUyRjEwJTJGYmFubmVyX3NvY2lhbF9pY29faW4lNDAyeC5wbmclMjIlM0UlM0MlMkZhJTNFJTBBJTNDYSUyMGhyZWYlM0QlMjJodHRwcyUzQSUyRiUyRnd3dy50aWt0b2suY29tJTJGJTI1NDBmb3h5Lml0YWxpYSUyMiUyMHRhcmdldCUzRCUyMl9ibGFuayUyMiUyMGNsYXNzJTNEJTIyc29jaWFsLWxpbmslMjIlMjByZWwlM0QlMjJub29wZW5lciUyMiUzRSUzQ2ltZyUyMHNyYyUzRCUyMmh0dHBzJTNBJTJGJTJGd3d3LmZveHkuZXUlMkZ3cC1jb250ZW50JTJGdXBsb2FkcyUyRjIwMjUlMkYxMCUyRmJhbm5lcl9zb2NpYWxfaWNvX3R0JTQwMngucG5nJTIyJTNFJTNDJTJGYSUzRSUwQQ==[\/vc_raw_html][\/vc_column_inner][\/vc_row_inner][\/vc_column][\/vc_row]<\/p>\n","protected":false},"excerpt":{"rendered":"Foxy, a sua escolha consciente. Produtos fabricados com energia el\u00e9trica 100% renov\u00e1vel, desde a produ\u00e7\u00e3o do papel at\u00e9 \u00e0 sua transforma\u00e7\u00e3o. Embalagens recicl\u00e1veis fabricadas com 50% de pl\u00e1stico reciclado. Apenas...","protected":false},"author":1,"featured_media":0,"parent":0,"menu_order":0,"comment_status":"closed","ping_status":"open","template":"template-home.php","meta":[],"categories":[],"tags":[],"yoast_head":"<!-- This site is optimized with the Yoast SEO plugin v19.14 - https:\/\/yoast.com\/wordpress\/plugins\/seo\/ -->\n<title>Home - Foxy<\/title>\n<meta name=\"robots\" content=\"index, follow, max-snippet:-1, max-image-preview:large, max-video-preview:-1\" \/>\n<link rel=\"canonical\" href=\"https:\/\/www.foxy.eu\/pt\/\" \/>\n<meta property=\"og:locale\" content=\"pt_PT\" \/>\n<meta property=\"og:type\" content=\"article\" \/>\n<meta property=\"og:title\" content=\"Home - Foxy\" \/>\n<meta property=\"og:url\" content=\"https:\/\/www.foxy.eu\/pt\/\" \/>\n<meta property=\"og:site_name\" content=\"Foxy\" \/>\n<meta property=\"article:publisher\" content=\"https:\/\/www.facebook.com\/Foxy.Italia\" \/>\n<meta property=\"article:modified_time\" content=\"2026-04-09T10:54:04+00:00\" \/>\n<meta property=\"og:image\" content=\"https:\/\/www.foxy.eu\/wp-content\/uploads\/2020\/11\/testata_mail_2x.jpg\" \/>\n<meta name=\"twitter:card\" content=\"summary_large_image\" \/>\n<meta name=\"twitter:image\" content=\"https:\/\/enkaz3824io.exactdn.com\/wp-content\/uploads\/2020\/11\/testata_mail_2x.jpg?strip=all&lossy=1&ssl=1\" \/>\n<meta name=\"twitter:label1\" content=\"Est. reading time\" \/>\n\t<meta name=\"twitter:data1\" content=\"1 minuto\" \/>\n<script type=\"application\/ld+json\" class=\"yoast-schema-graph\">{\"@context\":\"https:\/\/schema.org\",\"@graph\":[{\"@type\":\"WebPage\",\"@id\":\"https:\/\/www.foxy.eu\/pt\/\",\"url\":\"https:\/\/www.foxy.eu\/pt\/\",\"name\":\"Home - Foxy\",\"isPartOf\":{\"@id\":\"https:\/\/www.foxy.eu\/#website\"},\"datePublished\":\"2025-12-05T08:31:47+00:00\",\"dateModified\":\"2026-04-09T10:54:04+00:00\",\"breadcrumb\":{\"@id\":\"https:\/\/www.foxy.eu\/pt\/#breadcrumb\"},\"inLanguage\":\"pt-PT\",\"potentialAction\":[{\"@type\":\"ReadAction\",\"target\":[\"https:\/\/www.foxy.eu\/pt\/\"]}]},{\"@type\":\"BreadcrumbList\",\"@id\":\"https:\/\/www.foxy.eu\/pt\/#breadcrumb\",\"itemListElement\":[{\"@type\":\"ListItem\",\"position\":1,\"name\":\"Home\",\"item\":\"https:\/\/www.foxy.eu\/pt\/\"},{\"@type\":\"ListItem\",\"position\":2,\"name\":\"Home\"}]},{\"@type\":\"WebSite\",\"@id\":\"https:\/\/www.foxy.eu\/#website\",\"url\":\"https:\/\/www.foxy.eu\/\",\"name\":\"Foxy\",\"description\":\"Un nuovo sito targato WordPress\",\"publisher\":{\"@id\":\"https:\/\/www.foxy.eu\/#organization\"},\"alternateName\":\"Scopri tutta la gamma di prodotti e iniziative Foxy. Abbiamo pensato a un mondo su misura per te.\",\"potentialAction\":[{\"@type\":\"SearchAction\",\"target\":{\"@type\":\"EntryPoint\",\"urlTemplate\":\"https:\/\/www.foxy.eu\/?s={search_term_string}\"},\"query-input\":\"required name=search_term_string\"}],\"inLanguage\":\"pt-PT\"},{\"@type\":\"Organization\",\"@id\":\"https:\/\/www.foxy.eu\/#organization\",\"name\":\"Foxy | Sempre vicina a te!\",\"alternateName\":\"Scopri tutta la gamma di prodotti e iniziative Foxy. Abbiamo pensato a un mondo su misura per te.\",\"url\":\"https:\/\/www.foxy.eu\/\",\"logo\":{\"@type\":\"ImageObject\",\"inLanguage\":\"pt-PT\",\"@id\":\"https:\/\/www.foxy.eu\/#\/schema\/logo\/image\/\",\"url\":\"https:\/\/enkaz3824io.exactdn.com\/wp-content\/uploads\/2020\/07\/hp_big_logo@2x.png?strip=all&lossy=1&ssl=1\",\"contentUrl\":\"https:\/\/enkaz3824io.exactdn.com\/wp-content\/uploads\/2020\/07\/hp_big_logo@2x.png?strip=all&lossy=1&ssl=1\",\"width\":518,\"height\":366,\"caption\":\"Foxy | Sempre vicina a te!\"},\"image\":{\"@id\":\"https:\/\/www.foxy.eu\/#\/schema\/logo\/image\/\"},\"sameAs\":[\"https:\/\/www.instagram.com\/foxy\/\",\"https:\/\/www.youtube.com\/channel\/UCpCfvrNg7u0O0jSeH9B9ygA\",\"https:\/\/www.facebook.com\/Foxy.Italia\"]}]}<\/script>\n<!-- \/ Yoast SEO plugin. -->","yoast_head_json":{"title":"Home - Foxy","robots":{"index":"index","follow":"follow","max-snippet":"max-snippet:-1","max-image-preview":"max-image-preview:large","max-video-preview":"max-video-preview:-1"},"canonical":"https:\/\/www.foxy.eu\/pt\/","og_locale":"pt_PT","og_type":"article","og_title":"Home - Foxy","og_url":"https:\/\/www.foxy.eu\/pt\/","og_site_name":"Foxy","article_publisher":"https:\/\/www.facebook.com\/Foxy.Italia","article_modified_time":"2026-04-09T10:54:04+00:00","og_image":[{"url":"https:\/\/www.foxy.eu\/wp-content\/uploads\/2020\/11\/testata_mail_2x.jpg"}],"twitter_card":"summary_large_image","twitter_image":"https:\/\/enkaz3824io.exactdn.com\/wp-content\/uploads\/2020\/11\/testata_mail_2x.jpg?strip=all&lossy=1&ssl=1","twitter_misc":{"Est. reading time":"1 minuto"},"schema":{"@context":"https:\/\/schema.org","@graph":[{"@type":"WebPage","@id":"https:\/\/www.foxy.eu\/pt\/","url":"https:\/\/www.foxy.eu\/pt\/","name":"Home - Foxy","isPartOf":{"@id":"https:\/\/www.foxy.eu\/#website"},"datePublished":"2025-12-05T08:31:47+00:00","dateModified":"2026-04-09T10:54:04+00:00","breadcrumb":{"@id":"https:\/\/www.foxy.eu\/pt\/#breadcrumb"},"inLanguage":"pt-PT","potentialAction":[{"@type":"ReadAction","target":["https:\/\/www.foxy.eu\/pt\/"]}]},{"@type":"BreadcrumbList","@id":"https:\/\/www.foxy.eu\/pt\/#breadcrumb","itemListElement":[{"@type":"ListItem","position":1,"name":"Home","item":"https:\/\/www.foxy.eu\/pt\/"},{"@type":"ListItem","position":2,"name":"Home"}]},{"@type":"WebSite","@id":"https:\/\/www.foxy.eu\/#website","url":"https:\/\/www.foxy.eu\/","name":"Foxy","description":"Un nuovo sito targato WordPress","publisher":{"@id":"https:\/\/www.foxy.eu\/#organization"},"alternateName":"Scopri tutta la gamma di prodotti e iniziative Foxy. Abbiamo pensato a un mondo su misura per te.","potentialAction":[{"@type":"SearchAction","target":{"@type":"EntryPoint","urlTemplate":"https:\/\/www.foxy.eu\/?s={search_term_string}"},"query-input":"required name=search_term_string"}],"inLanguage":"pt-PT"},{"@type":"Organization","@id":"https:\/\/www.foxy.eu\/#organization","name":"Foxy | Sempre vicina a te!","alternateName":"Scopri tutta la gamma di prodotti e iniziative Foxy. Abbiamo pensato a un mondo su misura per te.","url":"https:\/\/www.foxy.eu\/","logo":{"@type":"ImageObject","inLanguage":"pt-PT","@id":"https:\/\/www.foxy.eu\/#\/schema\/logo\/image\/","url":"https:\/\/enkaz3824io.exactdn.com\/wp-content\/uploads\/2020\/07\/hp_big_logo@2x.png?strip=all&lossy=1&ssl=1","contentUrl":"https:\/\/enkaz3824io.exactdn.com\/wp-content\/uploads\/2020\/07\/hp_big_logo@2x.png?strip=all&lossy=1&ssl=1","width":518,"height":366,"caption":"Foxy | Sempre vicina a te!"},"image":{"@id":"https:\/\/www.foxy.eu\/#\/schema\/logo\/image\/"},"sameAs":["https:\/\/www.instagram.com\/foxy\/","https:\/\/www.youtube.com\/channel\/UCpCfvrNg7u0O0jSeH9B9ygA","https:\/\/www.facebook.com\/Foxy.Italia"]}]}},"_links":{"self":[{"href":"https:\/\/www.foxy.eu\/pt\/wp-json\/wp\/v2\/pages\/26830"}],"collection":[{"href":"https:\/\/www.foxy.eu\/pt\/wp-json\/wp\/v2\/pages"}],"about":[{"href":"https:\/\/www.foxy.eu\/pt\/wp-json\/wp\/v2\/types\/page"}],"author":[{"embeddable":true,"href":"https:\/\/www.foxy.eu\/pt\/wp-json\/wp\/v2\/users\/1"}],"replies":[{"embeddable":true,"href":"https:\/\/www.foxy.eu\/pt\/wp-json\/wp\/v2\/comments?post=26830"}],"version-history":[{"count":19,"href":"https:\/\/www.foxy.eu\/pt\/wp-json\/wp\/v2\/pages\/26830\/revisions"}],"predecessor-version":[{"id":29432,"href":"https:\/\/www.foxy.eu\/pt\/wp-json\/wp\/v2\/pages\/26830\/revisions\/29432"}],"wp:attachment":[{"href":"https:\/\/www.foxy.eu\/pt\/wp-json\/wp\/v2\/media?parent=26830"}],"wp:term":[{"taxonomy":"category","embeddable":true,"href":"https:\/\/www.foxy.eu\/pt\/wp-json\/wp\/v2\/categories?post=26830"},{"taxonomy":"post_tag","embeddable":true,"href":"https:\/\/www.foxy.eu\/pt\/wp-json\/wp\/v2\/tags?post=26830"}],"curies":[{"name":"wp","href":"https:\/\/api.w.org\/{rel}","templated":true}]}}