
{"id":26774,"date":"2025-12-04T12:02:32","date_gmt":"2025-12-04T11:02:32","guid":{"rendered":"https:\/\/www.foxy.eu\/?page_id=26774"},"modified":"2026-04-02T11:28:43","modified_gmt":"2026-04-02T09:28:43","slug":"a-foxy-a-favor-da-unicef","status":"publish","type":"page","link":"https:\/\/www.foxy.eu\/pt\/o-compromisso-da-foxy\/a-foxy-a-favor-da-unicef\/","title":{"rendered":"A Foxy a favor da UNICEF"},"content":{"rendered":"<p>[vc_row full_width=&#8221;stretch_row_content&#8221; equal_height=&#8221;yes&#8221; content_placement=&#8221;middle&#8221; el_class=&#8221;sotto-hero&#8221;][vc_column width=&#8221;1\/3&#8243;]<div class=\" ubtn-ctn-left btn-freccia btn-freccia-back\"><a class=\"ubtn-link ult-adjust-bottom-margin ubtn-left ubtn-large btn-freccia btn-freccia-back\" href=\"https:\/\/www.foxy.eu\/pt\/o-compromisso-da-foxy\/\" title=\"L&#039;impegno di Foxy\" ><button type=\"button\" id=\"ubtn-2713\"  class=\"ubtn ult-adjust-bottom-margin ult-responsive ubtn-large ubtn-no-hover-bg  none  ubtn-left   tooltip-69d862ceb1911\"  data-hover=\"\" data-border-color=\"\" data-bg=\"\" data-hover-bg=\"\" data-border-hover=\"\" data-shadow-hover=\"\" data-shadow-click=\"none\" data-shadow=\"\" data-shd-shadow=\"\"  data-ultimate-target='#ubtn-2713'  data-responsive-json-new='{\"font-size\":\"\",\"line-height\":\"\"}'  style=\"font-weight:normal;border:none;\"><span class=\"ubtn-hover\" style=\"background-color:\"><\/span><span class=\"ubtn-data ubtn-text \" >O compromisso da Foxy<\/span><\/button><\/a><\/div>[\/vc_column][vc_column width=&#8221;1\/3&#8243;][vc_single_image image=&#8221;1107&#8243; img_size=&#8221;full&#8221; alignment=&#8221;center&#8221; el_class=&#8221;logo-associazione&#8221;][\/vc_column][vc_column width=&#8221;1\/3&#8243;][\/vc_column][\/vc_row][vc_row el_class=&#8221;mbot60&#8243;][vc_column width=&#8221;5\/6&#8243; offset=&#8221;vc_col-lg-offset-2 vc_col-lg-8 vc_col-md-offset-2 vc_col-md-8 vc_col-sm-offset-1&#8243;][vc_column_text el_class=&#8221;text-center&#8221;]<\/p>\n<h2><strong>No ano de 2013, a Foxy e a UNICEF congratularam-se por terem alcan\u00e7ado um acordo de colabora\u00e7\u00e3o perdur\u00e1vel no tempo e destinado a projetos em pa\u00edses em vias desenvolvimento.\u00a0<\/strong><\/h2>\n<p>[\/vc_column_text][\/vc_column][\/vc_row][vc_row equal_height=&#8221;yes&#8221; content_placement=&#8221;middle&#8221; el_class=&#8221;mbot100&#8243;][vc_column width=&#8221;1\/2&#8243;][vc_single_image image=&#8221;1782&#8243; img_size=&#8221;full&#8221; el_class=&#8221;img-radius img-shadow-basso-destra&#8221;][\/vc_column][vc_column width=&#8221;1\/2&#8243; offset=&#8221;vc_col-lg-offset-1 vc_col-lg-4&#8243;][vc_column_text]<\/p>\n<h3><b>O projeto ao qual a a\u00e7\u00e3o se dirige \u00e9 definido e acordado pelas duas partes.\u00a0<\/b><\/h3>\n<p><span style=\"font-weight: 400;\">A alian\u00e7a \u00e9 efetuada para combater a pobreza, dado que a complexidade do mundo global em que vivemos requer uma a\u00e7\u00e3o integral. <\/span>[\/vc_column_text][\/vc_column][\/vc_row][vc_row equal_height=&#8221;yes&#8221; content_placement=&#8221;middle&#8221; el_class=&#8221;mbot100&#8243;][vc_column width=&#8221;1\/2&#8243; offset=&#8221;vc_col-lg-offset-1 vc_col-lg-4&#8243;][vc_column_text]<\/p>\n<h3><b>No ano de 2013, a Foxy come\u00e7ou a colaborar com a UNICEF no Projeto &#8220;Escolas no Mali&#8221;\u00a0<\/b><\/h3>\n<p>[\/vc_column_text][vc_column_text]<span style=\"font-weight: 400;\">O Projeto da Foxy &#8220;Escolas no Mali&#8221; baseou-se na constru\u00e7\u00e3o de instala\u00e7\u00f5es de \u00e1gua e saneamento em 13 escolas durante 6 anos, desde 2012 at\u00e9 2018 e a doa\u00e7\u00e3o global para o projeto foi de mais de 700.000\u20ac.\u00a0<\/span><\/p>\n<p><span style=\"font-weight: 400;\">Tudo isto representou uma melhoria das pr\u00e1ticas de higiene e do rendimento escolar nestes 13 centros, com um impacto direto em mais de 4.400 crian\u00e7as dessas Escolas.\u00a0<\/span><\/p>\n<p><span style=\"font-weight: 400;\">N\u00e3o s\u00f3 se melhoraram as condi\u00e7\u00f5es sanit\u00e1rias dessas crian\u00e7as, mas tamb\u00e9m se trabalhou com toda a Comunidade para melhorar as suas pr\u00e1ticas de higiene e permitiu o aumento da assist\u00eancia escolar durante todo o per\u00edodo educativo, especialmente das meninas, combatendo uma das chagas do pa\u00eds que \u00e9 o analfabetismo feminino.\u00a0<\/span><\/p>\n<p><b>Todos podemos ajudar<\/b><\/p>\n<p><span style=\"font-weight: 400;\">Se tamb\u00e9m quiser apoiar a UNICEF,<\/span><span style=\"font-weight: 400;\"><br \/>\n<\/span><span style=\"font-weight: 400;\">Torne-se s\u00f3cio em <\/span><a href=\"https:\/\/www.unicef.es\"><span style=\"font-weight: 400;\">www.unicef.es<\/span><span style=\"font-weight: 400;\"><br \/>\n<\/span><\/a><span style=\"font-weight: 400;\">ou ligue para o n.\u00ba 900 907 500<\/span>[\/vc_column_text][\/vc_column][vc_column width=&#8221;1\/2&#8243;][vc_single_image image=&#8221;26776&#8243; img_size=&#8221;full&#8221; el_class=&#8221;img-radius img-shadow-basso-destra&#8221;][\/vc_column][\/vc_row][vc_row el_id=&#8221;container_video_tv&#8221;][vc_column][\/vc_column][\/vc_row][vc_row el_class=&#8221;mbot60&#8243;][vc_column width=&#8221;5\/6&#8243; offset=&#8221;vc_col-lg-offset-2 vc_col-lg-8 vc_col-md-offset-2 vc_col-md-8 vc_col-sm-offset-1&#8243;][vc_column_text el_class=&#8221;text-center&#8221;]<\/p>\n<h2><b>O compromisso da Foxy<\/b><\/h2>\n<h3><b>Em 2020, a Foxy renovou o seu apoio \u00e0 UNICEF com uma doa\u00e7\u00e3o de 250.000 euros, destinada a diferentes iniciativas nacionais e internacionais.<\/b><\/h3>\n<p>[\/vc_column_text][vc_column_text]<span style=\"font-weight: 400;\">Em 2019 come\u00e7\u00e1mos a apoiar um apaixonante projeto na Costa do Marfim conhecido como \u00abMeninas na escola\u00bb.<\/span><span style=\"font-weight: 400;\"><br \/>\n<\/span><span style=\"font-weight: 400;\">O projeto foi concebido para abordar as desigualdades de g\u00e9nero no setor educativo, centrando-se na regi\u00e3o mais vulner\u00e1vel e na parte mais desfavorecida da popula\u00e7\u00e3o.<\/span><span style=\"font-weight: 400;\"><br \/>\n<\/span><span style=\"font-weight: 400;\">O objetivo \u00e9 ajudar o desenvolvimento do curso completo de escolariza\u00e7\u00e3o b\u00e1sica a 3.500 meninas e gerar um ambiente seguro onde se fomente:<\/span><\/p>\n<ul>\n<li style=\"font-weight: 400;\" aria-level=\"1\"><span style=\"font-weight: 400;\">a igualdade de g\u00e9nero<\/span><\/li>\n<li style=\"font-weight: 400;\" aria-level=\"1\"><span style=\"font-weight: 400;\">a disponibilidade de material educativo adequado com professores qualificados<\/span><\/li>\n<li style=\"font-weight: 400;\" aria-level=\"1\"><span style=\"font-weight: 400;\">uma participa\u00e7\u00e3o adequada da comunidade.<\/span><\/li>\n<\/ul>\n<p><span style=\"font-weight: 400;\">A educa\u00e7\u00e3o, com efeito, \u00e9 uma das ferramentas mais eficazes para apoiar o desenvolvimento dos pa\u00edses em vias de desenvolvimento.\u00a0<\/span><\/p>\n<p><span style=\"font-weight: 400;\">Al\u00e9m disso, com o in\u00edcio da emerg\u00eancia m\u00e9dica, a Foxy decidiu tamb\u00e9m estar ao lado da UNICEF na luta contra a COVID-19. A doa\u00e7\u00e3o foi destinada \u00e0 compra de dispositivos sanit\u00e1rios importantes, em particular m\u00e1scaras, luvas e \u00f3culos, destinados a profissionais de sa\u00fade de hospitais espanh\u00f3is.<\/span><\/p>\n<p><span style=\"font-weight: 400;\">Juntamente com a UNICEF, todos podemos expressar a nossa proximidade aos numerosos investigadores, vir\u00f3logos, m\u00e9dicos e enfermeiras que, incansavelmente, est\u00e3o sempre presentes nos hospitais de toda a Espanha para ajudarem milh\u00f5es de pessoas.<\/span>[\/vc_column_text][\/vc_column][\/vc_row][vc_row equal_height=&#8221;yes&#8221; el_class=&#8221;banner_schede&#8221;][vc_column offset=&#8221;vc_col-lg-offset-0 vc_col-md-offset-0&#8243;][vc_column_text el_class=&#8221;text-center title_mondo_foxy_related&#8221;]<span style=\"font-weight: 400;\">Descubra o compromisso da Foxy<\/span>[\/vc_column_text][\/vc_column][vc_column width=&#8221;5\/12&#8243; offset=&#8221;vc_col-lg-offset-1 vc_col-md-offset-1 vc_col-sm-offset-1&#8243;][vc_single_image image=&#8221;26639&#8243; img_size=&#8221;full&#8221; alignment=&#8221;center&#8221; onclick=&#8221;custom_link&#8221; link=&#8221;https:\/\/www.foxy.eu\/pt\/o-compromisso-da-foxy\/etiqueta-de-transparencia\/&#8221;][vc_column_text el_class=&#8221;banner_schede_cta&#8221;]<a href=\"https:\/\/www.foxy.eu\/pt\/o-compromisso-da-foxy\/etiqueta-de-transparencia\/\">Etiqueta de Transpar\u00eancia<\/a>[\/vc_column_text][\/vc_column][vc_column width=&#8221;5\/12&#8243; offset=&#8221;vc_col-lg-offset-0 vc_col-md-offset-0&#8243;][vc_single_image image=&#8221;27006&#8243; img_size=&#8221;full&#8221; alignment=&#8221;center&#8221; onclick=&#8221;custom_link&#8221; link=&#8221;https:\/\/www.foxy.eu\/pt\/o-compromisso-da-foxy\/fundacao-integralia\/&#8221;][vc_column_text el_class=&#8221;banner_schede_cta&#8221;]<a href=\"https:\/\/www.foxy.eu\/pt\/o-compromisso-da-foxy\/fundacao-integralia\/\"><span style=\"font-weight: 400;\">Funda\u00e7\u00e3o Integralia<\/span><\/a>[\/vc_column_text][\/vc_column][\/vc_row]<\/p>\n","protected":false},"excerpt":{"rendered":"<p>[vc_row full_width=&#8221;stretch_row_content&#8221; equal_height=&#8221;yes&#8221; content_placement=&#8221;middle&#8221; el_class=&#8221;sotto-hero&#8221;][vc_column width=&#8221;1\/3&#8243;][\/vc_column][vc_column width=&#8221;1\/3&#8243;][vc_single_image image=&#8221;1107&#8243; img_size=&#8221;full&#8221; alignment=&#8221;center&#8221; el_class=&#8221;logo-associazione&#8221;][\/vc_column][vc_column width=&#8221;1\/3&#8243;][\/vc_column][\/vc_row][vc_row el_class=&#8221;mbot60&#8243;][vc_column width=&#8221;5\/6&#8243; offset=&#8221;vc_col-lg-offset-2 vc_col-lg-8 vc_col-md-offset-2 vc_col-md-8 vc_col-sm-offset-1&#8243;][vc_column_text el_class=&#8221;text-center&#8221;] No ano de 2013, a Foxy e a UNICEF congratularam-se&#8230;<\/p>\n","protected":false},"author":1,"featured_media":0,"parent":26587,"menu_order":0,"comment_status":"closed","ping_status":"closed","template":"template-page-mondo-foxy.php","meta":[],"categories":[],"tags":[],"yoast_head":"<!-- This site is optimized with the Yoast SEO plugin v19.14 - https:\/\/yoast.com\/wordpress\/plugins\/seo\/ -->\n<title>A Foxy a favor da UNICEF - Foxy<\/title>\n<meta name=\"robots\" content=\"index, follow, max-snippet:-1, max-image-preview:large, max-video-preview:-1\" \/>\n<link rel=\"canonical\" href=\"https:\/\/www.foxy.eu\/pt\/o-compromisso-da-foxy\/a-foxy-a-favor-da-unicef\/\" \/>\n<meta property=\"og:locale\" content=\"pt_PT\" \/>\n<meta property=\"og:type\" content=\"article\" \/>\n<meta property=\"og:title\" content=\"A Foxy a favor da UNICEF - Foxy\" \/>\n<meta property=\"og:description\" content=\"[vc_row full_width=&#8221;stretch_row_content&#8221; equal_height=&#8221;yes&#8221; content_placement=&#8221;middle&#8221; el_class=&#8221;sotto-hero&#8221;][vc_column width=&#8221;1\/3&#8243;][\/vc_column][vc_column width=&#8221;1\/3&#8243;][vc_single_image image=&#8221;1107&#8243; img_size=&#8221;full&#8221; alignment=&#8221;center&#8221; el_class=&#8221;logo-associazione&#8221;][\/vc_column][vc_column width=&#8221;1\/3&#8243;][\/vc_column][\/vc_row][vc_row el_class=&#8221;mbot60&#8243;][vc_column width=&#8221;5\/6&#8243; offset=&#8221;vc_col-lg-offset-2 vc_col-lg-8 vc_col-md-offset-2 vc_col-md-8 vc_col-sm-offset-1&#8243;][vc_column_text el_class=&#8221;text-center&#8221;] No ano de 2013, a Foxy e a UNICEF congratularam-se...\" \/>\n<meta property=\"og:url\" content=\"https:\/\/www.foxy.eu\/pt\/o-compromisso-da-foxy\/a-foxy-a-favor-da-unicef\/\" \/>\n<meta property=\"og:site_name\" content=\"Foxy\" \/>\n<meta property=\"article:publisher\" content=\"https:\/\/www.facebook.com\/Foxy.Italia\" \/>\n<meta property=\"article:modified_time\" content=\"2026-04-02T09:28:43+00:00\" \/>\n<meta name=\"twitter:card\" content=\"summary_large_image\" \/>\n<meta name=\"twitter:label1\" content=\"Est. reading time\" \/>\n\t<meta name=\"twitter:data1\" content=\"3 minutos\" \/>\n<script type=\"application\/ld+json\" class=\"yoast-schema-graph\">{\"@context\":\"https:\/\/schema.org\",\"@graph\":[{\"@type\":\"WebPage\",\"@id\":\"https:\/\/www.foxy.eu\/pt\/o-compromisso-da-foxy\/a-foxy-a-favor-da-unicef\/\",\"url\":\"https:\/\/www.foxy.eu\/pt\/o-compromisso-da-foxy\/a-foxy-a-favor-da-unicef\/\",\"name\":\"A Foxy a favor da UNICEF - Foxy\",\"isPartOf\":{\"@id\":\"https:\/\/www.foxy.eu\/#website\"},\"datePublished\":\"2025-12-04T11:02:32+00:00\",\"dateModified\":\"2026-04-02T09:28:43+00:00\",\"breadcrumb\":{\"@id\":\"https:\/\/www.foxy.eu\/pt\/o-compromisso-da-foxy\/a-foxy-a-favor-da-unicef\/#breadcrumb\"},\"inLanguage\":\"pt-PT\",\"potentialAction\":[{\"@type\":\"ReadAction\",\"target\":[\"https:\/\/www.foxy.eu\/pt\/o-compromisso-da-foxy\/a-foxy-a-favor-da-unicef\/\"]}]},{\"@type\":\"BreadcrumbList\",\"@id\":\"https:\/\/www.foxy.eu\/pt\/o-compromisso-da-foxy\/a-foxy-a-favor-da-unicef\/#breadcrumb\",\"itemListElement\":[{\"@type\":\"ListItem\",\"position\":1,\"name\":\"Home\",\"item\":\"https:\/\/www.foxy.eu\/pt\/\"},{\"@type\":\"ListItem\",\"position\":2,\"name\":\"O compromisso da Foxy\",\"item\":\"https:\/\/www.foxy.eu\/pt\/o-compromisso-da-foxy\/\"},{\"@type\":\"ListItem\",\"position\":3,\"name\":\"A Foxy a favor da UNICEF\"}]},{\"@type\":\"WebSite\",\"@id\":\"https:\/\/www.foxy.eu\/#website\",\"url\":\"https:\/\/www.foxy.eu\/\",\"name\":\"Foxy\",\"description\":\"Un nuovo sito targato WordPress\",\"publisher\":{\"@id\":\"https:\/\/www.foxy.eu\/#organization\"},\"alternateName\":\"Scopri tutta la gamma di prodotti e iniziative Foxy. Abbiamo pensato a un mondo su misura per te.\",\"potentialAction\":[{\"@type\":\"SearchAction\",\"target\":{\"@type\":\"EntryPoint\",\"urlTemplate\":\"https:\/\/www.foxy.eu\/?s={search_term_string}\"},\"query-input\":\"required name=search_term_string\"}],\"inLanguage\":\"pt-PT\"},{\"@type\":\"Organization\",\"@id\":\"https:\/\/www.foxy.eu\/#organization\",\"name\":\"Foxy | Sempre vicina a te!\",\"alternateName\":\"Scopri tutta la gamma di prodotti e iniziative Foxy. Abbiamo pensato a un mondo su misura per te.\",\"url\":\"https:\/\/www.foxy.eu\/\",\"logo\":{\"@type\":\"ImageObject\",\"inLanguage\":\"pt-PT\",\"@id\":\"https:\/\/www.foxy.eu\/#\/schema\/logo\/image\/\",\"url\":\"https:\/\/enkaz3824io.exactdn.com\/wp-content\/uploads\/2020\/07\/hp_big_logo@2x.png?strip=all&lossy=1&ssl=1\",\"contentUrl\":\"https:\/\/enkaz3824io.exactdn.com\/wp-content\/uploads\/2020\/07\/hp_big_logo@2x.png?strip=all&lossy=1&ssl=1\",\"width\":518,\"height\":366,\"caption\":\"Foxy | Sempre vicina a te!\"},\"image\":{\"@id\":\"https:\/\/www.foxy.eu\/#\/schema\/logo\/image\/\"},\"sameAs\":[\"https:\/\/www.instagram.com\/foxy\/\",\"https:\/\/www.youtube.com\/channel\/UCpCfvrNg7u0O0jSeH9B9ygA\",\"https:\/\/www.facebook.com\/Foxy.Italia\"]}]}<\/script>\n<!-- \/ Yoast SEO plugin. -->","yoast_head_json":{"title":"A Foxy a favor da UNICEF - Foxy","robots":{"index":"index","follow":"follow","max-snippet":"max-snippet:-1","max-image-preview":"max-image-preview:large","max-video-preview":"max-video-preview:-1"},"canonical":"https:\/\/www.foxy.eu\/pt\/o-compromisso-da-foxy\/a-foxy-a-favor-da-unicef\/","og_locale":"pt_PT","og_type":"article","og_title":"A Foxy a favor da UNICEF - Foxy","og_description":"[vc_row full_width=&#8221;stretch_row_content&#8221; equal_height=&#8221;yes&#8221; content_placement=&#8221;middle&#8221; el_class=&#8221;sotto-hero&#8221;][vc_column width=&#8221;1\/3&#8243;][\/vc_column][vc_column width=&#8221;1\/3&#8243;][vc_single_image image=&#8221;1107&#8243; img_size=&#8221;full&#8221; alignment=&#8221;center&#8221; el_class=&#8221;logo-associazione&#8221;][\/vc_column][vc_column width=&#8221;1\/3&#8243;][\/vc_column][\/vc_row][vc_row el_class=&#8221;mbot60&#8243;][vc_column width=&#8221;5\/6&#8243; offset=&#8221;vc_col-lg-offset-2 vc_col-lg-8 vc_col-md-offset-2 vc_col-md-8 vc_col-sm-offset-1&#8243;][vc_column_text el_class=&#8221;text-center&#8221;] No ano de 2013, a Foxy e a UNICEF congratularam-se...","og_url":"https:\/\/www.foxy.eu\/pt\/o-compromisso-da-foxy\/a-foxy-a-favor-da-unicef\/","og_site_name":"Foxy","article_publisher":"https:\/\/www.facebook.com\/Foxy.Italia","article_modified_time":"2026-04-02T09:28:43+00:00","twitter_card":"summary_large_image","twitter_misc":{"Est. reading time":"3 minutos"},"schema":{"@context":"https:\/\/schema.org","@graph":[{"@type":"WebPage","@id":"https:\/\/www.foxy.eu\/pt\/o-compromisso-da-foxy\/a-foxy-a-favor-da-unicef\/","url":"https:\/\/www.foxy.eu\/pt\/o-compromisso-da-foxy\/a-foxy-a-favor-da-unicef\/","name":"A Foxy a favor da UNICEF - Foxy","isPartOf":{"@id":"https:\/\/www.foxy.eu\/#website"},"datePublished":"2025-12-04T11:02:32+00:00","dateModified":"2026-04-02T09:28:43+00:00","breadcrumb":{"@id":"https:\/\/www.foxy.eu\/pt\/o-compromisso-da-foxy\/a-foxy-a-favor-da-unicef\/#breadcrumb"},"inLanguage":"pt-PT","potentialAction":[{"@type":"ReadAction","target":["https:\/\/www.foxy.eu\/pt\/o-compromisso-da-foxy\/a-foxy-a-favor-da-unicef\/"]}]},{"@type":"BreadcrumbList","@id":"https:\/\/www.foxy.eu\/pt\/o-compromisso-da-foxy\/a-foxy-a-favor-da-unicef\/#breadcrumb","itemListElement":[{"@type":"ListItem","position":1,"name":"Home","item":"https:\/\/www.foxy.eu\/pt\/"},{"@type":"ListItem","position":2,"name":"O compromisso da Foxy","item":"https:\/\/www.foxy.eu\/pt\/o-compromisso-da-foxy\/"},{"@type":"ListItem","position":3,"name":"A Foxy a favor da UNICEF"}]},{"@type":"WebSite","@id":"https:\/\/www.foxy.eu\/#website","url":"https:\/\/www.foxy.eu\/","name":"Foxy","description":"Un nuovo sito targato WordPress","publisher":{"@id":"https:\/\/www.foxy.eu\/#organization"},"alternateName":"Scopri tutta la gamma di prodotti e iniziative Foxy. Abbiamo pensato a un mondo su misura per te.","potentialAction":[{"@type":"SearchAction","target":{"@type":"EntryPoint","urlTemplate":"https:\/\/www.foxy.eu\/?s={search_term_string}"},"query-input":"required name=search_term_string"}],"inLanguage":"pt-PT"},{"@type":"Organization","@id":"https:\/\/www.foxy.eu\/#organization","name":"Foxy | Sempre vicina a te!","alternateName":"Scopri tutta la gamma di prodotti e iniziative Foxy. Abbiamo pensato a un mondo su misura per te.","url":"https:\/\/www.foxy.eu\/","logo":{"@type":"ImageObject","inLanguage":"pt-PT","@id":"https:\/\/www.foxy.eu\/#\/schema\/logo\/image\/","url":"https:\/\/enkaz3824io.exactdn.com\/wp-content\/uploads\/2020\/07\/hp_big_logo@2x.png?strip=all&lossy=1&ssl=1","contentUrl":"https:\/\/enkaz3824io.exactdn.com\/wp-content\/uploads\/2020\/07\/hp_big_logo@2x.png?strip=all&lossy=1&ssl=1","width":518,"height":366,"caption":"Foxy | Sempre vicina a te!"},"image":{"@id":"https:\/\/www.foxy.eu\/#\/schema\/logo\/image\/"},"sameAs":["https:\/\/www.instagram.com\/foxy\/","https:\/\/www.youtube.com\/channel\/UCpCfvrNg7u0O0jSeH9B9ygA","https:\/\/www.facebook.com\/Foxy.Italia"]}]}},"_links":{"self":[{"href":"https:\/\/www.foxy.eu\/pt\/wp-json\/wp\/v2\/pages\/26774"}],"collection":[{"href":"https:\/\/www.foxy.eu\/pt\/wp-json\/wp\/v2\/pages"}],"about":[{"href":"https:\/\/www.foxy.eu\/pt\/wp-json\/wp\/v2\/types\/page"}],"author":[{"embeddable":true,"href":"https:\/\/www.foxy.eu\/pt\/wp-json\/wp\/v2\/users\/1"}],"replies":[{"embeddable":true,"href":"https:\/\/www.foxy.eu\/pt\/wp-json\/wp\/v2\/comments?post=26774"}],"version-history":[{"count":7,"href":"https:\/\/www.foxy.eu\/pt\/wp-json\/wp\/v2\/pages\/26774\/revisions"}],"predecessor-version":[{"id":29286,"href":"https:\/\/www.foxy.eu\/pt\/wp-json\/wp\/v2\/pages\/26774\/revisions\/29286"}],"up":[{"embeddable":true,"href":"https:\/\/www.foxy.eu\/pt\/wp-json\/wp\/v2\/pages\/26587"}],"wp:attachment":[{"href":"https:\/\/www.foxy.eu\/pt\/wp-json\/wp\/v2\/media?parent=26774"}],"wp:term":[{"taxonomy":"category","embeddable":true,"href":"https:\/\/www.foxy.eu\/pt\/wp-json\/wp\/v2\/categories?post=26774"},{"taxonomy":"post_tag","embeddable":true,"href":"https:\/\/www.foxy.eu\/pt\/wp-json\/wp\/v2\/tags?post=26774"}],"curies":[{"name":"wp","href":"https:\/\/api.w.org\/{rel}","templated":true}]}}