
{"id":26618,"date":"2025-12-04T10:47:26","date_gmt":"2025-12-04T09:47:26","guid":{"rendered":"https:\/\/www.foxy.eu\/?page_id=26618"},"modified":"2026-04-08T10:48:31","modified_gmt":"2026-04-08T08:48:31","slug":"3bee","status":"publish","type":"page","link":"https:\/\/www.foxy.eu\/pt\/o-compromisso-da-foxy\/3bee\/","title":{"rendered":"3Bee"},"content":{"rendered":"<p>[vc_row full_width=&#8221;stretch_row_content&#8221; equal_height=&#8221;yes&#8221; content_placement=&#8221;middle&#8221; el_class=&#8221;sotto-hero&#8221;][vc_column width=&#8221;1\/3&#8243;]<div class=\" ubtn-ctn-left btn-freccia btn-freccia-back\"><a class=\"ubtn-link ult-adjust-bottom-margin ubtn-left ubtn-large btn-freccia btn-freccia-back\" href=\"https:\/\/www.foxy.eu\/pt\/o-compromisso-da-foxy\/\" title=\"O compromisso da Foxy\" ><button type=\"button\" id=\"ubtn-2686\"  class=\"ubtn ult-adjust-bottom-margin ult-responsive ubtn-large ubtn-no-hover-bg  none  ubtn-left   tooltip-69d85ebfd84a9\"  data-hover=\"\" data-border-color=\"\" data-bg=\"\" data-hover-bg=\"\" data-border-hover=\"\" data-shadow-hover=\"\" data-shadow-click=\"none\" data-shadow=\"\" data-shd-shadow=\"\"  data-ultimate-target='#ubtn-2686'  data-responsive-json-new='{\"font-size\":\"\",\"line-height\":\"\"}'  style=\"font-weight:normal;border:none;\"><span class=\"ubtn-hover\" style=\"background-color:\"><\/span><span class=\"ubtn-data ubtn-text \" >O compromisso da Foxy<\/span><\/button><\/a><\/div>[\/vc_column][vc_column width=&#8221;1\/3&#8243;][vc_single_image image=&#8221;26646&#8243; img_size=&#8221;full&#8221; alignment=&#8221;center&#8221; el_class=&#8221;logo-associazione-medio&#8221;][\/vc_column][vc_column width=&#8221;1\/3&#8243;][\/vc_column][\/vc_row][vc_row equal_height=&#8221;yes&#8221; el_class=&#8221;mbot60&#8243;][vc_column width=&#8221;1\/6&#8243; offset=&#8221;vc_col-lg-2 vc_col-md-2&#8243; el_class=&#8221;ape-basso&#8221;][vc_single_image image=&#8221;26626&#8243; img_size=&#8221;full&#8221; el_class=&#8221;ape&#8221;][\/vc_column][vc_column width=&#8221;2\/3&#8243; offset=&#8221;vc_col-lg-8 vc_col-md-8&#8243;][vc_column_text el_class=&#8221;text-center tit-h2-normal&#8221;]<\/p>\n<h2><strong>A Foxy assinou um acordo plurianual com a 3Bee para a prote\u00e7\u00e3o das abelhas e de outros insetos polinizadores, s\u00edmbolo da biodiversidade, gra\u00e7as ao seguimento das colmeias e \u00e0 cria\u00e7\u00e3o de o\u00e1sis de n\u00e9ctar.<\/strong><\/h2>\n<p>[\/vc_column_text][\/vc_column][vc_column width=&#8221;1\/6&#8243; offset=&#8221;vc_col-lg-2 vc_col-md-2&#8243; el_class=&#8221;ape-medio&#8221;][vc_single_image image=&#8221;26627&#8243; img_size=&#8221;full&#8221; alignment=&#8221;right&#8221; el_class=&#8221;ape&#8221;][\/vc_column][\/vc_row][vc_row equal_height=&#8221;yes&#8221; content_placement=&#8221;middle&#8221; el_class=&#8221;mbot100&#8243;][vc_column width=&#8221;1\/2&#8243;][vc_single_image image=&#8221;26621&#8243; img_size=&#8221;full&#8221; el_class=&#8221;img-radius img-shadow-basso-destra&#8221;][\/vc_column][vc_column width=&#8221;1\/2&#8243; offset=&#8221;vc_col-lg-offset-1 vc_col-lg-4&#8243;][vc_column_text el_class=&#8221;tit-h3-small&#8221;]<\/p>\n<h3><strong>As abelhas s\u00e3o indispens\u00e1veis. Gra\u00e7as ao seu trabalho incans\u00e1vel de poliniza\u00e7\u00e3o, as abelhas s\u00e3o respons\u00e1veis por 1\/3 da produ\u00e7\u00e3o mundial de alimentos e por mais de 70% das esp\u00e9cies vegetais que habitam o planeta.<\/strong><\/h3>\n<p>[\/vc_column_text][vc_column_text]<span style=\"font-weight: 400;\">Mas nos \u00faltimos anos as abelhas est\u00e3o em perigo e correm o risco de desaparecerem, com danos inestim\u00e1veis para a biodiversidade. A mudan\u00e7a clim\u00e1tica, o uso de pesticidas na agricultura industrial, a perda de habitats naturais e igualmente a presen\u00e7a de parasitas, doen\u00e7as e bact\u00e9rias est\u00e3o a minar a sua sobreviv\u00eancia, e \u00e9 importante que se intervenha o mais cedo poss\u00edvel.<\/span>[\/vc_column_text][\/vc_column][\/vc_row][vc_row equal_height=&#8221;yes&#8221; content_placement=&#8221;middle&#8221; el_class=&#8221;mbot100&#8243;][vc_column width=&#8221;1\/2&#8243; offset=&#8221;vc_col-lg-offset-1 vc_col-lg-4&#8243; el_class=&#8221;order-2&#8243;][vc_column_text el_class=&#8221;tit-h3-small&#8221;]<\/p>\n<h3><strong>A Foxy decidiu proteger as abelhas e a biodiversidade iniciando um projeto plurianual a n\u00edvel europeu com o s\u00f3cio cient\u00edfico 3Bee.<br \/>\nA 3Bee \u00e9 uma empresa italiana de tecnologia aplicada \u00e0 natureza que desenvolve tecnologias para a monitoriza\u00e7\u00e3o, prote\u00e7\u00e3o e regenera\u00e7\u00e3o da biodiversidade.<\/strong><\/h3>\n<p>[\/vc_column_text][vc_column_text]<span style=\"font-weight: 400;\">Come\u00e7ando com a abelha, um bioindicador fundamental, a 3Bee recolhe e interpreta os dados ambientais atrav\u00e9s de sistemas propriet\u00e1rios inovadores para monitorizar a sa\u00fade dos polinizadores e a sua liga\u00e7\u00e3o aos ecossistemas, oferecendo solu\u00e7\u00f5es de avalia\u00e7\u00e3o, monitoriza\u00e7\u00e3o, regenera\u00e7\u00e3o e forma\u00e7\u00e3o para a biodiversidade.<\/span><\/p>\n<p><strong> <span style=\"font-weight: 400;\">Para mais informa\u00e7\u00f5es, visite o site <\/span><a class=\"link-arancio\" href=\"https:\/\/www.3bee.com\/\" target=\"_blank\" rel=\"noopener noreferrer\">https:\/\/www.3bee.com\/<\/a><\/strong>[\/vc_column_text][\/vc_column][vc_column width=&#8221;1\/2&#8243; offset=&#8221;vc_col-lg-offset-1 vc_col-lg-6&#8243;][vc_single_image image=&#8221;26652&#8243; img_size=&#8221;full&#8221; el_class=&#8221;img-radius img-shadow-basso-destra&#8221;][\/vc_column][\/vc_row][vc_row equal_height=&#8221;yes&#8221;][vc_column width=&#8221;1\/6&#8243; offset=&#8221;vc_col-lg-2 vc_col-md-2&#8243; el_class=&#8221;ape-basso&#8221;][vc_single_image image=&#8221;26624&#8243; img_size=&#8221;full&#8221; el_class=&#8221;ape-big&#8221;][\/vc_column][vc_column width=&#8221;2\/3&#8243; offset=&#8221;vc_col-lg-8 vc_col-md-8&#8243; el_class=&#8221;corpo-stretto&#8221;][vc_column_text el_class=&#8221;tit-h3-small text-center&#8221;]<\/p>\n<h3><strong>Gra\u00e7as a este projeto com a 3Bee, foram instaladas 73 colmeias tecnol\u00f3gicas na It\u00e1lia, Espanha, Pol\u00f3nia, Fran\u00e7a, Reino Unido, Irlanda e Alemanha, que permitem que se observe de forma precisa o estado de sa\u00fade das abelhas e simultaneamente se monitorizem as condi\u00e7\u00f5es do ambiente circundante. Anualmente, a n\u00edvel europeu, a Foxy contribui para a monitoriza\u00e7\u00e3o e a prote\u00e7\u00e3o de 21 milh\u00f5es de abelhas.<\/strong><\/h3>\n<p>[\/vc_column_text][vc_column_text el_class=&#8221;text-center&#8221;]<\/p>\n<p class=\"p1\"><span style=\"font-weight: 400;\"><strong>Al\u00e9m disso, na It\u00e1lia, Fran\u00e7a, Espanha, Alemanha e Pol\u00f3nia foram criados 24 o\u00e1sis de biodiversidade<\/strong>: foram plantadas 2.350 plantas aut\u00f3ctones com alto potencial de n\u00e9ctar que, depois de alcan\u00e7ado o seu regime de crescimento, contribuir\u00e3o para recriar habitats acolhedores para os insetos polinizadores e para lhes proporcionar alimentos e abrigo.<\/span><\/p>\n<p>[\/vc_column_text][\/vc_column][vc_column width=&#8221;1\/6&#8243; offset=&#8221;vc_col-lg-2 vc_col-md-2&#8243;][vc_single_image image=&#8221;26625&#8243; img_size=&#8221;full&#8221; alignment=&#8221;right&#8221; el_class=&#8221;ape-big&#8221;][\/vc_column][\/vc_row][vc_row full_width=&#8221;stretch_row&#8221; el_class=&#8221;riga-fucsia-api&#8221;][vc_column width=&#8221;1\/2&#8243; offset=&#8221;vc_col-lg-offset-1 vc_col-lg-4&#8243;][vc_single_image image=&#8221;26628&#8243; img_size=&#8221;full&#8221; alignment=&#8221;center&#8221;][vc_column_text el_class=&#8221;text-center&#8221;]<strong>21 milh\u00f5es<br \/>\n<\/strong><span style=\"font-weight: 400;\">de abelhas monitorizadas e protegidas cada ano<\/span>[\/vc_column_text][vc_raw_html]JTNDZGl2JTIwY2xhc3MlM0QlMjJ0ZXh0LWNlbnRlciUyMiUzRSUzQ2ElMjBjbGFzcyUzRCUyMmJ0bi1mcmVjY2lhJTIwZnJlY2NpYS1ibHUlMjBidG4td2hpdGUlMjIlMjBocmVmJTNEJTIyaHR0cHMlM0ElMkYlMkZ3d3cuZm94eS5ldSUyRmVzJTJGZm94eS1hLWZhdm9yLWRlLTNiZWUlMkYlMjIlM0UlM0NidXR0b24lMjB0eXBlJTNEJTIyYnV0dG9uJTIyJTIwY2xhc3MlM0QlMjJ1YnRuJTIwdWx0LWFkanVzdC1ib3R0b20tbWFyZ2luJTIwdWx0LXJlc3BvbnNpdmUlMjB1YnRuLWxhcmdlJTIwdWJ0bi1uby1ob3Zlci1iZyUyMCUyMG5vbmUlMjAlMjB1YnRuLWNlbnRlciUyMCUyMCUyMiUzRSUzQ3NwYW4lMjBjbGFzcyUzRCUyMnVidG4taG92ZXIlMjIlM0UlM0MlMkZzcGFuJTNFJTNDZGl2JTIwY2xhc3MlM0QlMjJ1YnRuLWRhdGElMjB1YnRuLXRleHQlMjIlM0VEZXNjdWJyYSUyMG8lMjBtYXBhJTIwZGFzJTIwY29sbWVpYXMlMjB0ZWNub2wlQzMlQjNnaWNhcyUwQSUzQyUyRmRpdiUzRSUzQyUyRmJ1dHRvbiUzRSUzQyUyRmElM0UlM0MlMkZkaXYlM0U=[\/vc_raw_html][\/vc_column][vc_column width=&#8221;1\/2&#8243; offset=&#8221;vc_col-lg-offset-2 vc_col-lg-4&#8243;][vc_single_image image=&#8221;26629&#8243; img_size=&#8221;full&#8221; alignment=&#8221;center&#8221;][vc_column_text el_class=&#8221;text-center&#8221;]<strong>2.350<br \/>\n<\/strong><span style=\"font-weight: 400;\">plantas produtoras de n\u00e9ctar cuidadas<\/span>[\/vc_column_text][vc_raw_html]JTNDZGl2JTIwY2xhc3MlM0QlMjJ0ZXh0LWNlbnRlciUyMiUzRSUzQ2ElMjBjbGFzcyUzRCUyMmJ0bi1mcmVjY2lhJTIwZnJlY2NpYS1ibHUlMjBidG4td2hpdGUlMjIlMjBocmVmJTNEJTIyaHR0cHMlM0ElMkYlMkZ3d3cuZm94eS5ldSUyRmVzJTJGZm94eS1hLWZhdm9yLWRlLTNiZWUlMkYlMjIlM0UlM0NidXR0b24lMjB0eXBlJTNEJTIyYnV0dG9uJTIyJTIwY2xhc3MlM0QlMjJ1YnRuJTIwdWx0LWFkanVzdC1ib3R0b20tbWFyZ2luJTIwdWx0LXJlc3BvbnNpdmUlMjB1YnRuLWxhcmdlJTIwdWJ0bi1uby1ob3Zlci1iZyUyMCUyMG5vbmUlMjAlMjB1YnRuLWNlbnRlciUyMCUyMCUyMiUzRSUzQ3NwYW4lMjBjbGFzcyUzRCUyMnVidG4taG92ZXIlMjIlM0UlM0MlMkZzcGFuJTNFJTNDZGl2JTIwY2xhc3MlM0QlMjJ1YnRuLWRhdGElMjB1YnRuLXRleHQlMjIlM0VEZXNjdWJyYSUyMG8lMjBtYXBhJTIwZG9zJTIwbyVDMyVBMXNpcyUyMGRhJTIwYmlvZGl2ZXJzaWRhZGUlMEElM0MlMkZkaXYlM0UlM0MlMkZidXR0b24lM0UlM0MlMkZhJTNFJTNDJTJGZGl2JTNF[\/vc_raw_html][\/vc_column][\/vc_row][vc_row equal_height=&#8221;yes&#8221; content_placement=&#8221;middle&#8221; el_class=&#8221;mtop60&#8243; css=&#8221;.vc_custom_1667985380198{margin-bottom: 0px !important;}&#8221;][vc_column width=&#8221;1\/6&#8243; offset=&#8221;vc_col-lg-2 vc_col-md-2&#8243; el_class=&#8221;ape-medio&#8221;][vc_single_image image=&#8221;26631&#8243; img_size=&#8221;full&#8221; el_class=&#8221;ape ape-sx&#8221;][vc_single_image image=&#8221;26630&#8243; img_size=&#8221;full&#8221; alignment=&#8221;right&#8221; el_class=&#8221;ape-big&#8221;][\/vc_column][vc_column width=&#8221;2\/3&#8243; offset=&#8221;vc_col-lg-8 vc_col-md-8&#8243;][vc_column_text el_class=&#8221;text-center tit-h2-normal&#8221;]<\/p>\n<h2><strong>A Foxy dedica uma vasta gama de produtos a este projeto: Foxy Love the Bee, papel higi\u00e9nico e papel de cozinha, o papel que ama e protege as abelhas!<\/strong><\/h2>\n<p>[\/vc_column_text][\/vc_column][vc_column width=&#8221;1\/6&#8243; offset=&#8221;vc_col-lg-2 vc_col-md-2&#8243; el_class=&#8221;ape-basso&#8221;][vc_single_image image=&#8221;26632&#8243; img_size=&#8221;full&#8221; alignment=&#8221;right&#8221; el_class=&#8221;ape&#8221;][vc_single_image image=&#8221;26633&#8243; img_size=&#8221;full&#8221; alignment=&#8221;center&#8221; el_class=&#8221;ape-big&#8221; css=&#8221;.vc_custom_1667985337661{margin-bottom: 0px !important;}&#8221;][\/vc_column][\/vc_row][vc_row full_width=&#8221;stretch_row_content_no_spaces&#8221; equal_height=&#8221;yes&#8221; content_placement=&#8221;middle&#8221; el_class=&#8221;riga-prodotti-api&#8221;][vc_column width=&#8221;1\/2&#8243; el_class=&#8221;prodotto-bee&#8221;][vc_single_image image=&#8221;27052&#8243; img_size=&#8221;full&#8221; alignment=&#8221;center&#8221; onclick=&#8221;custom_link&#8221; link=&#8221;https:\/\/www.foxy.eu\/pt\/produtos\/foxy-love-the-bee-cozinhas\/&#8221;][vc_raw_html]JTNDZGl2JTIwY2xhc3MlM0QlMjJjYXRlZ29yeV9yZWxhdGVkJTIyJTNFQ09aSU5IQVMlM0MlMkZkaXYlM0UlMEElM0NhJTIwY2xhc3MlM0QlMjJ1YnRuLWxpbmslMjB1bHQtYWRqdXN0LWJvdHRvbS1tYXJnaW4lMjB1YnRuLWNlbnRlciUyMHVidG4tbGFyZ2UlMjBidG4td2hpdGUlMjIlMjBocmVmJTNEJTIyaHR0cHMlM0ElMkYlMkZ3d3cuZm94eS5ldSUyRnB0JTJGcHJvZHV0b3MlMkZmb3h5LWxvdmUtdGhlLWJlZS1jb3ppbmhhcyUyRiUyMiUzRSUzQ2J1dHRvbiUyMHR5cGUlM0QlMjJidXR0b24lMjIlMjBjbGFzcyUzRCUyMnVidG4lMjB1bHQtYWRqdXN0LWJvdHRvbS1tYXJnaW4lMjB1bHQtcmVzcG9uc2l2ZSUyMHVidG4tbGFyZ2UlMjB1YnRuLW5vLWhvdmVyLWJnJTIwJTIwbm9uZSUyMCUyMHVidG4tY2VudGVyJTIwJTIwJTIyJTNFJTNDc3BhbiUyMGNsYXNzJTNEJTIydWJ0bi1ob3ZlciUyMiUzRSUzQyUyRnNwYW4lM0UlM0NkaXYlMjBjbGFzcyUzRCUyMnVidG4tZGF0YSUyMHVidG4tdGV4dCUyMiUzRUZveHklMjBMb3ZlJTIwdGhlJTIwQmVlJTNDJTJGZGl2JTNFJTNDJTJGYnV0dG9uJTNFJTNDJTJGYSUzRQ==[\/vc_raw_html][\/vc_column][vc_column width=&#8221;1\/2&#8243; el_class=&#8221;prodotto-bee&#8221;][vc_single_image image=&#8221;27052&#8243; img_size=&#8221;full&#8221; alignment=&#8221;center&#8221; onclick=&#8221;custom_link&#8221; link=&#8221;https:\/\/www.foxy.eu\/pt\/produtos\/foxy-love-the-bee\/&#8221;][vc_raw_html]JTNDZGl2JTIwY2xhc3MlM0QlMjJjYXRlZ29yeV9yZWxhdGVkJTIyJTNFSElHSSVDMyU4OU5JQ09TJTNDJTJGZGl2JTNFJTBBJTNDYSUyMGNsYXNzJTNEJTIydWJ0bi1saW5rJTIwdWx0LWFkanVzdC1ib3R0b20tbWFyZ2luJTIwdWJ0bi1jZW50ZXIlMjB1YnRuLWxhcmdlJTIwYnRuLXdoaXRlJTIyJTIwaHJlZiUzRCUyMmh0dHBzJTNBJTJGJTJGd3d3LmZveHkuZXUlMkZwdCUyRnByb2R1dG9zJTJGZm94eS1sb3ZlLXRoZS1iZWUlMkYlMjIlM0UlM0NidXR0b24lMjB0eXBlJTNEJTIyYnV0dG9uJTIyJTIwY2xhc3MlM0QlMjJ1YnRuJTIwdWx0LWFkanVzdC1ib3R0b20tbWFyZ2luJTIwdWx0LXJlc3BvbnNpdmUlMjB1YnRuLWxhcmdlJTIwdWJ0bi1uby1ob3Zlci1iZyUyMCUyMG5vbmUlMjAlMjB1YnRuLWNlbnRlciUyMCUyMCUyMiUzRSUzQ3NwYW4lMjBjbGFzcyUzRCUyMnVidG4taG92ZXIlMjIlM0UlM0MlMkZzcGFuJTNFJTNDZGl2JTIwY2xhc3MlM0QlMjJ1YnRuLWRhdGElMjB1YnRuLXRleHQlMjIlM0VGb3h5JTIwTG92ZSUyMHRoZSUyMEJlZSUzQyUyRmRpdiUzRSUzQyUyRmJ1dHRvbiUzRSUzQyUyRmElM0U=[\/vc_raw_html][\/vc_column][\/vc_row][vc_row equal_height=&#8221;yes&#8221; el_class=&#8221;banner_schede&#8221;][vc_column offset=&#8221;vc_col-lg-offset-0 vc_col-md-offset-0&#8243;][vc_column_text el_class=&#8221;text-center title_mondo_foxy_related&#8221;]<\/p>\n<p id=\"tw-target-text\" class=\"tw-data-text tw-text-large tw-ta\" dir=\"ltr\" tabindex=\"-1\" role=\"text\" data-placeholder=\"Traduzione\" data-ved=\"2ahUKEwiQ7I3K5c6TAxWq1AIHHdldJp8Q3ewLegQIBBAW\" aria-label=\"Testo tradotto: Descubra o compromisso de Foxy\"><span class=\"Y2IQFc\" lang=\"pt\">Descubra o <\/span>compromisso da Foxy<\/p>\n<p>[\/vc_column_text][\/vc_column][vc_column width=&#8221;5\/12&#8243; offset=&#8221;vc_col-lg-offset-1 vc_col-md-offset-1 vc_col-sm-offset-1&#8243;][vc_single_image image=&#8221;26597&#8243; img_size=&#8221;full&#8221; alignment=&#8221;center&#8221; onclick=&#8221;custom_link&#8221; link=&#8221;https:\/\/www.foxy.eu\/pt\/o-compromisso-da-foxy\/desempenhe-o-seu-papel\/&#8221;][vc_column_text el_class=&#8221;banner_schede_cta&#8221;]<a href=\"https:\/\/www.foxy.eu\/pt\/o-compromisso-da-foxy\/desempenhe-o-seu-papel\/\"><span style=\"font-weight: 400;\">Desempenhe o seu papel<\/span><\/a>[\/vc_column_text][\/vc_column][vc_column width=&#8221;5\/12&#8243; offset=&#8221;vc_col-lg-offset-0 vc_col-md-offset-0&#8243;][vc_single_image image=&#8221;26639&#8243; img_size=&#8221;full&#8221; alignment=&#8221;center&#8221; onclick=&#8221;custom_link&#8221; link=&#8221;https:\/\/www.foxy.eu\/pt\/o-compromisso-da-foxy\/etiqueta-de-transparencia\/&#8221;][vc_column_text el_class=&#8221;banner_schede_cta&#8221;]<a href=\"https:\/\/www.foxy.eu\/pt\/o-compromisso-da-foxy\/etiqueta-de-transparencia\/\">Etiqueta de transpar\u00eancia<\/a>[\/vc_column_text][\/vc_column][\/vc_row]<\/p>\n","protected":false},"excerpt":{"rendered":"<p>[vc_row full_width=&#8221;stretch_row_content&#8221; equal_height=&#8221;yes&#8221; content_placement=&#8221;middle&#8221; el_class=&#8221;sotto-hero&#8221;][vc_column width=&#8221;1\/3&#8243;][\/vc_column][vc_column width=&#8221;1\/3&#8243;][vc_single_image image=&#8221;26646&#8243; img_size=&#8221;full&#8221; alignment=&#8221;center&#8221; el_class=&#8221;logo-associazione-medio&#8221;][\/vc_column][vc_column width=&#8221;1\/3&#8243;][\/vc_column][\/vc_row][vc_row equal_height=&#8221;yes&#8221; el_class=&#8221;mbot60&#8243;][vc_column width=&#8221;1\/6&#8243; offset=&#8221;vc_col-lg-2 vc_col-md-2&#8243; el_class=&#8221;ape-basso&#8221;][vc_single_image image=&#8221;26626&#8243; img_size=&#8221;full&#8221; el_class=&#8221;ape&#8221;][\/vc_column][vc_column width=&#8221;2\/3&#8243; offset=&#8221;vc_col-lg-8 vc_col-md-8&#8243;][vc_column_text el_class=&#8221;text-center tit-h2-normal&#8221;] A Foxy assinou um&#8230;<\/p>\n","protected":false},"author":1,"featured_media":0,"parent":26587,"menu_order":0,"comment_status":"closed","ping_status":"closed","template":"template-page-mondo-foxy.php","meta":[],"categories":[],"tags":[],"yoast_head":"<!-- This site is optimized with the Yoast SEO plugin v19.14 - https:\/\/yoast.com\/wordpress\/plugins\/seo\/ -->\n<title>3Bee - Foxy<\/title>\n<meta name=\"robots\" content=\"index, follow, max-snippet:-1, max-image-preview:large, max-video-preview:-1\" \/>\n<link rel=\"canonical\" href=\"https:\/\/www.foxy.eu\/pt\/o-compromisso-da-foxy\/3bee\/\" \/>\n<meta property=\"og:locale\" content=\"pt_PT\" \/>\n<meta property=\"og:type\" content=\"article\" \/>\n<meta property=\"og:title\" content=\"3Bee - Foxy\" \/>\n<meta property=\"og:description\" content=\"[vc_row full_width=&#8221;stretch_row_content&#8221; equal_height=&#8221;yes&#8221; content_placement=&#8221;middle&#8221; el_class=&#8221;sotto-hero&#8221;][vc_column width=&#8221;1\/3&#8243;][\/vc_column][vc_column width=&#8221;1\/3&#8243;][vc_single_image image=&#8221;26646&#8243; img_size=&#8221;full&#8221; alignment=&#8221;center&#8221; el_class=&#8221;logo-associazione-medio&#8221;][\/vc_column][vc_column width=&#8221;1\/3&#8243;][\/vc_column][\/vc_row][vc_row equal_height=&#8221;yes&#8221; el_class=&#8221;mbot60&#8243;][vc_column width=&#8221;1\/6&#8243; offset=&#8221;vc_col-lg-2 vc_col-md-2&#8243; el_class=&#8221;ape-basso&#8221;][vc_single_image image=&#8221;26626&#8243; img_size=&#8221;full&#8221; el_class=&#8221;ape&#8221;][\/vc_column][vc_column width=&#8221;2\/3&#8243; offset=&#8221;vc_col-lg-8 vc_col-md-8&#8243;][vc_column_text el_class=&#8221;text-center tit-h2-normal&#8221;] A Foxy assinou um...\" \/>\n<meta property=\"og:url\" content=\"https:\/\/www.foxy.eu\/pt\/o-compromisso-da-foxy\/3bee\/\" \/>\n<meta property=\"og:site_name\" content=\"Foxy\" \/>\n<meta property=\"article:publisher\" content=\"https:\/\/www.facebook.com\/Foxy.Italia\" \/>\n<meta property=\"article:modified_time\" content=\"2026-04-08T08:48:31+00:00\" \/>\n<meta name=\"twitter:card\" content=\"summary_large_image\" \/>\n<meta name=\"twitter:label1\" content=\"Est. reading time\" \/>\n\t<meta name=\"twitter:data1\" content=\"4 minutos\" \/>\n<script type=\"application\/ld+json\" class=\"yoast-schema-graph\">{\"@context\":\"https:\/\/schema.org\",\"@graph\":[{\"@type\":\"WebPage\",\"@id\":\"https:\/\/www.foxy.eu\/pt\/o-compromisso-da-foxy\/3bee\/\",\"url\":\"https:\/\/www.foxy.eu\/pt\/o-compromisso-da-foxy\/3bee\/\",\"name\":\"3Bee - Foxy\",\"isPartOf\":{\"@id\":\"https:\/\/www.foxy.eu\/#website\"},\"datePublished\":\"2025-12-04T09:47:26+00:00\",\"dateModified\":\"2026-04-08T08:48:31+00:00\",\"breadcrumb\":{\"@id\":\"https:\/\/www.foxy.eu\/pt\/o-compromisso-da-foxy\/3bee\/#breadcrumb\"},\"inLanguage\":\"pt-PT\",\"potentialAction\":[{\"@type\":\"ReadAction\",\"target\":[\"https:\/\/www.foxy.eu\/pt\/o-compromisso-da-foxy\/3bee\/\"]}]},{\"@type\":\"BreadcrumbList\",\"@id\":\"https:\/\/www.foxy.eu\/pt\/o-compromisso-da-foxy\/3bee\/#breadcrumb\",\"itemListElement\":[{\"@type\":\"ListItem\",\"position\":1,\"name\":\"Home\",\"item\":\"https:\/\/www.foxy.eu\/pt\/\"},{\"@type\":\"ListItem\",\"position\":2,\"name\":\"O compromisso da Foxy\",\"item\":\"https:\/\/www.foxy.eu\/pt\/o-compromisso-da-foxy\/\"},{\"@type\":\"ListItem\",\"position\":3,\"name\":\"3Bee\"}]},{\"@type\":\"WebSite\",\"@id\":\"https:\/\/www.foxy.eu\/#website\",\"url\":\"https:\/\/www.foxy.eu\/\",\"name\":\"Foxy\",\"description\":\"Un nuovo sito targato WordPress\",\"publisher\":{\"@id\":\"https:\/\/www.foxy.eu\/#organization\"},\"alternateName\":\"Scopri tutta la gamma di prodotti e iniziative Foxy. Abbiamo pensato a un mondo su misura per te.\",\"potentialAction\":[{\"@type\":\"SearchAction\",\"target\":{\"@type\":\"EntryPoint\",\"urlTemplate\":\"https:\/\/www.foxy.eu\/?s={search_term_string}\"},\"query-input\":\"required name=search_term_string\"}],\"inLanguage\":\"pt-PT\"},{\"@type\":\"Organization\",\"@id\":\"https:\/\/www.foxy.eu\/#organization\",\"name\":\"Foxy | Sempre vicina a te!\",\"alternateName\":\"Scopri tutta la gamma di prodotti e iniziative Foxy. Abbiamo pensato a un mondo su misura per te.\",\"url\":\"https:\/\/www.foxy.eu\/\",\"logo\":{\"@type\":\"ImageObject\",\"inLanguage\":\"pt-PT\",\"@id\":\"https:\/\/www.foxy.eu\/#\/schema\/logo\/image\/\",\"url\":\"https:\/\/enkaz3824io.exactdn.com\/wp-content\/uploads\/2020\/07\/hp_big_logo@2x.png?strip=all&lossy=1&ssl=1\",\"contentUrl\":\"https:\/\/enkaz3824io.exactdn.com\/wp-content\/uploads\/2020\/07\/hp_big_logo@2x.png?strip=all&lossy=1&ssl=1\",\"width\":518,\"height\":366,\"caption\":\"Foxy | Sempre vicina a te!\"},\"image\":{\"@id\":\"https:\/\/www.foxy.eu\/#\/schema\/logo\/image\/\"},\"sameAs\":[\"https:\/\/www.instagram.com\/foxy\/\",\"https:\/\/www.youtube.com\/channel\/UCpCfvrNg7u0O0jSeH9B9ygA\",\"https:\/\/www.facebook.com\/Foxy.Italia\"]}]}<\/script>\n<!-- \/ Yoast SEO plugin. -->","yoast_head_json":{"title":"3Bee - Foxy","robots":{"index":"index","follow":"follow","max-snippet":"max-snippet:-1","max-image-preview":"max-image-preview:large","max-video-preview":"max-video-preview:-1"},"canonical":"https:\/\/www.foxy.eu\/pt\/o-compromisso-da-foxy\/3bee\/","og_locale":"pt_PT","og_type":"article","og_title":"3Bee - Foxy","og_description":"[vc_row full_width=&#8221;stretch_row_content&#8221; equal_height=&#8221;yes&#8221; content_placement=&#8221;middle&#8221; el_class=&#8221;sotto-hero&#8221;][vc_column width=&#8221;1\/3&#8243;][\/vc_column][vc_column width=&#8221;1\/3&#8243;][vc_single_image image=&#8221;26646&#8243; img_size=&#8221;full&#8221; alignment=&#8221;center&#8221; el_class=&#8221;logo-associazione-medio&#8221;][\/vc_column][vc_column width=&#8221;1\/3&#8243;][\/vc_column][\/vc_row][vc_row equal_height=&#8221;yes&#8221; el_class=&#8221;mbot60&#8243;][vc_column width=&#8221;1\/6&#8243; offset=&#8221;vc_col-lg-2 vc_col-md-2&#8243; el_class=&#8221;ape-basso&#8221;][vc_single_image image=&#8221;26626&#8243; img_size=&#8221;full&#8221; el_class=&#8221;ape&#8221;][\/vc_column][vc_column width=&#8221;2\/3&#8243; offset=&#8221;vc_col-lg-8 vc_col-md-8&#8243;][vc_column_text el_class=&#8221;text-center tit-h2-normal&#8221;] A Foxy assinou um...","og_url":"https:\/\/www.foxy.eu\/pt\/o-compromisso-da-foxy\/3bee\/","og_site_name":"Foxy","article_publisher":"https:\/\/www.facebook.com\/Foxy.Italia","article_modified_time":"2026-04-08T08:48:31+00:00","twitter_card":"summary_large_image","twitter_misc":{"Est. reading time":"4 minutos"},"schema":{"@context":"https:\/\/schema.org","@graph":[{"@type":"WebPage","@id":"https:\/\/www.foxy.eu\/pt\/o-compromisso-da-foxy\/3bee\/","url":"https:\/\/www.foxy.eu\/pt\/o-compromisso-da-foxy\/3bee\/","name":"3Bee - Foxy","isPartOf":{"@id":"https:\/\/www.foxy.eu\/#website"},"datePublished":"2025-12-04T09:47:26+00:00","dateModified":"2026-04-08T08:48:31+00:00","breadcrumb":{"@id":"https:\/\/www.foxy.eu\/pt\/o-compromisso-da-foxy\/3bee\/#breadcrumb"},"inLanguage":"pt-PT","potentialAction":[{"@type":"ReadAction","target":["https:\/\/www.foxy.eu\/pt\/o-compromisso-da-foxy\/3bee\/"]}]},{"@type":"BreadcrumbList","@id":"https:\/\/www.foxy.eu\/pt\/o-compromisso-da-foxy\/3bee\/#breadcrumb","itemListElement":[{"@type":"ListItem","position":1,"name":"Home","item":"https:\/\/www.foxy.eu\/pt\/"},{"@type":"ListItem","position":2,"name":"O compromisso da Foxy","item":"https:\/\/www.foxy.eu\/pt\/o-compromisso-da-foxy\/"},{"@type":"ListItem","position":3,"name":"3Bee"}]},{"@type":"WebSite","@id":"https:\/\/www.foxy.eu\/#website","url":"https:\/\/www.foxy.eu\/","name":"Foxy","description":"Un nuovo sito targato WordPress","publisher":{"@id":"https:\/\/www.foxy.eu\/#organization"},"alternateName":"Scopri tutta la gamma di prodotti e iniziative Foxy. Abbiamo pensato a un mondo su misura per te.","potentialAction":[{"@type":"SearchAction","target":{"@type":"EntryPoint","urlTemplate":"https:\/\/www.foxy.eu\/?s={search_term_string}"},"query-input":"required name=search_term_string"}],"inLanguage":"pt-PT"},{"@type":"Organization","@id":"https:\/\/www.foxy.eu\/#organization","name":"Foxy | Sempre vicina a te!","alternateName":"Scopri tutta la gamma di prodotti e iniziative Foxy. Abbiamo pensato a un mondo su misura per te.","url":"https:\/\/www.foxy.eu\/","logo":{"@type":"ImageObject","inLanguage":"pt-PT","@id":"https:\/\/www.foxy.eu\/#\/schema\/logo\/image\/","url":"https:\/\/enkaz3824io.exactdn.com\/wp-content\/uploads\/2020\/07\/hp_big_logo@2x.png?strip=all&lossy=1&ssl=1","contentUrl":"https:\/\/enkaz3824io.exactdn.com\/wp-content\/uploads\/2020\/07\/hp_big_logo@2x.png?strip=all&lossy=1&ssl=1","width":518,"height":366,"caption":"Foxy | Sempre vicina a te!"},"image":{"@id":"https:\/\/www.foxy.eu\/#\/schema\/logo\/image\/"},"sameAs":["https:\/\/www.instagram.com\/foxy\/","https:\/\/www.youtube.com\/channel\/UCpCfvrNg7u0O0jSeH9B9ygA","https:\/\/www.facebook.com\/Foxy.Italia"]}]}},"_links":{"self":[{"href":"https:\/\/www.foxy.eu\/pt\/wp-json\/wp\/v2\/pages\/26618"}],"collection":[{"href":"https:\/\/www.foxy.eu\/pt\/wp-json\/wp\/v2\/pages"}],"about":[{"href":"https:\/\/www.foxy.eu\/pt\/wp-json\/wp\/v2\/types\/page"}],"author":[{"embeddable":true,"href":"https:\/\/www.foxy.eu\/pt\/wp-json\/wp\/v2\/users\/1"}],"replies":[{"embeddable":true,"href":"https:\/\/www.foxy.eu\/pt\/wp-json\/wp\/v2\/comments?post=26618"}],"version-history":[{"count":12,"href":"https:\/\/www.foxy.eu\/pt\/wp-json\/wp\/v2\/pages\/26618\/revisions"}],"predecessor-version":[{"id":29407,"href":"https:\/\/www.foxy.eu\/pt\/wp-json\/wp\/v2\/pages\/26618\/revisions\/29407"}],"up":[{"embeddable":true,"href":"https:\/\/www.foxy.eu\/pt\/wp-json\/wp\/v2\/pages\/26587"}],"wp:attachment":[{"href":"https:\/\/www.foxy.eu\/pt\/wp-json\/wp\/v2\/media?parent=26618"}],"wp:term":[{"taxonomy":"category","embeddable":true,"href":"https:\/\/www.foxy.eu\/pt\/wp-json\/wp\/v2\/categories?post=26618"},{"taxonomy":"post_tag","embeddable":true,"href":"https:\/\/www.foxy.eu\/pt\/wp-json\/wp\/v2\/tags?post=26618"}],"curies":[{"name":"wp","href":"https:\/\/api.w.org\/{rel}","templated":true}]}}