
{"id":6105,"date":"2020-09-15T17:20:19","date_gmt":"2020-09-15T15:20:19","guid":{"rendered":"https:\/\/www.foxy.eu\/prodotti\/foxy-tornado\/"},"modified":"2024-02-02T12:34:34","modified_gmt":"2024-02-02T11:34:34","slug":"foxy-tornado-reczniki-kuchenne","status":"publish","type":"product","link":"https:\/\/www.foxy.eu\/pl\/produkty\/foxy-tornado-reczniki-kuchenne\/","title":{"rendered":"Foxy Tornado"},"content":{"rendered":"<p>[vc_row el_class=&#8221;caratteristiche_content&#8221;][vc_column width=&#8221;1\/2&#8243; offset=&#8221;vc_col-lg-offset-3 vc_col-lg-6 vc_col-md-offset-3 vc_col-md-6&#8243;][vc_column_text el_class=&#8221;subtitle_product&#8221;]Foxy Tornado to r\u0119cznik uniwersalny, dla tych, kt\u00f3rzy nie rezygnuj\u0105 z wysokiej jako\u015bci 3 warstw.[\/vc_column_text][vc_column_text]Po\u0142\u0105czenie 3 warstw i innowacyjnych superch\u0142onnych spirali daje Foxy Tornado niezwyk\u0142\u0105 ch\u0142onno\u015b\u0107 i wytrzyma\u0142o\u015b\u0107. Jedna rolka Foxy Tornado odpowiada 7 rolkom zwyk\u0142ego r\u0119cznika kuchennego, jest przy tym \u0142atwa w obs\u0142udze i mo\u017ce by\u0107 u\u017cywana w r\u00f3\u017cnych pomieszczeniach w domu.[\/vc_column_text][\/vc_column][\/vc_row][vc_row][vc_column width=&#8221;5\/6&#8243; offset=&#8221;vc_col-lg-offset-1 vc_col-lg-10 vc_col-md-offset-1 vc_col-md-10&#8243; el_class=&#8221;plus_product&#8221;][vc_row_inner equal_height=&#8221;yes&#8221; content_placement=&#8221;top&#8221; el_class=&#8221;caratteristiche_prodotto_slide_mobile owl-carousel owl-theme&#8221;][vc_column_inner width=&#8221;1\/3&#8243;][vc_single_image image=&#8221;7729&#8243; img_size=&#8221;full&#8221; alignment=&#8221;center&#8221;][vc_column_text el_class=&#8221;plus_product_title&#8221;]Starcza do 7 razy d\u0142u\u017cej[\/vc_column_text][vc_column_text el_class=&#8221;plus_product_desc&#8221;]Jedna rolka Foxy Tornado odpowiada 7 rolkom zwyk\u0142ego r\u0119cznika kuchennego.[\/vc_column_text][\/vc_column_inner][vc_column_inner width=&#8221;1\/3&#8243;][vc_single_image image=&#8221;6121&#8243; img_size=&#8221;full&#8221; alignment=&#8221;center&#8221;][vc_column_text el_class=&#8221;plus_product_title&#8221;]Higieniczny[\/vc_column_text][vc_column_text el_class=&#8221;plus_product_desc&#8221;]U\u017cywaj go do wycierania r\u0105k zamiast tradycyjnych r\u0119cznik\u00f3w materia\u0142owych, aby wyeliminowa\u0107 ryzyko rozprzestrzeniania si\u0119 bakterii.[\/vc_column_text][\/vc_column_inner][vc_column_inner width=&#8221;1\/3&#8243;][vc_single_image image=&#8221;6125&#8243; img_size=&#8221;full&#8221; alignment=&#8221;center&#8221;][vc_column_text el_class=&#8221;plus_product_title&#8221;]Gwarantowany do kontaktu z \u017cywno\u015bci\u0105[\/vc_column_text][vc_column_text el_class=&#8221;plus_product_desc&#8221;]R\u0119czniki Foxy s\u0105 odpowiednie do kontaktu z \u017cywno\u015bci\u0105, co gwarantuj\u0105 rygorystyczne testy przeprowadzane w wykwalifikowanych laboratoriach.[\/vc_column_text][\/vc_column_inner][\/vc_row_inner][\/vc_column][\/vc_row][vc_row][vc_column][vc_column_text]<\/p>\n<p>[\/vc_column_text][\/vc_column][\/vc_row][vc_row full_width=&#8221;stretch_row&#8221; el_class=&#8221;decorazioni_singola&#8221;][vc_column][vc_row_inner equal_height=&#8221;yes&#8221; content_placement=&#8221;middle&#8221;][vc_column_inner width=&#8221;5\/12&#8243; offset=&#8221;vc_col-lg-offset-1 vc_col-lg-3 vc_col-md-offset-1 vc_col-md-3&#8243;][vc_column_text el_class=&#8221;title_decorazione&#8221;]Uniwersalny[\/vc_column_text][vc_column_text el_class=&#8221;desc_decorazione&#8221;]Mo\u017ce by\u0107 u\u017cywany nie tylko w kuchni jako zwyk\u0142y r\u0119cznik kuchenny czy do sprz\u0105tania, ale r\u00f3wnie\u017c do dezynfekcji powierzchni, ocierania potu po aktywno\u015bci fizycznej, podczas prac ogrodniczych czy majsterkowania, do sprz\u0105tania po zwierz\u0119tach.[\/vc_column_text][\/vc_column_inner][vc_column_inner width=&#8221;7\/12&#8243;][vc_single_image image=&#8221;6133&#8243; img_size=&#8221;full&#8221; alignment=&#8221;center&#8221;][\/vc_column_inner][\/vc_row_inner][\/vc_column][\/vc_row]<\/p>\n","protected":false},"featured_media":14351,"template":"","categories":[57],"yoast_head":"<!-- This site is optimized with the Yoast SEO plugin v19.14 - https:\/\/yoast.com\/wordpress\/plugins\/seo\/ -->\n<title>Foxy Tornado - Foxy<\/title>\n<meta name=\"description\" content=\"Foxy Tornado to r\u0119cznik uniwersalny, dla tych, kt\u00f3rzy nie rezygnuj\u0105 z wysokiej jako\u015bci 3 warstw.\" \/>\n<meta name=\"robots\" content=\"index, follow, max-snippet:-1, max-image-preview:large, max-video-preview:-1\" \/>\n<link rel=\"canonical\" href=\"https:\/\/www.foxy.eu\/pl\/produkty\/foxy-tornado-reczniki-kuchenne\/\" \/>\n<meta property=\"og:locale\" content=\"pl_PL\" \/>\n<meta property=\"og:type\" content=\"article\" \/>\n<meta property=\"og:title\" content=\"Foxy Tornado - Foxy\" \/>\n<meta property=\"og:description\" content=\"Foxy Tornado to r\u0119cznik uniwersalny, dla tych, kt\u00f3rzy nie rezygnuj\u0105 z wysokiej jako\u015bci 3 warstw.\" \/>\n<meta property=\"og:url\" content=\"https:\/\/www.foxy.eu\/pl\/produkty\/foxy-tornado-reczniki-kuchenne\/\" \/>\n<meta property=\"og:site_name\" content=\"Foxy\" \/>\n<meta property=\"article:publisher\" content=\"https:\/\/www.facebook.com\/Foxy.Italia\" \/>\n<meta property=\"article:modified_time\" content=\"2024-02-02T11:34:34+00:00\" \/>\n<meta property=\"og:image\" content=\"https:\/\/www.foxy.eu\/wp-content\/uploads\/2023\/10\/tornado_asciugatutto_hero.png\" \/>\n\t<meta property=\"og:image:width\" content=\"960\" \/>\n\t<meta property=\"og:image:height\" content=\"565\" \/>\n\t<meta property=\"og:image:type\" content=\"image\/png\" \/>\n<meta name=\"twitter:card\" content=\"summary_large_image\" \/>\n<meta name=\"twitter:label1\" content=\"Est. reading time\" \/>\n\t<meta name=\"twitter:data1\" content=\"1 minuta\" \/>\n<script type=\"application\/ld+json\" class=\"yoast-schema-graph\">{\"@context\":\"https:\/\/schema.org\",\"@graph\":[{\"@type\":\"WebPage\",\"@id\":\"https:\/\/www.foxy.eu\/pl\/produkty\/foxy-tornado-reczniki-kuchenne\/\",\"url\":\"https:\/\/www.foxy.eu\/pl\/produkty\/foxy-tornado-reczniki-kuchenne\/\",\"name\":\"Foxy Tornado - Foxy\",\"isPartOf\":{\"@id\":\"https:\/\/www.foxy.eu\/#website\"},\"datePublished\":\"2020-09-15T15:20:19+00:00\",\"dateModified\":\"2024-02-02T11:34:34+00:00\",\"description\":\"Foxy Tornado to r\u0119cznik uniwersalny, dla tych, kt\u00f3rzy nie rezygnuj\u0105 z wysokiej jako\u015bci 3 warstw.\",\"breadcrumb\":{\"@id\":\"https:\/\/www.foxy.eu\/pl\/produkty\/foxy-tornado-reczniki-kuchenne\/#breadcrumb\"},\"inLanguage\":\"pl-PL\",\"potentialAction\":[{\"@type\":\"ReadAction\",\"target\":[\"https:\/\/www.foxy.eu\/pl\/produkty\/foxy-tornado-reczniki-kuchenne\/\"]}]},{\"@type\":\"BreadcrumbList\",\"@id\":\"https:\/\/www.foxy.eu\/pl\/produkty\/foxy-tornado-reczniki-kuchenne\/#breadcrumb\",\"itemListElement\":[{\"@type\":\"ListItem\",\"position\":1,\"name\":\"Home\",\"item\":\"https:\/\/www.foxy.eu\/pl\/\"},{\"@type\":\"ListItem\",\"position\":2,\"name\":\"Foxy Tornado\"}]},{\"@type\":\"WebSite\",\"@id\":\"https:\/\/www.foxy.eu\/#website\",\"url\":\"https:\/\/www.foxy.eu\/\",\"name\":\"Foxy\",\"description\":\"Un nuovo sito targato WordPress\",\"publisher\":{\"@id\":\"https:\/\/www.foxy.eu\/#organization\"},\"alternateName\":\"Scopri tutta la gamma di prodotti e iniziative Foxy. Abbiamo pensato a un mondo su misura per te.\",\"potentialAction\":[{\"@type\":\"SearchAction\",\"target\":{\"@type\":\"EntryPoint\",\"urlTemplate\":\"https:\/\/www.foxy.eu\/?s={search_term_string}\"},\"query-input\":\"required name=search_term_string\"}],\"inLanguage\":\"pl-PL\"},{\"@type\":\"Organization\",\"@id\":\"https:\/\/www.foxy.eu\/#organization\",\"name\":\"Foxy | Sempre vicina a te!\",\"alternateName\":\"Scopri tutta la gamma di prodotti e iniziative Foxy. Abbiamo pensato a un mondo su misura per te.\",\"url\":\"https:\/\/www.foxy.eu\/\",\"logo\":{\"@type\":\"ImageObject\",\"inLanguage\":\"pl-PL\",\"@id\":\"https:\/\/www.foxy.eu\/#\/schema\/logo\/image\/\",\"url\":\"https:\/\/enkaz3824io.exactdn.com\/wp-content\/uploads\/2020\/07\/hp_big_logo@2x.png?strip=all&lossy=1&ssl=1\",\"contentUrl\":\"https:\/\/enkaz3824io.exactdn.com\/wp-content\/uploads\/2020\/07\/hp_big_logo@2x.png?strip=all&lossy=1&ssl=1\",\"width\":518,\"height\":366,\"caption\":\"Foxy | Sempre vicina a te!\"},\"image\":{\"@id\":\"https:\/\/www.foxy.eu\/#\/schema\/logo\/image\/\"},\"sameAs\":[\"https:\/\/www.instagram.com\/foxy\/\",\"https:\/\/www.youtube.com\/channel\/UCpCfvrNg7u0O0jSeH9B9ygA\",\"https:\/\/www.facebook.com\/Foxy.Italia\"]}]}<\/script>\n<!-- \/ Yoast SEO plugin. -->","yoast_head_json":{"title":"Foxy Tornado - Foxy","description":"Foxy Tornado to r\u0119cznik uniwersalny, dla tych, kt\u00f3rzy nie rezygnuj\u0105 z wysokiej jako\u015bci 3 warstw.","robots":{"index":"index","follow":"follow","max-snippet":"max-snippet:-1","max-image-preview":"max-image-preview:large","max-video-preview":"max-video-preview:-1"},"canonical":"https:\/\/www.foxy.eu\/pl\/produkty\/foxy-tornado-reczniki-kuchenne\/","og_locale":"pl_PL","og_type":"article","og_title":"Foxy Tornado - Foxy","og_description":"Foxy Tornado to r\u0119cznik uniwersalny, dla tych, kt\u00f3rzy nie rezygnuj\u0105 z wysokiej jako\u015bci 3 warstw.","og_url":"https:\/\/www.foxy.eu\/pl\/produkty\/foxy-tornado-reczniki-kuchenne\/","og_site_name":"Foxy","article_publisher":"https:\/\/www.facebook.com\/Foxy.Italia","article_modified_time":"2024-02-02T11:34:34+00:00","og_image":[{"width":960,"height":565,"url":"https:\/\/www.foxy.eu\/wp-content\/uploads\/2023\/10\/tornado_asciugatutto_hero.png","type":"image\/png"}],"twitter_card":"summary_large_image","twitter_misc":{"Est. reading time":"1 minuta"},"schema":{"@context":"https:\/\/schema.org","@graph":[{"@type":"WebPage","@id":"https:\/\/www.foxy.eu\/pl\/produkty\/foxy-tornado-reczniki-kuchenne\/","url":"https:\/\/www.foxy.eu\/pl\/produkty\/foxy-tornado-reczniki-kuchenne\/","name":"Foxy Tornado - Foxy","isPartOf":{"@id":"https:\/\/www.foxy.eu\/#website"},"datePublished":"2020-09-15T15:20:19+00:00","dateModified":"2024-02-02T11:34:34+00:00","description":"Foxy Tornado to r\u0119cznik uniwersalny, dla tych, kt\u00f3rzy nie rezygnuj\u0105 z wysokiej jako\u015bci 3 warstw.","breadcrumb":{"@id":"https:\/\/www.foxy.eu\/pl\/produkty\/foxy-tornado-reczniki-kuchenne\/#breadcrumb"},"inLanguage":"pl-PL","potentialAction":[{"@type":"ReadAction","target":["https:\/\/www.foxy.eu\/pl\/produkty\/foxy-tornado-reczniki-kuchenne\/"]}]},{"@type":"BreadcrumbList","@id":"https:\/\/www.foxy.eu\/pl\/produkty\/foxy-tornado-reczniki-kuchenne\/#breadcrumb","itemListElement":[{"@type":"ListItem","position":1,"name":"Home","item":"https:\/\/www.foxy.eu\/pl\/"},{"@type":"ListItem","position":2,"name":"Foxy Tornado"}]},{"@type":"WebSite","@id":"https:\/\/www.foxy.eu\/#website","url":"https:\/\/www.foxy.eu\/","name":"Foxy","description":"Un nuovo sito targato WordPress","publisher":{"@id":"https:\/\/www.foxy.eu\/#organization"},"alternateName":"Scopri tutta la gamma di prodotti e iniziative Foxy. Abbiamo pensato a un mondo su misura per te.","potentialAction":[{"@type":"SearchAction","target":{"@type":"EntryPoint","urlTemplate":"https:\/\/www.foxy.eu\/?s={search_term_string}"},"query-input":"required name=search_term_string"}],"inLanguage":"pl-PL"},{"@type":"Organization","@id":"https:\/\/www.foxy.eu\/#organization","name":"Foxy | Sempre vicina a te!","alternateName":"Scopri tutta la gamma di prodotti e iniziative Foxy. Abbiamo pensato a un mondo su misura per te.","url":"https:\/\/www.foxy.eu\/","logo":{"@type":"ImageObject","inLanguage":"pl-PL","@id":"https:\/\/www.foxy.eu\/#\/schema\/logo\/image\/","url":"https:\/\/enkaz3824io.exactdn.com\/wp-content\/uploads\/2020\/07\/hp_big_logo@2x.png?strip=all&lossy=1&ssl=1","contentUrl":"https:\/\/enkaz3824io.exactdn.com\/wp-content\/uploads\/2020\/07\/hp_big_logo@2x.png?strip=all&lossy=1&ssl=1","width":518,"height":366,"caption":"Foxy | Sempre vicina a te!"},"image":{"@id":"https:\/\/www.foxy.eu\/#\/schema\/logo\/image\/"},"sameAs":["https:\/\/www.instagram.com\/foxy\/","https:\/\/www.youtube.com\/channel\/UCpCfvrNg7u0O0jSeH9B9ygA","https:\/\/www.facebook.com\/Foxy.Italia"]}]}},"_links":{"self":[{"href":"https:\/\/www.foxy.eu\/pl\/wp-json\/wp\/v2\/product\/6105"}],"collection":[{"href":"https:\/\/www.foxy.eu\/pl\/wp-json\/wp\/v2\/product"}],"about":[{"href":"https:\/\/www.foxy.eu\/pl\/wp-json\/wp\/v2\/types\/product"}],"version-history":[{"count":23,"href":"https:\/\/www.foxy.eu\/pl\/wp-json\/wp\/v2\/product\/6105\/revisions"}],"predecessor-version":[{"id":16465,"href":"https:\/\/www.foxy.eu\/pl\/wp-json\/wp\/v2\/product\/6105\/revisions\/16465"}],"wp:featuredmedia":[{"embeddable":true,"href":"https:\/\/www.foxy.eu\/pl\/wp-json\/wp\/v2\/media\/14351"}],"wp:attachment":[{"href":"https:\/\/www.foxy.eu\/pl\/wp-json\/wp\/v2\/media?parent=6105"}],"wp:term":[{"taxonomy":"category","embeddable":true,"href":"https:\/\/www.foxy.eu\/pl\/wp-json\/wp\/v2\/categories?post=6105"}],"curies":[{"name":"wp","href":"https:\/\/api.w.org\/{rel}","templated":true}]}}