
{"id":6015,"date":"2022-05-17T10:34:15","date_gmt":"2022-05-17T08:34:15","guid":{"rendered":"https:\/\/www.foxy.eu\/?post_type=product&#038;p=6015"},"modified":"2024-02-02T12:21:14","modified_gmt":"2024-02-02T11:21:14","slug":"foxy-artistico-papier-toaletowy","status":"publish","type":"product","link":"https:\/\/www.foxy.eu\/pl\/produkty\/foxy-artistico-papier-toaletowy\/","title":{"rendered":"Foxy Artistico"},"content":{"rendered":"<p>[vc_row el_class=&#8221;caratteristiche_content&#8221;][vc_column width=&#8221;1\/2&#8243; offset=&#8221;vc_col-lg-offset-3 vc_col-lg-6 vc_col-md-offset-3 vc_col-md-6&#8243;][vc_column_text el_class=&#8221;subtitle_product&#8221;]Foxy Artistico &#8211; najwy\u017cszej jako\u015bci dwuwarstwowy papier toaletowy.[\/vc_column_text][vc_column_text]Innowacyjna technologia zastosowana w Foxy Artistico zwi\u0119ksza obj\u0119to\u015b\u0107 papieru i sprawia, \u017ce jest on niezwykle gruby. Po prostu poczuj to pod palcami i doce\u0144 r\u00f3\u017cnic\u0119 w por\u00f3wnaniu z innymi dwuwarstwowymi papierami.[\/vc_column_text][\/vc_column][\/vc_row][vc_row][vc_column width=&#8221;5\/6&#8243; offset=&#8221;vc_col-lg-offset-1 vc_col-lg-10 vc_col-md-offset-1 vc_col-md-10&#8243; el_class=&#8221;plus_product&#8221;][vc_row_inner equal_height=&#8221;yes&#8221; content_placement=&#8221;top&#8221; el_class=&#8221;caratteristiche_prodotto_slide_mobile owl-carousel owl-theme&#8221;][vc_column_inner width=&#8221;1\/3&#8243;][vc_single_image image=&#8221;6024&#8243; img_size=&#8221;full&#8221; alignment=&#8221;center&#8221;][vc_column_text el_class=&#8221;plus_product_title&#8221;]Unikalne wyt\u0142oczenie[\/vc_column_text][vc_column_text el_class=&#8221;plus_product_desc&#8221;]Unikalne wyt\u0142ocznie w postaci \u201emi\u0119kkich poduszek\u201d znacznie zwi\u0119ksza wytrzyma\u0142o\u015b\u0107 i powoduje przyjemne uczucie mi\u0119kko\u015bci.[\/vc_column_text][\/vc_column_inner][vc_column_inner width=&#8221;1\/3&#8243;][vc_single_image image=&#8221;6028&#8243; img_size=&#8221;full&#8221; alignment=&#8221;center&#8221;][vc_column_text el_class=&#8221;plus_product_title&#8221;]Bia\u0142y lub z kolorowym nadrukiem[\/vc_column_text][vc_column_text el_class=&#8221;plus_product_desc&#8221;]Foxy Artistico wyst\u0119puje w wersji \u201enaturalnie bia\u0142y\u201d oraz w 2 wersjach kolorystycznych: z r\u00f3\u017cowym i brzoskwiniowym nadrukiem.[\/vc_column_text][\/vc_column_inner][vc_column_inner width=&#8221;1\/3&#8243;][vc_single_image image=&#8221;6032&#8243; img_size=&#8221;full&#8221; alignment=&#8221;center&#8221;][vc_column_text el_class=&#8221;plus_product_title&#8221;]Testowany dermatologicznie[\/vc_column_text][vc_column_text el_class=&#8221;plus_product_desc&#8221;]Szczeg\u00f3\u0142owe testy przeprowadzane w wykwalifikowanych laboratoriach gwarantuj\u0105, \u017ce papier jest odpowiedni do kontaktu ze sk\u00f3r\u0105.[\/vc_column_text][\/vc_column_inner][\/vc_row_inner][\/vc_column][\/vc_row][vc_row full_width=&#8221;stretch_row&#8221; el_class=&#8221;decorazioni_singola&#8221;][vc_column][vc_row_inner equal_height=&#8221;yes&#8221; content_placement=&#8221;middle&#8221;][vc_column_inner width=&#8221;5\/12&#8243; offset=&#8221;vc_col-lg-offset-1 vc_col-lg-3 vc_col-md-offset-1 vc_col-md-3&#8243;][vc_column_text el_class=&#8221;title_decorazione&#8221;]Mi\u0119kkie poduszeczki Artistico[\/vc_column_text][vc_column_text el_class=&#8221;desc_decorazione&#8221;]W wersji r\u00f3\u017cowej lub brzoskwiniowej kolor dekoracyjny wykonany jest przy u\u017cyciu farb na bazie wody i aplikowany jest mi\u0119dzy warstwami[\/vc_column_text][\/vc_column_inner][vc_column_inner width=&#8221;7\/12&#8243;][vc_single_image image=&#8221;7385&#8243; img_size=&#8221;full&#8221; alignment=&#8221;center&#8221;][\/vc_column_inner][\/vc_row_inner][\/vc_column][\/vc_row]<\/p>\n","protected":false},"featured_media":14504,"template":"","categories":[56],"yoast_head":"<!-- This site is optimized with the Yoast SEO plugin v19.14 - https:\/\/yoast.com\/wordpress\/plugins\/seo\/ -->\n<title>Foxy Artistico - Foxy<\/title>\n<meta name=\"description\" content=\"Foxy Artistico - najwy\u017cszej jako\u015bci dwuwarstwowy papier toaletowy. Dowiedz si\u0119 wi\u0119cej na naszej stronie!\" \/>\n<meta name=\"robots\" content=\"index, follow, max-snippet:-1, max-image-preview:large, max-video-preview:-1\" \/>\n<link rel=\"canonical\" href=\"https:\/\/www.foxy.eu\/pl\/produkty\/foxy-artistico-papier-toaletowy\/\" \/>\n<meta property=\"og:locale\" content=\"pl_PL\" \/>\n<meta property=\"og:type\" content=\"article\" \/>\n<meta property=\"og:title\" content=\"Foxy Artistico - Foxy\" \/>\n<meta property=\"og:description\" content=\"Foxy Artistico - najwy\u017cszej jako\u015bci dwuwarstwowy papier toaletowy. Dowiedz si\u0119 wi\u0119cej na naszej stronie!\" \/>\n<meta property=\"og:url\" content=\"https:\/\/www.foxy.eu\/pl\/produkty\/foxy-artistico-papier-toaletowy\/\" \/>\n<meta property=\"og:site_name\" content=\"Foxy\" \/>\n<meta property=\"article:publisher\" content=\"https:\/\/www.facebook.com\/Foxy.Italia\" \/>\n<meta property=\"article:modified_time\" content=\"2024-02-02T11:21:14+00:00\" \/>\n<meta property=\"og:image\" content=\"https:\/\/www.foxy.eu\/wp-content\/uploads\/2022\/05\/Artistico_cartaigienica_hero-1.png\" \/>\n\t<meta property=\"og:image:width\" content=\"960\" \/>\n\t<meta property=\"og:image:height\" content=\"565\" \/>\n\t<meta property=\"og:image:type\" content=\"image\/png\" \/>\n<meta name=\"twitter:card\" content=\"summary_large_image\" \/>\n<meta name=\"twitter:label1\" content=\"Est. reading time\" \/>\n\t<meta name=\"twitter:data1\" content=\"1 minuta\" \/>\n<script type=\"application\/ld+json\" class=\"yoast-schema-graph\">{\"@context\":\"https:\/\/schema.org\",\"@graph\":[{\"@type\":\"WebPage\",\"@id\":\"https:\/\/www.foxy.eu\/pl\/produkty\/foxy-artistico-papier-toaletowy\/\",\"url\":\"https:\/\/www.foxy.eu\/pl\/produkty\/foxy-artistico-papier-toaletowy\/\",\"name\":\"Foxy Artistico - Foxy\",\"isPartOf\":{\"@id\":\"https:\/\/www.foxy.eu\/#website\"},\"datePublished\":\"2022-05-17T08:34:15+00:00\",\"dateModified\":\"2024-02-02T11:21:14+00:00\",\"description\":\"Foxy Artistico - najwy\u017cszej jako\u015bci dwuwarstwowy papier toaletowy. Dowiedz si\u0119 wi\u0119cej na naszej stronie!\",\"breadcrumb\":{\"@id\":\"https:\/\/www.foxy.eu\/pl\/produkty\/foxy-artistico-papier-toaletowy\/#breadcrumb\"},\"inLanguage\":\"pl-PL\",\"potentialAction\":[{\"@type\":\"ReadAction\",\"target\":[\"https:\/\/www.foxy.eu\/pl\/produkty\/foxy-artistico-papier-toaletowy\/\"]}]},{\"@type\":\"BreadcrumbList\",\"@id\":\"https:\/\/www.foxy.eu\/pl\/produkty\/foxy-artistico-papier-toaletowy\/#breadcrumb\",\"itemListElement\":[{\"@type\":\"ListItem\",\"position\":1,\"name\":\"Home\",\"item\":\"https:\/\/www.foxy.eu\/pl\/\"},{\"@type\":\"ListItem\",\"position\":2,\"name\":\"Foxy Artistico\"}]},{\"@type\":\"WebSite\",\"@id\":\"https:\/\/www.foxy.eu\/#website\",\"url\":\"https:\/\/www.foxy.eu\/\",\"name\":\"Foxy\",\"description\":\"Un nuovo sito targato WordPress\",\"publisher\":{\"@id\":\"https:\/\/www.foxy.eu\/#organization\"},\"alternateName\":\"Scopri tutta la gamma di prodotti e iniziative Foxy. Abbiamo pensato a un mondo su misura per te.\",\"potentialAction\":[{\"@type\":\"SearchAction\",\"target\":{\"@type\":\"EntryPoint\",\"urlTemplate\":\"https:\/\/www.foxy.eu\/?s={search_term_string}\"},\"query-input\":\"required name=search_term_string\"}],\"inLanguage\":\"pl-PL\"},{\"@type\":\"Organization\",\"@id\":\"https:\/\/www.foxy.eu\/#organization\",\"name\":\"Foxy | Sempre vicina a te!\",\"alternateName\":\"Scopri tutta la gamma di prodotti e iniziative Foxy. Abbiamo pensato a un mondo su misura per te.\",\"url\":\"https:\/\/www.foxy.eu\/\",\"logo\":{\"@type\":\"ImageObject\",\"inLanguage\":\"pl-PL\",\"@id\":\"https:\/\/www.foxy.eu\/#\/schema\/logo\/image\/\",\"url\":\"https:\/\/enkaz3824io.exactdn.com\/wp-content\/uploads\/2020\/07\/hp_big_logo@2x.png?strip=all&lossy=1&ssl=1\",\"contentUrl\":\"https:\/\/enkaz3824io.exactdn.com\/wp-content\/uploads\/2020\/07\/hp_big_logo@2x.png?strip=all&lossy=1&ssl=1\",\"width\":518,\"height\":366,\"caption\":\"Foxy | Sempre vicina a te!\"},\"image\":{\"@id\":\"https:\/\/www.foxy.eu\/#\/schema\/logo\/image\/\"},\"sameAs\":[\"https:\/\/www.instagram.com\/foxy\/\",\"https:\/\/www.youtube.com\/channel\/UCpCfvrNg7u0O0jSeH9B9ygA\",\"https:\/\/www.facebook.com\/Foxy.Italia\"]}]}<\/script>\n<!-- \/ Yoast SEO plugin. -->","yoast_head_json":{"title":"Foxy Artistico - Foxy","description":"Foxy Artistico - najwy\u017cszej jako\u015bci dwuwarstwowy papier toaletowy. Dowiedz si\u0119 wi\u0119cej na naszej stronie!","robots":{"index":"index","follow":"follow","max-snippet":"max-snippet:-1","max-image-preview":"max-image-preview:large","max-video-preview":"max-video-preview:-1"},"canonical":"https:\/\/www.foxy.eu\/pl\/produkty\/foxy-artistico-papier-toaletowy\/","og_locale":"pl_PL","og_type":"article","og_title":"Foxy Artistico - Foxy","og_description":"Foxy Artistico - najwy\u017cszej jako\u015bci dwuwarstwowy papier toaletowy. Dowiedz si\u0119 wi\u0119cej na naszej stronie!","og_url":"https:\/\/www.foxy.eu\/pl\/produkty\/foxy-artistico-papier-toaletowy\/","og_site_name":"Foxy","article_publisher":"https:\/\/www.facebook.com\/Foxy.Italia","article_modified_time":"2024-02-02T11:21:14+00:00","og_image":[{"width":960,"height":565,"url":"https:\/\/www.foxy.eu\/wp-content\/uploads\/2022\/05\/Artistico_cartaigienica_hero-1.png","type":"image\/png"}],"twitter_card":"summary_large_image","twitter_misc":{"Est. reading time":"1 minuta"},"schema":{"@context":"https:\/\/schema.org","@graph":[{"@type":"WebPage","@id":"https:\/\/www.foxy.eu\/pl\/produkty\/foxy-artistico-papier-toaletowy\/","url":"https:\/\/www.foxy.eu\/pl\/produkty\/foxy-artistico-papier-toaletowy\/","name":"Foxy Artistico - Foxy","isPartOf":{"@id":"https:\/\/www.foxy.eu\/#website"},"datePublished":"2022-05-17T08:34:15+00:00","dateModified":"2024-02-02T11:21:14+00:00","description":"Foxy Artistico - najwy\u017cszej jako\u015bci dwuwarstwowy papier toaletowy. Dowiedz si\u0119 wi\u0119cej na naszej stronie!","breadcrumb":{"@id":"https:\/\/www.foxy.eu\/pl\/produkty\/foxy-artistico-papier-toaletowy\/#breadcrumb"},"inLanguage":"pl-PL","potentialAction":[{"@type":"ReadAction","target":["https:\/\/www.foxy.eu\/pl\/produkty\/foxy-artistico-papier-toaletowy\/"]}]},{"@type":"BreadcrumbList","@id":"https:\/\/www.foxy.eu\/pl\/produkty\/foxy-artistico-papier-toaletowy\/#breadcrumb","itemListElement":[{"@type":"ListItem","position":1,"name":"Home","item":"https:\/\/www.foxy.eu\/pl\/"},{"@type":"ListItem","position":2,"name":"Foxy Artistico"}]},{"@type":"WebSite","@id":"https:\/\/www.foxy.eu\/#website","url":"https:\/\/www.foxy.eu\/","name":"Foxy","description":"Un nuovo sito targato WordPress","publisher":{"@id":"https:\/\/www.foxy.eu\/#organization"},"alternateName":"Scopri tutta la gamma di prodotti e iniziative Foxy. Abbiamo pensato a un mondo su misura per te.","potentialAction":[{"@type":"SearchAction","target":{"@type":"EntryPoint","urlTemplate":"https:\/\/www.foxy.eu\/?s={search_term_string}"},"query-input":"required name=search_term_string"}],"inLanguage":"pl-PL"},{"@type":"Organization","@id":"https:\/\/www.foxy.eu\/#organization","name":"Foxy | Sempre vicina a te!","alternateName":"Scopri tutta la gamma di prodotti e iniziative Foxy. Abbiamo pensato a un mondo su misura per te.","url":"https:\/\/www.foxy.eu\/","logo":{"@type":"ImageObject","inLanguage":"pl-PL","@id":"https:\/\/www.foxy.eu\/#\/schema\/logo\/image\/","url":"https:\/\/enkaz3824io.exactdn.com\/wp-content\/uploads\/2020\/07\/hp_big_logo@2x.png?strip=all&lossy=1&ssl=1","contentUrl":"https:\/\/enkaz3824io.exactdn.com\/wp-content\/uploads\/2020\/07\/hp_big_logo@2x.png?strip=all&lossy=1&ssl=1","width":518,"height":366,"caption":"Foxy | Sempre vicina a te!"},"image":{"@id":"https:\/\/www.foxy.eu\/#\/schema\/logo\/image\/"},"sameAs":["https:\/\/www.instagram.com\/foxy\/","https:\/\/www.youtube.com\/channel\/UCpCfvrNg7u0O0jSeH9B9ygA","https:\/\/www.facebook.com\/Foxy.Italia"]}]}},"_links":{"self":[{"href":"https:\/\/www.foxy.eu\/pl\/wp-json\/wp\/v2\/product\/6015"}],"collection":[{"href":"https:\/\/www.foxy.eu\/pl\/wp-json\/wp\/v2\/product"}],"about":[{"href":"https:\/\/www.foxy.eu\/pl\/wp-json\/wp\/v2\/types\/product"}],"version-history":[{"count":13,"href":"https:\/\/www.foxy.eu\/pl\/wp-json\/wp\/v2\/product\/6015\/revisions"}],"predecessor-version":[{"id":16450,"href":"https:\/\/www.foxy.eu\/pl\/wp-json\/wp\/v2\/product\/6015\/revisions\/16450"}],"wp:featuredmedia":[{"embeddable":true,"href":"https:\/\/www.foxy.eu\/pl\/wp-json\/wp\/v2\/media\/14504"}],"wp:attachment":[{"href":"https:\/\/www.foxy.eu\/pl\/wp-json\/wp\/v2\/media?parent=6015"}],"wp:term":[{"taxonomy":"category","embeddable":true,"href":"https:\/\/www.foxy.eu\/pl\/wp-json\/wp\/v2\/categories?post=6015"}],"curies":[{"name":"wp","href":"https:\/\/api.w.org\/{rel}","templated":true}]}}