
{"id":5960,"date":"2022-05-24T17:18:02","date_gmt":"2022-05-24T15:18:02","guid":{"rendered":"https:\/\/www.foxy.eu\/?post_type=product&#038;p=5960"},"modified":"2026-03-04T11:12:02","modified_gmt":"2026-03-04T10:12:02","slug":"foxy-cotton-chusteczki-higieniczne","status":"publish","type":"product","link":"https:\/\/www.foxy.eu\/pl\/produkty\/foxy-cotton-chusteczki-higieniczne\/","title":{"rendered":"Foxy Cotton"},"content":{"rendered":"<p>[vc_row el_class=&#8221;caratteristiche_content&#8221;][vc_column width=&#8221;1\/2&#8243; offset=&#8221;vc_col-lg-offset-3 vc_col-lg-6 vc_col-md-offset-3 vc_col-md-6&#8243;][vc_column_text el_class=&#8221;subtitle_product&#8221;]Delikatne i wytrzyma\u0142e chusteczki dla prawdziwych d\u017centelmen\u00f3w![\/vc_column_text][vc_column_text]Chusteczki Foxy Cotton oferuj\u0105 delikatno\u015b\u0107 i wytrzyma\u0142o\u015b\u0107 tradycyjnej bawe\u0142nianej chusteczki.[\/vc_column_text][\/vc_column][\/vc_row][vc_row][vc_column width=&#8221;5\/6&#8243; offset=&#8221;vc_col-lg-offset-1 vc_col-lg-10 vc_col-md-offset-1 vc_col-md-10&#8243; el_class=&#8221;plus_product&#8221;][vc_row_inner equal_height=&#8221;yes&#8221; content_placement=&#8221;top&#8221; el_class=&#8221;caratteristiche_prodotto_slide_mobile owl-carousel owl-theme&#8221;][vc_column_inner width=&#8221;1\/3&#8243;][vc_single_image image=&#8221;7462&#8243; img_size=&#8221;full&#8221; alignment=&#8221;center&#8221;][vc_column_text el_class=&#8221;plus_product_title&#8221;]Z prawdziwymi w\u0142\u00f3knami bawe\u0142ny[\/vc_column_text][vc_column_text el_class=&#8221;plus_product_desc&#8221;]Dzi\u0119ki obecno\u015bci prawdziwych w\u0142\u00f3kien bawe\u0142ny chusteczki s\u0105 delikatne i wytrzyma\u0142e oraz nie podra\u017cniaj\u0105 sk\u00f3ry![\/vc_column_text][\/vc_column_inner][vc_column_inner width=&#8221;1\/3&#8243;][vc_single_image image=&#8221;7466&#8243; img_size=&#8221;full&#8221; alignment=&#8221;center&#8221;][vc_column_text el_class=&#8221;plus_product_title&#8221;]Klinicznie testowane[\/vc_column_text][vc_column_text el_class=&#8221;plus_product_desc&#8221;]Sprawdzone w kontakcie ze sk\u00f3r\u0105, co gwarantuj\u0105 specjalistyczne testy przeprowadzane w wykwalifikowanych laboratoriach dla ca\u0142kowitego bezpiecze\u0144stwa u\u017cytkowania[\/vc_column_text][\/vc_column_inner][vc_column_inner width=&#8221;1\/3&#8243;][vc_single_image image=&#8221;7470&#8243; img_size=&#8221;full&#8221; alignment=&#8221;center&#8221;][vc_column_text el_class=&#8221;plus_product_title&#8221;]G\u0142adka kraw\u0119d\u017a zapobiegaj\u0105ca podra\u017cnieniom[\/vc_column_text][vc_column_text el_class=&#8221;plus_product_desc&#8221;]Pomagaj\u0105 zapobiega\u0107 cz\u0119stym podra\u017cnieniom nosa.[\/vc_column_text][\/vc_column_inner][\/vc_row_inner][\/vc_column][\/vc_row]<\/p>\n","protected":false},"featured_media":28952,"template":"","categories":[59],"yoast_head":"<!-- This site is optimized with the Yoast SEO plugin v19.14 - https:\/\/yoast.com\/wordpress\/plugins\/seo\/ -->\n<title>Foxy Cotton - Foxy<\/title>\n<meta name=\"description\" content=\"Delikatne i wytrzyma\u0142e chusteczki do nosa. Chusteczki Foxy Cotton oferuj\u0105 delikatno\u015b\u0107 i wytrzyma\u0142o\u015b\u0107 tradycyjnej bawe\u0142nianej chusteczki.\" \/>\n<meta name=\"robots\" content=\"index, follow, max-snippet:-1, max-image-preview:large, max-video-preview:-1\" \/>\n<link rel=\"canonical\" href=\"https:\/\/www.foxy.eu\/pl\/produkty\/foxy-cotton-chusteczki-higieniczne\/\" \/>\n<meta property=\"og:locale\" content=\"pl_PL\" \/>\n<meta property=\"og:type\" content=\"article\" \/>\n<meta property=\"og:title\" content=\"Foxy Cotton - Foxy\" \/>\n<meta property=\"og:description\" content=\"Delikatne i wytrzyma\u0142e chusteczki do nosa. Chusteczki Foxy Cotton oferuj\u0105 delikatno\u015b\u0107 i wytrzyma\u0142o\u015b\u0107 tradycyjnej bawe\u0142nianej chusteczki.\" \/>\n<meta property=\"og:url\" content=\"https:\/\/www.foxy.eu\/pl\/produkty\/foxy-cotton-chusteczki-higieniczne\/\" \/>\n<meta property=\"og:site_name\" content=\"Foxy\" \/>\n<meta property=\"article:publisher\" content=\"https:\/\/www.facebook.com\/Foxy.Italia\" \/>\n<meta property=\"article:modified_time\" content=\"2026-03-04T10:12:02+00:00\" \/>\n<meta property=\"og:image\" content=\"https:\/\/www.foxy.eu\/wp-content\/uploads\/2022\/05\/Pack-FAZZ-PL-front-cotton.png\" \/>\n\t<meta property=\"og:image:width\" content=\"960\" \/>\n\t<meta property=\"og:image:height\" content=\"565\" \/>\n\t<meta property=\"og:image:type\" content=\"image\/png\" \/>\n<meta name=\"twitter:card\" content=\"summary_large_image\" \/>\n<meta name=\"twitter:label1\" content=\"Est. reading time\" \/>\n\t<meta name=\"twitter:data1\" content=\"1 minuta\" \/>\n<script type=\"application\/ld+json\" class=\"yoast-schema-graph\">{\"@context\":\"https:\/\/schema.org\",\"@graph\":[{\"@type\":\"WebPage\",\"@id\":\"https:\/\/www.foxy.eu\/pl\/produkty\/foxy-cotton-chusteczki-higieniczne\/\",\"url\":\"https:\/\/www.foxy.eu\/pl\/produkty\/foxy-cotton-chusteczki-higieniczne\/\",\"name\":\"Foxy Cotton - Foxy\",\"isPartOf\":{\"@id\":\"https:\/\/www.foxy.eu\/#website\"},\"datePublished\":\"2022-05-24T15:18:02+00:00\",\"dateModified\":\"2026-03-04T10:12:02+00:00\",\"description\":\"Delikatne i wytrzyma\u0142e chusteczki do nosa. Chusteczki Foxy Cotton oferuj\u0105 delikatno\u015b\u0107 i wytrzyma\u0142o\u015b\u0107 tradycyjnej bawe\u0142nianej chusteczki.\",\"breadcrumb\":{\"@id\":\"https:\/\/www.foxy.eu\/pl\/produkty\/foxy-cotton-chusteczki-higieniczne\/#breadcrumb\"},\"inLanguage\":\"pl-PL\",\"potentialAction\":[{\"@type\":\"ReadAction\",\"target\":[\"https:\/\/www.foxy.eu\/pl\/produkty\/foxy-cotton-chusteczki-higieniczne\/\"]}]},{\"@type\":\"BreadcrumbList\",\"@id\":\"https:\/\/www.foxy.eu\/pl\/produkty\/foxy-cotton-chusteczki-higieniczne\/#breadcrumb\",\"itemListElement\":[{\"@type\":\"ListItem\",\"position\":1,\"name\":\"Home\",\"item\":\"https:\/\/www.foxy.eu\/pl\/\"},{\"@type\":\"ListItem\",\"position\":2,\"name\":\"Foxy Cotton\"}]},{\"@type\":\"WebSite\",\"@id\":\"https:\/\/www.foxy.eu\/#website\",\"url\":\"https:\/\/www.foxy.eu\/\",\"name\":\"Foxy\",\"description\":\"Un nuovo sito targato WordPress\",\"publisher\":{\"@id\":\"https:\/\/www.foxy.eu\/#organization\"},\"alternateName\":\"Scopri tutta la gamma di prodotti e iniziative Foxy. Abbiamo pensato a un mondo su misura per te.\",\"potentialAction\":[{\"@type\":\"SearchAction\",\"target\":{\"@type\":\"EntryPoint\",\"urlTemplate\":\"https:\/\/www.foxy.eu\/?s={search_term_string}\"},\"query-input\":\"required name=search_term_string\"}],\"inLanguage\":\"pl-PL\"},{\"@type\":\"Organization\",\"@id\":\"https:\/\/www.foxy.eu\/#organization\",\"name\":\"Foxy | Sempre vicina a te!\",\"alternateName\":\"Scopri tutta la gamma di prodotti e iniziative Foxy. Abbiamo pensato a un mondo su misura per te.\",\"url\":\"https:\/\/www.foxy.eu\/\",\"logo\":{\"@type\":\"ImageObject\",\"inLanguage\":\"pl-PL\",\"@id\":\"https:\/\/www.foxy.eu\/#\/schema\/logo\/image\/\",\"url\":\"https:\/\/enkaz3824io.exactdn.com\/wp-content\/uploads\/2020\/07\/hp_big_logo@2x.png?strip=all&lossy=1&ssl=1\",\"contentUrl\":\"https:\/\/enkaz3824io.exactdn.com\/wp-content\/uploads\/2020\/07\/hp_big_logo@2x.png?strip=all&lossy=1&ssl=1\",\"width\":518,\"height\":366,\"caption\":\"Foxy | Sempre vicina a te!\"},\"image\":{\"@id\":\"https:\/\/www.foxy.eu\/#\/schema\/logo\/image\/\"},\"sameAs\":[\"https:\/\/www.instagram.com\/foxy\/\",\"https:\/\/www.youtube.com\/channel\/UCpCfvrNg7u0O0jSeH9B9ygA\",\"https:\/\/www.facebook.com\/Foxy.Italia\"]}]}<\/script>\n<!-- \/ Yoast SEO plugin. -->","yoast_head_json":{"title":"Foxy Cotton - Foxy","description":"Delikatne i wytrzyma\u0142e chusteczki do nosa. Chusteczki Foxy Cotton oferuj\u0105 delikatno\u015b\u0107 i wytrzyma\u0142o\u015b\u0107 tradycyjnej bawe\u0142nianej chusteczki.","robots":{"index":"index","follow":"follow","max-snippet":"max-snippet:-1","max-image-preview":"max-image-preview:large","max-video-preview":"max-video-preview:-1"},"canonical":"https:\/\/www.foxy.eu\/pl\/produkty\/foxy-cotton-chusteczki-higieniczne\/","og_locale":"pl_PL","og_type":"article","og_title":"Foxy Cotton - Foxy","og_description":"Delikatne i wytrzyma\u0142e chusteczki do nosa. Chusteczki Foxy Cotton oferuj\u0105 delikatno\u015b\u0107 i wytrzyma\u0142o\u015b\u0107 tradycyjnej bawe\u0142nianej chusteczki.","og_url":"https:\/\/www.foxy.eu\/pl\/produkty\/foxy-cotton-chusteczki-higieniczne\/","og_site_name":"Foxy","article_publisher":"https:\/\/www.facebook.com\/Foxy.Italia","article_modified_time":"2026-03-04T10:12:02+00:00","og_image":[{"width":960,"height":565,"url":"https:\/\/www.foxy.eu\/wp-content\/uploads\/2022\/05\/Pack-FAZZ-PL-front-cotton.png","type":"image\/png"}],"twitter_card":"summary_large_image","twitter_misc":{"Est. reading time":"1 minuta"},"schema":{"@context":"https:\/\/schema.org","@graph":[{"@type":"WebPage","@id":"https:\/\/www.foxy.eu\/pl\/produkty\/foxy-cotton-chusteczki-higieniczne\/","url":"https:\/\/www.foxy.eu\/pl\/produkty\/foxy-cotton-chusteczki-higieniczne\/","name":"Foxy Cotton - Foxy","isPartOf":{"@id":"https:\/\/www.foxy.eu\/#website"},"datePublished":"2022-05-24T15:18:02+00:00","dateModified":"2026-03-04T10:12:02+00:00","description":"Delikatne i wytrzyma\u0142e chusteczki do nosa. Chusteczki Foxy Cotton oferuj\u0105 delikatno\u015b\u0107 i wytrzyma\u0142o\u015b\u0107 tradycyjnej bawe\u0142nianej chusteczki.","breadcrumb":{"@id":"https:\/\/www.foxy.eu\/pl\/produkty\/foxy-cotton-chusteczki-higieniczne\/#breadcrumb"},"inLanguage":"pl-PL","potentialAction":[{"@type":"ReadAction","target":["https:\/\/www.foxy.eu\/pl\/produkty\/foxy-cotton-chusteczki-higieniczne\/"]}]},{"@type":"BreadcrumbList","@id":"https:\/\/www.foxy.eu\/pl\/produkty\/foxy-cotton-chusteczki-higieniczne\/#breadcrumb","itemListElement":[{"@type":"ListItem","position":1,"name":"Home","item":"https:\/\/www.foxy.eu\/pl\/"},{"@type":"ListItem","position":2,"name":"Foxy Cotton"}]},{"@type":"WebSite","@id":"https:\/\/www.foxy.eu\/#website","url":"https:\/\/www.foxy.eu\/","name":"Foxy","description":"Un nuovo sito targato WordPress","publisher":{"@id":"https:\/\/www.foxy.eu\/#organization"},"alternateName":"Scopri tutta la gamma di prodotti e iniziative Foxy. Abbiamo pensato a un mondo su misura per te.","potentialAction":[{"@type":"SearchAction","target":{"@type":"EntryPoint","urlTemplate":"https:\/\/www.foxy.eu\/?s={search_term_string}"},"query-input":"required name=search_term_string"}],"inLanguage":"pl-PL"},{"@type":"Organization","@id":"https:\/\/www.foxy.eu\/#organization","name":"Foxy | Sempre vicina a te!","alternateName":"Scopri tutta la gamma di prodotti e iniziative Foxy. Abbiamo pensato a un mondo su misura per te.","url":"https:\/\/www.foxy.eu\/","logo":{"@type":"ImageObject","inLanguage":"pl-PL","@id":"https:\/\/www.foxy.eu\/#\/schema\/logo\/image\/","url":"https:\/\/enkaz3824io.exactdn.com\/wp-content\/uploads\/2020\/07\/hp_big_logo@2x.png?strip=all&lossy=1&ssl=1","contentUrl":"https:\/\/enkaz3824io.exactdn.com\/wp-content\/uploads\/2020\/07\/hp_big_logo@2x.png?strip=all&lossy=1&ssl=1","width":518,"height":366,"caption":"Foxy | Sempre vicina a te!"},"image":{"@id":"https:\/\/www.foxy.eu\/#\/schema\/logo\/image\/"},"sameAs":["https:\/\/www.instagram.com\/foxy\/","https:\/\/www.youtube.com\/channel\/UCpCfvrNg7u0O0jSeH9B9ygA","https:\/\/www.facebook.com\/Foxy.Italia"]}]}},"_links":{"self":[{"href":"https:\/\/www.foxy.eu\/pl\/wp-json\/wp\/v2\/product\/5960"}],"collection":[{"href":"https:\/\/www.foxy.eu\/pl\/wp-json\/wp\/v2\/product"}],"about":[{"href":"https:\/\/www.foxy.eu\/pl\/wp-json\/wp\/v2\/types\/product"}],"version-history":[{"count":24,"href":"https:\/\/www.foxy.eu\/pl\/wp-json\/wp\/v2\/product\/5960\/revisions"}],"predecessor-version":[{"id":29021,"href":"https:\/\/www.foxy.eu\/pl\/wp-json\/wp\/v2\/product\/5960\/revisions\/29021"}],"wp:featuredmedia":[{"embeddable":true,"href":"https:\/\/www.foxy.eu\/pl\/wp-json\/wp\/v2\/media\/28952"}],"wp:attachment":[{"href":"https:\/\/www.foxy.eu\/pl\/wp-json\/wp\/v2\/media?parent=5960"}],"wp:term":[{"taxonomy":"category","embeddable":true,"href":"https:\/\/www.foxy.eu\/pl\/wp-json\/wp\/v2\/categories?post=5960"}],"curies":[{"name":"wp","href":"https:\/\/api.w.org\/{rel}","templated":true}]}}