
{"id":5958,"date":"2022-05-25T09:21:20","date_gmt":"2022-05-25T07:21:20","guid":{"rendered":"https:\/\/www.foxy.eu\/?post_type=product&#038;p=5958"},"modified":"2026-02-20T15:51:14","modified_gmt":"2026-02-20T14:51:14","slug":"foxy-cream-chusteczki-kosmetyczne","status":"publish","type":"product","link":"https:\/\/www.foxy.eu\/pl\/produkty\/foxy-cream-chusteczki-kosmetyczne\/","title":{"rendered":"Foxy Cream"},"content":{"rendered":"<p>[vc_row el_class=&#8221;caratteristiche_content&#8221;][vc_column width=&#8221;1\/2&#8243; offset=&#8221;vc_col-lg-offset-3 vc_col-lg-6 vc_col-md-offset-3 vc_col-md-6&#8243;][vc_column_text el_class=&#8221;subtitle_product&#8221;]Niezb\u0119dne 4-warstwowe chusteczki na wypadek przezi\u0119bienia[\/vc_column_text][vc_column_text]Chusteczki Foxy Cream zosta\u0142y wzbogacone kremem nawil\u017caj\u0105cym. Dlatego s\u0105 tak niezwykle delikatne: krem chroni sk\u00f3r\u0119 i zapobiega podra\u017cnieniom.[\/vc_column_text][\/vc_column][\/vc_row][vc_row][vc_column width=&#8221;5\/6&#8243; offset=&#8221;vc_col-lg-offset-1 vc_col-lg-10 vc_col-md-offset-1 vc_col-md-10&#8243; el_class=&#8221;plus_product&#8221;][vc_row_inner equal_height=&#8221;yes&#8221; content_placement=&#8221;top&#8221; el_class=&#8221;caratteristiche_prodotto_slide_mobile owl-carousel owl-theme&#8221;][vc_column_inner width=&#8221;1\/3&#8243;][vc_single_image image=&#8221;6905&#8243; img_size=&#8221;full&#8221; alignment=&#8221;center&#8221;][vc_column_text el_class=&#8221;plus_product_title&#8221;]4 warstwy[\/vc_column_text][vc_column_text el_class=&#8221;plus_product_desc&#8221;]4 warstwy Foxy Cream zapewniaj\u0105 najwy\u017cszy poziom mi\u0119kko\u015bci i delikatno\u015bci w por\u00f3wnaniu ze standardowymi chusteczkami.[\/vc_column_text][\/vc_column_inner][vc_column_inner width=&#8221;1\/3&#8243;][vc_single_image image=&#8221;6909&#8243; img_size=&#8221;full&#8221; alignment=&#8221;center&#8221;][vc_column_text el_class=&#8221;plus_product_title&#8221;]Specjalne na przezi\u0119bienia[\/vc_column_text][vc_column_text el_class=&#8221;plus_product_desc&#8221;]Mi\u0119kko\u015b\u0107 chusteczek w po\u0142\u0105czeniu z w\u0142a\u015bciwo\u015bciami balsamu pozwala na wyeliminowanie uczucia dyskomfortu nawet w przypadku silnych przezi\u0119bie\u0144.[\/vc_column_text][\/vc_column_inner][vc_column_inner width=&#8221;1\/3&#8243;][vc_single_image image=&#8221;6913&#8243; img_size=&#8221;full&#8221; alignment=&#8221;center&#8221;][vc_column_text el_class=&#8221;plus_product_title&#8221;]Klinicznie testowane[\/vc_column_text][vc_column_text el_class=&#8221;plus_product_desc&#8221;]Sprawdzone w kontakcie ze sk\u00f3r\u0105, co gwarantuj\u0105 specjalistyczne testy przeprowadzane w wykwalifikowanych laboratoriach dla ca\u0142kowitego bezpiecze\u0144stwa u\u017cytkowania.[\/vc_column_text][\/vc_column_inner][\/vc_row_inner][\/vc_column][\/vc_row]<\/p>\n","protected":false},"featured_media":21418,"template":"","categories":[58],"yoast_head":"<!-- This site is optimized with the Yoast SEO plugin v19.14 - https:\/\/yoast.com\/wordpress\/plugins\/seo\/ -->\n<title>Foxy Cream - Foxy<\/title>\n<meta name=\"description\" content=\"Chusteczki Foxy Cream zosta\u0142y wzbogacone kremem nawil\u017caj\u0105cym. Dlatego s\u0105 tak niezwykle delikatne: krem chroni sk\u00f3r\u0119 i zapobiega podra\u017cnieniom.\" \/>\n<meta name=\"robots\" content=\"index, follow, max-snippet:-1, max-image-preview:large, max-video-preview:-1\" \/>\n<link rel=\"canonical\" href=\"https:\/\/www.foxy.eu\/pl\/produkty\/foxy-cream-chusteczki-kosmetyczne\/\" \/>\n<meta property=\"og:locale\" content=\"pl_PL\" \/>\n<meta property=\"og:type\" content=\"article\" \/>\n<meta property=\"og:title\" content=\"Foxy Cream - Foxy\" \/>\n<meta property=\"og:description\" content=\"Chusteczki Foxy Cream zosta\u0142y wzbogacone kremem nawil\u017caj\u0105cym. Dlatego s\u0105 tak niezwykle delikatne: krem chroni sk\u00f3r\u0119 i zapobiega podra\u017cnieniom.\" \/>\n<meta property=\"og:url\" content=\"https:\/\/www.foxy.eu\/pl\/produkty\/foxy-cream-chusteczki-kosmetyczne\/\" \/>\n<meta property=\"og:site_name\" content=\"Foxy\" \/>\n<meta property=\"article:publisher\" content=\"https:\/\/www.facebook.com\/Foxy.Italia\" \/>\n<meta property=\"article:modified_time\" content=\"2026-02-20T14:51:14+00:00\" \/>\n<meta property=\"og:image\" content=\"https:\/\/www.foxy.eu\/wp-content\/uploads\/2022\/05\/cream_fr-prodotto@2x.png\" \/>\n\t<meta property=\"og:image:width\" content=\"1920\" \/>\n\t<meta property=\"og:image:height\" content=\"1130\" \/>\n\t<meta property=\"og:image:type\" content=\"image\/png\" \/>\n<meta name=\"twitter:card\" content=\"summary_large_image\" \/>\n<meta name=\"twitter:label1\" content=\"Est. reading time\" \/>\n\t<meta name=\"twitter:data1\" content=\"1 minuta\" \/>\n<script type=\"application\/ld+json\" class=\"yoast-schema-graph\">{\"@context\":\"https:\/\/schema.org\",\"@graph\":[{\"@type\":\"WebPage\",\"@id\":\"https:\/\/www.foxy.eu\/pl\/produkty\/foxy-cream-chusteczki-kosmetyczne\/\",\"url\":\"https:\/\/www.foxy.eu\/pl\/produkty\/foxy-cream-chusteczki-kosmetyczne\/\",\"name\":\"Foxy Cream - Foxy\",\"isPartOf\":{\"@id\":\"https:\/\/www.foxy.eu\/#website\"},\"datePublished\":\"2022-05-25T07:21:20+00:00\",\"dateModified\":\"2026-02-20T14:51:14+00:00\",\"description\":\"Chusteczki Foxy Cream zosta\u0142y wzbogacone kremem nawil\u017caj\u0105cym. Dlatego s\u0105 tak niezwykle delikatne: krem chroni sk\u00f3r\u0119 i zapobiega podra\u017cnieniom.\",\"breadcrumb\":{\"@id\":\"https:\/\/www.foxy.eu\/pl\/produkty\/foxy-cream-chusteczki-kosmetyczne\/#breadcrumb\"},\"inLanguage\":\"pl-PL\",\"potentialAction\":[{\"@type\":\"ReadAction\",\"target\":[\"https:\/\/www.foxy.eu\/pl\/produkty\/foxy-cream-chusteczki-kosmetyczne\/\"]}]},{\"@type\":\"BreadcrumbList\",\"@id\":\"https:\/\/www.foxy.eu\/pl\/produkty\/foxy-cream-chusteczki-kosmetyczne\/#breadcrumb\",\"itemListElement\":[{\"@type\":\"ListItem\",\"position\":1,\"name\":\"Home\",\"item\":\"https:\/\/www.foxy.eu\/pl\/\"},{\"@type\":\"ListItem\",\"position\":2,\"name\":\"Foxy Cream\"}]},{\"@type\":\"WebSite\",\"@id\":\"https:\/\/www.foxy.eu\/#website\",\"url\":\"https:\/\/www.foxy.eu\/\",\"name\":\"Foxy\",\"description\":\"Un nuovo sito targato WordPress\",\"publisher\":{\"@id\":\"https:\/\/www.foxy.eu\/#organization\"},\"alternateName\":\"Scopri tutta la gamma di prodotti e iniziative Foxy. Abbiamo pensato a un mondo su misura per te.\",\"potentialAction\":[{\"@type\":\"SearchAction\",\"target\":{\"@type\":\"EntryPoint\",\"urlTemplate\":\"https:\/\/www.foxy.eu\/?s={search_term_string}\"},\"query-input\":\"required name=search_term_string\"}],\"inLanguage\":\"pl-PL\"},{\"@type\":\"Organization\",\"@id\":\"https:\/\/www.foxy.eu\/#organization\",\"name\":\"Foxy | Sempre vicina a te!\",\"alternateName\":\"Scopri tutta la gamma di prodotti e iniziative Foxy. Abbiamo pensato a un mondo su misura per te.\",\"url\":\"https:\/\/www.foxy.eu\/\",\"logo\":{\"@type\":\"ImageObject\",\"inLanguage\":\"pl-PL\",\"@id\":\"https:\/\/www.foxy.eu\/#\/schema\/logo\/image\/\",\"url\":\"https:\/\/enkaz3824io.exactdn.com\/wp-content\/uploads\/2020\/07\/hp_big_logo@2x.png?strip=all&lossy=1&ssl=1\",\"contentUrl\":\"https:\/\/enkaz3824io.exactdn.com\/wp-content\/uploads\/2020\/07\/hp_big_logo@2x.png?strip=all&lossy=1&ssl=1\",\"width\":518,\"height\":366,\"caption\":\"Foxy | Sempre vicina a te!\"},\"image\":{\"@id\":\"https:\/\/www.foxy.eu\/#\/schema\/logo\/image\/\"},\"sameAs\":[\"https:\/\/www.instagram.com\/foxy\/\",\"https:\/\/www.youtube.com\/channel\/UCpCfvrNg7u0O0jSeH9B9ygA\",\"https:\/\/www.facebook.com\/Foxy.Italia\"]}]}<\/script>\n<!-- \/ Yoast SEO plugin. -->","yoast_head_json":{"title":"Foxy Cream - Foxy","description":"Chusteczki Foxy Cream zosta\u0142y wzbogacone kremem nawil\u017caj\u0105cym. Dlatego s\u0105 tak niezwykle delikatne: krem chroni sk\u00f3r\u0119 i zapobiega podra\u017cnieniom.","robots":{"index":"index","follow":"follow","max-snippet":"max-snippet:-1","max-image-preview":"max-image-preview:large","max-video-preview":"max-video-preview:-1"},"canonical":"https:\/\/www.foxy.eu\/pl\/produkty\/foxy-cream-chusteczki-kosmetyczne\/","og_locale":"pl_PL","og_type":"article","og_title":"Foxy Cream - Foxy","og_description":"Chusteczki Foxy Cream zosta\u0142y wzbogacone kremem nawil\u017caj\u0105cym. Dlatego s\u0105 tak niezwykle delikatne: krem chroni sk\u00f3r\u0119 i zapobiega podra\u017cnieniom.","og_url":"https:\/\/www.foxy.eu\/pl\/produkty\/foxy-cream-chusteczki-kosmetyczne\/","og_site_name":"Foxy","article_publisher":"https:\/\/www.facebook.com\/Foxy.Italia","article_modified_time":"2026-02-20T14:51:14+00:00","og_image":[{"width":1920,"height":1130,"url":"https:\/\/www.foxy.eu\/wp-content\/uploads\/2022\/05\/cream_fr-prodotto@2x.png","type":"image\/png"}],"twitter_card":"summary_large_image","twitter_misc":{"Est. reading time":"1 minuta"},"schema":{"@context":"https:\/\/schema.org","@graph":[{"@type":"WebPage","@id":"https:\/\/www.foxy.eu\/pl\/produkty\/foxy-cream-chusteczki-kosmetyczne\/","url":"https:\/\/www.foxy.eu\/pl\/produkty\/foxy-cream-chusteczki-kosmetyczne\/","name":"Foxy Cream - Foxy","isPartOf":{"@id":"https:\/\/www.foxy.eu\/#website"},"datePublished":"2022-05-25T07:21:20+00:00","dateModified":"2026-02-20T14:51:14+00:00","description":"Chusteczki Foxy Cream zosta\u0142y wzbogacone kremem nawil\u017caj\u0105cym. Dlatego s\u0105 tak niezwykle delikatne: krem chroni sk\u00f3r\u0119 i zapobiega podra\u017cnieniom.","breadcrumb":{"@id":"https:\/\/www.foxy.eu\/pl\/produkty\/foxy-cream-chusteczki-kosmetyczne\/#breadcrumb"},"inLanguage":"pl-PL","potentialAction":[{"@type":"ReadAction","target":["https:\/\/www.foxy.eu\/pl\/produkty\/foxy-cream-chusteczki-kosmetyczne\/"]}]},{"@type":"BreadcrumbList","@id":"https:\/\/www.foxy.eu\/pl\/produkty\/foxy-cream-chusteczki-kosmetyczne\/#breadcrumb","itemListElement":[{"@type":"ListItem","position":1,"name":"Home","item":"https:\/\/www.foxy.eu\/pl\/"},{"@type":"ListItem","position":2,"name":"Foxy Cream"}]},{"@type":"WebSite","@id":"https:\/\/www.foxy.eu\/#website","url":"https:\/\/www.foxy.eu\/","name":"Foxy","description":"Un nuovo sito targato WordPress","publisher":{"@id":"https:\/\/www.foxy.eu\/#organization"},"alternateName":"Scopri tutta la gamma di prodotti e iniziative Foxy. Abbiamo pensato a un mondo su misura per te.","potentialAction":[{"@type":"SearchAction","target":{"@type":"EntryPoint","urlTemplate":"https:\/\/www.foxy.eu\/?s={search_term_string}"},"query-input":"required name=search_term_string"}],"inLanguage":"pl-PL"},{"@type":"Organization","@id":"https:\/\/www.foxy.eu\/#organization","name":"Foxy | Sempre vicina a te!","alternateName":"Scopri tutta la gamma di prodotti e iniziative Foxy. Abbiamo pensato a un mondo su misura per te.","url":"https:\/\/www.foxy.eu\/","logo":{"@type":"ImageObject","inLanguage":"pl-PL","@id":"https:\/\/www.foxy.eu\/#\/schema\/logo\/image\/","url":"https:\/\/enkaz3824io.exactdn.com\/wp-content\/uploads\/2020\/07\/hp_big_logo@2x.png?strip=all&lossy=1&ssl=1","contentUrl":"https:\/\/enkaz3824io.exactdn.com\/wp-content\/uploads\/2020\/07\/hp_big_logo@2x.png?strip=all&lossy=1&ssl=1","width":518,"height":366,"caption":"Foxy | Sempre vicina a te!"},"image":{"@id":"https:\/\/www.foxy.eu\/#\/schema\/logo\/image\/"},"sameAs":["https:\/\/www.instagram.com\/foxy\/","https:\/\/www.youtube.com\/channel\/UCpCfvrNg7u0O0jSeH9B9ygA","https:\/\/www.facebook.com\/Foxy.Italia"]}]}},"_links":{"self":[{"href":"https:\/\/www.foxy.eu\/pl\/wp-json\/wp\/v2\/product\/5958"}],"collection":[{"href":"https:\/\/www.foxy.eu\/pl\/wp-json\/wp\/v2\/product"}],"about":[{"href":"https:\/\/www.foxy.eu\/pl\/wp-json\/wp\/v2\/types\/product"}],"version-history":[{"count":14,"href":"https:\/\/www.foxy.eu\/pl\/wp-json\/wp\/v2\/product\/5958\/revisions"}],"predecessor-version":[{"id":28951,"href":"https:\/\/www.foxy.eu\/pl\/wp-json\/wp\/v2\/product\/5958\/revisions\/28951"}],"wp:featuredmedia":[{"embeddable":true,"href":"https:\/\/www.foxy.eu\/pl\/wp-json\/wp\/v2\/media\/21418"}],"wp:attachment":[{"href":"https:\/\/www.foxy.eu\/pl\/wp-json\/wp\/v2\/media?parent=5958"}],"wp:term":[{"taxonomy":"category","embeddable":true,"href":"https:\/\/www.foxy.eu\/pl\/wp-json\/wp\/v2\/categories?post=5958"}],"curies":[{"name":"wp","href":"https:\/\/api.w.org\/{rel}","templated":true}]}}