
{"id":5643,"date":"2020-08-27T17:59:36","date_gmt":"2020-08-27T15:59:36","guid":{"rendered":"https:\/\/www.foxy.eu\/prodotti\/foxy-cotton\/"},"modified":"2024-02-02T12:25:24","modified_gmt":"2024-02-02T11:25:24","slug":"foxy-cotton-papier-toaletowy","status":"publish","type":"product","link":"https:\/\/www.foxy.eu\/pl\/produkty\/foxy-cotton-papier-toaletowy\/","title":{"rendered":"Foxy Cotton"},"content":{"rendered":"<p>[vc_row el_class=&#8221;caratteristiche_content&#8221;][vc_column width=&#8221;1\/2&#8243; offset=&#8221;vc_col-lg-offset-3 vc_col-lg-6 vc_col-md-offset-3 vc_col-md-6&#8243;][vc_column_text el_class=&#8221;subtitle_product&#8221;]Foxy Cotton to wyj\u0105tkowy papier toaletowy: przy 5 warstwach ju\u017c jeden listek mo\u017ce wystarczy\u0107[\/vc_column_text][vc_column_text]Niesamowita wydajno\u015b\u0107 Foxy Cotton, w po\u0142\u0105czeniu z bardzo du\u017cym rozmiarem listka , sprawia \u017ce nawet jeden listek mo\u017ce wystarczy\u0107.[\/vc_column_text][\/vc_column][\/vc_row][vc_row][vc_column width=&#8221;5\/6&#8243; offset=&#8221;vc_col-lg-offset-1 vc_col-lg-10 vc_col-md-offset-1 vc_col-md-10&#8243; el_class=&#8221;plus_product&#8221;][vc_row_inner equal_height=&#8221;yes&#8221; content_placement=&#8221;top&#8221; el_class=&#8221;caratteristiche_prodotto_slide_mobile owl-carousel owl-theme&#8221;][vc_column_inner width=&#8221;1\/3&#8243;][vc_single_image image=&#8221;5666&#8243; img_size=&#8221;full&#8221; alignment=&#8221;center&#8221;][vc_column_text el_class=&#8221;plus_product_title&#8221;]5 warstw[\/vc_column_text][vc_column_text el_class=&#8221;plus_product_desc&#8221;]Jedyny 5-warstwowy papier perfekcyjnie \u0142\u0105cz\u0105cy ch\u0142onno\u015b\u0107, wytrzyma\u0142o\u015b\u0107 i wyj\u0105tkow\u0105 grubo\u015b\u0107.[\/vc_column_text][\/vc_column_inner][vc_column_inner width=&#8221;1\/3&#8243;][vc_single_image image=&#8221;5670&#8243; img_size=&#8221;full&#8221; alignment=&#8221;center&#8221;][vc_column_text el_class=&#8221;plus_product_title&#8221;]Bawe\u0142niane w\u0142\u00f3kna[\/vc_column_text][vc_column_text el_class=&#8221;plus_product_desc&#8221;]Papier wzbogacono prawdziwymi w\u0142\u00f3knami bawe\u0142nianymi, by zapewni\u0107 unikalne odczucie mi\u0119kko\u015bci w dotyku.[\/vc_column_text][\/vc_column_inner][vc_column_inner width=&#8221;1\/3&#8243;][vc_single_image image=&#8221;5674&#8243; img_size=&#8221;full&#8221; alignment=&#8221;center&#8221;][vc_column_text el_class=&#8221;plus_product_title&#8221;]Ekstra Du\u017ce listki[\/vc_column_text][vc_column_text el_class=&#8221;plus_product_desc&#8221;]Ka\u017cdy listek jest o oko\u0142o 30% d\u0142u\u017cszy ni\u017c w przypadku standardowego papieru toaletowego.[\/vc_column_text][\/vc_column_inner][\/vc_row_inner][\/vc_column][\/vc_row][vc_row el_class=&#8221;decori&#8221;][vc_column width=&#8221;1\/2&#8243;][vc_single_image image=&#8221;5650&#8243; img_size=&#8221;full&#8221; alignment=&#8221;center&#8221;][\/vc_column][vc_column width=&#8221;1\/2&#8243; el_class=&#8221;decoro_dx&#8221;][vc_single_image image=&#8221;5651&#8243; img_size=&#8221;full&#8221;][\/vc_column][\/vc_row][vc_row full_width=&#8221;stretch_row&#8221; el_class=&#8221;decorazioni_singola&#8221;][vc_column][vc_row_inner equal_height=&#8221;yes&#8221; content_placement=&#8221;middle&#8221;][vc_column_inner width=&#8221;5\/12&#8243; offset=&#8221;vc_col-lg-offset-1 vc_col-lg-3 vc_col-md-offset-1 vc_col-md-3&#8243;][vc_column_text el_class=&#8221;title_decorazione&#8221;]Haftowana struktura[\/vc_column_text][vc_column_text el_class=&#8221;desc_decorazione&#8221;]Zdobienie wykonane na pojedynczym kawa\u0142ku podkre\u015bla mo\u017cliwo\u015b\u0107 wykorzystania za ka\u017cdym razem nawet jednego listka.[\/vc_column_text][\/vc_column_inner][vc_column_inner width=&#8221;7\/12&#8243;][vc_single_image image=&#8221;5649&#8243; img_size=&#8221;full&#8221; alignment=&#8221;center&#8221;][\/vc_column_inner][\/vc_row_inner][\/vc_column][\/vc_row]<\/p>\n","protected":false},"featured_media":14499,"template":"","categories":[56],"yoast_head":"<!-- This site is optimized with the Yoast SEO plugin v19.14 - https:\/\/yoast.com\/wordpress\/plugins\/seo\/ -->\n<title>Foxy Cotton - Foxy<\/title>\n<meta name=\"description\" content=\"Foxy Cotton to wyj\u0105tkowy papier toaletowy: przy 5 warstwach ju\u017c jeden listek mo\u017ce wystarczy\u0107. Odkryj Foxy Cotton.\" \/>\n<meta name=\"robots\" content=\"index, follow, max-snippet:-1, max-image-preview:large, max-video-preview:-1\" \/>\n<link rel=\"canonical\" href=\"https:\/\/www.foxy.eu\/pl\/produkty\/foxy-cotton-papier-toaletowy\/\" \/>\n<meta property=\"og:locale\" content=\"pl_PL\" \/>\n<meta property=\"og:type\" content=\"article\" \/>\n<meta property=\"og:title\" content=\"Foxy Cotton - Foxy\" \/>\n<meta property=\"og:description\" content=\"Foxy Cotton to wyj\u0105tkowy papier toaletowy: przy 5 warstwach ju\u017c jeden listek mo\u017ce wystarczy\u0107. Odkryj Foxy Cotton.\" \/>\n<meta property=\"og:url\" content=\"https:\/\/www.foxy.eu\/pl\/produkty\/foxy-cotton-papier-toaletowy\/\" \/>\n<meta property=\"og:site_name\" content=\"Foxy\" \/>\n<meta property=\"article:publisher\" content=\"https:\/\/www.facebook.com\/Foxy.Italia\" \/>\n<meta property=\"article:modified_time\" content=\"2024-02-02T11:25:24+00:00\" \/>\n<meta property=\"og:image\" content=\"https:\/\/www.foxy.eu\/wp-content\/uploads\/2022\/05\/Cotton_cartaigienica_hero.png\" \/>\n\t<meta property=\"og:image:width\" content=\"960\" \/>\n\t<meta property=\"og:image:height\" content=\"565\" \/>\n\t<meta property=\"og:image:type\" content=\"image\/png\" \/>\n<meta name=\"twitter:card\" content=\"summary_large_image\" \/>\n<meta name=\"twitter:label1\" content=\"Est. reading time\" \/>\n\t<meta name=\"twitter:data1\" content=\"1 minuta\" \/>\n<script type=\"application\/ld+json\" class=\"yoast-schema-graph\">{\"@context\":\"https:\/\/schema.org\",\"@graph\":[{\"@type\":\"WebPage\",\"@id\":\"https:\/\/www.foxy.eu\/pl\/produkty\/foxy-cotton-papier-toaletowy\/\",\"url\":\"https:\/\/www.foxy.eu\/pl\/produkty\/foxy-cotton-papier-toaletowy\/\",\"name\":\"Foxy Cotton - Foxy\",\"isPartOf\":{\"@id\":\"https:\/\/www.foxy.eu\/#website\"},\"datePublished\":\"2020-08-27T15:59:36+00:00\",\"dateModified\":\"2024-02-02T11:25:24+00:00\",\"description\":\"Foxy Cotton to wyj\u0105tkowy papier toaletowy: przy 5 warstwach ju\u017c jeden listek mo\u017ce wystarczy\u0107. Odkryj Foxy Cotton.\",\"breadcrumb\":{\"@id\":\"https:\/\/www.foxy.eu\/pl\/produkty\/foxy-cotton-papier-toaletowy\/#breadcrumb\"},\"inLanguage\":\"pl-PL\",\"potentialAction\":[{\"@type\":\"ReadAction\",\"target\":[\"https:\/\/www.foxy.eu\/pl\/produkty\/foxy-cotton-papier-toaletowy\/\"]}]},{\"@type\":\"BreadcrumbList\",\"@id\":\"https:\/\/www.foxy.eu\/pl\/produkty\/foxy-cotton-papier-toaletowy\/#breadcrumb\",\"itemListElement\":[{\"@type\":\"ListItem\",\"position\":1,\"name\":\"Home\",\"item\":\"https:\/\/www.foxy.eu\/pl\/\"},{\"@type\":\"ListItem\",\"position\":2,\"name\":\"Foxy Cotton\"}]},{\"@type\":\"WebSite\",\"@id\":\"https:\/\/www.foxy.eu\/#website\",\"url\":\"https:\/\/www.foxy.eu\/\",\"name\":\"Foxy\",\"description\":\"Un nuovo sito targato WordPress\",\"publisher\":{\"@id\":\"https:\/\/www.foxy.eu\/#organization\"},\"alternateName\":\"Scopri tutta la gamma di prodotti e iniziative Foxy. Abbiamo pensato a un mondo su misura per te.\",\"potentialAction\":[{\"@type\":\"SearchAction\",\"target\":{\"@type\":\"EntryPoint\",\"urlTemplate\":\"https:\/\/www.foxy.eu\/?s={search_term_string}\"},\"query-input\":\"required name=search_term_string\"}],\"inLanguage\":\"pl-PL\"},{\"@type\":\"Organization\",\"@id\":\"https:\/\/www.foxy.eu\/#organization\",\"name\":\"Foxy | Sempre vicina a te!\",\"alternateName\":\"Scopri tutta la gamma di prodotti e iniziative Foxy. Abbiamo pensato a un mondo su misura per te.\",\"url\":\"https:\/\/www.foxy.eu\/\",\"logo\":{\"@type\":\"ImageObject\",\"inLanguage\":\"pl-PL\",\"@id\":\"https:\/\/www.foxy.eu\/#\/schema\/logo\/image\/\",\"url\":\"https:\/\/enkaz3824io.exactdn.com\/wp-content\/uploads\/2020\/07\/hp_big_logo@2x.png?strip=all&lossy=1&ssl=1\",\"contentUrl\":\"https:\/\/enkaz3824io.exactdn.com\/wp-content\/uploads\/2020\/07\/hp_big_logo@2x.png?strip=all&lossy=1&ssl=1\",\"width\":518,\"height\":366,\"caption\":\"Foxy | Sempre vicina a te!\"},\"image\":{\"@id\":\"https:\/\/www.foxy.eu\/#\/schema\/logo\/image\/\"},\"sameAs\":[\"https:\/\/www.instagram.com\/foxy\/\",\"https:\/\/www.youtube.com\/channel\/UCpCfvrNg7u0O0jSeH9B9ygA\",\"https:\/\/www.facebook.com\/Foxy.Italia\"]}]}<\/script>\n<!-- \/ Yoast SEO plugin. -->","yoast_head_json":{"title":"Foxy Cotton - Foxy","description":"Foxy Cotton to wyj\u0105tkowy papier toaletowy: przy 5 warstwach ju\u017c jeden listek mo\u017ce wystarczy\u0107. Odkryj Foxy Cotton.","robots":{"index":"index","follow":"follow","max-snippet":"max-snippet:-1","max-image-preview":"max-image-preview:large","max-video-preview":"max-video-preview:-1"},"canonical":"https:\/\/www.foxy.eu\/pl\/produkty\/foxy-cotton-papier-toaletowy\/","og_locale":"pl_PL","og_type":"article","og_title":"Foxy Cotton - Foxy","og_description":"Foxy Cotton to wyj\u0105tkowy papier toaletowy: przy 5 warstwach ju\u017c jeden listek mo\u017ce wystarczy\u0107. Odkryj Foxy Cotton.","og_url":"https:\/\/www.foxy.eu\/pl\/produkty\/foxy-cotton-papier-toaletowy\/","og_site_name":"Foxy","article_publisher":"https:\/\/www.facebook.com\/Foxy.Italia","article_modified_time":"2024-02-02T11:25:24+00:00","og_image":[{"width":960,"height":565,"url":"https:\/\/www.foxy.eu\/wp-content\/uploads\/2022\/05\/Cotton_cartaigienica_hero.png","type":"image\/png"}],"twitter_card":"summary_large_image","twitter_misc":{"Est. reading time":"1 minuta"},"schema":{"@context":"https:\/\/schema.org","@graph":[{"@type":"WebPage","@id":"https:\/\/www.foxy.eu\/pl\/produkty\/foxy-cotton-papier-toaletowy\/","url":"https:\/\/www.foxy.eu\/pl\/produkty\/foxy-cotton-papier-toaletowy\/","name":"Foxy Cotton - Foxy","isPartOf":{"@id":"https:\/\/www.foxy.eu\/#website"},"datePublished":"2020-08-27T15:59:36+00:00","dateModified":"2024-02-02T11:25:24+00:00","description":"Foxy Cotton to wyj\u0105tkowy papier toaletowy: przy 5 warstwach ju\u017c jeden listek mo\u017ce wystarczy\u0107. Odkryj Foxy Cotton.","breadcrumb":{"@id":"https:\/\/www.foxy.eu\/pl\/produkty\/foxy-cotton-papier-toaletowy\/#breadcrumb"},"inLanguage":"pl-PL","potentialAction":[{"@type":"ReadAction","target":["https:\/\/www.foxy.eu\/pl\/produkty\/foxy-cotton-papier-toaletowy\/"]}]},{"@type":"BreadcrumbList","@id":"https:\/\/www.foxy.eu\/pl\/produkty\/foxy-cotton-papier-toaletowy\/#breadcrumb","itemListElement":[{"@type":"ListItem","position":1,"name":"Home","item":"https:\/\/www.foxy.eu\/pl\/"},{"@type":"ListItem","position":2,"name":"Foxy Cotton"}]},{"@type":"WebSite","@id":"https:\/\/www.foxy.eu\/#website","url":"https:\/\/www.foxy.eu\/","name":"Foxy","description":"Un nuovo sito targato WordPress","publisher":{"@id":"https:\/\/www.foxy.eu\/#organization"},"alternateName":"Scopri tutta la gamma di prodotti e iniziative Foxy. Abbiamo pensato a un mondo su misura per te.","potentialAction":[{"@type":"SearchAction","target":{"@type":"EntryPoint","urlTemplate":"https:\/\/www.foxy.eu\/?s={search_term_string}"},"query-input":"required name=search_term_string"}],"inLanguage":"pl-PL"},{"@type":"Organization","@id":"https:\/\/www.foxy.eu\/#organization","name":"Foxy | Sempre vicina a te!","alternateName":"Scopri tutta la gamma di prodotti e iniziative Foxy. Abbiamo pensato a un mondo su misura per te.","url":"https:\/\/www.foxy.eu\/","logo":{"@type":"ImageObject","inLanguage":"pl-PL","@id":"https:\/\/www.foxy.eu\/#\/schema\/logo\/image\/","url":"https:\/\/enkaz3824io.exactdn.com\/wp-content\/uploads\/2020\/07\/hp_big_logo@2x.png?strip=all&lossy=1&ssl=1","contentUrl":"https:\/\/enkaz3824io.exactdn.com\/wp-content\/uploads\/2020\/07\/hp_big_logo@2x.png?strip=all&lossy=1&ssl=1","width":518,"height":366,"caption":"Foxy | Sempre vicina a te!"},"image":{"@id":"https:\/\/www.foxy.eu\/#\/schema\/logo\/image\/"},"sameAs":["https:\/\/www.instagram.com\/foxy\/","https:\/\/www.youtube.com\/channel\/UCpCfvrNg7u0O0jSeH9B9ygA","https:\/\/www.facebook.com\/Foxy.Italia"]}]}},"_links":{"self":[{"href":"https:\/\/www.foxy.eu\/pl\/wp-json\/wp\/v2\/product\/5643"}],"collection":[{"href":"https:\/\/www.foxy.eu\/pl\/wp-json\/wp\/v2\/product"}],"about":[{"href":"https:\/\/www.foxy.eu\/pl\/wp-json\/wp\/v2\/types\/product"}],"version-history":[{"count":16,"href":"https:\/\/www.foxy.eu\/pl\/wp-json\/wp\/v2\/product\/5643\/revisions"}],"predecessor-version":[{"id":16456,"href":"https:\/\/www.foxy.eu\/pl\/wp-json\/wp\/v2\/product\/5643\/revisions\/16456"}],"wp:featuredmedia":[{"embeddable":true,"href":"https:\/\/www.foxy.eu\/pl\/wp-json\/wp\/v2\/media\/14499"}],"wp:attachment":[{"href":"https:\/\/www.foxy.eu\/pl\/wp-json\/wp\/v2\/media?parent=5643"}],"wp:term":[{"taxonomy":"category","embeddable":true,"href":"https:\/\/www.foxy.eu\/pl\/wp-json\/wp\/v2\/categories?post=5643"}],"curies":[{"name":"wp","href":"https:\/\/api.w.org\/{rel}","templated":true}]}}