
{"id":5535,"date":"2020-09-15T11:35:06","date_gmt":"2020-09-15T09:35:06","guid":{"rendered":"https:\/\/www.foxy.eu\/prodotti\/foxy-mega-asciugatutto\/"},"modified":"2024-02-02T12:28:40","modified_gmt":"2024-02-02T11:28:40","slug":"foxy-mega-recznik-kuchenny","status":"publish","type":"product","link":"https:\/\/www.foxy.eu\/pl\/produkty\/foxy-mega-recznik-kuchenny\/","title":{"rendered":"Foxy Mega"},"content":{"rendered":"<p>[vc_row el_class=&#8221;caratteristiche_content&#8221;][vc_column width=&#8221;1\/2&#8243; offset=&#8221;vc_col-lg-offset-3 vc_col-lg-6 vc_col-md-offset-3 vc_col-md-6&#8243;][vc_column_text el_class=&#8221;subtitle_product&#8221;]Rolki Foxy Mega s\u0105 ponad dwa razy d\u0142u\u017csze ni\u017c zwyk\u0142a rolka kuchenna, co zapewnia mega wygod\u0119.[\/vc_column_text][vc_column_text]Jego \u201ekompaktowa\u201d konfiguracja pozwala na u\u017cycie mniejszej liczby ci\u0119\u017car\u00f3wek do transportu i zu\u017cycie mniejszej ilo\u015bci opakowa\u0144. Ponadto zajmuje mniej miejsca w domu.<\/p>\n<p>* w por\u00f3wnaniu do standardowego r\u0119cznika kuchennego 4 rolki po 40 listk\u00f3w[\/vc_column_text][\/vc_column][\/vc_row][vc_row][vc_column width=&#8221;5\/6&#8243; offset=&#8221;vc_col-lg-offset-1 vc_col-lg-10 vc_col-md-offset-1 vc_col-md-10&#8243; el_class=&#8221;plus_product&#8221;][vc_row_inner equal_height=&#8221;yes&#8221; content_placement=&#8221;top&#8221; el_class=&#8221;caratteristiche_prodotto_slide_mobile owl-carousel owl-theme&#8221;][vc_column_inner width=&#8221;1\/3&#8243;][vc_single_image image=&#8221;14393&#8243; img_size=&#8221;full&#8221; alignment=&#8221;center&#8221;][vc_column_text el_class=&#8221;plus_product_title&#8221;]Eko-efektywny[\/vc_column_text][vc_column_text el_class=&#8221;plus_product_desc&#8221;]Pozwala na wykorzystanie o 22% mniej ci\u0119\u017car\u00f3wek do transportu, zajmuje 16% mniej miejsca w domu i do jego opakowania potrzeba 38% mniej materia\u0142\u00f3w opakowaniowych.<\/p>\n<p><a href=\"https:\/\/www.foxy.eu\/pl\/recznik-kuchenny-foxy-mega-inteligentna-rolka\/\">Dowiedz si\u0119 wi\u0119cej<\/a>[\/vc_column_text][\/vc_column_inner][vc_column_inner width=&#8221;1\/3&#8243;][vc_single_image image=&#8221;5585&#8243; img_size=&#8221;full&#8221; alignment=&#8221;center&#8221;][vc_column_text el_class=&#8221;plus_product_title&#8221;]Higieniczny[\/vc_column_text][vc_column_text el_class=&#8221;plus_product_desc&#8221;]U\u017cywaj go do wycierania r\u0105k zamiast tradycyjnych r\u0119cznik\u00f3w materia\u0142owych, aby wyeliminowa\u0107 ryzyko rozprzestrzeniania si\u0119 bakterii.[\/vc_column_text][\/vc_column_inner][vc_column_inner width=&#8221;1\/3&#8243;][vc_single_image image=&#8221;5589&#8243; img_size=&#8221;full&#8221; alignment=&#8221;center&#8221;][vc_column_text el_class=&#8221;plus_product_title&#8221;]Gwarantowany do kontaktu z\u00a0 \u017cywno\u015bci\u0105[\/vc_column_text][vc_column_text el_class=&#8221;plus_product_desc&#8221;]R\u0119czniki Foxy s\u0105 odpowiednie do kontaktu z \u017cywno\u015bci\u0105, co gwarantuj\u0105 rygorystyczne testy przeprowadzane w wykwalifikowanych laboratoriach.[\/vc_column_text][\/vc_column_inner][\/vc_row_inner][\/vc_column][\/vc_row][vc_row full_width=&#8221;stretch_row&#8221; el_class=&#8221;decorazioni_singola&#8221;][vc_column][vc_row_inner equal_height=&#8221;yes&#8221; content_placement=&#8221;middle&#8221;][vc_column_inner width=&#8221;5\/12&#8243; offset=&#8221;vc_col-lg-offset-1 vc_col-lg-3 vc_col-md-offset-1 vc_col-md-3&#8243;][vc_column_text el_class=&#8221;title_decorazione&#8221;]Makaron alla Norma: \u015bwiatowej s\u0142awy danie w\u0142oskie[\/vc_column_text][vc_column_text el_class=&#8221;desc_decorazione&#8221;]Nadruk \u201eMakaron alla Norma\u201d wykonany jest przy u\u017cyciu farb na bazie wody, dzi\u0119ki czemu r\u0119cznik nadaje si\u0119 do kontaktu z \u017cywno\u015bci\u0105.[\/vc_column_text][\/vc_column_inner][vc_column_inner width=&#8221;7\/12&#8243;][vc_single_image image=&#8221;7507&#8243; img_size=&#8221;full&#8221; alignment=&#8221;center&#8221;][\/vc_column_inner][\/vc_row_inner][\/vc_column][\/vc_row]<\/p>\n","protected":false},"featured_media":14356,"template":"","categories":[57],"yoast_head":"<!-- This site is optimized with the Yoast SEO plugin v19.14 - https:\/\/yoast.com\/wordpress\/plugins\/seo\/ -->\n<title>Foxy Mega - Foxy<\/title>\n<meta name=\"description\" content=\"Rolki Foxy Mega s\u0105 ponad dwa razy d\u0142u\u017csze d\u0142u\u017cej ni\u017c zwyk\u0142a rolka kuchenna, co zapewnia mega wygod\u0119.\" \/>\n<meta name=\"robots\" content=\"index, follow, max-snippet:-1, max-image-preview:large, max-video-preview:-1\" \/>\n<link rel=\"canonical\" href=\"https:\/\/www.foxy.eu\/pl\/produkty\/foxy-mega-recznik-kuchenny\/\" \/>\n<meta property=\"og:locale\" content=\"pl_PL\" \/>\n<meta property=\"og:type\" content=\"article\" \/>\n<meta property=\"og:title\" content=\"Foxy Mega - Foxy\" \/>\n<meta property=\"og:description\" content=\"Rolki Foxy Mega s\u0105 ponad dwa razy d\u0142u\u017csze d\u0142u\u017cej ni\u017c zwyk\u0142a rolka kuchenna, co zapewnia mega wygod\u0119.\" \/>\n<meta property=\"og:url\" content=\"https:\/\/www.foxy.eu\/pl\/produkty\/foxy-mega-recznik-kuchenny\/\" \/>\n<meta property=\"og:site_name\" content=\"Foxy\" \/>\n<meta property=\"article:publisher\" content=\"https:\/\/www.facebook.com\/Foxy.Italia\" \/>\n<meta property=\"article:modified_time\" content=\"2024-02-02T11:28:40+00:00\" \/>\n<meta property=\"og:image\" content=\"https:\/\/www.foxy.eu\/wp-content\/uploads\/2023\/10\/mega_asciugatutto_hero.png\" \/>\n\t<meta property=\"og:image:width\" content=\"960\" \/>\n\t<meta property=\"og:image:height\" content=\"565\" \/>\n\t<meta property=\"og:image:type\" content=\"image\/png\" \/>\n<meta name=\"twitter:card\" content=\"summary_large_image\" \/>\n<meta name=\"twitter:label1\" content=\"Est. reading time\" \/>\n\t<meta name=\"twitter:data1\" content=\"1 minuta\" \/>\n<script type=\"application\/ld+json\" class=\"yoast-schema-graph\">{\"@context\":\"https:\/\/schema.org\",\"@graph\":[{\"@type\":\"WebPage\",\"@id\":\"https:\/\/www.foxy.eu\/pl\/produkty\/foxy-mega-recznik-kuchenny\/\",\"url\":\"https:\/\/www.foxy.eu\/pl\/produkty\/foxy-mega-recznik-kuchenny\/\",\"name\":\"Foxy Mega - Foxy\",\"isPartOf\":{\"@id\":\"https:\/\/www.foxy.eu\/#website\"},\"datePublished\":\"2020-09-15T09:35:06+00:00\",\"dateModified\":\"2024-02-02T11:28:40+00:00\",\"description\":\"Rolki Foxy Mega s\u0105 ponad dwa razy d\u0142u\u017csze d\u0142u\u017cej ni\u017c zwyk\u0142a rolka kuchenna, co zapewnia mega wygod\u0119.\",\"breadcrumb\":{\"@id\":\"https:\/\/www.foxy.eu\/pl\/produkty\/foxy-mega-recznik-kuchenny\/#breadcrumb\"},\"inLanguage\":\"pl-PL\",\"potentialAction\":[{\"@type\":\"ReadAction\",\"target\":[\"https:\/\/www.foxy.eu\/pl\/produkty\/foxy-mega-recznik-kuchenny\/\"]}]},{\"@type\":\"BreadcrumbList\",\"@id\":\"https:\/\/www.foxy.eu\/pl\/produkty\/foxy-mega-recznik-kuchenny\/#breadcrumb\",\"itemListElement\":[{\"@type\":\"ListItem\",\"position\":1,\"name\":\"Home\",\"item\":\"https:\/\/www.foxy.eu\/pl\/\"},{\"@type\":\"ListItem\",\"position\":2,\"name\":\"Foxy Mega\"}]},{\"@type\":\"WebSite\",\"@id\":\"https:\/\/www.foxy.eu\/#website\",\"url\":\"https:\/\/www.foxy.eu\/\",\"name\":\"Foxy\",\"description\":\"Un nuovo sito targato WordPress\",\"publisher\":{\"@id\":\"https:\/\/www.foxy.eu\/#organization\"},\"alternateName\":\"Scopri tutta la gamma di prodotti e iniziative Foxy. Abbiamo pensato a un mondo su misura per te.\",\"potentialAction\":[{\"@type\":\"SearchAction\",\"target\":{\"@type\":\"EntryPoint\",\"urlTemplate\":\"https:\/\/www.foxy.eu\/?s={search_term_string}\"},\"query-input\":\"required name=search_term_string\"}],\"inLanguage\":\"pl-PL\"},{\"@type\":\"Organization\",\"@id\":\"https:\/\/www.foxy.eu\/#organization\",\"name\":\"Foxy | Sempre vicina a te!\",\"alternateName\":\"Scopri tutta la gamma di prodotti e iniziative Foxy. Abbiamo pensato a un mondo su misura per te.\",\"url\":\"https:\/\/www.foxy.eu\/\",\"logo\":{\"@type\":\"ImageObject\",\"inLanguage\":\"pl-PL\",\"@id\":\"https:\/\/www.foxy.eu\/#\/schema\/logo\/image\/\",\"url\":\"https:\/\/enkaz3824io.exactdn.com\/wp-content\/uploads\/2020\/07\/hp_big_logo@2x.png?strip=all&lossy=1&ssl=1\",\"contentUrl\":\"https:\/\/enkaz3824io.exactdn.com\/wp-content\/uploads\/2020\/07\/hp_big_logo@2x.png?strip=all&lossy=1&ssl=1\",\"width\":518,\"height\":366,\"caption\":\"Foxy | Sempre vicina a te!\"},\"image\":{\"@id\":\"https:\/\/www.foxy.eu\/#\/schema\/logo\/image\/\"},\"sameAs\":[\"https:\/\/www.instagram.com\/foxy\/\",\"https:\/\/www.youtube.com\/channel\/UCpCfvrNg7u0O0jSeH9B9ygA\",\"https:\/\/www.facebook.com\/Foxy.Italia\"]}]}<\/script>\n<!-- \/ Yoast SEO plugin. -->","yoast_head_json":{"title":"Foxy Mega - Foxy","description":"Rolki Foxy Mega s\u0105 ponad dwa razy d\u0142u\u017csze d\u0142u\u017cej ni\u017c zwyk\u0142a rolka kuchenna, co zapewnia mega wygod\u0119.","robots":{"index":"index","follow":"follow","max-snippet":"max-snippet:-1","max-image-preview":"max-image-preview:large","max-video-preview":"max-video-preview:-1"},"canonical":"https:\/\/www.foxy.eu\/pl\/produkty\/foxy-mega-recznik-kuchenny\/","og_locale":"pl_PL","og_type":"article","og_title":"Foxy Mega - Foxy","og_description":"Rolki Foxy Mega s\u0105 ponad dwa razy d\u0142u\u017csze d\u0142u\u017cej ni\u017c zwyk\u0142a rolka kuchenna, co zapewnia mega wygod\u0119.","og_url":"https:\/\/www.foxy.eu\/pl\/produkty\/foxy-mega-recznik-kuchenny\/","og_site_name":"Foxy","article_publisher":"https:\/\/www.facebook.com\/Foxy.Italia","article_modified_time":"2024-02-02T11:28:40+00:00","og_image":[{"width":960,"height":565,"url":"https:\/\/www.foxy.eu\/wp-content\/uploads\/2023\/10\/mega_asciugatutto_hero.png","type":"image\/png"}],"twitter_card":"summary_large_image","twitter_misc":{"Est. reading time":"1 minuta"},"schema":{"@context":"https:\/\/schema.org","@graph":[{"@type":"WebPage","@id":"https:\/\/www.foxy.eu\/pl\/produkty\/foxy-mega-recznik-kuchenny\/","url":"https:\/\/www.foxy.eu\/pl\/produkty\/foxy-mega-recznik-kuchenny\/","name":"Foxy Mega - Foxy","isPartOf":{"@id":"https:\/\/www.foxy.eu\/#website"},"datePublished":"2020-09-15T09:35:06+00:00","dateModified":"2024-02-02T11:28:40+00:00","description":"Rolki Foxy Mega s\u0105 ponad dwa razy d\u0142u\u017csze d\u0142u\u017cej ni\u017c zwyk\u0142a rolka kuchenna, co zapewnia mega wygod\u0119.","breadcrumb":{"@id":"https:\/\/www.foxy.eu\/pl\/produkty\/foxy-mega-recznik-kuchenny\/#breadcrumb"},"inLanguage":"pl-PL","potentialAction":[{"@type":"ReadAction","target":["https:\/\/www.foxy.eu\/pl\/produkty\/foxy-mega-recznik-kuchenny\/"]}]},{"@type":"BreadcrumbList","@id":"https:\/\/www.foxy.eu\/pl\/produkty\/foxy-mega-recznik-kuchenny\/#breadcrumb","itemListElement":[{"@type":"ListItem","position":1,"name":"Home","item":"https:\/\/www.foxy.eu\/pl\/"},{"@type":"ListItem","position":2,"name":"Foxy Mega"}]},{"@type":"WebSite","@id":"https:\/\/www.foxy.eu\/#website","url":"https:\/\/www.foxy.eu\/","name":"Foxy","description":"Un nuovo sito targato WordPress","publisher":{"@id":"https:\/\/www.foxy.eu\/#organization"},"alternateName":"Scopri tutta la gamma di prodotti e iniziative Foxy. Abbiamo pensato a un mondo su misura per te.","potentialAction":[{"@type":"SearchAction","target":{"@type":"EntryPoint","urlTemplate":"https:\/\/www.foxy.eu\/?s={search_term_string}"},"query-input":"required name=search_term_string"}],"inLanguage":"pl-PL"},{"@type":"Organization","@id":"https:\/\/www.foxy.eu\/#organization","name":"Foxy | Sempre vicina a te!","alternateName":"Scopri tutta la gamma di prodotti e iniziative Foxy. Abbiamo pensato a un mondo su misura per te.","url":"https:\/\/www.foxy.eu\/","logo":{"@type":"ImageObject","inLanguage":"pl-PL","@id":"https:\/\/www.foxy.eu\/#\/schema\/logo\/image\/","url":"https:\/\/enkaz3824io.exactdn.com\/wp-content\/uploads\/2020\/07\/hp_big_logo@2x.png?strip=all&lossy=1&ssl=1","contentUrl":"https:\/\/enkaz3824io.exactdn.com\/wp-content\/uploads\/2020\/07\/hp_big_logo@2x.png?strip=all&lossy=1&ssl=1","width":518,"height":366,"caption":"Foxy | Sempre vicina a te!"},"image":{"@id":"https:\/\/www.foxy.eu\/#\/schema\/logo\/image\/"},"sameAs":["https:\/\/www.instagram.com\/foxy\/","https:\/\/www.youtube.com\/channel\/UCpCfvrNg7u0O0jSeH9B9ygA","https:\/\/www.facebook.com\/Foxy.Italia"]}]}},"_links":{"self":[{"href":"https:\/\/www.foxy.eu\/pl\/wp-json\/wp\/v2\/product\/5535"}],"collection":[{"href":"https:\/\/www.foxy.eu\/pl\/wp-json\/wp\/v2\/product"}],"about":[{"href":"https:\/\/www.foxy.eu\/pl\/wp-json\/wp\/v2\/types\/product"}],"version-history":[{"count":36,"href":"https:\/\/www.foxy.eu\/pl\/wp-json\/wp\/v2\/product\/5535\/revisions"}],"predecessor-version":[{"id":16460,"href":"https:\/\/www.foxy.eu\/pl\/wp-json\/wp\/v2\/product\/5535\/revisions\/16460"}],"wp:featuredmedia":[{"embeddable":true,"href":"https:\/\/www.foxy.eu\/pl\/wp-json\/wp\/v2\/media\/14356"}],"wp:attachment":[{"href":"https:\/\/www.foxy.eu\/pl\/wp-json\/wp\/v2\/media?parent=5535"}],"wp:term":[{"taxonomy":"category","embeddable":true,"href":"https:\/\/www.foxy.eu\/pl\/wp-json\/wp\/v2\/categories?post=5535"}],"curies":[{"name":"wp","href":"https:\/\/api.w.org\/{rel}","templated":true}]}}