
{"id":14111,"date":"2023-10-23T14:57:08","date_gmt":"2023-10-23T12:57:08","guid":{"rendered":"https:\/\/www.foxy.eu\/?post_type=product&#038;p=14111"},"modified":"2025-01-10T12:28:49","modified_gmt":"2025-01-10T11:28:49","slug":"foxy-love-the-bee-papier-toaletowy","status":"publish","type":"product","link":"https:\/\/www.foxy.eu\/pl\/produkty\/foxy-love-the-bee-papier-toaletowy\/","title":{"rendered":"Foxy Love the Bee"},"content":{"rendered":"<p>[vc_row el_class=&#8221;caratteristiche_content&#8221;][vc_column width=&#8221;1\/2&#8243; offset=&#8221;vc_col-lg-offset-3 vc_col-lg-6 vc_col-md-offset-3 vc_col-md-6&#8243;][vc_column_text el_class=&#8221;subtitle_product&#8221;]<\/p>\n<p class=\"p1\"><span class=\"s1\">Foxy Love the Bee \u2013 papier kt\u00f3ry kocha i chroni pszczo\u0142y!<\/span><\/p>\n<p>[\/vc_column_text][vc_column_text]Papier toaletowy \u201eFoxy Love the Bee\u201d gwarantuje tak\u0105 sam\u0105 jako\u015b\u0107 jak inne produkty Foxy. Dodatkowo jest bardzo d\u0142ugi \u2013 rolka zawiera a\u017c 400 listk\u00f3w. Foxy wybra\u0142o firm\u0119 \u201e3Bee\u201d na partnera wieloletniego projektu na rzecz ochrony pszcz\u00f3\u0142.[\/vc_column_text][\/vc_column][\/vc_row][vc_row][vc_column width=&#8221;5\/6&#8243; offset=&#8221;vc_col-lg-offset-1 vc_col-lg-10 vc_col-md-offset-1 vc_col-md-10&#8243; el_class=&#8221;plus_product&#8221;][vc_row_inner equal_height=&#8221;yes&#8221; content_placement=&#8221;top&#8221; el_class=&#8221;caratteristiche_prodotto_slide_mobile owl-carousel owl-theme&#8221;][vc_column_inner width=&#8221;1\/3&#8243;][vc_single_image image=&#8221;14093&#8243; img_size=&#8221;full&#8221; alignment=&#8221;center&#8221;][vc_column_text el_class=&#8221;plus_product_title&#8221;]<\/p>\n<p class=\"p1\"><span class=\"s1\">Wyj\u0105tkowe wyt\u0142oczenie<\/span><\/p>\n<p>[\/vc_column_text][vc_column_text el_class=&#8221;plus_product_desc&#8221;]<\/p>\n<p class=\"p1\"><span class=\"s1\">Specjalny proces produkcyjny zapewnia papierowi wyj\u0105tkow\u0105 mi\u0119kko\u015b\u0107<\/span><\/p>\n<p>[\/vc_column_text][\/vc_column_inner][vc_column_inner width=&#8221;1\/3&#8243;][vc_single_image image=&#8221;14083&#8243; img_size=&#8221;full&#8221; alignment=&#8221;center&#8221;][vc_column_text el_class=&#8221;plus_product_title&#8221;]<\/p>\n<div>\n<div>Klinicznie testowany<\/div>\n<\/div>\n<p>[\/vc_column_text][vc_column_text el_class=&#8221;plus_product_desc&#8221;]<\/p>\n<div>Szczeg\u00f3towe testy przeprowadzane w wykwalifikowanych laboratoriach warantuja, ze papier jest odpowiedni do kontaktu ze sk\u00f3ra.<\/div>\n<p>[\/vc_column_text][\/vc_column_inner][vc_column_inner width=&#8221;1\/3&#8243;][vc_single_image image=&#8221;20549&#8243; img_size=&#8221;full&#8221; alignment=&#8221;center&#8221;][vc_column_text el_class=&#8221;plus_product_title&#8221;]<\/p>\n<p class=\"p1\"><span class=\"s1\">Chro\u0144my pszczo\u0142y, razem!<\/span><\/p>\n<p>[\/vc_column_text][vc_column_text el_class=&#8221;plus_product_desc&#8221;]<\/p>\n<p class=\"p1\"><span class=\"s1\">Foxy zawar\u0142o wieloletni\u0105 umow\u0119 z 3Bee, aby chroni\u0107 pszczo\u0142y poprzez monitorowanie uli i tworzenie oaz r\u00f3\u017cnorodno\u015bci biologicznej.<\/span><\/p>\n<p class=\"p1\"><a href=\"https:\/\/www.foxy.eu\/pl\/3-bee\/\"><span class=\"s1\">Dowiedz si\u0119 wi\u0119cej<\/span><\/a><\/p>\n<p>[\/vc_column_text][\/vc_column_inner][\/vc_row_inner][\/vc_column][\/vc_row]<\/p>\n","protected":false},"featured_media":14440,"template":"","categories":[56],"yoast_head":"<!-- This site is optimized with the Yoast SEO plugin v19.14 - https:\/\/yoast.com\/wordpress\/plugins\/seo\/ -->\n<title>Foxy Love the Bee - Foxy<\/title>\n<meta name=\"robots\" content=\"index, follow, max-snippet:-1, max-image-preview:large, max-video-preview:-1\" \/>\n<link rel=\"canonical\" href=\"https:\/\/www.foxy.eu\/pl\/produkty\/foxy-love-the-bee-papier-toaletowy\/\" \/>\n<meta property=\"og:locale\" content=\"pl_PL\" \/>\n<meta property=\"og:type\" content=\"article\" \/>\n<meta property=\"og:title\" content=\"Foxy Love the Bee - Foxy\" \/>\n<meta property=\"og:description\" content=\"[vc_row el_class=&#8221;caratteristiche_content&#8221;][vc_column width=&#8221;1\/2&#8243; offset=&#8221;vc_col-lg-offset-3 vc_col-lg-6 vc_col-md-offset-3 vc_col-md-6&#8243;][vc_column_text el_class=&#8221;subtitle_product&#8221;] Foxy Love the Bee \u2013 papier kt\u00f3ry kocha i chroni pszczo\u0142y! [\/vc_column_text][vc_column_text]Papier toaletowy \u201eFoxy Love the Bee\u201d gwarantuje tak\u0105 sam\u0105 jako\u015b\u0107 jak...\" \/>\n<meta property=\"og:url\" content=\"https:\/\/www.foxy.eu\/pl\/produkty\/foxy-love-the-bee-papier-toaletowy\/\" \/>\n<meta property=\"og:site_name\" content=\"Foxy\" \/>\n<meta property=\"article:publisher\" content=\"https:\/\/www.facebook.com\/Foxy.Italia\" \/>\n<meta property=\"article:modified_time\" content=\"2025-01-10T11:28:49+00:00\" \/>\n<meta property=\"og:image\" content=\"https:\/\/www.foxy.eu\/wp-content\/uploads\/2020\/08\/Lovethebee_cartaigienic_hero.png\" \/>\n\t<meta property=\"og:image:width\" content=\"960\" \/>\n\t<meta property=\"og:image:height\" content=\"565\" \/>\n\t<meta property=\"og:image:type\" content=\"image\/png\" \/>\n<meta name=\"twitter:card\" content=\"summary_large_image\" \/>\n<meta name=\"twitter:label1\" content=\"Est. reading time\" \/>\n\t<meta name=\"twitter:data1\" content=\"1 minuta\" \/>\n<script type=\"application\/ld+json\" class=\"yoast-schema-graph\">{\"@context\":\"https:\/\/schema.org\",\"@graph\":[{\"@type\":\"WebPage\",\"@id\":\"https:\/\/www.foxy.eu\/pl\/produkty\/foxy-love-the-bee-papier-toaletowy\/\",\"url\":\"https:\/\/www.foxy.eu\/pl\/produkty\/foxy-love-the-bee-papier-toaletowy\/\",\"name\":\"Foxy Love the Bee - Foxy\",\"isPartOf\":{\"@id\":\"https:\/\/www.foxy.eu\/#website\"},\"datePublished\":\"2023-10-23T12:57:08+00:00\",\"dateModified\":\"2025-01-10T11:28:49+00:00\",\"breadcrumb\":{\"@id\":\"https:\/\/www.foxy.eu\/pl\/produkty\/foxy-love-the-bee-papier-toaletowy\/#breadcrumb\"},\"inLanguage\":\"pl-PL\",\"potentialAction\":[{\"@type\":\"ReadAction\",\"target\":[\"https:\/\/www.foxy.eu\/pl\/produkty\/foxy-love-the-bee-papier-toaletowy\/\"]}]},{\"@type\":\"BreadcrumbList\",\"@id\":\"https:\/\/www.foxy.eu\/pl\/produkty\/foxy-love-the-bee-papier-toaletowy\/#breadcrumb\",\"itemListElement\":[{\"@type\":\"ListItem\",\"position\":1,\"name\":\"Home\",\"item\":\"https:\/\/www.foxy.eu\/pl\/\"},{\"@type\":\"ListItem\",\"position\":2,\"name\":\"Foxy Love the Bee\"}]},{\"@type\":\"WebSite\",\"@id\":\"https:\/\/www.foxy.eu\/#website\",\"url\":\"https:\/\/www.foxy.eu\/\",\"name\":\"Foxy\",\"description\":\"Un nuovo sito targato WordPress\",\"publisher\":{\"@id\":\"https:\/\/www.foxy.eu\/#organization\"},\"alternateName\":\"Scopri tutta la gamma di prodotti e iniziative Foxy. Abbiamo pensato a un mondo su misura per te.\",\"potentialAction\":[{\"@type\":\"SearchAction\",\"target\":{\"@type\":\"EntryPoint\",\"urlTemplate\":\"https:\/\/www.foxy.eu\/?s={search_term_string}\"},\"query-input\":\"required name=search_term_string\"}],\"inLanguage\":\"pl-PL\"},{\"@type\":\"Organization\",\"@id\":\"https:\/\/www.foxy.eu\/#organization\",\"name\":\"Foxy | Sempre vicina a te!\",\"alternateName\":\"Scopri tutta la gamma di prodotti e iniziative Foxy. Abbiamo pensato a un mondo su misura per te.\",\"url\":\"https:\/\/www.foxy.eu\/\",\"logo\":{\"@type\":\"ImageObject\",\"inLanguage\":\"pl-PL\",\"@id\":\"https:\/\/www.foxy.eu\/#\/schema\/logo\/image\/\",\"url\":\"https:\/\/enkaz3824io.exactdn.com\/wp-content\/uploads\/2020\/07\/hp_big_logo@2x.png?strip=all&lossy=1&ssl=1\",\"contentUrl\":\"https:\/\/enkaz3824io.exactdn.com\/wp-content\/uploads\/2020\/07\/hp_big_logo@2x.png?strip=all&lossy=1&ssl=1\",\"width\":518,\"height\":366,\"caption\":\"Foxy | Sempre vicina a te!\"},\"image\":{\"@id\":\"https:\/\/www.foxy.eu\/#\/schema\/logo\/image\/\"},\"sameAs\":[\"https:\/\/www.instagram.com\/foxy\/\",\"https:\/\/www.youtube.com\/channel\/UCpCfvrNg7u0O0jSeH9B9ygA\",\"https:\/\/www.facebook.com\/Foxy.Italia\"]}]}<\/script>\n<!-- \/ Yoast SEO plugin. -->","yoast_head_json":{"title":"Foxy Love the Bee - Foxy","robots":{"index":"index","follow":"follow","max-snippet":"max-snippet:-1","max-image-preview":"max-image-preview:large","max-video-preview":"max-video-preview:-1"},"canonical":"https:\/\/www.foxy.eu\/pl\/produkty\/foxy-love-the-bee-papier-toaletowy\/","og_locale":"pl_PL","og_type":"article","og_title":"Foxy Love the Bee - Foxy","og_description":"[vc_row el_class=&#8221;caratteristiche_content&#8221;][vc_column width=&#8221;1\/2&#8243; offset=&#8221;vc_col-lg-offset-3 vc_col-lg-6 vc_col-md-offset-3 vc_col-md-6&#8243;][vc_column_text el_class=&#8221;subtitle_product&#8221;] Foxy Love the Bee \u2013 papier kt\u00f3ry kocha i chroni pszczo\u0142y! [\/vc_column_text][vc_column_text]Papier toaletowy \u201eFoxy Love the Bee\u201d gwarantuje tak\u0105 sam\u0105 jako\u015b\u0107 jak...","og_url":"https:\/\/www.foxy.eu\/pl\/produkty\/foxy-love-the-bee-papier-toaletowy\/","og_site_name":"Foxy","article_publisher":"https:\/\/www.facebook.com\/Foxy.Italia","article_modified_time":"2025-01-10T11:28:49+00:00","og_image":[{"width":960,"height":565,"url":"https:\/\/www.foxy.eu\/wp-content\/uploads\/2020\/08\/Lovethebee_cartaigienic_hero.png","type":"image\/png"}],"twitter_card":"summary_large_image","twitter_misc":{"Est. reading time":"1 minuta"},"schema":{"@context":"https:\/\/schema.org","@graph":[{"@type":"WebPage","@id":"https:\/\/www.foxy.eu\/pl\/produkty\/foxy-love-the-bee-papier-toaletowy\/","url":"https:\/\/www.foxy.eu\/pl\/produkty\/foxy-love-the-bee-papier-toaletowy\/","name":"Foxy Love the Bee - Foxy","isPartOf":{"@id":"https:\/\/www.foxy.eu\/#website"},"datePublished":"2023-10-23T12:57:08+00:00","dateModified":"2025-01-10T11:28:49+00:00","breadcrumb":{"@id":"https:\/\/www.foxy.eu\/pl\/produkty\/foxy-love-the-bee-papier-toaletowy\/#breadcrumb"},"inLanguage":"pl-PL","potentialAction":[{"@type":"ReadAction","target":["https:\/\/www.foxy.eu\/pl\/produkty\/foxy-love-the-bee-papier-toaletowy\/"]}]},{"@type":"BreadcrumbList","@id":"https:\/\/www.foxy.eu\/pl\/produkty\/foxy-love-the-bee-papier-toaletowy\/#breadcrumb","itemListElement":[{"@type":"ListItem","position":1,"name":"Home","item":"https:\/\/www.foxy.eu\/pl\/"},{"@type":"ListItem","position":2,"name":"Foxy Love the Bee"}]},{"@type":"WebSite","@id":"https:\/\/www.foxy.eu\/#website","url":"https:\/\/www.foxy.eu\/","name":"Foxy","description":"Un nuovo sito targato WordPress","publisher":{"@id":"https:\/\/www.foxy.eu\/#organization"},"alternateName":"Scopri tutta la gamma di prodotti e iniziative Foxy. Abbiamo pensato a un mondo su misura per te.","potentialAction":[{"@type":"SearchAction","target":{"@type":"EntryPoint","urlTemplate":"https:\/\/www.foxy.eu\/?s={search_term_string}"},"query-input":"required name=search_term_string"}],"inLanguage":"pl-PL"},{"@type":"Organization","@id":"https:\/\/www.foxy.eu\/#organization","name":"Foxy | Sempre vicina a te!","alternateName":"Scopri tutta la gamma di prodotti e iniziative Foxy. Abbiamo pensato a un mondo su misura per te.","url":"https:\/\/www.foxy.eu\/","logo":{"@type":"ImageObject","inLanguage":"pl-PL","@id":"https:\/\/www.foxy.eu\/#\/schema\/logo\/image\/","url":"https:\/\/enkaz3824io.exactdn.com\/wp-content\/uploads\/2020\/07\/hp_big_logo@2x.png?strip=all&lossy=1&ssl=1","contentUrl":"https:\/\/enkaz3824io.exactdn.com\/wp-content\/uploads\/2020\/07\/hp_big_logo@2x.png?strip=all&lossy=1&ssl=1","width":518,"height":366,"caption":"Foxy | Sempre vicina a te!"},"image":{"@id":"https:\/\/www.foxy.eu\/#\/schema\/logo\/image\/"},"sameAs":["https:\/\/www.instagram.com\/foxy\/","https:\/\/www.youtube.com\/channel\/UCpCfvrNg7u0O0jSeH9B9ygA","https:\/\/www.facebook.com\/Foxy.Italia"]}]}},"_links":{"self":[{"href":"https:\/\/www.foxy.eu\/pl\/wp-json\/wp\/v2\/product\/14111"}],"collection":[{"href":"https:\/\/www.foxy.eu\/pl\/wp-json\/wp\/v2\/product"}],"about":[{"href":"https:\/\/www.foxy.eu\/pl\/wp-json\/wp\/v2\/types\/product"}],"version-history":[{"count":16,"href":"https:\/\/www.foxy.eu\/pl\/wp-json\/wp\/v2\/product\/14111\/revisions"}],"predecessor-version":[{"id":20688,"href":"https:\/\/www.foxy.eu\/pl\/wp-json\/wp\/v2\/product\/14111\/revisions\/20688"}],"wp:featuredmedia":[{"embeddable":true,"href":"https:\/\/www.foxy.eu\/pl\/wp-json\/wp\/v2\/media\/14440"}],"wp:attachment":[{"href":"https:\/\/www.foxy.eu\/pl\/wp-json\/wp\/v2\/media?parent=14111"}],"wp:term":[{"taxonomy":"category","embeddable":true,"href":"https:\/\/www.foxy.eu\/pl\/wp-json\/wp\/v2\/categories?post=14111"}],"curies":[{"name":"wp","href":"https:\/\/api.w.org\/{rel}","templated":true}]}}