
{"id":6987,"date":"2022-05-30T16:08:37","date_gmt":"2022-05-30T14:08:37","guid":{"rendered":"https:\/\/www.foxy.eu\/?page_id=6987"},"modified":"2022-06-14T17:22:21","modified_gmt":"2022-06-14T15:22:21","slug":"foxy-unicef","status":"publish","type":"page","link":"https:\/\/www.foxy.eu\/pl\/zaangazowaniefoxy\/foxy-unicef\/","title":{"rendered":"Foxy &#038; UNICEF"},"content":{"rendered":"<p>[vc_row full_width=&#8221;stretch_row_content&#8221; equal_height=&#8221;yes&#8221; content_placement=&#8221;middle&#8221; el_class=&#8221;sotto-hero&#8221;][vc_column width=&#8221;1\/3&#8243;]<div class=\" ubtn-ctn-left btn-freccia btn-freccia-back\"><a class=\"ubtn-link ult-adjust-bottom-margin ubtn-left ubtn-large btn-freccia btn-freccia-back\" href=\"https:\/\/www.foxy.eu\/pl\/swiat-foxy\/\" title=\"\u015awiat Foxy\" ><button type=\"button\" id=\"ubtn-6569\"  class=\"ubtn ult-adjust-bottom-margin ult-responsive ubtn-large ubtn-no-hover-bg  none  ubtn-left   tooltip-69e6e790d80ea\"  data-hover=\"\" data-border-color=\"\" data-bg=\"\" data-hover-bg=\"\" data-border-hover=\"\" data-shadow-hover=\"\" data-shadow-click=\"none\" data-shadow=\"\" data-shd-shadow=\"\"  data-ultimate-target='#ubtn-6569'  data-responsive-json-new='{\"font-size\":\"\",\"line-height\":\"\"}'  style=\"font-weight:normal;border:none;\"><span class=\"ubtn-hover\" style=\"background-color:\"><\/span><span class=\"ubtn-data ubtn-text \" >\u015awiat Foxy<\/span><\/button><\/a><\/div>[\/vc_column][vc_column width=&#8221;1\/3&#8243;][vc_single_image image=&#8221;5312&#8243; img_size=&#8221;full&#8221; alignment=&#8221;center&#8221; el_class=&#8221;logo-associazione&#8221;][\/vc_column][vc_column width=&#8221;1\/3&#8243;][\/vc_column][\/vc_row][vc_row el_class=&#8221;mbot60&#8243;][vc_column width=&#8221;5\/6&#8243; offset=&#8221;vc_col-lg-offset-2 vc_col-lg-8 vc_col-md-offset-2 vc_col-md-8 vc_col-sm-offset-1&#8243;][vc_column_text el_class=&#8221;text-center&#8221;]<\/p>\n<h2>Od 2009 roku Foxy wspiera UNICEF w niesieniu pomocy najbardziej potrzebuj\u0105cym dzieciom na \u015bwiecie.<\/h2>\n<p>[\/vc_column_text][\/vc_column][\/vc_row][vc_row equal_height=&#8221;yes&#8221; content_placement=&#8221;middle&#8221; el_class=&#8221;mbot100&#8243;][vc_column width=&#8221;1\/2&#8243;][vc_single_image image=&#8221;5320&#8243; img_size=&#8221;full&#8221; el_class=&#8221;img-radius img-shadow-basso-destra&#8221;][\/vc_column][vc_column width=&#8221;1\/2&#8243; offset=&#8221;vc_col-lg-offset-1 vc_col-lg-4&#8243;][vc_column_text]<\/p>\n<h3>Foxy &amp; UNICEF: d\u0142ugoletnia umowa o wsp\u00f3\u0142pracy<\/h3>\n<p>[\/vc_column_text][vc_column_text]<strong>Od 2000 roku we W\u0142oszech, a od 2009 roku w Polsce, Foxy wspiera UNICEF w niesieniu pomocy najbardziej potrzebuj\u0105cym dzieciom na \u015bwiecie.\u00a0<\/strong><\/p>\n<p>W tym czasie suma dotacji przekazanych przez Foxy dla UNICEF Polska wynios\u0142a <strong>2,92 miliona z\u0142otych<\/strong>.[\/vc_column_text][\/vc_column][\/vc_row][vc_row equal_height=&#8221;yes&#8221; content_placement=&#8221;middle&#8221; el_class=&#8221;mbot100&#8243;][vc_column width=&#8221;1\/2&#8243; offset=&#8221;vc_col-lg-offset-1 vc_col-lg-4 vc_col-md-offset-1 vc_col-md-5&#8243;][vc_column_text]<\/p>\n<h3>Od 2020 rami\u0119 w rami\u0119 przeciwko pandemii<\/h3>\n<p>[\/vc_column_text][vc_column_text]<span style=\"font-weight: 400;\">W ci\u0105gu ostatnich dw\u00f3ch lat ICT Poland, w\u0142a\u015bciciel marki Foxy, zaanga\u017cowa\u0142 si\u0119 w akcj\u0119 \u201e<\/span><b>Walka z koronawirusem<\/b><span style=\"font-weight: 400;\">\u201d, prowadzon\u0105 przez UNICEF Polska.\u00a0 <\/span><b>W 2020 roku firma przekaza\u0142a na ten cel 250 tysi\u0119cy z\u0142otych.<\/b><span style=\"font-weight: 400;\"> Za t\u0119 kwot\u0119, UNICEF m\u00f3g\u0142 zakupi\u0107 i przekaza\u0107 produkty humanitarne takie jak ponad <\/span><b>640 tysi\u0119cy myde\u0142 dla dzieci i ich rodzin z Malawi i Tanzanii, 900 zestaw\u00f3w ochronnych dla pracownik\u00f3w medycznych oraz 465 zestaw\u00f3w higienicznych, kt\u00f3re trafi\u0142y m.in. do Afganistanu, Burkina Faso, Haiti, Malezji, Nigru, Pakistanu, Sudanu czy Tanzanii<\/b><span style=\"font-weight: 400;\">.\u00a0<\/span><\/p>\n<p><span style=\"font-weight: 400;\">W latach 2021-2022 firma Foxy ponownie zdecydowa\u0142a si\u0119 wesprze\u0107 dzia\u0142ania UNICEF kwot\u0105 250 tysi\u0119cy z\u0142otych. <\/span><b>\u015arodki te pozwol\u0105 na wsparcie program\u00f3w szczepie\u0144 prowadzonych przez organizacj\u0119 w najubo\u017cszych krajach \u015bwiata.<\/b>[\/vc_column_text][\/vc_column][vc_column width=&#8221;1\/2&#8243; offset=&#8221;vc_col-lg-offset-2 vc_col-lg-4 vc_col-md-offset-1 vc_col-md-4&#8243; el_class=&#8221;box-sostieni box-unicef text-center&#8221;][vc_single_image image=&#8221;5330&#8243; img_size=&#8221;full&#8221; alignment=&#8221;center&#8221;][vc_column_text]<\/p>\n<h4>TY TE\u017b MO\u017bESZ POM\u00d3C<\/h4>\n<p>[\/vc_column_text][vc_column_text]Stowarzyszenie Polski Komitet Narodowy Funduszu Narod\u00f3w Zjednoczonych na Rzecz Dzieci &#8211; UNICEF.<\/p>\n<p>Adres: Aleja Wilanowska 317, 02-665 Warszawa<br \/>\nTel: (48 22) 568 03 00;<br \/>\nEmail: unicef@unicef.pl<br \/>\nNr konta: 15 1020 1013 0000 0102 0005 8362<br \/>\nhttps:\/\/unicef.pl\/[\/vc_column_text][\/vc_column][\/vc_row][vc_row full_width=&#8221;stretch_row_content_no_spaces&#8221;][vc_column][vc_single_image image=&#8221;7370&#8243; img_size=&#8221;full&#8221; alignment=&#8221;center&#8221; el_class=&#8221;hidden-xs hidden-sm&#8221;][vc_single_image image=&#8221;7375&#8243; img_size=&#8221;full&#8221; alignment=&#8221;center&#8221; el_class=&#8221;hidden-md hidden-lg hidden-xl&#8221;][\/vc_column][\/vc_row][vc_row el_class=&#8221;mtop100 mbot100&#8243;][vc_column offset=&#8221;vc_col-lg-offset-3 vc_col-lg-6 vc_col-md-offset-2 vc_col-md-8&#8243;][vc_column_text]<\/p>\n<h3>Zaanga\u017cowanie Foxy<\/h3>\n<p>[\/vc_column_text][vc_column_text]<span style=\"font-weight: 400;\">Pandemia COVID-19 spowodowa\u0142a znaczne ograniczenia w dost\u0119pie do us\u0142ug medycznych. Ponad 1\/3 pa\u0144stw na \u015bwiecie zg\u0142asza problem w realizacji kampanii rutynowych szczepie\u0144 przeciwko polio, odrze czy b\u0142onicy. <\/span><b>Darowizna przekazana przez Foxy przyczyni si\u0119 do mo\u017cliwo\u015bci przywr\u00f3cenia kampanii szczepie\u0144 w najbardziej potrzebuj\u0105cych regionach. <\/b><span style=\"font-weight: 400;\">Szczepienia to najprostsza, najta\u0144sza i najbardziej efektywna interwencja medyczna <\/span><b>ratuj\u0105ca \u017cycie dzieci na ca\u0142ym \u015bwiecie<\/b><span style=\"font-weight: 400;\">.<\/span>[\/vc_column_text][\/vc_column][\/vc_row][vc_row equal_height=&#8221;yes&#8221; el_class=&#8221;banner_schede&#8221;][vc_column offset=&#8221;vc_col-lg-offset-0 vc_col-md-offset-0&#8243;][vc_column_text el_class=&#8221;text-center title_mondo_foxy_related&#8221;]\u015awiat Foxy[\/vc_column_text][\/vc_column][vc_column width=&#8221;1\/3&#8243;][vc_single_image image=&#8221;5329&#8243; img_size=&#8221;full&#8221; alignment=&#8221;center&#8221; onclick=&#8221;custom_link&#8221; link=&#8221;https:\/\/www.foxy.eu\/pl\/swiat-foxy\/kampanie-prasowe\/&#8221;][vc_column_text el_class=&#8221;banner_schede_cta&#8221;]<a href=\"https:\/\/www.foxy.eu\/pl\/swiat-foxy\/kampanie-prasowe\/\">Kampanie Prasowe<\/a>[\/vc_column_text][\/vc_column][vc_column width=&#8221;1\/3&#8243; offset=&#8221;vc_col-lg-offset-0 vc_col-md-offset-0 vc_col-sm-offset-0&#8243;][vc_single_image image=&#8221;1412&#8243; img_size=&#8221;full&#8221; alignment=&#8221;center&#8221; onclick=&#8221;custom_link&#8221; link=&#8221;https:\/\/www.foxy.eu\/pl\/swiat-foxy\/foxy-w-telewizji\/&#8221;][vc_column_text el_class=&#8221;banner_schede_cta&#8221;]<a href=\"https:\/\/www.foxy.eu\/pl\/swiat-foxy\/foxy-w-telewizji\/\">Foxy w telewizji<\/a>[\/vc_column_text][\/vc_column][vc_column width=&#8221;1\/3&#8243;][vc_single_image image=&#8221;5323&#8243; img_size=&#8221;full&#8221; alignment=&#8221;center&#8221; onclick=&#8221;custom_link&#8221; link=&#8221;https:\/\/www.foxy.eu\/pl\/swiat-foxy\/historia\/&#8221;][vc_column_text el_class=&#8221;banner_schede_cta&#8221;]<a href=\"https:\/\/www.foxy.eu\/pl\/swiat-foxy\/historia\/\">Dawno, dawno temu by\u0142a sobie Lisiczka&#8230;<\/a>[\/vc_column_text][\/vc_column][\/vc_row]<\/p>\n","protected":false},"excerpt":{"rendered":"<p>[vc_row full_width=&#8221;stretch_row_content&#8221; equal_height=&#8221;yes&#8221; content_placement=&#8221;middle&#8221; el_class=&#8221;sotto-hero&#8221;][vc_column width=&#8221;1\/3&#8243;][\/vc_column][vc_column width=&#8221;1\/3&#8243;][vc_single_image image=&#8221;5312&#8243; img_size=&#8221;full&#8221; alignment=&#8221;center&#8221; el_class=&#8221;logo-associazione&#8221;][\/vc_column][vc_column width=&#8221;1\/3&#8243;][\/vc_column][\/vc_row][vc_row el_class=&#8221;mbot60&#8243;][vc_column width=&#8221;5\/6&#8243; offset=&#8221;vc_col-lg-offset-2 vc_col-lg-8 vc_col-md-offset-2 vc_col-md-8 vc_col-sm-offset-1&#8243;][vc_column_text el_class=&#8221;text-center&#8221;] Od 2009 roku Foxy wspiera UNICEF w niesieniu pomocy najbardziej&#8230;<\/p>\n","protected":false},"author":1,"featured_media":0,"parent":21081,"menu_order":0,"comment_status":"closed","ping_status":"closed","template":"template-page-mondo-foxy.php","meta":[],"categories":[],"tags":[],"yoast_head":"<!-- This site is optimized with the Yoast SEO plugin v19.14 - https:\/\/yoast.com\/wordpress\/plugins\/seo\/ -->\n<title>Foxy &amp; UNICEF - Foxy<\/title>\n<meta name=\"robots\" content=\"index, follow, max-snippet:-1, max-image-preview:large, max-video-preview:-1\" \/>\n<link rel=\"canonical\" href=\"https:\/\/www.foxy.eu\/pl\/swiat-foxy\/foxy-unicef\/\" \/>\n<meta property=\"og:locale\" content=\"pl_PL\" \/>\n<meta property=\"og:type\" content=\"article\" \/>\n<meta property=\"og:title\" content=\"Foxy &amp; UNICEF - Foxy\" \/>\n<meta property=\"og:description\" content=\"[vc_row full_width=&#8221;stretch_row_content&#8221; equal_height=&#8221;yes&#8221; content_placement=&#8221;middle&#8221; el_class=&#8221;sotto-hero&#8221;][vc_column width=&#8221;1\/3&#8243;][\/vc_column][vc_column width=&#8221;1\/3&#8243;][vc_single_image image=&#8221;5312&#8243; img_size=&#8221;full&#8221; alignment=&#8221;center&#8221; el_class=&#8221;logo-associazione&#8221;][\/vc_column][vc_column width=&#8221;1\/3&#8243;][\/vc_column][\/vc_row][vc_row el_class=&#8221;mbot60&#8243;][vc_column width=&#8221;5\/6&#8243; offset=&#8221;vc_col-lg-offset-2 vc_col-lg-8 vc_col-md-offset-2 vc_col-md-8 vc_col-sm-offset-1&#8243;][vc_column_text el_class=&#8221;text-center&#8221;] Od 2009 roku Foxy wspiera UNICEF w niesieniu pomocy najbardziej...\" \/>\n<meta property=\"og:url\" content=\"https:\/\/www.foxy.eu\/pl\/swiat-foxy\/foxy-unicef\/\" \/>\n<meta property=\"og:site_name\" content=\"Foxy\" \/>\n<meta property=\"article:publisher\" content=\"https:\/\/www.facebook.com\/Foxy.Italia\" \/>\n<meta property=\"article:modified_time\" content=\"2022-06-14T15:22:21+00:00\" \/>\n<meta name=\"twitter:card\" content=\"summary_large_image\" \/>\n<meta name=\"twitter:label1\" content=\"Est. reading time\" \/>\n\t<meta name=\"twitter:data1\" content=\"4 minuty\" \/>\n<script type=\"application\/ld+json\" class=\"yoast-schema-graph\">{\"@context\":\"https:\/\/schema.org\",\"@graph\":[{\"@type\":\"WebPage\",\"@id\":\"https:\/\/www.foxy.eu\/pl\/swiat-foxy\/foxy-unicef\/\",\"url\":\"https:\/\/www.foxy.eu\/pl\/swiat-foxy\/foxy-unicef\/\",\"name\":\"Foxy & UNICEF - Foxy\",\"isPartOf\":{\"@id\":\"https:\/\/www.foxy.eu\/#website\"},\"datePublished\":\"2022-05-30T14:08:37+00:00\",\"dateModified\":\"2022-06-14T15:22:21+00:00\",\"breadcrumb\":{\"@id\":\"https:\/\/www.foxy.eu\/pl\/swiat-foxy\/foxy-unicef\/#breadcrumb\"},\"inLanguage\":\"pl-PL\",\"potentialAction\":[{\"@type\":\"ReadAction\",\"target\":[\"https:\/\/www.foxy.eu\/pl\/swiat-foxy\/foxy-unicef\/\"]}]},{\"@type\":\"BreadcrumbList\",\"@id\":\"https:\/\/www.foxy.eu\/pl\/swiat-foxy\/foxy-unicef\/#breadcrumb\",\"itemListElement\":[{\"@type\":\"ListItem\",\"position\":1,\"name\":\"Home\",\"item\":\"https:\/\/www.foxy.eu\/pl\/\"},{\"@type\":\"ListItem\",\"position\":2,\"name\":\"\u015awiat Foxy\",\"item\":\"https:\/\/www.foxy.eu\/pl\/swiat-foxy\/\"},{\"@type\":\"ListItem\",\"position\":3,\"name\":\"Foxy &#038; UNICEF\"}]},{\"@type\":\"WebSite\",\"@id\":\"https:\/\/www.foxy.eu\/#website\",\"url\":\"https:\/\/www.foxy.eu\/\",\"name\":\"Foxy\",\"description\":\"Un nuovo sito targato WordPress\",\"publisher\":{\"@id\":\"https:\/\/www.foxy.eu\/#organization\"},\"alternateName\":\"Scopri tutta la gamma di prodotti e iniziative Foxy. Abbiamo pensato a un mondo su misura per te.\",\"potentialAction\":[{\"@type\":\"SearchAction\",\"target\":{\"@type\":\"EntryPoint\",\"urlTemplate\":\"https:\/\/www.foxy.eu\/?s={search_term_string}\"},\"query-input\":\"required name=search_term_string\"}],\"inLanguage\":\"pl-PL\"},{\"@type\":\"Organization\",\"@id\":\"https:\/\/www.foxy.eu\/#organization\",\"name\":\"Foxy | Sempre vicina a te!\",\"alternateName\":\"Scopri tutta la gamma di prodotti e iniziative Foxy. Abbiamo pensato a un mondo su misura per te.\",\"url\":\"https:\/\/www.foxy.eu\/\",\"logo\":{\"@type\":\"ImageObject\",\"inLanguage\":\"pl-PL\",\"@id\":\"https:\/\/www.foxy.eu\/#\/schema\/logo\/image\/\",\"url\":\"https:\/\/enkaz3824io.exactdn.com\/wp-content\/uploads\/2020\/07\/hp_big_logo@2x.png?strip=all&lossy=1&ssl=1\",\"contentUrl\":\"https:\/\/enkaz3824io.exactdn.com\/wp-content\/uploads\/2020\/07\/hp_big_logo@2x.png?strip=all&lossy=1&ssl=1\",\"width\":518,\"height\":366,\"caption\":\"Foxy | Sempre vicina a te!\"},\"image\":{\"@id\":\"https:\/\/www.foxy.eu\/#\/schema\/logo\/image\/\"},\"sameAs\":[\"https:\/\/www.instagram.com\/foxy\/\",\"https:\/\/www.youtube.com\/channel\/UCpCfvrNg7u0O0jSeH9B9ygA\",\"https:\/\/www.facebook.com\/Foxy.Italia\"]}]}<\/script>\n<!-- \/ Yoast SEO plugin. -->","yoast_head_json":{"title":"Foxy & UNICEF - Foxy","robots":{"index":"index","follow":"follow","max-snippet":"max-snippet:-1","max-image-preview":"max-image-preview:large","max-video-preview":"max-video-preview:-1"},"canonical":"https:\/\/www.foxy.eu\/pl\/swiat-foxy\/foxy-unicef\/","og_locale":"pl_PL","og_type":"article","og_title":"Foxy & UNICEF - Foxy","og_description":"[vc_row full_width=&#8221;stretch_row_content&#8221; equal_height=&#8221;yes&#8221; content_placement=&#8221;middle&#8221; el_class=&#8221;sotto-hero&#8221;][vc_column width=&#8221;1\/3&#8243;][\/vc_column][vc_column width=&#8221;1\/3&#8243;][vc_single_image image=&#8221;5312&#8243; img_size=&#8221;full&#8221; alignment=&#8221;center&#8221; el_class=&#8221;logo-associazione&#8221;][\/vc_column][vc_column width=&#8221;1\/3&#8243;][\/vc_column][\/vc_row][vc_row el_class=&#8221;mbot60&#8243;][vc_column width=&#8221;5\/6&#8243; offset=&#8221;vc_col-lg-offset-2 vc_col-lg-8 vc_col-md-offset-2 vc_col-md-8 vc_col-sm-offset-1&#8243;][vc_column_text el_class=&#8221;text-center&#8221;] Od 2009 roku Foxy wspiera UNICEF w niesieniu pomocy najbardziej...","og_url":"https:\/\/www.foxy.eu\/pl\/swiat-foxy\/foxy-unicef\/","og_site_name":"Foxy","article_publisher":"https:\/\/www.facebook.com\/Foxy.Italia","article_modified_time":"2022-06-14T15:22:21+00:00","twitter_card":"summary_large_image","twitter_misc":{"Est. reading time":"4 minuty"},"schema":{"@context":"https:\/\/schema.org","@graph":[{"@type":"WebPage","@id":"https:\/\/www.foxy.eu\/pl\/swiat-foxy\/foxy-unicef\/","url":"https:\/\/www.foxy.eu\/pl\/swiat-foxy\/foxy-unicef\/","name":"Foxy & UNICEF - Foxy","isPartOf":{"@id":"https:\/\/www.foxy.eu\/#website"},"datePublished":"2022-05-30T14:08:37+00:00","dateModified":"2022-06-14T15:22:21+00:00","breadcrumb":{"@id":"https:\/\/www.foxy.eu\/pl\/swiat-foxy\/foxy-unicef\/#breadcrumb"},"inLanguage":"pl-PL","potentialAction":[{"@type":"ReadAction","target":["https:\/\/www.foxy.eu\/pl\/swiat-foxy\/foxy-unicef\/"]}]},{"@type":"BreadcrumbList","@id":"https:\/\/www.foxy.eu\/pl\/swiat-foxy\/foxy-unicef\/#breadcrumb","itemListElement":[{"@type":"ListItem","position":1,"name":"Home","item":"https:\/\/www.foxy.eu\/pl\/"},{"@type":"ListItem","position":2,"name":"\u015awiat Foxy","item":"https:\/\/www.foxy.eu\/pl\/swiat-foxy\/"},{"@type":"ListItem","position":3,"name":"Foxy &#038; UNICEF"}]},{"@type":"WebSite","@id":"https:\/\/www.foxy.eu\/#website","url":"https:\/\/www.foxy.eu\/","name":"Foxy","description":"Un nuovo sito targato WordPress","publisher":{"@id":"https:\/\/www.foxy.eu\/#organization"},"alternateName":"Scopri tutta la gamma di prodotti e iniziative Foxy. Abbiamo pensato a un mondo su misura per te.","potentialAction":[{"@type":"SearchAction","target":{"@type":"EntryPoint","urlTemplate":"https:\/\/www.foxy.eu\/?s={search_term_string}"},"query-input":"required name=search_term_string"}],"inLanguage":"pl-PL"},{"@type":"Organization","@id":"https:\/\/www.foxy.eu\/#organization","name":"Foxy | Sempre vicina a te!","alternateName":"Scopri tutta la gamma di prodotti e iniziative Foxy. Abbiamo pensato a un mondo su misura per te.","url":"https:\/\/www.foxy.eu\/","logo":{"@type":"ImageObject","inLanguage":"pl-PL","@id":"https:\/\/www.foxy.eu\/#\/schema\/logo\/image\/","url":"https:\/\/enkaz3824io.exactdn.com\/wp-content\/uploads\/2020\/07\/hp_big_logo@2x.png?strip=all&lossy=1&ssl=1","contentUrl":"https:\/\/enkaz3824io.exactdn.com\/wp-content\/uploads\/2020\/07\/hp_big_logo@2x.png?strip=all&lossy=1&ssl=1","width":518,"height":366,"caption":"Foxy | Sempre vicina a te!"},"image":{"@id":"https:\/\/www.foxy.eu\/#\/schema\/logo\/image\/"},"sameAs":["https:\/\/www.instagram.com\/foxy\/","https:\/\/www.youtube.com\/channel\/UCpCfvrNg7u0O0jSeH9B9ygA","https:\/\/www.facebook.com\/Foxy.Italia"]}]}},"_links":{"self":[{"href":"https:\/\/www.foxy.eu\/pl\/wp-json\/wp\/v2\/pages\/6987"}],"collection":[{"href":"https:\/\/www.foxy.eu\/pl\/wp-json\/wp\/v2\/pages"}],"about":[{"href":"https:\/\/www.foxy.eu\/pl\/wp-json\/wp\/v2\/types\/page"}],"author":[{"embeddable":true,"href":"https:\/\/www.foxy.eu\/pl\/wp-json\/wp\/v2\/users\/1"}],"replies":[{"embeddable":true,"href":"https:\/\/www.foxy.eu\/pl\/wp-json\/wp\/v2\/comments?post=6987"}],"version-history":[{"count":12,"href":"https:\/\/www.foxy.eu\/pl\/wp-json\/wp\/v2\/pages\/6987\/revisions"}],"predecessor-version":[{"id":7719,"href":"https:\/\/www.foxy.eu\/pl\/wp-json\/wp\/v2\/pages\/6987\/revisions\/7719"}],"up":[{"embeddable":true,"href":"https:\/\/www.foxy.eu\/pl\/wp-json\/wp\/v2\/pages\/21081"}],"wp:attachment":[{"href":"https:\/\/www.foxy.eu\/pl\/wp-json\/wp\/v2\/media?parent=6987"}],"wp:term":[{"taxonomy":"category","embeddable":true,"href":"https:\/\/www.foxy.eu\/pl\/wp-json\/wp\/v2\/categories?post=6987"},{"taxonomy":"post_tag","embeddable":true,"href":"https:\/\/www.foxy.eu\/pl\/wp-json\/wp\/v2\/tags?post=6987"}],"curies":[{"name":"wp","href":"https:\/\/api.w.org\/{rel}","templated":true}]}}