
{"id":6378,"date":"2022-05-25T15:11:27","date_gmt":"2022-05-25T13:11:27","guid":{"rendered":"https:\/\/www.foxy.eu\/?page_id=6378"},"modified":"2022-06-20T14:33:07","modified_gmt":"2022-06-20T12:33:07","slug":"widget-faq-chusteczk-kosmetyczne","status":"publish","type":"page","link":"https:\/\/www.foxy.eu\/pl\/widget-faq-chusteczk-kosmetyczne\/","title":{"rendered":"Widget Faq Chusteczk Kosmetyczne"},"content":{"rendered":"<p>[vc_row el_id=&#8221;faq_fazzoletti_scatola&#8221;][vc_column width=&#8221;2\/3&#8243; offset=&#8221;vc_col-lg-offset-2 vc_col-md-offset-2&#8243;][vc_column_text el_class=&#8221;title_category_faq&#8221;]Chusteczk Kosmetyczne[\/vc_column_text][vc_row_inner el_class=&#8221;faq_evidenza&#8221;][vc_column_inner width=&#8221;2\/2&#8243;][vc_column_text el_class=&#8221;faq_evidenza_title&#8221;]<img decoding=\"async\" class=\"alignnone size-full wp-image-1077\" src=\"https:\/\/enkaz3824io.exactdn.com\/wp-content\/uploads\/2020\/09\/faq_evidenza@2x.png?strip=all&lossy=1&resize=63%2C63&ssl=1\" alt=\"\" width=\"63\" height=\"63\" \/>[\/vc_column_text][\/vc_column_inner][vc_column_inner width=&#8221;1\/2&#8243;][vc_column_text el_class=&#8221;faq_evidenza_domanda&#8221;]Czy mog\u0119 u\u017cywa\u0107 chusteczki zamiast papieru toaletowego?[\/vc_column_text][\/vc_column_inner][vc_column_inner width=&#8221;1\/2&#8243;][vc_column_text el_class=&#8221;faq_evidenza_risposta&#8221;]Absolutnie nie zaleca si\u0119 wrzucania chusteczek do toalety. Tylko papier toaletowy, zaprojektowany i przetestowany tak, aby szybko rozpuszcza\u0142 si\u0119 w kontakcie z wod\u0105, mo\u017cna wrzuca\u0107 do toalety, co zapobiega jej zapychaniu si\u0119.[\/vc_column_text][\/vc_column_inner][\/vc_row_inner][vc_row_inner el_class=&#8221;lista-faq&#8221;][vc_column_inner][vc_toggle title=&#8221;Jaki rodzaj celulozy jest u\u017cywany do produkcji chusteczek Foxy?&#8221;]Wszystkie produkty Foxy s\u0105 produkowane ze 100% czystej celulozy z certyfikowanych las\u00f3w i kontrolowanych \u017ar\u00f3de\u0142.<br \/>\nWszystkie chusteczki Foxy s\u0105 produkowane z czystej celulozy z las\u00f3w certyfikowanych przez FSC. FSC (Forest Stewardship Council) to mi\u0119dzynarodowa pozarz\u0105dowa organizacja non-profit, kt\u00f3ra promuje odpowiedzialn\u0105 gospodark\u0119 le\u015bn\u0105 na ca\u0142ym \u015bwiecie.[\/vc_toggle][vc_toggle title=&#8221;Jak mog\u0119 pozby\u0107 si\u0119 opakowa\u0144 chusteczek Foxy?&#8221;]Opakowania chusteczek mo\u017cna wrzuci\u0107 do papieru, uwa\u017caj\u0105c, aby zdj\u0105\u0107 wewn\u0119trzn\u0105 klapk\u0119, kt\u00f3r\u0105 nale\u017cy wrzuci\u0107 do plastiku.[\/vc_toggle][vc_toggle title=&#8221;Czy papier Foxy poddawany jest procesowi wybielania?&#8221;]Celuloza sk\u0142ada si\u0119 jest z w\u0142\u00f3kien pierwotnych, kt\u00f3re poddawane s\u0105 przez dostawc\u00f3w procesowi bielenia bez u\u017cycia chloru.<\/p>\n<p>Ca\u0142a stosowana celuloza jest r\u00f3wnie\u017c certyfikowana zgodnie z g\u0142\u00f3wnymi normami dotycz\u0105cymi pochodzenia las\u00f3w i odpowiedzialnego zarz\u0105dzania nimi.[\/vc_toggle][vc_toggle title=&#8221;Czy podczas tworzenia produkt\u00f3w Foxy przeprowadzono jakiekolwiek testy na zwierz\u0119tach?&#8221;]Podczas tworzenia produkt\u00f3w Foxy nie przeprowadzono \u017cadnych test\u00f3w na zwierz\u0119tach.[\/vc_toggle][vc_toggle title=&#8221;Gdzie mog\u0119 wyrzuci\u0107 chusteczki po ich u\u017cyciu?&#8221;]Zu\u017cyt\u0105 chusteczk\u0119, w tym chusteczki do nosa mo\u017cna wrzuci\u0107 do odpad\u00f3w organicznych.[\/vc_toggle][vc_toggle title=&#8221;Czy mog\u0119 u\u017cy\u0107 chusteczek do makija\u017cu?&#8221;]<b><span style=\"font-weight: 400;\">Chusteczki s\u0105 idealnym sprzymierze\u0144cem w codziennej piel\u0119gnacji, w domu i poza domem:\u00a0<\/span><\/b><\/p>\n<ul>\n<li aria-level=\"1\"><span style=\"font-weight: 400;\">Ma\u0142o czasu na na\u0142o\u017cenie? Nie rezygnuj z kremu nawil\u017caj\u0105cego, na\u0142\u00f3\u017c go i usu\u0144 nadmiar delikatnie wycieraj\u0105c\u00a0chusteczk\u0105, wyschnie w mgnieniu oka<\/span><\/li>\n<\/ul>\n<ul>\n<li aria-level=\"1\"><span style=\"font-weight: 400;\">Makija\u017c typu smokey-eye? Umie\u015b\u0107 chusteczk\u0119 pod oczami podczas rozprowadzania cienia, osad spadnie na chusteczk\u0119 i unikniesz w ten spos\u00f3b zabrudzenia<\/span><\/li>\n<\/ul>\n<ul>\n<li aria-level=\"1\"><span style=\"font-weight: 400;\">D\u0142ugotrwa\u0142a szminka? Na\u0142\u00f3\u017c warstw\u0119 szminki, na\u0142\u00f3\u017c chusteczk\u0119 i rozprowad\u017a p\u0119dzlem do pudru, gwarantowana trwa\u0142o\u015b\u0107<\/span><\/li>\n<\/ul>\n<ul>\n<li aria-level=\"1\"><span style=\"font-weight: 400;\">A kiedy tusz do rz\u0119s jest nie na swoim miejscu? We\u017a chusteczk\u0119 i usu\u0144 nieestetyczne smugi<\/span><\/li>\n<\/ul>\n<ul>\n<li aria-level=\"1\"><span style=\"font-weight: 400;\">Masz do\u015b\u0107 makija\u017cu? Nalej troch\u0119 wody micelarnej lub ulubionego \u015brodka do mycia na chusteczk\u0119 i usu\u0144 makija\u017c<\/span><\/li>\n<\/ul>\n<p>[\/vc_toggle][vc_toggle title=&#8221;Czy mog\u0119 u\u017cywa\u0107 chusteczek do kontaktu z \u017cywno\u015bci\u0105?&#8221;]Wszystkie chusteczki Foxy, a tak\u017ce chusteczki do nosa s\u0105 testowane pod k\u0105tem przydatno\u015bci do kontaktu z \u017cywno\u015bci\u0105. Poza domem doskonale nadaj\u0105 si\u0119 do suszenia przek\u0105sek takich jak owoce i warzywa lub jako podk\u0142adka na lunch w biurze.[\/vc_toggle][vc_toggle title=&#8221;Co oznacza napis \u201eKlinicznie testowane\u201d na opakowaniu chusteczek Foxy?&#8221;]Obecno\u015b\u0107 ikony \u201e<strong>Klinicznie testowane<\/strong>\u201d na opakowaniach chusteczek Foxy gwarantuje, \u017ce nadaj\u0105 si\u0119 do kontaktu ze wszystkimi rodzajami sk\u00f3ry, s\u0105 ca\u0142kowicie bezpieczne do stosowania, co gwarantuj\u0105 rygorystyczne testy przeprowadzane w wykwalifikowanych laboratoriach.[\/vc_toggle][vc_toggle title=&#8221;Czy mog\u0119 u\u017cy\u0107 chusteczki do zmiany pieluszki mojego dziecka?&#8221;]Wszystkie chusteczki Foxy\u00a0 s\u0105 testowane klinicznie: ich przydatno\u015b\u0107 do kontaktu ze wszystkimi rodzajami sk\u00f3ry, nawet najbardziej wra\u017cliw\u0105 i dzieci\u0119c\u0105, gwarantuj\u0105 rygorystyczne testy przeprowadzane w wykwalifikowanych laboratoriach.[\/vc_toggle][\/vc_column_inner][\/vc_row_inner][\/vc_column][\/vc_row]<\/p>\n","protected":false},"excerpt":{"rendered":"<p>[vc_row el_id=&#8221;faq_fazzoletti_scatola&#8221;][vc_column width=&#8221;2\/3&#8243; offset=&#8221;vc_col-lg-offset-2 vc_col-md-offset-2&#8243;][vc_column_text el_class=&#8221;title_category_faq&#8221;]Chusteczk Kosmetyczne[\/vc_column_text][vc_row_inner el_class=&#8221;faq_evidenza&#8221;][vc_column_inner width=&#8221;2\/2&#8243;][vc_column_text el_class=&#8221;faq_evidenza_title&#8221;][\/vc_column_text][\/vc_column_inner][vc_column_inner width=&#8221;1\/2&#8243;][vc_column_text el_class=&#8221;faq_evidenza_domanda&#8221;]Czy mog\u0119 u\u017cywa\u0107 chusteczki zamiast papieru toaletowego?[\/vc_column_text][\/vc_column_inner][vc_column_inner width=&#8221;1\/2&#8243;][vc_column_text el_class=&#8221;faq_evidenza_risposta&#8221;]Absolutnie nie zaleca si\u0119 wrzucania chusteczek do toalety. Tylko papier toaletowy,&#8230;<\/p>\n","protected":false},"author":1,"featured_media":0,"parent":0,"menu_order":0,"comment_status":"closed","ping_status":"closed","template":"","meta":[],"categories":[],"tags":[],"yoast_head":"<!-- This site is optimized with the Yoast SEO plugin v19.14 - https:\/\/yoast.com\/wordpress\/plugins\/seo\/ -->\n<title>Widget Faq Chusteczk Kosmetyczne - Foxy<\/title>\n<meta name=\"robots\" content=\"noindex, nofollow\" \/>\n<meta property=\"og:locale\" content=\"pl_PL\" \/>\n<meta property=\"og:type\" content=\"article\" \/>\n<meta property=\"og:title\" content=\"Widget Faq Chusteczk Kosmetyczne - Foxy\" \/>\n<meta property=\"og:description\" content=\"[vc_row el_id=&#8221;faq_fazzoletti_scatola&#8221;][vc_column width=&#8221;2\/3&#8243; offset=&#8221;vc_col-lg-offset-2 vc_col-md-offset-2&#8243;][vc_column_text el_class=&#8221;title_category_faq&#8221;]Chusteczk Kosmetyczne[\/vc_column_text][vc_row_inner el_class=&#8221;faq_evidenza&#8221;][vc_column_inner width=&#8221;2\/2&#8243;][vc_column_text el_class=&#8221;faq_evidenza_title&#8221;][\/vc_column_text][\/vc_column_inner][vc_column_inner width=&#8221;1\/2&#8243;][vc_column_text el_class=&#8221;faq_evidenza_domanda&#8221;]Czy mog\u0119 u\u017cywa\u0107 chusteczki zamiast papieru toaletowego?[\/vc_column_text][\/vc_column_inner][vc_column_inner width=&#8221;1\/2&#8243;][vc_column_text el_class=&#8221;faq_evidenza_risposta&#8221;]Absolutnie nie zaleca si\u0119 wrzucania chusteczek do toalety. Tylko papier toaletowy,...\" \/>\n<meta property=\"og:url\" content=\"https:\/\/www.foxy.eu\/pl\/widget-faq-chusteczk-kosmetyczne\/\" \/>\n<meta property=\"og:site_name\" content=\"Foxy\" \/>\n<meta property=\"article:publisher\" content=\"https:\/\/www.facebook.com\/Foxy.Italia\" \/>\n<meta property=\"article:modified_time\" content=\"2022-06-20T12:33:07+00:00\" \/>\n<meta property=\"og:image\" content=\"https:\/\/www.foxy.eu\/wp-content\/uploads\/2020\/09\/faq_evidenza@2x.png\" \/>\n<meta name=\"twitter:card\" content=\"summary_large_image\" \/>\n<meta name=\"twitter:label1\" content=\"Est. reading time\" \/>\n\t<meta name=\"twitter:data1\" content=\"3 minuty\" \/>\n<script type=\"application\/ld+json\" class=\"yoast-schema-graph\">{\"@context\":\"https:\/\/schema.org\",\"@graph\":[{\"@type\":\"WebPage\",\"@id\":\"https:\/\/www.foxy.eu\/pl\/widget-faq-chusteczk-kosmetyczne\/\",\"url\":\"https:\/\/www.foxy.eu\/pl\/widget-faq-chusteczk-kosmetyczne\/\",\"name\":\"Widget Faq Chusteczk Kosmetyczne - Foxy\",\"isPartOf\":{\"@id\":\"https:\/\/www.foxy.eu\/#website\"},\"datePublished\":\"2022-05-25T13:11:27+00:00\",\"dateModified\":\"2022-06-20T12:33:07+00:00\",\"breadcrumb\":{\"@id\":\"https:\/\/www.foxy.eu\/pl\/widget-faq-chusteczk-kosmetyczne\/#breadcrumb\"},\"inLanguage\":\"pl-PL\",\"potentialAction\":[{\"@type\":\"ReadAction\",\"target\":[\"https:\/\/www.foxy.eu\/pl\/widget-faq-chusteczk-kosmetyczne\/\"]}]},{\"@type\":\"BreadcrumbList\",\"@id\":\"https:\/\/www.foxy.eu\/pl\/widget-faq-chusteczk-kosmetyczne\/#breadcrumb\",\"itemListElement\":[{\"@type\":\"ListItem\",\"position\":1,\"name\":\"Home\",\"item\":\"https:\/\/www.foxy.eu\/pl\/\"},{\"@type\":\"ListItem\",\"position\":2,\"name\":\"Widget Faq Chusteczk Kosmetyczne\"}]},{\"@type\":\"WebSite\",\"@id\":\"https:\/\/www.foxy.eu\/#website\",\"url\":\"https:\/\/www.foxy.eu\/\",\"name\":\"Foxy\",\"description\":\"Un nuovo sito targato WordPress\",\"publisher\":{\"@id\":\"https:\/\/www.foxy.eu\/#organization\"},\"alternateName\":\"Scopri tutta la gamma di prodotti e iniziative Foxy. Abbiamo pensato a un mondo su misura per te.\",\"potentialAction\":[{\"@type\":\"SearchAction\",\"target\":{\"@type\":\"EntryPoint\",\"urlTemplate\":\"https:\/\/www.foxy.eu\/?s={search_term_string}\"},\"query-input\":\"required name=search_term_string\"}],\"inLanguage\":\"pl-PL\"},{\"@type\":\"Organization\",\"@id\":\"https:\/\/www.foxy.eu\/#organization\",\"name\":\"Foxy | Sempre vicina a te!\",\"alternateName\":\"Scopri tutta la gamma di prodotti e iniziative Foxy. Abbiamo pensato a un mondo su misura per te.\",\"url\":\"https:\/\/www.foxy.eu\/\",\"logo\":{\"@type\":\"ImageObject\",\"inLanguage\":\"pl-PL\",\"@id\":\"https:\/\/www.foxy.eu\/#\/schema\/logo\/image\/\",\"url\":\"https:\/\/enkaz3824io.exactdn.com\/wp-content\/uploads\/2020\/07\/hp_big_logo@2x.png?strip=all&lossy=1&ssl=1\",\"contentUrl\":\"https:\/\/enkaz3824io.exactdn.com\/wp-content\/uploads\/2020\/07\/hp_big_logo@2x.png?strip=all&lossy=1&ssl=1\",\"width\":518,\"height\":366,\"caption\":\"Foxy | Sempre vicina a te!\"},\"image\":{\"@id\":\"https:\/\/www.foxy.eu\/#\/schema\/logo\/image\/\"},\"sameAs\":[\"https:\/\/www.instagram.com\/foxy\/\",\"https:\/\/www.youtube.com\/channel\/UCpCfvrNg7u0O0jSeH9B9ygA\",\"https:\/\/www.facebook.com\/Foxy.Italia\"]}]}<\/script>\n<!-- \/ Yoast SEO plugin. -->","yoast_head_json":{"title":"Widget Faq Chusteczk Kosmetyczne - Foxy","robots":{"index":"noindex","follow":"nofollow"},"og_locale":"pl_PL","og_type":"article","og_title":"Widget Faq Chusteczk Kosmetyczne - Foxy","og_description":"[vc_row el_id=&#8221;faq_fazzoletti_scatola&#8221;][vc_column width=&#8221;2\/3&#8243; offset=&#8221;vc_col-lg-offset-2 vc_col-md-offset-2&#8243;][vc_column_text el_class=&#8221;title_category_faq&#8221;]Chusteczk Kosmetyczne[\/vc_column_text][vc_row_inner el_class=&#8221;faq_evidenza&#8221;][vc_column_inner width=&#8221;2\/2&#8243;][vc_column_text el_class=&#8221;faq_evidenza_title&#8221;][\/vc_column_text][\/vc_column_inner][vc_column_inner width=&#8221;1\/2&#8243;][vc_column_text el_class=&#8221;faq_evidenza_domanda&#8221;]Czy mog\u0119 u\u017cywa\u0107 chusteczki zamiast papieru toaletowego?[\/vc_column_text][\/vc_column_inner][vc_column_inner width=&#8221;1\/2&#8243;][vc_column_text el_class=&#8221;faq_evidenza_risposta&#8221;]Absolutnie nie zaleca si\u0119 wrzucania chusteczek do toalety. Tylko papier toaletowy,...","og_url":"https:\/\/www.foxy.eu\/pl\/widget-faq-chusteczk-kosmetyczne\/","og_site_name":"Foxy","article_publisher":"https:\/\/www.facebook.com\/Foxy.Italia","article_modified_time":"2022-06-20T12:33:07+00:00","og_image":[{"url":"https:\/\/www.foxy.eu\/wp-content\/uploads\/2020\/09\/faq_evidenza@2x.png"}],"twitter_card":"summary_large_image","twitter_misc":{"Est. reading time":"3 minuty"},"schema":{"@context":"https:\/\/schema.org","@graph":[{"@type":"WebPage","@id":"https:\/\/www.foxy.eu\/pl\/widget-faq-chusteczk-kosmetyczne\/","url":"https:\/\/www.foxy.eu\/pl\/widget-faq-chusteczk-kosmetyczne\/","name":"Widget Faq Chusteczk Kosmetyczne - Foxy","isPartOf":{"@id":"https:\/\/www.foxy.eu\/#website"},"datePublished":"2022-05-25T13:11:27+00:00","dateModified":"2022-06-20T12:33:07+00:00","breadcrumb":{"@id":"https:\/\/www.foxy.eu\/pl\/widget-faq-chusteczk-kosmetyczne\/#breadcrumb"},"inLanguage":"pl-PL","potentialAction":[{"@type":"ReadAction","target":["https:\/\/www.foxy.eu\/pl\/widget-faq-chusteczk-kosmetyczne\/"]}]},{"@type":"BreadcrumbList","@id":"https:\/\/www.foxy.eu\/pl\/widget-faq-chusteczk-kosmetyczne\/#breadcrumb","itemListElement":[{"@type":"ListItem","position":1,"name":"Home","item":"https:\/\/www.foxy.eu\/pl\/"},{"@type":"ListItem","position":2,"name":"Widget Faq Chusteczk Kosmetyczne"}]},{"@type":"WebSite","@id":"https:\/\/www.foxy.eu\/#website","url":"https:\/\/www.foxy.eu\/","name":"Foxy","description":"Un nuovo sito targato WordPress","publisher":{"@id":"https:\/\/www.foxy.eu\/#organization"},"alternateName":"Scopri tutta la gamma di prodotti e iniziative Foxy. Abbiamo pensato a un mondo su misura per te.","potentialAction":[{"@type":"SearchAction","target":{"@type":"EntryPoint","urlTemplate":"https:\/\/www.foxy.eu\/?s={search_term_string}"},"query-input":"required name=search_term_string"}],"inLanguage":"pl-PL"},{"@type":"Organization","@id":"https:\/\/www.foxy.eu\/#organization","name":"Foxy | Sempre vicina a te!","alternateName":"Scopri tutta la gamma di prodotti e iniziative Foxy. Abbiamo pensato a un mondo su misura per te.","url":"https:\/\/www.foxy.eu\/","logo":{"@type":"ImageObject","inLanguage":"pl-PL","@id":"https:\/\/www.foxy.eu\/#\/schema\/logo\/image\/","url":"https:\/\/enkaz3824io.exactdn.com\/wp-content\/uploads\/2020\/07\/hp_big_logo@2x.png?strip=all&lossy=1&ssl=1","contentUrl":"https:\/\/enkaz3824io.exactdn.com\/wp-content\/uploads\/2020\/07\/hp_big_logo@2x.png?strip=all&lossy=1&ssl=1","width":518,"height":366,"caption":"Foxy | Sempre vicina a te!"},"image":{"@id":"https:\/\/www.foxy.eu\/#\/schema\/logo\/image\/"},"sameAs":["https:\/\/www.instagram.com\/foxy\/","https:\/\/www.youtube.com\/channel\/UCpCfvrNg7u0O0jSeH9B9ygA","https:\/\/www.facebook.com\/Foxy.Italia"]}]}},"_links":{"self":[{"href":"https:\/\/www.foxy.eu\/pl\/wp-json\/wp\/v2\/pages\/6378"}],"collection":[{"href":"https:\/\/www.foxy.eu\/pl\/wp-json\/wp\/v2\/pages"}],"about":[{"href":"https:\/\/www.foxy.eu\/pl\/wp-json\/wp\/v2\/types\/page"}],"author":[{"embeddable":true,"href":"https:\/\/www.foxy.eu\/pl\/wp-json\/wp\/v2\/users\/1"}],"replies":[{"embeddable":true,"href":"https:\/\/www.foxy.eu\/pl\/wp-json\/wp\/v2\/comments?post=6378"}],"version-history":[{"count":7,"href":"https:\/\/www.foxy.eu\/pl\/wp-json\/wp\/v2\/pages\/6378\/revisions"}],"predecessor-version":[{"id":7872,"href":"https:\/\/www.foxy.eu\/pl\/wp-json\/wp\/v2\/pages\/6378\/revisions\/7872"}],"wp:attachment":[{"href":"https:\/\/www.foxy.eu\/pl\/wp-json\/wp\/v2\/media?parent=6378"}],"wp:term":[{"taxonomy":"category","embeddable":true,"href":"https:\/\/www.foxy.eu\/pl\/wp-json\/wp\/v2\/categories?post=6378"},{"taxonomy":"post_tag","embeddable":true,"href":"https:\/\/www.foxy.eu\/pl\/wp-json\/wp\/v2\/tags?post=6378"}],"curies":[{"name":"wp","href":"https:\/\/api.w.org\/{rel}","templated":true}]}}