
{"id":6375,"date":"2022-05-30T10:35:45","date_gmt":"2022-05-30T08:35:45","guid":{"rendered":"https:\/\/www.foxy.eu\/?page_id=6375"},"modified":"2022-06-20T10:28:55","modified_gmt":"2022-06-20T08:28:55","slug":"widget-faq-chusteczki-higieniczne","status":"publish","type":"page","link":"https:\/\/www.foxy.eu\/pl\/widget-faq-chusteczki-higieniczne\/","title":{"rendered":"Widget Faq Chusteczki Higieniczne"},"content":{"rendered":"<p>[vc_row el_id=&#8221;faq_fazzoletti&#8221;][vc_column width=&#8221;2\/3&#8243; offset=&#8221;vc_col-lg-offset-2 vc_col-md-offset-2&#8243;][vc_column_text el_class=&#8221;title_category_faq&#8221;]Chusteczki Higieniczne[\/vc_column_text][vc_row_inner el_class=&#8221;faq_evidenza&#8221;][vc_column_inner width=&#8221;2\/2&#8243;][vc_column_text el_class=&#8221;faq_evidenza_title&#8221;]<img decoding=\"async\" class=\"alignnone size-full wp-image-1077\" src=\"https:\/\/enkaz3824io.exactdn.com\/wp-content\/uploads\/2020\/09\/faq_evidenza@2x.png?strip=all&lossy=1&resize=63%2C63&ssl=1\" alt=\"\" width=\"63\" height=\"63\" \/>[\/vc_column_text][\/vc_column_inner][vc_column_inner width=&#8221;1\/2&#8243;][vc_column_text el_class=&#8221;faq_evidenza_domanda&#8221;]Jaki rodzaj celulozy jest u\u017cywany do produkcji chusteczek Foxy?[\/vc_column_text][\/vc_column_inner][vc_column_inner width=&#8221;1\/2&#8243;][vc_column_text el_class=&#8221;faq_evidenza_risposta&#8221;]Wszystkie produkty Foxy s\u0105 produkowane ze 100% czystej celulozy z certyfikowanych las\u00f3w i kontrolowanych \u017ar\u00f3de\u0142.<br \/>\nWszystkie chusteczki Foxy s\u0105 produkowane z czystej celulozy z las\u00f3w certyfikowanych przez FSC. FSC (Forest Stewardship Council) to mi\u0119dzynarodowa pozarz\u0105dowa organizacja non-profit, kt\u00f3ra promuje odpowiedzialn\u0105 gospodark\u0119 le\u015bn\u0105 na ca\u0142ym \u015bwiecie.<br \/>\nAby dowiedzie\u0107 si\u0119 wi\u0119cej, odwied\u017a sekcj\u0119 Zr\u00f3wnowa\u017cony rozw\u00f3j i certyfikaty..[\/vc_column_text][\/vc_column_inner][\/vc_row_inner][vc_row_inner el_class=&#8221;lista-faq&#8221;][vc_column_inner][vc_toggle title=&#8221;Jak mog\u0119 pozby\u0107 si\u0119 opakowa\u0144 chusteczek Foxy?&#8221;]Wszystkie opakowania chusteczek Foxy nadaj\u0105 si\u0119 w 100% do recyklingu i mo\u017cna je wyrzuci\u0107 do pojemnik\u00f3w na plastik.[\/vc_toggle][vc_toggle title=&#8221;Czy papier Foxy poddawany jest procesowi wybielania?&#8221;]Celuloza sk\u0142ada si\u0119 z w\u0142\u00f3kien pierwotnych, kt\u00f3re poddawane s\u0105 przez dostawc\u00f3w procesowi bielenia bez u\u017cycia chloru.<\/p>\n<p>Ca\u0142a stosowana celuloza jest r\u00f3wnie\u017c certyfikowana zgodnie z g\u0142\u00f3wnymi normami dotycz\u0105cymi pochodzenia las\u00f3w i odpowiedzialnego zarz\u0105dzania nimi.[\/vc_toggle][vc_toggle title=&#8221;Czy podczas tworzenia produkt\u00f3w Foxy przeprowadzono jakiekolwiek testy na zwierz\u0119tach?&#8221;]Podczas tworzenia produkt\u00f3w Foxy nie przeprowadzono \u017cadnych test\u00f3w na zwierz\u0119tach.[\/vc_toggle][vc_toggle title=&#8221;Gdzie mog\u0119 wyrzuci\u0107 zu\u017cyte chusteczki?&#8221;]Zu\u017cyte chusteczki mo\u017cna wyrzuci\u0107 do odpad\u00f3w organicznych.<br \/>\nWarto jednak zapozna\u0107 si\u0119 z przepisami obowi\u0105zuj\u0105cymi w Twojej gminie zamieszkania.[\/vc_toggle][vc_toggle title=&#8221;Co oznacza napis \u201eKlinicznie testowane\u201d na opakowaniu chusteczek Foxy?&#8221;]Obecno\u015b\u0107 ikony \u201eKlinicznie testowane\u201d na opakowaniach chusteczek Foxy gwarantuje, \u017ce nadaj\u0105 si\u0119 do kontaktu ze wszystkimi rodzajami sk\u00f3ry, s\u0105 ca\u0142kowicie bezpieczne do stosowania, co gwarantuj\u0105 rygorystyczne testy przeprowadzane w wykwalifikowanych laboratoriach.[\/vc_toggle][vc_toggle title=&#8221;Czy alergicy mog\u0105 u\u017cywa\u0107 chusteczek Foxy?&#8221;]<span style=\"font-weight: 400;\">Wszystkie chusteczki Foxy s\u0105 hipoalergiczne, co minimalizuje ryzyko alergii.<\/span><\/p>\n<p><span style=\"font-weight: 400;\">Chusteczki Foxy s\u0105 r\u00f3wnie\u017c idealne dla najbardziej wra\u017cliwej sk\u00f3ry.<\/span>[\/vc_toggle][vc_toggle title=&#8221;Jaki jest prawid\u0142owy spos\u00f3b u\u017cywania chusteczek do nosa?&#8221;]Aby ograniczy\u0107 namna\u017canie si\u0119 zarazk\u00f3w i bakterii, zaleca si\u0119 jednorazowe u\u017cycie chusteczki, a nast\u0119pnie jej utylizacj\u0119. Zu\u017cyte chusteczki mo\u017cna wyrzuci\u0107 do odpad\u00f3w organicznych.[\/vc_toggle][vc_toggle title=&#8221;Czy mog\u0119 u\u017cywa\u0107 chusteczek do czyszczenia delikatnych powierzchni?&#8221;]<span style=\"font-weight: 400;\">Dzi\u0119ki swojej mi\u0119kko\u015bci czyszcz\u0105 nie rysuj\u0105c powierzchni, a dzi\u0119ki swojej odporno\u015bci nie pozostawiaj\u0105 k\u0142aczk\u00f3w nawet w kontakcie z wilgoci\u0105. Ponadto chusteczki do nosa, zawsze pod r\u0119k\u0105, s\u0105 idealn\u0105 pomoc\u0105 w drobnych codziennych potrzebach:<\/span><\/p>\n<ul>\n<li style=\"font-weight: 400;\" aria-level=\"1\"><span style=\"font-weight: 400;\">wysusz nimi soczewki okular\u00f3w po ich umyciu lub wyczy\u015b\u0107 je podczas u\u017cytkowania<\/span><\/li>\n<li style=\"font-weight: 400;\" aria-level=\"1\"><span style=\"font-weight: 400;\">usu\u0144 nimi odciski palc\u00f3w z wy\u015bwietlacza telefonu lub monitora komputera<\/span><\/li>\n<li style=\"font-weight: 400;\" aria-level=\"1\"><span style=\"font-weight: 400;\">wyczy\u015b\u0107 nimi lusterko wsteczne i usu\u0144 kurz z deski rozdzielczej samochodu.<\/span><\/li>\n<\/ul>\n<p>[\/vc_toggle][vc_toggle title=&#8221;Czy mog\u0119 u\u017cywa\u0107 chusteczek do kontaktu z \u017cywno\u015bci\u0105?&#8221;]Wszystkie chusteczki Foxy s\u0105 testowane pod k\u0105tem przydatno\u015bci do kontaktu z \u017cywno\u015bci\u0105.<br \/>\nPoza domem doskonale nadaj\u0105 si\u0119 do suszenia przek\u0105sek takich jak owoce i warzywa lub jako podk\u0142adka na lunch w biurze.[\/vc_toggle][vc_toggle title=&#8221;Czy kieszonkowe chusteczki Mega s\u0105 mniejsze od innych?&#8221;]Chusteczki Mega s\u0105 tego samego rozmiaru co standardowe chusteczki, a ka\u017cde opakowanie zawiera tak\u0105 sam\u0105 ilo\u015b\u0107 sztuk. W czym tkwi ich sekret? W ich kompaktowym z\u0142o\u017ceniu! Ta technologia, poprzez sk\u0142adanie chusteczek na trzy r\u00f3wne cz\u0119\u015bci, tzw. sk\u0142adanie N, a nie Z, jak ma to miejsce w przypadku standardowych chusteczek, pozwala zmie\u015bci\u0107 t\u0119 sam\u0105 ilo\u015b\u0107 papieru i zaj\u0105\u0107 o 30% mniej miejsca. Mega chusteczki s\u0105 praktyczne, idealne do zabrania ze sob\u0105 na wycieczki, do kieszeni kurtki lub do torebki.[\/vc_toggle][vc_toggle title=&#8221;Co to znaczy, \u017ce chusteczki Cream zawieraj\u0105 \u015brodek nawil\u017caj\u0105cy ?&#8221;]W procesie produkcji chusteczki Cream s\u0105 wzbogacane o sk\u0142adniki aktywne o dobrze znanych w\u0142a\u015bciwo\u015bciach nawil\u017caj\u0105cych, kt\u00f3re zapobiegaj\u0105 zaczerwienieniom i pierzchni\u0119ciom. Dzi\u0119ki temu chusteczki Cream s\u0105 jeszcze bardziej mi\u0119kkie, idealne nawet dla najdelikatniejszych nos\u00f3w.<br \/>\nObecno\u015b\u0107 kremu nawil\u017caj\u0105cego nie wp\u0142ywa na hipoalergiczno\u015b\u0107 chusteczek, dzi\u0119ki czemu mo\u017cesz ich spokojnie u\u017cywa\u0107, nawet je\u015bli Twoja sk\u00f3ra jest bardzo wra\u017cliwa.[\/vc_toggle][\/vc_column_inner][\/vc_row_inner][\/vc_column][\/vc_row]<\/p>\n","protected":false},"excerpt":{"rendered":"<p>[vc_row el_id=&#8221;faq_fazzoletti&#8221;][vc_column width=&#8221;2\/3&#8243; offset=&#8221;vc_col-lg-offset-2 vc_col-md-offset-2&#8243;][vc_column_text el_class=&#8221;title_category_faq&#8221;]Chusteczki Higieniczne[\/vc_column_text][vc_row_inner el_class=&#8221;faq_evidenza&#8221;][vc_column_inner width=&#8221;2\/2&#8243;][vc_column_text el_class=&#8221;faq_evidenza_title&#8221;][\/vc_column_text][\/vc_column_inner][vc_column_inner width=&#8221;1\/2&#8243;][vc_column_text el_class=&#8221;faq_evidenza_domanda&#8221;]Jaki rodzaj celulozy jest u\u017cywany do produkcji chusteczek Foxy?[\/vc_column_text][\/vc_column_inner][vc_column_inner width=&#8221;1\/2&#8243;][vc_column_text el_class=&#8221;faq_evidenza_risposta&#8221;]Wszystkie produkty Foxy s\u0105 produkowane ze 100% czystej celulozy&#8230;<\/p>\n","protected":false},"author":1,"featured_media":0,"parent":0,"menu_order":0,"comment_status":"closed","ping_status":"closed","template":"","meta":[],"categories":[],"tags":[],"yoast_head":"<!-- This site is optimized with the Yoast SEO plugin v19.14 - https:\/\/yoast.com\/wordpress\/plugins\/seo\/ -->\n<title>Widget Faq Chusteczki Higieniczne - Foxy<\/title>\n<meta name=\"robots\" content=\"noindex, nofollow\" \/>\n<meta property=\"og:locale\" content=\"pl_PL\" \/>\n<meta property=\"og:type\" content=\"article\" \/>\n<meta property=\"og:title\" content=\"Widget Faq Chusteczki Higieniczne - Foxy\" \/>\n<meta property=\"og:description\" content=\"[vc_row el_id=&#8221;faq_fazzoletti&#8221;][vc_column width=&#8221;2\/3&#8243; offset=&#8221;vc_col-lg-offset-2 vc_col-md-offset-2&#8243;][vc_column_text el_class=&#8221;title_category_faq&#8221;]Chusteczki Higieniczne[\/vc_column_text][vc_row_inner el_class=&#8221;faq_evidenza&#8221;][vc_column_inner width=&#8221;2\/2&#8243;][vc_column_text el_class=&#8221;faq_evidenza_title&#8221;][\/vc_column_text][\/vc_column_inner][vc_column_inner width=&#8221;1\/2&#8243;][vc_column_text el_class=&#8221;faq_evidenza_domanda&#8221;]Jaki rodzaj celulozy jest u\u017cywany do produkcji chusteczek Foxy?[\/vc_column_text][\/vc_column_inner][vc_column_inner width=&#8221;1\/2&#8243;][vc_column_text el_class=&#8221;faq_evidenza_risposta&#8221;]Wszystkie produkty Foxy s\u0105 produkowane ze 100% czystej celulozy...\" \/>\n<meta property=\"og:url\" content=\"https:\/\/www.foxy.eu\/pl\/widget-faq-chusteczki-higieniczne\/\" \/>\n<meta property=\"og:site_name\" content=\"Foxy\" \/>\n<meta property=\"article:publisher\" content=\"https:\/\/www.facebook.com\/Foxy.Italia\" \/>\n<meta property=\"article:modified_time\" content=\"2022-06-20T08:28:55+00:00\" \/>\n<meta property=\"og:image\" content=\"https:\/\/www.foxy.eu\/wp-content\/uploads\/2020\/09\/faq_evidenza@2x.png\" \/>\n<meta name=\"twitter:card\" content=\"summary_large_image\" \/>\n<meta name=\"twitter:label1\" content=\"Est. reading time\" \/>\n\t<meta name=\"twitter:data1\" content=\"4 minuty\" \/>\n<script type=\"application\/ld+json\" class=\"yoast-schema-graph\">{\"@context\":\"https:\/\/schema.org\",\"@graph\":[{\"@type\":\"WebPage\",\"@id\":\"https:\/\/www.foxy.eu\/pl\/widget-faq-chusteczki-higieniczne\/\",\"url\":\"https:\/\/www.foxy.eu\/pl\/widget-faq-chusteczki-higieniczne\/\",\"name\":\"Widget Faq Chusteczki Higieniczne - Foxy\",\"isPartOf\":{\"@id\":\"https:\/\/www.foxy.eu\/#website\"},\"datePublished\":\"2022-05-30T08:35:45+00:00\",\"dateModified\":\"2022-06-20T08:28:55+00:00\",\"breadcrumb\":{\"@id\":\"https:\/\/www.foxy.eu\/pl\/widget-faq-chusteczki-higieniczne\/#breadcrumb\"},\"inLanguage\":\"pl-PL\",\"potentialAction\":[{\"@type\":\"ReadAction\",\"target\":[\"https:\/\/www.foxy.eu\/pl\/widget-faq-chusteczki-higieniczne\/\"]}]},{\"@type\":\"BreadcrumbList\",\"@id\":\"https:\/\/www.foxy.eu\/pl\/widget-faq-chusteczki-higieniczne\/#breadcrumb\",\"itemListElement\":[{\"@type\":\"ListItem\",\"position\":1,\"name\":\"Home\",\"item\":\"https:\/\/www.foxy.eu\/pl\/\"},{\"@type\":\"ListItem\",\"position\":2,\"name\":\"Widget Faq Chusteczki Higieniczne\"}]},{\"@type\":\"WebSite\",\"@id\":\"https:\/\/www.foxy.eu\/#website\",\"url\":\"https:\/\/www.foxy.eu\/\",\"name\":\"Foxy\",\"description\":\"Un nuovo sito targato WordPress\",\"publisher\":{\"@id\":\"https:\/\/www.foxy.eu\/#organization\"},\"alternateName\":\"Scopri tutta la gamma di prodotti e iniziative Foxy. Abbiamo pensato a un mondo su misura per te.\",\"potentialAction\":[{\"@type\":\"SearchAction\",\"target\":{\"@type\":\"EntryPoint\",\"urlTemplate\":\"https:\/\/www.foxy.eu\/?s={search_term_string}\"},\"query-input\":\"required name=search_term_string\"}],\"inLanguage\":\"pl-PL\"},{\"@type\":\"Organization\",\"@id\":\"https:\/\/www.foxy.eu\/#organization\",\"name\":\"Foxy | Sempre vicina a te!\",\"alternateName\":\"Scopri tutta la gamma di prodotti e iniziative Foxy. Abbiamo pensato a un mondo su misura per te.\",\"url\":\"https:\/\/www.foxy.eu\/\",\"logo\":{\"@type\":\"ImageObject\",\"inLanguage\":\"pl-PL\",\"@id\":\"https:\/\/www.foxy.eu\/#\/schema\/logo\/image\/\",\"url\":\"https:\/\/enkaz3824io.exactdn.com\/wp-content\/uploads\/2020\/07\/hp_big_logo@2x.png?strip=all&lossy=1&ssl=1\",\"contentUrl\":\"https:\/\/enkaz3824io.exactdn.com\/wp-content\/uploads\/2020\/07\/hp_big_logo@2x.png?strip=all&lossy=1&ssl=1\",\"width\":518,\"height\":366,\"caption\":\"Foxy | Sempre vicina a te!\"},\"image\":{\"@id\":\"https:\/\/www.foxy.eu\/#\/schema\/logo\/image\/\"},\"sameAs\":[\"https:\/\/www.instagram.com\/foxy\/\",\"https:\/\/www.youtube.com\/channel\/UCpCfvrNg7u0O0jSeH9B9ygA\",\"https:\/\/www.facebook.com\/Foxy.Italia\"]}]}<\/script>\n<!-- \/ Yoast SEO plugin. -->","yoast_head_json":{"title":"Widget Faq Chusteczki Higieniczne - Foxy","robots":{"index":"noindex","follow":"nofollow"},"og_locale":"pl_PL","og_type":"article","og_title":"Widget Faq Chusteczki Higieniczne - Foxy","og_description":"[vc_row el_id=&#8221;faq_fazzoletti&#8221;][vc_column width=&#8221;2\/3&#8243; offset=&#8221;vc_col-lg-offset-2 vc_col-md-offset-2&#8243;][vc_column_text el_class=&#8221;title_category_faq&#8221;]Chusteczki Higieniczne[\/vc_column_text][vc_row_inner el_class=&#8221;faq_evidenza&#8221;][vc_column_inner width=&#8221;2\/2&#8243;][vc_column_text el_class=&#8221;faq_evidenza_title&#8221;][\/vc_column_text][\/vc_column_inner][vc_column_inner width=&#8221;1\/2&#8243;][vc_column_text el_class=&#8221;faq_evidenza_domanda&#8221;]Jaki rodzaj celulozy jest u\u017cywany do produkcji chusteczek Foxy?[\/vc_column_text][\/vc_column_inner][vc_column_inner width=&#8221;1\/2&#8243;][vc_column_text el_class=&#8221;faq_evidenza_risposta&#8221;]Wszystkie produkty Foxy s\u0105 produkowane ze 100% czystej celulozy...","og_url":"https:\/\/www.foxy.eu\/pl\/widget-faq-chusteczki-higieniczne\/","og_site_name":"Foxy","article_publisher":"https:\/\/www.facebook.com\/Foxy.Italia","article_modified_time":"2022-06-20T08:28:55+00:00","og_image":[{"url":"https:\/\/www.foxy.eu\/wp-content\/uploads\/2020\/09\/faq_evidenza@2x.png"}],"twitter_card":"summary_large_image","twitter_misc":{"Est. reading time":"4 minuty"},"schema":{"@context":"https:\/\/schema.org","@graph":[{"@type":"WebPage","@id":"https:\/\/www.foxy.eu\/pl\/widget-faq-chusteczki-higieniczne\/","url":"https:\/\/www.foxy.eu\/pl\/widget-faq-chusteczki-higieniczne\/","name":"Widget Faq Chusteczki Higieniczne - Foxy","isPartOf":{"@id":"https:\/\/www.foxy.eu\/#website"},"datePublished":"2022-05-30T08:35:45+00:00","dateModified":"2022-06-20T08:28:55+00:00","breadcrumb":{"@id":"https:\/\/www.foxy.eu\/pl\/widget-faq-chusteczki-higieniczne\/#breadcrumb"},"inLanguage":"pl-PL","potentialAction":[{"@type":"ReadAction","target":["https:\/\/www.foxy.eu\/pl\/widget-faq-chusteczki-higieniczne\/"]}]},{"@type":"BreadcrumbList","@id":"https:\/\/www.foxy.eu\/pl\/widget-faq-chusteczki-higieniczne\/#breadcrumb","itemListElement":[{"@type":"ListItem","position":1,"name":"Home","item":"https:\/\/www.foxy.eu\/pl\/"},{"@type":"ListItem","position":2,"name":"Widget Faq Chusteczki Higieniczne"}]},{"@type":"WebSite","@id":"https:\/\/www.foxy.eu\/#website","url":"https:\/\/www.foxy.eu\/","name":"Foxy","description":"Un nuovo sito targato WordPress","publisher":{"@id":"https:\/\/www.foxy.eu\/#organization"},"alternateName":"Scopri tutta la gamma di prodotti e iniziative Foxy. Abbiamo pensato a un mondo su misura per te.","potentialAction":[{"@type":"SearchAction","target":{"@type":"EntryPoint","urlTemplate":"https:\/\/www.foxy.eu\/?s={search_term_string}"},"query-input":"required name=search_term_string"}],"inLanguage":"pl-PL"},{"@type":"Organization","@id":"https:\/\/www.foxy.eu\/#organization","name":"Foxy | Sempre vicina a te!","alternateName":"Scopri tutta la gamma di prodotti e iniziative Foxy. Abbiamo pensato a un mondo su misura per te.","url":"https:\/\/www.foxy.eu\/","logo":{"@type":"ImageObject","inLanguage":"pl-PL","@id":"https:\/\/www.foxy.eu\/#\/schema\/logo\/image\/","url":"https:\/\/enkaz3824io.exactdn.com\/wp-content\/uploads\/2020\/07\/hp_big_logo@2x.png?strip=all&lossy=1&ssl=1","contentUrl":"https:\/\/enkaz3824io.exactdn.com\/wp-content\/uploads\/2020\/07\/hp_big_logo@2x.png?strip=all&lossy=1&ssl=1","width":518,"height":366,"caption":"Foxy | Sempre vicina a te!"},"image":{"@id":"https:\/\/www.foxy.eu\/#\/schema\/logo\/image\/"},"sameAs":["https:\/\/www.instagram.com\/foxy\/","https:\/\/www.youtube.com\/channel\/UCpCfvrNg7u0O0jSeH9B9ygA","https:\/\/www.facebook.com\/Foxy.Italia"]}]}},"_links":{"self":[{"href":"https:\/\/www.foxy.eu\/pl\/wp-json\/wp\/v2\/pages\/6375"}],"collection":[{"href":"https:\/\/www.foxy.eu\/pl\/wp-json\/wp\/v2\/pages"}],"about":[{"href":"https:\/\/www.foxy.eu\/pl\/wp-json\/wp\/v2\/types\/page"}],"author":[{"embeddable":true,"href":"https:\/\/www.foxy.eu\/pl\/wp-json\/wp\/v2\/users\/1"}],"replies":[{"embeddable":true,"href":"https:\/\/www.foxy.eu\/pl\/wp-json\/wp\/v2\/comments?post=6375"}],"version-history":[{"count":7,"href":"https:\/\/www.foxy.eu\/pl\/wp-json\/wp\/v2\/pages\/6375\/revisions"}],"predecessor-version":[{"id":7867,"href":"https:\/\/www.foxy.eu\/pl\/wp-json\/wp\/v2\/pages\/6375\/revisions\/7867"}],"wp:attachment":[{"href":"https:\/\/www.foxy.eu\/pl\/wp-json\/wp\/v2\/media?parent=6375"}],"wp:term":[{"taxonomy":"category","embeddable":true,"href":"https:\/\/www.foxy.eu\/pl\/wp-json\/wp\/v2\/categories?post=6375"},{"taxonomy":"post_tag","embeddable":true,"href":"https:\/\/www.foxy.eu\/pl\/wp-json\/wp\/v2\/tags?post=6375"}],"curies":[{"name":"wp","href":"https:\/\/api.w.org\/{rel}","templated":true}]}}