
{"id":6373,"date":"2022-05-25T14:52:00","date_gmt":"2022-05-25T12:52:00","guid":{"rendered":"https:\/\/www.foxy.eu\/?page_id=6373"},"modified":"2022-06-20T10:29:21","modified_gmt":"2022-06-20T08:29:21","slug":"widget-faq-recznik-kuchenny","status":"publish","type":"page","link":"https:\/\/www.foxy.eu\/pl\/widget-faq-recznik-kuchenny\/","title":{"rendered":"Widget Faq R\u0119cznik Kuchenny"},"content":{"rendered":"<p>[vc_row el_id=&#8221;faq_asciugatutto&#8221;][vc_column width=&#8221;2\/3&#8243; offset=&#8221;vc_col-lg-offset-2 vc_col-md-offset-2&#8243;][vc_column_text el_class=&#8221;title_category_faq&#8221;]R\u0119cznik kuchenny[\/vc_column_text][vc_row_inner el_class=&#8221;faq_evidenza&#8221;][vc_column_inner width=&#8221;2\/2&#8243;][vc_column_text el_class=&#8221;faq_evidenza_title&#8221;]<img decoding=\"async\" class=\"alignnone size-full wp-image-1077\" src=\"https:\/\/enkaz3824io.exactdn.com\/wp-content\/uploads\/2020\/09\/faq_evidenza@2x.png?strip=all&lossy=1&resize=63%2C63&ssl=1\" alt=\"\" width=\"63\" height=\"63\" \/>[\/vc_column_text][\/vc_column_inner][vc_column_inner width=&#8221;1\/2&#8243;][vc_column_text el_class=&#8221;faq_evidenza_domanda&#8221;]Gdzie mog\u0119 pozby\u0107 si\u0119 r\u0119cznik\u00f3w kuchennych po ich u\u017cyciu?[\/vc_column_text][\/vc_column_inner][vc_column_inner width=&#8221;1\/2&#8243;][vc_column_text el_class=&#8221;faq_evidenza_risposta&#8221;]Zale\u017cy to od rodzaju u\u017cytkowania:<\/p>\n<ul>\n<li>je\u015bli nie zawieraj\u0105 pozosta\u0142o\u015bci organicznych, mo\u017cna je wyrzuci\u0107 do pojemnik\u00f3w na papier,<\/li>\n<li>je\u015bli zawieraj\u0105 pozosta\u0142o\u015bci organiczne, mo\u017cna je wyrzuci\u0107 do odpad\u00f3w organicznych,<\/li>\n<li>je\u017celi mia\u0142y kontakt z detergentami lub roztworami wodno-alkoholowymi do odka\u017cania powierzchni, nale\u017cy je zutylizowa\u0107 w pojemniku na zbiorcze odpady.<\/li>\n<\/ul>\n<p>[\/vc_column_text][\/vc_column_inner][\/vc_row_inner][vc_row_inner el_class=&#8221;lista-faq&#8221;][vc_column_inner][vc_toggle title=&#8221;Z jakiego rodzaju celulozy produkowane s\u0105 r\u0119czniki kuchenne Foxy?&#8221;]Wszystkie produkty Foxy s\u0105 produkowane ze 100% czystej celulozy z certyfikowanych las\u00f3w i kontrolowanych \u017ar\u00f3de\u0142.<br \/>\nFoxy Asso Ultra Big, Foxy Cartapaglia i Foxy Tornado s\u0105 produkowane z czystej celulozy z las\u00f3w certyfikowanych przez FSC. FSC (Forest Stewardship Council) to mi\u0119dzynarodowa pozarz\u0105dowa organizacja non-profit, kt\u00f3ra promuje odpowiedzialn\u0105 gospodark\u0119 le\u015bn\u0105 na ca\u0142ym \u015bwiecie.<br \/>\nFoxy Mega, Foxy Asso i Foxy Asso Professional s\u0105 produkowane z czystej celulozy z las\u00f3w certyfikowanych przez PEFC. PEFC (Program for Endorsement of Forest Certification Schemes) to mi\u0119dzynarodowa organizacja non-profit, kt\u00f3ra promuje i zarz\u0105dza systemem certyfikacji dla zr\u00f3wnowa\u017conej gospodarki le\u015bnej.<br \/>\nAby dowiedzie\u0107 si\u0119 wi\u0119cej, odwied\u017a sekcj\u0119 Zr\u00f3wnowa\u017cony rozw\u00f3j i certyfikaty.[\/vc_toggle][vc_toggle title=&#8221;Jak pozby\u0107 si\u0119 opakowa\u0144 r\u0119cznik\u00f3w kuchennych Foxy?&#8221;]<span style=\"font-weight: 400;\">Wszystkie opakowania r\u0119cznik\u00f3w Foxy nadaj\u0105 nadaj\u0105 si\u0119 w 100% do recyklingu i mo\u017cna je wyrzuci\u0107 do pojemnik\u00f3w na plastik.<\/span>[\/vc_toggle][vc_toggle title=&#8221;Czy papier Foxy poddawany jest procesowi wybielania?&#8221;]Celuloza sk\u0142ada si\u0119 z w\u0142\u00f3kien pierwotnych, kt\u00f3re poddawane s\u0105 przez dostawc\u00f3w procesowi bielenia bez u\u017cycia chloru.<\/p>\n<p>Ca\u0142a stosowana celuloza jest r\u00f3wnie\u017c certyfikowana zgodnie z g\u0142\u00f3wnymi normami dotycz\u0105cymi pochodzenia las\u00f3w i odpowiedzialnego zarz\u0105dzania nimi.[\/vc_toggle][vc_toggle title=&#8221;Czy tuby rolek papieru toaletowego s\u0105 wykonane z celulozy pierwotnej czy z recyklingu?&#8221;]Tuby rolek papieru toaletowego\u00a0 Foxy s\u0105 wykonane wy\u0142\u0105cznie z makulatury.<br \/>\nPo zu\u017cyciu produktu mo\u017cna je odda\u0107 na makulatur\u0119.[\/vc_toggle][vc_toggle title=&#8221;Czy podczas tworzenia produkt\u00f3w Foxy przeprowadzono jakiekolwiek testy na zwierz\u0119tach?&#8221;]Podczas tworzenia produkt\u00f3w Foxy nie przeprowadzono \u017cadnych test\u00f3w na zwierz\u0119tach.[\/vc_toggle][vc_toggle title=&#8221;Czy kolory u\u017cyte do dekoracji r\u0119cznik\u00f3w kuchennych Foxy s\u0105 bezpieczne?&#8221;]Kolory u\u017cyte do dekoracji r\u0119cznik\u00f3w kuchennych Foxy s\u0105 wodorozcie\u0144czalne i nietoksyczne.<br \/>\nPonadto wszystkie r\u0119czniki kuchenne Foxy s\u0105 przeznaczone kontaktu z \u017cywno\u015bci\u0105: przydatno\u015b\u0107 do kontaktu z \u017cywno\u015bci\u0105 gwarantuj\u0105 rygorystyczne testy przeprowadzane w wykwalifikowanych laboratoriach.[\/vc_toggle][vc_toggle title=&#8221;Czy mog\u0119 u\u017cywa\u0107 r\u0119cznik\u00f3w kuchennych Foxy, aby wch\u0142on\u0105\u0107 nadmiar oleju do sma\u017cenia?&#8221;]Wszystkie r\u0119czniki kuchenne Foxy nadaj\u0105 si\u0119 do kontaktu z \u017cywno\u015bci\u0105, a dzi\u0119ki specjalnej super ch\u0142onnej strukturze idealnie absorbuj\u0105 p\u0142yny, nie rozpadaj\u0105c si\u0119 i nie pozostawiaj\u0105c irytuj\u0105cych k\u0142aczk\u00f3w.<br \/>\nFoxy Cartapaglia, jest idealnym sprzymierze\u0144cem w kuchni: dzi\u0119ki dodatkowi czystej celulozy ze s\u0142omy, kt\u00f3ra nadaje papierowi charakterystyczny efekt zapobiegaj\u0105cy kruszeniu si\u0119, polecana jest do potraw sma\u017conych. W\u0142a\u015bnie dlatego ten r\u0119cznik kuchenny zosta\u0142 wybrany przez magazyn Kukbuk.[\/vc_toggle][vc_toggle title=&#8221;Jak prawid\u0142owo u\u017cywa\u0107 r\u0119cznika kuchennego podczas sma\u017cenia?&#8221;]Je\u015bli sma\u017cone jedzenie jest Twoj\u0105 pasj\u0105, Foxy Cartapaglia jest produktem dla Ciebie: jest to r\u0119cznik wytwarzany z dodatkiem czystej celulozy ze s\u0142omy, kt\u00f3ra nadaje papierowi charakterystyczny dla niego efekt zapobiegaj\u0105cy kruszeniu si\u0119. Proponujemy te 3 proste kroki:<br \/>\nPrzed sma\u017ceniem za pomoc\u0105 r\u0119cznika kuchennego dobrze rozprowad\u017a olej na patelni i w razie potrzeby usu\u0144 nadmiar.<br \/>\nGdy sma\u017cone jedzenie jest gotowe, po\u0142\u00f3\u017c je na r\u0119czniku papierowym, aby wch\u0142on\u0105\u0142 nadmiar oleju.<br \/>\nTeraz mo\u017cesz prze\u0142o\u017cy\u0107 je na talerz: usma\u017cona powierzchnia b\u0119dzie sucha, a danie bez nadmiaru oleju.[\/vc_toggle][vc_toggle title=&#8221;Czy zamiast papieru toaletowego mog\u0119 u\u017cy\u0107 r\u0119cznika kuchennego?&#8221;]Absolutnie nie jest to zalecane. Nie u\u017cywaj r\u0119cznika kuchennego zamiast papieru toaletowego: r\u0119czniki kuchenne nie s\u0105 przeznaczone do wrzucania do toalety. R\u0119cznik kuchenny ma inne przeznaczenie i inn\u0105 odporno\u015b\u0107. Z kolei papier toaletowy jest produkowany w taki spos\u00f3b, \u017ce rozpuszcza si\u0119 w wodzie w ci\u0105gu kilku sekund.[\/vc_toggle][vc_toggle title=&#8221;Czy u\u017cywanie r\u0119cznik\u00f3w kuchennych bezpo\u015brednio w kontakcie z \u017cywno\u015bci\u0105 jest bezpieczne?&#8221;]Wszystkie r\u0119czniki kuchenne Foxy s\u0105 testowane pod k\u0105tem przydatno\u015bci do kontaktu z \u017cywno\u015bci\u0105. Co wi\u0119cej, dzi\u0119ki specjalnemu wyt\u0142oczeniu zapewniaj\u0105 doskona\u0142\u0105 ch\u0142onno\u015b\u0107 i wytrzyma\u0142o\u015b\u0107 , nawet gdy s\u0105 mokre. W zwi\u0105zku z tym mog\u0105 by\u0107 u\u017cywane do:<\/p>\n<ul>\n<li>suszenia umytych owoc\u00f3w i warzyw<\/li>\n<li>pakowania jedzenia przeznaczonego do spo\u017cycia poza domem<\/li>\n<li>przechowywania owoc\u00f3w i warzyw w lod\u00f3wce, nale\u017cy umie\u015bci\u0107 r\u0119cznik na dnie pojemnika, przez co wch\u0142onie on nadmiar wilgoci, spowalniaj\u0105c proces psucia si\u0119<\/li>\n<li>przechowywania naci pietruszki i bazylii by d\u0142u\u017cej zachowa\u0142y \u015bwie\u017co\u015b\u0107, owijaj\u0105c \u0142odygi wilgotnym r\u0119cznikiem<\/li>\n<\/ul>\n<p>[\/vc_toggle][vc_toggle title=&#8221;Czy mog\u0119 u\u017cywa\u0107 r\u0119cznika kuchennego do podgrzewania jedzenia w kuchence mikrofalowej?&#8221;]Wszystkie r\u0119czniki kuchenne Foxy s\u0105 testowane pod k\u0105tem u\u017cywania w kuchenkach mikrofalowych.<br \/>\nJednak r\u0119cznik mo\u017ce si\u0119 spali\u0107, je\u015bli zostanie u\u017cyty niew\u0142a\u015bciwie.<br \/>\nZapraszamy do zapoznania si\u0119 z kilkoma wskaz\u00f3wkami:<\/p>\n<ul>\n<li>nie u\u017cywaj r\u0119cznik\u00f3w kuchennych podczas zwyk\u0142ego gotowania, \u0142\u0105czenia go z innymi sposobami przyrz\u0105dzania potraw i na grillu<\/li>\n<li>nie susz zi\u00f3\u0142, chleba ani kwiat\u00f3w na r\u0119czniku kuchennym<\/li>\n<\/ul>\n<p>[\/vc_toggle][\/vc_column_inner][\/vc_row_inner][\/vc_column][\/vc_row]<\/p>\n","protected":false},"excerpt":{"rendered":"<p>[vc_row el_id=&#8221;faq_asciugatutto&#8221;][vc_column width=&#8221;2\/3&#8243; offset=&#8221;vc_col-lg-offset-2 vc_col-md-offset-2&#8243;][vc_column_text el_class=&#8221;title_category_faq&#8221;]R\u0119cznik kuchenny[\/vc_column_text][vc_row_inner el_class=&#8221;faq_evidenza&#8221;][vc_column_inner width=&#8221;2\/2&#8243;][vc_column_text el_class=&#8221;faq_evidenza_title&#8221;][\/vc_column_text][\/vc_column_inner][vc_column_inner width=&#8221;1\/2&#8243;][vc_column_text el_class=&#8221;faq_evidenza_domanda&#8221;]Gdzie mog\u0119 pozby\u0107 si\u0119 r\u0119cznik\u00f3w kuchennych po ich u\u017cyciu?[\/vc_column_text][\/vc_column_inner][vc_column_inner width=&#8221;1\/2&#8243;][vc_column_text el_class=&#8221;faq_evidenza_risposta&#8221;]Zale\u017cy to od rodzaju u\u017cytkowania: je\u015bli nie zawieraj\u0105 pozosta\u0142o\u015bci&#8230;<\/p>\n","protected":false},"author":1,"featured_media":0,"parent":0,"menu_order":0,"comment_status":"closed","ping_status":"closed","template":"","meta":[],"categories":[],"tags":[],"yoast_head":"<!-- This site is optimized with the Yoast SEO plugin v19.14 - https:\/\/yoast.com\/wordpress\/plugins\/seo\/ -->\n<title>Widget Faq R\u0119cznik Kuchenny - Foxy<\/title>\n<meta name=\"robots\" content=\"noindex, nofollow\" \/>\n<meta property=\"og:locale\" content=\"pl_PL\" \/>\n<meta property=\"og:type\" content=\"article\" \/>\n<meta property=\"og:title\" content=\"Widget Faq R\u0119cznik Kuchenny - Foxy\" \/>\n<meta property=\"og:description\" content=\"[vc_row el_id=&#8221;faq_asciugatutto&#8221;][vc_column width=&#8221;2\/3&#8243; offset=&#8221;vc_col-lg-offset-2 vc_col-md-offset-2&#8243;][vc_column_text el_class=&#8221;title_category_faq&#8221;]R\u0119cznik kuchenny[\/vc_column_text][vc_row_inner el_class=&#8221;faq_evidenza&#8221;][vc_column_inner width=&#8221;2\/2&#8243;][vc_column_text el_class=&#8221;faq_evidenza_title&#8221;][\/vc_column_text][\/vc_column_inner][vc_column_inner width=&#8221;1\/2&#8243;][vc_column_text el_class=&#8221;faq_evidenza_domanda&#8221;]Gdzie mog\u0119 pozby\u0107 si\u0119 r\u0119cznik\u00f3w kuchennych po ich u\u017cyciu?[\/vc_column_text][\/vc_column_inner][vc_column_inner width=&#8221;1\/2&#8243;][vc_column_text el_class=&#8221;faq_evidenza_risposta&#8221;]Zale\u017cy to od rodzaju u\u017cytkowania: je\u015bli nie zawieraj\u0105 pozosta\u0142o\u015bci...\" \/>\n<meta property=\"og:url\" content=\"https:\/\/www.foxy.eu\/pl\/widget-faq-recznik-kuchenny\/\" \/>\n<meta property=\"og:site_name\" content=\"Foxy\" \/>\n<meta property=\"article:publisher\" content=\"https:\/\/www.facebook.com\/Foxy.Italia\" \/>\n<meta property=\"article:modified_time\" content=\"2022-06-20T08:29:21+00:00\" \/>\n<meta property=\"og:image\" content=\"https:\/\/www.foxy.eu\/wp-content\/uploads\/2020\/09\/faq_evidenza@2x.png\" \/>\n<meta name=\"twitter:card\" content=\"summary_large_image\" \/>\n<meta name=\"twitter:label1\" content=\"Est. reading time\" \/>\n\t<meta name=\"twitter:data1\" content=\"5 minut\" \/>\n<script type=\"application\/ld+json\" class=\"yoast-schema-graph\">{\"@context\":\"https:\/\/schema.org\",\"@graph\":[{\"@type\":\"WebPage\",\"@id\":\"https:\/\/www.foxy.eu\/pl\/widget-faq-recznik-kuchenny\/\",\"url\":\"https:\/\/www.foxy.eu\/pl\/widget-faq-recznik-kuchenny\/\",\"name\":\"Widget Faq R\u0119cznik Kuchenny - Foxy\",\"isPartOf\":{\"@id\":\"https:\/\/www.foxy.eu\/#website\"},\"datePublished\":\"2022-05-25T12:52:00+00:00\",\"dateModified\":\"2022-06-20T08:29:21+00:00\",\"breadcrumb\":{\"@id\":\"https:\/\/www.foxy.eu\/pl\/widget-faq-recznik-kuchenny\/#breadcrumb\"},\"inLanguage\":\"pl-PL\",\"potentialAction\":[{\"@type\":\"ReadAction\",\"target\":[\"https:\/\/www.foxy.eu\/pl\/widget-faq-recznik-kuchenny\/\"]}]},{\"@type\":\"BreadcrumbList\",\"@id\":\"https:\/\/www.foxy.eu\/pl\/widget-faq-recznik-kuchenny\/#breadcrumb\",\"itemListElement\":[{\"@type\":\"ListItem\",\"position\":1,\"name\":\"Home\",\"item\":\"https:\/\/www.foxy.eu\/pl\/\"},{\"@type\":\"ListItem\",\"position\":2,\"name\":\"Widget Faq R\u0119cznik Kuchenny\"}]},{\"@type\":\"WebSite\",\"@id\":\"https:\/\/www.foxy.eu\/#website\",\"url\":\"https:\/\/www.foxy.eu\/\",\"name\":\"Foxy\",\"description\":\"Un nuovo sito targato WordPress\",\"publisher\":{\"@id\":\"https:\/\/www.foxy.eu\/#organization\"},\"alternateName\":\"Scopri tutta la gamma di prodotti e iniziative Foxy. Abbiamo pensato a un mondo su misura per te.\",\"potentialAction\":[{\"@type\":\"SearchAction\",\"target\":{\"@type\":\"EntryPoint\",\"urlTemplate\":\"https:\/\/www.foxy.eu\/?s={search_term_string}\"},\"query-input\":\"required name=search_term_string\"}],\"inLanguage\":\"pl-PL\"},{\"@type\":\"Organization\",\"@id\":\"https:\/\/www.foxy.eu\/#organization\",\"name\":\"Foxy | Sempre vicina a te!\",\"alternateName\":\"Scopri tutta la gamma di prodotti e iniziative Foxy. Abbiamo pensato a un mondo su misura per te.\",\"url\":\"https:\/\/www.foxy.eu\/\",\"logo\":{\"@type\":\"ImageObject\",\"inLanguage\":\"pl-PL\",\"@id\":\"https:\/\/www.foxy.eu\/#\/schema\/logo\/image\/\",\"url\":\"https:\/\/enkaz3824io.exactdn.com\/wp-content\/uploads\/2020\/07\/hp_big_logo@2x.png?strip=all&lossy=1&ssl=1\",\"contentUrl\":\"https:\/\/enkaz3824io.exactdn.com\/wp-content\/uploads\/2020\/07\/hp_big_logo@2x.png?strip=all&lossy=1&ssl=1\",\"width\":518,\"height\":366,\"caption\":\"Foxy | Sempre vicina a te!\"},\"image\":{\"@id\":\"https:\/\/www.foxy.eu\/#\/schema\/logo\/image\/\"},\"sameAs\":[\"https:\/\/www.instagram.com\/foxy\/\",\"https:\/\/www.youtube.com\/channel\/UCpCfvrNg7u0O0jSeH9B9ygA\",\"https:\/\/www.facebook.com\/Foxy.Italia\"]}]}<\/script>\n<!-- \/ Yoast SEO plugin. -->","yoast_head_json":{"title":"Widget Faq R\u0119cznik Kuchenny - Foxy","robots":{"index":"noindex","follow":"nofollow"},"og_locale":"pl_PL","og_type":"article","og_title":"Widget Faq R\u0119cznik Kuchenny - Foxy","og_description":"[vc_row el_id=&#8221;faq_asciugatutto&#8221;][vc_column width=&#8221;2\/3&#8243; offset=&#8221;vc_col-lg-offset-2 vc_col-md-offset-2&#8243;][vc_column_text el_class=&#8221;title_category_faq&#8221;]R\u0119cznik kuchenny[\/vc_column_text][vc_row_inner el_class=&#8221;faq_evidenza&#8221;][vc_column_inner width=&#8221;2\/2&#8243;][vc_column_text el_class=&#8221;faq_evidenza_title&#8221;][\/vc_column_text][\/vc_column_inner][vc_column_inner width=&#8221;1\/2&#8243;][vc_column_text el_class=&#8221;faq_evidenza_domanda&#8221;]Gdzie mog\u0119 pozby\u0107 si\u0119 r\u0119cznik\u00f3w kuchennych po ich u\u017cyciu?[\/vc_column_text][\/vc_column_inner][vc_column_inner width=&#8221;1\/2&#8243;][vc_column_text el_class=&#8221;faq_evidenza_risposta&#8221;]Zale\u017cy to od rodzaju u\u017cytkowania: je\u015bli nie zawieraj\u0105 pozosta\u0142o\u015bci...","og_url":"https:\/\/www.foxy.eu\/pl\/widget-faq-recznik-kuchenny\/","og_site_name":"Foxy","article_publisher":"https:\/\/www.facebook.com\/Foxy.Italia","article_modified_time":"2022-06-20T08:29:21+00:00","og_image":[{"url":"https:\/\/www.foxy.eu\/wp-content\/uploads\/2020\/09\/faq_evidenza@2x.png"}],"twitter_card":"summary_large_image","twitter_misc":{"Est. reading time":"5 minut"},"schema":{"@context":"https:\/\/schema.org","@graph":[{"@type":"WebPage","@id":"https:\/\/www.foxy.eu\/pl\/widget-faq-recznik-kuchenny\/","url":"https:\/\/www.foxy.eu\/pl\/widget-faq-recznik-kuchenny\/","name":"Widget Faq R\u0119cznik Kuchenny - Foxy","isPartOf":{"@id":"https:\/\/www.foxy.eu\/#website"},"datePublished":"2022-05-25T12:52:00+00:00","dateModified":"2022-06-20T08:29:21+00:00","breadcrumb":{"@id":"https:\/\/www.foxy.eu\/pl\/widget-faq-recznik-kuchenny\/#breadcrumb"},"inLanguage":"pl-PL","potentialAction":[{"@type":"ReadAction","target":["https:\/\/www.foxy.eu\/pl\/widget-faq-recznik-kuchenny\/"]}]},{"@type":"BreadcrumbList","@id":"https:\/\/www.foxy.eu\/pl\/widget-faq-recznik-kuchenny\/#breadcrumb","itemListElement":[{"@type":"ListItem","position":1,"name":"Home","item":"https:\/\/www.foxy.eu\/pl\/"},{"@type":"ListItem","position":2,"name":"Widget Faq R\u0119cznik Kuchenny"}]},{"@type":"WebSite","@id":"https:\/\/www.foxy.eu\/#website","url":"https:\/\/www.foxy.eu\/","name":"Foxy","description":"Un nuovo sito targato WordPress","publisher":{"@id":"https:\/\/www.foxy.eu\/#organization"},"alternateName":"Scopri tutta la gamma di prodotti e iniziative Foxy. Abbiamo pensato a un mondo su misura per te.","potentialAction":[{"@type":"SearchAction","target":{"@type":"EntryPoint","urlTemplate":"https:\/\/www.foxy.eu\/?s={search_term_string}"},"query-input":"required name=search_term_string"}],"inLanguage":"pl-PL"},{"@type":"Organization","@id":"https:\/\/www.foxy.eu\/#organization","name":"Foxy | Sempre vicina a te!","alternateName":"Scopri tutta la gamma di prodotti e iniziative Foxy. Abbiamo pensato a un mondo su misura per te.","url":"https:\/\/www.foxy.eu\/","logo":{"@type":"ImageObject","inLanguage":"pl-PL","@id":"https:\/\/www.foxy.eu\/#\/schema\/logo\/image\/","url":"https:\/\/enkaz3824io.exactdn.com\/wp-content\/uploads\/2020\/07\/hp_big_logo@2x.png?strip=all&lossy=1&ssl=1","contentUrl":"https:\/\/enkaz3824io.exactdn.com\/wp-content\/uploads\/2020\/07\/hp_big_logo@2x.png?strip=all&lossy=1&ssl=1","width":518,"height":366,"caption":"Foxy | Sempre vicina a te!"},"image":{"@id":"https:\/\/www.foxy.eu\/#\/schema\/logo\/image\/"},"sameAs":["https:\/\/www.instagram.com\/foxy\/","https:\/\/www.youtube.com\/channel\/UCpCfvrNg7u0O0jSeH9B9ygA","https:\/\/www.facebook.com\/Foxy.Italia"]}]}},"_links":{"self":[{"href":"https:\/\/www.foxy.eu\/pl\/wp-json\/wp\/v2\/pages\/6373"}],"collection":[{"href":"https:\/\/www.foxy.eu\/pl\/wp-json\/wp\/v2\/pages"}],"about":[{"href":"https:\/\/www.foxy.eu\/pl\/wp-json\/wp\/v2\/types\/page"}],"author":[{"embeddable":true,"href":"https:\/\/www.foxy.eu\/pl\/wp-json\/wp\/v2\/users\/1"}],"replies":[{"embeddable":true,"href":"https:\/\/www.foxy.eu\/pl\/wp-json\/wp\/v2\/comments?post=6373"}],"version-history":[{"count":7,"href":"https:\/\/www.foxy.eu\/pl\/wp-json\/wp\/v2\/pages\/6373\/revisions"}],"predecessor-version":[{"id":7868,"href":"https:\/\/www.foxy.eu\/pl\/wp-json\/wp\/v2\/pages\/6373\/revisions\/7868"}],"wp:attachment":[{"href":"https:\/\/www.foxy.eu\/pl\/wp-json\/wp\/v2\/media?parent=6373"}],"wp:term":[{"taxonomy":"category","embeddable":true,"href":"https:\/\/www.foxy.eu\/pl\/wp-json\/wp\/v2\/categories?post=6373"},{"taxonomy":"post_tag","embeddable":true,"href":"https:\/\/www.foxy.eu\/pl\/wp-json\/wp\/v2\/tags?post=6373"}],"curies":[{"name":"wp","href":"https:\/\/api.w.org\/{rel}","templated":true}]}}