
{"id":5410,"date":"2022-05-26T15:48:06","date_gmt":"2022-05-26T13:48:06","guid":{"rendered":"https:\/\/www.foxy.eu\/?page_id=5410"},"modified":"2022-05-31T11:24:20","modified_gmt":"2022-05-31T09:24:20","slug":"male-cudenka","status":"publish","type":"page","link":"https:\/\/www.foxy.eu\/pl\/male-cudenka\/","title":{"rendered":"Ma\u0142e cude\u0144ka"},"content":{"rendered":"<p>[vc_row el_class=&#8221;sotto-hero&#8221;][vc_column width=&#8221;5\/6&#8243; el_class=&#8221;text-center&#8221; offset=&#8221;vc_col-lg-offset-3 vc_col-lg-6 vc_col-md-offset-2 vc_col-md-8 vc_col-sm-offset-1&#8243;][vc_column_text]<\/p>\n<h2>Obud\u017a w sobie ma\u0142ego geniusza!<\/h2>\n<p>[\/vc_column_text][vc_column_text]Zabawne, \u0142atwe, ekologiczne. Ma\u0142e cude\u0144ka to doskona\u0142y spos\u00f3b na \u015bwietn\u0105 zabaw\u0119, gdy na zewn\u0105trz pada deszcz, a Ty chcesz si\u0119 cieszy\u0107 fajn\u0105 atmosfer\u0105 w domu. Poznaj wszystkie samouczki wideo Foxy i tw\u00f3rz papierowe cude\u0144ka z dzie\u0107mi.[\/vc_column_text][\/vc_column][\/vc_row]<\/p>\n","protected":false},"excerpt":{"rendered":"<p>[vc_row el_class=&#8221;sotto-hero&#8221;][vc_column width=&#8221;5\/6&#8243; el_class=&#8221;text-center&#8221; offset=&#8221;vc_col-lg-offset-3 vc_col-lg-6 vc_col-md-offset-2 vc_col-md-8 vc_col-sm-offset-1&#8243;][vc_column_text] Obud\u017a w sobie ma\u0142ego geniusza! [\/vc_column_text][vc_column_text]Zabawne, \u0142atwe, ekologiczne. Ma\u0142e cude\u0144ka to doskona\u0142y spos\u00f3b na \u015bwietn\u0105 zabaw\u0119, gdy na zewn\u0105trz pada deszcz,&#8230;<\/p>\n","protected":false},"author":1,"featured_media":0,"parent":0,"menu_order":0,"comment_status":"closed","ping_status":"closed","template":"template-piccolecreazioni.php","meta":[],"categories":[],"tags":[],"yoast_head":"<!-- This site is optimized with the Yoast SEO plugin v19.14 - https:\/\/yoast.com\/wordpress\/plugins\/seo\/ -->\n<title>Ma\u0142e cude\u0144ka - Foxy<\/title>\n<meta name=\"robots\" content=\"index, follow, max-snippet:-1, max-image-preview:large, max-video-preview:-1\" \/>\n<link rel=\"canonical\" href=\"https:\/\/www.foxy.eu\/pl\/male-cudenka\/\" \/>\n<meta property=\"og:locale\" content=\"pl_PL\" \/>\n<meta property=\"og:type\" content=\"article\" \/>\n<meta property=\"og:title\" content=\"Ma\u0142e cude\u0144ka - Foxy\" \/>\n<meta property=\"og:description\" content=\"[vc_row el_class=&#8221;sotto-hero&#8221;][vc_column width=&#8221;5\/6&#8243; el_class=&#8221;text-center&#8221; offset=&#8221;vc_col-lg-offset-3 vc_col-lg-6 vc_col-md-offset-2 vc_col-md-8 vc_col-sm-offset-1&#8243;][vc_column_text] Obud\u017a w sobie ma\u0142ego geniusza! [\/vc_column_text][vc_column_text]Zabawne, \u0142atwe, ekologiczne. Ma\u0142e cude\u0144ka to doskona\u0142y spos\u00f3b na \u015bwietn\u0105 zabaw\u0119, gdy na zewn\u0105trz pada deszcz,...\" \/>\n<meta property=\"og:url\" content=\"https:\/\/www.foxy.eu\/pl\/male-cudenka\/\" \/>\n<meta property=\"og:site_name\" content=\"Foxy\" \/>\n<meta property=\"article:publisher\" content=\"https:\/\/www.facebook.com\/Foxy.Italia\" \/>\n<meta property=\"article:modified_time\" content=\"2022-05-31T09:24:20+00:00\" \/>\n<meta name=\"twitter:card\" content=\"summary_large_image\" \/>\n<script type=\"application\/ld+json\" class=\"yoast-schema-graph\">{\"@context\":\"https:\/\/schema.org\",\"@graph\":[{\"@type\":\"WebPage\",\"@id\":\"https:\/\/www.foxy.eu\/pl\/male-cudenka\/\",\"url\":\"https:\/\/www.foxy.eu\/pl\/male-cudenka\/\",\"name\":\"Ma\u0142e cude\u0144ka - Foxy\",\"isPartOf\":{\"@id\":\"https:\/\/www.foxy.eu\/#website\"},\"datePublished\":\"2022-05-26T13:48:06+00:00\",\"dateModified\":\"2022-05-31T09:24:20+00:00\",\"breadcrumb\":{\"@id\":\"https:\/\/www.foxy.eu\/pl\/male-cudenka\/#breadcrumb\"},\"inLanguage\":\"pl-PL\",\"potentialAction\":[{\"@type\":\"ReadAction\",\"target\":[\"https:\/\/www.foxy.eu\/pl\/male-cudenka\/\"]}]},{\"@type\":\"BreadcrumbList\",\"@id\":\"https:\/\/www.foxy.eu\/pl\/male-cudenka\/#breadcrumb\",\"itemListElement\":[{\"@type\":\"ListItem\",\"position\":1,\"name\":\"Home\",\"item\":\"https:\/\/www.foxy.eu\/pl\/\"},{\"@type\":\"ListItem\",\"position\":2,\"name\":\"Ma\u0142e cude\u0144ka\"}]},{\"@type\":\"WebSite\",\"@id\":\"https:\/\/www.foxy.eu\/#website\",\"url\":\"https:\/\/www.foxy.eu\/\",\"name\":\"Foxy\",\"description\":\"Un nuovo sito targato WordPress\",\"publisher\":{\"@id\":\"https:\/\/www.foxy.eu\/#organization\"},\"alternateName\":\"Scopri tutta la gamma di prodotti e iniziative Foxy. Abbiamo pensato a un mondo su misura per te.\",\"potentialAction\":[{\"@type\":\"SearchAction\",\"target\":{\"@type\":\"EntryPoint\",\"urlTemplate\":\"https:\/\/www.foxy.eu\/?s={search_term_string}\"},\"query-input\":\"required name=search_term_string\"}],\"inLanguage\":\"pl-PL\"},{\"@type\":\"Organization\",\"@id\":\"https:\/\/www.foxy.eu\/#organization\",\"name\":\"Foxy | Sempre vicina a te!\",\"alternateName\":\"Scopri tutta la gamma di prodotti e iniziative Foxy. Abbiamo pensato a un mondo su misura per te.\",\"url\":\"https:\/\/www.foxy.eu\/\",\"logo\":{\"@type\":\"ImageObject\",\"inLanguage\":\"pl-PL\",\"@id\":\"https:\/\/www.foxy.eu\/#\/schema\/logo\/image\/\",\"url\":\"https:\/\/enkaz3824io.exactdn.com\/wp-content\/uploads\/2020\/07\/hp_big_logo@2x.png?strip=all&lossy=1&ssl=1\",\"contentUrl\":\"https:\/\/enkaz3824io.exactdn.com\/wp-content\/uploads\/2020\/07\/hp_big_logo@2x.png?strip=all&lossy=1&ssl=1\",\"width\":518,\"height\":366,\"caption\":\"Foxy | Sempre vicina a te!\"},\"image\":{\"@id\":\"https:\/\/www.foxy.eu\/#\/schema\/logo\/image\/\"},\"sameAs\":[\"https:\/\/www.instagram.com\/foxy\/\",\"https:\/\/www.youtube.com\/channel\/UCpCfvrNg7u0O0jSeH9B9ygA\",\"https:\/\/www.facebook.com\/Foxy.Italia\"]}]}<\/script>\n<!-- \/ Yoast SEO plugin. -->","yoast_head_json":{"title":"Ma\u0142e cude\u0144ka - Foxy","robots":{"index":"index","follow":"follow","max-snippet":"max-snippet:-1","max-image-preview":"max-image-preview:large","max-video-preview":"max-video-preview:-1"},"canonical":"https:\/\/www.foxy.eu\/pl\/male-cudenka\/","og_locale":"pl_PL","og_type":"article","og_title":"Ma\u0142e cude\u0144ka - Foxy","og_description":"[vc_row el_class=&#8221;sotto-hero&#8221;][vc_column width=&#8221;5\/6&#8243; el_class=&#8221;text-center&#8221; offset=&#8221;vc_col-lg-offset-3 vc_col-lg-6 vc_col-md-offset-2 vc_col-md-8 vc_col-sm-offset-1&#8243;][vc_column_text] Obud\u017a w sobie ma\u0142ego geniusza! [\/vc_column_text][vc_column_text]Zabawne, \u0142atwe, ekologiczne. Ma\u0142e cude\u0144ka to doskona\u0142y spos\u00f3b na \u015bwietn\u0105 zabaw\u0119, gdy na zewn\u0105trz pada deszcz,...","og_url":"https:\/\/www.foxy.eu\/pl\/male-cudenka\/","og_site_name":"Foxy","article_publisher":"https:\/\/www.facebook.com\/Foxy.Italia","article_modified_time":"2022-05-31T09:24:20+00:00","twitter_card":"summary_large_image","schema":{"@context":"https:\/\/schema.org","@graph":[{"@type":"WebPage","@id":"https:\/\/www.foxy.eu\/pl\/male-cudenka\/","url":"https:\/\/www.foxy.eu\/pl\/male-cudenka\/","name":"Ma\u0142e cude\u0144ka - Foxy","isPartOf":{"@id":"https:\/\/www.foxy.eu\/#website"},"datePublished":"2022-05-26T13:48:06+00:00","dateModified":"2022-05-31T09:24:20+00:00","breadcrumb":{"@id":"https:\/\/www.foxy.eu\/pl\/male-cudenka\/#breadcrumb"},"inLanguage":"pl-PL","potentialAction":[{"@type":"ReadAction","target":["https:\/\/www.foxy.eu\/pl\/male-cudenka\/"]}]},{"@type":"BreadcrumbList","@id":"https:\/\/www.foxy.eu\/pl\/male-cudenka\/#breadcrumb","itemListElement":[{"@type":"ListItem","position":1,"name":"Home","item":"https:\/\/www.foxy.eu\/pl\/"},{"@type":"ListItem","position":2,"name":"Ma\u0142e cude\u0144ka"}]},{"@type":"WebSite","@id":"https:\/\/www.foxy.eu\/#website","url":"https:\/\/www.foxy.eu\/","name":"Foxy","description":"Un nuovo sito targato WordPress","publisher":{"@id":"https:\/\/www.foxy.eu\/#organization"},"alternateName":"Scopri tutta la gamma di prodotti e iniziative Foxy. Abbiamo pensato a un mondo su misura per te.","potentialAction":[{"@type":"SearchAction","target":{"@type":"EntryPoint","urlTemplate":"https:\/\/www.foxy.eu\/?s={search_term_string}"},"query-input":"required name=search_term_string"}],"inLanguage":"pl-PL"},{"@type":"Organization","@id":"https:\/\/www.foxy.eu\/#organization","name":"Foxy | Sempre vicina a te!","alternateName":"Scopri tutta la gamma di prodotti e iniziative Foxy. Abbiamo pensato a un mondo su misura per te.","url":"https:\/\/www.foxy.eu\/","logo":{"@type":"ImageObject","inLanguage":"pl-PL","@id":"https:\/\/www.foxy.eu\/#\/schema\/logo\/image\/","url":"https:\/\/enkaz3824io.exactdn.com\/wp-content\/uploads\/2020\/07\/hp_big_logo@2x.png?strip=all&lossy=1&ssl=1","contentUrl":"https:\/\/enkaz3824io.exactdn.com\/wp-content\/uploads\/2020\/07\/hp_big_logo@2x.png?strip=all&lossy=1&ssl=1","width":518,"height":366,"caption":"Foxy | Sempre vicina a te!"},"image":{"@id":"https:\/\/www.foxy.eu\/#\/schema\/logo\/image\/"},"sameAs":["https:\/\/www.instagram.com\/foxy\/","https:\/\/www.youtube.com\/channel\/UCpCfvrNg7u0O0jSeH9B9ygA","https:\/\/www.facebook.com\/Foxy.Italia"]}]}},"_links":{"self":[{"href":"https:\/\/www.foxy.eu\/pl\/wp-json\/wp\/v2\/pages\/5410"}],"collection":[{"href":"https:\/\/www.foxy.eu\/pl\/wp-json\/wp\/v2\/pages"}],"about":[{"href":"https:\/\/www.foxy.eu\/pl\/wp-json\/wp\/v2\/types\/page"}],"author":[{"embeddable":true,"href":"https:\/\/www.foxy.eu\/pl\/wp-json\/wp\/v2\/users\/1"}],"replies":[{"embeddable":true,"href":"https:\/\/www.foxy.eu\/pl\/wp-json\/wp\/v2\/comments?post=5410"}],"version-history":[{"count":1,"href":"https:\/\/www.foxy.eu\/pl\/wp-json\/wp\/v2\/pages\/5410\/revisions"}],"predecessor-version":[{"id":5414,"href":"https:\/\/www.foxy.eu\/pl\/wp-json\/wp\/v2\/pages\/5410\/revisions\/5414"}],"wp:attachment":[{"href":"https:\/\/www.foxy.eu\/pl\/wp-json\/wp\/v2\/media?parent=5410"}],"wp:term":[{"taxonomy":"category","embeddable":true,"href":"https:\/\/www.foxy.eu\/pl\/wp-json\/wp\/v2\/categories?post=5410"},{"taxonomy":"post_tag","embeddable":true,"href":"https:\/\/www.foxy.eu\/pl\/wp-json\/wp\/v2\/tags?post=5410"}],"curies":[{"name":"wp","href":"https:\/\/api.w.org\/{rel}","templated":true}]}}