
{"id":5359,"date":"2022-05-26T15:47:01","date_gmt":"2022-05-26T13:47:01","guid":{"rendered":"https:\/\/www.foxy.eu\/?page_id=5359"},"modified":"2024-02-02T12:06:36","modified_gmt":"2024-02-02T11:06:36","slug":"zobowiazanie-do-transparentnosci","status":"publish","type":"page","link":"https:\/\/www.foxy.eu\/pl\/zaangazowaniefoxy\/zobowiazanie-do-transparentnosci\/","title":{"rendered":"Zobowi\u0105zanie do transparentno\u015bci"},"content":{"rendered":"<p>[vc_row full_width=&#8221;stretch_row_content&#8221; equal_height=&#8221;yes&#8221; content_placement=&#8221;middle&#8221; el_class=&#8221;sotto-hero&#8221;][vc_column width=&#8221;1\/4&#8243;]<div class=\" ubtn-ctn-left btn-freccia btn-freccia-back bottone-lungo\"><a class=\"ubtn-link ult-adjust-bottom-margin ubtn-left ubtn-large btn-freccia btn-freccia-back bottone-lungo\" href=\"https:\/\/www.foxy.eu\/pl\/papierowe-cuda\/\" title=\"Papierowe Cuda\" ><button type=\"button\" id=\"ubtn-3040\"  class=\"ubtn ult-adjust-bottom-margin ult-responsive ubtn-large ubtn-no-hover-bg  none  ubtn-left   tooltip-69fdee9da6fbf\"  data-hover=\"\" data-border-color=\"\" data-bg=\"\" data-hover-bg=\"\" data-border-hover=\"\" data-shadow-hover=\"\" data-shadow-click=\"none\" data-shadow=\"\" data-shd-shadow=\"\"  data-ultimate-target='#ubtn-3040'  data-responsive-json-new='{\"font-size\":\"\",\"line-height\":\"\"}'  style=\"font-weight:normal;border:none;\"><span class=\"ubtn-hover\" style=\"background-color:\"><\/span><span class=\"ubtn-data ubtn-text \" >Papierowe Cuda<\/span><\/button><\/a><\/div>[\/vc_column][vc_column width=&#8221;1\/2&#8243;][vc_column_text el_class=&#8221;text-center&#8221;]<\/p>\n<h2>Foxy \u2013 Tw\u00f3j \u015bwiadomy wyb\u00f3r.<\/h2>\n<p>[\/vc_column_text][\/vc_column][vc_column width=&#8221;1\/4&#8243;][\/vc_column][\/vc_row][vc_row equal_height=&#8221;yes&#8221; content_placement=&#8221;middle&#8221; el_class=&#8221;mtop40 mbot100&#8243;][vc_column width=&#8221;1\/2&#8243;][vc_single_image image=&#8221;6825&#8243; img_size=&#8221;full&#8221; el_class=&#8221;img-radius img-shadow-basso-destra&#8221;][\/vc_column][vc_column width=&#8221;1\/2&#8243; offset=&#8221;vc_col-lg-offset-1 vc_col-lg-4&#8243;][vc_column_text]<\/p>\n<h3>Dla Foxy transparentno\u015b\u0107 oznacza udzielanie odpowiedzi na pytania dotycz\u0105ce produkt\u00f3w, kt\u00f3rych ka\u017cdy konsument u\u017cywa na co dzie\u0144 w domu.<\/h3>\n<p>[\/vc_column_text][vc_column_text]Dla dla Ciebie i Twojej rodziny bardzo wa\u017cne jest podejmowanie \u015bwiadomych decyzji, dlatego te\u017c firma Foxy zdecydowa\u0142a si\u0119 podawa\u0107 bardziej szczeg\u00f3\u0142owe informacje ni\u017c te, kt\u00f3re s\u0105 zwykle dost\u0119pne na podobnych produktach.[\/vc_column_text][\/vc_column][\/vc_row][vc_row equal_height=&#8221;yes&#8221; content_placement=&#8221;middle&#8221; el_class=&#8221;mbot100&#8243;][vc_column width=&#8221;1\/2&#8243; offset=&#8221;vc_col-lg-offset-1 vc_col-lg-4&#8243;][vc_column_text]<\/p>\n<h3>Tym samym od tego roku na opakowaniach wszystkich produkt\u00f3w Foxy pojawi\u0142o si\u0119 wiele wskaz\u00f3wek, kt\u00f3re jasno okre\u015blaj\u0105:<\/h3>\n<p>[\/vc_column_text][vc_column_text]<\/p>\n<ul class=\"caratteristiche_prodotto\">\n<li>Certyfikat pochodzenia surowc\u00f3w<\/li>\n<li>Specyfikacje techniczne i w\u0142a\u015bciwo\u015bci produktu<\/li>\n<li>Sk\u0142ad i sposoby utylizacji opakowania<\/li>\n<\/ul>\n<p>[\/vc_column_text][\/vc_column][vc_column width=&#8221;1\/2&#8243; offset=&#8221;vc_col-lg-offset-1 vc_col-lg-6&#8243;][vc_single_image image=&#8221;14296&#8243; img_size=&#8221;full&#8221; el_class=&#8221;img-radius img-shadow-basso-destra&#8221;][\/vc_column][\/vc_row][vc_row full_width=&#8221;stretch_row_content_no_spaces&#8221; el_id=&#8221;container_video_tv&#8221;][vc_column][\/vc_column][\/vc_row][vc_row full_width=&#8221;stretch_row&#8221; el_class=&#8221;riga-carousel-etichetta&#8221;][vc_column offset=&#8221;vc_col-lg-offset-1 vc_col-lg-10&#8243;][vc_column_text el_class=&#8221;text-center&#8221;]<\/p>\n<h2>Przeczytaj etykiet\u0119<\/h2>\n<p>[\/vc_column_text]<div id=\"ult-carousel-93818801469fdee9da70d5\" class=\"ult-carousel-wrapper  carousel-etichetta ult_horizontal\" data-gutter=\"15\" data-rtl=\"false\" ><div class=\"ult-carousel-163603161869fdee9da7053 \" >[vc_row_inner el_class=&#8221;row-flex&#8221;][vc_column_inner el_class=&#8221;col-flex colonna-sx&#8221; width=&#8221;1\/2&#8243;][vc_single_image image=&#8221;7009&#8243; img_size=&#8221;full&#8221;][vc_column_text el_class=&#8221;box-nota-etichetta&#8221;]Te informacje znajdziesz na opakowaniach wszystkich produkt\u00f3w Fox[\/vc_column_text][\/vc_column_inner][vc_column_inner el_class=&#8221;col-flex colonna-dx&#8221; width=&#8221;1\/2&#8243; offset=&#8221;vc_col-lg-5&#8243;][vc_column_text]<\/p>\n<h4>Certyfikat pochodzenia surowc\u00f3w<\/h4>\n<p>[\/vc_column_text][vc_column_text]Wszystkie artyku\u0142y Foxy s\u0105 produkowane z czystej, <strong>pierwotnej celulozy<\/strong>: na opakowaniu znajduje si\u0119 certyfikat FSC<sup>\u00ae<\/sup> lub PEFC.<\/p>\n<p>Certyfikaty te s\u0105 gwarancj\u0105 tego, \u017ce u\u017cyta celuloza pochodzi z <strong>odpowiedzialnie zarz\u0105dzanych las\u00f3w i kontrolowanych \u017ar\u00f3de\u0142.<\/strong>[\/vc_column_text][\/vc_column_inner][\/vc_row_inner][vc_row_inner el_class=&#8221;row-flex&#8221;][vc_column_inner el_class=&#8221;col-flex colonna-sx&#8221; width=&#8221;1\/2&#8243;][vc_single_image image=&#8221;7013&#8243; img_size=&#8221;full&#8221;][vc_column_text el_class=&#8221;box-nota-etichetta&#8221;]Te informacje znajdziesz na opakowaniach wszystkich produkt\u00f3w Fox[\/vc_column_text][\/vc_column_inner][vc_column_inner el_class=&#8221;col-flex colonna-dx&#8221; width=&#8221;1\/2&#8243; offset=&#8221;vc_col-lg-5&#8243;][vc_column_text]<\/p>\n<h4>Sk\u0142ad opakowania<\/h4>\n<p>[\/vc_column_text][vc_column_text]Opakowania produkt\u00f3w Foxy s\u0105 wykonane z polietylenu i <strong>zawsze w pe\u0142ni podlegaj\u0105 recyklingowi,<\/strong> <strong>jednorazowe z plastiku<\/strong>.<\/p>\n<p><strong>Od 2020 roku dla niekt\u00f3rych produkt\u00f3w zosta\u0142 wprowadzony nowy rodzaj opakowania wykonany w 30% z plastiku pochodz\u0105cego z recyklingu.<\/strong> Wykorzystanie przetworzonego plastiku opr\u00f3cz zmniejszenia zu\u017cycia pierwotnego plastiku, stymuluje \u0142a\u0144cuch odzyskiwania, daj\u0105c now\u0105 warto\u015b\u0107 materia\u0142om nadaj\u0105cym si\u0119 do recyklingu.[\/vc_column_text][\/vc_column_inner][\/vc_row_inner][vc_row_inner el_class=&#8221;row-flex&#8221;][vc_column_inner el_class=&#8221;col-flex colonna-sx&#8221; width=&#8221;1\/2&#8243;][vc_single_image image=&#8221;7017&#8243; img_size=&#8221;full&#8221;][vc_column_text el_class=&#8221;box-nota-etichetta&#8221;]Te informacje znajdziesz na opakowaniach wszystkich produkt\u00f3w Fox[\/vc_column_text][\/vc_column_inner][vc_column_inner el_class=&#8221;col-flex colonna-dx&#8221; width=&#8221;1\/2&#8243; offset=&#8221;vc_col-lg-5&#8243;][vc_column_text]<\/p>\n<h4>Wskaz\u00f3wki i porady dotycz\u0105ce u\u017cytkowania produktu<\/h4>\n<p>[\/vc_column_text][vc_column_text]Na tyle opakowania umie\u015bcili\u015bmy seri\u0119 wskaz\u00f3wek, kt\u00f3re bardzo jasno i dok\u0142adnie przedstawiaj\u0105 w\u0142a\u015bciwo\u015bci produktu: nie tylko <strong>szczeg\u00f3\u0142owy opis jego dzia\u0142ania<\/strong>, ale te\u017c <strong>porady dotycz\u0105ce u\u017cytkowania<\/strong>, dzi\u0119ki kt\u00f3rym wyr\u00f3\u017cnia si\u0119 on w\u015br\u00f3d innych artyku\u0142\u00f3w.[\/vc_column_text][\/vc_column_inner][\/vc_row_inner][vc_row_inner el_class=&#8221;row-flex&#8221;][vc_column_inner el_class=&#8221;col-flex colonna-sx&#8221; width=&#8221;1\/2&#8243;][vc_single_image image=&#8221;7022&#8243; img_size=&#8221;full&#8221;][vc_column_text el_class=&#8221;box-nota-etichetta&#8221;]Te informacje znajdziesz na opakowaniach wszystkich produkt\u00f3w Fox[\/vc_column_text][\/vc_column_inner][vc_column_inner el_class=&#8221;col-flex colonna-dx&#8221; width=&#8221;1\/2&#8243; offset=&#8221;vc_col-lg-5&#8243;][vc_column_text]<\/p>\n<h4>Specyfikacje techniczne<\/h4>\n<p>[\/vc_column_text][vc_column_text]Specyfikacje techniczne przedstawione s\u0105 w czytelnej tabeli obejmuj\u0105cej: <strong>sk\u0142ad, liczb\u0119 warstw, liczb\u0119 listk\u00f3w na pojedyncz\u0105 rolk\u0119 i wymiary.<\/strong><\/p>\n<p>Informacje te zosta\u0142y <strong>po raz pierwszy <\/strong>udost\u0119pnione dla tego rodzaju produkt\u00f3w. Dzi\u0119ki nim mo\u017cesz dokonywa\u0107<strong> \u015bwiadomych wybor\u00f3w zakupowych.<\/strong>[\/vc_column_text][\/vc_column_inner][\/vc_row_inner][vc_row_inner el_class=&#8221;row-flex&#8221;][vc_column_inner el_class=&#8221;col-flex colonna-sx&#8221; width=&#8221;1\/2&#8243;][vc_single_image image=&#8221;7030&#8243; img_size=&#8221;full&#8221;][vc_column_text el_class=&#8221;box-nota-etichetta&#8221;]Te informacje znajdziesz na opakowaniach wszystkich produkt\u00f3w Fox[\/vc_column_text][\/vc_column_inner][vc_column_inner el_class=&#8221;col-flex colonna-dx&#8221; width=&#8221;1\/2&#8243; offset=&#8221;vc_col-lg-5&#8243;][vc_column_text]<\/p>\n<h4>Kontakt<\/h4>\n<p>[\/vc_column_text][vc_column_text]Wraz z wprowadzeniem innowacyjnych opakowa\u0144 udost\u0119pnili\u015bmy wszystkie informacje o produktach. Jednak dla Foxy nadal bardzo wa\u017cne jest<strong> utrzymanie sta\u0142ej relacji z u\u017cytkownikami<\/strong> za po\u015brednictwem r\u00f3\u017cnych narz\u0119dzi: bezp\u0142atnego numeru, e-maila po\u015bwi\u0119conego obs\u0142udze klienta, linka do strony internetowej Foxy dost\u0119pnego bezpo\u015brednio r\u00f3wnie\u017c przy u\u017cyciu kodu QR oraz wszystkich kana\u0142\u00f3w spo\u0142eczno\u015bciowych.[\/vc_column_text][\/vc_column_inner][\/vc_row_inner]<\/div><\/div>\t\t\t<script type=\"text\/javascript\">\r\n\t\t\t\tjQuery(document).ready(function ($) {\r\n\t\t\t\t\tif( typeof jQuery('.ult-carousel-163603161869fdee9da7053').slick == \"function\"){\r\n\t\t\t\t\t\t$('.ult-carousel-163603161869fdee9da7053').slick({dots: true,autoplaySpeed: 5000,speed: 500,infinite: true,arrows: true,nextArrow: '<button type=\"button\" role=\"button\" aria-label=\"Next\" style=\"color:#1e2d75; font-size:20px;\" class=\"slick-next default\"><i class=\"ultsl-arrow-right6\"><\/i><\/button>',prevArrow: '<button type=\"button\" role=\"button\" aria-label=\"Previous\" style=\"color:#1e2d75; font-size:20px;\" class=\"slick-prev default\"><i class=\"ultsl-arrow-left6\"><\/i><\/button>',slidesToScroll:1,slidesToShow:1,swipe: true,draggable: true,touchMove: true,pauseOnHover: true,pauseOnFocus: false,responsive: [\r\n\t\t\t\t\t\t\t{\r\n\t\t\t\t\t\t\t  breakpoint: 1026,\r\n\t\t\t\t\t\t\t  settings: {\r\n\t\t\t\t\t\t\t\tslidesToShow: 1,\r\n\t\t\t\t\t\t\t\tslidesToScroll: 1,  \r\n\t\t\t\t\t\t\t  }\r\n\t\t\t\t\t\t\t},\r\n\t\t\t\t\t\t\t{\r\n\t\t\t\t\t\t\t  breakpoint: 1025,\r\n\t\t\t\t\t\t\t  settings: {\r\n\t\t\t\t\t\t\t\tslidesToShow: 1,\r\n\t\t\t\t\t\t\t\tslidesToScroll: 1\r\n\t\t\t\t\t\t\t  }\r\n\t\t\t\t\t\t\t},\r\n\t\t\t\t\t\t\t{\r\n\t\t\t\t\t\t\t  breakpoint: 760,\r\n\t\t\t\t\t\t\t  settings: {\r\n\t\t\t\t\t\t\t\tslidesToShow: 1,\r\n\t\t\t\t\t\t\t\tslidesToScroll: 1\r\n\t\t\t\t\t\t\t  }\r\n\t\t\t\t\t\t\t}\r\n\t\t\t\t\t\t],pauseOnDotsHover: true,customPaging: function(slider, i) {\r\n                   return '<i type=\"button\" style= \"color:#cccccc;\" class=\"ultsl-record\" data-role=\"none\"><\/i>';\r\n                },});\r\n\t\t\t\t\t}\r\n\t\t\t\t});\r\n\t\t\t<\/script>\r\n\t\t\t[\/vc_column][\/vc_row][vc_row full_width=&#8221;stretch_row&#8221; equal_height=&#8221;yes&#8221; content_placement=&#8221;top&#8221; el_class=&#8221;riga-certificazioni-green mtop60&#8243;][vc_column offset=&#8221;vc_col-lg-offset-1 vc_col-lg-4 vc_col-md-12&#8243;][vc_column_text]<\/p>\n<h3>Certyfikat pochodzenia surowc\u00f3w.<\/h3>\n<p>[\/vc_column_text][vc_column_text]<\/p>\n<p style=\"font-weight: 400;\"><strong>Wszystkie produkty wykonane s\u0105 w 100% z czystej \u00a0celulozy.<br \/>\n<\/strong>Produkty Foxy posiadaj\u0105 certyfikaty zgodne z g\u0142\u00f3wnymi standardami kontroli pochodzenia, co gwarantuje, \u017ce u\u017cywana celuloza pochodzi z odpowiedzialnie zarz\u0105dzanych las\u00f3w i innych kontrolowanych \u017ar\u00f3de\u0142.<br \/>\nSzczeg\u00f3\u0142y dotycz\u0105ce certyfikacji mo\u017cna sprawdzi\u0107 na dedykowanych stronach produktowych.<\/p>\n<p>[\/vc_column_text][\/vc_column][vc_column width=&#8221;1\/2&#8243; offset=&#8221;vc_col-lg-offset-1 vc_col-lg-3 vc_col-md-6&#8243; el_class=&#8221;col-icona-certificazione&#8221;][vc_single_image image=&#8221;16389&#8243; img_size=&#8221;full&#8221; alignment=&#8221;center&#8221;][vc_column_text el_class=&#8221;text-center&#8221;]<\/p>\n<p style=\"text-align: left;\"><strong>Forest Stewardship Council<sup>\u00ae<\/sup> (FSC<sup>\u00ae<\/sup>)\u00a0<\/strong>to mi\u0119dzynarodowa organizacja non-profit okre\u015blaj\u0105ca standardy odpowiedzialnej gospodarki le\u015bnej z uwzgl\u0119dnieniem aspekt\u00f3w ekologicznych, ekonomicznych i spo\u0142ecznych.<br \/>\nWi\u0119cej informacji mo\u017cna znale\u017a\u0107 na stronie\u00a0<u><a href=\"https:\/\/urlsand.esvalabs.com\/?u=http%3A%2F%2Fwww.fsc.org&amp;e=c2ef9982&amp;h=d81afc60&amp;f=y&amp;p=n\" data-saferedirecturl=\"https:\/\/www.google.com\/url?q=https:\/\/urlsand.esvalabs.com\/?u%3Dhttp%253A%252F%252Fwww.fsc.org%26e%3Dc2ef9982%26h%3Dd81afc60%26f%3Dy%26p%3Dn&amp;source=gmail&amp;ust=1706951063722000&amp;usg=AOvVaw1sqwxrdAgpL7C1Pgy3Rm0h\">www.fsc.org<\/a><\/u><\/p>\n<p>[\/vc_column_text][\/vc_column][vc_column width=&#8221;1\/2&#8243; offset=&#8221;vc_col-lg-3 vc_col-md-6&#8243; el_class=&#8221;col-icona-certificazione&#8221;][vc_single_image image=&#8221;16394&#8243; img_size=&#8221;full&#8221; alignment=&#8221;center&#8221;][vc_column_text el_class=&#8221;text-center&#8221;]<\/p>\n<p style=\"text-align: left;\"><strong>PEFC (Program for Endorsement of Forest Certification scheme)<\/strong> to mi\u0119dzynarodowe stowarzyszenie non-profit, kt\u00f3re promuje i zarz\u0105dza systemem certyfikacji dla zr\u00f3wnowa\u017conej gospodarki le\u015bnej.<\/p>\n<p>[\/vc_column_text][\/vc_column][\/vc_row]<\/p>\n","protected":false},"excerpt":{"rendered":"<p>[vc_row full_width=&#8221;stretch_row_content&#8221; equal_height=&#8221;yes&#8221; content_placement=&#8221;middle&#8221; el_class=&#8221;sotto-hero&#8221;][vc_column width=&#8221;1\/4&#8243;][\/vc_column][vc_column width=&#8221;1\/2&#8243;][vc_column_text el_class=&#8221;text-center&#8221;] Foxy \u2013 Tw\u00f3j \u015bwiadomy wyb\u00f3r. [\/vc_column_text][\/vc_column][vc_column width=&#8221;1\/4&#8243;][\/vc_column][\/vc_row][vc_row equal_height=&#8221;yes&#8221; content_placement=&#8221;middle&#8221; el_class=&#8221;mtop40 mbot100&#8243;][vc_column width=&#8221;1\/2&#8243;][vc_single_image image=&#8221;6825&#8243; img_size=&#8221;full&#8221; el_class=&#8221;img-radius img-shadow-basso-destra&#8221;][\/vc_column][vc_column width=&#8221;1\/2&#8243; offset=&#8221;vc_col-lg-offset-1 vc_col-lg-4&#8243;][vc_column_text] Dla Foxy transparentno\u015b\u0107&#8230;<\/p>\n","protected":false},"author":1,"featured_media":0,"parent":21081,"menu_order":0,"comment_status":"closed","ping_status":"closed","template":"template-page-mondo-foxy.php","meta":[],"categories":[],"tags":[],"yoast_head":"<!-- This site is optimized with the Yoast SEO plugin v19.14 - https:\/\/yoast.com\/wordpress\/plugins\/seo\/ -->\n<title>Zobowi\u0105zanie do transparentno\u015bci - Foxy<\/title>\n<meta name=\"robots\" content=\"index, follow, max-snippet:-1, max-image-preview:large, max-video-preview:-1\" \/>\n<link rel=\"canonical\" href=\"https:\/\/www.foxy.eu\/pl\/papierowe-cuda\/zobowiazanie-do-transparentnosci\/\" \/>\n<meta property=\"og:locale\" content=\"pl_PL\" \/>\n<meta property=\"og:type\" content=\"article\" \/>\n<meta property=\"og:title\" content=\"Zobowi\u0105zanie do transparentno\u015bci - Foxy\" \/>\n<meta property=\"og:description\" content=\"[vc_row full_width=&#8221;stretch_row_content&#8221; equal_height=&#8221;yes&#8221; content_placement=&#8221;middle&#8221; el_class=&#8221;sotto-hero&#8221;][vc_column width=&#8221;1\/4&#8243;][\/vc_column][vc_column width=&#8221;1\/2&#8243;][vc_column_text el_class=&#8221;text-center&#8221;] Foxy \u2013 Tw\u00f3j \u015bwiadomy wyb\u00f3r. [\/vc_column_text][\/vc_column][vc_column width=&#8221;1\/4&#8243;][\/vc_column][\/vc_row][vc_row equal_height=&#8221;yes&#8221; content_placement=&#8221;middle&#8221; el_class=&#8221;mtop40 mbot100&#8243;][vc_column width=&#8221;1\/2&#8243;][vc_single_image image=&#8221;6825&#8243; img_size=&#8221;full&#8221; el_class=&#8221;img-radius img-shadow-basso-destra&#8221;][\/vc_column][vc_column width=&#8221;1\/2&#8243; offset=&#8221;vc_col-lg-offset-1 vc_col-lg-4&#8243;][vc_column_text] Dla Foxy transparentno\u015b\u0107...\" \/>\n<meta property=\"og:url\" content=\"https:\/\/www.foxy.eu\/pl\/papierowe-cuda\/zobowiazanie-do-transparentnosci\/\" \/>\n<meta property=\"og:site_name\" content=\"Foxy\" \/>\n<meta property=\"article:publisher\" content=\"https:\/\/www.facebook.com\/Foxy.Italia\" \/>\n<meta property=\"article:modified_time\" content=\"2024-02-02T11:06:36+00:00\" \/>\n<meta name=\"twitter:card\" content=\"summary_large_image\" \/>\n<meta name=\"twitter:label1\" content=\"Est. reading time\" \/>\n\t<meta name=\"twitter:data1\" content=\"4 minuty\" \/>\n<script type=\"application\/ld+json\" class=\"yoast-schema-graph\">{\"@context\":\"https:\/\/schema.org\",\"@graph\":[{\"@type\":\"WebPage\",\"@id\":\"https:\/\/www.foxy.eu\/pl\/papierowe-cuda\/zobowiazanie-do-transparentnosci\/\",\"url\":\"https:\/\/www.foxy.eu\/pl\/papierowe-cuda\/zobowiazanie-do-transparentnosci\/\",\"name\":\"Zobowi\u0105zanie do transparentno\u015bci - Foxy\",\"isPartOf\":{\"@id\":\"https:\/\/www.foxy.eu\/#website\"},\"datePublished\":\"2022-05-26T13:47:01+00:00\",\"dateModified\":\"2024-02-02T11:06:36+00:00\",\"breadcrumb\":{\"@id\":\"https:\/\/www.foxy.eu\/pl\/papierowe-cuda\/zobowiazanie-do-transparentnosci\/#breadcrumb\"},\"inLanguage\":\"pl-PL\",\"potentialAction\":[{\"@type\":\"ReadAction\",\"target\":[\"https:\/\/www.foxy.eu\/pl\/papierowe-cuda\/zobowiazanie-do-transparentnosci\/\"]}]},{\"@type\":\"BreadcrumbList\",\"@id\":\"https:\/\/www.foxy.eu\/pl\/papierowe-cuda\/zobowiazanie-do-transparentnosci\/#breadcrumb\",\"itemListElement\":[{\"@type\":\"ListItem\",\"position\":1,\"name\":\"Home\",\"item\":\"https:\/\/www.foxy.eu\/pl\/\"},{\"@type\":\"ListItem\",\"position\":2,\"name\":\"Papierowe cuda\",\"item\":\"https:\/\/www.foxy.eu\/pl\/papierowe-cuda\/\"},{\"@type\":\"ListItem\",\"position\":3,\"name\":\"Zobowi\u0105zanie do transparentno\u015bci\"}]},{\"@type\":\"WebSite\",\"@id\":\"https:\/\/www.foxy.eu\/#website\",\"url\":\"https:\/\/www.foxy.eu\/\",\"name\":\"Foxy\",\"description\":\"Un nuovo sito targato WordPress\",\"publisher\":{\"@id\":\"https:\/\/www.foxy.eu\/#organization\"},\"alternateName\":\"Scopri tutta la gamma di prodotti e iniziative Foxy. Abbiamo pensato a un mondo su misura per te.\",\"potentialAction\":[{\"@type\":\"SearchAction\",\"target\":{\"@type\":\"EntryPoint\",\"urlTemplate\":\"https:\/\/www.foxy.eu\/?s={search_term_string}\"},\"query-input\":\"required name=search_term_string\"}],\"inLanguage\":\"pl-PL\"},{\"@type\":\"Organization\",\"@id\":\"https:\/\/www.foxy.eu\/#organization\",\"name\":\"Foxy | Sempre vicina a te!\",\"alternateName\":\"Scopri tutta la gamma di prodotti e iniziative Foxy. Abbiamo pensato a un mondo su misura per te.\",\"url\":\"https:\/\/www.foxy.eu\/\",\"logo\":{\"@type\":\"ImageObject\",\"inLanguage\":\"pl-PL\",\"@id\":\"https:\/\/www.foxy.eu\/#\/schema\/logo\/image\/\",\"url\":\"https:\/\/enkaz3824io.exactdn.com\/wp-content\/uploads\/2020\/07\/hp_big_logo@2x.png?strip=all&lossy=1&ssl=1\",\"contentUrl\":\"https:\/\/enkaz3824io.exactdn.com\/wp-content\/uploads\/2020\/07\/hp_big_logo@2x.png?strip=all&lossy=1&ssl=1\",\"width\":518,\"height\":366,\"caption\":\"Foxy | Sempre vicina a te!\"},\"image\":{\"@id\":\"https:\/\/www.foxy.eu\/#\/schema\/logo\/image\/\"},\"sameAs\":[\"https:\/\/www.instagram.com\/foxy\/\",\"https:\/\/www.youtube.com\/channel\/UCpCfvrNg7u0O0jSeH9B9ygA\",\"https:\/\/www.facebook.com\/Foxy.Italia\"]}]}<\/script>\n<!-- \/ Yoast SEO plugin. -->","yoast_head_json":{"title":"Zobowi\u0105zanie do transparentno\u015bci - Foxy","robots":{"index":"index","follow":"follow","max-snippet":"max-snippet:-1","max-image-preview":"max-image-preview:large","max-video-preview":"max-video-preview:-1"},"canonical":"https:\/\/www.foxy.eu\/pl\/papierowe-cuda\/zobowiazanie-do-transparentnosci\/","og_locale":"pl_PL","og_type":"article","og_title":"Zobowi\u0105zanie do transparentno\u015bci - Foxy","og_description":"[vc_row full_width=&#8221;stretch_row_content&#8221; equal_height=&#8221;yes&#8221; content_placement=&#8221;middle&#8221; el_class=&#8221;sotto-hero&#8221;][vc_column width=&#8221;1\/4&#8243;][\/vc_column][vc_column width=&#8221;1\/2&#8243;][vc_column_text el_class=&#8221;text-center&#8221;] Foxy \u2013 Tw\u00f3j \u015bwiadomy wyb\u00f3r. [\/vc_column_text][\/vc_column][vc_column width=&#8221;1\/4&#8243;][\/vc_column][\/vc_row][vc_row equal_height=&#8221;yes&#8221; content_placement=&#8221;middle&#8221; el_class=&#8221;mtop40 mbot100&#8243;][vc_column width=&#8221;1\/2&#8243;][vc_single_image image=&#8221;6825&#8243; img_size=&#8221;full&#8221; el_class=&#8221;img-radius img-shadow-basso-destra&#8221;][\/vc_column][vc_column width=&#8221;1\/2&#8243; offset=&#8221;vc_col-lg-offset-1 vc_col-lg-4&#8243;][vc_column_text] Dla Foxy transparentno\u015b\u0107...","og_url":"https:\/\/www.foxy.eu\/pl\/papierowe-cuda\/zobowiazanie-do-transparentnosci\/","og_site_name":"Foxy","article_publisher":"https:\/\/www.facebook.com\/Foxy.Italia","article_modified_time":"2024-02-02T11:06:36+00:00","twitter_card":"summary_large_image","twitter_misc":{"Est. reading time":"4 minuty"},"schema":{"@context":"https:\/\/schema.org","@graph":[{"@type":"WebPage","@id":"https:\/\/www.foxy.eu\/pl\/papierowe-cuda\/zobowiazanie-do-transparentnosci\/","url":"https:\/\/www.foxy.eu\/pl\/papierowe-cuda\/zobowiazanie-do-transparentnosci\/","name":"Zobowi\u0105zanie do transparentno\u015bci - Foxy","isPartOf":{"@id":"https:\/\/www.foxy.eu\/#website"},"datePublished":"2022-05-26T13:47:01+00:00","dateModified":"2024-02-02T11:06:36+00:00","breadcrumb":{"@id":"https:\/\/www.foxy.eu\/pl\/papierowe-cuda\/zobowiazanie-do-transparentnosci\/#breadcrumb"},"inLanguage":"pl-PL","potentialAction":[{"@type":"ReadAction","target":["https:\/\/www.foxy.eu\/pl\/papierowe-cuda\/zobowiazanie-do-transparentnosci\/"]}]},{"@type":"BreadcrumbList","@id":"https:\/\/www.foxy.eu\/pl\/papierowe-cuda\/zobowiazanie-do-transparentnosci\/#breadcrumb","itemListElement":[{"@type":"ListItem","position":1,"name":"Home","item":"https:\/\/www.foxy.eu\/pl\/"},{"@type":"ListItem","position":2,"name":"Papierowe cuda","item":"https:\/\/www.foxy.eu\/pl\/papierowe-cuda\/"},{"@type":"ListItem","position":3,"name":"Zobowi\u0105zanie do transparentno\u015bci"}]},{"@type":"WebSite","@id":"https:\/\/www.foxy.eu\/#website","url":"https:\/\/www.foxy.eu\/","name":"Foxy","description":"Un nuovo sito targato WordPress","publisher":{"@id":"https:\/\/www.foxy.eu\/#organization"},"alternateName":"Scopri tutta la gamma di prodotti e iniziative Foxy. Abbiamo pensato a un mondo su misura per te.","potentialAction":[{"@type":"SearchAction","target":{"@type":"EntryPoint","urlTemplate":"https:\/\/www.foxy.eu\/?s={search_term_string}"},"query-input":"required name=search_term_string"}],"inLanguage":"pl-PL"},{"@type":"Organization","@id":"https:\/\/www.foxy.eu\/#organization","name":"Foxy | Sempre vicina a te!","alternateName":"Scopri tutta la gamma di prodotti e iniziative Foxy. Abbiamo pensato a un mondo su misura per te.","url":"https:\/\/www.foxy.eu\/","logo":{"@type":"ImageObject","inLanguage":"pl-PL","@id":"https:\/\/www.foxy.eu\/#\/schema\/logo\/image\/","url":"https:\/\/enkaz3824io.exactdn.com\/wp-content\/uploads\/2020\/07\/hp_big_logo@2x.png?strip=all&lossy=1&ssl=1","contentUrl":"https:\/\/enkaz3824io.exactdn.com\/wp-content\/uploads\/2020\/07\/hp_big_logo@2x.png?strip=all&lossy=1&ssl=1","width":518,"height":366,"caption":"Foxy | Sempre vicina a te!"},"image":{"@id":"https:\/\/www.foxy.eu\/#\/schema\/logo\/image\/"},"sameAs":["https:\/\/www.instagram.com\/foxy\/","https:\/\/www.youtube.com\/channel\/UCpCfvrNg7u0O0jSeH9B9ygA","https:\/\/www.facebook.com\/Foxy.Italia"]}]}},"_links":{"self":[{"href":"https:\/\/www.foxy.eu\/pl\/wp-json\/wp\/v2\/pages\/5359"}],"collection":[{"href":"https:\/\/www.foxy.eu\/pl\/wp-json\/wp\/v2\/pages"}],"about":[{"href":"https:\/\/www.foxy.eu\/pl\/wp-json\/wp\/v2\/types\/page"}],"author":[{"embeddable":true,"href":"https:\/\/www.foxy.eu\/pl\/wp-json\/wp\/v2\/users\/1"}],"replies":[{"embeddable":true,"href":"https:\/\/www.foxy.eu\/pl\/wp-json\/wp\/v2\/comments?post=5359"}],"version-history":[{"count":39,"href":"https:\/\/www.foxy.eu\/pl\/wp-json\/wp\/v2\/pages\/5359\/revisions"}],"predecessor-version":[{"id":16445,"href":"https:\/\/www.foxy.eu\/pl\/wp-json\/wp\/v2\/pages\/5359\/revisions\/16445"}],"up":[{"embeddable":true,"href":"https:\/\/www.foxy.eu\/pl\/wp-json\/wp\/v2\/pages\/21081"}],"wp:attachment":[{"href":"https:\/\/www.foxy.eu\/pl\/wp-json\/wp\/v2\/media?parent=5359"}],"wp:term":[{"taxonomy":"category","embeddable":true,"href":"https:\/\/www.foxy.eu\/pl\/wp-json\/wp\/v2\/categories?post=5359"},{"taxonomy":"post_tag","embeddable":true,"href":"https:\/\/www.foxy.eu\/pl\/wp-json\/wp\/v2\/tags?post=5359"}],"curies":[{"name":"wp","href":"https:\/\/api.w.org\/{rel}","templated":true}]}}