
{"id":5351,"date":"2022-05-30T12:00:48","date_gmt":"2022-05-30T10:00:48","guid":{"rendered":"https:\/\/www.foxy.eu\/?page_id=5351"},"modified":"2022-05-31T13:04:44","modified_gmt":"2022-05-31T11:04:44","slug":"foxy-w-telewizji","status":"publish","type":"page","link":"https:\/\/www.foxy.eu\/pl\/swiat-foxy\/foxy-w-telewizji\/","title":{"rendered":"Foxy w telewizji"},"content":{"rendered":"<p>[vc_row][vc_column offset=&#8221;vc_col-lg-offset-1 vc_col-lg-5 vc_col-md-offset-1 vc_col-md-10&#8243;][vc_column_text]<\/p>\n<h2>Firma Foxy zadebiutowa\u0142a na w\u0142oskim rynku w 1982 roku, natomiast w Polsce w 2004: na wszystkich opakowaniach od pocz\u0105tku pojawia si\u0119 \u0142adny lisek, symbolizuj\u0105cy sprytne rozwi\u0105zania i mi\u0119kko\u015b\u0107, kt\u00f3re od zawsze charakteryzowa\u0142y ca\u0142\u0105 produkcj\u0119 tej marki.<\/h2>\n<p>[\/vc_column_text][\/vc_column][vc_column offset=&#8221;vc_col-lg-offset-1 vc_col-lg-4 vc_col-md-offset-1 vc_col-md-10&#8243;][vc_column_text]Jako\u015b\u0107 surowc\u00f3w, dba\u0142o\u015b\u0107 o szczeg\u00f3\u0142y i ci\u0105g\u0142e d\u0105\u017cenie do bycia \u201eZawsze blisko Ciebie\u201d sprawi\u0142y, \u017ce z biegiem czasu Foxy sta\u0142a si\u0119 jedn\u0105 z najpopularniejszych marek w\u015br\u00f3d konsument\u00f3w.<\/p>\n<p>R\u00f3wnie\u017c dzi\u0119ki reklamie, kt\u00f3ra wprowadzi\u0142a Foxy i jej produkty do dom\u00f3w wszystkich Polak\u00f3w.[\/vc_column_text][\/vc_column][\/vc_row]<\/p>\n","protected":false},"excerpt":{"rendered":"<p>[vc_row][vc_column offset=&#8221;vc_col-lg-offset-1 vc_col-lg-5 vc_col-md-offset-1 vc_col-md-10&#8243;][vc_column_text] Firma Foxy zadebiutowa\u0142a na w\u0142oskim rynku w 1982 roku, natomiast w Polsce w 2004: na wszystkich opakowaniach od pocz\u0105tku pojawia si\u0119 \u0142adny lisek, symbolizuj\u0105cy sprytne&#8230;<\/p>\n","protected":false},"author":1,"featured_media":0,"parent":5191,"menu_order":0,"comment_status":"closed","ping_status":"closed","template":"template-foxy-in-tv.php","meta":[],"categories":[],"tags":[],"yoast_head":"<!-- This site is optimized with the Yoast SEO plugin v19.14 - https:\/\/yoast.com\/wordpress\/plugins\/seo\/ -->\n<title>Foxy w telewizji - Foxy<\/title>\n<meta name=\"robots\" content=\"index, follow, max-snippet:-1, max-image-preview:large, max-video-preview:-1\" \/>\n<link rel=\"canonical\" href=\"https:\/\/www.foxy.eu\/pl\/swiat-foxy\/foxy-w-telewizji\/\" \/>\n<meta property=\"og:locale\" content=\"pl_PL\" \/>\n<meta property=\"og:type\" content=\"article\" \/>\n<meta property=\"og:title\" content=\"Foxy w telewizji - Foxy\" \/>\n<meta property=\"og:description\" content=\"[vc_row][vc_column offset=&#8221;vc_col-lg-offset-1 vc_col-lg-5 vc_col-md-offset-1 vc_col-md-10&#8243;][vc_column_text] Firma Foxy zadebiutowa\u0142a na w\u0142oskim rynku w 1982 roku, natomiast w Polsce w 2004: na wszystkich opakowaniach od pocz\u0105tku pojawia si\u0119 \u0142adny lisek, symbolizuj\u0105cy sprytne...\" \/>\n<meta property=\"og:url\" content=\"https:\/\/www.foxy.eu\/pl\/swiat-foxy\/foxy-w-telewizji\/\" \/>\n<meta property=\"og:site_name\" content=\"Foxy\" \/>\n<meta property=\"article:publisher\" content=\"https:\/\/www.facebook.com\/Foxy.Italia\" \/>\n<meta property=\"article:modified_time\" content=\"2022-05-31T11:04:44+00:00\" \/>\n<meta name=\"twitter:card\" content=\"summary_large_image\" \/>\n<meta name=\"twitter:label1\" content=\"Est. reading time\" \/>\n\t<meta name=\"twitter:data1\" content=\"1 minuta\" \/>\n<script type=\"application\/ld+json\" class=\"yoast-schema-graph\">{\"@context\":\"https:\/\/schema.org\",\"@graph\":[{\"@type\":\"WebPage\",\"@id\":\"https:\/\/www.foxy.eu\/pl\/swiat-foxy\/foxy-w-telewizji\/\",\"url\":\"https:\/\/www.foxy.eu\/pl\/swiat-foxy\/foxy-w-telewizji\/\",\"name\":\"Foxy w telewizji - Foxy\",\"isPartOf\":{\"@id\":\"https:\/\/www.foxy.eu\/#website\"},\"datePublished\":\"2022-05-30T10:00:48+00:00\",\"dateModified\":\"2022-05-31T11:04:44+00:00\",\"breadcrumb\":{\"@id\":\"https:\/\/www.foxy.eu\/pl\/swiat-foxy\/foxy-w-telewizji\/#breadcrumb\"},\"inLanguage\":\"pl-PL\",\"potentialAction\":[{\"@type\":\"ReadAction\",\"target\":[\"https:\/\/www.foxy.eu\/pl\/swiat-foxy\/foxy-w-telewizji\/\"]}]},{\"@type\":\"BreadcrumbList\",\"@id\":\"https:\/\/www.foxy.eu\/pl\/swiat-foxy\/foxy-w-telewizji\/#breadcrumb\",\"itemListElement\":[{\"@type\":\"ListItem\",\"position\":1,\"name\":\"Home\",\"item\":\"https:\/\/www.foxy.eu\/pl\/\"},{\"@type\":\"ListItem\",\"position\":2,\"name\":\"\u015awiat Foxy\",\"item\":\"https:\/\/www.foxy.eu\/pl\/swiat-foxy\/\"},{\"@type\":\"ListItem\",\"position\":3,\"name\":\"Foxy w telewizji\"}]},{\"@type\":\"WebSite\",\"@id\":\"https:\/\/www.foxy.eu\/#website\",\"url\":\"https:\/\/www.foxy.eu\/\",\"name\":\"Foxy\",\"description\":\"Un nuovo sito targato WordPress\",\"publisher\":{\"@id\":\"https:\/\/www.foxy.eu\/#organization\"},\"alternateName\":\"Scopri tutta la gamma di prodotti e iniziative Foxy. Abbiamo pensato a un mondo su misura per te.\",\"potentialAction\":[{\"@type\":\"SearchAction\",\"target\":{\"@type\":\"EntryPoint\",\"urlTemplate\":\"https:\/\/www.foxy.eu\/?s={search_term_string}\"},\"query-input\":\"required name=search_term_string\"}],\"inLanguage\":\"pl-PL\"},{\"@type\":\"Organization\",\"@id\":\"https:\/\/www.foxy.eu\/#organization\",\"name\":\"Foxy | Sempre vicina a te!\",\"alternateName\":\"Scopri tutta la gamma di prodotti e iniziative Foxy. Abbiamo pensato a un mondo su misura per te.\",\"url\":\"https:\/\/www.foxy.eu\/\",\"logo\":{\"@type\":\"ImageObject\",\"inLanguage\":\"pl-PL\",\"@id\":\"https:\/\/www.foxy.eu\/#\/schema\/logo\/image\/\",\"url\":\"https:\/\/enkaz3824io.exactdn.com\/wp-content\/uploads\/2020\/07\/hp_big_logo@2x.png?strip=all&lossy=1&ssl=1\",\"contentUrl\":\"https:\/\/enkaz3824io.exactdn.com\/wp-content\/uploads\/2020\/07\/hp_big_logo@2x.png?strip=all&lossy=1&ssl=1\",\"width\":518,\"height\":366,\"caption\":\"Foxy | Sempre vicina a te!\"},\"image\":{\"@id\":\"https:\/\/www.foxy.eu\/#\/schema\/logo\/image\/\"},\"sameAs\":[\"https:\/\/www.instagram.com\/foxy\/\",\"https:\/\/www.youtube.com\/channel\/UCpCfvrNg7u0O0jSeH9B9ygA\",\"https:\/\/www.facebook.com\/Foxy.Italia\"]}]}<\/script>\n<!-- \/ Yoast SEO plugin. -->","yoast_head_json":{"title":"Foxy w telewizji - Foxy","robots":{"index":"index","follow":"follow","max-snippet":"max-snippet:-1","max-image-preview":"max-image-preview:large","max-video-preview":"max-video-preview:-1"},"canonical":"https:\/\/www.foxy.eu\/pl\/swiat-foxy\/foxy-w-telewizji\/","og_locale":"pl_PL","og_type":"article","og_title":"Foxy w telewizji - Foxy","og_description":"[vc_row][vc_column offset=&#8221;vc_col-lg-offset-1 vc_col-lg-5 vc_col-md-offset-1 vc_col-md-10&#8243;][vc_column_text] Firma Foxy zadebiutowa\u0142a na w\u0142oskim rynku w 1982 roku, natomiast w Polsce w 2004: na wszystkich opakowaniach od pocz\u0105tku pojawia si\u0119 \u0142adny lisek, symbolizuj\u0105cy sprytne...","og_url":"https:\/\/www.foxy.eu\/pl\/swiat-foxy\/foxy-w-telewizji\/","og_site_name":"Foxy","article_publisher":"https:\/\/www.facebook.com\/Foxy.Italia","article_modified_time":"2022-05-31T11:04:44+00:00","twitter_card":"summary_large_image","twitter_misc":{"Est. reading time":"1 minuta"},"schema":{"@context":"https:\/\/schema.org","@graph":[{"@type":"WebPage","@id":"https:\/\/www.foxy.eu\/pl\/swiat-foxy\/foxy-w-telewizji\/","url":"https:\/\/www.foxy.eu\/pl\/swiat-foxy\/foxy-w-telewizji\/","name":"Foxy w telewizji - Foxy","isPartOf":{"@id":"https:\/\/www.foxy.eu\/#website"},"datePublished":"2022-05-30T10:00:48+00:00","dateModified":"2022-05-31T11:04:44+00:00","breadcrumb":{"@id":"https:\/\/www.foxy.eu\/pl\/swiat-foxy\/foxy-w-telewizji\/#breadcrumb"},"inLanguage":"pl-PL","potentialAction":[{"@type":"ReadAction","target":["https:\/\/www.foxy.eu\/pl\/swiat-foxy\/foxy-w-telewizji\/"]}]},{"@type":"BreadcrumbList","@id":"https:\/\/www.foxy.eu\/pl\/swiat-foxy\/foxy-w-telewizji\/#breadcrumb","itemListElement":[{"@type":"ListItem","position":1,"name":"Home","item":"https:\/\/www.foxy.eu\/pl\/"},{"@type":"ListItem","position":2,"name":"\u015awiat Foxy","item":"https:\/\/www.foxy.eu\/pl\/swiat-foxy\/"},{"@type":"ListItem","position":3,"name":"Foxy w telewizji"}]},{"@type":"WebSite","@id":"https:\/\/www.foxy.eu\/#website","url":"https:\/\/www.foxy.eu\/","name":"Foxy","description":"Un nuovo sito targato WordPress","publisher":{"@id":"https:\/\/www.foxy.eu\/#organization"},"alternateName":"Scopri tutta la gamma di prodotti e iniziative Foxy. Abbiamo pensato a un mondo su misura per te.","potentialAction":[{"@type":"SearchAction","target":{"@type":"EntryPoint","urlTemplate":"https:\/\/www.foxy.eu\/?s={search_term_string}"},"query-input":"required name=search_term_string"}],"inLanguage":"pl-PL"},{"@type":"Organization","@id":"https:\/\/www.foxy.eu\/#organization","name":"Foxy | Sempre vicina a te!","alternateName":"Scopri tutta la gamma di prodotti e iniziative Foxy. Abbiamo pensato a un mondo su misura per te.","url":"https:\/\/www.foxy.eu\/","logo":{"@type":"ImageObject","inLanguage":"pl-PL","@id":"https:\/\/www.foxy.eu\/#\/schema\/logo\/image\/","url":"https:\/\/enkaz3824io.exactdn.com\/wp-content\/uploads\/2020\/07\/hp_big_logo@2x.png?strip=all&lossy=1&ssl=1","contentUrl":"https:\/\/enkaz3824io.exactdn.com\/wp-content\/uploads\/2020\/07\/hp_big_logo@2x.png?strip=all&lossy=1&ssl=1","width":518,"height":366,"caption":"Foxy | Sempre vicina a te!"},"image":{"@id":"https:\/\/www.foxy.eu\/#\/schema\/logo\/image\/"},"sameAs":["https:\/\/www.instagram.com\/foxy\/","https:\/\/www.youtube.com\/channel\/UCpCfvrNg7u0O0jSeH9B9ygA","https:\/\/www.facebook.com\/Foxy.Italia"]}]}},"_links":{"self":[{"href":"https:\/\/www.foxy.eu\/pl\/wp-json\/wp\/v2\/pages\/5351"}],"collection":[{"href":"https:\/\/www.foxy.eu\/pl\/wp-json\/wp\/v2\/pages"}],"about":[{"href":"https:\/\/www.foxy.eu\/pl\/wp-json\/wp\/v2\/types\/page"}],"author":[{"embeddable":true,"href":"https:\/\/www.foxy.eu\/pl\/wp-json\/wp\/v2\/users\/1"}],"replies":[{"embeddable":true,"href":"https:\/\/www.foxy.eu\/pl\/wp-json\/wp\/v2\/comments?post=5351"}],"version-history":[{"count":2,"href":"https:\/\/www.foxy.eu\/pl\/wp-json\/wp\/v2\/pages\/5351\/revisions"}],"predecessor-version":[{"id":5354,"href":"https:\/\/www.foxy.eu\/pl\/wp-json\/wp\/v2\/pages\/5351\/revisions\/5354"}],"up":[{"embeddable":true,"href":"https:\/\/www.foxy.eu\/pl\/wp-json\/wp\/v2\/pages\/5191"}],"wp:attachment":[{"href":"https:\/\/www.foxy.eu\/pl\/wp-json\/wp\/v2\/media?parent=5351"}],"wp:term":[{"taxonomy":"category","embeddable":true,"href":"https:\/\/www.foxy.eu\/pl\/wp-json\/wp\/v2\/categories?post=5351"},{"taxonomy":"post_tag","embeddable":true,"href":"https:\/\/www.foxy.eu\/pl\/wp-json\/wp\/v2\/tags?post=5351"}],"curies":[{"name":"wp","href":"https:\/\/api.w.org\/{rel}","templated":true}]}}