
{"id":5215,"date":"2020-09-22T17:34:09","date_gmt":"2020-09-22T15:34:09","guid":{"rendered":"https:\/\/www.foxy.eu\/swiat-foxy\/campagne-stampa\/"},"modified":"2022-05-10T12:44:01","modified_gmt":"2022-05-10T10:44:01","slug":"kampanie-prasowe","status":"publish","type":"page","link":"https:\/\/www.foxy.eu\/pl\/swiat-foxy\/kampanie-prasowe\/","title":{"rendered":"Kampanie Prasowe"},"content":{"rendered":"<p>[vc_row][vc_column width=&#8221;1\/2&#8243; el_class=&#8221;text-center&#8221; offset=&#8221;vc_col-lg-offset-3 vc_col-md-offset-3 vc_col-sm-offset-3&#8243;][vc_column_text]<\/p>\n<h2>Nie tylko telewizja!<\/h2>\n<p>[\/vc_column_text][vc_column_text]Bohaterk\u0105 kolorowych magazyn\u00f3w jest Foxy Cartapaglia, r\u0119cznik kuchenny z dodatkiem celulozy ze s\u0142omy, kt\u00f3ry u\u0142atwia \u017cycie w kuchni.[\/vc_column_text][\/vc_column][\/vc_row]<\/p>\n","protected":false},"excerpt":{"rendered":"<p>[vc_row][vc_column width=&#8221;1\/2&#8243; el_class=&#8221;text-center&#8221; offset=&#8221;vc_col-lg-offset-3 vc_col-md-offset-3 vc_col-sm-offset-3&#8243;][vc_column_text] Nie tylko telewizja! [\/vc_column_text][vc_column_text]Bohaterk\u0105 kolorowych magazyn\u00f3w jest Foxy Cartapaglia, r\u0119cznik kuchenny z dodatkiem celulozy ze s\u0142omy, kt\u00f3ry u\u0142atwia \u017cycie w kuchni.[\/vc_column_text][\/vc_column][\/vc_row]<\/p>\n","protected":false},"author":1,"featured_media":0,"parent":5191,"menu_order":0,"comment_status":"closed","ping_status":"closed","template":"template-campagne-stampa.php","meta":[],"categories":[],"tags":[],"yoast_head":"<!-- This site is optimized with the Yoast SEO plugin v19.14 - https:\/\/yoast.com\/wordpress\/plugins\/seo\/ -->\n<title>Kampanie Prasowe - Foxy<\/title>\n<meta name=\"robots\" content=\"index, follow, max-snippet:-1, max-image-preview:large, max-video-preview:-1\" \/>\n<link rel=\"canonical\" href=\"https:\/\/www.foxy.eu\/pl\/swiat-foxy\/kampanie-prasowe\/\" \/>\n<meta property=\"og:locale\" content=\"pl_PL\" \/>\n<meta property=\"og:type\" content=\"article\" \/>\n<meta property=\"og:title\" content=\"Kampanie Prasowe - Foxy\" \/>\n<meta property=\"og:description\" content=\"[vc_row][vc_column width=&#8221;1\/2&#8243; el_class=&#8221;text-center&#8221; offset=&#8221;vc_col-lg-offset-3 vc_col-md-offset-3 vc_col-sm-offset-3&#8243;][vc_column_text] Nie tylko telewizja! [\/vc_column_text][vc_column_text]Bohaterk\u0105 kolorowych magazyn\u00f3w jest Foxy Cartapaglia, r\u0119cznik kuchenny z dodatkiem celulozy ze s\u0142omy, kt\u00f3ry u\u0142atwia \u017cycie w kuchni.[\/vc_column_text][\/vc_column][\/vc_row]\" \/>\n<meta property=\"og:url\" content=\"https:\/\/www.foxy.eu\/pl\/swiat-foxy\/kampanie-prasowe\/\" \/>\n<meta property=\"og:site_name\" content=\"Foxy\" \/>\n<meta property=\"article:publisher\" content=\"https:\/\/www.facebook.com\/Foxy.Italia\" \/>\n<meta property=\"article:modified_time\" content=\"2022-05-10T10:44:01+00:00\" \/>\n<meta name=\"twitter:card\" content=\"summary_large_image\" \/>\n<script type=\"application\/ld+json\" class=\"yoast-schema-graph\">{\"@context\":\"https:\/\/schema.org\",\"@graph\":[{\"@type\":\"WebPage\",\"@id\":\"https:\/\/www.foxy.eu\/pl\/swiat-foxy\/kampanie-prasowe\/\",\"url\":\"https:\/\/www.foxy.eu\/pl\/swiat-foxy\/kampanie-prasowe\/\",\"name\":\"Kampanie Prasowe - Foxy\",\"isPartOf\":{\"@id\":\"https:\/\/www.foxy.eu\/#website\"},\"datePublished\":\"2020-09-22T15:34:09+00:00\",\"dateModified\":\"2022-05-10T10:44:01+00:00\",\"breadcrumb\":{\"@id\":\"https:\/\/www.foxy.eu\/pl\/swiat-foxy\/kampanie-prasowe\/#breadcrumb\"},\"inLanguage\":\"pl-PL\",\"potentialAction\":[{\"@type\":\"ReadAction\",\"target\":[\"https:\/\/www.foxy.eu\/pl\/swiat-foxy\/kampanie-prasowe\/\"]}]},{\"@type\":\"BreadcrumbList\",\"@id\":\"https:\/\/www.foxy.eu\/pl\/swiat-foxy\/kampanie-prasowe\/#breadcrumb\",\"itemListElement\":[{\"@type\":\"ListItem\",\"position\":1,\"name\":\"Home\",\"item\":\"https:\/\/www.foxy.eu\/pl\/\"},{\"@type\":\"ListItem\",\"position\":2,\"name\":\"\u015awiat Foxy\",\"item\":\"https:\/\/www.foxy.eu\/pl\/swiat-foxy\/\"},{\"@type\":\"ListItem\",\"position\":3,\"name\":\"Kampanie Prasowe\"}]},{\"@type\":\"WebSite\",\"@id\":\"https:\/\/www.foxy.eu\/#website\",\"url\":\"https:\/\/www.foxy.eu\/\",\"name\":\"Foxy\",\"description\":\"Un nuovo sito targato WordPress\",\"publisher\":{\"@id\":\"https:\/\/www.foxy.eu\/#organization\"},\"alternateName\":\"Scopri tutta la gamma di prodotti e iniziative Foxy. Abbiamo pensato a un mondo su misura per te.\",\"potentialAction\":[{\"@type\":\"SearchAction\",\"target\":{\"@type\":\"EntryPoint\",\"urlTemplate\":\"https:\/\/www.foxy.eu\/?s={search_term_string}\"},\"query-input\":\"required name=search_term_string\"}],\"inLanguage\":\"pl-PL\"},{\"@type\":\"Organization\",\"@id\":\"https:\/\/www.foxy.eu\/#organization\",\"name\":\"Foxy | Sempre vicina a te!\",\"alternateName\":\"Scopri tutta la gamma di prodotti e iniziative Foxy. Abbiamo pensato a un mondo su misura per te.\",\"url\":\"https:\/\/www.foxy.eu\/\",\"logo\":{\"@type\":\"ImageObject\",\"inLanguage\":\"pl-PL\",\"@id\":\"https:\/\/www.foxy.eu\/#\/schema\/logo\/image\/\",\"url\":\"https:\/\/enkaz3824io.exactdn.com\/wp-content\/uploads\/2020\/07\/hp_big_logo@2x.png?strip=all&lossy=1&ssl=1\",\"contentUrl\":\"https:\/\/enkaz3824io.exactdn.com\/wp-content\/uploads\/2020\/07\/hp_big_logo@2x.png?strip=all&lossy=1&ssl=1\",\"width\":518,\"height\":366,\"caption\":\"Foxy | Sempre vicina a te!\"},\"image\":{\"@id\":\"https:\/\/www.foxy.eu\/#\/schema\/logo\/image\/\"},\"sameAs\":[\"https:\/\/www.instagram.com\/foxy\/\",\"https:\/\/www.youtube.com\/channel\/UCpCfvrNg7u0O0jSeH9B9ygA\",\"https:\/\/www.facebook.com\/Foxy.Italia\"]}]}<\/script>\n<!-- \/ Yoast SEO plugin. -->","yoast_head_json":{"title":"Kampanie Prasowe - Foxy","robots":{"index":"index","follow":"follow","max-snippet":"max-snippet:-1","max-image-preview":"max-image-preview:large","max-video-preview":"max-video-preview:-1"},"canonical":"https:\/\/www.foxy.eu\/pl\/swiat-foxy\/kampanie-prasowe\/","og_locale":"pl_PL","og_type":"article","og_title":"Kampanie Prasowe - Foxy","og_description":"[vc_row][vc_column width=&#8221;1\/2&#8243; el_class=&#8221;text-center&#8221; offset=&#8221;vc_col-lg-offset-3 vc_col-md-offset-3 vc_col-sm-offset-3&#8243;][vc_column_text] Nie tylko telewizja! [\/vc_column_text][vc_column_text]Bohaterk\u0105 kolorowych magazyn\u00f3w jest Foxy Cartapaglia, r\u0119cznik kuchenny z dodatkiem celulozy ze s\u0142omy, kt\u00f3ry u\u0142atwia \u017cycie w kuchni.[\/vc_column_text][\/vc_column][\/vc_row]","og_url":"https:\/\/www.foxy.eu\/pl\/swiat-foxy\/kampanie-prasowe\/","og_site_name":"Foxy","article_publisher":"https:\/\/www.facebook.com\/Foxy.Italia","article_modified_time":"2022-05-10T10:44:01+00:00","twitter_card":"summary_large_image","schema":{"@context":"https:\/\/schema.org","@graph":[{"@type":"WebPage","@id":"https:\/\/www.foxy.eu\/pl\/swiat-foxy\/kampanie-prasowe\/","url":"https:\/\/www.foxy.eu\/pl\/swiat-foxy\/kampanie-prasowe\/","name":"Kampanie Prasowe - Foxy","isPartOf":{"@id":"https:\/\/www.foxy.eu\/#website"},"datePublished":"2020-09-22T15:34:09+00:00","dateModified":"2022-05-10T10:44:01+00:00","breadcrumb":{"@id":"https:\/\/www.foxy.eu\/pl\/swiat-foxy\/kampanie-prasowe\/#breadcrumb"},"inLanguage":"pl-PL","potentialAction":[{"@type":"ReadAction","target":["https:\/\/www.foxy.eu\/pl\/swiat-foxy\/kampanie-prasowe\/"]}]},{"@type":"BreadcrumbList","@id":"https:\/\/www.foxy.eu\/pl\/swiat-foxy\/kampanie-prasowe\/#breadcrumb","itemListElement":[{"@type":"ListItem","position":1,"name":"Home","item":"https:\/\/www.foxy.eu\/pl\/"},{"@type":"ListItem","position":2,"name":"\u015awiat Foxy","item":"https:\/\/www.foxy.eu\/pl\/swiat-foxy\/"},{"@type":"ListItem","position":3,"name":"Kampanie Prasowe"}]},{"@type":"WebSite","@id":"https:\/\/www.foxy.eu\/#website","url":"https:\/\/www.foxy.eu\/","name":"Foxy","description":"Un nuovo sito targato WordPress","publisher":{"@id":"https:\/\/www.foxy.eu\/#organization"},"alternateName":"Scopri tutta la gamma di prodotti e iniziative Foxy. Abbiamo pensato a un mondo su misura per te.","potentialAction":[{"@type":"SearchAction","target":{"@type":"EntryPoint","urlTemplate":"https:\/\/www.foxy.eu\/?s={search_term_string}"},"query-input":"required name=search_term_string"}],"inLanguage":"pl-PL"},{"@type":"Organization","@id":"https:\/\/www.foxy.eu\/#organization","name":"Foxy | Sempre vicina a te!","alternateName":"Scopri tutta la gamma di prodotti e iniziative Foxy. Abbiamo pensato a un mondo su misura per te.","url":"https:\/\/www.foxy.eu\/","logo":{"@type":"ImageObject","inLanguage":"pl-PL","@id":"https:\/\/www.foxy.eu\/#\/schema\/logo\/image\/","url":"https:\/\/enkaz3824io.exactdn.com\/wp-content\/uploads\/2020\/07\/hp_big_logo@2x.png?strip=all&lossy=1&ssl=1","contentUrl":"https:\/\/enkaz3824io.exactdn.com\/wp-content\/uploads\/2020\/07\/hp_big_logo@2x.png?strip=all&lossy=1&ssl=1","width":518,"height":366,"caption":"Foxy | Sempre vicina a te!"},"image":{"@id":"https:\/\/www.foxy.eu\/#\/schema\/logo\/image\/"},"sameAs":["https:\/\/www.instagram.com\/foxy\/","https:\/\/www.youtube.com\/channel\/UCpCfvrNg7u0O0jSeH9B9ygA","https:\/\/www.facebook.com\/Foxy.Italia"]}]}},"_links":{"self":[{"href":"https:\/\/www.foxy.eu\/pl\/wp-json\/wp\/v2\/pages\/5215"}],"collection":[{"href":"https:\/\/www.foxy.eu\/pl\/wp-json\/wp\/v2\/pages"}],"about":[{"href":"https:\/\/www.foxy.eu\/pl\/wp-json\/wp\/v2\/types\/page"}],"author":[{"embeddable":true,"href":"https:\/\/www.foxy.eu\/pl\/wp-json\/wp\/v2\/users\/1"}],"replies":[{"embeddable":true,"href":"https:\/\/www.foxy.eu\/pl\/wp-json\/wp\/v2\/comments?post=5215"}],"version-history":[{"count":2,"href":"https:\/\/www.foxy.eu\/pl\/wp-json\/wp\/v2\/pages\/5215\/revisions"}],"predecessor-version":[{"id":5219,"href":"https:\/\/www.foxy.eu\/pl\/wp-json\/wp\/v2\/pages\/5215\/revisions\/5219"}],"up":[{"embeddable":true,"href":"https:\/\/www.foxy.eu\/pl\/wp-json\/wp\/v2\/pages\/5191"}],"wp:attachment":[{"href":"https:\/\/www.foxy.eu\/pl\/wp-json\/wp\/v2\/media?parent=5215"}],"wp:term":[{"taxonomy":"category","embeddable":true,"href":"https:\/\/www.foxy.eu\/pl\/wp-json\/wp\/v2\/categories?post=5215"},{"taxonomy":"post_tag","embeddable":true,"href":"https:\/\/www.foxy.eu\/pl\/wp-json\/wp\/v2\/tags?post=5215"}],"curies":[{"name":"wp","href":"https:\/\/api.w.org\/{rel}","templated":true}]}}