
{"id":5191,"date":"2020-07-31T14:21:07","date_gmt":"2020-07-31T12:21:07","guid":{"rendered":"https:\/\/www.foxy.eu\/mondo-foxy\/"},"modified":"2022-12-16T10:49:18","modified_gmt":"2022-12-16T09:49:18","slug":"swiat-foxy","status":"publish","type":"page","link":"https:\/\/www.foxy.eu\/pl\/swiat-foxy\/","title":{"rendered":"\u015awiat Foxy"},"content":{"rendered":"<p>[vc_row el_class=&#8221;h1-w-padding&#8221;][vc_column][vc_column_text]<\/p>\n<h1 class=\"title_page\">\u015awiat Foxy<\/h1>\n<p>[\/vc_column_text][\/vc_column][\/vc_row][vc_row full_width=&#8221;stretch_row&#8221; el_class=&#8221;fascia-sottopagina&#8221; css=&#8221;.vc_custom_1600855858465{background-image: url(https:\/\/www.foxy.eu\/wp-content\/uploads\/2020\/09\/mondo_foxy_cover_foxy_in_tv@2x-scaled.jpg?id=1462) !important;}&#8221;][vc_column width=&#8221;2\/3&#8243; offset=&#8221;vc_col-lg-offset-4 vc_col-lg-4 vc_col-md-offset-3 vc_col-md-6 vc_col-sm-offset-2&#8243;][vc_column_text]<\/p>\n<h2>Foxy w telewizji<\/h2>\n<p>[\/vc_column_text][vc_column_text]Od wielu lat reklamy Foxy stale goszcz\u0105 w polskich domach. Niekt\u00f3re z nich s\u0105 ci\u0105gle pami\u0119tane.[\/vc_column_text]<div class=\" ubtn-ctn-center btn-blu btn-freccia freccia-blu\"><a class=\"ubtn-link ult-adjust-bottom-margin ubtn-center ubtn-large btn-blu btn-freccia freccia-blu\" href=\"https:\/\/www.foxy.eu\/pl\/swiat-foxy\/foxy-w-telewizji\/\" title=\"Foxy w telewizji\" ><button type=\"button\" id=\"ubtn-8696\"  class=\"ubtn ult-adjust-bottom-margin ult-responsive ubtn-large ubtn-no-hover-bg  none  ubtn-center   tooltip-6a08165a59f0d\"  data-hover=\"\" data-border-color=\"\" data-bg=\"\" data-hover-bg=\"\" data-border-hover=\"\" data-shadow-hover=\"\" data-shadow-click=\"none\" data-shadow=\"\" data-shd-shadow=\"\"  data-ultimate-target='#ubtn-8696'  data-responsive-json-new='{\"font-size\":\"\",\"line-height\":\"\"}'  style=\"font-weight:normal;border:none;\"><span class=\"ubtn-hover\" style=\"background-color:\"><\/span><span class=\"ubtn-data ubtn-text \" >Dowiedz sie wi\u0119cej<\/span><\/button><\/a><\/div>[\/vc_column][\/vc_row][vc_row full_width=&#8221;stretch_row&#8221; el_class=&#8221;fascia-sottopagina mbot100&#8243; css=&#8221;.vc_custom_1600857125421{background-image: url(https:\/\/www.foxy.eu\/wp-content\/uploads\/2020\/09\/mondo_foxy_cover_campagne_stampa@2x-scaled.jpg?id=1460) !important;}&#8221;][vc_column width=&#8221;2\/3&#8243; offset=&#8221;vc_col-lg-offset-4 vc_col-lg-4 vc_col-md-offset-3 vc_col-md-6 vc_col-sm-offset-2&#8243;][vc_column_text]<\/p>\n<h2>Kampanie prasowe<\/h2>\n<p>[\/vc_column_text][vc_column_text]Nie tylko telewizja! Wysoka jako\u015b\u0107 produkt\u00f3w sta\u0142a si\u0119 inspiracj\u0105 dla kampanii prasowych Foxy, kt\u00f3re od lat pojawiaj\u0105 si\u0119 w najwa\u017cniejszych czasopismach.[\/vc_column_text]<div class=\" ubtn-ctn-center btn-blu btn-freccia freccia-blu\"><a class=\"ubtn-link ult-adjust-bottom-margin ubtn-center ubtn-large btn-blu btn-freccia freccia-blu\" href=\"https:\/\/www.foxy.eu\/pl\/swiat-foxy\/kampanie-prasowe\/\" title=\"Kampanie prasowe\" ><button type=\"button\" id=\"ubtn-1864\"  class=\"ubtn ult-adjust-bottom-margin ult-responsive ubtn-large ubtn-no-hover-bg  none  ubtn-center   tooltip-6a08165a59fb4\"  data-hover=\"\" data-border-color=\"\" data-bg=\"\" data-hover-bg=\"\" data-border-hover=\"\" data-shadow-hover=\"\" data-shadow-click=\"none\" data-shadow=\"\" data-shd-shadow=\"\"  data-ultimate-target='#ubtn-1864'  data-responsive-json-new='{\"font-size\":\"\",\"line-height\":\"\"}'  style=\"font-weight:normal;border:none;\"><span class=\"ubtn-hover\" style=\"background-color:\"><\/span><span class=\"ubtn-data ubtn-text \" >Dowiedz sie wi\u0119cej<\/span><\/button><\/a><\/div>[\/vc_column][\/vc_row][vc_row equal_height=&#8221;yes&#8221; el_class=&#8221;banner_schede&#8221;][vc_column width=&#8221;5\/12&#8243; offset=&#8221;vc_col-lg-offset-1 vc_col-md-offset-1 vc_col-sm-offset-1&#8243;][vc_single_image image=&#8221;11486&#8243; img_size=&#8221;full&#8221; alignment=&#8221;center&#8221; onclick=&#8221;custom_link&#8221; link=&#8221;https:\/\/www.foxy.eu\/pl\/3-bee\/&#8221;][vc_column_text el_class=&#8221;banner_schede_cta&#8221;]<a href=\"https:\/\/www.foxy.eu\/pl\/3-bee\/\">3Bee<\/a>[\/vc_column_text][\/vc_column][vc_column width=&#8221;5\/12&#8243; offset=&#8221;vc_col-lg-offset-0 vc_col-md-offset-0&#8243;][vc_single_image image=&#8221;5323&#8243; img_size=&#8221;full&#8221; alignment=&#8221;center&#8221; onclick=&#8221;custom_link&#8221; link=&#8221;https:\/\/www.foxy.eu\/limpegnodifoxy\/etichetta-trasparenza\/&#8221;][vc_column_text el_class=&#8221;banner_schede_cta&#8221;]<a href=\"https:\/\/www.foxy.eu\/pl\/swiat-foxy\/historia\/\">Dawno, dawno temu by\u0142a sobie Lisiczka&#8230;<\/a>[\/vc_column_text][\/vc_column][\/vc_row]<\/p>\n","protected":false},"excerpt":{"rendered":"<p>[vc_row el_class=&#8221;h1-w-padding&#8221;][vc_column][vc_column_text] \u015awiat Foxy [\/vc_column_text][\/vc_column][\/vc_row][vc_row full_width=&#8221;stretch_row&#8221; el_class=&#8221;fascia-sottopagina&#8221; css=&#8221;.vc_custom_1600855858465{background-image: url(https:\/\/www.foxy.eu\/wp-content\/uploads\/2020\/09\/mondo_foxy_cover_foxy_in_tv@2x-scaled.jpg?id=1462) !important;}&#8221;][vc_column width=&#8221;2\/3&#8243; offset=&#8221;vc_col-lg-offset-4 vc_col-lg-4 vc_col-md-offset-3 vc_col-md-6 vc_col-sm-offset-2&#8243;][vc_column_text] Foxy w telewizji [\/vc_column_text][vc_column_text]Od wielu lat reklamy Foxy stale goszcz\u0105 w polskich domach. Niekt\u00f3re&#8230;<\/p>\n","protected":false},"author":1,"featured_media":0,"parent":0,"menu_order":0,"comment_status":"closed","ping_status":"closed","template":"template-page-mondo-foxy.php","meta":[],"categories":[],"tags":[],"yoast_head":"<!-- This site is optimized with the Yoast SEO plugin v19.14 - https:\/\/yoast.com\/wordpress\/plugins\/seo\/ -->\n<title>\u015awiat Foxy - Foxy<\/title>\n<meta name=\"robots\" content=\"index, follow, max-snippet:-1, max-image-preview:large, max-video-preview:-1\" \/>\n<link rel=\"canonical\" href=\"https:\/\/www.foxy.eu\/pl\/swiat-foxy\/\" \/>\n<meta property=\"og:locale\" content=\"pl_PL\" \/>\n<meta property=\"og:type\" content=\"article\" \/>\n<meta property=\"og:title\" content=\"\u015awiat Foxy - Foxy\" \/>\n<meta property=\"og:description\" content=\"[vc_row el_class=&#8221;h1-w-padding&#8221;][vc_column][vc_column_text] \u015awiat Foxy [\/vc_column_text][\/vc_column][\/vc_row][vc_row full_width=&#8221;stretch_row&#8221; el_class=&#8221;fascia-sottopagina&#8221; css=&#8221;.vc_custom_1600855858465{background-image: url(https:\/\/www.foxy.eu\/wp-content\/uploads\/2020\/09\/mondo_foxy_cover_foxy_in_tv@2x-scaled.jpg?id=1462) !important;}&#8221;][vc_column width=&#8221;2\/3&#8243; offset=&#8221;vc_col-lg-offset-4 vc_col-lg-4 vc_col-md-offset-3 vc_col-md-6 vc_col-sm-offset-2&#8243;][vc_column_text] Foxy w telewizji [\/vc_column_text][vc_column_text]Od wielu lat reklamy Foxy stale goszcz\u0105 w polskich domach. Niekt\u00f3re...\" \/>\n<meta property=\"og:url\" content=\"https:\/\/www.foxy.eu\/pl\/swiat-foxy\/\" \/>\n<meta property=\"og:site_name\" content=\"Foxy\" \/>\n<meta property=\"article:publisher\" content=\"https:\/\/www.facebook.com\/Foxy.Italia\" \/>\n<meta property=\"article:modified_time\" content=\"2022-12-16T09:49:18+00:00\" \/>\n<meta name=\"twitter:card\" content=\"summary_large_image\" \/>\n<meta name=\"twitter:label1\" content=\"Est. reading time\" \/>\n\t<meta name=\"twitter:data1\" content=\"2 minuty\" \/>\n<script type=\"application\/ld+json\" class=\"yoast-schema-graph\">{\"@context\":\"https:\/\/schema.org\",\"@graph\":[{\"@type\":\"WebPage\",\"@id\":\"https:\/\/www.foxy.eu\/pl\/swiat-foxy\/\",\"url\":\"https:\/\/www.foxy.eu\/pl\/swiat-foxy\/\",\"name\":\"\u015awiat Foxy - Foxy\",\"isPartOf\":{\"@id\":\"https:\/\/www.foxy.eu\/#website\"},\"datePublished\":\"2020-07-31T12:21:07+00:00\",\"dateModified\":\"2022-12-16T09:49:18+00:00\",\"breadcrumb\":{\"@id\":\"https:\/\/www.foxy.eu\/pl\/swiat-foxy\/#breadcrumb\"},\"inLanguage\":\"pl-PL\",\"potentialAction\":[{\"@type\":\"ReadAction\",\"target\":[\"https:\/\/www.foxy.eu\/pl\/swiat-foxy\/\"]}]},{\"@type\":\"BreadcrumbList\",\"@id\":\"https:\/\/www.foxy.eu\/pl\/swiat-foxy\/#breadcrumb\",\"itemListElement\":[{\"@type\":\"ListItem\",\"position\":1,\"name\":\"Home\",\"item\":\"https:\/\/www.foxy.eu\/pl\/\"},{\"@type\":\"ListItem\",\"position\":2,\"name\":\"\u015awiat Foxy\"}]},{\"@type\":\"WebSite\",\"@id\":\"https:\/\/www.foxy.eu\/#website\",\"url\":\"https:\/\/www.foxy.eu\/\",\"name\":\"Foxy\",\"description\":\"Un nuovo sito targato WordPress\",\"publisher\":{\"@id\":\"https:\/\/www.foxy.eu\/#organization\"},\"alternateName\":\"Scopri tutta la gamma di prodotti e iniziative Foxy. Abbiamo pensato a un mondo su misura per te.\",\"potentialAction\":[{\"@type\":\"SearchAction\",\"target\":{\"@type\":\"EntryPoint\",\"urlTemplate\":\"https:\/\/www.foxy.eu\/?s={search_term_string}\"},\"query-input\":\"required name=search_term_string\"}],\"inLanguage\":\"pl-PL\"},{\"@type\":\"Organization\",\"@id\":\"https:\/\/www.foxy.eu\/#organization\",\"name\":\"Foxy | Sempre vicina a te!\",\"alternateName\":\"Scopri tutta la gamma di prodotti e iniziative Foxy. Abbiamo pensato a un mondo su misura per te.\",\"url\":\"https:\/\/www.foxy.eu\/\",\"logo\":{\"@type\":\"ImageObject\",\"inLanguage\":\"pl-PL\",\"@id\":\"https:\/\/www.foxy.eu\/#\/schema\/logo\/image\/\",\"url\":\"https:\/\/enkaz3824io.exactdn.com\/wp-content\/uploads\/2020\/07\/hp_big_logo@2x.png?strip=all&lossy=1&ssl=1\",\"contentUrl\":\"https:\/\/enkaz3824io.exactdn.com\/wp-content\/uploads\/2020\/07\/hp_big_logo@2x.png?strip=all&lossy=1&ssl=1\",\"width\":518,\"height\":366,\"caption\":\"Foxy | Sempre vicina a te!\"},\"image\":{\"@id\":\"https:\/\/www.foxy.eu\/#\/schema\/logo\/image\/\"},\"sameAs\":[\"https:\/\/www.instagram.com\/foxy\/\",\"https:\/\/www.youtube.com\/channel\/UCpCfvrNg7u0O0jSeH9B9ygA\",\"https:\/\/www.facebook.com\/Foxy.Italia\"]}]}<\/script>\n<!-- \/ Yoast SEO plugin. -->","yoast_head_json":{"title":"\u015awiat Foxy - Foxy","robots":{"index":"index","follow":"follow","max-snippet":"max-snippet:-1","max-image-preview":"max-image-preview:large","max-video-preview":"max-video-preview:-1"},"canonical":"https:\/\/www.foxy.eu\/pl\/swiat-foxy\/","og_locale":"pl_PL","og_type":"article","og_title":"\u015awiat Foxy - Foxy","og_description":"[vc_row el_class=&#8221;h1-w-padding&#8221;][vc_column][vc_column_text] \u015awiat Foxy [\/vc_column_text][\/vc_column][\/vc_row][vc_row full_width=&#8221;stretch_row&#8221; el_class=&#8221;fascia-sottopagina&#8221; css=&#8221;.vc_custom_1600855858465{background-image: url(https:\/\/www.foxy.eu\/wp-content\/uploads\/2020\/09\/mondo_foxy_cover_foxy_in_tv@2x-scaled.jpg?id=1462) !important;}&#8221;][vc_column width=&#8221;2\/3&#8243; offset=&#8221;vc_col-lg-offset-4 vc_col-lg-4 vc_col-md-offset-3 vc_col-md-6 vc_col-sm-offset-2&#8243;][vc_column_text] Foxy w telewizji [\/vc_column_text][vc_column_text]Od wielu lat reklamy Foxy stale goszcz\u0105 w polskich domach. Niekt\u00f3re...","og_url":"https:\/\/www.foxy.eu\/pl\/swiat-foxy\/","og_site_name":"Foxy","article_publisher":"https:\/\/www.facebook.com\/Foxy.Italia","article_modified_time":"2022-12-16T09:49:18+00:00","twitter_card":"summary_large_image","twitter_misc":{"Est. reading time":"2 minuty"},"schema":{"@context":"https:\/\/schema.org","@graph":[{"@type":"WebPage","@id":"https:\/\/www.foxy.eu\/pl\/swiat-foxy\/","url":"https:\/\/www.foxy.eu\/pl\/swiat-foxy\/","name":"\u015awiat Foxy - Foxy","isPartOf":{"@id":"https:\/\/www.foxy.eu\/#website"},"datePublished":"2020-07-31T12:21:07+00:00","dateModified":"2022-12-16T09:49:18+00:00","breadcrumb":{"@id":"https:\/\/www.foxy.eu\/pl\/swiat-foxy\/#breadcrumb"},"inLanguage":"pl-PL","potentialAction":[{"@type":"ReadAction","target":["https:\/\/www.foxy.eu\/pl\/swiat-foxy\/"]}]},{"@type":"BreadcrumbList","@id":"https:\/\/www.foxy.eu\/pl\/swiat-foxy\/#breadcrumb","itemListElement":[{"@type":"ListItem","position":1,"name":"Home","item":"https:\/\/www.foxy.eu\/pl\/"},{"@type":"ListItem","position":2,"name":"\u015awiat Foxy"}]},{"@type":"WebSite","@id":"https:\/\/www.foxy.eu\/#website","url":"https:\/\/www.foxy.eu\/","name":"Foxy","description":"Un nuovo sito targato WordPress","publisher":{"@id":"https:\/\/www.foxy.eu\/#organization"},"alternateName":"Scopri tutta la gamma di prodotti e iniziative Foxy. Abbiamo pensato a un mondo su misura per te.","potentialAction":[{"@type":"SearchAction","target":{"@type":"EntryPoint","urlTemplate":"https:\/\/www.foxy.eu\/?s={search_term_string}"},"query-input":"required name=search_term_string"}],"inLanguage":"pl-PL"},{"@type":"Organization","@id":"https:\/\/www.foxy.eu\/#organization","name":"Foxy | Sempre vicina a te!","alternateName":"Scopri tutta la gamma di prodotti e iniziative Foxy. Abbiamo pensato a un mondo su misura per te.","url":"https:\/\/www.foxy.eu\/","logo":{"@type":"ImageObject","inLanguage":"pl-PL","@id":"https:\/\/www.foxy.eu\/#\/schema\/logo\/image\/","url":"https:\/\/enkaz3824io.exactdn.com\/wp-content\/uploads\/2020\/07\/hp_big_logo@2x.png?strip=all&lossy=1&ssl=1","contentUrl":"https:\/\/enkaz3824io.exactdn.com\/wp-content\/uploads\/2020\/07\/hp_big_logo@2x.png?strip=all&lossy=1&ssl=1","width":518,"height":366,"caption":"Foxy | Sempre vicina a te!"},"image":{"@id":"https:\/\/www.foxy.eu\/#\/schema\/logo\/image\/"},"sameAs":["https:\/\/www.instagram.com\/foxy\/","https:\/\/www.youtube.com\/channel\/UCpCfvrNg7u0O0jSeH9B9ygA","https:\/\/www.facebook.com\/Foxy.Italia"]}]}},"_links":{"self":[{"href":"https:\/\/www.foxy.eu\/pl\/wp-json\/wp\/v2\/pages\/5191"}],"collection":[{"href":"https:\/\/www.foxy.eu\/pl\/wp-json\/wp\/v2\/pages"}],"about":[{"href":"https:\/\/www.foxy.eu\/pl\/wp-json\/wp\/v2\/types\/page"}],"author":[{"embeddable":true,"href":"https:\/\/www.foxy.eu\/pl\/wp-json\/wp\/v2\/users\/1"}],"replies":[{"embeddable":true,"href":"https:\/\/www.foxy.eu\/pl\/wp-json\/wp\/v2\/comments?post=5191"}],"version-history":[{"count":17,"href":"https:\/\/www.foxy.eu\/pl\/wp-json\/wp\/v2\/pages\/5191\/revisions"}],"predecessor-version":[{"id":11491,"href":"https:\/\/www.foxy.eu\/pl\/wp-json\/wp\/v2\/pages\/5191\/revisions\/11491"}],"wp:attachment":[{"href":"https:\/\/www.foxy.eu\/pl\/wp-json\/wp\/v2\/media?parent=5191"}],"wp:term":[{"taxonomy":"category","embeddable":true,"href":"https:\/\/www.foxy.eu\/pl\/wp-json\/wp\/v2\/categories?post=5191"},{"taxonomy":"post_tag","embeddable":true,"href":"https:\/\/www.foxy.eu\/pl\/wp-json\/wp\/v2\/tags?post=5191"}],"curies":[{"name":"wp","href":"https:\/\/api.w.org\/{rel}","templated":true}]}}