
{"id":5183,"date":"2020-07-31T14:20:41","date_gmt":"2020-07-31T12:20:41","guid":{"rendered":"https:\/\/www.foxy.eu\/meraviglie-di-carta\/"},"modified":"2022-06-20T11:02:26","modified_gmt":"2022-06-20T09:02:26","slug":"papierowe-cuda","status":"publish","type":"page","link":"https:\/\/www.foxy.eu\/pl\/papierowe-cuda\/","title":{"rendered":"Papierowe cuda"},"content":{"rendered":"<p>[vc_row el_class=&#8221;h1-w-padding&#8221;][vc_column][vc_column_text]<\/p>\n<h1 class=\"title_page\">Papierowe cuda<\/h1>\n<p>[\/vc_column_text][\/vc_column][\/vc_row][vc_row full_width=&#8221;stretch_row&#8221; el_class=&#8221;fascia-sottopagina bg-align-top&#8221; css=&#8221;.vc_custom_1601474602303{background-image: url(https:\/\/www.foxy.eu\/wp-content\/uploads\/2020\/09\/cover_meraviglie_di_carta_piccole_creazioni@2x-scaled.jpg?id=1870) !important;}&#8221;][vc_column width=&#8221;2\/3&#8243; offset=&#8221;vc_col-lg-offset-4 vc_col-lg-4 vc_col-md-offset-3 vc_col-md-6 vc_col-sm-offset-2&#8243;][vc_column_text]<\/p>\n<h2>Ma\u0142e cude\u0144ka<\/h2>\n<p>[\/vc_column_text][vc_column_text]s\u0105 zabawne, \u0142atwe w przygotowaniu i przyjazne dla \u015brodowiska. Poznaj wszystkie samouczki wideo Foxy i tw\u00f3rz papierowe cude\u0144ka z dzie\u0107mi.[\/vc_column_text]<div class=\" ubtn-ctn-center btn-blu btn-freccia freccia-blu\"><a class=\"ubtn-link ult-adjust-bottom-margin ubtn-center ubtn-large btn-blu btn-freccia freccia-blu\" href=\"https:\/\/www.foxy.eu\/pl\/male-cudenka\/\" title=\"Male Cudenka\" ><button type=\"button\" id=\"ubtn-5371\"  class=\"ubtn ult-adjust-bottom-margin ult-responsive ubtn-large ubtn-no-hover-bg  none  ubtn-center   tooltip-69fdec91c8f32\"  data-hover=\"\" data-border-color=\"\" data-bg=\"\" data-hover-bg=\"\" data-border-hover=\"\" data-shadow-hover=\"\" data-shadow-click=\"none\" data-shadow=\"\" data-shd-shadow=\"\"  data-ultimate-target='#ubtn-5371'  data-responsive-json-new='{\"font-size\":\"\",\"line-height\":\"\"}'  style=\"font-weight:normal;border:none;\"><span class=\"ubtn-hover\" style=\"background-color:\"><\/span><span class=\"ubtn-data ubtn-text \" >Dowiedz sie wiecej<\/span><\/button><\/a><\/div>[\/vc_column][\/vc_row][vc_row full_width=&#8221;stretch_row&#8221; el_class=&#8221;fascia-sottopagina bg-align-top&#8221; css=&#8221;.vc_custom_1654097478352{background-image: url(https:\/\/www.foxy.eu\/wp-content\/uploads\/2022\/06\/cover_meraviglie_di_carta_impegno_per_la_trasparenza@2x-1-scaled.jpg?id=7349) !important;}&#8221;][vc_column width=&#8221;2\/3&#8243; offset=&#8221;vc_col-lg-offset-4 vc_col-lg-4 vc_col-md-offset-3 vc_col-md-6 vc_col-sm-offset-2&#8243;][vc_column_text]<\/p>\n<h2>Zobowi\u0105zanie do transparentno\u015bci<\/h2>\n<p>[\/vc_column_text][vc_column_text]Dla Foxy przejrzysto\u015b\u0107 oznacza udzielanie odpowiedzi na pytania dotycz\u0105ce produkt\u00f3w, kt\u00f3rych ka\u017cdy konsument u\u017cywa na co dzie\u0144 w domu.[\/vc_column_text]<div class=\" ubtn-ctn-center btn-blu btn-freccia freccia-blu\"><a class=\"ubtn-link ult-adjust-bottom-margin ubtn-center ubtn-large btn-blu btn-freccia freccia-blu\" href=\"https:\/\/www.foxy.eu\/pl\/papierowe-cuda\/zobowiazanie-do-transparentnosci\/\" title=\"Zobowiazanie do transparentno\u015bci\" ><button type=\"button\" id=\"ubtn-1101\"  class=\"ubtn ult-adjust-bottom-margin ult-responsive ubtn-large ubtn-no-hover-bg  none  ubtn-center   tooltip-69fdec91c8fc2\"  data-hover=\"\" data-border-color=\"\" data-bg=\"\" data-hover-bg=\"\" data-border-hover=\"\" data-shadow-hover=\"\" data-shadow-click=\"none\" data-shadow=\"\" data-shd-shadow=\"\"  data-ultimate-target='#ubtn-1101'  data-responsive-json-new='{\"font-size\":\"\",\"line-height\":\"\"}'  style=\"font-weight:normal;border:none;\"><span class=\"ubtn-hover\" style=\"background-color:\"><\/span><span class=\"ubtn-data ubtn-text \" >Dowiedz sie wiecej<\/span><\/button><\/a><\/div>[\/vc_column][\/vc_row]<\/p>\n","protected":false},"excerpt":{"rendered":"<p>[vc_row el_class=&#8221;h1-w-padding&#8221;][vc_column][vc_column_text] Papierowe cuda [\/vc_column_text][\/vc_column][\/vc_row][vc_row full_width=&#8221;stretch_row&#8221; el_class=&#8221;fascia-sottopagina bg-align-top&#8221; css=&#8221;.vc_custom_1601474602303{background-image: url(https:\/\/www.foxy.eu\/wp-content\/uploads\/2020\/09\/cover_meraviglie_di_carta_piccole_creazioni@2x-scaled.jpg?id=1870) !important;}&#8221;][vc_column width=&#8221;2\/3&#8243; offset=&#8221;vc_col-lg-offset-4 vc_col-lg-4 vc_col-md-offset-3 vc_col-md-6 vc_col-sm-offset-2&#8243;][vc_column_text] Ma\u0142e cude\u0144ka [\/vc_column_text][vc_column_text]s\u0105 zabawne, \u0142atwe w przygotowaniu i przyjazne dla \u015brodowiska. Poznaj wszystkie&#8230;<\/p>\n","protected":false},"author":1,"featured_media":0,"parent":0,"menu_order":0,"comment_status":"closed","ping_status":"closed","template":"template-page-mondo-foxy.php","meta":[],"categories":[],"tags":[],"yoast_head":"<!-- This site is optimized with the Yoast SEO plugin v19.14 - https:\/\/yoast.com\/wordpress\/plugins\/seo\/ -->\n<title>Papierowe cuda - Foxy<\/title>\n<meta name=\"robots\" content=\"index, follow, max-snippet:-1, max-image-preview:large, max-video-preview:-1\" \/>\n<link rel=\"canonical\" href=\"https:\/\/www.foxy.eu\/pl\/papierowe-cuda\/\" \/>\n<meta property=\"og:locale\" content=\"pl_PL\" \/>\n<meta property=\"og:type\" content=\"article\" \/>\n<meta property=\"og:title\" content=\"Papierowe cuda - Foxy\" \/>\n<meta property=\"og:description\" content=\"[vc_row el_class=&#8221;h1-w-padding&#8221;][vc_column][vc_column_text] Papierowe cuda [\/vc_column_text][\/vc_column][\/vc_row][vc_row full_width=&#8221;stretch_row&#8221; el_class=&#8221;fascia-sottopagina bg-align-top&#8221; css=&#8221;.vc_custom_1601474602303{background-image: url(https:\/\/www.foxy.eu\/wp-content\/uploads\/2020\/09\/cover_meraviglie_di_carta_piccole_creazioni@2x-scaled.jpg?id=1870) !important;}&#8221;][vc_column width=&#8221;2\/3&#8243; offset=&#8221;vc_col-lg-offset-4 vc_col-lg-4 vc_col-md-offset-3 vc_col-md-6 vc_col-sm-offset-2&#8243;][vc_column_text] Ma\u0142e cude\u0144ka [\/vc_column_text][vc_column_text]s\u0105 zabawne, \u0142atwe w przygotowaniu i przyjazne dla \u015brodowiska. Poznaj wszystkie...\" \/>\n<meta property=\"og:url\" content=\"https:\/\/www.foxy.eu\/pl\/papierowe-cuda\/\" \/>\n<meta property=\"og:site_name\" content=\"Foxy\" \/>\n<meta property=\"article:publisher\" content=\"https:\/\/www.facebook.com\/Foxy.Italia\" \/>\n<meta property=\"article:modified_time\" content=\"2022-06-20T09:02:26+00:00\" \/>\n<meta name=\"twitter:card\" content=\"summary_large_image\" \/>\n<meta name=\"twitter:label1\" content=\"Est. reading time\" \/>\n\t<meta name=\"twitter:data1\" content=\"1 minuta\" \/>\n<script type=\"application\/ld+json\" class=\"yoast-schema-graph\">{\"@context\":\"https:\/\/schema.org\",\"@graph\":[{\"@type\":\"WebPage\",\"@id\":\"https:\/\/www.foxy.eu\/pl\/papierowe-cuda\/\",\"url\":\"https:\/\/www.foxy.eu\/pl\/papierowe-cuda\/\",\"name\":\"Papierowe cuda - Foxy\",\"isPartOf\":{\"@id\":\"https:\/\/www.foxy.eu\/#website\"},\"datePublished\":\"2020-07-31T12:20:41+00:00\",\"dateModified\":\"2022-06-20T09:02:26+00:00\",\"breadcrumb\":{\"@id\":\"https:\/\/www.foxy.eu\/pl\/papierowe-cuda\/#breadcrumb\"},\"inLanguage\":\"pl-PL\",\"potentialAction\":[{\"@type\":\"ReadAction\",\"target\":[\"https:\/\/www.foxy.eu\/pl\/papierowe-cuda\/\"]}]},{\"@type\":\"BreadcrumbList\",\"@id\":\"https:\/\/www.foxy.eu\/pl\/papierowe-cuda\/#breadcrumb\",\"itemListElement\":[{\"@type\":\"ListItem\",\"position\":1,\"name\":\"Home\",\"item\":\"https:\/\/www.foxy.eu\/pl\/\"},{\"@type\":\"ListItem\",\"position\":2,\"name\":\"Papierowe cuda\"}]},{\"@type\":\"WebSite\",\"@id\":\"https:\/\/www.foxy.eu\/#website\",\"url\":\"https:\/\/www.foxy.eu\/\",\"name\":\"Foxy\",\"description\":\"Un nuovo sito targato WordPress\",\"publisher\":{\"@id\":\"https:\/\/www.foxy.eu\/#organization\"},\"alternateName\":\"Scopri tutta la gamma di prodotti e iniziative Foxy. Abbiamo pensato a un mondo su misura per te.\",\"potentialAction\":[{\"@type\":\"SearchAction\",\"target\":{\"@type\":\"EntryPoint\",\"urlTemplate\":\"https:\/\/www.foxy.eu\/?s={search_term_string}\"},\"query-input\":\"required name=search_term_string\"}],\"inLanguage\":\"pl-PL\"},{\"@type\":\"Organization\",\"@id\":\"https:\/\/www.foxy.eu\/#organization\",\"name\":\"Foxy | Sempre vicina a te!\",\"alternateName\":\"Scopri tutta la gamma di prodotti e iniziative Foxy. Abbiamo pensato a un mondo su misura per te.\",\"url\":\"https:\/\/www.foxy.eu\/\",\"logo\":{\"@type\":\"ImageObject\",\"inLanguage\":\"pl-PL\",\"@id\":\"https:\/\/www.foxy.eu\/#\/schema\/logo\/image\/\",\"url\":\"https:\/\/enkaz3824io.exactdn.com\/wp-content\/uploads\/2020\/07\/hp_big_logo@2x.png?strip=all&lossy=1&ssl=1\",\"contentUrl\":\"https:\/\/enkaz3824io.exactdn.com\/wp-content\/uploads\/2020\/07\/hp_big_logo@2x.png?strip=all&lossy=1&ssl=1\",\"width\":518,\"height\":366,\"caption\":\"Foxy | Sempre vicina a te!\"},\"image\":{\"@id\":\"https:\/\/www.foxy.eu\/#\/schema\/logo\/image\/\"},\"sameAs\":[\"https:\/\/www.instagram.com\/foxy\/\",\"https:\/\/www.youtube.com\/channel\/UCpCfvrNg7u0O0jSeH9B9ygA\",\"https:\/\/www.facebook.com\/Foxy.Italia\"]}]}<\/script>\n<!-- \/ Yoast SEO plugin. -->","yoast_head_json":{"title":"Papierowe cuda - Foxy","robots":{"index":"index","follow":"follow","max-snippet":"max-snippet:-1","max-image-preview":"max-image-preview:large","max-video-preview":"max-video-preview:-1"},"canonical":"https:\/\/www.foxy.eu\/pl\/papierowe-cuda\/","og_locale":"pl_PL","og_type":"article","og_title":"Papierowe cuda - Foxy","og_description":"[vc_row el_class=&#8221;h1-w-padding&#8221;][vc_column][vc_column_text] Papierowe cuda [\/vc_column_text][\/vc_column][\/vc_row][vc_row full_width=&#8221;stretch_row&#8221; el_class=&#8221;fascia-sottopagina bg-align-top&#8221; css=&#8221;.vc_custom_1601474602303{background-image: url(https:\/\/www.foxy.eu\/wp-content\/uploads\/2020\/09\/cover_meraviglie_di_carta_piccole_creazioni@2x-scaled.jpg?id=1870) !important;}&#8221;][vc_column width=&#8221;2\/3&#8243; offset=&#8221;vc_col-lg-offset-4 vc_col-lg-4 vc_col-md-offset-3 vc_col-md-6 vc_col-sm-offset-2&#8243;][vc_column_text] Ma\u0142e cude\u0144ka [\/vc_column_text][vc_column_text]s\u0105 zabawne, \u0142atwe w przygotowaniu i przyjazne dla \u015brodowiska. Poznaj wszystkie...","og_url":"https:\/\/www.foxy.eu\/pl\/papierowe-cuda\/","og_site_name":"Foxy","article_publisher":"https:\/\/www.facebook.com\/Foxy.Italia","article_modified_time":"2022-06-20T09:02:26+00:00","twitter_card":"summary_large_image","twitter_misc":{"Est. reading time":"1 minuta"},"schema":{"@context":"https:\/\/schema.org","@graph":[{"@type":"WebPage","@id":"https:\/\/www.foxy.eu\/pl\/papierowe-cuda\/","url":"https:\/\/www.foxy.eu\/pl\/papierowe-cuda\/","name":"Papierowe cuda - Foxy","isPartOf":{"@id":"https:\/\/www.foxy.eu\/#website"},"datePublished":"2020-07-31T12:20:41+00:00","dateModified":"2022-06-20T09:02:26+00:00","breadcrumb":{"@id":"https:\/\/www.foxy.eu\/pl\/papierowe-cuda\/#breadcrumb"},"inLanguage":"pl-PL","potentialAction":[{"@type":"ReadAction","target":["https:\/\/www.foxy.eu\/pl\/papierowe-cuda\/"]}]},{"@type":"BreadcrumbList","@id":"https:\/\/www.foxy.eu\/pl\/papierowe-cuda\/#breadcrumb","itemListElement":[{"@type":"ListItem","position":1,"name":"Home","item":"https:\/\/www.foxy.eu\/pl\/"},{"@type":"ListItem","position":2,"name":"Papierowe cuda"}]},{"@type":"WebSite","@id":"https:\/\/www.foxy.eu\/#website","url":"https:\/\/www.foxy.eu\/","name":"Foxy","description":"Un nuovo sito targato WordPress","publisher":{"@id":"https:\/\/www.foxy.eu\/#organization"},"alternateName":"Scopri tutta la gamma di prodotti e iniziative Foxy. Abbiamo pensato a un mondo su misura per te.","potentialAction":[{"@type":"SearchAction","target":{"@type":"EntryPoint","urlTemplate":"https:\/\/www.foxy.eu\/?s={search_term_string}"},"query-input":"required name=search_term_string"}],"inLanguage":"pl-PL"},{"@type":"Organization","@id":"https:\/\/www.foxy.eu\/#organization","name":"Foxy | Sempre vicina a te!","alternateName":"Scopri tutta la gamma di prodotti e iniziative Foxy. Abbiamo pensato a un mondo su misura per te.","url":"https:\/\/www.foxy.eu\/","logo":{"@type":"ImageObject","inLanguage":"pl-PL","@id":"https:\/\/www.foxy.eu\/#\/schema\/logo\/image\/","url":"https:\/\/enkaz3824io.exactdn.com\/wp-content\/uploads\/2020\/07\/hp_big_logo@2x.png?strip=all&lossy=1&ssl=1","contentUrl":"https:\/\/enkaz3824io.exactdn.com\/wp-content\/uploads\/2020\/07\/hp_big_logo@2x.png?strip=all&lossy=1&ssl=1","width":518,"height":366,"caption":"Foxy | Sempre vicina a te!"},"image":{"@id":"https:\/\/www.foxy.eu\/#\/schema\/logo\/image\/"},"sameAs":["https:\/\/www.instagram.com\/foxy\/","https:\/\/www.youtube.com\/channel\/UCpCfvrNg7u0O0jSeH9B9ygA","https:\/\/www.facebook.com\/Foxy.Italia"]}]}},"_links":{"self":[{"href":"https:\/\/www.foxy.eu\/pl\/wp-json\/wp\/v2\/pages\/5183"}],"collection":[{"href":"https:\/\/www.foxy.eu\/pl\/wp-json\/wp\/v2\/pages"}],"about":[{"href":"https:\/\/www.foxy.eu\/pl\/wp-json\/wp\/v2\/types\/page"}],"author":[{"embeddable":true,"href":"https:\/\/www.foxy.eu\/pl\/wp-json\/wp\/v2\/users\/1"}],"replies":[{"embeddable":true,"href":"https:\/\/www.foxy.eu\/pl\/wp-json\/wp\/v2\/comments?post=5183"}],"version-history":[{"count":15,"href":"https:\/\/www.foxy.eu\/pl\/wp-json\/wp\/v2\/pages\/5183\/revisions"}],"predecessor-version":[{"id":7870,"href":"https:\/\/www.foxy.eu\/pl\/wp-json\/wp\/v2\/pages\/5183\/revisions\/7870"}],"wp:attachment":[{"href":"https:\/\/www.foxy.eu\/pl\/wp-json\/wp\/v2\/media?parent=5183"}],"wp:term":[{"taxonomy":"category","embeddable":true,"href":"https:\/\/www.foxy.eu\/pl\/wp-json\/wp\/v2\/categories?post=5183"},{"taxonomy":"post_tag","embeddable":true,"href":"https:\/\/www.foxy.eu\/pl\/wp-json\/wp\/v2\/tags?post=5183"}],"curies":[{"name":"wp","href":"https:\/\/api.w.org\/{rel}","templated":true}]}}