
{"id":5171,"date":"2020-04-01T12:52:57","date_gmt":"2020-04-01T10:52:57","guid":{"rendered":"https:\/\/www.foxy.eu\/pagina-di-esempio\/"},"modified":"2024-04-30T18:10:24","modified_gmt":"2024-04-30T16:10:24","slug":"pagina-di-esempio","status":"publish","type":"page","link":"https:\/\/www.foxy.eu\/pl\/","title":{"rendered":"Home"},"content":{"rendered":"<p>[vc_row full_width=&#8221;stretch_row_content&#8221; el_class=&#8221;hero_home&#8221;][vc_column width=&#8221;1\/2&#8243; el_class=&#8221;left_hero&#8221;][vc_column_text el_class=&#8221;title_hero_home&#8221;]Foxy jest zawsze blisko Ciebie. Dowiedz si\u0119, jak![\/vc_column_text][vc_raw_html el_class=&#8221;video_hero_home&#8221;]JTNDYSUyMGhyZWYlM0QlMjJodHRwcyUzQSUyRiUyRnd3dy5mb3h5LmV1JTJGd2l6YXJkJTJGJTIyJTNFJTNDdmlkZW8lMjBwbGF5c2lubGluZSUzRCUyMiUyMiUyMHN0eWxlJTNEJTIyJTIyJTIwYXV0b3BsYXklM0QlMjJhdXRvcGxheSUyMiUyMGxvb3AlM0QlMjJsb29wJTIyJTIwbXV0ZWQlM0QlMjIlMjIlMjBwb3N0ZXIlM0QlMjJodHRwcyUzQSUyRiUyRnd3dy5mb3h5LmV1JTJGd3AtY29udGVudCUyRnVwbG9hZHMlMkYyMDIwJTJGMTAlMkZwbGFjZV9ob2xkZXJfdmlkZW9faHAuanBnJTIyJTNFJTBBJTIwJTIwJTNDc291cmNlJTIwc3JjJTNEJTIyaHR0cHMlM0ElMkYlMkZ3d3cuZm94eS5ldSUyRndwLWNvbnRlbnQlMkZ1cGxvYWRzJTJGMjAyMCUyRjEwJTJGdmlkZW9faHAtMS5tcDQlMjIlMjB0eXBlJTNEJTIydmlkZW8lMkZtcDQlMjIlM0UlMEElM0MlMkZ2aWRlbyUzRSUzQyUyRmElM0U=[\/vc_raw_html]<div class=\" ubtn-ctn-center btn-blu btn-freccia\"><a class=\"ubtn-link ult-adjust-bottom-margin ubtn-center ubtn-large btn-blu btn-freccia\" href=\"https:\/\/www.foxy.eu\/pl\/wizard\/\" title=\"Wizard\" ><button type=\"button\" id=\"ubtn-2888\"  class=\"ubtn ult-adjust-bottom-margin ult-responsive ubtn-large ubtn-no-hover-bg  none  ubtn-center   tooltip-69f32688bead4\"  data-hover=\"\" data-border-color=\"\" data-bg=\"\" data-hover-bg=\"\" data-border-hover=\"\" data-shadow-hover=\"\" data-shadow-click=\"none\" data-shadow=\"\" data-shd-shadow=\"\"  data-ultimate-target='#ubtn-2888'  data-responsive-json-new='{\"font-size\":\"\",\"line-height\":\"\"}'  style=\"font-weight:normal;border:none;\"><span class=\"ubtn-hover\" style=\"background-color:\"><\/span><span class=\"ubtn-data ubtn-text \" >Dowiedz si\u0119, jak!<\/span><\/button><\/a><\/div>[\/vc_column][vc_column width=&#8221;1\/2&#8243; el_class=&#8221;right_hero&#8221;][vc_column_text el_class=&#8221;title_hero_home&#8221;]Chcesz przejrze\u0107 nasze produkty?[\/vc_column_text]<div class=\" ubtn-ctn-center btn-blu btn-freccia\"><a class=\"ubtn-link ult-adjust-bottom-margin ubtn-center ubtn-large btn-blu btn-freccia\" href=\"https:\/\/www.foxy.eu\/pl\/nasze-produkty\/\" title=\"Nasze produkty\" ><button type=\"button\" id=\"ubtn-4772\"  class=\"ubtn ult-adjust-bottom-margin ult-responsive ubtn-large ubtn-no-hover-bg  none  ubtn-center   tooltip-69f32688beb40\"  data-hover=\"\" data-border-color=\"\" data-bg=\"\" data-hover-bg=\"\" data-border-hover=\"\" data-shadow-hover=\"\" data-shadow-click=\"none\" data-shadow=\"\" data-shd-shadow=\"\"  data-ultimate-target='#ubtn-4772'  data-responsive-json-new='{\"font-size\":\"\",\"line-height\":\"\"}'  style=\"font-weight:normal;border:none;\"><span class=\"ubtn-hover\" style=\"background-color:\"><\/span><span class=\"ubtn-data ubtn-text \" >To w\u0142a\u015bciwe miejsce<\/span><\/button><\/a><\/div>[\/vc_column][\/vc_row]<\/p>\n","protected":false},"excerpt":{"rendered":"<p>[vc_row full_width=&#8221;stretch_row_content&#8221; el_class=&#8221;hero_home&#8221;][vc_column width=&#8221;1\/2&#8243; el_class=&#8221;left_hero&#8221;][vc_column_text el_class=&#8221;title_hero_home&#8221;]Foxy jest zawsze blisko Ciebie. Dowiedz si\u0119, jak![\/vc_column_text][vc_raw_html el_class=&#8221;video_hero_home&#8221;]JTNDYSUyMGhyZWYlM0QlMjJodHRwcyUzQSUyRiUyRnd3dy5mb3h5LmV1JTJGd2l6YXJkJTJGJTIyJTNFJTNDdmlkZW8lMjBwbGF5c2lubGluZSUzRCUyMiUyMiUyMHN0eWxlJTNEJTIyJTIyJTIwYXV0b3BsYXklM0QlMjJhdXRvcGxheSUyMiUyMGxvb3AlM0QlMjJsb29wJTIyJTIwbXV0ZWQlM0QlMjIlMjIlMjBwb3N0ZXIlM0QlMjJodHRwcyUzQSUyRiUyRnd3dy5mb3h5LmV1JTJGd3AtY29udGVudCUyRnVwbG9hZHMlMkYyMDIwJTJGMTAlMkZwbGFjZV9ob2xkZXJfdmlkZW9faHAuanBnJTIyJTNFJTBBJTIwJTIwJTNDc291cmNlJTIwc3JjJTNEJTIyaHR0cHMlM0ElMkYlMkZ3d3cuZm94eS5ldSUyRndwLWNvbnRlbnQlMkZ1cGxvYWRzJTJGMjAyMCUyRjEwJTJGdmlkZW9faHAtMS5tcDQlMjIlMjB0eXBlJTNEJTIydmlkZW8lMkZtcDQlMjIlM0UlMEElM0MlMkZ2aWRlbyUzRSUzQyUyRmElM0U=[\/vc_raw_html][\/vc_column][vc_column width=&#8221;1\/2&#8243; el_class=&#8221;right_hero&#8221;][vc_column_text el_class=&#8221;title_hero_home&#8221;]Chcesz przejrze\u0107 nasze produkty?[\/vc_column_text][\/vc_column][\/vc_row]<\/p>\n","protected":false},"author":1,"featured_media":0,"parent":0,"menu_order":0,"comment_status":"closed","ping_status":"open","template":"template-home.php","meta":[],"categories":[],"tags":[],"yoast_head":"<!-- This site is optimized with the Yoast SEO plugin v19.14 - https:\/\/yoast.com\/wordpress\/plugins\/seo\/ -->\n<title>Foxy | Foxy jest zawsze blisko Ciebie.<\/title>\n<meta name=\"description\" content=\"Odkryj pe\u0142n\u0105 gam\u0119 produkt\u00f3w i inicjatyw Foxy. Pomy\u015bleli\u015bmy o \u015bwiecie dostosowanym do Ciebie.\" \/>\n<meta name=\"robots\" content=\"index, follow, max-snippet:-1, max-image-preview:large, max-video-preview:-1\" \/>\n<link rel=\"canonical\" href=\"https:\/\/www.foxy.eu\/pl\/\" \/>\n<meta property=\"og:locale\" content=\"pl_PL\" \/>\n<meta property=\"og:type\" content=\"article\" \/>\n<meta property=\"og:title\" content=\"Foxy \u00e8 sempre vicina a te!\" \/>\n<meta property=\"og:description\" content=\"Scopri tutta la gamma di prodotti e iniziative Foxy. Abbiamo pensato a un mondo su misura per te.\" \/>\n<meta property=\"og:url\" content=\"https:\/\/www.foxy.eu\/pl\/\" \/>\n<meta property=\"og:site_name\" content=\"Foxy\" \/>\n<meta property=\"article:publisher\" content=\"https:\/\/www.facebook.com\/Foxy.Italia\" \/>\n<meta property=\"article:modified_time\" content=\"2024-04-30T16:10:24+00:00\" \/>\n<meta property=\"og:image\" content=\"https:\/\/www.foxy.eu\/wp-content\/uploads\/2020\/11\/testata_mail_2x.jpg\" \/>\n\t<meta property=\"og:image:width\" content=\"1200\" \/>\n\t<meta property=\"og:image:height\" content=\"700\" \/>\n\t<meta property=\"og:image:type\" content=\"image\/jpeg\" \/>\n<meta name=\"twitter:card\" content=\"summary_large_image\" \/>\n<meta name=\"twitter:title\" content=\"Foxy \u00e8 sempre vicina a te!\" \/>\n<meta name=\"twitter:description\" content=\"Scopri tutta la gamma di prodotti e iniziative Foxy. Abbiamo pensato a un mondo su misura per te.\" \/>\n<meta name=\"twitter:image\" content=\"https:\/\/enkaz3824io.exactdn.com\/wp-content\/uploads\/2020\/11\/testata_mail_2x.jpg?strip=all&lossy=1&ssl=1\" \/>\n<meta name=\"twitter:label1\" content=\"Est. reading time\" \/>\n\t<meta name=\"twitter:data1\" content=\"1 minuta\" \/>\n<script type=\"application\/ld+json\" class=\"yoast-schema-graph\">{\"@context\":\"https:\/\/schema.org\",\"@graph\":[{\"@type\":\"WebPage\",\"@id\":\"https:\/\/www.foxy.eu\/pl\/\",\"url\":\"https:\/\/www.foxy.eu\/pl\/\",\"name\":\"Foxy | Foxy jest zawsze blisko Ciebie.\",\"isPartOf\":{\"@id\":\"https:\/\/www.foxy.eu\/#website\"},\"datePublished\":\"2020-04-01T10:52:57+00:00\",\"dateModified\":\"2024-04-30T16:10:24+00:00\",\"description\":\"Odkryj pe\u0142n\u0105 gam\u0119 produkt\u00f3w i inicjatyw Foxy. Pomy\u015bleli\u015bmy o \u015bwiecie dostosowanym do Ciebie.\",\"breadcrumb\":{\"@id\":\"https:\/\/www.foxy.eu\/pl\/#breadcrumb\"},\"inLanguage\":\"pl-PL\",\"potentialAction\":[{\"@type\":\"ReadAction\",\"target\":[\"https:\/\/www.foxy.eu\/pl\/\"]}]},{\"@type\":\"BreadcrumbList\",\"@id\":\"https:\/\/www.foxy.eu\/pl\/#breadcrumb\",\"itemListElement\":[{\"@type\":\"ListItem\",\"position\":1,\"name\":\"Home\",\"item\":\"https:\/\/www.foxy.eu\/pl\/\"},{\"@type\":\"ListItem\",\"position\":2,\"name\":\"Home\"}]},{\"@type\":\"WebSite\",\"@id\":\"https:\/\/www.foxy.eu\/#website\",\"url\":\"https:\/\/www.foxy.eu\/\",\"name\":\"Foxy\",\"description\":\"Un nuovo sito targato WordPress\",\"publisher\":{\"@id\":\"https:\/\/www.foxy.eu\/#organization\"},\"alternateName\":\"Scopri tutta la gamma di prodotti e iniziative Foxy. Abbiamo pensato a un mondo su misura per te.\",\"potentialAction\":[{\"@type\":\"SearchAction\",\"target\":{\"@type\":\"EntryPoint\",\"urlTemplate\":\"https:\/\/www.foxy.eu\/?s={search_term_string}\"},\"query-input\":\"required name=search_term_string\"}],\"inLanguage\":\"pl-PL\"},{\"@type\":\"Organization\",\"@id\":\"https:\/\/www.foxy.eu\/#organization\",\"name\":\"Foxy | Sempre vicina a te!\",\"alternateName\":\"Scopri tutta la gamma di prodotti e iniziative Foxy. Abbiamo pensato a un mondo su misura per te.\",\"url\":\"https:\/\/www.foxy.eu\/\",\"logo\":{\"@type\":\"ImageObject\",\"inLanguage\":\"pl-PL\",\"@id\":\"https:\/\/www.foxy.eu\/#\/schema\/logo\/image\/\",\"url\":\"https:\/\/enkaz3824io.exactdn.com\/wp-content\/uploads\/2020\/07\/hp_big_logo@2x.png?strip=all&lossy=1&ssl=1\",\"contentUrl\":\"https:\/\/enkaz3824io.exactdn.com\/wp-content\/uploads\/2020\/07\/hp_big_logo@2x.png?strip=all&lossy=1&ssl=1\",\"width\":518,\"height\":366,\"caption\":\"Foxy | Sempre vicina a te!\"},\"image\":{\"@id\":\"https:\/\/www.foxy.eu\/#\/schema\/logo\/image\/\"},\"sameAs\":[\"https:\/\/www.instagram.com\/foxy\/\",\"https:\/\/www.youtube.com\/channel\/UCpCfvrNg7u0O0jSeH9B9ygA\",\"https:\/\/www.facebook.com\/Foxy.Italia\"]}]}<\/script>\n<!-- \/ Yoast SEO plugin. -->","yoast_head_json":{"title":"Foxy | Foxy jest zawsze blisko Ciebie.","description":"Odkryj pe\u0142n\u0105 gam\u0119 produkt\u00f3w i inicjatyw Foxy. Pomy\u015bleli\u015bmy o \u015bwiecie dostosowanym do Ciebie.","robots":{"index":"index","follow":"follow","max-snippet":"max-snippet:-1","max-image-preview":"max-image-preview:large","max-video-preview":"max-video-preview:-1"},"canonical":"https:\/\/www.foxy.eu\/pl\/","og_locale":"pl_PL","og_type":"article","og_title":"Foxy \u00e8 sempre vicina a te!","og_description":"Scopri tutta la gamma di prodotti e iniziative Foxy. Abbiamo pensato a un mondo su misura per te.","og_url":"https:\/\/www.foxy.eu\/pl\/","og_site_name":"Foxy","article_publisher":"https:\/\/www.facebook.com\/Foxy.Italia","article_modified_time":"2024-04-30T16:10:24+00:00","og_image":[{"width":1200,"height":700,"url":"https:\/\/www.foxy.eu\/wp-content\/uploads\/2020\/11\/testata_mail_2x.jpg","type":"image\/jpeg"}],"twitter_card":"summary_large_image","twitter_title":"Foxy \u00e8 sempre vicina a te!","twitter_description":"Scopri tutta la gamma di prodotti e iniziative Foxy. Abbiamo pensato a un mondo su misura per te.","twitter_image":"https:\/\/enkaz3824io.exactdn.com\/wp-content\/uploads\/2020\/11\/testata_mail_2x.jpg?strip=all&lossy=1&ssl=1","twitter_misc":{"Est. reading time":"1 minuta"},"schema":{"@context":"https:\/\/schema.org","@graph":[{"@type":"WebPage","@id":"https:\/\/www.foxy.eu\/pl\/","url":"https:\/\/www.foxy.eu\/pl\/","name":"Foxy | Foxy jest zawsze blisko Ciebie.","isPartOf":{"@id":"https:\/\/www.foxy.eu\/#website"},"datePublished":"2020-04-01T10:52:57+00:00","dateModified":"2024-04-30T16:10:24+00:00","description":"Odkryj pe\u0142n\u0105 gam\u0119 produkt\u00f3w i inicjatyw Foxy. Pomy\u015bleli\u015bmy o \u015bwiecie dostosowanym do Ciebie.","breadcrumb":{"@id":"https:\/\/www.foxy.eu\/pl\/#breadcrumb"},"inLanguage":"pl-PL","potentialAction":[{"@type":"ReadAction","target":["https:\/\/www.foxy.eu\/pl\/"]}]},{"@type":"BreadcrumbList","@id":"https:\/\/www.foxy.eu\/pl\/#breadcrumb","itemListElement":[{"@type":"ListItem","position":1,"name":"Home","item":"https:\/\/www.foxy.eu\/pl\/"},{"@type":"ListItem","position":2,"name":"Home"}]},{"@type":"WebSite","@id":"https:\/\/www.foxy.eu\/#website","url":"https:\/\/www.foxy.eu\/","name":"Foxy","description":"Un nuovo sito targato WordPress","publisher":{"@id":"https:\/\/www.foxy.eu\/#organization"},"alternateName":"Scopri tutta la gamma di prodotti e iniziative Foxy. Abbiamo pensato a un mondo su misura per te.","potentialAction":[{"@type":"SearchAction","target":{"@type":"EntryPoint","urlTemplate":"https:\/\/www.foxy.eu\/?s={search_term_string}"},"query-input":"required name=search_term_string"}],"inLanguage":"pl-PL"},{"@type":"Organization","@id":"https:\/\/www.foxy.eu\/#organization","name":"Foxy | Sempre vicina a te!","alternateName":"Scopri tutta la gamma di prodotti e iniziative Foxy. Abbiamo pensato a un mondo su misura per te.","url":"https:\/\/www.foxy.eu\/","logo":{"@type":"ImageObject","inLanguage":"pl-PL","@id":"https:\/\/www.foxy.eu\/#\/schema\/logo\/image\/","url":"https:\/\/enkaz3824io.exactdn.com\/wp-content\/uploads\/2020\/07\/hp_big_logo@2x.png?strip=all&lossy=1&ssl=1","contentUrl":"https:\/\/enkaz3824io.exactdn.com\/wp-content\/uploads\/2020\/07\/hp_big_logo@2x.png?strip=all&lossy=1&ssl=1","width":518,"height":366,"caption":"Foxy | Sempre vicina a te!"},"image":{"@id":"https:\/\/www.foxy.eu\/#\/schema\/logo\/image\/"},"sameAs":["https:\/\/www.instagram.com\/foxy\/","https:\/\/www.youtube.com\/channel\/UCpCfvrNg7u0O0jSeH9B9ygA","https:\/\/www.facebook.com\/Foxy.Italia"]}]}},"_links":{"self":[{"href":"https:\/\/www.foxy.eu\/pl\/wp-json\/wp\/v2\/pages\/5171"}],"collection":[{"href":"https:\/\/www.foxy.eu\/pl\/wp-json\/wp\/v2\/pages"}],"about":[{"href":"https:\/\/www.foxy.eu\/pl\/wp-json\/wp\/v2\/types\/page"}],"author":[{"embeddable":true,"href":"https:\/\/www.foxy.eu\/pl\/wp-json\/wp\/v2\/users\/1"}],"replies":[{"embeddable":true,"href":"https:\/\/www.foxy.eu\/pl\/wp-json\/wp\/v2\/comments?post=5171"}],"version-history":[{"count":14,"href":"https:\/\/www.foxy.eu\/pl\/wp-json\/wp\/v2\/pages\/5171\/revisions"}],"predecessor-version":[{"id":19941,"href":"https:\/\/www.foxy.eu\/pl\/wp-json\/wp\/v2\/pages\/5171\/revisions\/19941"}],"wp:attachment":[{"href":"https:\/\/www.foxy.eu\/pl\/wp-json\/wp\/v2\/media?parent=5171"}],"wp:term":[{"taxonomy":"category","embeddable":true,"href":"https:\/\/www.foxy.eu\/pl\/wp-json\/wp\/v2\/categories?post=5171"},{"taxonomy":"post_tag","embeddable":true,"href":"https:\/\/www.foxy.eu\/pl\/wp-json\/wp\/v2\/tags?post=5171"}],"curies":[{"name":"wp","href":"https:\/\/api.w.org\/{rel}","templated":true}]}}