
{"id":28945,"date":"2026-03-04T11:16:24","date_gmt":"2026-03-04T10:16:24","guid":{"rendered":"https:\/\/www.foxy.eu\/?page_id=28945"},"modified":"2026-03-06T14:33:22","modified_gmt":"2026-03-06T13:33:22","slug":"navilens","status":"publish","type":"page","link":"https:\/\/www.foxy.eu\/pl\/zaangazowaniefoxy\/navilens\/","title":{"rendered":"NaviLens"},"content":{"rendered":"<p>[vc_row full_width=&#8221;stretch_row_content&#8221; equal_height=&#8221;yes&#8221; content_placement=&#8221;middle&#8221; el_class=&#8221;sotto-hero&#8221;][vc_column width=&#8221;1\/3&#8243;]<div class=\" ubtn-ctn-left btn-freccia btn-freccia-back\"><a class=\"ubtn-link ult-adjust-bottom-margin ubtn-left ubtn-large btn-freccia btn-freccia-back\" href=\"https:\/\/www.foxy.eu\/limpegnodifoxy\/\" title=\"L\u2019impegno di Foxy\" ><button type=\"button\" id=\"ubtn-9473\"  class=\"ubtn ult-adjust-bottom-margin ult-responsive ubtn-large ubtn-no-hover-bg  none  ubtn-left   tooltip-69f0a0cd20373\"  data-hover=\"\" data-border-color=\"\" data-bg=\"\" data-hover-bg=\"\" data-border-hover=\"\" data-shadow-hover=\"\" data-shadow-click=\"none\" data-shadow=\"\" data-shd-shadow=\"\"  data-ultimate-target='#ubtn-9473'  data-responsive-json-new='{\"font-size\":\"\",\"line-height\":\"\"}'  style=\"font-weight:normal;border:none;\"><span class=\"ubtn-hover\" style=\"background-color:\"><\/span><span class=\"ubtn-data ubtn-text \" >Zaanga\u017cowanie Foxy<\/span><\/button><\/a><\/div>[\/vc_column][vc_column width=&#8221;1\/3&#8243;][vc_single_image image=&#8221;20307&#8243; img_size=&#8221;full&#8221; alignment=&#8221;center&#8221; el_class=&#8221;logo-associazione-pf&#8221; css=&#8221;.vc_custom_1728040164346{margin-bottom: 80px !important;}&#8221;][\/vc_column][vc_column width=&#8221;1\/3&#8243;][\/vc_column][\/vc_row][vc_row el_class=&#8221;mbot60&#8243;][vc_column width=&#8221;5\/6&#8243; offset=&#8221;vc_col-lg-offset-2 vc_col-lg-8 vc_col-md-offset-2 vc_col-md-8 vc_col-sm-offset-1&#8243;][vc_column_text el_class=&#8221;text-center tit-h2-38&#8243;]<\/p>\n<h2 class=\"p1\">Dzi\u0119ki umieszczeniu na opakowaniach kod\u00f3w QR NaviLens, wszystkie informacje o produktach Foxy staj\u0105 si\u0119 \u0142atwo dost\u0119pne tak\u017ce dla os\u00f3b z niepe\u0142nosprawno\u015bci\u0105 wzrokow\u0105.<\/h2>\n<p>[\/vc_column_text][\/vc_column][\/vc_row][vc_row equal_height=&#8221;yes&#8221; content_placement=&#8221;middle&#8221; el_class=&#8221;mbot100&#8243;][vc_column width=&#8221;1\/2&#8243;][vc_single_image image=&#8221;20326&#8243; img_size=&#8221;full&#8221; el_class=&#8221;img-radius img-shadow-basso-destra&#8221;][\/vc_column][vc_column width=&#8221;1\/2&#8243; offset=&#8221;vc_col-lg-offset-1 vc_col-lg-4&#8243;][vc_column_text]<\/p>\n<h3>W Europie oko\u0142o 3% populacji \u017cyje z istotnym upo\u015bledzeniem wzroku, kt\u00f3re mo\u017ce obejmowa\u0107 zar\u00f3wno cz\u0119\u015bciow\u0105, jak i ca\u0142kowit\u0105 utrat\u0119 widzenia.<\/h3>\n<p>[\/vc_column_text][vc_column_text]Ten stan w znacz\u0105cy spos\u00f3b wp\u0142ywa na codzienne \u017cycie, ograniczaj\u0105c dost\u0119p do informacji, us\u0142ug i r\u00f3\u017cnych mo\u017cliwo\u015bci. Wiele zasob\u00f3w, od dokument\u00f3w online po znaki drogowe, nie jest projektowanych z uwzgl\u0119dnieniem potrzeb os\u00f3b z ograniczonym widzeniem, co tworzy istotne bariery.[\/vc_column_text][\/vc_column][\/vc_row][vc_row equal_height=&#8221;yes&#8221; content_placement=&#8221;middle&#8221; el_class=&#8221;mbot100&#8243;][vc_column width=&#8221;1\/2&#8243; offset=&#8221;vc_col-lg-offset-1 vc_col-lg-4&#8243; el_class=&#8221;order-2&#8243;][vc_column_text]<\/p>\n<h3>NaviLens to wysoce innowacyjne rozwi\u0105zanie technologiczne, kt\u00f3re wykorzystuje kody wizualne, podobne do kod\u00f3w QR, ale z kilkoma kluczowymi r\u00f3\u017cnicami, przekszta\u0142caj\u0105c te kolorowe kody w komunikaty d\u017awi\u0119kowe, kt\u00f3re mo\u017cna ods\u0142uchiwa\u0107 w 40 r\u00f3\u017cnych j\u0119zykach.<\/h3>\n<p>[\/vc_column_text][vc_column_text]Kody NaviLens s\u0105 \u0142atwo czytelne za pomoc\u0105 smartfon\u00f3w i urz\u0105dze\u0144 mobilnych, dzi\u0119ki aplikacjom NaviLens i NaviLens Go, kt\u00f3re udost\u0119pniaj\u0105 wszystkim szereg informacji i umo\u017cliwiaj\u0105 poruszanie si\u0119 w przestrzeniach publicznych oraz cyfrowych tak\u017ce osobom z niepe\u0142nosprawno\u015bci\u0105 wzrokow\u0105.[\/vc_column_text][\/vc_column][vc_column width=&#8221;1\/2&#8243; offset=&#8221;vc_col-lg-offset-1 vc_col-lg-6&#8243;][vc_single_image image=&#8221;20332&#8243; img_size=&#8221;full&#8221; el_class=&#8221;img-radius img-shadow-basso-destra&#8221;][\/vc_column][\/vc_row][vc_row bg_type=&#8221;bg_color&#8221; bg_override=&#8221;ex-full&#8221; el_class=&#8221;mbot60&#8243; bg_color_value=&#8221;#c5ddf2&#8243; css=&#8221;.vc_custom_1727970295927{margin-bottom: 0px !important;padding-top: 80px !important;}&#8221;][vc_column width=&#8221;5\/6&#8243; offset=&#8221;vc_col-lg-offset-2 vc_col-lg-8 vc_col-md-offset-2 vc_col-md-8 vc_col-sm-offset-1&#8243;][vc_column_text el_class=&#8221;text-center tit-h2-38&#8243;]<\/p>\n<h2 class=\"p1\">Niezwyk\u0142a technologia<\/h2>\n<p><span style=\"color: #1e2d75; font-size: 22px;\">Wdro\u017cenie technologii takich jak NaviLens stanowi znacz\u0105cy krok naprz\u00f3d w kierunku bardziej inkluzywnego \u015brodowiska.<\/span>[\/vc_column_text][\/vc_column][\/vc_row][vc_row bg_type=&#8221;bg_color&#8221; bg_override=&#8221;ex-full&#8221; el_class=&#8221;mbot60&#8243; bg_color_value=&#8221;#c5ddf2&#8243; css=&#8221;.vc_custom_1727970370559{margin-bottom: 0px !important;}&#8221;][vc_column width=&#8221;5\/6&#8243; offset=&#8221;vc_col-lg-offset-3 vc_col-lg-6 vc_col-md-offset-2 vc_col-md-8 vc_col-sm-offset-1&#8243;][vc_row_inner][vc_column_inner width=&#8221;1\/3&#8243;][vc_single_image image=&#8221;20367&#8243; img_size=&#8221;full&#8221; alignment=&#8221;center&#8221; el_class=&#8221;icon_landing_navilens&#8221;][vc_column_text]<\/p>\n<p style=\"text-align: center; color: #1e2d75; font-size: 18px;\">Mo\u017cliwo\u015b\u0107 odczytu z odleg\u0142o\u015bci 12 razy wi\u0119kszej ni\u017c kody QR i kreskowe<\/p>\n<p>[\/vc_column_text][\/vc_column_inner][vc_column_inner width=&#8221;1\/3&#8243;][vc_single_image image=&#8221;20379&#8243; img_size=&#8221;full&#8221; alignment=&#8221;center&#8221; el_class=&#8221;icon_landing_navilens&#8221;][vc_column_text]<\/p>\n<p style=\"text-align: center; color: #1e2d75; font-size: 18px;\">Bardzo szybki: odczyt w 1\/30 sekundy<\/p>\n<p>[\/vc_column_text][\/vc_column_inner][vc_column_inner width=&#8221;1\/3&#8243;][vc_single_image image=&#8221;20385&#8243; img_size=&#8221;full&#8221; alignment=&#8221;center&#8221; el_class=&#8221;icon_landing_navilens&#8221;][vc_column_text]<\/p>\n<p style=\"text-align: center; color: #1e2d75; font-size: 18px;\">Mo\u017cliwo\u015b\u0107 odczytu pod szerokim k\u0105tem: do 160\u00b0<\/p>\n<p>[\/vc_column_text][\/vc_column_inner][\/vc_row_inner][vc_row_inner][vc_column_inner width=&#8221;1\/3&#8243;][vc_single_image image=&#8221;20391&#8243; img_size=&#8221;full&#8221; alignment=&#8221;center&#8221; el_class=&#8221;icon_landing_navilens&#8221;][vc_column_text]<\/p>\n<p style=\"text-align: center; color: #1e2d75; font-size: 18px;\">Dzia\u0142a w ka\u017cdych warunkach o\u015bwietleniowych<\/p>\n<p>[\/vc_column_text][\/vc_column_inner][vc_column_inner width=&#8221;1\/3&#8243;][vc_single_image image=&#8221;20397&#8243; img_size=&#8221;full&#8221; alignment=&#8221;center&#8221; el_class=&#8221;icon_landing_navilens&#8221;][vc_column_text]<\/p>\n<p style=\"text-align: center; color: #1e2d75; font-size: 18px;\">Dok\u0142adno\u015b\u0107 i orientacja<\/p>\n<p>[\/vc_column_text][\/vc_column_inner][vc_column_inner width=&#8221;1\/3&#8243;][vc_single_image image=&#8221;20403&#8243; img_size=&#8221;full&#8221; alignment=&#8221;center&#8221; el_class=&#8221;icon_landing_navilens&#8221;][vc_column_text]<\/p>\n<p style=\"text-align: center; color: #1e2d75; font-size: 18px;\">Nie wymaga ustawiania ostro\u015bci<\/p>\n<p>[\/vc_column_text][\/vc_column_inner][\/vc_row_inner][\/vc_column][\/vc_row][vc_row bg_type=&#8221;bg_color&#8221; bg_override=&#8221;ex-full&#8221; el_class=&#8221;mbot60&#8243; bg_color_value=&#8221;#c5ddf2&#8243; css=&#8221;.vc_custom_1727970378156{margin-bottom: 0px !important;padding-bottom: 120px !important;}&#8221;][vc_column width=&#8221;5\/6&#8243; offset=&#8221;vc_col-lg-offset-1 vc_col-lg-10 vc_col-md-offset-2 vc_col-md-8 vc_col-sm-offset-1&#8243;][vc_column_text el_class=&#8221;text-center tit-h2-38&#8243;]<\/p>\n<h2 class=\"p1\">Dowiedz si\u0119, czym jest NaviLens:<\/h2>\n<p>[\/vc_column_text][vc_raw_html]JTNDZGl2JTIwY2xhc3MlM0QlMjJ2aWRlbyUyMiUzRSUwQSUyMCUyMCUyMCUyMCUzQ2RpdiUyMGNsYXNzJTNEJTIydmlkZW8taW1hZ2UtY29udGFpbmVyJTIyJTNFJTBBJTIwJTIwJTIwJTIwJTIwJTIwJTIwJTIwJTNDYSUyMGNsYXNzJTNEJTIyZmFuY3lvcGVudmlkZW9yYWRpbyUyMiUyMGhyZWYlM0QlMjIlMjMlMjIlMjBkYXRhLWlkJTNEJTIyMCUyMiUzRSUwQSUyMCUyMCUyMCUyMCUyMCUyMCUyMCUyMCUyMCUyMCUyMCUyMCUzQ2ltZyUyMHdpZHRoJTNEJTIyMjU2MCUyMiUyMGhlaWdodCUzRCUyMjE0MzQlMjIlMjBzcmMlM0QlMjJodHRwcyUzQSUyRiUyRmltZy55b3V0dWJlLmNvbSUyRnZpJTJGX3I0N0Exd1BnZGMlMkZtYXhyZXNkZWZhdWx0LmpwZyUyMiUyMGNsYXNzJTNEJTIyYXR0YWNobWVudC1mdWxsJTIwc2l6ZS1mdWxsJTIyJTIwYWx0JTNEJTIyJTIyJTNFJTBBJTIwJTIwJTIwJTIwJTIwJTIwJTIwJTIwJTNDJTJGYSUzRSUwQSUyMCUyMCUyMCUyMCUzQyUyRmRpdiUzRSUwQSUzQyUyRmRpdiUzRSUwQSUwQSUzQ3NjcmlwdCUyMHR5cGUlM0QlMjJ0ZXh0JTJGamF2YXNjcmlwdCUyMiUzRSUwQSUyMCUyMCUyMCUyMGpRdWVyeSUyOGRvY3VtZW50JTI5LnJlYWR5JTI4ZnVuY3Rpb24lMjAlMjglMjklMjAlN0IlMEElMjAlMjAlMjAlMjAlMjAlMjAlMjAlMjBqUXVlcnklMjglMjIuZmFuY3lvcGVudmlkZW9yYWRpbyUyMiUyOS5jbGljayUyOGZ1bmN0aW9uJTIwJTI4JTI5JTIwJTdCJTBBJTIwJTIwJTIwJTIwJTIwJTIwJTIwJTIwJTIwJTIwJTIwJTIwdmFyJTIwaWQlMjAlM0QlMjBqUXVlcnklMjh0aGlzJTI5LmF0dHIlMjglMjJkYXRhLWlkJTIyJTI5JTNCJTBBJTIwJTIwJTIwJTIwJTIwJTIwJTIwJTIwJTIwJTIwJTIwJTIwalF1ZXJ5LmZhbmN5Ym94Lm9wZW4lMjglNUIlMEElMjAlMjAlMjAlMjAlMjAlMjAlMjAlMjAlMjAlMjAlMjAlMjAlMjAlMjAlMjAlMjAlN0IlMEElMjAlMjAlMjAlMjAlMjAlMjAlMjAlMjAlMjAlMjAlMjAlMjAlMjAlMjAlMjAlMjAlMjAlMjAlMjAlMjBzcmMlM0ElMjAlMjdodHRwcyUzQSUyRiUyRnd3dy55b3V0dWJlLmNvbSUyRmVtYmVkJTJGX3I0N0Exd1BnZGMlM0ZmZWF0dXJlJTNEb2VtYmVkJTI2cmVsJTNEMCUyNmF1dG9wbGF5JTNEMSUyNyUyQyUwQSUyMCUyMCUyMCUyMCUyMCUyMCUyMCUyMCUyMCUyMCUyMCUyMCUyMCUyMCUyMCUyMCUyMCUyMCUyMCUyMHR5cGUlM0ElMjAlMjdpZnJhbWUlMjclMkMlMEElMjAlMjAlMjAlMjAlMjAlMjAlMjAlMjAlMjAlMjAlMjAlMjAlMjAlMjAlMjAlMjAlN0QlMkMlMEElMjAlMjAlMjAlMjAlMjAlMjAlMjAlMjAlMjAlMjAlMjAlMjAlNUQlMkMlMjAlN0IlMEElMjAlMjAlMjAlMjAlMjAlMjAlMjAlMjAlMjAlMjAlMjAlMjAlMjAlMjAlMjAlMjBwYWRkaW5nJTNBJTIwMCUyQyUwQSUyMCUyMCUyMCUyMCUyMCUyMCUyMCUyMCUyMCUyMCUyMCUyMCUyMCUyMCUyMCUyMGJhc2VDbGFzcyUzQSUyMCUyN2ZhbmN5dmlkZW8lMjclMkMlMEElMjAlMjAlMjAlMjAlMjAlMjAlMjAlMjAlMjAlMjAlMjAlMjAlMjAlMjAlMjAlMjB0aHVtYnMlM0ElMjAlN0IlMEElMjAlMjAlMjAlMjAlMjAlMjAlMjAlMjAlMjAlMjAlMjAlMjAlMjAlMjAlMjAlMjAlMjAlMjAlMjAlMjBhdXRvU3RhcnQlM0ElMjB0cnVlJTJDJTBBJTIwJTIwJTIwJTIwJTIwJTIwJTIwJTIwJTIwJTIwJTIwJTIwJTIwJTIwJTIwJTIwJTIwJTIwJTIwJTIwYXhpcyUzQSUyMCUyMnglMjIlMkMlMEElMjAlMjAlMjAlMjAlMjAlMjAlMjAlMjAlMjAlMjAlMjAlMjAlMjAlMjAlMjAlMjAlN0QlMkMlMEElMjAlMjAlMjAlMjAlMjAlMjAlMjAlMjAlMjAlMjAlMjAlMjAlMjAlMjAlMjAlMjBidXR0b25zJTNBJTIwJTVCJTBBJTIwJTIwJTIwJTIwJTIwJTIwJTIwJTIwJTIwJTIwJTIwJTIwJTIwJTIwJTIwJTIwJTIwJTIwJTIwJTIwJTIyY2xvc2UlMjIlMEElMjAlMjAlMjAlMjAlMjAlMjAlMjAlMjAlMjAlMjAlMjAlMjAlMjAlMjAlMjAlMjAlNUQlMkMlMEElMjAlMjAlMjAlMjAlMjAlMjAlMjAlMjAlMjAlMjAlMjAlMjAlN0QlMkMlMjBpZCUyOSUzQiUwQSUwQSUyMCUyMCUyMCUyMCUyMCUyMCUyMCUyMCUyMCUyMCUyMCUyMHJldHVybiUyMGZhbHNlJTNCJTBBJTIwJTIwJTIwJTIwJTIwJTIwJTIwJTIwJTdEJTI5JTNCJTBBJTIwJTIwJTIwJTIwJTdEJTI5JTNCJTBBJTNDJTJGc2NyaXB0JTNF[\/vc_raw_html][\/vc_column][\/vc_row][vc_row bg_type=&#8221;bg_color&#8221; bg_override=&#8221;ex-full&#8221; el_class=&#8221;mbot60&#8243; bg_color_value=&#8221;#faeb93&#8243; css=&#8221;.vc_custom_1772803941404{padding-top: 80px !important;padding-bottom: 120px !important;}&#8221;][vc_column width=&#8221;5\/6&#8243; offset=&#8221;vc_col-lg-offset-1 vc_col-lg-10 vc_col-md-offset-2 vc_col-md-8 vc_col-sm-offset-1&#8243;][vc_single_image image=&#8221;21020&#8243; img_size=&#8221;full&#8221; alignment=&#8221;center&#8221; el_class=&#8221;navilens_img_logo_2&#8243; css=&#8221;.vc_custom_1772803998509{margin-top: -215px !important;margin-bottom: 50px !important;}&#8221;][vc_column_text el_class=&#8221;text-center tit-h2-38&#8243; css=&#8221;.vc_custom_1772708145088{margin-top: 30px !important;margin-bottom: 30px !important;}&#8221;]<\/p>\n<h2><strong>Foxy dodaje kody NaviLens do swoich opakowa\u0144 we Francji, W\u0142oszech, Hiszpanii, Wielkiej Brytanii, a teraz tak\u017ce w Polsce.<\/strong><\/h2>\n<p>[\/vc_column_text][vc_single_image image=&#8221;21014&#8243; img_size=&#8221;full&#8221;][\/vc_column][\/vc_row]<\/p>\n","protected":false},"excerpt":{"rendered":"<p>[vc_row full_width=&#8221;stretch_row_content&#8221; equal_height=&#8221;yes&#8221; content_placement=&#8221;middle&#8221; el_class=&#8221;sotto-hero&#8221;][vc_column width=&#8221;1\/3&#8243;][\/vc_column][vc_column width=&#8221;1\/3&#8243;][vc_single_image image=&#8221;20307&#8243; img_size=&#8221;full&#8221; alignment=&#8221;center&#8221; el_class=&#8221;logo-associazione-pf&#8221; css=&#8221;.vc_custom_1728040164346{margin-bottom: 80px !important;}&#8221;][\/vc_column][vc_column width=&#8221;1\/3&#8243;][\/vc_column][\/vc_row][vc_row el_class=&#8221;mbot60&#8243;][vc_column width=&#8221;5\/6&#8243; offset=&#8221;vc_col-lg-offset-2 vc_col-lg-8 vc_col-md-offset-2 vc_col-md-8 vc_col-sm-offset-1&#8243;][vc_column_text el_class=&#8221;text-center tit-h2-38&#8243;] Dzi\u0119ki umieszczeniu na opakowaniach kod\u00f3w QR&#8230;<\/p>\n","protected":false},"author":1,"featured_media":0,"parent":21081,"menu_order":0,"comment_status":"closed","ping_status":"closed","template":"template-page-mondo-foxy.php","meta":[],"categories":[],"tags":[],"yoast_head":"<!-- This site is optimized with the Yoast SEO plugin v19.14 - https:\/\/yoast.com\/wordpress\/plugins\/seo\/ -->\n<title>NaviLens - Foxy<\/title>\n<meta name=\"robots\" content=\"index, follow, max-snippet:-1, max-image-preview:large, max-video-preview:-1\" \/>\n<link rel=\"canonical\" href=\"https:\/\/www.foxy.eu\/pl\/zaangazowaniefoxy\/navilens\/\" \/>\n<meta property=\"og:locale\" content=\"pl_PL\" \/>\n<meta property=\"og:type\" content=\"article\" \/>\n<meta property=\"og:title\" content=\"NaviLens - Foxy\" \/>\n<meta property=\"og:description\" content=\"[vc_row full_width=&#8221;stretch_row_content&#8221; equal_height=&#8221;yes&#8221; content_placement=&#8221;middle&#8221; el_class=&#8221;sotto-hero&#8221;][vc_column width=&#8221;1\/3&#8243;][\/vc_column][vc_column width=&#8221;1\/3&#8243;][vc_single_image image=&#8221;20307&#8243; img_size=&#8221;full&#8221; alignment=&#8221;center&#8221; el_class=&#8221;logo-associazione-pf&#8221; css=&#8221;.vc_custom_1728040164346{margin-bottom: 80px !important;}&#8221;][\/vc_column][vc_column width=&#8221;1\/3&#8243;][\/vc_column][\/vc_row][vc_row el_class=&#8221;mbot60&#8243;][vc_column width=&#8221;5\/6&#8243; offset=&#8221;vc_col-lg-offset-2 vc_col-lg-8 vc_col-md-offset-2 vc_col-md-8 vc_col-sm-offset-1&#8243;][vc_column_text el_class=&#8221;text-center tit-h2-38&#8243;] Dzi\u0119ki umieszczeniu na opakowaniach kod\u00f3w QR...\" \/>\n<meta property=\"og:url\" content=\"https:\/\/www.foxy.eu\/pl\/zaangazowaniefoxy\/navilens\/\" \/>\n<meta property=\"og:site_name\" content=\"Foxy\" \/>\n<meta property=\"article:publisher\" content=\"https:\/\/www.facebook.com\/Foxy.Italia\" \/>\n<meta property=\"article:modified_time\" content=\"2026-03-06T13:33:22+00:00\" \/>\n<meta name=\"twitter:card\" content=\"summary_large_image\" \/>\n<meta name=\"twitter:label1\" content=\"Est. reading time\" \/>\n\t<meta name=\"twitter:data1\" content=\"3 minuty\" \/>\n<script type=\"application\/ld+json\" class=\"yoast-schema-graph\">{\"@context\":\"https:\/\/schema.org\",\"@graph\":[{\"@type\":\"WebPage\",\"@id\":\"https:\/\/www.foxy.eu\/pl\/zaangazowaniefoxy\/navilens\/\",\"url\":\"https:\/\/www.foxy.eu\/pl\/zaangazowaniefoxy\/navilens\/\",\"name\":\"NaviLens - Foxy\",\"isPartOf\":{\"@id\":\"https:\/\/www.foxy.eu\/#website\"},\"datePublished\":\"2026-03-04T10:16:24+00:00\",\"dateModified\":\"2026-03-06T13:33:22+00:00\",\"breadcrumb\":{\"@id\":\"https:\/\/www.foxy.eu\/pl\/zaangazowaniefoxy\/navilens\/#breadcrumb\"},\"inLanguage\":\"pl-PL\",\"potentialAction\":[{\"@type\":\"ReadAction\",\"target\":[\"https:\/\/www.foxy.eu\/pl\/zaangazowaniefoxy\/navilens\/\"]}]},{\"@type\":\"BreadcrumbList\",\"@id\":\"https:\/\/www.foxy.eu\/pl\/zaangazowaniefoxy\/navilens\/#breadcrumb\",\"itemListElement\":[{\"@type\":\"ListItem\",\"position\":1,\"name\":\"Home\",\"item\":\"https:\/\/www.foxy.eu\/pl\/\"},{\"@type\":\"ListItem\",\"position\":2,\"name\":\"Zaanga\u017cowanie Foxy\",\"item\":\"https:\/\/www.foxy.eu\/pl\/zaangazowaniefoxy\/\"},{\"@type\":\"ListItem\",\"position\":3,\"name\":\"NaviLens\"}]},{\"@type\":\"WebSite\",\"@id\":\"https:\/\/www.foxy.eu\/#website\",\"url\":\"https:\/\/www.foxy.eu\/\",\"name\":\"Foxy\",\"description\":\"Un nuovo sito targato WordPress\",\"publisher\":{\"@id\":\"https:\/\/www.foxy.eu\/#organization\"},\"alternateName\":\"Scopri tutta la gamma di prodotti e iniziative Foxy. Abbiamo pensato a un mondo su misura per te.\",\"potentialAction\":[{\"@type\":\"SearchAction\",\"target\":{\"@type\":\"EntryPoint\",\"urlTemplate\":\"https:\/\/www.foxy.eu\/?s={search_term_string}\"},\"query-input\":\"required name=search_term_string\"}],\"inLanguage\":\"pl-PL\"},{\"@type\":\"Organization\",\"@id\":\"https:\/\/www.foxy.eu\/#organization\",\"name\":\"Foxy | Sempre vicina a te!\",\"alternateName\":\"Scopri tutta la gamma di prodotti e iniziative Foxy. Abbiamo pensato a un mondo su misura per te.\",\"url\":\"https:\/\/www.foxy.eu\/\",\"logo\":{\"@type\":\"ImageObject\",\"inLanguage\":\"pl-PL\",\"@id\":\"https:\/\/www.foxy.eu\/#\/schema\/logo\/image\/\",\"url\":\"https:\/\/enkaz3824io.exactdn.com\/wp-content\/uploads\/2020\/07\/hp_big_logo@2x.png?strip=all&lossy=1&ssl=1\",\"contentUrl\":\"https:\/\/enkaz3824io.exactdn.com\/wp-content\/uploads\/2020\/07\/hp_big_logo@2x.png?strip=all&lossy=1&ssl=1\",\"width\":518,\"height\":366,\"caption\":\"Foxy | Sempre vicina a te!\"},\"image\":{\"@id\":\"https:\/\/www.foxy.eu\/#\/schema\/logo\/image\/\"},\"sameAs\":[\"https:\/\/www.instagram.com\/foxy\/\",\"https:\/\/www.youtube.com\/channel\/UCpCfvrNg7u0O0jSeH9B9ygA\",\"https:\/\/www.facebook.com\/Foxy.Italia\"]}]}<\/script>\n<!-- \/ Yoast SEO plugin. -->","yoast_head_json":{"title":"NaviLens - Foxy","robots":{"index":"index","follow":"follow","max-snippet":"max-snippet:-1","max-image-preview":"max-image-preview:large","max-video-preview":"max-video-preview:-1"},"canonical":"https:\/\/www.foxy.eu\/pl\/zaangazowaniefoxy\/navilens\/","og_locale":"pl_PL","og_type":"article","og_title":"NaviLens - Foxy","og_description":"[vc_row full_width=&#8221;stretch_row_content&#8221; equal_height=&#8221;yes&#8221; content_placement=&#8221;middle&#8221; el_class=&#8221;sotto-hero&#8221;][vc_column width=&#8221;1\/3&#8243;][\/vc_column][vc_column width=&#8221;1\/3&#8243;][vc_single_image image=&#8221;20307&#8243; img_size=&#8221;full&#8221; alignment=&#8221;center&#8221; el_class=&#8221;logo-associazione-pf&#8221; css=&#8221;.vc_custom_1728040164346{margin-bottom: 80px !important;}&#8221;][\/vc_column][vc_column width=&#8221;1\/3&#8243;][\/vc_column][\/vc_row][vc_row el_class=&#8221;mbot60&#8243;][vc_column width=&#8221;5\/6&#8243; offset=&#8221;vc_col-lg-offset-2 vc_col-lg-8 vc_col-md-offset-2 vc_col-md-8 vc_col-sm-offset-1&#8243;][vc_column_text el_class=&#8221;text-center tit-h2-38&#8243;] Dzi\u0119ki umieszczeniu na opakowaniach kod\u00f3w QR...","og_url":"https:\/\/www.foxy.eu\/pl\/zaangazowaniefoxy\/navilens\/","og_site_name":"Foxy","article_publisher":"https:\/\/www.facebook.com\/Foxy.Italia","article_modified_time":"2026-03-06T13:33:22+00:00","twitter_card":"summary_large_image","twitter_misc":{"Est. reading time":"3 minuty"},"schema":{"@context":"https:\/\/schema.org","@graph":[{"@type":"WebPage","@id":"https:\/\/www.foxy.eu\/pl\/zaangazowaniefoxy\/navilens\/","url":"https:\/\/www.foxy.eu\/pl\/zaangazowaniefoxy\/navilens\/","name":"NaviLens - Foxy","isPartOf":{"@id":"https:\/\/www.foxy.eu\/#website"},"datePublished":"2026-03-04T10:16:24+00:00","dateModified":"2026-03-06T13:33:22+00:00","breadcrumb":{"@id":"https:\/\/www.foxy.eu\/pl\/zaangazowaniefoxy\/navilens\/#breadcrumb"},"inLanguage":"pl-PL","potentialAction":[{"@type":"ReadAction","target":["https:\/\/www.foxy.eu\/pl\/zaangazowaniefoxy\/navilens\/"]}]},{"@type":"BreadcrumbList","@id":"https:\/\/www.foxy.eu\/pl\/zaangazowaniefoxy\/navilens\/#breadcrumb","itemListElement":[{"@type":"ListItem","position":1,"name":"Home","item":"https:\/\/www.foxy.eu\/pl\/"},{"@type":"ListItem","position":2,"name":"Zaanga\u017cowanie Foxy","item":"https:\/\/www.foxy.eu\/pl\/zaangazowaniefoxy\/"},{"@type":"ListItem","position":3,"name":"NaviLens"}]},{"@type":"WebSite","@id":"https:\/\/www.foxy.eu\/#website","url":"https:\/\/www.foxy.eu\/","name":"Foxy","description":"Un nuovo sito targato WordPress","publisher":{"@id":"https:\/\/www.foxy.eu\/#organization"},"alternateName":"Scopri tutta la gamma di prodotti e iniziative Foxy. Abbiamo pensato a un mondo su misura per te.","potentialAction":[{"@type":"SearchAction","target":{"@type":"EntryPoint","urlTemplate":"https:\/\/www.foxy.eu\/?s={search_term_string}"},"query-input":"required name=search_term_string"}],"inLanguage":"pl-PL"},{"@type":"Organization","@id":"https:\/\/www.foxy.eu\/#organization","name":"Foxy | Sempre vicina a te!","alternateName":"Scopri tutta la gamma di prodotti e iniziative Foxy. Abbiamo pensato a un mondo su misura per te.","url":"https:\/\/www.foxy.eu\/","logo":{"@type":"ImageObject","inLanguage":"pl-PL","@id":"https:\/\/www.foxy.eu\/#\/schema\/logo\/image\/","url":"https:\/\/enkaz3824io.exactdn.com\/wp-content\/uploads\/2020\/07\/hp_big_logo@2x.png?strip=all&lossy=1&ssl=1","contentUrl":"https:\/\/enkaz3824io.exactdn.com\/wp-content\/uploads\/2020\/07\/hp_big_logo@2x.png?strip=all&lossy=1&ssl=1","width":518,"height":366,"caption":"Foxy | Sempre vicina a te!"},"image":{"@id":"https:\/\/www.foxy.eu\/#\/schema\/logo\/image\/"},"sameAs":["https:\/\/www.instagram.com\/foxy\/","https:\/\/www.youtube.com\/channel\/UCpCfvrNg7u0O0jSeH9B9ygA","https:\/\/www.facebook.com\/Foxy.Italia"]}]}},"_links":{"self":[{"href":"https:\/\/www.foxy.eu\/pl\/wp-json\/wp\/v2\/pages\/28945"}],"collection":[{"href":"https:\/\/www.foxy.eu\/pl\/wp-json\/wp\/v2\/pages"}],"about":[{"href":"https:\/\/www.foxy.eu\/pl\/wp-json\/wp\/v2\/types\/page"}],"author":[{"embeddable":true,"href":"https:\/\/www.foxy.eu\/pl\/wp-json\/wp\/v2\/users\/1"}],"replies":[{"embeddable":true,"href":"https:\/\/www.foxy.eu\/pl\/wp-json\/wp\/v2\/comments?post=28945"}],"version-history":[{"count":9,"href":"https:\/\/www.foxy.eu\/pl\/wp-json\/wp\/v2\/pages\/28945\/revisions"}],"predecessor-version":[{"id":29039,"href":"https:\/\/www.foxy.eu\/pl\/wp-json\/wp\/v2\/pages\/28945\/revisions\/29039"}],"up":[{"embeddable":true,"href":"https:\/\/www.foxy.eu\/pl\/wp-json\/wp\/v2\/pages\/21081"}],"wp:attachment":[{"href":"https:\/\/www.foxy.eu\/pl\/wp-json\/wp\/v2\/media?parent=28945"}],"wp:term":[{"taxonomy":"category","embeddable":true,"href":"https:\/\/www.foxy.eu\/pl\/wp-json\/wp\/v2\/categories?post=28945"},{"taxonomy":"post_tag","embeddable":true,"href":"https:\/\/www.foxy.eu\/pl\/wp-json\/wp\/v2\/tags?post=28945"}],"curies":[{"name":"wp","href":"https:\/\/api.w.org\/{rel}","templated":true}]}}