
{"id":11461,"date":"2022-12-16T10:12:58","date_gmt":"2022-12-16T09:12:58","guid":{"rendered":"https:\/\/www.foxy.eu\/?page_id=11461"},"modified":"2025-01-10T12:39:58","modified_gmt":"2025-01-10T11:39:58","slug":"3-bee","status":"publish","type":"page","link":"https:\/\/www.foxy.eu\/pl\/zaangazowaniefoxy\/3-bee\/","title":{"rendered":"3Bee"},"content":{"rendered":"<p>[vc_row full_width=&#8221;stretch_row_content&#8221; equal_height=&#8221;yes&#8221; content_placement=&#8221;middle&#8221; el_class=&#8221;sotto-hero&#8221;][vc_column width=&#8221;1\/3&#8243;]<div class=\" ubtn-ctn-left btn-freccia btn-freccia-back\"><a class=\"ubtn-link ult-adjust-bottom-margin ubtn-left ubtn-large btn-freccia btn-freccia-back\" href=\"https:\/\/www.foxy.eu\/pl\/swiat-foxy\/\" title=\"\u015awiat Foxy\" ><button type=\"button\" id=\"ubtn-1169\"  class=\"ubtn ult-adjust-bottom-margin ult-responsive ubtn-large ubtn-no-hover-bg  none  ubtn-left   tooltip-69f8ff3e17b63\"  data-hover=\"\" data-border-color=\"\" data-bg=\"\" data-hover-bg=\"\" data-border-hover=\"\" data-shadow-hover=\"\" data-shadow-click=\"none\" data-shadow=\"\" data-shd-shadow=\"\"  data-ultimate-target='#ubtn-1169'  data-responsive-json-new='{\"font-size\":\"\",\"line-height\":\"\"}'  style=\"font-weight:normal;border:none;\"><span class=\"ubtn-hover\" style=\"background-color:\"><\/span><span class=\"ubtn-data ubtn-text \" >\u015awiat Foxy<\/span><\/button><\/a><\/div>[\/vc_column][vc_column width=&#8221;1\/3&#8243;][vc_single_image image=&#8221;19970&#8243; img_size=&#8221;full&#8221; alignment=&#8221;center&#8221; el_class=&#8221;logo-associazione-medio&#8221;][\/vc_column][vc_column width=&#8221;1\/3&#8243;][\/vc_column][\/vc_row][vc_row equal_height=&#8221;yes&#8221; el_class=&#8221;mbot60&#8243;][vc_column width=&#8221;1\/6&#8243; offset=&#8221;vc_col-lg-2 vc_col-md-2&#8243; el_class=&#8221;ape-basso&#8221;][vc_single_image image=&#8221;11237&#8243; img_size=&#8221;full&#8221; el_class=&#8221;ape&#8221;][\/vc_column][vc_column width=&#8221;2\/3&#8243; offset=&#8221;vc_col-lg-8 vc_col-md-8&#8243;][vc_column_text el_class=&#8221;text-center tit-h2-normal&#8221;]<\/p>\n<h2 class=\"p1\"><strong>Sp\u00f3\u0142ka Foxy zawar\u0142a z firm\u0105 3Bee wieloletni\u0105 umow\u0119 maj\u0105c\u0105 na celu ochron\u0119 pszcz\u00f3\u0142<\/strong> i innych zapylaczy \u2013 <strong>prawdziwego symbolu bior\u00f3\u017cnorodno\u015bci<\/strong>, poprzez monitorowanie uli oraz\u00a0tworzenie oaz nektarodajnych.<\/h2>\n<p>[\/vc_column_text][\/vc_column][vc_column width=&#8221;1\/6&#8243; offset=&#8221;vc_col-lg-2 vc_col-md-2&#8243; el_class=&#8221;ape-medio&#8221;][vc_single_image image=&#8221;11242&#8243; img_size=&#8221;full&#8221; alignment=&#8221;right&#8221; el_class=&#8221;ape&#8221;][\/vc_column][\/vc_row][vc_row equal_height=&#8221;yes&#8221; content_placement=&#8221;middle&#8221; el_class=&#8221;mbot100&#8243;][vc_column width=&#8221;1\/2&#8243;][vc_single_image image=&#8221;11206&#8243; img_size=&#8221;full&#8221; el_class=&#8221;img-radius img-shadow-basso-destra&#8221;][\/vc_column][vc_column width=&#8221;1\/2&#8243; offset=&#8221;vc_col-lg-offset-1 vc_col-lg-4&#8243;][vc_column_text el_class=&#8221;tit-h3-small&#8221;]<\/p>\n<h3 class=\"p1\">Pszczo\u0142y s\u0105 podstaw\u0105 \u017cycia na Ziemi.<br \/>\n<strong>Dzi\u0119ki niestrudzonej pracy zapylania pszczo\u0142y i inne zapylacze zapewniaj\u0105 1\/3 \u015bwiatowej produkcji \u017cywno\u015bci, jak r\u00f3wnie\u017c egzystencj\u0119 ponad 70% gatunk\u00f3w ro\u015blin na naszej planecie.<\/strong><\/h3>\n<p>[\/vc_column_text][vc_column_text]<\/p>\n<p class=\"p1\">Jednak od kilku lat populacjom pszcz\u00f3\u0142 realnie grozi wygini\u0119cie, a to poci\u0105gn\u0119\u0142oby za sob\u0105 niepowetowane szkody dla r\u00f3\u017cnorodno\u015bci biologicznej.\u00a0\u00a0<strong>Zmiany klimatyczne<\/strong>, stosowanie <strong>pestycyd\u00f3w<\/strong> w rolnictwie przemys\u0142owym, <strong>utrata naturalnych siedlisk<\/strong>, ale tak\u017ce obecno\u015b\u0107 <strong>paso\u017cyt\u00f3w<\/strong>, <strong>chor\u00f3b<\/strong> i <strong>bakterii<\/strong> zagra\u017caj\u0105 ich przetrwaniu, dlatego\u00a0tak wa\u017cna jest jak najszybsza interwencja.<\/p>\n<p>[\/vc_column_text][\/vc_column][\/vc_row][vc_row equal_height=&#8221;yes&#8221; content_placement=&#8221;middle&#8221; el_class=&#8221;mbot100&#8243;][vc_column width=&#8221;1\/2&#8243; offset=&#8221;vc_col-lg-offset-1 vc_col-lg-4&#8243; el_class=&#8221;order-2&#8243;][vc_column_text el_class=&#8221;tit-h3-small&#8221;]<\/p>\n<h3 class=\"p1\">Foxy postanowi\u0142o chroni\u0107 pszczo\u0142y i bior\u00f3\u017cnorodno\u015b\u0107, rozpoczynaj\u0105c wieloletni projekt z partnerem naukowym 3Bee.<br \/>\n3Bee to w\u0142oska firma naturetech, <strong>kt\u00f3ra rozwija technologie do monitorowania, ochrony i regeneracji bior\u00f3\u017cnorodno\u015bci<\/strong>.<\/h3>\n<p>[\/vc_column_text][vc_column_text]3Bee wykorzystuje pszczo\u0142y jako kluczowe wska\u017aniki stanu \u015brodowiska, zbieraj\u0105c dane za pomoc\u0105 nowoczesnych system\u00f3w. Analizuj\u0105 te dane, aby monitorowa\u0107 zdrowie zapylaczy i ich rol\u0119 w ekosystemach, oferuj\u0105c narz\u0119dzia do oceny, ochrony i regeneracji bior\u00f3\u017cnorodno\u015bci oraz szkolenia w tym zakresie.<\/p>\n<p>Aby dowiedzie\u0107 si\u0119 wi\u0119cej, odwied\u017a stron\u0119\u00a0 <strong><a href=\"https:\/\/www.3bee.com\" target=\"_blank\" rel=\"noopener noreferrer\">https:\/\/www.3bee.com<\/a><\/strong>[\/vc_column_text][\/vc_column][vc_column width=&#8221;1\/2&#8243; offset=&#8221;vc_col-lg-offset-1 vc_col-lg-6&#8243;][vc_single_image image=&#8221;20694&#8243; img_size=&#8221;full&#8221; el_class=&#8221;img-radius img-shadow-basso-destra&#8221;][\/vc_column][\/vc_row][vc_row][vc_column width=&#8221;1\/6&#8243;][vc_single_image image=&#8221;11225&#8243; img_size=&#8221;full&#8221; el_class=&#8221;ape-big&#8221;][\/vc_column][vc_column width=&#8221;2\/3&#8243;][vc_column_text el_class=&#8221;tit-h3-small text-center&#8221;]<\/p>\n<h3>Dzi\u0119ki temu projektowi z 3Bee zainstalowano <strong>73 technologiczne<\/strong> ule we W\u0142oszech, Hiszpanii, Polsce, Francji, Wielkiej Brytanii, Irlandii i Niemczech, <strong>kt\u00f3re pozwalaj\u0105 na dok\u0142adne monitorowanie stanu zdrowia pszcz\u00f3\u0142 oraz jednoczesne obserwowanie warunk\u00f3w otaczaj\u0105cego \u015brodowiska<\/strong>. Co roku Foxy przyczynia si\u0119 do monitorowania i <strong>ochrony<\/strong> <strong>21 milion\u00f3w<\/strong> pszcz\u00f3\u0142 w Europie.<\/h3>\n<p>Ponadto, we W\u0142oszech, Francji, Hiszpanii, Niemczech i Polsce powsta\u0142y <strong>24 oazy bior\u00f3\u017cnorodno\u015bci<\/strong>: posadzono <strong>2 350 rodzimych ro\u015blin nektarowych<\/strong>, kt\u00f3re po osi\u0105gni\u0119ciu pe\u0142nego wzrostu przyczyni\u0105 si\u0119 do odtworzenia siedlis sprzyjaj\u0105cych zapylaczom oraz zapewni\u0105 im po\u017cywienie i schronienie.[\/vc_column_text][\/vc_column][vc_column width=&#8221;1\/6&#8243;][vc_single_image image=&#8221;11230&#8243; img_size=&#8221;full&#8221; alignment=&#8221;right&#8221; el_class=&#8221;ape-big&#8221;][\/vc_column][\/vc_row][vc_row full_width=&#8221;stretch_row&#8221; content_placement=&#8221;middle&#8221; el_class=&#8221;riga-fucsia-api&#8221;][vc_column width=&#8221;1\/2&#8243; offset=&#8221;vc_col-lg-offset-1 vc_col-lg-4&#8243;][vc_single_image image=&#8221;11253&#8243; img_size=&#8221;full&#8221; alignment=&#8221;center&#8221;][vc_column_text el_class=&#8221;text-center&#8221;]<\/p>\n<div id=\"tw-target-text-container\" class=\"tw-ta-container F0azHf tw-nfl\" tabindex=\"0\">\n<p id=\"tw-target-text\" class=\"tw-data-text tw-text-large tw-ta\" dir=\"ltr\" data-placeholder=\"Traduzione\" data-ved=\"2ahUKEwiayOie5cCCAxVZ2gIHHSJkCRgQ3ewLegQICRAQ\"><strong>21 milion\u00f3w<\/strong><br \/>\npszcz\u00f3\u0142 monitorowanych i chronionych ka\u017cdego roku<\/p>\n<\/div>\n<p>[\/vc_column_text][vc_raw_html]JTNDZGl2JTIwY2xhc3MlM0QlMjJ0ZXh0LWNlbnRlciUyMiUzRSUzQ2ElMjBjbGFzcyUzRCUyMmJ0bi1mcmVjY2lhJTIwZnJlY2NpYS1ibHUlMjBidG4td2hpdGUlMjIlMjBocmVmJTNEJTIyaHR0cHMlM0ElMkYlMkZ3d3cuZm94eS5ldSUyRnBsJTJGZm94eS1kbGEtMy1iZWUlMkYlM0ZmaWx0cm8lM0RhcGljb2x0b3JpJTIyJTNFJTNDYnV0dG9uJTIwdHlwZSUzRCUyMmJ1dHRvbiUyMiUyMGNsYXNzJTNEJTIydWJ0biUyMHVsdC1hZGp1c3QtYm90dG9tLW1hcmdpbiUyMHVsdC1yZXNwb25zaXZlJTIwdWJ0bi1sYXJnZSUyMHVidG4tbm8taG92ZXItYmclMjAlMjBub25lJTIwJTIwdWJ0bi1jZW50ZXIlMjAlMjAlMjIlM0UlM0NzcGFuJTIwY2xhc3MlM0QlMjJ1YnRuLWhvdmVyJTIyJTNFJTNDJTJGc3BhbiUzRSUzQ2RpdiUyMGNsYXNzJTNEJTIydWJ0bi1kYXRhJTIwdWJ0bi10ZXh0JTIyJTNFT2RrcnlqJTIwbWFwJUM0JTk5JTIwdGVjaG5vbG9naWN6bnljaCUyMHVsaSUzQyUyRmRpdiUzRSUzQyUyRmJ1dHRvbiUzRSUzQyUyRmElM0UlM0MlMkZkaXYlM0U=[\/vc_raw_html][\/vc_column][vc_column width=&#8221;1\/2&#8243; offset=&#8221;vc_col-lg-offset-2 vc_col-lg-4&#8243;][vc_single_image image=&#8221;11258&#8243; img_size=&#8221;full&#8221; alignment=&#8221;center&#8221;][vc_column_text el_class=&#8221;text-center&#8221;]<\/p>\n<div id=\"tw-target-text-container\" class=\"tw-ta-container F0azHf tw-nfl\" tabindex=\"0\">\n<p id=\"tw-target-text\" class=\"tw-data-text tw-text-large tw-ta\" dir=\"ltr\" data-placeholder=\"Traduzione\" data-ved=\"2ahUKEwiayOie5cCCAxVZ2gIHHSJkCRgQ3ewLegQICRAQ\"><strong>2.350<\/strong><br \/>\nro\u015blin nektarowych piel\u0119gnowanych<\/p>\n<\/div>\n<p>[\/vc_column_text][vc_raw_html]JTNDZGl2JTIwY2xhc3MlM0QlMjJ0ZXh0LWNlbnRlciUyMiUzRSUzQ2ElMjBjbGFzcyUzRCUyMmJ0bi1mcmVjY2lhJTIwZnJlY2NpYS1ibHUlMjBidG4td2hpdGUlMjIlMjBocmVmJTNEJTIyaHR0cHMlM0ElMkYlMkZ3d3cuZm94eS5ldSUyRnBsJTJGZm94eS1kbGEtMy1iZWUlMkYlM0ZmaWx0cm8lM0RvYXNpJTIyJTNFJTNDYnV0dG9uJTIwdHlwZSUzRCUyMmJ1dHRvbiUyMiUyMGNsYXNzJTNEJTIydWJ0biUyMHVsdC1hZGp1c3QtYm90dG9tLW1hcmdpbiUyMHVsdC1yZXNwb25zaXZlJTIwdWJ0bi1sYXJnZSUyMHVidG4tbm8taG92ZXItYmclMjAlMjBub25lJTIwJTIwdWJ0bi1jZW50ZXIlMjAlMjAlMjIlM0UlM0NzcGFuJTIwY2xhc3MlM0QlMjJ1YnRuLWhvdmVyJTIyJTNFJTNDJTJGc3BhbiUzRSUzQ2RpdiUyMGNsYXNzJTNEJTIydWJ0bi1kYXRhJTIwdWJ0bi10ZXh0JTIyJTNFT2RrcnlqJTIwbWFwJUM0JTk5JTIwb2F6JTIwYmlvciVDMyVCMyVDNSVCQ25vcm9kbm8lQzUlOUJjaSUzQyUyRmRpdiUzRSUzQyUyRmJ1dHRvbiUzRSUzQyUyRmElM0UlM0MlMkZkaXYlM0U=[\/vc_raw_html][\/vc_column][\/vc_row][vc_row equal_height=&#8221;yes&#8221; content_placement=&#8221;middle&#8221; el_class=&#8221;mtop60&#8243; css=&#8221;.vc_custom_1667985380198{margin-bottom: 0px !important;}&#8221;][vc_column width=&#8221;1\/6&#8243; offset=&#8221;vc_col-lg-2 vc_col-md-2&#8243; el_class=&#8221;ape-medio&#8221;][vc_single_image image=&#8221;11270&#8243; img_size=&#8221;full&#8221; el_class=&#8221;ape ape-sx&#8221;][vc_single_image image=&#8221;11265&#8243; img_size=&#8221;full&#8221; alignment=&#8221;right&#8221; el_class=&#8221;ape-big&#8221;][\/vc_column][vc_column width=&#8221;2\/3&#8243; offset=&#8221;vc_col-lg-8 vc_col-md-8&#8243;][vc_column_text el_class=&#8221;text-center tit-h2-normal&#8221;]<\/p>\n<h2>Foxy dedykuje temu projektowi ca\u0142\u0105 lini\u0119 produk\u00f3w: <strong>Foxy Love the Bee<\/strong>, papier toaletowy i r\u0119cznik kuchenny &#8211; <strong>papier, kt\u00f3ry kocha i chroni pszczo\u0142y<\/strong>!<\/h2>\n<p>[\/vc_column_text][\/vc_column][vc_column width=&#8221;1\/6&#8243; offset=&#8221;vc_col-lg-2 vc_col-md-2&#8243; el_class=&#8221;ape-basso&#8221;][vc_single_image image=&#8221;11280&#8243; img_size=&#8221;full&#8221; alignment=&#8221;right&#8221; el_class=&#8221;ape&#8221;][vc_single_image image=&#8221;11285&#8243; img_size=&#8221;full&#8221; alignment=&#8221;center&#8221; el_class=&#8221;ape-big&#8221; css=&#8221;.vc_custom_1667985337661{margin-bottom: 0px !important;}&#8221;][\/vc_column][\/vc_row][vc_row full_width=&#8221;stretch_row_content_no_spaces&#8221; equal_height=&#8221;yes&#8221; content_placement=&#8221;middle&#8221; el_class=&#8221;riga-prodotti-api&#8221;][vc_column width=&#8221;1\/2&#8243; el_class=&#8221;prodotto-bee&#8221;][vc_single_image image=&#8221;14073&#8243; img_size=&#8221;full&#8221; alignment=&#8221;center&#8221; onclick=&#8221;custom_link&#8221; link=&#8221;https:\/\/www.foxy.eu\/pl\/produkty\/foxy-love-the-bee&#8221;][vc_raw_html]JTNDZGl2JTIwY2xhc3MlM0QlMjJjYXRlZ29yeV9yZWxhdGVkJTIyJTNFUiVDNCU5OENaTklLSSUyMEtVQ0hFTk5FJTNDJTJGZGl2JTNFJTNDYSUyMGNsYXNzJTNEJTIydWJ0bi1saW5rJTIwdWx0LWFkanVzdC1ib3R0b20tbWFyZ2luJTIwdWJ0bi1jZW50ZXIlMjB1YnRuLWxhcmdlJTIwYnRuLXdoaXRlJTIyJTIwaHJlZiUzRCUyMmh0dHBzJTNBJTJGJTJGd3d3LmZveHkuZXUlMkZwbCUyRnByb2R1a3R5JTJGZm94eS1sb3ZlLXRoZS1iZWUlMkYlMjIlM0UlM0NidXR0b24lMjB0eXBlJTNEJTIyYnV0dG9uJTIyJTIwY2xhc3MlM0QlMjJ1YnRuJTIwdWx0LWFkanVzdC1ib3R0b20tbWFyZ2luJTIwdWx0LXJlc3BvbnNpdmUlMjB1YnRuLWxhcmdlJTIwdWJ0bi1uby1ob3Zlci1iZyUyMCVDMiVBMG5vbmUlMjAlQzIlQTB1YnRuLWNlbnRlciUyMCVDMiVBMCUyMiUzRSUzQ3NwYW4lMjBjbGFzcyUzRCUyMnVidG4taG92ZXIlMjIlM0UlM0MlMkZzcGFuJTNFJTNDZGl2JTIwY2xhc3MlM0QlMjJ1YnRuLWRhdGElMjB1YnRuLXRleHQlMjIlM0VGb3h5JTIwTG92ZSUyMHRoZSUyMEJlZSUzQyUyRmRpdiUzRSUzQyUyRmJ1dHRvbiUzRSUzQyUyRmElM0U=[\/vc_raw_html][\/vc_column][vc_column width=&#8221;1\/2&#8243; el_class=&#8221;prodotto-bee&#8221;][vc_single_image image=&#8221;14058&#8243; img_size=&#8221;full&#8221; alignment=&#8221;center&#8221; onclick=&#8221;custom_link&#8221; link=&#8221;https:\/\/www.foxy.eu\/pl\/produkty\/foxy-love-the-bee-papier-toaletowy\/&#8221;][vc_raw_html]JTNDZGl2JTIwY2xhc3MlM0QlMjJjYXRlZ29yeV9yZWxhdGVkJTIyJTNFUEFQSUVSJTIwVE9BTEVUT1dZJTNDJTJGZGl2JTNFJTNDYSUyMGNsYXNzJTNEJTIydWJ0bi1saW5rJTIwdWx0LWFkanVzdC1ib3R0b20tbWFyZ2luJTIwdWJ0bi1jZW50ZXIlMjB1YnRuLWxhcmdlJTIwYnRuLXdoaXRlJTIyJTIwaHJlZiUzRCUyMmh0dHBzJTNBJTJGJTJGd3d3LmZveHkuZXUlMkZwbCUyRnByb2R1a3R5JTJGZm94eS1sb3ZlLXRoZS1iZWUtcGFwaWVyLXRvYWxldG93eSUyRiUyMiUzRSUzQ2J1dHRvbiUyMHR5cGUlM0QlMjJidXR0b24lMjIlMjBjbGFzcyUzRCUyMnVidG4lMjB1bHQtYWRqdXN0LWJvdHRvbS1tYXJnaW4lMjB1bHQtcmVzcG9uc2l2ZSUyMHVidG4tbGFyZ2UlMjB1YnRuLW5vLWhvdmVyLWJnJTIwJUMyJUEwbm9uZSUyMCVDMiVBMHVidG4tY2VudGVyJTIwJUMyJUEwJTIyJTNFJTNDc3BhbiUyMGNsYXNzJTNEJTIydWJ0bi1ob3ZlciUyMiUzRSUzQyUyRnNwYW4lM0UlM0NkaXYlMjBjbGFzcyUzRCUyMnVidG4tZGF0YSUyMHVidG4tdGV4dCUyMiUzRUZveHklMjBMb3ZlJTIwdGhlJTIwQmVlJTNDJTJGZGl2JTNFJTNDJTJGYnV0dG9uJTNFJTNDJTJGYSUzRQ==[\/vc_raw_html][\/vc_column][\/vc_row][vc_row equal_height=&#8221;yes&#8221; el_class=&#8221;banner_schede&#8221;][vc_column offset=&#8221;vc_col-lg-offset-0 vc_col-md-offset-0&#8243;][vc_column_text el_class=&#8221;text-center title_mondo_foxy_related&#8221;]\u015awiat Foxy[\/vc_column_text][\/vc_column][vc_column width=&#8221;5\/12&#8243; offset=&#8221;vc_col-lg-offset-1 vc_col-md-offset-1 vc_col-sm-offset-1&#8243;][vc_single_image image=&#8221;5404&#8243; img_size=&#8221;full&#8221; alignment=&#8221;center&#8221; onclick=&#8221;custom_link&#8221; link=&#8221;https:\/\/www.foxy.eu\/pl\/swiat-foxy\/foxy-unicef\/&#8221;][vc_column_text el_class=&#8221;banner_schede_cta&#8221;]<a href=\"https:\/\/www.foxy.eu\/pl\/swiat-foxy\/foxy-unicef\/\">Foxy &amp; UNICEF<\/a>[\/vc_column_text][\/vc_column][vc_column width=&#8221;5\/12&#8243; offset=&#8221;vc_col-lg-offset-0 vc_col-md-offset-0&#8243;][vc_single_image image=&#8221;5323&#8243; img_size=&#8221;full&#8221; alignment=&#8221;center&#8221; onclick=&#8221;custom_link&#8221; link=&#8221;https:\/\/www.foxy.eu\/limpegnodifoxy\/etichetta-trasparenza\/&#8221;][vc_column_text el_class=&#8221;banner_schede_cta&#8221;]<a href=\"https:\/\/www.foxy.eu\/pl\/swiat-foxy\/historia\/\">Dawno, dawno temu by\u0142a sobie Lisiczka&#8230;<\/a>[\/vc_column_text][\/vc_column][\/vc_row]<\/p>\n","protected":false},"excerpt":{"rendered":"<p>[vc_row full_width=&#8221;stretch_row_content&#8221; equal_height=&#8221;yes&#8221; content_placement=&#8221;middle&#8221; el_class=&#8221;sotto-hero&#8221;][vc_column width=&#8221;1\/3&#8243;][\/vc_column][vc_column width=&#8221;1\/3&#8243;][vc_single_image image=&#8221;19970&#8243; img_size=&#8221;full&#8221; alignment=&#8221;center&#8221; el_class=&#8221;logo-associazione-medio&#8221;][\/vc_column][vc_column width=&#8221;1\/3&#8243;][\/vc_column][\/vc_row][vc_row equal_height=&#8221;yes&#8221; el_class=&#8221;mbot60&#8243;][vc_column width=&#8221;1\/6&#8243; offset=&#8221;vc_col-lg-2 vc_col-md-2&#8243; el_class=&#8221;ape-basso&#8221;][vc_single_image image=&#8221;11237&#8243; img_size=&#8221;full&#8221; el_class=&#8221;ape&#8221;][\/vc_column][vc_column width=&#8221;2\/3&#8243; offset=&#8221;vc_col-lg-8 vc_col-md-8&#8243;][vc_column_text el_class=&#8221;text-center tit-h2-normal&#8221;] Sp\u00f3\u0142ka Foxy zawar\u0142a z&#8230;<\/p>\n","protected":false},"author":1,"featured_media":0,"parent":21081,"menu_order":0,"comment_status":"closed","ping_status":"closed","template":"template-page-mondo-foxy.php","meta":[],"categories":[],"tags":[],"yoast_head":"<!-- This site is optimized with the Yoast SEO plugin v19.14 - https:\/\/yoast.com\/wordpress\/plugins\/seo\/ -->\n<title>3Bee - Foxy<\/title>\n<meta name=\"robots\" content=\"index, follow, max-snippet:-1, max-image-preview:large, max-video-preview:-1\" \/>\n<link rel=\"canonical\" href=\"https:\/\/www.foxy.eu\/pl\/3-bee\/\" \/>\n<meta property=\"og:locale\" content=\"pl_PL\" \/>\n<meta property=\"og:type\" content=\"article\" \/>\n<meta property=\"og:title\" content=\"3Bee - Foxy\" \/>\n<meta property=\"og:description\" content=\"[vc_row full_width=&#8221;stretch_row_content&#8221; equal_height=&#8221;yes&#8221; content_placement=&#8221;middle&#8221; el_class=&#8221;sotto-hero&#8221;][vc_column width=&#8221;1\/3&#8243;][\/vc_column][vc_column width=&#8221;1\/3&#8243;][vc_single_image image=&#8221;19970&#8243; img_size=&#8221;full&#8221; alignment=&#8221;center&#8221; el_class=&#8221;logo-associazione-medio&#8221;][\/vc_column][vc_column width=&#8221;1\/3&#8243;][\/vc_column][\/vc_row][vc_row equal_height=&#8221;yes&#8221; el_class=&#8221;mbot60&#8243;][vc_column width=&#8221;1\/6&#8243; offset=&#8221;vc_col-lg-2 vc_col-md-2&#8243; el_class=&#8221;ape-basso&#8221;][vc_single_image image=&#8221;11237&#8243; img_size=&#8221;full&#8221; el_class=&#8221;ape&#8221;][\/vc_column][vc_column width=&#8221;2\/3&#8243; offset=&#8221;vc_col-lg-8 vc_col-md-8&#8243;][vc_column_text el_class=&#8221;text-center tit-h2-normal&#8221;] Sp\u00f3\u0142ka Foxy zawar\u0142a z...\" \/>\n<meta property=\"og:url\" content=\"https:\/\/www.foxy.eu\/pl\/3-bee\/\" \/>\n<meta property=\"og:site_name\" content=\"Foxy\" \/>\n<meta property=\"article:publisher\" content=\"https:\/\/www.facebook.com\/Foxy.Italia\" \/>\n<meta property=\"article:modified_time\" content=\"2025-01-10T11:39:58+00:00\" \/>\n<meta name=\"twitter:card\" content=\"summary_large_image\" \/>\n<meta name=\"twitter:label1\" content=\"Est. reading time\" \/>\n\t<meta name=\"twitter:data1\" content=\"3 minuty\" \/>\n<script type=\"application\/ld+json\" class=\"yoast-schema-graph\">{\"@context\":\"https:\/\/schema.org\",\"@graph\":[{\"@type\":\"WebPage\",\"@id\":\"https:\/\/www.foxy.eu\/pl\/3-bee\/\",\"url\":\"https:\/\/www.foxy.eu\/pl\/3-bee\/\",\"name\":\"3Bee - Foxy\",\"isPartOf\":{\"@id\":\"https:\/\/www.foxy.eu\/#website\"},\"datePublished\":\"2022-12-16T09:12:58+00:00\",\"dateModified\":\"2025-01-10T11:39:58+00:00\",\"breadcrumb\":{\"@id\":\"https:\/\/www.foxy.eu\/pl\/3-bee\/#breadcrumb\"},\"inLanguage\":\"pl-PL\",\"potentialAction\":[{\"@type\":\"ReadAction\",\"target\":[\"https:\/\/www.foxy.eu\/pl\/3-bee\/\"]}]},{\"@type\":\"BreadcrumbList\",\"@id\":\"https:\/\/www.foxy.eu\/pl\/3-bee\/#breadcrumb\",\"itemListElement\":[{\"@type\":\"ListItem\",\"position\":1,\"name\":\"Home\",\"item\":\"https:\/\/www.foxy.eu\/pl\/\"},{\"@type\":\"ListItem\",\"position\":2,\"name\":\"3Bee\"}]},{\"@type\":\"WebSite\",\"@id\":\"https:\/\/www.foxy.eu\/#website\",\"url\":\"https:\/\/www.foxy.eu\/\",\"name\":\"Foxy\",\"description\":\"Un nuovo sito targato WordPress\",\"publisher\":{\"@id\":\"https:\/\/www.foxy.eu\/#organization\"},\"alternateName\":\"Scopri tutta la gamma di prodotti e iniziative Foxy. Abbiamo pensato a un mondo su misura per te.\",\"potentialAction\":[{\"@type\":\"SearchAction\",\"target\":{\"@type\":\"EntryPoint\",\"urlTemplate\":\"https:\/\/www.foxy.eu\/?s={search_term_string}\"},\"query-input\":\"required name=search_term_string\"}],\"inLanguage\":\"pl-PL\"},{\"@type\":\"Organization\",\"@id\":\"https:\/\/www.foxy.eu\/#organization\",\"name\":\"Foxy | Sempre vicina a te!\",\"alternateName\":\"Scopri tutta la gamma di prodotti e iniziative Foxy. Abbiamo pensato a un mondo su misura per te.\",\"url\":\"https:\/\/www.foxy.eu\/\",\"logo\":{\"@type\":\"ImageObject\",\"inLanguage\":\"pl-PL\",\"@id\":\"https:\/\/www.foxy.eu\/#\/schema\/logo\/image\/\",\"url\":\"https:\/\/enkaz3824io.exactdn.com\/wp-content\/uploads\/2020\/07\/hp_big_logo@2x.png?strip=all&lossy=1&ssl=1\",\"contentUrl\":\"https:\/\/enkaz3824io.exactdn.com\/wp-content\/uploads\/2020\/07\/hp_big_logo@2x.png?strip=all&lossy=1&ssl=1\",\"width\":518,\"height\":366,\"caption\":\"Foxy | Sempre vicina a te!\"},\"image\":{\"@id\":\"https:\/\/www.foxy.eu\/#\/schema\/logo\/image\/\"},\"sameAs\":[\"https:\/\/www.instagram.com\/foxy\/\",\"https:\/\/www.youtube.com\/channel\/UCpCfvrNg7u0O0jSeH9B9ygA\",\"https:\/\/www.facebook.com\/Foxy.Italia\"]}]}<\/script>\n<!-- \/ Yoast SEO plugin. -->","yoast_head_json":{"title":"3Bee - Foxy","robots":{"index":"index","follow":"follow","max-snippet":"max-snippet:-1","max-image-preview":"max-image-preview:large","max-video-preview":"max-video-preview:-1"},"canonical":"https:\/\/www.foxy.eu\/pl\/3-bee\/","og_locale":"pl_PL","og_type":"article","og_title":"3Bee - Foxy","og_description":"[vc_row full_width=&#8221;stretch_row_content&#8221; equal_height=&#8221;yes&#8221; content_placement=&#8221;middle&#8221; el_class=&#8221;sotto-hero&#8221;][vc_column width=&#8221;1\/3&#8243;][\/vc_column][vc_column width=&#8221;1\/3&#8243;][vc_single_image image=&#8221;19970&#8243; img_size=&#8221;full&#8221; alignment=&#8221;center&#8221; el_class=&#8221;logo-associazione-medio&#8221;][\/vc_column][vc_column width=&#8221;1\/3&#8243;][\/vc_column][\/vc_row][vc_row equal_height=&#8221;yes&#8221; el_class=&#8221;mbot60&#8243;][vc_column width=&#8221;1\/6&#8243; offset=&#8221;vc_col-lg-2 vc_col-md-2&#8243; el_class=&#8221;ape-basso&#8221;][vc_single_image image=&#8221;11237&#8243; img_size=&#8221;full&#8221; el_class=&#8221;ape&#8221;][\/vc_column][vc_column width=&#8221;2\/3&#8243; offset=&#8221;vc_col-lg-8 vc_col-md-8&#8243;][vc_column_text el_class=&#8221;text-center tit-h2-normal&#8221;] Sp\u00f3\u0142ka Foxy zawar\u0142a z...","og_url":"https:\/\/www.foxy.eu\/pl\/3-bee\/","og_site_name":"Foxy","article_publisher":"https:\/\/www.facebook.com\/Foxy.Italia","article_modified_time":"2025-01-10T11:39:58+00:00","twitter_card":"summary_large_image","twitter_misc":{"Est. reading time":"3 minuty"},"schema":{"@context":"https:\/\/schema.org","@graph":[{"@type":"WebPage","@id":"https:\/\/www.foxy.eu\/pl\/3-bee\/","url":"https:\/\/www.foxy.eu\/pl\/3-bee\/","name":"3Bee - Foxy","isPartOf":{"@id":"https:\/\/www.foxy.eu\/#website"},"datePublished":"2022-12-16T09:12:58+00:00","dateModified":"2025-01-10T11:39:58+00:00","breadcrumb":{"@id":"https:\/\/www.foxy.eu\/pl\/3-bee\/#breadcrumb"},"inLanguage":"pl-PL","potentialAction":[{"@type":"ReadAction","target":["https:\/\/www.foxy.eu\/pl\/3-bee\/"]}]},{"@type":"BreadcrumbList","@id":"https:\/\/www.foxy.eu\/pl\/3-bee\/#breadcrumb","itemListElement":[{"@type":"ListItem","position":1,"name":"Home","item":"https:\/\/www.foxy.eu\/pl\/"},{"@type":"ListItem","position":2,"name":"3Bee"}]},{"@type":"WebSite","@id":"https:\/\/www.foxy.eu\/#website","url":"https:\/\/www.foxy.eu\/","name":"Foxy","description":"Un nuovo sito targato WordPress","publisher":{"@id":"https:\/\/www.foxy.eu\/#organization"},"alternateName":"Scopri tutta la gamma di prodotti e iniziative Foxy. Abbiamo pensato a un mondo su misura per te.","potentialAction":[{"@type":"SearchAction","target":{"@type":"EntryPoint","urlTemplate":"https:\/\/www.foxy.eu\/?s={search_term_string}"},"query-input":"required name=search_term_string"}],"inLanguage":"pl-PL"},{"@type":"Organization","@id":"https:\/\/www.foxy.eu\/#organization","name":"Foxy | Sempre vicina a te!","alternateName":"Scopri tutta la gamma di prodotti e iniziative Foxy. Abbiamo pensato a un mondo su misura per te.","url":"https:\/\/www.foxy.eu\/","logo":{"@type":"ImageObject","inLanguage":"pl-PL","@id":"https:\/\/www.foxy.eu\/#\/schema\/logo\/image\/","url":"https:\/\/enkaz3824io.exactdn.com\/wp-content\/uploads\/2020\/07\/hp_big_logo@2x.png?strip=all&lossy=1&ssl=1","contentUrl":"https:\/\/enkaz3824io.exactdn.com\/wp-content\/uploads\/2020\/07\/hp_big_logo@2x.png?strip=all&lossy=1&ssl=1","width":518,"height":366,"caption":"Foxy | Sempre vicina a te!"},"image":{"@id":"https:\/\/www.foxy.eu\/#\/schema\/logo\/image\/"},"sameAs":["https:\/\/www.instagram.com\/foxy\/","https:\/\/www.youtube.com\/channel\/UCpCfvrNg7u0O0jSeH9B9ygA","https:\/\/www.facebook.com\/Foxy.Italia"]}]}},"_links":{"self":[{"href":"https:\/\/www.foxy.eu\/pl\/wp-json\/wp\/v2\/pages\/11461"}],"collection":[{"href":"https:\/\/www.foxy.eu\/pl\/wp-json\/wp\/v2\/pages"}],"about":[{"href":"https:\/\/www.foxy.eu\/pl\/wp-json\/wp\/v2\/types\/page"}],"author":[{"embeddable":true,"href":"https:\/\/www.foxy.eu\/pl\/wp-json\/wp\/v2\/users\/1"}],"replies":[{"embeddable":true,"href":"https:\/\/www.foxy.eu\/pl\/wp-json\/wp\/v2\/comments?post=11461"}],"version-history":[{"count":31,"href":"https:\/\/www.foxy.eu\/pl\/wp-json\/wp\/v2\/pages\/11461\/revisions"}],"predecessor-version":[{"id":20698,"href":"https:\/\/www.foxy.eu\/pl\/wp-json\/wp\/v2\/pages\/11461\/revisions\/20698"}],"up":[{"embeddable":true,"href":"https:\/\/www.foxy.eu\/pl\/wp-json\/wp\/v2\/pages\/21081"}],"wp:attachment":[{"href":"https:\/\/www.foxy.eu\/pl\/wp-json\/wp\/v2\/media?parent=11461"}],"wp:term":[{"taxonomy":"category","embeddable":true,"href":"https:\/\/www.foxy.eu\/pl\/wp-json\/wp\/v2\/categories?post=11461"},{"taxonomy":"post_tag","embeddable":true,"href":"https:\/\/www.foxy.eu\/pl\/wp-json\/wp\/v2\/tags?post=11461"}],"curies":[{"name":"wp","href":"https:\/\/api.w.org\/{rel}","templated":true}]}}