
{"id":9572,"date":"2020-08-28T14:37:04","date_gmt":"2020-08-28T12:37:04","guid":{"rendered":"https:\/\/www.foxy.eu\/prodotti\/foxy-cotton-fazzoletti-in-scatola\/"},"modified":"2025-06-13T14:58:49","modified_gmt":"2025-06-13T12:58:49","slug":"foxy-cotton-mouchoirs-en-boite","status":"publish","type":"product","link":"https:\/\/www.foxy.eu\/fr\/produits\/foxy-cotton-mouchoirs-en-boite\/","title":{"rendered":"Foxy Cotton"},"content":{"rendered":"<p>[vc_row el_class=\u00a0\u00bbcaratteristiche_content\u00a0\u00bb][vc_column width=\u00a0\u00bb1\/2&Prime; offset=\u00a0\u00bbvc_col-lg-offset-3 vc_col-lg-6 vc_col-md-offset-3 vc_col-md-6&Prime;][vc_column_text el_class=\u00a0\u00bbsubtitle_product\u00a0\u00bb]Foxy Cotton. Le mouchoir aux fibres de coton[\/vc_column_text][vc_column_text]Gr\u00e2ce \u00e0 l&rsquo;ajout de fibres de coton, les mouchoirs Foxy Cotton sont d&rsquo;une grande douceur pour la peau du visage et sont particuli\u00e8rement adapt\u00e9s \u00e0 l&rsquo;usage cosm\u00e9tique.[\/vc_column_text][\/vc_column][\/vc_row][vc_row][vc_column width=\u00a0\u00bb5\/6&Prime; offset=\u00a0\u00bbvc_col-lg-offset-1 vc_col-lg-10 vc_col-md-offset-1 vc_col-md-10&Prime; el_class=\u00a0\u00bbplus_product\u00a0\u00bb][vc_row_inner equal_height=\u00a0\u00bbyes\u00a0\u00bb content_placement=\u00a0\u00bbtop\u00a0\u00bb el_class=\u00a0\u00bbcaratteristiche_prodotto_slide_mobile owl-carousel owl-theme\u00a0\u00bb][vc_column_inner width=\u00a0\u00bb1\/3&Prime;][vc_single_image image=\u00a0\u00bb9590&Prime; img_size=\u00a0\u00bbfull\u00a0\u00bb alignment=\u00a0\u00bbcenter\u00a0\u00bb][vc_column_text el_class=\u00a0\u00bbplus_product_title\u00a0\u00bb]Aux fibres de coton[\/vc_column_text][vc_column_text el_class=\u00a0\u00bbplus_product_desc\u00a0\u00bb]L&rsquo;ajout de fibres de coton dans le papier des mouchoirs Foxy Cotton offre une extraordinaire douceur.[\/vc_column_text][\/vc_column_inner][vc_column_inner width=\u00a0\u00bb1\/3&Prime;][vc_single_image image=\u00a0\u00bb9595&Prime; img_size=\u00a0\u00bbfull\u00a0\u00bb alignment=\u00a0\u00bbcenter\u00a0\u00bb][vc_column_text el_class=\u00a0\u00bbplus_product_title\u00a0\u00bb]Id\u00e9al pour l&rsquo;usage cosm\u00e9tique[\/vc_column_text][vc_column_text el_class=\u00a0\u00bbplus_product_desc\u00a0\u00bb]Comme il est extr\u00eamement doux pour la peau du visage, le mouchoir Foxy Cotton est un v\u00e9ritable alli\u00e9 pour les petites retouches ou le d\u00e9maquillage.[\/vc_column_text][\/vc_column_inner][vc_column_inner width=\u00a0\u00bb1\/3&Prime;][vc_single_image image=\u00a0\u00bb9559&Prime; img_size=\u00a0\u00bbfull\u00a0\u00bb alignment=\u00a0\u00bbcenter\u00a0\u00bb][vc_column_text el_class=\u00a0\u00bbplus_product_title\u00a0\u00bb]Test\u00e9 cliniquement[\/vc_column_text][vc_column_text el_class=\u00a0\u00bbplus_product_desc\u00a0\u00bb]L&rsquo;innocuit\u00e9 pour toutes les peaux, m\u00eame les plus sensibles, est garantie par des tests conduits par des laboratoires ind\u00e9pendants.[\/vc_column_text][\/vc_column_inner][\/vc_row_inner][\/vc_column][\/vc_row][vc_row el_class=\u00a0\u00bbdecori\u00a0\u00bb][vc_column width=\u00a0\u00bb1\/2&Prime;][vc_single_image image=\u00a0\u00bb9578&Prime; img_size=\u00a0\u00bbfull\u00a0\u00bb alignment=\u00a0\u00bbcenter\u00a0\u00bb][\/vc_column][vc_column width=\u00a0\u00bb1\/2&Prime; el_class=\u00a0\u00bbdecoro_dx\u00a0\u00bb][vc_single_image image=\u00a0\u00bb9579&Prime; img_size=\u00a0\u00bbfull\u00a0\u00bb][\/vc_column][\/vc_row]<\/p>\n","protected":false},"featured_media":21376,"template":"","categories":[85],"yoast_head":"<!-- This site is optimized with the Yoast SEO plugin v19.14 - https:\/\/yoast.com\/wordpress\/plugins\/seo\/ -->\n<title>Foxy Cotton mouchoirs en boite - Foxy<\/title>\n<meta name=\"description\" content=\"Les mouchoirs en conserve Foxy Cotton sont id\u00e9aux pour un usage cosm\u00e9tique et parfaits pour toutes les occasions. Doux et r\u00e9sistant, avec de vraies fibres de coton.\" \/>\n<meta name=\"robots\" content=\"index, follow, max-snippet:-1, max-image-preview:large, max-video-preview:-1\" \/>\n<link rel=\"canonical\" href=\"https:\/\/www.foxy.eu\/fr\/produits\/foxy-cotton-mouchoirs-en-boite\/\" \/>\n<meta property=\"og:locale\" content=\"fr_FR\" \/>\n<meta property=\"og:type\" content=\"article\" \/>\n<meta property=\"og:title\" content=\"Foxy Cotton mouchoirs en boite - Foxy\" \/>\n<meta property=\"og:description\" content=\"Les mouchoirs en conserve Foxy Cotton sont id\u00e9aux pour un usage cosm\u00e9tique et parfaits pour toutes les occasions. Doux et r\u00e9sistant, avec de vraies fibres de coton.\" \/>\n<meta property=\"og:url\" content=\"https:\/\/www.foxy.eu\/fr\/produits\/foxy-cotton-mouchoirs-en-boite\/\" \/>\n<meta property=\"og:site_name\" content=\"Foxy\" \/>\n<meta property=\"article:publisher\" content=\"https:\/\/www.facebook.com\/Foxy.Italia\" \/>\n<meta property=\"article:modified_time\" content=\"2025-06-13T12:58:49+00:00\" \/>\n<meta property=\"og:image\" content=\"https:\/\/www.foxy.eu\/wp-content\/uploads\/2020\/08\/cotton_fr-prodotto@2x.png\" \/>\n\t<meta property=\"og:image:width\" content=\"1920\" \/>\n\t<meta property=\"og:image:height\" content=\"1130\" \/>\n\t<meta property=\"og:image:type\" content=\"image\/png\" \/>\n<meta name=\"twitter:card\" content=\"summary_large_image\" \/>\n<meta name=\"twitter:label1\" content=\"Est. reading time\" \/>\n\t<meta name=\"twitter:data1\" content=\"1 minute\" \/>\n<script type=\"application\/ld+json\" class=\"yoast-schema-graph\">{\"@context\":\"https:\/\/schema.org\",\"@graph\":[{\"@type\":\"WebPage\",\"@id\":\"https:\/\/www.foxy.eu\/fr\/produits\/foxy-cotton-mouchoirs-en-boite\/\",\"url\":\"https:\/\/www.foxy.eu\/fr\/produits\/foxy-cotton-mouchoirs-en-boite\/\",\"name\":\"Foxy Cotton mouchoirs en boite - Foxy\",\"isPartOf\":{\"@id\":\"https:\/\/www.foxy.eu\/#website\"},\"datePublished\":\"2020-08-28T12:37:04+00:00\",\"dateModified\":\"2025-06-13T12:58:49+00:00\",\"description\":\"Les mouchoirs en conserve Foxy Cotton sont id\u00e9aux pour un usage cosm\u00e9tique et parfaits pour toutes les occasions. Doux et r\u00e9sistant, avec de vraies fibres de coton.\",\"breadcrumb\":{\"@id\":\"https:\/\/www.foxy.eu\/fr\/produits\/foxy-cotton-mouchoirs-en-boite\/#breadcrumb\"},\"inLanguage\":\"fr-FR\",\"potentialAction\":[{\"@type\":\"ReadAction\",\"target\":[\"https:\/\/www.foxy.eu\/fr\/produits\/foxy-cotton-mouchoirs-en-boite\/\"]}]},{\"@type\":\"BreadcrumbList\",\"@id\":\"https:\/\/www.foxy.eu\/fr\/produits\/foxy-cotton-mouchoirs-en-boite\/#breadcrumb\",\"itemListElement\":[{\"@type\":\"ListItem\",\"position\":1,\"name\":\"Home\",\"item\":\"https:\/\/www.foxy.eu\/fr\/\"},{\"@type\":\"ListItem\",\"position\":2,\"name\":\"Foxy Cotton\"}]},{\"@type\":\"WebSite\",\"@id\":\"https:\/\/www.foxy.eu\/#website\",\"url\":\"https:\/\/www.foxy.eu\/\",\"name\":\"Foxy\",\"description\":\"Un nuovo sito targato WordPress\",\"publisher\":{\"@id\":\"https:\/\/www.foxy.eu\/#organization\"},\"alternateName\":\"Scopri tutta la gamma di prodotti e iniziative Foxy. Abbiamo pensato a un mondo su misura per te.\",\"potentialAction\":[{\"@type\":\"SearchAction\",\"target\":{\"@type\":\"EntryPoint\",\"urlTemplate\":\"https:\/\/www.foxy.eu\/?s={search_term_string}\"},\"query-input\":\"required name=search_term_string\"}],\"inLanguage\":\"fr-FR\"},{\"@type\":\"Organization\",\"@id\":\"https:\/\/www.foxy.eu\/#organization\",\"name\":\"Foxy | Sempre vicina a te!\",\"alternateName\":\"Scopri tutta la gamma di prodotti e iniziative Foxy. Abbiamo pensato a un mondo su misura per te.\",\"url\":\"https:\/\/www.foxy.eu\/\",\"logo\":{\"@type\":\"ImageObject\",\"inLanguage\":\"fr-FR\",\"@id\":\"https:\/\/www.foxy.eu\/#\/schema\/logo\/image\/\",\"url\":\"https:\/\/enkaz3824io.exactdn.com\/wp-content\/uploads\/2020\/07\/hp_big_logo@2x.png?strip=all&lossy=1&ssl=1\",\"contentUrl\":\"https:\/\/enkaz3824io.exactdn.com\/wp-content\/uploads\/2020\/07\/hp_big_logo@2x.png?strip=all&lossy=1&ssl=1\",\"width\":518,\"height\":366,\"caption\":\"Foxy | Sempre vicina a te!\"},\"image\":{\"@id\":\"https:\/\/www.foxy.eu\/#\/schema\/logo\/image\/\"},\"sameAs\":[\"https:\/\/www.instagram.com\/foxy\/\",\"https:\/\/www.youtube.com\/channel\/UCpCfvrNg7u0O0jSeH9B9ygA\",\"https:\/\/www.facebook.com\/Foxy.Italia\"]}]}<\/script>\n<!-- \/ Yoast SEO plugin. -->","yoast_head_json":{"title":"Foxy Cotton mouchoirs en boite - Foxy","description":"Les mouchoirs en conserve Foxy Cotton sont id\u00e9aux pour un usage cosm\u00e9tique et parfaits pour toutes les occasions. Doux et r\u00e9sistant, avec de vraies fibres de coton.","robots":{"index":"index","follow":"follow","max-snippet":"max-snippet:-1","max-image-preview":"max-image-preview:large","max-video-preview":"max-video-preview:-1"},"canonical":"https:\/\/www.foxy.eu\/fr\/produits\/foxy-cotton-mouchoirs-en-boite\/","og_locale":"fr_FR","og_type":"article","og_title":"Foxy Cotton mouchoirs en boite - Foxy","og_description":"Les mouchoirs en conserve Foxy Cotton sont id\u00e9aux pour un usage cosm\u00e9tique et parfaits pour toutes les occasions. Doux et r\u00e9sistant, avec de vraies fibres de coton.","og_url":"https:\/\/www.foxy.eu\/fr\/produits\/foxy-cotton-mouchoirs-en-boite\/","og_site_name":"Foxy","article_publisher":"https:\/\/www.facebook.com\/Foxy.Italia","article_modified_time":"2025-06-13T12:58:49+00:00","og_image":[{"width":1920,"height":1130,"url":"https:\/\/www.foxy.eu\/wp-content\/uploads\/2020\/08\/cotton_fr-prodotto@2x.png","type":"image\/png"}],"twitter_card":"summary_large_image","twitter_misc":{"Est. reading time":"1 minute"},"schema":{"@context":"https:\/\/schema.org","@graph":[{"@type":"WebPage","@id":"https:\/\/www.foxy.eu\/fr\/produits\/foxy-cotton-mouchoirs-en-boite\/","url":"https:\/\/www.foxy.eu\/fr\/produits\/foxy-cotton-mouchoirs-en-boite\/","name":"Foxy Cotton mouchoirs en boite - Foxy","isPartOf":{"@id":"https:\/\/www.foxy.eu\/#website"},"datePublished":"2020-08-28T12:37:04+00:00","dateModified":"2025-06-13T12:58:49+00:00","description":"Les mouchoirs en conserve Foxy Cotton sont id\u00e9aux pour un usage cosm\u00e9tique et parfaits pour toutes les occasions. Doux et r\u00e9sistant, avec de vraies fibres de coton.","breadcrumb":{"@id":"https:\/\/www.foxy.eu\/fr\/produits\/foxy-cotton-mouchoirs-en-boite\/#breadcrumb"},"inLanguage":"fr-FR","potentialAction":[{"@type":"ReadAction","target":["https:\/\/www.foxy.eu\/fr\/produits\/foxy-cotton-mouchoirs-en-boite\/"]}]},{"@type":"BreadcrumbList","@id":"https:\/\/www.foxy.eu\/fr\/produits\/foxy-cotton-mouchoirs-en-boite\/#breadcrumb","itemListElement":[{"@type":"ListItem","position":1,"name":"Home","item":"https:\/\/www.foxy.eu\/fr\/"},{"@type":"ListItem","position":2,"name":"Foxy Cotton"}]},{"@type":"WebSite","@id":"https:\/\/www.foxy.eu\/#website","url":"https:\/\/www.foxy.eu\/","name":"Foxy","description":"Un nuovo sito targato WordPress","publisher":{"@id":"https:\/\/www.foxy.eu\/#organization"},"alternateName":"Scopri tutta la gamma di prodotti e iniziative Foxy. Abbiamo pensato a un mondo su misura per te.","potentialAction":[{"@type":"SearchAction","target":{"@type":"EntryPoint","urlTemplate":"https:\/\/www.foxy.eu\/?s={search_term_string}"},"query-input":"required name=search_term_string"}],"inLanguage":"fr-FR"},{"@type":"Organization","@id":"https:\/\/www.foxy.eu\/#organization","name":"Foxy | Sempre vicina a te!","alternateName":"Scopri tutta la gamma di prodotti e iniziative Foxy. Abbiamo pensato a un mondo su misura per te.","url":"https:\/\/www.foxy.eu\/","logo":{"@type":"ImageObject","inLanguage":"fr-FR","@id":"https:\/\/www.foxy.eu\/#\/schema\/logo\/image\/","url":"https:\/\/enkaz3824io.exactdn.com\/wp-content\/uploads\/2020\/07\/hp_big_logo@2x.png?strip=all&lossy=1&ssl=1","contentUrl":"https:\/\/enkaz3824io.exactdn.com\/wp-content\/uploads\/2020\/07\/hp_big_logo@2x.png?strip=all&lossy=1&ssl=1","width":518,"height":366,"caption":"Foxy | Sempre vicina a te!"},"image":{"@id":"https:\/\/www.foxy.eu\/#\/schema\/logo\/image\/"},"sameAs":["https:\/\/www.instagram.com\/foxy\/","https:\/\/www.youtube.com\/channel\/UCpCfvrNg7u0O0jSeH9B9ygA","https:\/\/www.facebook.com\/Foxy.Italia"]}]}},"_links":{"self":[{"href":"https:\/\/www.foxy.eu\/fr\/wp-json\/wp\/v2\/product\/9572"}],"collection":[{"href":"https:\/\/www.foxy.eu\/fr\/wp-json\/wp\/v2\/product"}],"about":[{"href":"https:\/\/www.foxy.eu\/fr\/wp-json\/wp\/v2\/types\/product"}],"version-history":[{"count":14,"href":"https:\/\/www.foxy.eu\/fr\/wp-json\/wp\/v2\/product\/9572\/revisions"}],"predecessor-version":[{"id":21385,"href":"https:\/\/www.foxy.eu\/fr\/wp-json\/wp\/v2\/product\/9572\/revisions\/21385"}],"wp:featuredmedia":[{"embeddable":true,"href":"https:\/\/www.foxy.eu\/fr\/wp-json\/wp\/v2\/media\/21376"}],"wp:attachment":[{"href":"https:\/\/www.foxy.eu\/fr\/wp-json\/wp\/v2\/media?parent=9572"}],"wp:term":[{"taxonomy":"category","embeddable":true,"href":"https:\/\/www.foxy.eu\/fr\/wp-json\/wp\/v2\/categories?post=9572"}],"curies":[{"name":"wp","href":"https:\/\/api.w.org\/{rel}","templated":true}]}}