
{"id":9099,"date":"2020-07-28T16:05:01","date_gmt":"2020-07-28T14:05:01","guid":{"rendered":"https:\/\/www.foxy.eu\/prodotti\/foxy-asso-ultra\/"},"modified":"2026-04-02T14:32:26","modified_gmt":"2026-04-02T12:32:26","slug":"foxy-abso-ultra-big","status":"publish","type":"product","link":"https:\/\/www.foxy.eu\/fr\/produits\/foxy-abso-ultra-big\/","title":{"rendered":"Foxy Abso Ultra Big"},"content":{"rendered":"<p>[vc_row el_class=\u00a0\u00bbcaratteristiche_content\u00a0\u00bb][vc_column width=\u00a0\u00bb1\/2&Prime; offset=\u00a0\u00bbvc_col-lg-offset-3 vc_col-lg-6 vc_col-md-offset-3 vc_col-md-6&Prime;][vc_column_text el_class=\u00a0\u00bbsubtitle_product\u00a0\u00bb]Foxy Abso Ultra Big. Une grande feuille qui en fait plus.[\/vc_column_text][vc_column_text]Des feuilles plus grandes, plus absorbantes et un d\u00e9cor \u00ab\u00a0Tropical\u00a0\u00bb plein de soleil, le Foxy Abso Ultra Big en fait vraiment plus ![\/vc_column_text][\/vc_column][\/vc_row][vc_row][vc_column width=\u00a0\u00bb5\/6&Prime; offset=\u00a0\u00bbvc_col-lg-offset-1 vc_col-lg-10 vc_col-md-offset-1 vc_col-md-10&Prime; el_class=\u00a0\u00bbplus_product\u00a0\u00bb][vc_row_inner equal_height=\u00a0\u00bbyes\u00a0\u00bb content_placement=\u00a0\u00bbtop\u00a0\u00bb el_class=\u00a0\u00bbcaratteristiche_prodotto_slide_mobile owl-carousel owl-theme\u00a0\u00bb][vc_column_inner width=\u00a0\u00bb1\/3&Prime;][vc_single_image image=\u00a0\u00bb8779&Prime; img_size=\u00a0\u00bbfull\u00a0\u00bb alignment=\u00a0\u00bbcenter\u00a0\u00bb][vc_column_text el_class=\u00a0\u00bbplus_product_title\u00a0\u00bb]Grandes feuilles[\/vc_column_text][vc_column_text el_class=\u00a0\u00bbplus_product_desc\u00a0\u00bb]Chaque feuille est 18% plus grande (*par rapport \u00e0 Foxy Abso), ainsi vous essuyez et absorbez plus en un seul passage optimisant leur consommation.[\/vc_column_text][\/vc_column_inner][vc_column_inner width=\u00a0\u00bb1\/3&Prime;][vc_single_image image=\u00a0\u00bb9205&Prime; img_size=\u00a0\u00bbfull\u00a0\u00bb alignment=\u00a0\u00bbcenter\u00a0\u00bb][vc_column_text el_class=\u00a0\u00bbplus_product_title\u00a0\u00bb]3 \u00e9paisseurs avec microalv\u00e9oles[\/vc_column_text][vc_column_text el_class=\u00a0\u00bbplus_product_desc\u00a0\u00bb]Les microalv\u00e9oles, associ\u00e9s \u00e0 sa triple \u00e9paisseur, rendent Foxy Abso Ultra Big incroyablement absorbant ![\/vc_column_text][\/vc_column_inner][vc_column_inner width=\u00a0\u00bb1\/3&Prime;][vc_single_image image=\u00a0\u00bb9081&Prime; img_size=\u00a0\u00bbfull\u00a0\u00bb alignment=\u00a0\u00bbcenter\u00a0\u00bb][vc_column_text el_class=\u00a0\u00bbplus_product_title\u00a0\u00bb]Garanti pour le contact alimentaire[\/vc_column_text][vc_column_text el_class=\u00a0\u00bbplus_product_desc\u00a0\u00bb]Utilisez votre essuie-tout Foxy Abso Ultra Big sur les aliments ou comme serviette de table : des tests rigoureux confirment sa capacit\u00e9 \u00e0 \u00eatre plac\u00e9 en contact avec les aliments.[\/vc_column_text][\/vc_column_inner][\/vc_row_inner][\/vc_column][\/vc_row][vc_row el_class=\u00a0\u00bbdecori\u00a0\u00bb][vc_column width=\u00a0\u00bb1\/2&Prime;][vc_single_image image=\u00a0\u00bb11027&Prime; img_size=\u00a0\u00bbfull\u00a0\u00bb alignment=\u00a0\u00bbcenter\u00a0\u00bb][\/vc_column][vc_column width=\u00a0\u00bb1\/2&Prime; el_class=\u00a0\u00bbdecoro_dx\u00a0\u00bb][vc_single_image image=\u00a0\u00bb11032&Prime; img_size=\u00a0\u00bbfull\u00a0\u00bb][\/vc_column][\/vc_row]<\/p>\n","protected":false},"featured_media":29213,"template":"","categories":[83],"yoast_head":"<!-- This site is optimized with the Yoast SEO plugin v19.14 - https:\/\/yoast.com\/wordpress\/plugins\/seo\/ -->\n<title>Foxy Abso Ultra Big<\/title>\n<meta name=\"description\" content=\"Des feuilles plus grandes, plus absorbantes et un d\u00e9cor &quot;Tropical&quot; plein de soleil, le Foxy Abso Ultra Big en fait vraiment plus.\" \/>\n<meta name=\"robots\" content=\"index, follow, max-snippet:-1, max-image-preview:large, max-video-preview:-1\" \/>\n<link rel=\"canonical\" href=\"https:\/\/www.foxy.eu\/fr\/produits\/foxy-abso-ultra-big\/\" \/>\n<meta property=\"og:locale\" content=\"fr_FR\" \/>\n<meta property=\"og:type\" content=\"article\" \/>\n<meta property=\"og:title\" content=\"Foxy Abso Ultra Big\" \/>\n<meta property=\"og:description\" content=\"Des feuilles plus grandes, plus absorbantes et un d\u00e9cor &quot;Tropical&quot; plein de soleil, le Foxy Abso Ultra Big en fait vraiment plus.\" \/>\n<meta property=\"og:url\" content=\"https:\/\/www.foxy.eu\/fr\/produits\/foxy-abso-ultra-big\/\" \/>\n<meta property=\"og:site_name\" content=\"Foxy\" \/>\n<meta property=\"article:publisher\" content=\"https:\/\/www.facebook.com\/Foxy.Italia\" \/>\n<meta property=\"article:modified_time\" content=\"2026-04-02T12:32:26+00:00\" \/>\n<meta property=\"og:image\" content=\"https:\/\/www.foxy.eu\/wp-content\/uploads\/2026\/03\/AbsoUltraBig_Asciugatutto_Francia_Hero.png\" \/>\n\t<meta property=\"og:image:width\" content=\"960\" \/>\n\t<meta property=\"og:image:height\" content=\"565\" \/>\n\t<meta property=\"og:image:type\" content=\"image\/png\" \/>\n<meta name=\"twitter:card\" content=\"summary_large_image\" \/>\n<meta name=\"twitter:label1\" content=\"Est. reading time\" \/>\n\t<meta name=\"twitter:data1\" content=\"1 minute\" \/>\n<script type=\"application\/ld+json\" class=\"yoast-schema-graph\">{\"@context\":\"https:\/\/schema.org\",\"@graph\":[{\"@type\":\"WebPage\",\"@id\":\"https:\/\/www.foxy.eu\/fr\/produits\/foxy-abso-ultra-big\/\",\"url\":\"https:\/\/www.foxy.eu\/fr\/produits\/foxy-abso-ultra-big\/\",\"name\":\"Foxy Abso Ultra Big\",\"isPartOf\":{\"@id\":\"https:\/\/www.foxy.eu\/#website\"},\"datePublished\":\"2020-07-28T14:05:01+00:00\",\"dateModified\":\"2026-04-02T12:32:26+00:00\",\"description\":\"Des feuilles plus grandes, plus absorbantes et un d\u00e9cor \\\"Tropical\\\" plein de soleil, le Foxy Abso Ultra Big en fait vraiment plus.\",\"breadcrumb\":{\"@id\":\"https:\/\/www.foxy.eu\/fr\/produits\/foxy-abso-ultra-big\/#breadcrumb\"},\"inLanguage\":\"fr-FR\",\"potentialAction\":[{\"@type\":\"ReadAction\",\"target\":[\"https:\/\/www.foxy.eu\/fr\/produits\/foxy-abso-ultra-big\/\"]}]},{\"@type\":\"BreadcrumbList\",\"@id\":\"https:\/\/www.foxy.eu\/fr\/produits\/foxy-abso-ultra-big\/#breadcrumb\",\"itemListElement\":[{\"@type\":\"ListItem\",\"position\":1,\"name\":\"Home\",\"item\":\"https:\/\/www.foxy.eu\/fr\/\"},{\"@type\":\"ListItem\",\"position\":2,\"name\":\"Foxy Abso Ultra Big\"}]},{\"@type\":\"WebSite\",\"@id\":\"https:\/\/www.foxy.eu\/#website\",\"url\":\"https:\/\/www.foxy.eu\/\",\"name\":\"Foxy\",\"description\":\"Un nuovo sito targato WordPress\",\"publisher\":{\"@id\":\"https:\/\/www.foxy.eu\/#organization\"},\"alternateName\":\"Scopri tutta la gamma di prodotti e iniziative Foxy. Abbiamo pensato a un mondo su misura per te.\",\"potentialAction\":[{\"@type\":\"SearchAction\",\"target\":{\"@type\":\"EntryPoint\",\"urlTemplate\":\"https:\/\/www.foxy.eu\/?s={search_term_string}\"},\"query-input\":\"required name=search_term_string\"}],\"inLanguage\":\"fr-FR\"},{\"@type\":\"Organization\",\"@id\":\"https:\/\/www.foxy.eu\/#organization\",\"name\":\"Foxy | Sempre vicina a te!\",\"alternateName\":\"Scopri tutta la gamma di prodotti e iniziative Foxy. Abbiamo pensato a un mondo su misura per te.\",\"url\":\"https:\/\/www.foxy.eu\/\",\"logo\":{\"@type\":\"ImageObject\",\"inLanguage\":\"fr-FR\",\"@id\":\"https:\/\/www.foxy.eu\/#\/schema\/logo\/image\/\",\"url\":\"https:\/\/enkaz3824io.exactdn.com\/wp-content\/uploads\/2020\/07\/hp_big_logo@2x.png?strip=all&lossy=1&ssl=1\",\"contentUrl\":\"https:\/\/enkaz3824io.exactdn.com\/wp-content\/uploads\/2020\/07\/hp_big_logo@2x.png?strip=all&lossy=1&ssl=1\",\"width\":518,\"height\":366,\"caption\":\"Foxy | Sempre vicina a te!\"},\"image\":{\"@id\":\"https:\/\/www.foxy.eu\/#\/schema\/logo\/image\/\"},\"sameAs\":[\"https:\/\/www.instagram.com\/foxy\/\",\"https:\/\/www.youtube.com\/channel\/UCpCfvrNg7u0O0jSeH9B9ygA\",\"https:\/\/www.facebook.com\/Foxy.Italia\"]}]}<\/script>\n<!-- \/ Yoast SEO plugin. -->","yoast_head_json":{"title":"Foxy Abso Ultra Big","description":"Des feuilles plus grandes, plus absorbantes et un d\u00e9cor \"Tropical\" plein de soleil, le Foxy Abso Ultra Big en fait vraiment plus.","robots":{"index":"index","follow":"follow","max-snippet":"max-snippet:-1","max-image-preview":"max-image-preview:large","max-video-preview":"max-video-preview:-1"},"canonical":"https:\/\/www.foxy.eu\/fr\/produits\/foxy-abso-ultra-big\/","og_locale":"fr_FR","og_type":"article","og_title":"Foxy Abso Ultra Big","og_description":"Des feuilles plus grandes, plus absorbantes et un d\u00e9cor \"Tropical\" plein de soleil, le Foxy Abso Ultra Big en fait vraiment plus.","og_url":"https:\/\/www.foxy.eu\/fr\/produits\/foxy-abso-ultra-big\/","og_site_name":"Foxy","article_publisher":"https:\/\/www.facebook.com\/Foxy.Italia","article_modified_time":"2026-04-02T12:32:26+00:00","og_image":[{"width":960,"height":565,"url":"https:\/\/www.foxy.eu\/wp-content\/uploads\/2026\/03\/AbsoUltraBig_Asciugatutto_Francia_Hero.png","type":"image\/png"}],"twitter_card":"summary_large_image","twitter_misc":{"Est. reading time":"1 minute"},"schema":{"@context":"https:\/\/schema.org","@graph":[{"@type":"WebPage","@id":"https:\/\/www.foxy.eu\/fr\/produits\/foxy-abso-ultra-big\/","url":"https:\/\/www.foxy.eu\/fr\/produits\/foxy-abso-ultra-big\/","name":"Foxy Abso Ultra Big","isPartOf":{"@id":"https:\/\/www.foxy.eu\/#website"},"datePublished":"2020-07-28T14:05:01+00:00","dateModified":"2026-04-02T12:32:26+00:00","description":"Des feuilles plus grandes, plus absorbantes et un d\u00e9cor \"Tropical\" plein de soleil, le Foxy Abso Ultra Big en fait vraiment plus.","breadcrumb":{"@id":"https:\/\/www.foxy.eu\/fr\/produits\/foxy-abso-ultra-big\/#breadcrumb"},"inLanguage":"fr-FR","potentialAction":[{"@type":"ReadAction","target":["https:\/\/www.foxy.eu\/fr\/produits\/foxy-abso-ultra-big\/"]}]},{"@type":"BreadcrumbList","@id":"https:\/\/www.foxy.eu\/fr\/produits\/foxy-abso-ultra-big\/#breadcrumb","itemListElement":[{"@type":"ListItem","position":1,"name":"Home","item":"https:\/\/www.foxy.eu\/fr\/"},{"@type":"ListItem","position":2,"name":"Foxy Abso Ultra Big"}]},{"@type":"WebSite","@id":"https:\/\/www.foxy.eu\/#website","url":"https:\/\/www.foxy.eu\/","name":"Foxy","description":"Un nuovo sito targato WordPress","publisher":{"@id":"https:\/\/www.foxy.eu\/#organization"},"alternateName":"Scopri tutta la gamma di prodotti e iniziative Foxy. Abbiamo pensato a un mondo su misura per te.","potentialAction":[{"@type":"SearchAction","target":{"@type":"EntryPoint","urlTemplate":"https:\/\/www.foxy.eu\/?s={search_term_string}"},"query-input":"required name=search_term_string"}],"inLanguage":"fr-FR"},{"@type":"Organization","@id":"https:\/\/www.foxy.eu\/#organization","name":"Foxy | Sempre vicina a te!","alternateName":"Scopri tutta la gamma di prodotti e iniziative Foxy. Abbiamo pensato a un mondo su misura per te.","url":"https:\/\/www.foxy.eu\/","logo":{"@type":"ImageObject","inLanguage":"fr-FR","@id":"https:\/\/www.foxy.eu\/#\/schema\/logo\/image\/","url":"https:\/\/enkaz3824io.exactdn.com\/wp-content\/uploads\/2020\/07\/hp_big_logo@2x.png?strip=all&lossy=1&ssl=1","contentUrl":"https:\/\/enkaz3824io.exactdn.com\/wp-content\/uploads\/2020\/07\/hp_big_logo@2x.png?strip=all&lossy=1&ssl=1","width":518,"height":366,"caption":"Foxy | Sempre vicina a te!"},"image":{"@id":"https:\/\/www.foxy.eu\/#\/schema\/logo\/image\/"},"sameAs":["https:\/\/www.instagram.com\/foxy\/","https:\/\/www.youtube.com\/channel\/UCpCfvrNg7u0O0jSeH9B9ygA","https:\/\/www.facebook.com\/Foxy.Italia"]}]}},"_links":{"self":[{"href":"https:\/\/www.foxy.eu\/fr\/wp-json\/wp\/v2\/product\/9099"}],"collection":[{"href":"https:\/\/www.foxy.eu\/fr\/wp-json\/wp\/v2\/product"}],"about":[{"href":"https:\/\/www.foxy.eu\/fr\/wp-json\/wp\/v2\/types\/product"}],"version-history":[{"count":30,"href":"https:\/\/www.foxy.eu\/fr\/wp-json\/wp\/v2\/product\/9099\/revisions"}],"predecessor-version":[{"id":29327,"href":"https:\/\/www.foxy.eu\/fr\/wp-json\/wp\/v2\/product\/9099\/revisions\/29327"}],"wp:featuredmedia":[{"embeddable":true,"href":"https:\/\/www.foxy.eu\/fr\/wp-json\/wp\/v2\/media\/29213"}],"wp:attachment":[{"href":"https:\/\/www.foxy.eu\/fr\/wp-json\/wp\/v2\/media?parent=9099"}],"wp:term":[{"taxonomy":"category","embeddable":true,"href":"https:\/\/www.foxy.eu\/fr\/wp-json\/wp\/v2\/categories?post=9099"}],"curies":[{"name":"wp","href":"https:\/\/api.w.org\/{rel}","templated":true}]}}