
{"id":13921,"date":"2024-02-12T09:56:20","date_gmt":"2024-02-12T08:56:20","guid":{"rendered":"https:\/\/www.foxy.eu\/?post_type=product&#038;p=13921"},"modified":"2025-06-10T12:13:24","modified_gmt":"2025-06-10T10:13:24","slug":"foxy-love-the-bee-essuie-tout","status":"publish","type":"product","link":"https:\/\/www.foxy.eu\/fr\/produits\/foxy-love-the-bee-essuie-tout\/","title":{"rendered":"Foxy Love the Bee"},"content":{"rendered":"<p>[vc_row el_class=\u00a0\u00bbcaratteristiche_content\u00a0\u00bb][vc_column width=\u00a0\u00bb1\/2&Prime; offset=\u00a0\u00bbvc_col-lg-offset-3 vc_col-lg-6 vc_col-md-offset-3 vc_col-md-6&Prime;][vc_column_text el_class=\u00a0\u00bbsubtitle_product\u00a0\u00bb]Foxy Love the Bee <span class=\"s1\">aime et prot\u00e8ge les abeilles !<\/span>[\/vc_column_text][vc_column_text]<\/p>\n<p class=\"p1\"><span class=\"s1\">L\u2019essuie-tout Love the Bee est con\u00e7u dans notre haut standard de qualit\u00e9. Son papier 3 \u00e9paisseurs et les tourbillons super absorbants assurent une absorption et une r\u00e9sistance optimale. La couleur blanche de Foxy Love the Bee est obtenue naturellement, sans ajout de blanchisseurs optiques. Foxy a choisi de faire de 3Bee son partenaire dans un projet pluriannuel pour la protection des abeilles. <\/span><\/p>\n<p>[\/vc_column_text][\/vc_column][\/vc_row][vc_row][vc_column width=\u00a0\u00bb5\/6&Prime; offset=\u00a0\u00bbvc_col-lg-offset-1 vc_col-lg-10 vc_col-md-offset-1 vc_col-md-10&Prime; el_class=\u00a0\u00bbplus_product\u00a0\u00bb][vc_row_inner equal_height=\u00a0\u00bbyes\u00a0\u00bb content_placement=\u00a0\u00bbtop\u00a0\u00bb el_class=\u00a0\u00bbcaratteristiche_prodotto_slide_mobile owl-carousel owl-theme\u00a0\u00bb][vc_column_inner width=\u00a0\u00bb1\/3&Prime;][vc_single_image image=\u00a0\u00bb16524&Prime; img_size=\u00a0\u00bbfull\u00a0\u00bb alignment=\u00a0\u00bbcenter\u00a0\u00bb][vc_column_text el_class=\u00a0\u00bbplus_product_title\u00a0\u00bb]<\/p>\n<p class=\"p1\">Garanti pour le contact alimentaire<\/p>\n<p>[\/vc_column_text][vc_column_text el_class=\u00a0\u00bbplus_product_desc\u00a0\u00bb]<\/p>\n<p class=\"p1\">Utilisez votre essuie-tout Foxy Love the Bee sur les aliments ou comme serviette de table : des tests rigoureux confirment sa capacit\u00e9 \u00e0 \u00eatre plac\u00e9 en contact avec les aliments.<\/p>\n<p>[\/vc_column_text][\/vc_column_inner][vc_column_inner width=\u00a0\u00bb1\/3&Prime;][vc_single_image image=\u00a0\u00bb16529&Prime; img_size=\u00a0\u00bbfull\u00a0\u00bb alignment=\u00a0\u00bbcenter\u00a0\u00bb][vc_column_text el_class=\u00a0\u00bbplus_product_title\u00a0\u00bb]<\/p>\n<p class=\"p1\">3 \u00e9paisseurs<\/p>\n<p>[\/vc_column_text][vc_column_text el_class=\u00a0\u00bbplus_product_desc\u00a0\u00bb]<\/p>\n<p class=\"p1\">Gr\u00e2ce \u00e0 son papier triple \u00e9paisseur Foxy Love the Bee vous offre une absorptior et une r\u00e9sistance optimale.<\/p>\n<p>[\/vc_column_text][\/vc_column_inner][vc_column_inner width=\u00a0\u00bb1\/3&Prime;][vc_single_image image=\u00a0\u00bb16584&Prime; img_size=\u00a0\u00bbfull\u00a0\u00bb alignment=\u00a0\u00bbcenter\u00a0\u00bb][vc_column_text el_class=\u00a0\u00bbplus_product_title\u00a0\u00bb]<\/p>\n<p class=\"p1\"><span class=\"s1\">Prot\u00e9geons les abeilles, ensemble.<\/span><\/p>\n<p>[\/vc_column_text][vc_column_text el_class=\u00a0\u00bbplus_product_desc\u00a0\u00bb]<\/p>\n<p class=\"p1\"><span class=\"s1\">Foxy a conclu un accord de partenariat pluriannuel avec 3Bee pour la protection <\/span><span class=\"s1\">des abeilles, gr\u00e2ce aux oasis de biodiversit\u00e9 <\/span><span class=\"s1\">et au suivi des ruches.<\/span><\/p>\n<p><a href=\"https:\/\/www.foxy.eu\/fr\/3bee\/\" target=\"_blank\" rel=\"noopener\"><span class=\"s1\">En savoir plus<\/span><\/a>[\/vc_column_text][\/vc_column_inner][\/vc_row_inner][\/vc_column][\/vc_row]<\/p>\n","protected":false},"featured_media":21252,"template":"","categories":[83],"yoast_head":"<!-- This site is optimized with the Yoast SEO plugin v19.14 - https:\/\/yoast.com\/wordpress\/plugins\/seo\/ -->\n<title>Foxy Love the Bee - Foxy<\/title>\n<meta name=\"robots\" content=\"index, follow, max-snippet:-1, max-image-preview:large, max-video-preview:-1\" \/>\n<link rel=\"canonical\" href=\"https:\/\/www.foxy.eu\/fr\/produits\/foxy-love-the-bee-essuie-tout\/\" \/>\n<meta property=\"og:locale\" content=\"fr_FR\" \/>\n<meta property=\"og:type\" content=\"article\" \/>\n<meta property=\"og:title\" content=\"Foxy Love the Bee - Foxy\" \/>\n<meta property=\"og:description\" content=\"[vc_row el_class=\u00a0\u00bbcaratteristiche_content\u00a0\u00bb][vc_column width=\u00a0\u00bb1\/2&Prime; offset=\u00a0\u00bbvc_col-lg-offset-3 vc_col-lg-6 vc_col-md-offset-3 vc_col-md-6&Prime;][vc_column_text el_class=\u00a0\u00bbsubtitle_product\u00a0\u00bb]Foxy Love the Bee aime et prot\u00e8ge les abeilles ![\/vc_column_text][vc_column_text] L\u2019essuie-tout Love the Bee est con\u00e7u dans notre haut standard de qualit\u00e9. Son...\" \/>\n<meta property=\"og:url\" content=\"https:\/\/www.foxy.eu\/fr\/produits\/foxy-love-the-bee-essuie-tout\/\" \/>\n<meta property=\"og:site_name\" content=\"Foxy\" \/>\n<meta property=\"article:publisher\" content=\"https:\/\/www.facebook.com\/Foxy.Italia\" \/>\n<meta property=\"article:modified_time\" content=\"2025-06-10T10:13:24+00:00\" \/>\n<meta property=\"og:image\" content=\"https:\/\/www.foxy.eu\/wp-content\/uploads\/2024\/02\/love_the_bee_fr-prodotto.png\" \/>\n\t<meta property=\"og:image:width\" content=\"960\" \/>\n\t<meta property=\"og:image:height\" content=\"565\" \/>\n\t<meta property=\"og:image:type\" content=\"image\/png\" \/>\n<meta name=\"twitter:card\" content=\"summary_large_image\" \/>\n<meta name=\"twitter:label1\" content=\"Est. reading time\" \/>\n\t<meta name=\"twitter:data1\" content=\"2 minutes\" \/>\n<script type=\"application\/ld+json\" class=\"yoast-schema-graph\">{\"@context\":\"https:\/\/schema.org\",\"@graph\":[{\"@type\":\"WebPage\",\"@id\":\"https:\/\/www.foxy.eu\/fr\/produits\/foxy-love-the-bee-essuie-tout\/\",\"url\":\"https:\/\/www.foxy.eu\/fr\/produits\/foxy-love-the-bee-essuie-tout\/\",\"name\":\"Foxy Love the Bee - Foxy\",\"isPartOf\":{\"@id\":\"https:\/\/www.foxy.eu\/#website\"},\"datePublished\":\"2024-02-12T08:56:20+00:00\",\"dateModified\":\"2025-06-10T10:13:24+00:00\",\"breadcrumb\":{\"@id\":\"https:\/\/www.foxy.eu\/fr\/produits\/foxy-love-the-bee-essuie-tout\/#breadcrumb\"},\"inLanguage\":\"fr-FR\",\"potentialAction\":[{\"@type\":\"ReadAction\",\"target\":[\"https:\/\/www.foxy.eu\/fr\/produits\/foxy-love-the-bee-essuie-tout\/\"]}]},{\"@type\":\"BreadcrumbList\",\"@id\":\"https:\/\/www.foxy.eu\/fr\/produits\/foxy-love-the-bee-essuie-tout\/#breadcrumb\",\"itemListElement\":[{\"@type\":\"ListItem\",\"position\":1,\"name\":\"Home\",\"item\":\"https:\/\/www.foxy.eu\/fr\/\"},{\"@type\":\"ListItem\",\"position\":2,\"name\":\"Foxy Love the Bee\"}]},{\"@type\":\"WebSite\",\"@id\":\"https:\/\/www.foxy.eu\/#website\",\"url\":\"https:\/\/www.foxy.eu\/\",\"name\":\"Foxy\",\"description\":\"Un nuovo sito targato WordPress\",\"publisher\":{\"@id\":\"https:\/\/www.foxy.eu\/#organization\"},\"alternateName\":\"Scopri tutta la gamma di prodotti e iniziative Foxy. Abbiamo pensato a un mondo su misura per te.\",\"potentialAction\":[{\"@type\":\"SearchAction\",\"target\":{\"@type\":\"EntryPoint\",\"urlTemplate\":\"https:\/\/www.foxy.eu\/?s={search_term_string}\"},\"query-input\":\"required name=search_term_string\"}],\"inLanguage\":\"fr-FR\"},{\"@type\":\"Organization\",\"@id\":\"https:\/\/www.foxy.eu\/#organization\",\"name\":\"Foxy | Sempre vicina a te!\",\"alternateName\":\"Scopri tutta la gamma di prodotti e iniziative Foxy. Abbiamo pensato a un mondo su misura per te.\",\"url\":\"https:\/\/www.foxy.eu\/\",\"logo\":{\"@type\":\"ImageObject\",\"inLanguage\":\"fr-FR\",\"@id\":\"https:\/\/www.foxy.eu\/#\/schema\/logo\/image\/\",\"url\":\"https:\/\/enkaz3824io.exactdn.com\/wp-content\/uploads\/2020\/07\/hp_big_logo@2x.png?strip=all&lossy=1&ssl=1\",\"contentUrl\":\"https:\/\/enkaz3824io.exactdn.com\/wp-content\/uploads\/2020\/07\/hp_big_logo@2x.png?strip=all&lossy=1&ssl=1\",\"width\":518,\"height\":366,\"caption\":\"Foxy | Sempre vicina a te!\"},\"image\":{\"@id\":\"https:\/\/www.foxy.eu\/#\/schema\/logo\/image\/\"},\"sameAs\":[\"https:\/\/www.instagram.com\/foxy\/\",\"https:\/\/www.youtube.com\/channel\/UCpCfvrNg7u0O0jSeH9B9ygA\",\"https:\/\/www.facebook.com\/Foxy.Italia\"]}]}<\/script>\n<!-- \/ Yoast SEO plugin. -->","yoast_head_json":{"title":"Foxy Love the Bee - Foxy","robots":{"index":"index","follow":"follow","max-snippet":"max-snippet:-1","max-image-preview":"max-image-preview:large","max-video-preview":"max-video-preview:-1"},"canonical":"https:\/\/www.foxy.eu\/fr\/produits\/foxy-love-the-bee-essuie-tout\/","og_locale":"fr_FR","og_type":"article","og_title":"Foxy Love the Bee - Foxy","og_description":"[vc_row el_class=\u00a0\u00bbcaratteristiche_content\u00a0\u00bb][vc_column width=\u00a0\u00bb1\/2&Prime; offset=\u00a0\u00bbvc_col-lg-offset-3 vc_col-lg-6 vc_col-md-offset-3 vc_col-md-6&Prime;][vc_column_text el_class=\u00a0\u00bbsubtitle_product\u00a0\u00bb]Foxy Love the Bee aime et prot\u00e8ge les abeilles ![\/vc_column_text][vc_column_text] L\u2019essuie-tout Love the Bee est con\u00e7u dans notre haut standard de qualit\u00e9. Son...","og_url":"https:\/\/www.foxy.eu\/fr\/produits\/foxy-love-the-bee-essuie-tout\/","og_site_name":"Foxy","article_publisher":"https:\/\/www.facebook.com\/Foxy.Italia","article_modified_time":"2025-06-10T10:13:24+00:00","og_image":[{"width":960,"height":565,"url":"https:\/\/www.foxy.eu\/wp-content\/uploads\/2024\/02\/love_the_bee_fr-prodotto.png","type":"image\/png"}],"twitter_card":"summary_large_image","twitter_misc":{"Est. reading time":"2 minutes"},"schema":{"@context":"https:\/\/schema.org","@graph":[{"@type":"WebPage","@id":"https:\/\/www.foxy.eu\/fr\/produits\/foxy-love-the-bee-essuie-tout\/","url":"https:\/\/www.foxy.eu\/fr\/produits\/foxy-love-the-bee-essuie-tout\/","name":"Foxy Love the Bee - Foxy","isPartOf":{"@id":"https:\/\/www.foxy.eu\/#website"},"datePublished":"2024-02-12T08:56:20+00:00","dateModified":"2025-06-10T10:13:24+00:00","breadcrumb":{"@id":"https:\/\/www.foxy.eu\/fr\/produits\/foxy-love-the-bee-essuie-tout\/#breadcrumb"},"inLanguage":"fr-FR","potentialAction":[{"@type":"ReadAction","target":["https:\/\/www.foxy.eu\/fr\/produits\/foxy-love-the-bee-essuie-tout\/"]}]},{"@type":"BreadcrumbList","@id":"https:\/\/www.foxy.eu\/fr\/produits\/foxy-love-the-bee-essuie-tout\/#breadcrumb","itemListElement":[{"@type":"ListItem","position":1,"name":"Home","item":"https:\/\/www.foxy.eu\/fr\/"},{"@type":"ListItem","position":2,"name":"Foxy Love the Bee"}]},{"@type":"WebSite","@id":"https:\/\/www.foxy.eu\/#website","url":"https:\/\/www.foxy.eu\/","name":"Foxy","description":"Un nuovo sito targato WordPress","publisher":{"@id":"https:\/\/www.foxy.eu\/#organization"},"alternateName":"Scopri tutta la gamma di prodotti e iniziative Foxy. Abbiamo pensato a un mondo su misura per te.","potentialAction":[{"@type":"SearchAction","target":{"@type":"EntryPoint","urlTemplate":"https:\/\/www.foxy.eu\/?s={search_term_string}"},"query-input":"required name=search_term_string"}],"inLanguage":"fr-FR"},{"@type":"Organization","@id":"https:\/\/www.foxy.eu\/#organization","name":"Foxy | Sempre vicina a te!","alternateName":"Scopri tutta la gamma di prodotti e iniziative Foxy. Abbiamo pensato a un mondo su misura per te.","url":"https:\/\/www.foxy.eu\/","logo":{"@type":"ImageObject","inLanguage":"fr-FR","@id":"https:\/\/www.foxy.eu\/#\/schema\/logo\/image\/","url":"https:\/\/enkaz3824io.exactdn.com\/wp-content\/uploads\/2020\/07\/hp_big_logo@2x.png?strip=all&lossy=1&ssl=1","contentUrl":"https:\/\/enkaz3824io.exactdn.com\/wp-content\/uploads\/2020\/07\/hp_big_logo@2x.png?strip=all&lossy=1&ssl=1","width":518,"height":366,"caption":"Foxy | Sempre vicina a te!"},"image":{"@id":"https:\/\/www.foxy.eu\/#\/schema\/logo\/image\/"},"sameAs":["https:\/\/www.instagram.com\/foxy\/","https:\/\/www.youtube.com\/channel\/UCpCfvrNg7u0O0jSeH9B9ygA","https:\/\/www.facebook.com\/Foxy.Italia"]}]}},"_links":{"self":[{"href":"https:\/\/www.foxy.eu\/fr\/wp-json\/wp\/v2\/product\/13921"}],"collection":[{"href":"https:\/\/www.foxy.eu\/fr\/wp-json\/wp\/v2\/product"}],"about":[{"href":"https:\/\/www.foxy.eu\/fr\/wp-json\/wp\/v2\/types\/product"}],"version-history":[{"count":18,"href":"https:\/\/www.foxy.eu\/fr\/wp-json\/wp\/v2\/product\/13921\/revisions"}],"predecessor-version":[{"id":21259,"href":"https:\/\/www.foxy.eu\/fr\/wp-json\/wp\/v2\/product\/13921\/revisions\/21259"}],"wp:featuredmedia":[{"embeddable":true,"href":"https:\/\/www.foxy.eu\/fr\/wp-json\/wp\/v2\/media\/21252"}],"wp:attachment":[{"href":"https:\/\/www.foxy.eu\/fr\/wp-json\/wp\/v2\/media?parent=13921"}],"wp:term":[{"taxonomy":"category","embeddable":true,"href":"https:\/\/www.foxy.eu\/fr\/wp-json\/wp\/v2\/categories?post=13921"}],"curies":[{"name":"wp","href":"https:\/\/api.w.org\/{rel}","templated":true}]}}