
{"id":8706,"date":"2020-09-21T10:40:29","date_gmt":"2020-09-21T08:40:29","guid":{"rendered":"https:\/\/www.foxy.eu\/le-monde-foxy\/foxy-in-tv\/"},"modified":"2022-09-20T16:00:07","modified_gmt":"2022-09-20T14:00:07","slug":"foxy-a-la-television","status":"publish","type":"page","link":"https:\/\/www.foxy.eu\/fr\/le-monde-foxy\/foxy-a-la-television\/","title":{"rendered":"Foxy \u00e0 la t\u00e9l\u00e9vision"},"content":{"rendered":"<p>[vc_row][vc_column offset=\u00a0\u00bbvc_col-lg-offset-1 vc_col-lg-5 vc_col-md-offset-1 vc_col-md-10&Prime;][vc_column_text]<\/p>\n<h2>Foxy est arriv\u00e9e sur le march\u00e9 italien en 1982 : une adorable renarde, la Volpina, appara\u00eet alors sur tous les paquets, t\u00e9moignage de l&rsquo;esprit malin et de la douceur qui ont caract\u00e9ris\u00e9 depuis toujours nos produits.<\/h2>\n<p>[\/vc_column_text][\/vc_column][vc_column offset=\u00a0\u00bbvc_col-lg-offset-1 vc_col-lg-4 vc_col-md-offset-1 vc_col-md-10&Prime;][vc_column_text]La qualit\u00e9 des mati\u00e8res premi\u00e8res, le soin des d\u00e9tails et l\u2019engagement constant d\u2019\u00eatre \u00ab\u00a0Toujours proche de vous\u00a0\u00bb, au fil du temps, ont fait de Foxy l\u2019une des marques les plus appr\u00e9ci\u00e9es par les consommateurs.<\/p>\n<p>C\u2019est aussi d\u00fb \u00e0 la publicit\u00e9 qui a fait entrer Foxy et ses produits dans les maisons fran\u00e7aises depuis 2019.[\/vc_column_text][\/vc_column][\/vc_row]<\/p>\n","protected":false},"excerpt":{"rendered":"<p>[vc_row][vc_column offset=\u00a0\u00bbvc_col-lg-offset-1 vc_col-lg-5 vc_col-md-offset-1 vc_col-md-10&Prime;][vc_column_text] Foxy est arriv\u00e9e sur le march\u00e9 italien en 1982 : une adorable renarde, la Volpina, appara\u00eet alors sur tous les paquets, t\u00e9moignage de l&rsquo;esprit malin&#8230;<\/p>\n","protected":false},"author":1,"featured_media":0,"parent":8698,"menu_order":0,"comment_status":"closed","ping_status":"closed","template":"template-foxy-in-tv.php","meta":[],"categories":[],"tags":[],"yoast_head":"<!-- This site is optimized with the Yoast SEO plugin v19.14 - https:\/\/yoast.com\/wordpress\/plugins\/seo\/ -->\n<title>Foxy \u00e0 la t\u00e9l\u00e9vision - Foxy<\/title>\n<meta name=\"robots\" content=\"index, follow, max-snippet:-1, max-image-preview:large, max-video-preview:-1\" \/>\n<link rel=\"canonical\" href=\"https:\/\/www.foxy.eu\/fr\/le-monde-foxy\/foxy-a-la-television\/\" \/>\n<meta property=\"og:locale\" content=\"fr_FR\" \/>\n<meta property=\"og:type\" content=\"article\" \/>\n<meta property=\"og:title\" content=\"Foxy \u00e0 la t\u00e9l\u00e9vision - Foxy\" \/>\n<meta property=\"og:description\" content=\"[vc_row][vc_column offset=\u00a0\u00bbvc_col-lg-offset-1 vc_col-lg-5 vc_col-md-offset-1 vc_col-md-10&Prime;][vc_column_text] Foxy est arriv\u00e9e sur le march\u00e9 italien en 1982 : une adorable renarde, la Volpina, appara\u00eet alors sur tous les paquets, t\u00e9moignage de l&rsquo;esprit malin...\" \/>\n<meta property=\"og:url\" content=\"https:\/\/www.foxy.eu\/fr\/le-monde-foxy\/foxy-a-la-television\/\" \/>\n<meta property=\"og:site_name\" content=\"Foxy\" \/>\n<meta property=\"article:publisher\" content=\"https:\/\/www.facebook.com\/Foxy.Italia\" \/>\n<meta property=\"article:modified_time\" content=\"2022-09-20T14:00:07+00:00\" \/>\n<meta name=\"twitter:card\" content=\"summary_large_image\" \/>\n<meta name=\"twitter:label1\" content=\"Est. reading time\" \/>\n\t<meta name=\"twitter:data1\" content=\"1 minute\" \/>\n<script type=\"application\/ld+json\" class=\"yoast-schema-graph\">{\"@context\":\"https:\/\/schema.org\",\"@graph\":[{\"@type\":\"WebPage\",\"@id\":\"https:\/\/www.foxy.eu\/fr\/le-monde-foxy\/foxy-a-la-television\/\",\"url\":\"https:\/\/www.foxy.eu\/fr\/le-monde-foxy\/foxy-a-la-television\/\",\"name\":\"Foxy \u00e0 la t\u00e9l\u00e9vision - Foxy\",\"isPartOf\":{\"@id\":\"https:\/\/www.foxy.eu\/#website\"},\"datePublished\":\"2020-09-21T08:40:29+00:00\",\"dateModified\":\"2022-09-20T14:00:07+00:00\",\"breadcrumb\":{\"@id\":\"https:\/\/www.foxy.eu\/fr\/le-monde-foxy\/foxy-a-la-television\/#breadcrumb\"},\"inLanguage\":\"fr-FR\",\"potentialAction\":[{\"@type\":\"ReadAction\",\"target\":[\"https:\/\/www.foxy.eu\/fr\/le-monde-foxy\/foxy-a-la-television\/\"]}]},{\"@type\":\"BreadcrumbList\",\"@id\":\"https:\/\/www.foxy.eu\/fr\/le-monde-foxy\/foxy-a-la-television\/#breadcrumb\",\"itemListElement\":[{\"@type\":\"ListItem\",\"position\":1,\"name\":\"Home\",\"item\":\"https:\/\/www.foxy.eu\/fr\/\"},{\"@type\":\"ListItem\",\"position\":2,\"name\":\"Le monde Foxy\",\"item\":\"https:\/\/www.foxy.eu\/fr\/le-monde-foxy\/\"},{\"@type\":\"ListItem\",\"position\":3,\"name\":\"Foxy \u00e0 la t\u00e9l\u00e9vision\"}]},{\"@type\":\"WebSite\",\"@id\":\"https:\/\/www.foxy.eu\/#website\",\"url\":\"https:\/\/www.foxy.eu\/\",\"name\":\"Foxy\",\"description\":\"Un nuovo sito targato WordPress\",\"publisher\":{\"@id\":\"https:\/\/www.foxy.eu\/#organization\"},\"alternateName\":\"Scopri tutta la gamma di prodotti e iniziative Foxy. Abbiamo pensato a un mondo su misura per te.\",\"potentialAction\":[{\"@type\":\"SearchAction\",\"target\":{\"@type\":\"EntryPoint\",\"urlTemplate\":\"https:\/\/www.foxy.eu\/?s={search_term_string}\"},\"query-input\":\"required name=search_term_string\"}],\"inLanguage\":\"fr-FR\"},{\"@type\":\"Organization\",\"@id\":\"https:\/\/www.foxy.eu\/#organization\",\"name\":\"Foxy | Sempre vicina a te!\",\"alternateName\":\"Scopri tutta la gamma di prodotti e iniziative Foxy. Abbiamo pensato a un mondo su misura per te.\",\"url\":\"https:\/\/www.foxy.eu\/\",\"logo\":{\"@type\":\"ImageObject\",\"inLanguage\":\"fr-FR\",\"@id\":\"https:\/\/www.foxy.eu\/#\/schema\/logo\/image\/\",\"url\":\"https:\/\/enkaz3824io.exactdn.com\/wp-content\/uploads\/2020\/07\/hp_big_logo@2x.png?strip=all&lossy=1&ssl=1\",\"contentUrl\":\"https:\/\/enkaz3824io.exactdn.com\/wp-content\/uploads\/2020\/07\/hp_big_logo@2x.png?strip=all&lossy=1&ssl=1\",\"width\":518,\"height\":366,\"caption\":\"Foxy | Sempre vicina a te!\"},\"image\":{\"@id\":\"https:\/\/www.foxy.eu\/#\/schema\/logo\/image\/\"},\"sameAs\":[\"https:\/\/www.instagram.com\/foxy\/\",\"https:\/\/www.youtube.com\/channel\/UCpCfvrNg7u0O0jSeH9B9ygA\",\"https:\/\/www.facebook.com\/Foxy.Italia\"]}]}<\/script>\n<!-- \/ Yoast SEO plugin. -->","yoast_head_json":{"title":"Foxy \u00e0 la t\u00e9l\u00e9vision - Foxy","robots":{"index":"index","follow":"follow","max-snippet":"max-snippet:-1","max-image-preview":"max-image-preview:large","max-video-preview":"max-video-preview:-1"},"canonical":"https:\/\/www.foxy.eu\/fr\/le-monde-foxy\/foxy-a-la-television\/","og_locale":"fr_FR","og_type":"article","og_title":"Foxy \u00e0 la t\u00e9l\u00e9vision - Foxy","og_description":"[vc_row][vc_column offset=\u00a0\u00bbvc_col-lg-offset-1 vc_col-lg-5 vc_col-md-offset-1 vc_col-md-10&Prime;][vc_column_text] Foxy est arriv\u00e9e sur le march\u00e9 italien en 1982 : une adorable renarde, la Volpina, appara\u00eet alors sur tous les paquets, t\u00e9moignage de l&rsquo;esprit malin...","og_url":"https:\/\/www.foxy.eu\/fr\/le-monde-foxy\/foxy-a-la-television\/","og_site_name":"Foxy","article_publisher":"https:\/\/www.facebook.com\/Foxy.Italia","article_modified_time":"2022-09-20T14:00:07+00:00","twitter_card":"summary_large_image","twitter_misc":{"Est. reading time":"1 minute"},"schema":{"@context":"https:\/\/schema.org","@graph":[{"@type":"WebPage","@id":"https:\/\/www.foxy.eu\/fr\/le-monde-foxy\/foxy-a-la-television\/","url":"https:\/\/www.foxy.eu\/fr\/le-monde-foxy\/foxy-a-la-television\/","name":"Foxy \u00e0 la t\u00e9l\u00e9vision - Foxy","isPartOf":{"@id":"https:\/\/www.foxy.eu\/#website"},"datePublished":"2020-09-21T08:40:29+00:00","dateModified":"2022-09-20T14:00:07+00:00","breadcrumb":{"@id":"https:\/\/www.foxy.eu\/fr\/le-monde-foxy\/foxy-a-la-television\/#breadcrumb"},"inLanguage":"fr-FR","potentialAction":[{"@type":"ReadAction","target":["https:\/\/www.foxy.eu\/fr\/le-monde-foxy\/foxy-a-la-television\/"]}]},{"@type":"BreadcrumbList","@id":"https:\/\/www.foxy.eu\/fr\/le-monde-foxy\/foxy-a-la-television\/#breadcrumb","itemListElement":[{"@type":"ListItem","position":1,"name":"Home","item":"https:\/\/www.foxy.eu\/fr\/"},{"@type":"ListItem","position":2,"name":"Le monde Foxy","item":"https:\/\/www.foxy.eu\/fr\/le-monde-foxy\/"},{"@type":"ListItem","position":3,"name":"Foxy \u00e0 la t\u00e9l\u00e9vision"}]},{"@type":"WebSite","@id":"https:\/\/www.foxy.eu\/#website","url":"https:\/\/www.foxy.eu\/","name":"Foxy","description":"Un nuovo sito targato WordPress","publisher":{"@id":"https:\/\/www.foxy.eu\/#organization"},"alternateName":"Scopri tutta la gamma di prodotti e iniziative Foxy. Abbiamo pensato a un mondo su misura per te.","potentialAction":[{"@type":"SearchAction","target":{"@type":"EntryPoint","urlTemplate":"https:\/\/www.foxy.eu\/?s={search_term_string}"},"query-input":"required name=search_term_string"}],"inLanguage":"fr-FR"},{"@type":"Organization","@id":"https:\/\/www.foxy.eu\/#organization","name":"Foxy | Sempre vicina a te!","alternateName":"Scopri tutta la gamma di prodotti e iniziative Foxy. Abbiamo pensato a un mondo su misura per te.","url":"https:\/\/www.foxy.eu\/","logo":{"@type":"ImageObject","inLanguage":"fr-FR","@id":"https:\/\/www.foxy.eu\/#\/schema\/logo\/image\/","url":"https:\/\/enkaz3824io.exactdn.com\/wp-content\/uploads\/2020\/07\/hp_big_logo@2x.png?strip=all&lossy=1&ssl=1","contentUrl":"https:\/\/enkaz3824io.exactdn.com\/wp-content\/uploads\/2020\/07\/hp_big_logo@2x.png?strip=all&lossy=1&ssl=1","width":518,"height":366,"caption":"Foxy | Sempre vicina a te!"},"image":{"@id":"https:\/\/www.foxy.eu\/#\/schema\/logo\/image\/"},"sameAs":["https:\/\/www.instagram.com\/foxy\/","https:\/\/www.youtube.com\/channel\/UCpCfvrNg7u0O0jSeH9B9ygA","https:\/\/www.facebook.com\/Foxy.Italia"]}]}},"_links":{"self":[{"href":"https:\/\/www.foxy.eu\/fr\/wp-json\/wp\/v2\/pages\/8706"}],"collection":[{"href":"https:\/\/www.foxy.eu\/fr\/wp-json\/wp\/v2\/pages"}],"about":[{"href":"https:\/\/www.foxy.eu\/fr\/wp-json\/wp\/v2\/types\/page"}],"author":[{"embeddable":true,"href":"https:\/\/www.foxy.eu\/fr\/wp-json\/wp\/v2\/users\/1"}],"replies":[{"embeddable":true,"href":"https:\/\/www.foxy.eu\/fr\/wp-json\/wp\/v2\/comments?post=8706"}],"version-history":[{"count":6,"href":"https:\/\/www.foxy.eu\/fr\/wp-json\/wp\/v2\/pages\/8706\/revisions"}],"predecessor-version":[{"id":10962,"href":"https:\/\/www.foxy.eu\/fr\/wp-json\/wp\/v2\/pages\/8706\/revisions\/10962"}],"up":[{"embeddable":true,"href":"https:\/\/www.foxy.eu\/fr\/wp-json\/wp\/v2\/pages\/8698"}],"wp:attachment":[{"href":"https:\/\/www.foxy.eu\/fr\/wp-json\/wp\/v2\/media?parent=8706"}],"wp:term":[{"taxonomy":"category","embeddable":true,"href":"https:\/\/www.foxy.eu\/fr\/wp-json\/wp\/v2\/categories?post=8706"},{"taxonomy":"post_tag","embeddable":true,"href":"https:\/\/www.foxy.eu\/fr\/wp-json\/wp\/v2\/tags?post=8706"}],"curies":[{"name":"wp","href":"https:\/\/api.w.org\/{rel}","templated":true}]}}