
{"id":8698,"date":"2020-07-31T14:21:07","date_gmt":"2020-07-31T12:21:07","guid":{"rendered":"https:\/\/www.foxy.eu\/mondo-foxy\/"},"modified":"2023-11-22T17:12:38","modified_gmt":"2023-11-22T16:12:38","slug":"le-monde-foxy","status":"publish","type":"page","link":"https:\/\/www.foxy.eu\/fr\/le-monde-foxy\/","title":{"rendered":"Le monde Foxy"},"content":{"rendered":"<p>[vc_row el_class=\u00a0\u00bbh1-w-padding\u00a0\u00bb][vc_column][vc_column_text]<\/p>\n<h1 class=\"title_page\">Le monde Foxy<\/h1>\n<p>[\/vc_column_text][\/vc_column][\/vc_row][vc_row full_width=\u00a0\u00bbstretch_row\u00a0\u00bb el_class=\u00a0\u00bbfascia-sottopagina\u00a0\u00bb css=\u00a0\u00bb.vc_custom_1658400021861{background-image: url(https:\/\/www.foxy.eu\/wp-content\/uploads\/2022\/07\/cover_foxy_in_tv_new.jpg?id=8620) !important;}\u00a0\u00bb][vc_column width=\u00a0\u00bb2\/3&Prime; offset=\u00a0\u00bbvc_col-lg-offset-4 vc_col-lg-4 vc_col-md-offset-3 vc_col-md-6 vc_col-sm-offset-2&Prime;][vc_column_text]<\/p>\n<h2>Foxy \u00e0 la t\u00e9l\u00e9vision<\/h2>\n<p>[\/vc_column_text][vc_column_text]D\u00e8s 1986, la publicit\u00e9 a fait entrer Foxy et ses produits dans toutes les maisons avec des spots devenus c\u00e9l\u00e8bres.<br \/>\nEn France aussi, les t\u00e9l\u00e9spectateurs ont pu voir Foxy sur les plus grandes chaines d\u00e8s 2019.[\/vc_column_text]<div class=\" ubtn-ctn-center btn-blu btn-freccia freccia-blu\"><a class=\"ubtn-link ult-adjust-bottom-margin ubtn-center ubtn-large btn-blu btn-freccia freccia-blu\" href=\"https:\/\/www.foxy.eu\/fr\/le-monde-foxy\/foxy-a-la-television\/\" title=\"Foxy \u00e0 la t\u00e9l\u00e9vision\" ><button type=\"button\" id=\"ubtn-1320\"  class=\"ubtn ult-adjust-bottom-margin ult-responsive ubtn-large ubtn-no-hover-bg  none  ubtn-center   tooltip-69f16e038d6a1\"  data-hover=\"\" data-border-color=\"\" data-bg=\"\" data-hover-bg=\"\" data-border-hover=\"\" data-shadow-hover=\"\" data-shadow-click=\"none\" data-shadow=\"\" data-shd-shadow=\"\"  data-ultimate-target='#ubtn-1320'  data-responsive-json-new='{\"font-size\":\"\",\"line-height\":\"\"}'  style=\"font-weight:normal;border:none;\"><span class=\"ubtn-hover\" style=\"background-color:\"><\/span><span class=\"ubtn-data ubtn-text \" >Pour en savoir plus<\/span><\/button><\/a><\/div>[\/vc_column][\/vc_row][vc_row full_width=\u00a0\u00bbstretch_row\u00a0\u00bb el_class=\u00a0\u00bbfascia-sottopagina mbot100&Prime; css=\u00a0\u00bb.vc_custom_1600857125421{background-image: url(https:\/\/www.foxy.eu\/wp-content\/uploads\/2020\/09\/mondo_foxy_cover_campagne_stampa@2x-scaled.jpg?id=1460) !important;}\u00a0\u00bb][vc_column width=\u00a0\u00bb2\/3&Prime; offset=\u00a0\u00bbvc_col-lg-offset-4 vc_col-lg-4 vc_col-md-offset-3 vc_col-md-6 vc_col-sm-offset-2&Prime;][vc_column_text]<\/p>\n<h2>Campagnes Presse<\/h2>\n<p>[\/vc_column_text][vc_column_text]Il n&rsquo;y a pas que la t\u00e9l\u00e9 ! Les performances Haut de gamme des produits Foxy ont inspir\u00e9 des campagnes dans des titres majeurs de la presse \u00e9crite italienne.[\/vc_column_text]<div class=\" ubtn-ctn-center btn-blu btn-freccia freccia-blu\"><a class=\"ubtn-link ult-adjust-bottom-margin ubtn-center ubtn-large btn-blu btn-freccia freccia-blu\" href=\"https:\/\/www.foxy.eu\/fr\/le-monde-foxy\/campagnes-publicitaires\/\" title=\"Campagnes publicitaries\" ><button type=\"button\" id=\"ubtn-6423\"  class=\"ubtn ult-adjust-bottom-margin ult-responsive ubtn-large ubtn-no-hover-bg  none  ubtn-center   tooltip-69f16e038d73e\"  data-hover=\"\" data-border-color=\"\" data-bg=\"\" data-hover-bg=\"\" data-border-hover=\"\" data-shadow-hover=\"\" data-shadow-click=\"none\" data-shadow=\"\" data-shd-shadow=\"\"  data-ultimate-target='#ubtn-6423'  data-responsive-json-new='{\"font-size\":\"\",\"line-height\":\"\"}'  style=\"font-weight:normal;border:none;\"><span class=\"ubtn-hover\" style=\"background-color:\"><\/span><span class=\"ubtn-data ubtn-text \" >Pour en savoir plus<\/span><\/button><\/a><\/div>[\/vc_column][\/vc_row][vc_row equal_height=\u00a0\u00bbyes\u00a0\u00bb el_class=\u00a0\u00bbbanner_schede\u00a0\u00bb][vc_column width=\u00a0\u00bb1\/3&Prime; offset=\u00a0\u00bbvc_col-lg-offset-2 vc_col-lg-4 vc_col-md-offset-2 vc_col-md-4&Prime;][vc_single_image image=\u00a0\u00bb12351&Prime; img_size=\u00a0\u00bbfull\u00a0\u00bb alignment=\u00a0\u00bbcenter\u00a0\u00bb onclick=\u00a0\u00bbcustom_link\u00a0\u00bb link=\u00a0\u00bbhttps:\/\/www.foxy.eu\/fr\/3bee\/\u00a0\u00bb][vc_column_text el_class=\u00a0\u00bbbanner_schede_cta\u00a0\u00bb]<a href=\"https:\/\/www.foxy.eu\/fr\/3bee\/\">Foxy pour 3Bee<\/a>[\/vc_column_text][\/vc_column][vc_column width=\u00a0\u00bb1\/3&Prime; offset=\u00a0\u00bbvc_col-lg-offset-0 vc_col-lg-4 vc_col-md-offset-0 vc_col-md-4&Prime;][vc_single_image image=\u00a0\u00bb10312&Prime; img_size=\u00a0\u00bbfull\u00a0\u00bb alignment=\u00a0\u00bbcenter\u00a0\u00bb onclick=\u00a0\u00bbcustom_link\u00a0\u00bb link=\u00a0\u00bbhttps:\/\/www.foxy.eu\/fr\/le-monde-foxy\/lhistoire\/\u00a0\u00bb][vc_column_text el_class=\u00a0\u00bbbanner_schede_cta\u00a0\u00bb]<a href=\"https:\/\/www.foxy.eu\/fr\/le-monde-foxy\/lhistoire\/\">Il \u00e9tait une fois un renard&#8230;<\/a>[\/vc_column_text][\/vc_column][\/vc_row]<\/p>\n","protected":false},"excerpt":{"rendered":"<p>[vc_row el_class=\u00a0\u00bbh1-w-padding\u00a0\u00bb][vc_column][vc_column_text] Le monde Foxy [\/vc_column_text][\/vc_column][\/vc_row][vc_row full_width=\u00a0\u00bbstretch_row\u00a0\u00bb el_class=\u00a0\u00bbfascia-sottopagina\u00a0\u00bb css=\u00a0\u00bb.vc_custom_1658400021861{background-image: url(https:\/\/www.foxy.eu\/wp-content\/uploads\/2022\/07\/cover_foxy_in_tv_new.jpg?id=8620) !important;}\u00a0\u00bb][vc_column width=\u00a0\u00bb2\/3&Prime; offset=\u00a0\u00bbvc_col-lg-offset-4 vc_col-lg-4 vc_col-md-offset-3 vc_col-md-6 vc_col-sm-offset-2&Prime;][vc_column_text] Foxy \u00e0 la t\u00e9l\u00e9vision [\/vc_column_text][vc_column_text]D\u00e8s 1986, la publicit\u00e9 a fait entrer Foxy et&#8230;<\/p>\n","protected":false},"author":1,"featured_media":0,"parent":0,"menu_order":0,"comment_status":"closed","ping_status":"closed","template":"template-page-mondo-foxy.php","meta":[],"categories":[],"tags":[],"yoast_head":"<!-- This site is optimized with the Yoast SEO plugin v19.14 - https:\/\/yoast.com\/wordpress\/plugins\/seo\/ -->\n<title>Le monde Foxy - Foxy<\/title>\n<meta name=\"robots\" content=\"index, follow, max-snippet:-1, max-image-preview:large, max-video-preview:-1\" \/>\n<link rel=\"canonical\" href=\"https:\/\/www.foxy.eu\/fr\/le-monde-foxy\/\" \/>\n<meta property=\"og:locale\" content=\"fr_FR\" \/>\n<meta property=\"og:type\" content=\"article\" \/>\n<meta property=\"og:title\" content=\"Le monde Foxy - Foxy\" \/>\n<meta property=\"og:description\" content=\"[vc_row el_class=\u00a0\u00bbh1-w-padding\u00a0\u00bb][vc_column][vc_column_text] Le monde Foxy [\/vc_column_text][\/vc_column][\/vc_row][vc_row full_width=\u00a0\u00bbstretch_row\u00a0\u00bb el_class=\u00a0\u00bbfascia-sottopagina\u00a0\u00bb css=\u00a0\u00bb.vc_custom_1658400021861{background-image: url(https:\/\/www.foxy.eu\/wp-content\/uploads\/2022\/07\/cover_foxy_in_tv_new.jpg?id=8620) !important;}\u00a0\u00bb][vc_column width=\u00a0\u00bb2\/3&Prime; offset=\u00a0\u00bbvc_col-lg-offset-4 vc_col-lg-4 vc_col-md-offset-3 vc_col-md-6 vc_col-sm-offset-2&Prime;][vc_column_text] Foxy \u00e0 la t\u00e9l\u00e9vision [\/vc_column_text][vc_column_text]D\u00e8s 1986, la publicit\u00e9 a fait entrer Foxy et...\" \/>\n<meta property=\"og:url\" content=\"https:\/\/www.foxy.eu\/fr\/le-monde-foxy\/\" \/>\n<meta property=\"og:site_name\" content=\"Foxy\" \/>\n<meta property=\"article:publisher\" content=\"https:\/\/www.facebook.com\/Foxy.Italia\" \/>\n<meta property=\"article:modified_time\" content=\"2023-11-22T16:12:38+00:00\" \/>\n<meta name=\"twitter:card\" content=\"summary_large_image\" \/>\n<meta name=\"twitter:label1\" content=\"Est. reading time\" \/>\n\t<meta name=\"twitter:data1\" content=\"1 minute\" \/>\n<script type=\"application\/ld+json\" class=\"yoast-schema-graph\">{\"@context\":\"https:\/\/schema.org\",\"@graph\":[{\"@type\":\"WebPage\",\"@id\":\"https:\/\/www.foxy.eu\/fr\/le-monde-foxy\/\",\"url\":\"https:\/\/www.foxy.eu\/fr\/le-monde-foxy\/\",\"name\":\"Le monde Foxy - Foxy\",\"isPartOf\":{\"@id\":\"https:\/\/www.foxy.eu\/#website\"},\"datePublished\":\"2020-07-31T12:21:07+00:00\",\"dateModified\":\"2023-11-22T16:12:38+00:00\",\"breadcrumb\":{\"@id\":\"https:\/\/www.foxy.eu\/fr\/le-monde-foxy\/#breadcrumb\"},\"inLanguage\":\"fr-FR\",\"potentialAction\":[{\"@type\":\"ReadAction\",\"target\":[\"https:\/\/www.foxy.eu\/fr\/le-monde-foxy\/\"]}]},{\"@type\":\"BreadcrumbList\",\"@id\":\"https:\/\/www.foxy.eu\/fr\/le-monde-foxy\/#breadcrumb\",\"itemListElement\":[{\"@type\":\"ListItem\",\"position\":1,\"name\":\"Home\",\"item\":\"https:\/\/www.foxy.eu\/fr\/\"},{\"@type\":\"ListItem\",\"position\":2,\"name\":\"Le monde Foxy\"}]},{\"@type\":\"WebSite\",\"@id\":\"https:\/\/www.foxy.eu\/#website\",\"url\":\"https:\/\/www.foxy.eu\/\",\"name\":\"Foxy\",\"description\":\"Un nuovo sito targato WordPress\",\"publisher\":{\"@id\":\"https:\/\/www.foxy.eu\/#organization\"},\"alternateName\":\"Scopri tutta la gamma di prodotti e iniziative Foxy. Abbiamo pensato a un mondo su misura per te.\",\"potentialAction\":[{\"@type\":\"SearchAction\",\"target\":{\"@type\":\"EntryPoint\",\"urlTemplate\":\"https:\/\/www.foxy.eu\/?s={search_term_string}\"},\"query-input\":\"required name=search_term_string\"}],\"inLanguage\":\"fr-FR\"},{\"@type\":\"Organization\",\"@id\":\"https:\/\/www.foxy.eu\/#organization\",\"name\":\"Foxy | Sempre vicina a te!\",\"alternateName\":\"Scopri tutta la gamma di prodotti e iniziative Foxy. Abbiamo pensato a un mondo su misura per te.\",\"url\":\"https:\/\/www.foxy.eu\/\",\"logo\":{\"@type\":\"ImageObject\",\"inLanguage\":\"fr-FR\",\"@id\":\"https:\/\/www.foxy.eu\/#\/schema\/logo\/image\/\",\"url\":\"https:\/\/enkaz3824io.exactdn.com\/wp-content\/uploads\/2020\/07\/hp_big_logo@2x.png?strip=all&lossy=1&ssl=1\",\"contentUrl\":\"https:\/\/enkaz3824io.exactdn.com\/wp-content\/uploads\/2020\/07\/hp_big_logo@2x.png?strip=all&lossy=1&ssl=1\",\"width\":518,\"height\":366,\"caption\":\"Foxy | Sempre vicina a te!\"},\"image\":{\"@id\":\"https:\/\/www.foxy.eu\/#\/schema\/logo\/image\/\"},\"sameAs\":[\"https:\/\/www.instagram.com\/foxy\/\",\"https:\/\/www.youtube.com\/channel\/UCpCfvrNg7u0O0jSeH9B9ygA\",\"https:\/\/www.facebook.com\/Foxy.Italia\"]}]}<\/script>\n<!-- \/ Yoast SEO plugin. -->","yoast_head_json":{"title":"Le monde Foxy - Foxy","robots":{"index":"index","follow":"follow","max-snippet":"max-snippet:-1","max-image-preview":"max-image-preview:large","max-video-preview":"max-video-preview:-1"},"canonical":"https:\/\/www.foxy.eu\/fr\/le-monde-foxy\/","og_locale":"fr_FR","og_type":"article","og_title":"Le monde Foxy - Foxy","og_description":"[vc_row el_class=\u00a0\u00bbh1-w-padding\u00a0\u00bb][vc_column][vc_column_text] Le monde Foxy [\/vc_column_text][\/vc_column][\/vc_row][vc_row full_width=\u00a0\u00bbstretch_row\u00a0\u00bb el_class=\u00a0\u00bbfascia-sottopagina\u00a0\u00bb css=\u00a0\u00bb.vc_custom_1658400021861{background-image: url(https:\/\/www.foxy.eu\/wp-content\/uploads\/2022\/07\/cover_foxy_in_tv_new.jpg?id=8620) !important;}\u00a0\u00bb][vc_column width=\u00a0\u00bb2\/3&Prime; offset=\u00a0\u00bbvc_col-lg-offset-4 vc_col-lg-4 vc_col-md-offset-3 vc_col-md-6 vc_col-sm-offset-2&Prime;][vc_column_text] Foxy \u00e0 la t\u00e9l\u00e9vision [\/vc_column_text][vc_column_text]D\u00e8s 1986, la publicit\u00e9 a fait entrer Foxy et...","og_url":"https:\/\/www.foxy.eu\/fr\/le-monde-foxy\/","og_site_name":"Foxy","article_publisher":"https:\/\/www.facebook.com\/Foxy.Italia","article_modified_time":"2023-11-22T16:12:38+00:00","twitter_card":"summary_large_image","twitter_misc":{"Est. reading time":"1 minute"},"schema":{"@context":"https:\/\/schema.org","@graph":[{"@type":"WebPage","@id":"https:\/\/www.foxy.eu\/fr\/le-monde-foxy\/","url":"https:\/\/www.foxy.eu\/fr\/le-monde-foxy\/","name":"Le monde Foxy - Foxy","isPartOf":{"@id":"https:\/\/www.foxy.eu\/#website"},"datePublished":"2020-07-31T12:21:07+00:00","dateModified":"2023-11-22T16:12:38+00:00","breadcrumb":{"@id":"https:\/\/www.foxy.eu\/fr\/le-monde-foxy\/#breadcrumb"},"inLanguage":"fr-FR","potentialAction":[{"@type":"ReadAction","target":["https:\/\/www.foxy.eu\/fr\/le-monde-foxy\/"]}]},{"@type":"BreadcrumbList","@id":"https:\/\/www.foxy.eu\/fr\/le-monde-foxy\/#breadcrumb","itemListElement":[{"@type":"ListItem","position":1,"name":"Home","item":"https:\/\/www.foxy.eu\/fr\/"},{"@type":"ListItem","position":2,"name":"Le monde Foxy"}]},{"@type":"WebSite","@id":"https:\/\/www.foxy.eu\/#website","url":"https:\/\/www.foxy.eu\/","name":"Foxy","description":"Un nuovo sito targato WordPress","publisher":{"@id":"https:\/\/www.foxy.eu\/#organization"},"alternateName":"Scopri tutta la gamma di prodotti e iniziative Foxy. Abbiamo pensato a un mondo su misura per te.","potentialAction":[{"@type":"SearchAction","target":{"@type":"EntryPoint","urlTemplate":"https:\/\/www.foxy.eu\/?s={search_term_string}"},"query-input":"required name=search_term_string"}],"inLanguage":"fr-FR"},{"@type":"Organization","@id":"https:\/\/www.foxy.eu\/#organization","name":"Foxy | Sempre vicina a te!","alternateName":"Scopri tutta la gamma di prodotti e iniziative Foxy. Abbiamo pensato a un mondo su misura per te.","url":"https:\/\/www.foxy.eu\/","logo":{"@type":"ImageObject","inLanguage":"fr-FR","@id":"https:\/\/www.foxy.eu\/#\/schema\/logo\/image\/","url":"https:\/\/enkaz3824io.exactdn.com\/wp-content\/uploads\/2020\/07\/hp_big_logo@2x.png?strip=all&lossy=1&ssl=1","contentUrl":"https:\/\/enkaz3824io.exactdn.com\/wp-content\/uploads\/2020\/07\/hp_big_logo@2x.png?strip=all&lossy=1&ssl=1","width":518,"height":366,"caption":"Foxy | Sempre vicina a te!"},"image":{"@id":"https:\/\/www.foxy.eu\/#\/schema\/logo\/image\/"},"sameAs":["https:\/\/www.instagram.com\/foxy\/","https:\/\/www.youtube.com\/channel\/UCpCfvrNg7u0O0jSeH9B9ygA","https:\/\/www.facebook.com\/Foxy.Italia"]}]}},"_links":{"self":[{"href":"https:\/\/www.foxy.eu\/fr\/wp-json\/wp\/v2\/pages\/8698"}],"collection":[{"href":"https:\/\/www.foxy.eu\/fr\/wp-json\/wp\/v2\/pages"}],"about":[{"href":"https:\/\/www.foxy.eu\/fr\/wp-json\/wp\/v2\/types\/page"}],"author":[{"embeddable":true,"href":"https:\/\/www.foxy.eu\/fr\/wp-json\/wp\/v2\/users\/1"}],"replies":[{"embeddable":true,"href":"https:\/\/www.foxy.eu\/fr\/wp-json\/wp\/v2\/comments?post=8698"}],"version-history":[{"count":18,"href":"https:\/\/www.foxy.eu\/fr\/wp-json\/wp\/v2\/pages\/8698\/revisions"}],"predecessor-version":[{"id":14307,"href":"https:\/\/www.foxy.eu\/fr\/wp-json\/wp\/v2\/pages\/8698\/revisions\/14307"}],"wp:attachment":[{"href":"https:\/\/www.foxy.eu\/fr\/wp-json\/wp\/v2\/media?parent=8698"}],"wp:term":[{"taxonomy":"category","embeddable":true,"href":"https:\/\/www.foxy.eu\/fr\/wp-json\/wp\/v2\/categories?post=8698"},{"taxonomy":"post_tag","embeddable":true,"href":"https:\/\/www.foxy.eu\/fr\/wp-json\/wp\/v2\/tags?post=8698"}],"curies":[{"name":"wp","href":"https:\/\/api.w.org\/{rel}","templated":true}]}}