
{"id":8192,"date":"2020-09-17T12:24:36","date_gmt":"2020-09-17T10:24:36","guid":{"rendered":"https:\/\/www.foxy.eu\/widget-faq-fazzoletti-in-scatola\/"},"modified":"2022-10-07T14:43:44","modified_gmt":"2022-10-07T12:43:44","slug":"widget-faq-mouchoirs-en-boite","status":"publish","type":"page","link":"https:\/\/www.foxy.eu\/fr\/widget-faq-mouchoirs-en-boite\/","title":{"rendered":"Widget Faq Mouchoirs en bo\u00eete"},"content":{"rendered":"<p>[vc_row el_id=\u00a0\u00bbfaq_fazzoletti_scatola\u00a0\u00bb][vc_column width=\u00a0\u00bb2\/3&Prime; offset=\u00a0\u00bbvc_col-lg-offset-2 vc_col-md-offset-2&Prime;][vc_column_text el_class=\u00a0\u00bbtitle_category_faq\u00a0\u00bb]Mouchoirs en bo\u00eete[\/vc_column_text][vc_row_inner el_class=\u00a0\u00bbfaq_evidenza\u00a0\u00bb][vc_column_inner width=\u00a0\u00bb2\/2&Prime;][vc_column_text el_class=\u00a0\u00bbfaq_evidenza_title\u00a0\u00bb]<img decoding=\"async\" class=\"alignnone size-full wp-image-1077\" src=\"https:\/\/enkaz3824io.exactdn.com\/wp-content\/uploads\/2020\/09\/faq_evidenza@2x.png?strip=all&lossy=1&resize=63%2C63&ssl=1\" alt=\"\" width=\"63\" height=\"63\" \/> En \u00e9vidence[\/vc_column_text][\/vc_column_inner][vc_column_inner width=\u00a0\u00bb1\/2&Prime;][vc_column_text el_class=\u00a0\u00bbfaq_evidenza_domanda\u00a0\u00bb]Puis-je utiliser les mouchoirs \u00e0 la place du papier toilette ?[\/vc_column_text][\/vc_column_inner][vc_column_inner width=\u00a0\u00bb1\/2&Prime;][vc_column_text el_class=\u00a0\u00bbfaq_evidenza_risposta\u00a0\u00bb]Il est vivement d\u00e9conseill\u00e9 d\u2019utiliser des mouchoirs \u00e0 la place du papier toilette : seul le papier toilette peut \u00eatre jet\u00e9 sans risque d\u2019obstructions dans les toilettes ; il est en effet con\u00e7u et test\u00e9 pour se dissoudre rapidement en contact avec l\u2019eau.<br \/>\nAu contraire, les mouchoirs Foxy sont d\u00e9velopp\u00e9s pour leurs hautes capacit\u00e9s de r\u00e9sistance, m\u00eame humide. L\u2019utillisation de mouchoirs dans vos toilettes pourrait boucher vos canalisations.<br \/>\n[\/vc_column_text][\/vc_column_inner][\/vc_row_inner][vc_row_inner el_class=\u00a0\u00bblista-faq\u00a0\u00bb][vc_column_inner][vc_toggle title=\u00a0\u00bbQuel type de cellulose est utilis\u00e9 pour la production des mouchoirs Foxy?\u00a0\u00bb]Toutes les r\u00e9f\u00e9rences Foxy sont produites avec 100% de pure cellulose vierge provenant de for\u00eats certifi\u00e9es et de sources contr\u00f4l\u00e9es.<br \/>\nTous nos mouchoirs en bo\u00eete Foxy sont produits avec de la cellulose pure provenant de for\u00eats certifi\u00e9es FSC\u00ae. FSC\u00ae (Forest Stewardship Council) est une organisation internationale non gouvernementale \u00e0 but non lucratif qui promeut dans le monde entier une gestion responsable des for\u00eats.<br \/>\nPour en savoir plus, consultez la section D\u00e9veloppement Durable et Certifications.<br \/>\n[\/vc_toggle][vc_toggle title=\u00a0\u00bbComment puis-je \u00e9liminer les bo\u00eetes des mouchoirs Foxy?\u00a0\u00bb]Toutes les bo\u00eetes des mouchoirs Foxy peuvent \u00eatre jet\u00e9s avec le papier.<br \/>\nIl est recommand\u00e9 de consulter le r\u00e8glement de votre commune de r\u00e9sidence et le site www.triercestdonner.fr .[\/vc_toggle][vc_toggle title=\u00a0\u00bbLe papier des produits Foxy est-il blanchi?\u00a0\u00bb]Le papier de nos produits est fabriqu\u00e9 \u00e0 partir de fibres vierges trait\u00e9es par les fournisseurs selon un proc\u00e9d\u00e9 de blanchiment qui ne n\u00e9cessite pas de chlore \u00e9l\u00e9mentaire.<br \/>\nEn outre, toutes les celluloses utilis\u00e9es sont certifi\u00e9es conform\u00e9ment aux principales normes relatives \u00e0 l\u2019origine foresti\u00e8re et \u00e0 leur gestion responsable<br \/>\n[\/vc_toggle][vc_toggle title=\u00a0\u00bbPuis-je utiliser les mouchoirs \u00e0 la place du papier toilette?\u00a0\u00bb]Il est vivement d\u00e9conseill\u00e9 d\u2019utiliser des mouchoirs \u00e0 la place du papier toilette : seul le papier toilette peut \u00eatre jet\u00e9 sans risque d\u2019obstructions dans les toilettes ; il est en effet con\u00e7u et test\u00e9 pour se dissoudre rapidement en contact avec l\u2019eau.<br \/>\nAu contraire, les mouchoirs Foxy sont d\u00e9velopp\u00e9s pour leurs hautes capacit\u00e9s de r\u00e9sistance, m\u00eame humide. L\u2019utillisation de mouchoirs dans vos toilettes pourrait boucher vos canalisations.<br \/>\n[\/vc_toggle][vc_toggle title=\u00a0\u00bbO\u00f9 puis-je jeter les mouchoirs apr\u00e8s les avoir utilis\u00e9s?\u00a0\u00bb]Les mouchoirs usag\u00e9s peuvent ensuite \u00eatre jet\u00e9s dans les d\u00e9chets organiques.<br \/>\nIl est recommand\u00e9 de consulter le r\u00e8glement de votre commune de r\u00e9sidence et le site www.triercestdonner.fr .<br \/>\nIl est recommand\u00e9 par le Minist\u00e8re des Solidarit\u00e9s et de la Sant\u00e9 (https:\/\/solidarites-sante.gouv.fr\/prevention-en-sante\/preserver-sa-sante\/pour-un-hiver-sans-virus\/article\/geste-3-se-moucher-dans-un-mouchoir-a-usage-unique) d\u2019utiliser un mouchoir en papier \u00e0 usage unique pour \u00e9viter la propagation des virus : une fois jet\u00e9, le mouchoir en papier emporte tous les microbes avec lui.<br \/>\n[\/vc_toggle][vc_toggle title=\u00a0\u00bbPuis-je utiliser les mouchoirs Foxy lorsque je me maquille?\u00a0\u00bb]Les mouchoirs en bo\u00eete Foxy sont les alli\u00e9s id\u00e9aux pour votre routine de beaut\u00e9 quotidienne, \u00e0 la maison et \u00e0 l\u2019ext\u00e9rieur :<br \/>\nVous \u00eates press\u00e9e ? Ne faites pas l\u2019impasse sur votre cr\u00e8me hydratante : apr\u00e8s l\u2019avoir appliqu\u00e9e, il vous suffira d\u2019enlever l\u2019exc\u00e8s d\u2019huile en tamponnant doucement avec un mouchoir Foxy, cela s\u00e8chera en un instant.<br \/>\nMaquillage Smokey-eye ? Posez un mouchoir Foxy sous vos yeux pendant que vous appliquez le fard \u00e0 paupi\u00e8res, les r\u00e9sidus tomberont sur le mouchoir et vous \u00e9viterez ainsi de vous salir.<br \/>\nRouge \u00e0 l\u00e8vres longue dur\u00e9e ? Appliquez votre de rouge \u00e0 l\u00e8vres, mettez un mouchoir Foxy par dessus et passez un pinceau \u00e0 poudre sur le mouchoir ; longue dur\u00e9e assur\u00e9e.<br \/>\nVotre mascara a coul\u00e9 ? Prenez un mouchoir Foxy pour effacer en douceur les train\u00e9es disgr\u00e2cieuses.<br \/>\nFatigu\u00e9e du maquillage ? Versez un peu d\u2019eau micellaire ou de votre nettoyant pr\u00e9f\u00e9r\u00e9 sur un mouchoir Foxy pour vous d\u00e9maquiller.<br \/>\n[\/vc_toggle][vc_toggle title=\u00a0\u00bbPuis-je utiliser les mouchoirs en bo\u00eete Foxy en contact avec les aliments?\u00a0\u00bb]Tous les mouchoirs en bo\u00eete Foxy sont test\u00e9s pour garantir l\u2019aptitude au contact avec les aliments. En dehors de la maison, ils sont parfaits pour s\u00e9cher les fruits et l\u00e9gumes \u00e0 d\u00e9guster comme collation ou \u00e0 utiliser comme napperon pour le d\u00e9jeuner au bureau.<br \/>\n[\/vc_toggle][vc_toggle title=\u00a0\u00bbQue signifie la mention \u00ab\u00a0Test\u00e9 Cliniquement\u00ab\u00a0 sur les bo\u00eetes de mouchoirs Foxy?\u00a0\u00bb]La pr\u00e9sence de l\u2019ic\u00f4ne \u00ab\u00a0Test\u00e9 Cliniquement\u00a0\u00bb sur les emballages de bo\u00eetes de mouchoirs Foxy indique que des tests rigoureux ont \u00e9t\u00e9 men\u00e9s dans des laboratoires qualifi\u00e9s, qui garantissent l\u2019aptitude au contact avec tous les types de peau, pour une utilisation en toute s\u00e9curit\u00e9.[\/vc_toggle][vc_toggle title=\u00a0\u00bbPuis-je utiliser les mouchoirs en bo\u00eete pour changer les couches de mon b\u00e9b\u00e9?\u00a0\u00bb]Tous les mouchoirs en bo\u00eete Foxy sont cliniquement test\u00e9s : l\u2019aptitude au contact avec tous les types de peau, m\u00eame les peaux les plus sensibles comme celles des enfants, est garantie par des tests rigoureux men\u00e9s dans des laboratoires qualifi\u00e9s.[\/vc_toggle][\/vc_column_inner][\/vc_row_inner][\/vc_column][\/vc_row]<\/p>\n","protected":false},"excerpt":{"rendered":"<p>[vc_row el_id=\u00a0\u00bbfaq_fazzoletti_scatola\u00a0\u00bb][vc_column width=\u00a0\u00bb2\/3&Prime; offset=\u00a0\u00bbvc_col-lg-offset-2 vc_col-md-offset-2&Prime;][vc_column_text el_class=\u00a0\u00bbtitle_category_faq\u00a0\u00bb]Mouchoirs en bo\u00eete[\/vc_column_text][vc_row_inner el_class=\u00a0\u00bbfaq_evidenza\u00a0\u00bb][vc_column_inner width=\u00a0\u00bb2\/2&Prime;][vc_column_text el_class=\u00a0\u00bbfaq_evidenza_title\u00a0\u00bb] En \u00e9vidence[\/vc_column_text][\/vc_column_inner][vc_column_inner width=\u00a0\u00bb1\/2&Prime;][vc_column_text el_class=\u00a0\u00bbfaq_evidenza_domanda\u00a0\u00bb]Puis-je utiliser les mouchoirs \u00e0 la place du papier toilette ?[\/vc_column_text][\/vc_column_inner][vc_column_inner width=\u00a0\u00bb1\/2&Prime;][vc_column_text el_class=\u00a0\u00bbfaq_evidenza_risposta\u00a0\u00bb]Il est vivement d\u00e9conseill\u00e9&#8230;<\/p>\n","protected":false},"author":1,"featured_media":0,"parent":0,"menu_order":0,"comment_status":"closed","ping_status":"closed","template":"","meta":[],"categories":[],"tags":[],"yoast_head":"<!-- This site is optimized with the Yoast SEO plugin v19.14 - https:\/\/yoast.com\/wordpress\/plugins\/seo\/ -->\n<title>Widget Faq Mouchoirs en bo\u00eete - Foxy<\/title>\n<meta name=\"robots\" content=\"noindex, nofollow\" \/>\n<meta property=\"og:locale\" content=\"fr_FR\" \/>\n<meta property=\"og:type\" content=\"article\" \/>\n<meta property=\"og:title\" content=\"Widget Faq Mouchoirs en bo\u00eete - Foxy\" \/>\n<meta property=\"og:description\" content=\"[vc_row el_id=\u00a0\u00bbfaq_fazzoletti_scatola\u00a0\u00bb][vc_column width=\u00a0\u00bb2\/3&Prime; offset=\u00a0\u00bbvc_col-lg-offset-2 vc_col-md-offset-2&Prime;][vc_column_text el_class=\u00a0\u00bbtitle_category_faq\u00a0\u00bb]Mouchoirs en bo\u00eete[\/vc_column_text][vc_row_inner el_class=\u00a0\u00bbfaq_evidenza\u00a0\u00bb][vc_column_inner width=\u00a0\u00bb2\/2&Prime;][vc_column_text el_class=\u00a0\u00bbfaq_evidenza_title\u00a0\u00bb] En \u00e9vidence[\/vc_column_text][\/vc_column_inner][vc_column_inner width=\u00a0\u00bb1\/2&Prime;][vc_column_text el_class=\u00a0\u00bbfaq_evidenza_domanda\u00a0\u00bb]Puis-je utiliser les mouchoirs \u00e0 la place du papier toilette ?[\/vc_column_text][\/vc_column_inner][vc_column_inner width=\u00a0\u00bb1\/2&Prime;][vc_column_text el_class=\u00a0\u00bbfaq_evidenza_risposta\u00a0\u00bb]Il est vivement d\u00e9conseill\u00e9...\" \/>\n<meta property=\"og:url\" content=\"https:\/\/www.foxy.eu\/fr\/widget-faq-mouchoirs-en-boite\/\" \/>\n<meta property=\"og:site_name\" content=\"Foxy\" \/>\n<meta property=\"article:publisher\" content=\"https:\/\/www.facebook.com\/Foxy.Italia\" \/>\n<meta property=\"article:modified_time\" content=\"2022-10-07T12:43:44+00:00\" \/>\n<meta property=\"og:image\" content=\"https:\/\/www.foxy.eu\/wp-content\/uploads\/2020\/09\/faq_evidenza@2x.png\" \/>\n<meta name=\"twitter:card\" content=\"summary_large_image\" \/>\n<meta name=\"twitter:label1\" content=\"Est. reading time\" \/>\n\t<meta name=\"twitter:data1\" content=\"5 minutes\" \/>\n<script type=\"application\/ld+json\" class=\"yoast-schema-graph\">{\"@context\":\"https:\/\/schema.org\",\"@graph\":[{\"@type\":\"WebPage\",\"@id\":\"https:\/\/www.foxy.eu\/fr\/widget-faq-mouchoirs-en-boite\/\",\"url\":\"https:\/\/www.foxy.eu\/fr\/widget-faq-mouchoirs-en-boite\/\",\"name\":\"Widget Faq Mouchoirs en bo\u00eete - Foxy\",\"isPartOf\":{\"@id\":\"https:\/\/www.foxy.eu\/#website\"},\"datePublished\":\"2020-09-17T10:24:36+00:00\",\"dateModified\":\"2022-10-07T12:43:44+00:00\",\"breadcrumb\":{\"@id\":\"https:\/\/www.foxy.eu\/fr\/widget-faq-mouchoirs-en-boite\/#breadcrumb\"},\"inLanguage\":\"fr-FR\",\"potentialAction\":[{\"@type\":\"ReadAction\",\"target\":[\"https:\/\/www.foxy.eu\/fr\/widget-faq-mouchoirs-en-boite\/\"]}]},{\"@type\":\"BreadcrumbList\",\"@id\":\"https:\/\/www.foxy.eu\/fr\/widget-faq-mouchoirs-en-boite\/#breadcrumb\",\"itemListElement\":[{\"@type\":\"ListItem\",\"position\":1,\"name\":\"Home\",\"item\":\"https:\/\/www.foxy.eu\/fr\/\"},{\"@type\":\"ListItem\",\"position\":2,\"name\":\"Widget Faq Mouchoirs en bo\u00eete\"}]},{\"@type\":\"WebSite\",\"@id\":\"https:\/\/www.foxy.eu\/#website\",\"url\":\"https:\/\/www.foxy.eu\/\",\"name\":\"Foxy\",\"description\":\"Un nuovo sito targato WordPress\",\"publisher\":{\"@id\":\"https:\/\/www.foxy.eu\/#organization\"},\"alternateName\":\"Scopri tutta la gamma di prodotti e iniziative Foxy. Abbiamo pensato a un mondo su misura per te.\",\"potentialAction\":[{\"@type\":\"SearchAction\",\"target\":{\"@type\":\"EntryPoint\",\"urlTemplate\":\"https:\/\/www.foxy.eu\/?s={search_term_string}\"},\"query-input\":\"required name=search_term_string\"}],\"inLanguage\":\"fr-FR\"},{\"@type\":\"Organization\",\"@id\":\"https:\/\/www.foxy.eu\/#organization\",\"name\":\"Foxy | Sempre vicina a te!\",\"alternateName\":\"Scopri tutta la gamma di prodotti e iniziative Foxy. Abbiamo pensato a un mondo su misura per te.\",\"url\":\"https:\/\/www.foxy.eu\/\",\"logo\":{\"@type\":\"ImageObject\",\"inLanguage\":\"fr-FR\",\"@id\":\"https:\/\/www.foxy.eu\/#\/schema\/logo\/image\/\",\"url\":\"https:\/\/enkaz3824io.exactdn.com\/wp-content\/uploads\/2020\/07\/hp_big_logo@2x.png?strip=all&lossy=1&ssl=1\",\"contentUrl\":\"https:\/\/enkaz3824io.exactdn.com\/wp-content\/uploads\/2020\/07\/hp_big_logo@2x.png?strip=all&lossy=1&ssl=1\",\"width\":518,\"height\":366,\"caption\":\"Foxy | Sempre vicina a te!\"},\"image\":{\"@id\":\"https:\/\/www.foxy.eu\/#\/schema\/logo\/image\/\"},\"sameAs\":[\"https:\/\/www.instagram.com\/foxy\/\",\"https:\/\/www.youtube.com\/channel\/UCpCfvrNg7u0O0jSeH9B9ygA\",\"https:\/\/www.facebook.com\/Foxy.Italia\"]}]}<\/script>\n<!-- \/ Yoast SEO plugin. -->","yoast_head_json":{"title":"Widget Faq Mouchoirs en bo\u00eete - Foxy","robots":{"index":"noindex","follow":"nofollow"},"og_locale":"fr_FR","og_type":"article","og_title":"Widget Faq Mouchoirs en bo\u00eete - Foxy","og_description":"[vc_row el_id=\u00a0\u00bbfaq_fazzoletti_scatola\u00a0\u00bb][vc_column width=\u00a0\u00bb2\/3&Prime; offset=\u00a0\u00bbvc_col-lg-offset-2 vc_col-md-offset-2&Prime;][vc_column_text el_class=\u00a0\u00bbtitle_category_faq\u00a0\u00bb]Mouchoirs en bo\u00eete[\/vc_column_text][vc_row_inner el_class=\u00a0\u00bbfaq_evidenza\u00a0\u00bb][vc_column_inner width=\u00a0\u00bb2\/2&Prime;][vc_column_text el_class=\u00a0\u00bbfaq_evidenza_title\u00a0\u00bb] En \u00e9vidence[\/vc_column_text][\/vc_column_inner][vc_column_inner width=\u00a0\u00bb1\/2&Prime;][vc_column_text el_class=\u00a0\u00bbfaq_evidenza_domanda\u00a0\u00bb]Puis-je utiliser les mouchoirs \u00e0 la place du papier toilette ?[\/vc_column_text][\/vc_column_inner][vc_column_inner width=\u00a0\u00bb1\/2&Prime;][vc_column_text el_class=\u00a0\u00bbfaq_evidenza_risposta\u00a0\u00bb]Il est vivement d\u00e9conseill\u00e9...","og_url":"https:\/\/www.foxy.eu\/fr\/widget-faq-mouchoirs-en-boite\/","og_site_name":"Foxy","article_publisher":"https:\/\/www.facebook.com\/Foxy.Italia","article_modified_time":"2022-10-07T12:43:44+00:00","og_image":[{"url":"https:\/\/www.foxy.eu\/wp-content\/uploads\/2020\/09\/faq_evidenza@2x.png"}],"twitter_card":"summary_large_image","twitter_misc":{"Est. reading time":"5 minutes"},"schema":{"@context":"https:\/\/schema.org","@graph":[{"@type":"WebPage","@id":"https:\/\/www.foxy.eu\/fr\/widget-faq-mouchoirs-en-boite\/","url":"https:\/\/www.foxy.eu\/fr\/widget-faq-mouchoirs-en-boite\/","name":"Widget Faq Mouchoirs en bo\u00eete - Foxy","isPartOf":{"@id":"https:\/\/www.foxy.eu\/#website"},"datePublished":"2020-09-17T10:24:36+00:00","dateModified":"2022-10-07T12:43:44+00:00","breadcrumb":{"@id":"https:\/\/www.foxy.eu\/fr\/widget-faq-mouchoirs-en-boite\/#breadcrumb"},"inLanguage":"fr-FR","potentialAction":[{"@type":"ReadAction","target":["https:\/\/www.foxy.eu\/fr\/widget-faq-mouchoirs-en-boite\/"]}]},{"@type":"BreadcrumbList","@id":"https:\/\/www.foxy.eu\/fr\/widget-faq-mouchoirs-en-boite\/#breadcrumb","itemListElement":[{"@type":"ListItem","position":1,"name":"Home","item":"https:\/\/www.foxy.eu\/fr\/"},{"@type":"ListItem","position":2,"name":"Widget Faq Mouchoirs en bo\u00eete"}]},{"@type":"WebSite","@id":"https:\/\/www.foxy.eu\/#website","url":"https:\/\/www.foxy.eu\/","name":"Foxy","description":"Un nuovo sito targato WordPress","publisher":{"@id":"https:\/\/www.foxy.eu\/#organization"},"alternateName":"Scopri tutta la gamma di prodotti e iniziative Foxy. Abbiamo pensato a un mondo su misura per te.","potentialAction":[{"@type":"SearchAction","target":{"@type":"EntryPoint","urlTemplate":"https:\/\/www.foxy.eu\/?s={search_term_string}"},"query-input":"required name=search_term_string"}],"inLanguage":"fr-FR"},{"@type":"Organization","@id":"https:\/\/www.foxy.eu\/#organization","name":"Foxy | Sempre vicina a te!","alternateName":"Scopri tutta la gamma di prodotti e iniziative Foxy. Abbiamo pensato a un mondo su misura per te.","url":"https:\/\/www.foxy.eu\/","logo":{"@type":"ImageObject","inLanguage":"fr-FR","@id":"https:\/\/www.foxy.eu\/#\/schema\/logo\/image\/","url":"https:\/\/enkaz3824io.exactdn.com\/wp-content\/uploads\/2020\/07\/hp_big_logo@2x.png?strip=all&lossy=1&ssl=1","contentUrl":"https:\/\/enkaz3824io.exactdn.com\/wp-content\/uploads\/2020\/07\/hp_big_logo@2x.png?strip=all&lossy=1&ssl=1","width":518,"height":366,"caption":"Foxy | Sempre vicina a te!"},"image":{"@id":"https:\/\/www.foxy.eu\/#\/schema\/logo\/image\/"},"sameAs":["https:\/\/www.instagram.com\/foxy\/","https:\/\/www.youtube.com\/channel\/UCpCfvrNg7u0O0jSeH9B9ygA","https:\/\/www.facebook.com\/Foxy.Italia"]}]}},"_links":{"self":[{"href":"https:\/\/www.foxy.eu\/fr\/wp-json\/wp\/v2\/pages\/8192"}],"collection":[{"href":"https:\/\/www.foxy.eu\/fr\/wp-json\/wp\/v2\/pages"}],"about":[{"href":"https:\/\/www.foxy.eu\/fr\/wp-json\/wp\/v2\/types\/page"}],"author":[{"embeddable":true,"href":"https:\/\/www.foxy.eu\/fr\/wp-json\/wp\/v2\/users\/1"}],"replies":[{"embeddable":true,"href":"https:\/\/www.foxy.eu\/fr\/wp-json\/wp\/v2\/comments?post=8192"}],"version-history":[{"count":8,"href":"https:\/\/www.foxy.eu\/fr\/wp-json\/wp\/v2\/pages\/8192\/revisions"}],"predecessor-version":[{"id":11103,"href":"https:\/\/www.foxy.eu\/fr\/wp-json\/wp\/v2\/pages\/8192\/revisions\/11103"}],"wp:attachment":[{"href":"https:\/\/www.foxy.eu\/fr\/wp-json\/wp\/v2\/media?parent=8192"}],"wp:term":[{"taxonomy":"category","embeddable":true,"href":"https:\/\/www.foxy.eu\/fr\/wp-json\/wp\/v2\/categories?post=8192"},{"taxonomy":"post_tag","embeddable":true,"href":"https:\/\/www.foxy.eu\/fr\/wp-json\/wp\/v2\/tags?post=8192"}],"curies":[{"name":"wp","href":"https:\/\/api.w.org\/{rel}","templated":true}]}}