
{"id":8180,"date":"2020-09-17T10:39:10","date_gmt":"2020-09-17T08:39:10","guid":{"rendered":"https:\/\/www.foxy.eu\/widget-faq-carta-igienica\/"},"modified":"2022-10-10T10:10:12","modified_gmt":"2022-10-10T08:10:12","slug":"widget-faq-papier-toilette","status":"publish","type":"page","link":"https:\/\/www.foxy.eu\/fr\/widget-faq-papier-toilette\/","title":{"rendered":"Widget Faq Papier Toilette"},"content":{"rendered":"<p>[vc_row el_id=\u00a0\u00bbfaq_carta_igienica\u00a0\u00bb][vc_column width=\u00a0\u00bb2\/3&Prime; offset=\u00a0\u00bbvc_col-lg-offset-2 vc_col-md-offset-2&Prime;][vc_column_text el_class=\u00a0\u00bbtitle_category_faq\u00a0\u00bb]Papier Toilette[\/vc_column_text][vc_row_inner el_class=\u00a0\u00bbfaq_evidenza\u00a0\u00bb][vc_column_inner width=\u00a0\u00bb2\/2&Prime;][vc_column_text el_class=\u00a0\u00bbfaq_evidenza_title\u00a0\u00bb]<img decoding=\"async\" class=\"alignnone size-full wp-image-1077\" src=\"https:\/\/enkaz3824io.exactdn.com\/wp-content\/uploads\/2020\/09\/faq_evidenza@2x.png?strip=all&lossy=1&resize=63%2C63&ssl=1\" alt=\"\" width=\"63\" height=\"63\" \/> En \u00e9vidence[\/vc_column_text][\/vc_column_inner][vc_column_inner width=\u00a0\u00bb1\/2&Prime;][vc_column_text el_class=\u00a0\u00bbfaq_evidenza_domanda\u00a0\u00bb]Que signifie la mention \u00ab\u00a0Test\u00e9 Cliniquement\u00a0\u00bb sur les emballages de papier hygi\u00e9nique Foxy ?[\/vc_column_text][\/vc_column_inner][vc_column_inner width=\u00a0\u00bb1\/2&Prime;][vc_column_text el_class=\u00a0\u00bbfaq_evidenza_risposta\u00a0\u00bb]La pr\u00e9sence de l\u2019ic\u00f4ne <strong>\u00ab\u00a0Test\u00e9 Cliniquement\u00a0\u00bb<\/strong> sur les emballages de papier hygi\u00e9nique Foxy indique que des tests rigoureux ont \u00e9t\u00e9 men\u00e9s dans des laboratoires qualifi\u00e9s, qui garantissent l\u2019aptitude au contact avec tous les types de peau, pour une utilisation en toute s\u00e9curit\u00e9.[\/vc_column_text][\/vc_column_inner][\/vc_row_inner][vc_row_inner el_class=\u00a0\u00bblista-faq\u00a0\u00bb][vc_column_inner][vc_toggle title=\u00a0\u00bbQuel type de cellulose est utilis\u00e9 pour la production des papiers hygi\u00e9niques Foxy?\u00a0\u00bb]Toutes les r\u00e9f\u00e9rences Foxy sont produites avec 100% de pure cellulose vierge provenant de for\u00eats certifi\u00e9es et de sources contr\u00f4l\u00e9es.<br \/>\nFoxy Soie, Soie Plus, Grande Soie et Cotton sont produites avec de la cellulose pure provenant de for\u00eats certifi\u00e9es FSC\u00ae. FSC\u00ae (Forest Stewardship Council) est une organisation internationale non gouvernementale \u00e0 but non lucratif qui promeut dans le monde entier une gestion responsable des for\u00eats.<br \/>\nFoxy Mega et Foxy Supersoft sont produites avec de la cellulose pure provenant de for\u00eats certifi\u00e9es PEFC\u00ae. PEFC\u00ae (Programme for Endorsement of Forest Certification schemes) est une association internationale sans but lucratif qui promeut et g\u00e8re un syst\u00e8me de certification pour la gestion durable des for\u00eats.<br \/>\nPour en savoir plus, consultez la section Durabilit\u00e9 et Certifications.[\/vc_toggle][vc_toggle title=\u00a0\u00bbComment puis-je \u00e9liminer les emballages des papiers hygi\u00e9niques Foxy?\u00a0\u00bb]Tous les emballages de papier hygi\u00e9nique Foxy sont 100% recyclables et peuvent \u00eatre jet\u00e9s dans les poubelles de tri.<br \/>\nIl est recommand\u00e9 de consulter le r\u00e8glement de votre commune de r\u00e9sidence et le site www.triercestdonner.fr.[\/vc_toggle][vc_toggle title=\u00a0\u00bbLe papier des produits Foxy est-il blanchi?\u00a0\u00bb]Le papier de nos produits est fabriqu\u00e9 \u00e0 partir de fibres vierges trait\u00e9es par les fournisseurs selon un proc\u00e9d\u00e9 de blanchiment qui ne n\u00e9cessite pas de chlore \u00e9l\u00e9mentaire.<br \/>\nEn outre, toutes les celluloses utilis\u00e9es sont certifi\u00e9es conform\u00e9ment aux principales normes relatives \u00e0 l\u2019origine foresti\u00e8re et \u00e0 leur gestion responsable.[\/vc_toggle][vc_toggle title=\u00a0\u00bbLes mandrins de nos rouleaux de papier hygi\u00e9nique (les tubes en carton) sont-ils fabriqu\u00e9s \u00e0 partir de cellulose vierge ou de carton recycl\u00e9 ?\u00a0\u00bb]Les mandrins des rouleaux de papier hygi\u00e9nique Foxy sont fabriqu\u00e9s \u00e0 partir de papier recycl\u00e9.<br \/>\nUne fois le rouleau de papier hygi\u00e9nique fini, il est possible de jeter les mandrins dans une poublelle de tri d\u00e9di\u00e9e au papier.<br \/>\nIl est recommand\u00e9 de consulter le r\u00e8glement de votre commune de r\u00e9sidence et le site www.triercestdonner.fr.[\/vc_toggle][vc_toggle title=\u00a0\u00bbDes tests ont-ils \u00e9t\u00e9 effectu\u00e9s sur des animaux au cours du d\u00e9veloppement des produits Foxy ?\u00a0\u00bb]Aucun essai n\u2019a \u00e9t\u00e9 effectu\u00e9 sur des animaux dans le d\u00e9veloppement des produits Foxy.[\/vc_toggle][vc_toggle title=\u00a0\u00bbComment le parfum est-il appliqu\u00e9 aux papiers hygi\u00e9niques Foxy Soie et Soie Plus ?\u00a0\u00bb]Le parfum est appliqu\u00e9 sur le mandrin du rouleau (tube en carton), \u00e9vitant ainsi un contact direct entre le parfum et les parties intimes. En outre, les parfums utilis\u00e9s sont exempts d\u2019allerg\u00e8nes, conform\u00e9ment aux r\u00e9glementations en vigueur.[\/vc_toggle][vc_toggle title=\u00a0\u00bbCombien de temps met le papier hygi\u00e9nique Foxy \u00e0 \u00eatre \u00e9limin\u00e9 \/ \u00e0 se d\u00e9liter une fois jet\u00e9 dans les toilettes?\u00a0\u00bb]En raison de son usage, le papier hygi\u00e9nique Foxy est sp\u00e9cifiquement produit de telle sorte qu\u2019il se dissout dans l\u2019eau en moins de 30 secondes (entre 5 et 10 secondes en moyenne).<br \/>\nLes papiers hygi\u00e9niques Foxy sont \u00e9galement adapt\u00e9es aux WC mobiles (camping-cars, bateaux &#8230;) ne cr\u00e9ant pas d\u2019embouteillages ou d\u2019obstruction aux \u00e9gouts.[\/vc_toggle][\/vc_column_inner][\/vc_row_inner][\/vc_column][\/vc_row]<\/p>\n","protected":false},"excerpt":{"rendered":"<p>[vc_row el_id=\u00a0\u00bbfaq_carta_igienica\u00a0\u00bb][vc_column width=\u00a0\u00bb2\/3&Prime; offset=\u00a0\u00bbvc_col-lg-offset-2 vc_col-md-offset-2&Prime;][vc_column_text el_class=\u00a0\u00bbtitle_category_faq\u00a0\u00bb]Papier Toilette[\/vc_column_text][vc_row_inner el_class=\u00a0\u00bbfaq_evidenza\u00a0\u00bb][vc_column_inner width=\u00a0\u00bb2\/2&Prime;][vc_column_text el_class=\u00a0\u00bbfaq_evidenza_title\u00a0\u00bb] En \u00e9vidence[\/vc_column_text][\/vc_column_inner][vc_column_inner width=\u00a0\u00bb1\/2&Prime;][vc_column_text el_class=\u00a0\u00bbfaq_evidenza_domanda\u00a0\u00bb]Que signifie la mention \u00ab\u00a0Test\u00e9 Cliniquement\u00a0\u00bb sur les emballages de papier hygi\u00e9nique Foxy ?[\/vc_column_text][\/vc_column_inner][vc_column_inner width=\u00a0\u00bb1\/2&Prime;][vc_column_text el_class=\u00a0\u00bbfaq_evidenza_risposta\u00a0\u00bb]La pr\u00e9sence&#8230;<\/p>\n","protected":false},"author":1,"featured_media":0,"parent":0,"menu_order":0,"comment_status":"closed","ping_status":"closed","template":"","meta":[],"categories":[],"tags":[],"yoast_head":"<!-- This site is optimized with the Yoast SEO plugin v19.14 - https:\/\/yoast.com\/wordpress\/plugins\/seo\/ -->\n<title>Widget Faq Papier Toilette - Foxy<\/title>\n<meta name=\"robots\" content=\"noindex, nofollow\" \/>\n<meta property=\"og:locale\" content=\"fr_FR\" \/>\n<meta property=\"og:type\" content=\"article\" \/>\n<meta property=\"og:title\" content=\"Widget Faq Papier Toilette - Foxy\" \/>\n<meta property=\"og:description\" content=\"[vc_row el_id=\u00a0\u00bbfaq_carta_igienica\u00a0\u00bb][vc_column width=\u00a0\u00bb2\/3&Prime; offset=\u00a0\u00bbvc_col-lg-offset-2 vc_col-md-offset-2&Prime;][vc_column_text el_class=\u00a0\u00bbtitle_category_faq\u00a0\u00bb]Papier Toilette[\/vc_column_text][vc_row_inner el_class=\u00a0\u00bbfaq_evidenza\u00a0\u00bb][vc_column_inner width=\u00a0\u00bb2\/2&Prime;][vc_column_text el_class=\u00a0\u00bbfaq_evidenza_title\u00a0\u00bb] En \u00e9vidence[\/vc_column_text][\/vc_column_inner][vc_column_inner width=\u00a0\u00bb1\/2&Prime;][vc_column_text el_class=\u00a0\u00bbfaq_evidenza_domanda\u00a0\u00bb]Que signifie la mention \u00ab\u00a0Test\u00e9 Cliniquement\u00a0\u00bb sur les emballages de papier hygi\u00e9nique Foxy ?[\/vc_column_text][\/vc_column_inner][vc_column_inner width=\u00a0\u00bb1\/2&Prime;][vc_column_text el_class=\u00a0\u00bbfaq_evidenza_risposta\u00a0\u00bb]La pr\u00e9sence...\" \/>\n<meta property=\"og:url\" content=\"https:\/\/www.foxy.eu\/fr\/widget-faq-papier-toilette\/\" \/>\n<meta property=\"og:site_name\" content=\"Foxy\" \/>\n<meta property=\"article:publisher\" content=\"https:\/\/www.facebook.com\/Foxy.Italia\" \/>\n<meta property=\"article:modified_time\" content=\"2022-10-10T08:10:12+00:00\" \/>\n<meta property=\"og:image\" content=\"https:\/\/www.foxy.eu\/wp-content\/uploads\/2020\/09\/faq_evidenza@2x.png\" \/>\n<meta name=\"twitter:card\" content=\"summary_large_image\" \/>\n<meta name=\"twitter:label1\" content=\"Est. reading time\" \/>\n\t<meta name=\"twitter:data1\" content=\"4 minutes\" \/>\n<script type=\"application\/ld+json\" class=\"yoast-schema-graph\">{\"@context\":\"https:\/\/schema.org\",\"@graph\":[{\"@type\":\"WebPage\",\"@id\":\"https:\/\/www.foxy.eu\/fr\/widget-faq-papier-toilette\/\",\"url\":\"https:\/\/www.foxy.eu\/fr\/widget-faq-papier-toilette\/\",\"name\":\"Widget Faq Papier Toilette - Foxy\",\"isPartOf\":{\"@id\":\"https:\/\/www.foxy.eu\/#website\"},\"datePublished\":\"2020-09-17T08:39:10+00:00\",\"dateModified\":\"2022-10-10T08:10:12+00:00\",\"breadcrumb\":{\"@id\":\"https:\/\/www.foxy.eu\/fr\/widget-faq-papier-toilette\/#breadcrumb\"},\"inLanguage\":\"fr-FR\",\"potentialAction\":[{\"@type\":\"ReadAction\",\"target\":[\"https:\/\/www.foxy.eu\/fr\/widget-faq-papier-toilette\/\"]}]},{\"@type\":\"BreadcrumbList\",\"@id\":\"https:\/\/www.foxy.eu\/fr\/widget-faq-papier-toilette\/#breadcrumb\",\"itemListElement\":[{\"@type\":\"ListItem\",\"position\":1,\"name\":\"Home\",\"item\":\"https:\/\/www.foxy.eu\/fr\/\"},{\"@type\":\"ListItem\",\"position\":2,\"name\":\"Widget Faq Papier Toilette\"}]},{\"@type\":\"WebSite\",\"@id\":\"https:\/\/www.foxy.eu\/#website\",\"url\":\"https:\/\/www.foxy.eu\/\",\"name\":\"Foxy\",\"description\":\"Un nuovo sito targato WordPress\",\"publisher\":{\"@id\":\"https:\/\/www.foxy.eu\/#organization\"},\"alternateName\":\"Scopri tutta la gamma di prodotti e iniziative Foxy. Abbiamo pensato a un mondo su misura per te.\",\"potentialAction\":[{\"@type\":\"SearchAction\",\"target\":{\"@type\":\"EntryPoint\",\"urlTemplate\":\"https:\/\/www.foxy.eu\/?s={search_term_string}\"},\"query-input\":\"required name=search_term_string\"}],\"inLanguage\":\"fr-FR\"},{\"@type\":\"Organization\",\"@id\":\"https:\/\/www.foxy.eu\/#organization\",\"name\":\"Foxy | Sempre vicina a te!\",\"alternateName\":\"Scopri tutta la gamma di prodotti e iniziative Foxy. Abbiamo pensato a un mondo su misura per te.\",\"url\":\"https:\/\/www.foxy.eu\/\",\"logo\":{\"@type\":\"ImageObject\",\"inLanguage\":\"fr-FR\",\"@id\":\"https:\/\/www.foxy.eu\/#\/schema\/logo\/image\/\",\"url\":\"https:\/\/enkaz3824io.exactdn.com\/wp-content\/uploads\/2020\/07\/hp_big_logo@2x.png?strip=all&lossy=1&ssl=1\",\"contentUrl\":\"https:\/\/enkaz3824io.exactdn.com\/wp-content\/uploads\/2020\/07\/hp_big_logo@2x.png?strip=all&lossy=1&ssl=1\",\"width\":518,\"height\":366,\"caption\":\"Foxy | Sempre vicina a te!\"},\"image\":{\"@id\":\"https:\/\/www.foxy.eu\/#\/schema\/logo\/image\/\"},\"sameAs\":[\"https:\/\/www.instagram.com\/foxy\/\",\"https:\/\/www.youtube.com\/channel\/UCpCfvrNg7u0O0jSeH9B9ygA\",\"https:\/\/www.facebook.com\/Foxy.Italia\"]}]}<\/script>\n<!-- \/ Yoast SEO plugin. -->","yoast_head_json":{"title":"Widget Faq Papier Toilette - Foxy","robots":{"index":"noindex","follow":"nofollow"},"og_locale":"fr_FR","og_type":"article","og_title":"Widget Faq Papier Toilette - Foxy","og_description":"[vc_row el_id=\u00a0\u00bbfaq_carta_igienica\u00a0\u00bb][vc_column width=\u00a0\u00bb2\/3&Prime; offset=\u00a0\u00bbvc_col-lg-offset-2 vc_col-md-offset-2&Prime;][vc_column_text el_class=\u00a0\u00bbtitle_category_faq\u00a0\u00bb]Papier Toilette[\/vc_column_text][vc_row_inner el_class=\u00a0\u00bbfaq_evidenza\u00a0\u00bb][vc_column_inner width=\u00a0\u00bb2\/2&Prime;][vc_column_text el_class=\u00a0\u00bbfaq_evidenza_title\u00a0\u00bb] En \u00e9vidence[\/vc_column_text][\/vc_column_inner][vc_column_inner width=\u00a0\u00bb1\/2&Prime;][vc_column_text el_class=\u00a0\u00bbfaq_evidenza_domanda\u00a0\u00bb]Que signifie la mention \u00ab\u00a0Test\u00e9 Cliniquement\u00a0\u00bb sur les emballages de papier hygi\u00e9nique Foxy ?[\/vc_column_text][\/vc_column_inner][vc_column_inner width=\u00a0\u00bb1\/2&Prime;][vc_column_text el_class=\u00a0\u00bbfaq_evidenza_risposta\u00a0\u00bb]La pr\u00e9sence...","og_url":"https:\/\/www.foxy.eu\/fr\/widget-faq-papier-toilette\/","og_site_name":"Foxy","article_publisher":"https:\/\/www.facebook.com\/Foxy.Italia","article_modified_time":"2022-10-10T08:10:12+00:00","og_image":[{"url":"https:\/\/www.foxy.eu\/wp-content\/uploads\/2020\/09\/faq_evidenza@2x.png"}],"twitter_card":"summary_large_image","twitter_misc":{"Est. reading time":"4 minutes"},"schema":{"@context":"https:\/\/schema.org","@graph":[{"@type":"WebPage","@id":"https:\/\/www.foxy.eu\/fr\/widget-faq-papier-toilette\/","url":"https:\/\/www.foxy.eu\/fr\/widget-faq-papier-toilette\/","name":"Widget Faq Papier Toilette - Foxy","isPartOf":{"@id":"https:\/\/www.foxy.eu\/#website"},"datePublished":"2020-09-17T08:39:10+00:00","dateModified":"2022-10-10T08:10:12+00:00","breadcrumb":{"@id":"https:\/\/www.foxy.eu\/fr\/widget-faq-papier-toilette\/#breadcrumb"},"inLanguage":"fr-FR","potentialAction":[{"@type":"ReadAction","target":["https:\/\/www.foxy.eu\/fr\/widget-faq-papier-toilette\/"]}]},{"@type":"BreadcrumbList","@id":"https:\/\/www.foxy.eu\/fr\/widget-faq-papier-toilette\/#breadcrumb","itemListElement":[{"@type":"ListItem","position":1,"name":"Home","item":"https:\/\/www.foxy.eu\/fr\/"},{"@type":"ListItem","position":2,"name":"Widget Faq Papier Toilette"}]},{"@type":"WebSite","@id":"https:\/\/www.foxy.eu\/#website","url":"https:\/\/www.foxy.eu\/","name":"Foxy","description":"Un nuovo sito targato WordPress","publisher":{"@id":"https:\/\/www.foxy.eu\/#organization"},"alternateName":"Scopri tutta la gamma di prodotti e iniziative Foxy. Abbiamo pensato a un mondo su misura per te.","potentialAction":[{"@type":"SearchAction","target":{"@type":"EntryPoint","urlTemplate":"https:\/\/www.foxy.eu\/?s={search_term_string}"},"query-input":"required name=search_term_string"}],"inLanguage":"fr-FR"},{"@type":"Organization","@id":"https:\/\/www.foxy.eu\/#organization","name":"Foxy | Sempre vicina a te!","alternateName":"Scopri tutta la gamma di prodotti e iniziative Foxy. Abbiamo pensato a un mondo su misura per te.","url":"https:\/\/www.foxy.eu\/","logo":{"@type":"ImageObject","inLanguage":"fr-FR","@id":"https:\/\/www.foxy.eu\/#\/schema\/logo\/image\/","url":"https:\/\/enkaz3824io.exactdn.com\/wp-content\/uploads\/2020\/07\/hp_big_logo@2x.png?strip=all&lossy=1&ssl=1","contentUrl":"https:\/\/enkaz3824io.exactdn.com\/wp-content\/uploads\/2020\/07\/hp_big_logo@2x.png?strip=all&lossy=1&ssl=1","width":518,"height":366,"caption":"Foxy | Sempre vicina a te!"},"image":{"@id":"https:\/\/www.foxy.eu\/#\/schema\/logo\/image\/"},"sameAs":["https:\/\/www.instagram.com\/foxy\/","https:\/\/www.youtube.com\/channel\/UCpCfvrNg7u0O0jSeH9B9ygA","https:\/\/www.facebook.com\/Foxy.Italia"]}]}},"_links":{"self":[{"href":"https:\/\/www.foxy.eu\/fr\/wp-json\/wp\/v2\/pages\/8180"}],"collection":[{"href":"https:\/\/www.foxy.eu\/fr\/wp-json\/wp\/v2\/pages"}],"about":[{"href":"https:\/\/www.foxy.eu\/fr\/wp-json\/wp\/v2\/types\/page"}],"author":[{"embeddable":true,"href":"https:\/\/www.foxy.eu\/fr\/wp-json\/wp\/v2\/users\/1"}],"replies":[{"embeddable":true,"href":"https:\/\/www.foxy.eu\/fr\/wp-json\/wp\/v2\/comments?post=8180"}],"version-history":[{"count":10,"href":"https:\/\/www.foxy.eu\/fr\/wp-json\/wp\/v2\/pages\/8180\/revisions"}],"predecessor-version":[{"id":11132,"href":"https:\/\/www.foxy.eu\/fr\/wp-json\/wp\/v2\/pages\/8180\/revisions\/11132"}],"wp:attachment":[{"href":"https:\/\/www.foxy.eu\/fr\/wp-json\/wp\/v2\/media?parent=8180"}],"wp:term":[{"taxonomy":"category","embeddable":true,"href":"https:\/\/www.foxy.eu\/fr\/wp-json\/wp\/v2\/categories?post=8180"},{"taxonomy":"post_tag","embeddable":true,"href":"https:\/\/www.foxy.eu\/fr\/wp-json\/wp\/v2\/tags?post=8180"}],"curies":[{"name":"wp","href":"https:\/\/api.w.org\/{rel}","templated":true}]}}