
{"id":21275,"date":"2022-05-20T14:55:31","date_gmt":"2022-05-20T12:55:31","guid":{"rendered":"https:\/\/www.foxy.eu\/limpegnodifoxy\/"},"modified":"2025-06-11T14:43:53","modified_gmt":"2025-06-11T12:43:53","slug":"lengagement-de-foxy","status":"publish","type":"page","link":"https:\/\/www.foxy.eu\/fr\/lengagement-de-foxy\/","title":{"rendered":"L&rsquo;engagement de Foxy"},"content":{"rendered":"<p>[vc_row][vc_column width=\u00a0\u00bb5\/6&Prime; offset=\u00a0\u00bbvc_col-lg-offset-2 vc_col-lg-8 vc_col-md-offset-2 vc_col-md-8 vc_col-sm-offset-1&Prime;][vc_column_text el_class=\u00a0\u00bbtext-center\u00a0\u00bb]<\/p>\n<h2>La promesse de Foxy est d\u2019\u00eatre toujours \u00e0 vos c\u00f4t\u00e9s, aujourd\u2019hui comme demain.<br \/>\nFoxy s\u2019engage \u00e0 :<\/h2>\n<p>[\/vc_column_text][\/vc_column][\/vc_row][vc_row el_class=\u00a0\u00bbmbot60&Prime;][vc_column width=\u00a0\u00bb5\/6&Prime; offset=\u00a0\u00bbvc_col-lg-offset-3 vc_col-lg-6 vc_col-md-offset-3 vc_col-md-6 vc_col-sm-offset-1&Prime;][vc_column_text]<\/p>\n<p style=\"text-align: center;\">communiquer de mani\u00e8re transparente les caract\u00e9ristiques de ses produits, r\u00e9duire l\u2019utilisation de plastique vierge en privil\u00e9giant le plastique recycl\u00e9, utiliser des sources d\u2019\u00e9nergie renouvelables, soutenir des projets humanitaires et de protection de l\u2019environnement.<\/p>\n<p>[\/vc_column_text][\/vc_column][\/vc_row][vc_row equal_height=\u00a0\u00bbyes\u00a0\u00bb content_placement=\u00a0\u00bbmiddle\u00a0\u00bb el_class=\u00a0\u00bbmbot100&Prime;][vc_column width=\u00a0\u00bb1\/2&Prime; offset=\u00a0\u00bbvc_col-lg-offset-1 vc_col-lg-4&Prime; el_class=\u00a0\u00bborder-2&Prime;][vc_column_text]<\/p>\n<h3>\u00c9tiquette trasparence<\/h3>\n<p>[\/vc_column_text][vc_column_text]Foxy veut se faire conna\u00eetre en toute transparence et dire toute la v\u00e9rit\u00e9 sur ses produits. C\u2019est pourquoi, au dos des emballages de tous ses produits, vous trouverez une \u00e9tiquette qui contient toutes les informations n\u00e9cessaires pour permettre aux consommateurs de faire un choix \u00e9clair\u00e9[\/vc_column_text]<div class=\" ubtn-ctn-left btn-white btn-freccia btn-freccia-blu btn-dynamo ong\"><a class=\"ubtn-link ult-adjust-bottom-margin ubtn-left ubtn-large btn-white btn-freccia btn-freccia-blu btn-dynamo ong\" href=\"https:\/\/www.foxy.eu\/fr\/lengagement-de-foxy\/lengagement-pour-la-transparence\/\" title=\"D\u00e9couvrir plus sur l&#039;\u00c9tiquette Transparence\" ><button type=\"button\" id=\"ubtn-6204\"  class=\"ubtn ult-adjust-bottom-margin ult-responsive ubtn-large ubtn-no-hover-bg  none  ubtn-left   tooltip-69f0854088387\"  data-hover=\"\" data-border-color=\"\" data-bg=\"\" data-hover-bg=\"\" data-border-hover=\"\" data-shadow-hover=\"\" data-shadow-click=\"none\" data-shadow=\"\" data-shd-shadow=\"\"  data-ultimate-target='#ubtn-6204'  data-responsive-json-new='{\"font-size\":\"\",\"line-height\":\"\"}'  style=\"font-weight:normal;border:none;\"><span class=\"ubtn-hover\" style=\"background-color:\"><\/span><span class=\"ubtn-data ubtn-text \" >D\u00e9couvrir plus sur l&#039;\u00c9tiquette Transparence<\/span><\/button><\/a><\/div>[\/vc_column][vc_column width=\u00a0\u00bb1\/2&Prime; offset=\u00a0\u00bbvc_col-lg-offset-1 vc_col-lg-6&Prime;][vc_single_image image=\u00a0\u00bb21291&Prime; img_size=\u00a0\u00bbfull\u00a0\u00bb el_class=\u00a0\u00bbimg-radius img-shadow-basso-destra\u00a0\u00bb][\/vc_column][\/vc_row][vc_row equal_height=\u00a0\u00bbyes\u00a0\u00bb content_placement=\u00a0\u00bbmiddle\u00a0\u00bb el_class=\u00a0\u00bbmbot100&Prime;][vc_column width=\u00a0\u00bb1\/2&Prime;][vc_single_image image=\u00a0\u00bb13261&Prime; img_size=\u00a0\u00bbfull\u00a0\u00bb el_class=\u00a0\u00bbimg-radius img-shadow-basso-destra\u00a0\u00bb][\/vc_column][vc_column width=\u00a0\u00bb1\/2&Prime; offset=\u00a0\u00bbvc_col-lg-offset-1 vc_col-lg-4&Prime;][vc_column_text]<\/p>\n<h3>Foxy pour l&rsquo;UNICEF<\/h3>\n<p>[\/vc_column_text][vc_column_text]Depuis l\u2019an 2000, Foxy collabore avec l\u2019UNICEF. Au cours des vingt derni\u00e8res ann\u00e9es, elle a soutenu de nombreux projets en faveur des droits des enfants dans les pays en d\u00e9veloppement, avec une contribution totale de plus de 6 millions d\u2019euros.[\/vc_column_text]<div class=\" ubtn-ctn-left btn-white btn-freccia btn-freccia-blu btn-dynamo ong\"><a class=\"ubtn-link ult-adjust-bottom-margin ubtn-left ubtn-large btn-white btn-freccia btn-freccia-blu btn-dynamo ong\" href=\"https:\/\/www.foxy.eu\/fr\/lengagement-de-foxy\/foxy-pour-lunicef\/\" title=\"Foxy per Unicef\" ><button type=\"button\" id=\"ubtn-3357\"  class=\"ubtn ult-adjust-bottom-margin ult-responsive ubtn-large ubtn-no-hover-bg  none  ubtn-left   tooltip-69f0854088436\"  data-hover=\"\" data-border-color=\"\" data-bg=\"\" data-hover-bg=\"\" data-border-hover=\"\" data-shadow-hover=\"\" data-shadow-click=\"none\" data-shadow=\"\" data-shd-shadow=\"\"  data-ultimate-target='#ubtn-3357'  data-responsive-json-new='{\"font-size\":\"\",\"line-height\":\"\"}'  style=\"font-weight:normal;border:none;\"><span class=\"ubtn-hover\" style=\"background-color:\"><\/span><span class=\"ubtn-data ubtn-text \" >D\u00e9couvrir plus sur Foxy pour l\u2019UNICEF<\/span><\/button><\/a><\/div>[\/vc_column][\/vc_row][vc_row equal_height=\u00a0\u00bbyes\u00a0\u00bb content_placement=\u00a0\u00bbmiddle\u00a0\u00bb el_class=\u00a0\u00bbmbot100&Prime;][vc_column width=\u00a0\u00bb1\/2&Prime; offset=\u00a0\u00bbvc_col-lg-offset-1 vc_col-lg-4&Prime; el_class=\u00a0\u00bborder-2&Prime;][vc_column_text]<\/p>\n<h3>Foxy pour 3Bee<\/h3>\n<p>[\/vc_column_text][vc_column_text]Foxy a sign\u00e9 un accord pluriannuel avec 3Bee pour prot\u00e9ger les abeilles, en surveillant les ruches et en cr\u00e9ant des oasis de biodiversit\u00e9.[\/vc_column_text]<div class=\" ubtn-ctn-left btn-white btn-freccia btn-freccia-blu btn-dynamo ong\"><a class=\"ubtn-link ult-adjust-bottom-margin ubtn-left ubtn-large btn-white btn-freccia btn-freccia-blu btn-dynamo ong\" href=\"https:\/\/www.foxy.eu\/fr\/lengagement-de-foxy\/3bee\/\" title=\"Foxy per 3Bee\" ><button type=\"button\" id=\"ubtn-7872\"  class=\"ubtn ult-adjust-bottom-margin ult-responsive ubtn-large ubtn-no-hover-bg  none  ubtn-left   tooltip-69f085408847f\"  data-hover=\"\" data-border-color=\"\" data-bg=\"\" data-hover-bg=\"\" data-border-hover=\"\" data-shadow-hover=\"\" data-shadow-click=\"none\" data-shadow=\"\" data-shd-shadow=\"\"  data-ultimate-target='#ubtn-7872'  data-responsive-json-new='{\"font-size\":\"\",\"line-height\":\"\"}'  style=\"font-weight:normal;border:none;\"><span class=\"ubtn-hover\" style=\"background-color:\"><\/span><span class=\"ubtn-data ubtn-text \" >D\u00e9couvrir plus sur Foxy pour 3Bee<\/span><\/button><\/a><\/div>[\/vc_column][vc_column width=\u00a0\u00bb1\/2&Prime; offset=\u00a0\u00bbvc_col-lg-offset-1 vc_col-lg-6&Prime;][vc_single_image image=\u00a0\u00bb11429&Prime; img_size=\u00a0\u00bbfull\u00a0\u00bb el_class=\u00a0\u00bbimg-radius img-shadow-basso-destra\u00a0\u00bb][\/vc_column][\/vc_row][vc_row equal_height=\u00a0\u00bbyes\u00a0\u00bb content_placement=\u00a0\u00bbmiddle\u00a0\u00bb el_class=\u00a0\u00bbmbot100&Prime;][vc_column width=\u00a0\u00bb1\/2&Prime;][vc_single_image image=\u00a0\u00bb21313&Prime; img_size=\u00a0\u00bbfull\u00a0\u00bb el_class=\u00a0\u00bbimg-radius img-shadow-basso-destra\u00a0\u00bb][\/vc_column][vc_column width=\u00a0\u00bb1\/2&Prime; offset=\u00a0\u00bbvc_col-lg-offset-1 vc_col-lg-4&Prime;][vc_column_text]<\/p>\n<h3>NaviLens<\/h3>\n<p>[\/vc_column_text][vc_column_text]Gr\u00e2ce \u00e0 l\u2019int\u00e9gration des QR codes NaviLens sur ses emballages, toutes les informations sur les produits Foxy sont facilement accessibles, m\u00eame pour les personnes malvoyantes.[\/vc_column_text]<div class=\" ubtn-ctn-left btn-white btn-freccia btn-freccia-blu btn-dynamo ong\"><a class=\"ubtn-link ult-adjust-bottom-margin ubtn-left ubtn-large btn-white btn-freccia btn-freccia-blu btn-dynamo ong\" href=\"https:\/\/www.foxy.eu\/fr\/lengagement-de-foxy\/navilens\/\" title=\"NaviLens\" ><button type=\"button\" id=\"ubtn-8383\"  class=\"ubtn ult-adjust-bottom-margin ult-responsive ubtn-large ubtn-no-hover-bg  none  ubtn-left   tooltip-69f08540884c1\"  data-hover=\"\" data-border-color=\"\" data-bg=\"\" data-hover-bg=\"\" data-border-hover=\"\" data-shadow-hover=\"\" data-shadow-click=\"none\" data-shadow=\"\" data-shd-shadow=\"\"  data-ultimate-target='#ubtn-8383'  data-responsive-json-new='{\"font-size\":\"\",\"line-height\":\"\"}'  style=\"font-weight:normal;border:none;\"><span class=\"ubtn-hover\" style=\"background-color:\"><\/span><span class=\"ubtn-data ubtn-text \" >D\u00e9couvrir plus sur NaviLens<\/span><\/button><\/a><\/div>[\/vc_column][\/vc_row][vc_row full_width=\u00a0\u00bbstretch_row_content_no_spaces\u00a0\u00bb el_id=\u00a0\u00bbcontainer_video_tv\u00a0\u00bb][vc_column][\/vc_column][\/vc_row]<\/p>\n","protected":false},"excerpt":{"rendered":"<p>[vc_row][vc_column width=\u00a0\u00bb5\/6&Prime; offset=\u00a0\u00bbvc_col-lg-offset-2 vc_col-lg-8 vc_col-md-offset-2 vc_col-md-8 vc_col-sm-offset-1&Prime;][vc_column_text el_class=\u00a0\u00bbtext-center\u00a0\u00bb] La promesse de Foxy est d\u2019\u00eatre toujours \u00e0 vos c\u00f4t\u00e9s, aujourd\u2019hui comme demain. Foxy s\u2019engage \u00e0 : [\/vc_column_text][\/vc_column][\/vc_row][vc_row el_class=\u00a0\u00bbmbot60&Prime;][vc_column width=\u00a0\u00bb5\/6&Prime; offset=\u00a0\u00bbvc_col-lg-offset-3 vc_col-lg-6&#8230;<\/p>\n","protected":false},"author":1,"featured_media":0,"parent":0,"menu_order":0,"comment_status":"closed","ping_status":"closed","template":"template-page-mondo-foxy.php","meta":[],"categories":[],"tags":[],"yoast_head":"<!-- This site is optimized with the Yoast SEO plugin v19.14 - https:\/\/yoast.com\/wordpress\/plugins\/seo\/ -->\n<title>L&#039;engagement de Foxy - Foxy<\/title>\n<meta name=\"robots\" content=\"index, follow, max-snippet:-1, max-image-preview:large, max-video-preview:-1\" \/>\n<link rel=\"canonical\" href=\"https:\/\/www.foxy.eu\/fr\/lengagement-de-foxy\/\" \/>\n<meta property=\"og:locale\" content=\"fr_FR\" \/>\n<meta property=\"og:type\" content=\"article\" \/>\n<meta property=\"og:title\" content=\"L&#039;engagement de Foxy - Foxy\" \/>\n<meta property=\"og:description\" content=\"[vc_row][vc_column width=\u00a0\u00bb5\/6&Prime; offset=\u00a0\u00bbvc_col-lg-offset-2 vc_col-lg-8 vc_col-md-offset-2 vc_col-md-8 vc_col-sm-offset-1&Prime;][vc_column_text el_class=\u00a0\u00bbtext-center\u00a0\u00bb] La promesse de Foxy est d\u2019\u00eatre toujours \u00e0 vos c\u00f4t\u00e9s, aujourd\u2019hui comme demain. Foxy s\u2019engage \u00e0 : [\/vc_column_text][\/vc_column][\/vc_row][vc_row el_class=\u00a0\u00bbmbot60&Prime;][vc_column width=\u00a0\u00bb5\/6&Prime; offset=\u00a0\u00bbvc_col-lg-offset-3 vc_col-lg-6...\" \/>\n<meta property=\"og:url\" content=\"https:\/\/www.foxy.eu\/fr\/lengagement-de-foxy\/\" \/>\n<meta property=\"og:site_name\" content=\"Foxy\" \/>\n<meta property=\"article:publisher\" content=\"https:\/\/www.facebook.com\/Foxy.Italia\" \/>\n<meta property=\"article:modified_time\" content=\"2025-06-11T12:43:53+00:00\" \/>\n<meta name=\"twitter:card\" content=\"summary_large_image\" \/>\n<meta name=\"twitter:label1\" content=\"Est. reading time\" \/>\n\t<meta name=\"twitter:data1\" content=\"2 minutes\" \/>\n<script type=\"application\/ld+json\" class=\"yoast-schema-graph\">{\"@context\":\"https:\/\/schema.org\",\"@graph\":[{\"@type\":\"WebPage\",\"@id\":\"https:\/\/www.foxy.eu\/fr\/lengagement-de-foxy\/\",\"url\":\"https:\/\/www.foxy.eu\/fr\/lengagement-de-foxy\/\",\"name\":\"L'engagement de Foxy - Foxy\",\"isPartOf\":{\"@id\":\"https:\/\/www.foxy.eu\/#website\"},\"datePublished\":\"2022-05-20T12:55:31+00:00\",\"dateModified\":\"2025-06-11T12:43:53+00:00\",\"breadcrumb\":{\"@id\":\"https:\/\/www.foxy.eu\/fr\/lengagement-de-foxy\/#breadcrumb\"},\"inLanguage\":\"fr-FR\",\"potentialAction\":[{\"@type\":\"ReadAction\",\"target\":[\"https:\/\/www.foxy.eu\/fr\/lengagement-de-foxy\/\"]}]},{\"@type\":\"BreadcrumbList\",\"@id\":\"https:\/\/www.foxy.eu\/fr\/lengagement-de-foxy\/#breadcrumb\",\"itemListElement\":[{\"@type\":\"ListItem\",\"position\":1,\"name\":\"Home\",\"item\":\"https:\/\/www.foxy.eu\/fr\/\"},{\"@type\":\"ListItem\",\"position\":2,\"name\":\"L&#8217;engagement de Foxy\"}]},{\"@type\":\"WebSite\",\"@id\":\"https:\/\/www.foxy.eu\/#website\",\"url\":\"https:\/\/www.foxy.eu\/\",\"name\":\"Foxy\",\"description\":\"Un nuovo sito targato WordPress\",\"publisher\":{\"@id\":\"https:\/\/www.foxy.eu\/#organization\"},\"alternateName\":\"Scopri tutta la gamma di prodotti e iniziative Foxy. Abbiamo pensato a un mondo su misura per te.\",\"potentialAction\":[{\"@type\":\"SearchAction\",\"target\":{\"@type\":\"EntryPoint\",\"urlTemplate\":\"https:\/\/www.foxy.eu\/?s={search_term_string}\"},\"query-input\":\"required name=search_term_string\"}],\"inLanguage\":\"fr-FR\"},{\"@type\":\"Organization\",\"@id\":\"https:\/\/www.foxy.eu\/#organization\",\"name\":\"Foxy | Sempre vicina a te!\",\"alternateName\":\"Scopri tutta la gamma di prodotti e iniziative Foxy. Abbiamo pensato a un mondo su misura per te.\",\"url\":\"https:\/\/www.foxy.eu\/\",\"logo\":{\"@type\":\"ImageObject\",\"inLanguage\":\"fr-FR\",\"@id\":\"https:\/\/www.foxy.eu\/#\/schema\/logo\/image\/\",\"url\":\"https:\/\/enkaz3824io.exactdn.com\/wp-content\/uploads\/2020\/07\/hp_big_logo@2x.png?strip=all&lossy=1&ssl=1\",\"contentUrl\":\"https:\/\/enkaz3824io.exactdn.com\/wp-content\/uploads\/2020\/07\/hp_big_logo@2x.png?strip=all&lossy=1&ssl=1\",\"width\":518,\"height\":366,\"caption\":\"Foxy | Sempre vicina a te!\"},\"image\":{\"@id\":\"https:\/\/www.foxy.eu\/#\/schema\/logo\/image\/\"},\"sameAs\":[\"https:\/\/www.instagram.com\/foxy\/\",\"https:\/\/www.youtube.com\/channel\/UCpCfvrNg7u0O0jSeH9B9ygA\",\"https:\/\/www.facebook.com\/Foxy.Italia\"]}]}<\/script>\n<!-- \/ Yoast SEO plugin. -->","yoast_head_json":{"title":"L'engagement de Foxy - Foxy","robots":{"index":"index","follow":"follow","max-snippet":"max-snippet:-1","max-image-preview":"max-image-preview:large","max-video-preview":"max-video-preview:-1"},"canonical":"https:\/\/www.foxy.eu\/fr\/lengagement-de-foxy\/","og_locale":"fr_FR","og_type":"article","og_title":"L'engagement de Foxy - Foxy","og_description":"[vc_row][vc_column width=\u00a0\u00bb5\/6&Prime; offset=\u00a0\u00bbvc_col-lg-offset-2 vc_col-lg-8 vc_col-md-offset-2 vc_col-md-8 vc_col-sm-offset-1&Prime;][vc_column_text el_class=\u00a0\u00bbtext-center\u00a0\u00bb] La promesse de Foxy est d\u2019\u00eatre toujours \u00e0 vos c\u00f4t\u00e9s, aujourd\u2019hui comme demain. Foxy s\u2019engage \u00e0 : [\/vc_column_text][\/vc_column][\/vc_row][vc_row el_class=\u00a0\u00bbmbot60&Prime;][vc_column width=\u00a0\u00bb5\/6&Prime; offset=\u00a0\u00bbvc_col-lg-offset-3 vc_col-lg-6...","og_url":"https:\/\/www.foxy.eu\/fr\/lengagement-de-foxy\/","og_site_name":"Foxy","article_publisher":"https:\/\/www.facebook.com\/Foxy.Italia","article_modified_time":"2025-06-11T12:43:53+00:00","twitter_card":"summary_large_image","twitter_misc":{"Est. reading time":"2 minutes"},"schema":{"@context":"https:\/\/schema.org","@graph":[{"@type":"WebPage","@id":"https:\/\/www.foxy.eu\/fr\/lengagement-de-foxy\/","url":"https:\/\/www.foxy.eu\/fr\/lengagement-de-foxy\/","name":"L'engagement de Foxy - Foxy","isPartOf":{"@id":"https:\/\/www.foxy.eu\/#website"},"datePublished":"2022-05-20T12:55:31+00:00","dateModified":"2025-06-11T12:43:53+00:00","breadcrumb":{"@id":"https:\/\/www.foxy.eu\/fr\/lengagement-de-foxy\/#breadcrumb"},"inLanguage":"fr-FR","potentialAction":[{"@type":"ReadAction","target":["https:\/\/www.foxy.eu\/fr\/lengagement-de-foxy\/"]}]},{"@type":"BreadcrumbList","@id":"https:\/\/www.foxy.eu\/fr\/lengagement-de-foxy\/#breadcrumb","itemListElement":[{"@type":"ListItem","position":1,"name":"Home","item":"https:\/\/www.foxy.eu\/fr\/"},{"@type":"ListItem","position":2,"name":"L&#8217;engagement de Foxy"}]},{"@type":"WebSite","@id":"https:\/\/www.foxy.eu\/#website","url":"https:\/\/www.foxy.eu\/","name":"Foxy","description":"Un nuovo sito targato WordPress","publisher":{"@id":"https:\/\/www.foxy.eu\/#organization"},"alternateName":"Scopri tutta la gamma di prodotti e iniziative Foxy. Abbiamo pensato a un mondo su misura per te.","potentialAction":[{"@type":"SearchAction","target":{"@type":"EntryPoint","urlTemplate":"https:\/\/www.foxy.eu\/?s={search_term_string}"},"query-input":"required name=search_term_string"}],"inLanguage":"fr-FR"},{"@type":"Organization","@id":"https:\/\/www.foxy.eu\/#organization","name":"Foxy | Sempre vicina a te!","alternateName":"Scopri tutta la gamma di prodotti e iniziative Foxy. Abbiamo pensato a un mondo su misura per te.","url":"https:\/\/www.foxy.eu\/","logo":{"@type":"ImageObject","inLanguage":"fr-FR","@id":"https:\/\/www.foxy.eu\/#\/schema\/logo\/image\/","url":"https:\/\/enkaz3824io.exactdn.com\/wp-content\/uploads\/2020\/07\/hp_big_logo@2x.png?strip=all&lossy=1&ssl=1","contentUrl":"https:\/\/enkaz3824io.exactdn.com\/wp-content\/uploads\/2020\/07\/hp_big_logo@2x.png?strip=all&lossy=1&ssl=1","width":518,"height":366,"caption":"Foxy | Sempre vicina a te!"},"image":{"@id":"https:\/\/www.foxy.eu\/#\/schema\/logo\/image\/"},"sameAs":["https:\/\/www.instagram.com\/foxy\/","https:\/\/www.youtube.com\/channel\/UCpCfvrNg7u0O0jSeH9B9ygA","https:\/\/www.facebook.com\/Foxy.Italia"]}]}},"_links":{"self":[{"href":"https:\/\/www.foxy.eu\/fr\/wp-json\/wp\/v2\/pages\/21275"}],"collection":[{"href":"https:\/\/www.foxy.eu\/fr\/wp-json\/wp\/v2\/pages"}],"about":[{"href":"https:\/\/www.foxy.eu\/fr\/wp-json\/wp\/v2\/types\/page"}],"author":[{"embeddable":true,"href":"https:\/\/www.foxy.eu\/fr\/wp-json\/wp\/v2\/users\/1"}],"replies":[{"embeddable":true,"href":"https:\/\/www.foxy.eu\/fr\/wp-json\/wp\/v2\/comments?post=21275"}],"version-history":[{"count":9,"href":"https:\/\/www.foxy.eu\/fr\/wp-json\/wp\/v2\/pages\/21275\/revisions"}],"predecessor-version":[{"id":21367,"href":"https:\/\/www.foxy.eu\/fr\/wp-json\/wp\/v2\/pages\/21275\/revisions\/21367"}],"wp:attachment":[{"href":"https:\/\/www.foxy.eu\/fr\/wp-json\/wp\/v2\/media?parent=21275"}],"wp:term":[{"taxonomy":"category","embeddable":true,"href":"https:\/\/www.foxy.eu\/fr\/wp-json\/wp\/v2\/categories?post=21275"},{"taxonomy":"post_tag","embeddable":true,"href":"https:\/\/www.foxy.eu\/fr\/wp-json\/wp\/v2\/tags?post=21275"}],"curies":[{"name":"wp","href":"https:\/\/api.w.org\/{rel}","templated":true}]}}