
{"id":10382,"date":"2020-09-17T12:19:59","date_gmt":"2020-09-17T10:19:59","guid":{"rendered":"https:\/\/www.foxy.eu\/widget-faq-asciugatutto\/"},"modified":"2022-10-10T10:14:31","modified_gmt":"2022-10-10T08:14:31","slug":"widget-faq-essuie-tout","status":"publish","type":"page","link":"https:\/\/www.foxy.eu\/fr\/widget-faq-essuie-tout\/","title":{"rendered":"Widget Faq Essuie-tout"},"content":{"rendered":"<p>[vc_row el_id=\u00a0\u00bbfaq_asciugatutto\u00a0\u00bb][vc_column width=\u00a0\u00bb2\/3&Prime; offset=\u00a0\u00bbvc_col-lg-offset-2 vc_col-md-offset-2&Prime;][vc_column_text el_class=\u00a0\u00bbtitle_category_faq\u00a0\u00bb]Essuie-tout[\/vc_column_text][vc_row_inner el_class=\u00a0\u00bbfaq_evidenza\u00a0\u00bb][vc_column_inner width=\u00a0\u00bb2\/2&Prime;][vc_column_text el_class=\u00a0\u00bbfaq_evidenza_title\u00a0\u00bb]<img decoding=\"async\" class=\"alignnone size-full wp-image-1077\" src=\"https:\/\/enkaz3824io.exactdn.com\/wp-content\/uploads\/2020\/09\/faq_evidenza@2x.png?strip=all&lossy=1&resize=63%2C63&ssl=1\" alt=\"\" width=\"63\" height=\"63\" \/> En \u00e9vidence[\/vc_column_text][\/vc_column_inner][vc_column_inner width=\u00a0\u00bb1\/2&Prime;][vc_column_text el_class=\u00a0\u00bbfaq_evidenza_domanda\u00a0\u00bb]O\u00f9 puis-je jeter les feuilles de mon essuie-tout Foxy apr\u00e8s utilisation ?[\/vc_column_text][\/vc_column_inner][vc_column_inner width=\u00a0\u00bb1\/2&Prime;][vc_column_text el_class=\u00a0\u00bbfaq_evidenza_risposta\u00a0\u00bb]Selon le type d\u2019utilisation :<\/p>\n<ul>\n<li>s\u2019ils ne pr\u00e9sentent pas de r\u00e9sidus organiques, ils peuvent \u00eatre jet\u00e9s avec le papier,<\/li>\n<li>s\u2019ils pr\u00e9sentent des r\u00e9sidus organiques, ils peuvent \u00eatre jet\u00e9s dans les biod\u00e9chets,<\/li>\n<li>s\u2019ils ont \u00e9t\u00e9 au contact de d\u00e9tergents ou de solutions hydro-alcooliques pour l\u2019assainissement des surfaces, ils devront \u00eatre jet\u00e9s dans la poubelle des ordures m\u00e9nag\u00e8res.<\/li>\n<\/ul>\n<p>Il est recommand\u00e9 de consulter le r\u00e8glement de votre commune de r\u00e9sidence.[\/vc_column_text][\/vc_column_inner][\/vc_row_inner][vc_row_inner el_class=\u00a0\u00bblista-faq\u00a0\u00bb][vc_column_inner][vc_toggle title=\u00a0\u00bbQuel type de cellulose est utilis\u00e9 pour la production des essuie-tout Foxy ?\u00a0\u00bb]Toutes les r\u00e9f\u00e9rences Foxy sont produites avec 100% de pure cellulose vierge provenant de for\u00eats certifi\u00e9es et de sources contr\u00f4l\u00e9es.<br \/>\nFoxy Abso Ultra Big et Foxy Tornado sont produits avec de la cellulose pure provenant de for\u00eats certifi\u00e9es FSC\u00ae. FSC\u00ae (Forest Stewardship Council) est une organisation internationale non gouvernementale \u00e0 but non lucratif qui promeut dans le monde entier une gestion responsable des for\u00eats.<br \/>\nFoxy Mega et Foxy Abso sont produits avec de la cellulose pure provenant de for\u00eats certifi\u00e9es PEFC\u00ae. PEFC\u00ae (Programme for Endorsement of Forest Certification schemes) est une association internationale sans but lucratif qui promeut et g\u00e8re un syst\u00e8me de certification pour la gestion durable des for\u00eats.<br \/>\nPour en savoir plus, consultez la section Durabilit\u00e9 et Certifications.[\/vc_toggle][vc_toggle title=\u00a0\u00bbComment puis-je \u00e9liminer les emballages des essuie-tout Foxy ?\u00a0\u00bb]Tous les emballages des essuie-tout Foxy sont 100% recyclables et peuvent \u00eatre jet\u00e9s dans les poubelles de tri.<br \/>\nIl est recommand\u00e9 de consulter le r\u00e8glement de votre commune de r\u00e9sidence et le site www.triercestdonner.fr.[\/vc_toggle][vc_toggle title=\u00a0\u00bbLe papier des produits Foxy est-il blanchi ?\u00a0\u00bb]Le papier de nos produits est fabriqu\u00e9 \u00e0 partir de fibres vierges trait\u00e9es par les fournisseurs selon un proc\u00e9d\u00e9 de blanchiment qui ne n\u00e9cessite pas de chlore \u00e9l\u00e9mentaire.<br \/>\nEn outre, toutes les celluloses utilis\u00e9es sont certifi\u00e9es conform\u00e9ment aux principales normes relatives \u00e0 l\u2019origine foresti\u00e8re et \u00e0 leur gestion responsable.[\/vc_toggle][vc_toggle title=\u00a0\u00bbLes mandrins de nos rouleaux d\u2019essuie-tout (les tubes en carton) sont-ils fabriqu\u00e9s \u00e0 partir de cellulose vierge ou de carton recycl\u00e9 ?\u00a0\u00bb]Les mandrins des rouleaux d\u2019essuie-tout Foxy sont fabriqu\u00e9s \u00e0 partir de papier recycl\u00e9.<br \/>\nUne fois le rouleau d\u2019essuie-tout fini, il est possible de jeter les mandrins dans une poublelle de tri d\u00e9di\u00e9e au papier.<br \/>\nIl est recommand\u00e9 de consulter le r\u00e8glement de votre commune de r\u00e9sidence et le site www.triercestdonner.fr.<br \/>\n[\/vc_toggle][vc_toggle title=\u00a0\u00bbDes tests ont-ils \u00e9t\u00e9 effectu\u00e9s sur des animaux au cours du d\u00e9veloppement des produits Foxy ?\u00a0\u00bb]Aucun essai n\u2019a \u00e9t\u00e9 effectu\u00e9 sur des animaux dans le d\u00e9veloppement des produits Foxy.[\/vc_toggle][vc_toggle title=\u00a0\u00bbLes encres utilis\u00e9es pour les d\u00e9cors de Foxy Abso Ultra Big sont-elles s\u00fbres ?\u00a0\u00bb]Les encres utilis\u00e9es pour la r\u00e9alisation des d\u00e9cors de Foxy Abso Ultra Big sont \u00e0 base d\u2019eau et non toxiques.<br \/>\nEn outre, l\u2019aptitude au contact alimentaire de tous les essuie-tout Foxy est garantie par des tests rigoureux men\u00e9s dans des laboratoires qualifi\u00e9s.<br \/>\n[\/vc_toggle][vc_toggle title=\u00a0\u00bbPuis-je utiliser les essuie-tout Foxy pour absorber l\u2019exc\u00e8s d\u2019huile des fritures ?\u00a0\u00bb]Tous les essuie-tout Foxy sont aptes au contact alimentaire et gr\u00e2ce \u00e0 ses gaufrages sp\u00e9ciaux \u201cTourbillons\u201d super absorbants, ils retiennent les liquides \u00e0 l\u2019int\u00e9rieur sans se d\u00e9faire et sans laisser de peluches sur les aliments.[\/vc_toggle][vc_toggle title=\u00a0\u00bbPuis-je utiliser l\u2019essuie-tout \u00e0 la place du papier toilette?\u00a0\u00bb]Il est vivement d\u00e9conseill\u00e9 d\u2019utiliser des feuilles d\u2019essuie-tout \u00e0 la place du papier toilette : elles ne sont pas faites pour \u00eatre jet\u00e9es dans les toilettes. L\u2019essuie-tout est destin\u00e9 a une utilisation diff\u00e9rente, et sa r\u00e9sistance est diff\u00e9rente. Le papier hygi\u00e9nique est fabriqu\u00e9 sp\u00e9cifiquement de fa\u00e7on \u00e0 ce qu\u2019il se dissolve dans l\u2019eau en quelques secondes.<br \/>\nAu contraire, l\u2019essuie-tout Foxy est d\u00e9velopp\u00e9 pour ses hautes capacit\u00e9s d\u2019absorption et de r\u00e9sistance, m\u00eame humide. L\u2019utillisation d\u2019essuie-tout dans vos toilettes pourrait boucher vos canalisations.[\/vc_toggle][vc_toggle title=\u00a0\u00bbPeut-on utliser les feuilles d\u2019essuie-tout Foxy en toute s\u00e9curit\u00e9 sur des aliments ?\u00a0\u00bb]Tous les essuie-tout Foxy sont test\u00e9s pour garantir leur aptitude au contact avec les aliments. En outre, gr\u00e2ce \u00e0 leur texture sp\u00e9ciale \u201cTourbillons\u201d, ils offrent des performances sup\u00e9rieures en absorbtion et en r\u00e9sistance, m\u00eame mouill\u00e9s. Ils peuvent donc \u00eatre utilis\u00e9s pour :<\/p>\n<ul>\n<li>s\u00e9cher les fruits et l\u00e9gumes lav\u00e9s<\/li>\n<li>envelopper la nourriture \u00e0 consommer \u00e0 l\u2019ext\u00e9rieur de la maison<\/li>\n<li>conserver plus longtemps les fruits et l\u00e9gumes au r\u00e9frig\u00e9rateur, en mettant une feuille sur le fond du r\u00e9cipient, ce qui absorbera l\u2019humidit\u00e9 exc\u00e9dentaire, et ralentira le processus de d\u00e9t\u00e9rioration<\/li>\n<li>conserver plus longtemps les herbes aromatiques comme le persil ou le basilic, en enveloppant une feuille humide sur leurs tiges<\/li>\n<\/ul>\n<p>[\/vc_toggle][vc_toggle title=\u00a0\u00bbPuis-je utiliser l\u2019essuie-tout Foxy pour r\u00e9chauffer la nourriture au micro-ondes ?\u00a0\u00bb]<span style=\"font-weight: 400;\">Tous les essuie-tout Foxy sont test\u00e9s pour assurer leur compatibilit\u00e9 avec les fours \u00e0 micro-ondes. <\/span><span style=\"font-weight: 400;\"><br \/>\n<\/span><span style=\"font-weight: 400;\">Cependant, le papier peut br\u00fbler s\u2019il est mal utilis\u00e9. <\/span><span style=\"font-weight: 400;\"><br \/>\n<\/span><span style=\"font-weight: 400;\">Nous vous invitons donc \u00e0 suivre ces quelques mesures :<\/span><\/p>\n<ul>\n<li><span style=\"font-weight: 400;\">ne pas utiliser les feuilles d\u2019essuie-tout en mode de cuisson conventionnel, combin\u00e9 ou grill<\/span><\/li>\n<li><span style=\"font-weight: 400;\">ne pas s\u00e9cher d\u2019herbes, de pain ou de fleurs sur des feuilles d\u2019essuie-tout<\/span><\/li>\n<\/ul>\n<p>[\/vc_toggle][\/vc_column_inner][\/vc_row_inner][\/vc_column][\/vc_row]<\/p>\n","protected":false},"excerpt":{"rendered":"<p>[vc_row el_id=\u00a0\u00bbfaq_asciugatutto\u00a0\u00bb][vc_column width=\u00a0\u00bb2\/3&Prime; offset=\u00a0\u00bbvc_col-lg-offset-2 vc_col-md-offset-2&Prime;][vc_column_text el_class=\u00a0\u00bbtitle_category_faq\u00a0\u00bb]Essuie-tout[\/vc_column_text][vc_row_inner el_class=\u00a0\u00bbfaq_evidenza\u00a0\u00bb][vc_column_inner width=\u00a0\u00bb2\/2&Prime;][vc_column_text el_class=\u00a0\u00bbfaq_evidenza_title\u00a0\u00bb] En \u00e9vidence[\/vc_column_text][\/vc_column_inner][vc_column_inner width=\u00a0\u00bb1\/2&Prime;][vc_column_text el_class=\u00a0\u00bbfaq_evidenza_domanda\u00a0\u00bb]O\u00f9 puis-je jeter les feuilles de mon essuie-tout Foxy apr\u00e8s utilisation ?[\/vc_column_text][\/vc_column_inner][vc_column_inner width=\u00a0\u00bb1\/2&Prime;][vc_column_text el_class=\u00a0\u00bbfaq_evidenza_risposta\u00a0\u00bb]Selon le type d\u2019utilisation :&#8230;<\/p>\n","protected":false},"author":1,"featured_media":0,"parent":0,"menu_order":0,"comment_status":"closed","ping_status":"closed","template":"","meta":[],"categories":[],"tags":[],"yoast_head":"<!-- This site is optimized with the Yoast SEO plugin v19.14 - https:\/\/yoast.com\/wordpress\/plugins\/seo\/ -->\n<title>Widget Faq Essuie-tout - Foxy<\/title>\n<meta name=\"robots\" content=\"noindex, nofollow\" \/>\n<meta property=\"og:locale\" content=\"fr_FR\" \/>\n<meta property=\"og:type\" content=\"article\" \/>\n<meta property=\"og:title\" content=\"Widget Faq Essuie-tout - Foxy\" \/>\n<meta property=\"og:description\" content=\"[vc_row el_id=\u00a0\u00bbfaq_asciugatutto\u00a0\u00bb][vc_column width=\u00a0\u00bb2\/3&Prime; offset=\u00a0\u00bbvc_col-lg-offset-2 vc_col-md-offset-2&Prime;][vc_column_text el_class=\u00a0\u00bbtitle_category_faq\u00a0\u00bb]Essuie-tout[\/vc_column_text][vc_row_inner el_class=\u00a0\u00bbfaq_evidenza\u00a0\u00bb][vc_column_inner width=\u00a0\u00bb2\/2&Prime;][vc_column_text el_class=\u00a0\u00bbfaq_evidenza_title\u00a0\u00bb] En \u00e9vidence[\/vc_column_text][\/vc_column_inner][vc_column_inner width=\u00a0\u00bb1\/2&Prime;][vc_column_text el_class=\u00a0\u00bbfaq_evidenza_domanda\u00a0\u00bb]O\u00f9 puis-je jeter les feuilles de mon essuie-tout Foxy apr\u00e8s utilisation ?[\/vc_column_text][\/vc_column_inner][vc_column_inner width=\u00a0\u00bb1\/2&Prime;][vc_column_text el_class=\u00a0\u00bbfaq_evidenza_risposta\u00a0\u00bb]Selon le type d\u2019utilisation :...\" \/>\n<meta property=\"og:url\" content=\"https:\/\/www.foxy.eu\/fr\/widget-faq-essuie-tout\/\" \/>\n<meta property=\"og:site_name\" content=\"Foxy\" \/>\n<meta property=\"article:publisher\" content=\"https:\/\/www.facebook.com\/Foxy.Italia\" \/>\n<meta property=\"article:modified_time\" content=\"2022-10-10T08:14:31+00:00\" \/>\n<meta property=\"og:image\" content=\"https:\/\/www.foxy.eu\/wp-content\/uploads\/2020\/09\/faq_evidenza@2x.png\" \/>\n<meta name=\"twitter:card\" content=\"summary_large_image\" \/>\n<meta name=\"twitter:label1\" content=\"Est. reading time\" \/>\n\t<meta name=\"twitter:data1\" content=\"5 minutes\" \/>\n<script type=\"application\/ld+json\" class=\"yoast-schema-graph\">{\"@context\":\"https:\/\/schema.org\",\"@graph\":[{\"@type\":\"WebPage\",\"@id\":\"https:\/\/www.foxy.eu\/fr\/widget-faq-essuie-tout\/\",\"url\":\"https:\/\/www.foxy.eu\/fr\/widget-faq-essuie-tout\/\",\"name\":\"Widget Faq Essuie-tout - Foxy\",\"isPartOf\":{\"@id\":\"https:\/\/www.foxy.eu\/#website\"},\"datePublished\":\"2020-09-17T10:19:59+00:00\",\"dateModified\":\"2022-10-10T08:14:31+00:00\",\"breadcrumb\":{\"@id\":\"https:\/\/www.foxy.eu\/fr\/widget-faq-essuie-tout\/#breadcrumb\"},\"inLanguage\":\"fr-FR\",\"potentialAction\":[{\"@type\":\"ReadAction\",\"target\":[\"https:\/\/www.foxy.eu\/fr\/widget-faq-essuie-tout\/\"]}]},{\"@type\":\"BreadcrumbList\",\"@id\":\"https:\/\/www.foxy.eu\/fr\/widget-faq-essuie-tout\/#breadcrumb\",\"itemListElement\":[{\"@type\":\"ListItem\",\"position\":1,\"name\":\"Home\",\"item\":\"https:\/\/www.foxy.eu\/fr\/\"},{\"@type\":\"ListItem\",\"position\":2,\"name\":\"Widget Faq Essuie-tout\"}]},{\"@type\":\"WebSite\",\"@id\":\"https:\/\/www.foxy.eu\/#website\",\"url\":\"https:\/\/www.foxy.eu\/\",\"name\":\"Foxy\",\"description\":\"Un nuovo sito targato WordPress\",\"publisher\":{\"@id\":\"https:\/\/www.foxy.eu\/#organization\"},\"alternateName\":\"Scopri tutta la gamma di prodotti e iniziative Foxy. Abbiamo pensato a un mondo su misura per te.\",\"potentialAction\":[{\"@type\":\"SearchAction\",\"target\":{\"@type\":\"EntryPoint\",\"urlTemplate\":\"https:\/\/www.foxy.eu\/?s={search_term_string}\"},\"query-input\":\"required name=search_term_string\"}],\"inLanguage\":\"fr-FR\"},{\"@type\":\"Organization\",\"@id\":\"https:\/\/www.foxy.eu\/#organization\",\"name\":\"Foxy | Sempre vicina a te!\",\"alternateName\":\"Scopri tutta la gamma di prodotti e iniziative Foxy. Abbiamo pensato a un mondo su misura per te.\",\"url\":\"https:\/\/www.foxy.eu\/\",\"logo\":{\"@type\":\"ImageObject\",\"inLanguage\":\"fr-FR\",\"@id\":\"https:\/\/www.foxy.eu\/#\/schema\/logo\/image\/\",\"url\":\"https:\/\/enkaz3824io.exactdn.com\/wp-content\/uploads\/2020\/07\/hp_big_logo@2x.png?strip=all&lossy=1&ssl=1\",\"contentUrl\":\"https:\/\/enkaz3824io.exactdn.com\/wp-content\/uploads\/2020\/07\/hp_big_logo@2x.png?strip=all&lossy=1&ssl=1\",\"width\":518,\"height\":366,\"caption\":\"Foxy | Sempre vicina a te!\"},\"image\":{\"@id\":\"https:\/\/www.foxy.eu\/#\/schema\/logo\/image\/\"},\"sameAs\":[\"https:\/\/www.instagram.com\/foxy\/\",\"https:\/\/www.youtube.com\/channel\/UCpCfvrNg7u0O0jSeH9B9ygA\",\"https:\/\/www.facebook.com\/Foxy.Italia\"]}]}<\/script>\n<!-- \/ Yoast SEO plugin. -->","yoast_head_json":{"title":"Widget Faq Essuie-tout - Foxy","robots":{"index":"noindex","follow":"nofollow"},"og_locale":"fr_FR","og_type":"article","og_title":"Widget Faq Essuie-tout - Foxy","og_description":"[vc_row el_id=\u00a0\u00bbfaq_asciugatutto\u00a0\u00bb][vc_column width=\u00a0\u00bb2\/3&Prime; offset=\u00a0\u00bbvc_col-lg-offset-2 vc_col-md-offset-2&Prime;][vc_column_text el_class=\u00a0\u00bbtitle_category_faq\u00a0\u00bb]Essuie-tout[\/vc_column_text][vc_row_inner el_class=\u00a0\u00bbfaq_evidenza\u00a0\u00bb][vc_column_inner width=\u00a0\u00bb2\/2&Prime;][vc_column_text el_class=\u00a0\u00bbfaq_evidenza_title\u00a0\u00bb] En \u00e9vidence[\/vc_column_text][\/vc_column_inner][vc_column_inner width=\u00a0\u00bb1\/2&Prime;][vc_column_text el_class=\u00a0\u00bbfaq_evidenza_domanda\u00a0\u00bb]O\u00f9 puis-je jeter les feuilles de mon essuie-tout Foxy apr\u00e8s utilisation ?[\/vc_column_text][\/vc_column_inner][vc_column_inner width=\u00a0\u00bb1\/2&Prime;][vc_column_text el_class=\u00a0\u00bbfaq_evidenza_risposta\u00a0\u00bb]Selon le type d\u2019utilisation :...","og_url":"https:\/\/www.foxy.eu\/fr\/widget-faq-essuie-tout\/","og_site_name":"Foxy","article_publisher":"https:\/\/www.facebook.com\/Foxy.Italia","article_modified_time":"2022-10-10T08:14:31+00:00","og_image":[{"url":"https:\/\/www.foxy.eu\/wp-content\/uploads\/2020\/09\/faq_evidenza@2x.png"}],"twitter_card":"summary_large_image","twitter_misc":{"Est. reading time":"5 minutes"},"schema":{"@context":"https:\/\/schema.org","@graph":[{"@type":"WebPage","@id":"https:\/\/www.foxy.eu\/fr\/widget-faq-essuie-tout\/","url":"https:\/\/www.foxy.eu\/fr\/widget-faq-essuie-tout\/","name":"Widget Faq Essuie-tout - Foxy","isPartOf":{"@id":"https:\/\/www.foxy.eu\/#website"},"datePublished":"2020-09-17T10:19:59+00:00","dateModified":"2022-10-10T08:14:31+00:00","breadcrumb":{"@id":"https:\/\/www.foxy.eu\/fr\/widget-faq-essuie-tout\/#breadcrumb"},"inLanguage":"fr-FR","potentialAction":[{"@type":"ReadAction","target":["https:\/\/www.foxy.eu\/fr\/widget-faq-essuie-tout\/"]}]},{"@type":"BreadcrumbList","@id":"https:\/\/www.foxy.eu\/fr\/widget-faq-essuie-tout\/#breadcrumb","itemListElement":[{"@type":"ListItem","position":1,"name":"Home","item":"https:\/\/www.foxy.eu\/fr\/"},{"@type":"ListItem","position":2,"name":"Widget Faq Essuie-tout"}]},{"@type":"WebSite","@id":"https:\/\/www.foxy.eu\/#website","url":"https:\/\/www.foxy.eu\/","name":"Foxy","description":"Un nuovo sito targato WordPress","publisher":{"@id":"https:\/\/www.foxy.eu\/#organization"},"alternateName":"Scopri tutta la gamma di prodotti e iniziative Foxy. Abbiamo pensato a un mondo su misura per te.","potentialAction":[{"@type":"SearchAction","target":{"@type":"EntryPoint","urlTemplate":"https:\/\/www.foxy.eu\/?s={search_term_string}"},"query-input":"required name=search_term_string"}],"inLanguage":"fr-FR"},{"@type":"Organization","@id":"https:\/\/www.foxy.eu\/#organization","name":"Foxy | Sempre vicina a te!","alternateName":"Scopri tutta la gamma di prodotti e iniziative Foxy. Abbiamo pensato a un mondo su misura per te.","url":"https:\/\/www.foxy.eu\/","logo":{"@type":"ImageObject","inLanguage":"fr-FR","@id":"https:\/\/www.foxy.eu\/#\/schema\/logo\/image\/","url":"https:\/\/enkaz3824io.exactdn.com\/wp-content\/uploads\/2020\/07\/hp_big_logo@2x.png?strip=all&lossy=1&ssl=1","contentUrl":"https:\/\/enkaz3824io.exactdn.com\/wp-content\/uploads\/2020\/07\/hp_big_logo@2x.png?strip=all&lossy=1&ssl=1","width":518,"height":366,"caption":"Foxy | Sempre vicina a te!"},"image":{"@id":"https:\/\/www.foxy.eu\/#\/schema\/logo\/image\/"},"sameAs":["https:\/\/www.instagram.com\/foxy\/","https:\/\/www.youtube.com\/channel\/UCpCfvrNg7u0O0jSeH9B9ygA","https:\/\/www.facebook.com\/Foxy.Italia"]}]}},"_links":{"self":[{"href":"https:\/\/www.foxy.eu\/fr\/wp-json\/wp\/v2\/pages\/10382"}],"collection":[{"href":"https:\/\/www.foxy.eu\/fr\/wp-json\/wp\/v2\/pages"}],"about":[{"href":"https:\/\/www.foxy.eu\/fr\/wp-json\/wp\/v2\/types\/page"}],"author":[{"embeddable":true,"href":"https:\/\/www.foxy.eu\/fr\/wp-json\/wp\/v2\/users\/1"}],"replies":[{"embeddable":true,"href":"https:\/\/www.foxy.eu\/fr\/wp-json\/wp\/v2\/comments?post=10382"}],"version-history":[{"count":11,"href":"https:\/\/www.foxy.eu\/fr\/wp-json\/wp\/v2\/pages\/10382\/revisions"}],"predecessor-version":[{"id":11134,"href":"https:\/\/www.foxy.eu\/fr\/wp-json\/wp\/v2\/pages\/10382\/revisions\/11134"}],"wp:attachment":[{"href":"https:\/\/www.foxy.eu\/fr\/wp-json\/wp\/v2\/media?parent=10382"}],"wp:term":[{"taxonomy":"category","embeddable":true,"href":"https:\/\/www.foxy.eu\/fr\/wp-json\/wp\/v2\/categories?post=10382"},{"taxonomy":"post_tag","embeddable":true,"href":"https:\/\/www.foxy.eu\/fr\/wp-json\/wp\/v2\/tags?post=10382"}],"curies":[{"name":"wp","href":"https:\/\/api.w.org\/{rel}","templated":true}]}}