
{"id":10379,"date":"2020-09-21T10:41:08","date_gmt":"2020-09-21T08:41:08","guid":{"rendered":"https:\/\/www.foxy.eu\/le-monde-foxy\/foxy-a-la-television\/tutti-gli-spot\/"},"modified":"2022-08-04T12:25:44","modified_gmt":"2022-08-04T10:25:44","slug":"tous-les-spots","status":"publish","type":"page","link":"https:\/\/www.foxy.eu\/fr\/le-monde-foxy\/foxy-a-la-television\/tous-les-spots\/","title":{"rendered":"Tous les spots"},"content":{"rendered":"","protected":false},"excerpt":{"rendered":"","protected":false},"author":1,"featured_media":0,"parent":8706,"menu_order":0,"comment_status":"closed","ping_status":"closed","template":"template-tuttivideo.php","meta":[],"categories":[],"tags":[],"yoast_head":"<!-- This site is optimized with the Yoast SEO plugin v19.14 - https:\/\/yoast.com\/wordpress\/plugins\/seo\/ -->\n<title>Tous les spots - Foxy<\/title>\n<meta name=\"robots\" content=\"index, follow, max-snippet:-1, max-image-preview:large, max-video-preview:-1\" \/>\n<link rel=\"canonical\" href=\"https:\/\/www.foxy.eu\/fr\/le-monde-foxy\/foxy-a-la-television\/tous-les-spots\/\" \/>\n<meta property=\"og:locale\" content=\"fr_FR\" \/>\n<meta property=\"og:type\" content=\"article\" \/>\n<meta property=\"og:title\" content=\"Tous les spots - Foxy\" \/>\n<meta property=\"og:url\" content=\"https:\/\/www.foxy.eu\/fr\/le-monde-foxy\/foxy-a-la-television\/tous-les-spots\/\" \/>\n<meta property=\"og:site_name\" content=\"Foxy\" \/>\n<meta property=\"article:publisher\" content=\"https:\/\/www.facebook.com\/Foxy.Italia\" \/>\n<meta property=\"article:modified_time\" content=\"2022-08-04T10:25:44+00:00\" \/>\n<meta name=\"twitter:card\" content=\"summary_large_image\" \/>\n<script type=\"application\/ld+json\" class=\"yoast-schema-graph\">{\"@context\":\"https:\/\/schema.org\",\"@graph\":[{\"@type\":\"WebPage\",\"@id\":\"https:\/\/www.foxy.eu\/fr\/le-monde-foxy\/foxy-a-la-television\/tous-les-spots\/\",\"url\":\"https:\/\/www.foxy.eu\/fr\/le-monde-foxy\/foxy-a-la-television\/tous-les-spots\/\",\"name\":\"Tous les spots - Foxy\",\"isPartOf\":{\"@id\":\"https:\/\/www.foxy.eu\/#website\"},\"datePublished\":\"2020-09-21T08:41:08+00:00\",\"dateModified\":\"2022-08-04T10:25:44+00:00\",\"breadcrumb\":{\"@id\":\"https:\/\/www.foxy.eu\/fr\/le-monde-foxy\/foxy-a-la-television\/tous-les-spots\/#breadcrumb\"},\"inLanguage\":\"fr-FR\",\"potentialAction\":[{\"@type\":\"ReadAction\",\"target\":[\"https:\/\/www.foxy.eu\/fr\/le-monde-foxy\/foxy-a-la-television\/tous-les-spots\/\"]}]},{\"@type\":\"BreadcrumbList\",\"@id\":\"https:\/\/www.foxy.eu\/fr\/le-monde-foxy\/foxy-a-la-television\/tous-les-spots\/#breadcrumb\",\"itemListElement\":[{\"@type\":\"ListItem\",\"position\":1,\"name\":\"Home\",\"item\":\"https:\/\/www.foxy.eu\/fr\/\"},{\"@type\":\"ListItem\",\"position\":2,\"name\":\"Le monde Foxy\",\"item\":\"https:\/\/www.foxy.eu\/fr\/le-monde-foxy\/\"},{\"@type\":\"ListItem\",\"position\":3,\"name\":\"Foxy \u00e0 la t\u00e9l\u00e9vision\",\"item\":\"https:\/\/www.foxy.eu\/fr\/le-monde-foxy\/foxy-a-la-television\/\"},{\"@type\":\"ListItem\",\"position\":4,\"name\":\"Tous les spots\"}]},{\"@type\":\"WebSite\",\"@id\":\"https:\/\/www.foxy.eu\/#website\",\"url\":\"https:\/\/www.foxy.eu\/\",\"name\":\"Foxy\",\"description\":\"Un nuovo sito targato WordPress\",\"publisher\":{\"@id\":\"https:\/\/www.foxy.eu\/#organization\"},\"alternateName\":\"Scopri tutta la gamma di prodotti e iniziative Foxy. Abbiamo pensato a un mondo su misura per te.\",\"potentialAction\":[{\"@type\":\"SearchAction\",\"target\":{\"@type\":\"EntryPoint\",\"urlTemplate\":\"https:\/\/www.foxy.eu\/?s={search_term_string}\"},\"query-input\":\"required name=search_term_string\"}],\"inLanguage\":\"fr-FR\"},{\"@type\":\"Organization\",\"@id\":\"https:\/\/www.foxy.eu\/#organization\",\"name\":\"Foxy | Sempre vicina a te!\",\"alternateName\":\"Scopri tutta la gamma di prodotti e iniziative Foxy. Abbiamo pensato a un mondo su misura per te.\",\"url\":\"https:\/\/www.foxy.eu\/\",\"logo\":{\"@type\":\"ImageObject\",\"inLanguage\":\"fr-FR\",\"@id\":\"https:\/\/www.foxy.eu\/#\/schema\/logo\/image\/\",\"url\":\"https:\/\/enkaz3824io.exactdn.com\/wp-content\/uploads\/2020\/07\/hp_big_logo@2x.png?strip=all&lossy=1&ssl=1\",\"contentUrl\":\"https:\/\/enkaz3824io.exactdn.com\/wp-content\/uploads\/2020\/07\/hp_big_logo@2x.png?strip=all&lossy=1&ssl=1\",\"width\":518,\"height\":366,\"caption\":\"Foxy | Sempre vicina a te!\"},\"image\":{\"@id\":\"https:\/\/www.foxy.eu\/#\/schema\/logo\/image\/\"},\"sameAs\":[\"https:\/\/www.instagram.com\/foxy\/\",\"https:\/\/www.youtube.com\/channel\/UCpCfvrNg7u0O0jSeH9B9ygA\",\"https:\/\/www.facebook.com\/Foxy.Italia\"]}]}<\/script>\n<!-- \/ Yoast SEO plugin. -->","yoast_head_json":{"title":"Tous les spots - Foxy","robots":{"index":"index","follow":"follow","max-snippet":"max-snippet:-1","max-image-preview":"max-image-preview:large","max-video-preview":"max-video-preview:-1"},"canonical":"https:\/\/www.foxy.eu\/fr\/le-monde-foxy\/foxy-a-la-television\/tous-les-spots\/","og_locale":"fr_FR","og_type":"article","og_title":"Tous les spots - Foxy","og_url":"https:\/\/www.foxy.eu\/fr\/le-monde-foxy\/foxy-a-la-television\/tous-les-spots\/","og_site_name":"Foxy","article_publisher":"https:\/\/www.facebook.com\/Foxy.Italia","article_modified_time":"2022-08-04T10:25:44+00:00","twitter_card":"summary_large_image","schema":{"@context":"https:\/\/schema.org","@graph":[{"@type":"WebPage","@id":"https:\/\/www.foxy.eu\/fr\/le-monde-foxy\/foxy-a-la-television\/tous-les-spots\/","url":"https:\/\/www.foxy.eu\/fr\/le-monde-foxy\/foxy-a-la-television\/tous-les-spots\/","name":"Tous les spots - Foxy","isPartOf":{"@id":"https:\/\/www.foxy.eu\/#website"},"datePublished":"2020-09-21T08:41:08+00:00","dateModified":"2022-08-04T10:25:44+00:00","breadcrumb":{"@id":"https:\/\/www.foxy.eu\/fr\/le-monde-foxy\/foxy-a-la-television\/tous-les-spots\/#breadcrumb"},"inLanguage":"fr-FR","potentialAction":[{"@type":"ReadAction","target":["https:\/\/www.foxy.eu\/fr\/le-monde-foxy\/foxy-a-la-television\/tous-les-spots\/"]}]},{"@type":"BreadcrumbList","@id":"https:\/\/www.foxy.eu\/fr\/le-monde-foxy\/foxy-a-la-television\/tous-les-spots\/#breadcrumb","itemListElement":[{"@type":"ListItem","position":1,"name":"Home","item":"https:\/\/www.foxy.eu\/fr\/"},{"@type":"ListItem","position":2,"name":"Le monde Foxy","item":"https:\/\/www.foxy.eu\/fr\/le-monde-foxy\/"},{"@type":"ListItem","position":3,"name":"Foxy \u00e0 la t\u00e9l\u00e9vision","item":"https:\/\/www.foxy.eu\/fr\/le-monde-foxy\/foxy-a-la-television\/"},{"@type":"ListItem","position":4,"name":"Tous les spots"}]},{"@type":"WebSite","@id":"https:\/\/www.foxy.eu\/#website","url":"https:\/\/www.foxy.eu\/","name":"Foxy","description":"Un nuovo sito targato WordPress","publisher":{"@id":"https:\/\/www.foxy.eu\/#organization"},"alternateName":"Scopri tutta la gamma di prodotti e iniziative Foxy. Abbiamo pensato a un mondo su misura per te.","potentialAction":[{"@type":"SearchAction","target":{"@type":"EntryPoint","urlTemplate":"https:\/\/www.foxy.eu\/?s={search_term_string}"},"query-input":"required name=search_term_string"}],"inLanguage":"fr-FR"},{"@type":"Organization","@id":"https:\/\/www.foxy.eu\/#organization","name":"Foxy | Sempre vicina a te!","alternateName":"Scopri tutta la gamma di prodotti e iniziative Foxy. Abbiamo pensato a un mondo su misura per te.","url":"https:\/\/www.foxy.eu\/","logo":{"@type":"ImageObject","inLanguage":"fr-FR","@id":"https:\/\/www.foxy.eu\/#\/schema\/logo\/image\/","url":"https:\/\/enkaz3824io.exactdn.com\/wp-content\/uploads\/2020\/07\/hp_big_logo@2x.png?strip=all&lossy=1&ssl=1","contentUrl":"https:\/\/enkaz3824io.exactdn.com\/wp-content\/uploads\/2020\/07\/hp_big_logo@2x.png?strip=all&lossy=1&ssl=1","width":518,"height":366,"caption":"Foxy | Sempre vicina a te!"},"image":{"@id":"https:\/\/www.foxy.eu\/#\/schema\/logo\/image\/"},"sameAs":["https:\/\/www.instagram.com\/foxy\/","https:\/\/www.youtube.com\/channel\/UCpCfvrNg7u0O0jSeH9B9ygA","https:\/\/www.facebook.com\/Foxy.Italia"]}]}},"_links":{"self":[{"href":"https:\/\/www.foxy.eu\/fr\/wp-json\/wp\/v2\/pages\/10379"}],"collection":[{"href":"https:\/\/www.foxy.eu\/fr\/wp-json\/wp\/v2\/pages"}],"about":[{"href":"https:\/\/www.foxy.eu\/fr\/wp-json\/wp\/v2\/types\/page"}],"author":[{"embeddable":true,"href":"https:\/\/www.foxy.eu\/fr\/wp-json\/wp\/v2\/users\/1"}],"replies":[{"embeddable":true,"href":"https:\/\/www.foxy.eu\/fr\/wp-json\/wp\/v2\/comments?post=10379"}],"version-history":[{"count":1,"href":"https:\/\/www.foxy.eu\/fr\/wp-json\/wp\/v2\/pages\/10379\/revisions"}],"predecessor-version":[{"id":10380,"href":"https:\/\/www.foxy.eu\/fr\/wp-json\/wp\/v2\/pages\/10379\/revisions\/10380"}],"up":[{"embeddable":true,"href":"https:\/\/www.foxy.eu\/fr\/wp-json\/wp\/v2\/pages\/8706"}],"wp:attachment":[{"href":"https:\/\/www.foxy.eu\/fr\/wp-json\/wp\/v2\/media?parent=10379"}],"wp:term":[{"taxonomy":"category","embeddable":true,"href":"https:\/\/www.foxy.eu\/fr\/wp-json\/wp\/v2\/categories?post=10379"},{"taxonomy":"post_tag","embeddable":true,"href":"https:\/\/www.foxy.eu\/fr\/wp-json\/wp\/v2\/tags?post=10379"}],"curies":[{"name":"wp","href":"https:\/\/api.w.org\/{rel}","templated":true}]}}