
{"id":10330,"date":"2020-07-28T15:42:10","date_gmt":"2020-07-28T13:42:10","guid":{"rendered":"https:\/\/www.foxy.eu\/nos-produits\/asciugatutto\/"},"modified":"2022-10-10T10:12:32","modified_gmt":"2022-10-10T08:12:32","slug":"essuie-tout","status":"publish","type":"page","link":"https:\/\/www.foxy.eu\/fr\/nos-produits\/essuie-tout\/","title":{"rendered":"Essuie-tout"},"content":{"rendered":"<p>[vc_row el_class=\u00a0\u00bbfaq_category\u00a0\u00bb][vc_column width=\u00a0\u00bb2\/12&Prime;][vc_single_image image=\u00a0\u00bb10338&Prime; img_size=\u00a0\u00bbfull\u00a0\u00bb alignment=\u00a0\u00bbcenter\u00a0\u00bb][\/vc_column][vc_column width=\u00a0\u00bb10\/12&Prime;][vc_column_text el_class=\u00a0\u00bbtitle_faq_category\u00a0\u00bb]O\u00f9 puis-je jeter les feuilles de mon essuie-tout Foxy apr\u00e8s utilisation ?[\/vc_column_text][vc_column_text el_class=\u00a0\u00bbdesc_faq_category\u00a0\u00bb]Selon le type d\u2019utilisation:<\/p>\n<ul>\n<li>s\u2019ils ne pr\u00e9sentent pas de r\u00e9sidus organiques, ils peuvent \u00eatre jet\u00e9s avec le papier,<\/li>\n<li>s\u2019ils pr\u00e9sentent des r\u00e9sidus organiques, ils peuvent \u00eatre jet\u00e9s dans les biod\u00e9chets,<\/li>\n<li>s\u2019ils ont \u00e9t\u00e9 au contact de d\u00e9tergents ou de solutions hydro-alcooliques pour l\u2019assainissement des surfaces, ils devront \u00eatre jet\u00e9s dans la poubelle des ordures m\u00e9nag\u00e8res.<\/li>\n<\/ul>\n<p>Il est recommand\u00e9 de consulter le r\u00e8glement de votre commune de r\u00e9sidence.<\/p>\n<p>[\/vc_column_text][vc_row_inner equal_height=\u00a0\u00bbyes\u00a0\u00bb content_placement=\u00a0\u00bbmiddle\u00a0\u00bb el_class=\u00a0\u00bbbottom_faq_category\u00a0\u00bb][vc_column_inner offset=\u00a0\u00bbvc_col-lg-7 vc_col-md-7 vc_col-xs-12&Prime;][vc_column_text el_class=\u00a0\u00bbquestion_faq_category\u00a0\u00bb]Voulez-vous en savoir plus sur les essuie-tout Foxy ?[\/vc_column_text][\/vc_column_inner][vc_column_inner offset=\u00a0\u00bbvc_col-lg-5 vc_col-md-5 vc_col-xs-12&Prime;]<div class=\" ubtn-ctn-left btn-freccia freccia-blu btn-white\"><a class=\"ubtn-link ult-adjust-bottom-margin ubtn-left ubtn-normal btn-freccia freccia-blu btn-white\" href=\"https:\/\/www.foxy.eu\/fr\/questions-frequentes\/#faq_essuie_tout\" title=\"Questions frequentes\" ><button type=\"button\" id=\"ubtn-2276\"  class=\"ubtn ult-adjust-bottom-margin ult-responsive ubtn-normal ubtn-no-hover-bg  none  ubtn-left   tooltip-69f1ea7d179c1\"  data-hover=\"\" data-border-color=\"\" data-bg=\"\" data-hover-bg=\"\" data-border-hover=\"\" data-shadow-hover=\"\" data-shadow-click=\"none\" data-shadow=\"\" data-shd-shadow=\"\"  data-ultimate-target='#ubtn-2276'  data-responsive-json-new='{\"font-size\":\"\",\"line-height\":\"\"}'  style=\"font-weight:normal;border:none;\"><span class=\"ubtn-hover\" style=\"background-color:\"><\/span><span class=\"ubtn-data ubtn-text \" >Toutes les r\u00e9ponses<\/span><\/button><\/a><\/div>[\/vc_column_inner][\/vc_row_inner][\/vc_column][\/vc_row]<\/p>\n","protected":false},"excerpt":{"rendered":"<p>[vc_row el_class=\u00a0\u00bbfaq_category\u00a0\u00bb][vc_column width=\u00a0\u00bb2\/12&Prime;][vc_single_image image=\u00a0\u00bb10338&Prime; img_size=\u00a0\u00bbfull\u00a0\u00bb alignment=\u00a0\u00bbcenter\u00a0\u00bb][\/vc_column][vc_column width=\u00a0\u00bb10\/12&Prime;][vc_column_text el_class=\u00a0\u00bbtitle_faq_category\u00a0\u00bb]O\u00f9 puis-je jeter les feuilles de mon essuie-tout Foxy apr\u00e8s utilisation ?[\/vc_column_text][vc_column_text el_class=\u00a0\u00bbdesc_faq_category\u00a0\u00bb]Selon le type d\u2019utilisation: s\u2019ils ne pr\u00e9sentent pas de r\u00e9sidus organiques,&#8230;<\/p>\n","protected":false},"author":1,"featured_media":0,"parent":8592,"menu_order":0,"comment_status":"closed","ping_status":"closed","template":"template-category.php","meta":[],"categories":[83],"tags":[],"yoast_head":"<!-- This site is optimized with the Yoast SEO plugin v19.14 - https:\/\/yoast.com\/wordpress\/plugins\/seo\/ -->\n<title>Essuie-tout - Foxy<\/title>\n<meta name=\"robots\" content=\"index, follow, max-snippet:-1, max-image-preview:large, max-video-preview:-1\" \/>\n<link rel=\"canonical\" href=\"https:\/\/www.foxy.eu\/fr\/nos-produits\/essuie-tout\/\" \/>\n<meta property=\"og:locale\" content=\"fr_FR\" \/>\n<meta property=\"og:type\" content=\"article\" \/>\n<meta property=\"og:title\" content=\"Essuie-tout - Foxy\" \/>\n<meta property=\"og:description\" content=\"[vc_row el_class=\u00a0\u00bbfaq_category\u00a0\u00bb][vc_column width=\u00a0\u00bb2\/12&Prime;][vc_single_image image=\u00a0\u00bb10338&Prime; img_size=\u00a0\u00bbfull\u00a0\u00bb alignment=\u00a0\u00bbcenter\u00a0\u00bb][\/vc_column][vc_column width=\u00a0\u00bb10\/12&Prime;][vc_column_text el_class=\u00a0\u00bbtitle_faq_category\u00a0\u00bb]O\u00f9 puis-je jeter les feuilles de mon essuie-tout Foxy apr\u00e8s utilisation ?[\/vc_column_text][vc_column_text el_class=\u00a0\u00bbdesc_faq_category\u00a0\u00bb]Selon le type d\u2019utilisation: s\u2019ils ne pr\u00e9sentent pas de r\u00e9sidus organiques,...\" \/>\n<meta property=\"og:url\" content=\"https:\/\/www.foxy.eu\/fr\/nos-produits\/essuie-tout\/\" \/>\n<meta property=\"og:site_name\" content=\"Foxy\" \/>\n<meta property=\"article:publisher\" content=\"https:\/\/www.facebook.com\/Foxy.Italia\" \/>\n<meta property=\"article:modified_time\" content=\"2022-10-10T08:12:32+00:00\" \/>\n<meta name=\"twitter:card\" content=\"summary_large_image\" \/>\n<meta name=\"twitter:label1\" content=\"Est. reading time\" \/>\n\t<meta name=\"twitter:data1\" content=\"1 minute\" \/>\n<script type=\"application\/ld+json\" class=\"yoast-schema-graph\">{\"@context\":\"https:\/\/schema.org\",\"@graph\":[{\"@type\":\"WebPage\",\"@id\":\"https:\/\/www.foxy.eu\/fr\/nos-produits\/essuie-tout\/\",\"url\":\"https:\/\/www.foxy.eu\/fr\/nos-produits\/essuie-tout\/\",\"name\":\"Essuie-tout - Foxy\",\"isPartOf\":{\"@id\":\"https:\/\/www.foxy.eu\/#website\"},\"datePublished\":\"2020-07-28T13:42:10+00:00\",\"dateModified\":\"2022-10-10T08:12:32+00:00\",\"breadcrumb\":{\"@id\":\"https:\/\/www.foxy.eu\/fr\/nos-produits\/essuie-tout\/#breadcrumb\"},\"inLanguage\":\"fr-FR\",\"potentialAction\":[{\"@type\":\"ReadAction\",\"target\":[\"https:\/\/www.foxy.eu\/fr\/nos-produits\/essuie-tout\/\"]}]},{\"@type\":\"BreadcrumbList\",\"@id\":\"https:\/\/www.foxy.eu\/fr\/nos-produits\/essuie-tout\/#breadcrumb\",\"itemListElement\":[{\"@type\":\"ListItem\",\"position\":1,\"name\":\"Home\",\"item\":\"https:\/\/www.foxy.eu\/fr\/\"},{\"@type\":\"ListItem\",\"position\":2,\"name\":\"Nos produits\",\"item\":\"https:\/\/www.foxy.eu\/fr\/nos-produits\/\"},{\"@type\":\"ListItem\",\"position\":3,\"name\":\"Essuie-tout\"}]},{\"@type\":\"WebSite\",\"@id\":\"https:\/\/www.foxy.eu\/#website\",\"url\":\"https:\/\/www.foxy.eu\/\",\"name\":\"Foxy\",\"description\":\"Un nuovo sito targato WordPress\",\"publisher\":{\"@id\":\"https:\/\/www.foxy.eu\/#organization\"},\"alternateName\":\"Scopri tutta la gamma di prodotti e iniziative Foxy. Abbiamo pensato a un mondo su misura per te.\",\"potentialAction\":[{\"@type\":\"SearchAction\",\"target\":{\"@type\":\"EntryPoint\",\"urlTemplate\":\"https:\/\/www.foxy.eu\/?s={search_term_string}\"},\"query-input\":\"required name=search_term_string\"}],\"inLanguage\":\"fr-FR\"},{\"@type\":\"Organization\",\"@id\":\"https:\/\/www.foxy.eu\/#organization\",\"name\":\"Foxy | Sempre vicina a te!\",\"alternateName\":\"Scopri tutta la gamma di prodotti e iniziative Foxy. Abbiamo pensato a un mondo su misura per te.\",\"url\":\"https:\/\/www.foxy.eu\/\",\"logo\":{\"@type\":\"ImageObject\",\"inLanguage\":\"fr-FR\",\"@id\":\"https:\/\/www.foxy.eu\/#\/schema\/logo\/image\/\",\"url\":\"https:\/\/enkaz3824io.exactdn.com\/wp-content\/uploads\/2020\/07\/hp_big_logo@2x.png?strip=all&lossy=1&ssl=1\",\"contentUrl\":\"https:\/\/enkaz3824io.exactdn.com\/wp-content\/uploads\/2020\/07\/hp_big_logo@2x.png?strip=all&lossy=1&ssl=1\",\"width\":518,\"height\":366,\"caption\":\"Foxy | Sempre vicina a te!\"},\"image\":{\"@id\":\"https:\/\/www.foxy.eu\/#\/schema\/logo\/image\/\"},\"sameAs\":[\"https:\/\/www.instagram.com\/foxy\/\",\"https:\/\/www.youtube.com\/channel\/UCpCfvrNg7u0O0jSeH9B9ygA\",\"https:\/\/www.facebook.com\/Foxy.Italia\"]}]}<\/script>\n<!-- \/ Yoast SEO plugin. -->","yoast_head_json":{"title":"Essuie-tout - Foxy","robots":{"index":"index","follow":"follow","max-snippet":"max-snippet:-1","max-image-preview":"max-image-preview:large","max-video-preview":"max-video-preview:-1"},"canonical":"https:\/\/www.foxy.eu\/fr\/nos-produits\/essuie-tout\/","og_locale":"fr_FR","og_type":"article","og_title":"Essuie-tout - Foxy","og_description":"[vc_row el_class=\u00a0\u00bbfaq_category\u00a0\u00bb][vc_column width=\u00a0\u00bb2\/12&Prime;][vc_single_image image=\u00a0\u00bb10338&Prime; img_size=\u00a0\u00bbfull\u00a0\u00bb alignment=\u00a0\u00bbcenter\u00a0\u00bb][\/vc_column][vc_column width=\u00a0\u00bb10\/12&Prime;][vc_column_text el_class=\u00a0\u00bbtitle_faq_category\u00a0\u00bb]O\u00f9 puis-je jeter les feuilles de mon essuie-tout Foxy apr\u00e8s utilisation ?[\/vc_column_text][vc_column_text el_class=\u00a0\u00bbdesc_faq_category\u00a0\u00bb]Selon le type d\u2019utilisation: s\u2019ils ne pr\u00e9sentent pas de r\u00e9sidus organiques,...","og_url":"https:\/\/www.foxy.eu\/fr\/nos-produits\/essuie-tout\/","og_site_name":"Foxy","article_publisher":"https:\/\/www.facebook.com\/Foxy.Italia","article_modified_time":"2022-10-10T08:12:32+00:00","twitter_card":"summary_large_image","twitter_misc":{"Est. reading time":"1 minute"},"schema":{"@context":"https:\/\/schema.org","@graph":[{"@type":"WebPage","@id":"https:\/\/www.foxy.eu\/fr\/nos-produits\/essuie-tout\/","url":"https:\/\/www.foxy.eu\/fr\/nos-produits\/essuie-tout\/","name":"Essuie-tout - Foxy","isPartOf":{"@id":"https:\/\/www.foxy.eu\/#website"},"datePublished":"2020-07-28T13:42:10+00:00","dateModified":"2022-10-10T08:12:32+00:00","breadcrumb":{"@id":"https:\/\/www.foxy.eu\/fr\/nos-produits\/essuie-tout\/#breadcrumb"},"inLanguage":"fr-FR","potentialAction":[{"@type":"ReadAction","target":["https:\/\/www.foxy.eu\/fr\/nos-produits\/essuie-tout\/"]}]},{"@type":"BreadcrumbList","@id":"https:\/\/www.foxy.eu\/fr\/nos-produits\/essuie-tout\/#breadcrumb","itemListElement":[{"@type":"ListItem","position":1,"name":"Home","item":"https:\/\/www.foxy.eu\/fr\/"},{"@type":"ListItem","position":2,"name":"Nos produits","item":"https:\/\/www.foxy.eu\/fr\/nos-produits\/"},{"@type":"ListItem","position":3,"name":"Essuie-tout"}]},{"@type":"WebSite","@id":"https:\/\/www.foxy.eu\/#website","url":"https:\/\/www.foxy.eu\/","name":"Foxy","description":"Un nuovo sito targato WordPress","publisher":{"@id":"https:\/\/www.foxy.eu\/#organization"},"alternateName":"Scopri tutta la gamma di prodotti e iniziative Foxy. Abbiamo pensato a un mondo su misura per te.","potentialAction":[{"@type":"SearchAction","target":{"@type":"EntryPoint","urlTemplate":"https:\/\/www.foxy.eu\/?s={search_term_string}"},"query-input":"required name=search_term_string"}],"inLanguage":"fr-FR"},{"@type":"Organization","@id":"https:\/\/www.foxy.eu\/#organization","name":"Foxy | Sempre vicina a te!","alternateName":"Scopri tutta la gamma di prodotti e iniziative Foxy. Abbiamo pensato a un mondo su misura per te.","url":"https:\/\/www.foxy.eu\/","logo":{"@type":"ImageObject","inLanguage":"fr-FR","@id":"https:\/\/www.foxy.eu\/#\/schema\/logo\/image\/","url":"https:\/\/enkaz3824io.exactdn.com\/wp-content\/uploads\/2020\/07\/hp_big_logo@2x.png?strip=all&lossy=1&ssl=1","contentUrl":"https:\/\/enkaz3824io.exactdn.com\/wp-content\/uploads\/2020\/07\/hp_big_logo@2x.png?strip=all&lossy=1&ssl=1","width":518,"height":366,"caption":"Foxy | Sempre vicina a te!"},"image":{"@id":"https:\/\/www.foxy.eu\/#\/schema\/logo\/image\/"},"sameAs":["https:\/\/www.instagram.com\/foxy\/","https:\/\/www.youtube.com\/channel\/UCpCfvrNg7u0O0jSeH9B9ygA","https:\/\/www.facebook.com\/Foxy.Italia"]}]}},"_links":{"self":[{"href":"https:\/\/www.foxy.eu\/fr\/wp-json\/wp\/v2\/pages\/10330"}],"collection":[{"href":"https:\/\/www.foxy.eu\/fr\/wp-json\/wp\/v2\/pages"}],"about":[{"href":"https:\/\/www.foxy.eu\/fr\/wp-json\/wp\/v2\/types\/page"}],"author":[{"embeddable":true,"href":"https:\/\/www.foxy.eu\/fr\/wp-json\/wp\/v2\/users\/1"}],"replies":[{"embeddable":true,"href":"https:\/\/www.foxy.eu\/fr\/wp-json\/wp\/v2\/comments?post=10330"}],"version-history":[{"count":11,"href":"https:\/\/www.foxy.eu\/fr\/wp-json\/wp\/v2\/pages\/10330\/revisions"}],"predecessor-version":[{"id":11133,"href":"https:\/\/www.foxy.eu\/fr\/wp-json\/wp\/v2\/pages\/10330\/revisions\/11133"}],"up":[{"embeddable":true,"href":"https:\/\/www.foxy.eu\/fr\/wp-json\/wp\/v2\/pages\/8592"}],"wp:attachment":[{"href":"https:\/\/www.foxy.eu\/fr\/wp-json\/wp\/v2\/media?parent=10330"}],"wp:term":[{"taxonomy":"category","embeddable":true,"href":"https:\/\/www.foxy.eu\/fr\/wp-json\/wp\/v2\/categories?post=10330"},{"taxonomy":"post_tag","embeddable":true,"href":"https:\/\/www.foxy.eu\/fr\/wp-json\/wp\/v2\/tags?post=10330"}],"curies":[{"name":"wp","href":"https:\/\/api.w.org\/{rel}","templated":true}]}}