
{"id":10298,"date":"2020-09-17T11:13:36","date_gmt":"2020-09-17T09:13:36","guid":{"rendered":"https:\/\/www.foxy.eu\/foxy-per-unicef-old\/"},"modified":"2025-06-10T15:39:19","modified_gmt":"2025-06-10T13:39:19","slug":"foxy-pour-lunicef","status":"publish","type":"page","link":"https:\/\/www.foxy.eu\/fr\/lengagement-de-foxy\/foxy-pour-lunicef\/","title":{"rendered":"Foxy pour l&rsquo;UNICEF"},"content":{"rendered":"<p>[vc_row full_width=\u00a0\u00bbstretch_row_content\u00a0\u00bb equal_height=\u00a0\u00bbyes\u00a0\u00bb content_placement=\u00a0\u00bbmiddle\u00a0\u00bb el_class=\u00a0\u00bbsotto-hero\u00a0\u00bb][vc_column width=\u00a0\u00bb1\/3&Prime;]<div class=\" ubtn-ctn-left btn-freccia btn-freccia-back\"><a class=\"ubtn-link ult-adjust-bottom-margin ubtn-left ubtn-large btn-freccia btn-freccia-back\" href=\"https:\/\/www.foxy.eu\/fr\/lengagement-de-foxy\/\" title=\"L\u2019engagement de Foxy\" ><button type=\"button\" id=\"ubtn-7902\"  class=\"ubtn ult-adjust-bottom-margin ult-responsive ubtn-large ubtn-no-hover-bg  none  ubtn-left   tooltip-69f08540d6f54\"  data-hover=\"\" data-border-color=\"\" data-bg=\"\" data-hover-bg=\"\" data-border-hover=\"\" data-shadow-hover=\"\" data-shadow-click=\"none\" data-shadow=\"\" data-shd-shadow=\"\"  data-ultimate-target='#ubtn-7902'  data-responsive-json-new='{\"font-size\":\"\",\"line-height\":\"\"}'  style=\"font-weight:normal;border:none;\"><span class=\"ubtn-hover\" style=\"background-color:\"><\/span><span class=\"ubtn-data ubtn-text \" >L\u2019engagement de Foxy<\/span><\/button><\/a><\/div>[\/vc_column][vc_column width=\u00a0\u00bb1\/3&Prime;][vc_single_image image=\u00a0\u00bb10301&Prime; img_size=\u00a0\u00bbfull\u00a0\u00bb alignment=\u00a0\u00bbcenter\u00a0\u00bb el_class=\u00a0\u00bblogo-associazione\u00a0\u00bb][\/vc_column][vc_column width=\u00a0\u00bb1\/3&Prime;][\/vc_column][\/vc_row][vc_row el_class=\u00a0\u00bbmbot60&Prime;][vc_column width=\u00a0\u00bb5\/6&Prime; offset=\u00a0\u00bbvc_col-lg-offset-2 vc_col-lg-8 vc_col-md-offset-2 vc_col-md-8 vc_col-sm-offset-1&Prime;][vc_column_text el_class=\u00a0\u00bbtext-center\u00a0\u00bb]<\/p>\n<h2>Foxy depuis plus de 20 ans aux c\u00f4t\u00e9s de l&rsquo;UNICEF<\/h2>\n<p>[\/vc_column_text][\/vc_column][\/vc_row][vc_row equal_height=\u00a0\u00bbyes\u00a0\u00bb content_placement=\u00a0\u00bbmiddle\u00a0\u00bb el_class=\u00a0\u00bbmbot100&Prime;][vc_column width=\u00a0\u00bb1\/2&Prime;][vc_single_image image=\u00a0\u00bb10309&Prime; img_size=\u00a0\u00bbfull\u00a0\u00bb el_class=\u00a0\u00bbimg-radius img-shadow-basso-destra\u00a0\u00bb][\/vc_column][vc_column width=\u00a0\u00bb1\/2&Prime; offset=\u00a0\u00bbvc_col-lg-offset-1 vc_col-lg-4&Prime;][vc_column_text]<\/p>\n<h3>Depuis 2000, FOXY soutient l\u2019UNICEF dans ses engagements pour la protection de l\u2019enfance, gr\u00e2ce \u00e0 un soutien \u00e9conomique concret et une participation active dans la diffusion et la promotion des initiatives de l\u2019UNICEF.<\/h3>\n<p>[\/vc_column_text][vc_column_text]N\u00e9e en Italie, la collaboration entre Foxy et l\u2019UNICEF est imm\u00e9diatement destin\u00e9e \u00e0 durer dans le temps et a \u00e9t\u00e9 progressivement \u00e9tendue aux autres pays o\u00f9 Foxy est pr\u00e9sent : en 2008 en Pologne, en donnant des fonds au programme \u00ab\u00a0\u00c9coles pour l\u2019Afrique\u00a0\u00bb et en 2012 en Espagne, en soutenant le projet \u00ab\u00a0Escuelas en Mali\u00a0\u00bb.[\/vc_column_text][\/vc_column][\/vc_row][vc_row equal_height=\u00a0\u00bbyes\u00a0\u00bb content_placement=\u00a0\u00bbmiddle\u00a0\u00bb el_class=\u00a0\u00bbmbot100&Prime;][vc_column width=\u00a0\u00bb1\/2&Prime; offset=\u00a0\u00bbvc_col-lg-offset-1 vc_col-lg-4&Prime; el_class=\u00a0\u00bborder-2&Prime;][vc_column_text]<\/p>\n<h3>Ces 20 derni\u00e8res ann\u00e9es, Foxy a accompagn\u00e9 l&rsquo;UNICEF, au niveau europ\u00e9en, avec plus de 6 millions d&rsquo;\u20ac de dons<\/h3>\n<p>[\/vc_column_text][vc_column_text]Durant les premi\u00e8res ann\u00e9es, Foxy s\u2019est impliqu\u00e9e aupr\u00e8s de l\u2019UNICEF sur diff\u00e9rents projets &#8211; Campagne de vaccination (2000), Toutes les filles \u00e0 l\u2019\u00e9cole (2001), Urgence Irak (2003) avant de se concentrer, depuis 2002 sans interruption, sur l\u2019op\u00e9ration : \u00a0\u00bb Adotta una Pigotta\u00ae \u00a0\u00bb (Adopte une Pigotta\u00ae).[\/vc_column_text][\/vc_column][vc_column width=\u00a0\u00bb1\/2&Prime; offset=\u00a0\u00bbvc_col-lg-offset-1 vc_col-lg-6&Prime;][vc_single_image image=\u00a0\u00bb10310&Prime; img_size=\u00a0\u00bbfull\u00a0\u00bb el_class=\u00a0\u00bbimg-radius img-shadow-basso-destra\u00a0\u00bb][\/vc_column][\/vc_row][vc_row equal_height=\u00a0\u00bbyes\u00a0\u00bb content_placement=\u00a0\u00bbmiddle\u00a0\u00bb el_class=\u00a0\u00bbmbot100&Prime;][vc_column width=\u00a0\u00bb1\/2&Prime; offset=\u00a0\u00bbvc_col-lg-offset-1 vc_col-lg-4 vc_col-md-offset-1 vc_col-md-5&Prime;][vc_column_text]<\/p>\n<h2>Qu&rsquo;est-ce que la Pigotta<\/h2>\n<p>[\/vc_column_text][vc_column_text]La Pigotta est la poup\u00e9e de chiffon de l\u2019UNICEF symbole de la lutte contre la mortalit\u00e9 infantile. Depuis son lancement, en effet, l\u2019initiative \u00ab\u00a0Adotta una Pigotta\u00a0\u00bb a permis de sauver plus d\u2019un million et demi d\u2019enfants.<\/p>\n<p>Des quatre coins de l\u2019Italie, dans les \u00e9coles, dans les familles, dans les maisons de retraite, \u2026 ce sont des milliers de personnes qui r\u00e9alisent chaque ann\u00e9e leur propre \u00ab Pigotta\u00ae \u00bb pour les offrir \u00e0 l\u2019UNICEF. Toutes les poup\u00e9es ainsi r\u00e9colt\u00e9es sont propos\u00e9es \u00e0 l\u2019adoption sur plus de 500 places d\u2019Italie en d\u00e9cembre chaque ann\u00e9e dans les \u00ab points d\u2019adoption UNICEF \u00bb contre un don de 20\u20ac minimum.<\/p>\n<p>Chaque Pigotta adopt\u00e9e soutient l\u2019UNICEF dans sa t\u00e2che importante d\u2019aider chaque enfant en danger, o\u00f9 qu\u2019il se trouve, en apportant des vaccins, des aliments th\u00e9rapeutiques, des soins ou encore en construisant des puits et des \u00e9coles.[\/vc_column_text][\/vc_column][vc_column width=\u00a0\u00bb1\/2&Prime; offset=\u00a0\u00bbvc_col-lg-offset-2 vc_col-lg-4 vc_col-md-offset-1 vc_col-md-4&Prime; el_class=\u00a0\u00bbbox-sostieni box-unicef text-center\u00a0\u00bb][vc_single_image image=\u00a0\u00bb10306&Prime; img_size=\u00a0\u00bbfull\u00a0\u00bb alignment=\u00a0\u00bbcenter\u00a0\u00bb][vc_column_text]<\/p>\n<h4>Vous aussi soutenez l&rsquo;Unicef<\/h4>\n<p>[\/vc_column_text][vc_column_text]Unicef France<\/p>\n<p>3 Rue Duguay Trouin<br \/>\n75006 Paris<\/p>\n<p>Service donateurs: 0969.368.468<br \/>\n<a href=\"https:\/\/www.unicef.fr\/\">www.unicef.fr<\/a>[\/vc_column_text][\/vc_column][\/vc_row][vc_row full_width=\u00a0\u00bbstretch_row_content_no_spaces\u00a0\u00bb][vc_column][vc_single_image image=\u00a0\u00bb10719&Prime; img_size=\u00a0\u00bbfull\u00a0\u00bb alignment=\u00a0\u00bbcenter\u00a0\u00bb el_class=\u00a0\u00bbhidden-xs hidden-sm\u00a0\u00bb][vc_single_image image=\u00a0\u00bb10724&Prime; img_size=\u00a0\u00bbfull\u00a0\u00bb alignment=\u00a0\u00bbcenter\u00a0\u00bb el_class=\u00a0\u00bbhidden-md hidden-lg hidden-xl\u00a0\u00bb][\/vc_column][\/vc_row][vc_row el_class=\u00a0\u00bbmtop100 mbot100&Prime;][vc_column offset=\u00a0\u00bbvc_col-lg-offset-3 vc_col-lg-6 vc_col-md-offset-2 vc_col-md-8&Prime;][vc_column_text]<\/p>\n<h2>L&rsquo;engagement de Foxy<\/h2>\n<h3>Avec l\u2019\u00e9mergence de l\u2019urgence sanitaire en 2020, Foxy a d\u00e9cid\u00e9 d\u2019\u00eatre aux c\u00f4t\u00e9s de l\u2019UNICEF \u00e9galement dans la lutte contre le COVID-19, avec un don extraordinaire total de 320.000\u20ac.<\/h3>\n<p>[\/vc_column_text][vc_column_text]Pour la premi\u00e8re fois depuis l\u2019apr\u00e8s-guerre, l\u2019UNICEF a \u00e9t\u00e9 confront\u00e9e \u00e0 une nouvelle urgence en Europe et dans le monde. Dans la pire p\u00e9riode de la pand\u00e9mie, Foxy a accompagn\u00e9 l&rsquo;Unicef Italie dans l&rsquo;achat de dispositifs sanitaires &#8211; notamment des masques de protection, des gants et des lunettes &#8211; destin\u00e9s aux professionnels de la sant\u00e9 dans les h\u00f4pitaux italiens.<br \/>\nPlus largement, Foxy a renouvel\u00e9 en 2021 son engagement avec un don de 220.000 euros, destin\u00e9 \u00e0 soutenir l&rsquo;UNICEF dans la plus grande op\u00e9ration d\u2019approvisionnement et de fourniture de vaccins pour le compte du Global COVAX Facility.<br \/>\nCOVAX est une collaboration globale pour partager des comp\u00e9tences, des exp\u00e9riences et mettre en place un r\u00e9seau unique de distribution au profit des pays les plus en difficult\u00e9. Sur les 2 milliards de vaccins que COVAX entend mettre \u00e0 disposition d\u2019ici fin 2021, au moins 1,3 milliard de doses devront \u00eatre destin\u00e9es aux \u00e9conomies \u00e0 faible revenu.<br \/>\nLa vaccination dans les pays \u00e0 revenu moyen ou faible est en effet l\u2019une des interventions indispensables pour vaincre d\u00e9finitivement le COVID-19 et favoriser ainsi le retour \u00e0 la pleine normalit\u00e9.[\/vc_column_text][\/vc_column][\/vc_row][vc_row equal_height=\u00a0\u00bbyes\u00a0\u00bb el_class=\u00a0\u00bbbanner_schede\u00a0\u00bb][vc_column offset=\u00a0\u00bbvc_col-lg-offset-0 vc_col-md-offset-0&Prime;][vc_column_text el_class=\u00a0\u00bbtext-center title_mondo_foxy_related\u00a0\u00bb]D\u00e9couvrez l&rsquo;engagement de Foxy[\/vc_column_text][\/vc_column][vc_column width=\u00a0\u00bb1\/3&Prime; offset=\u00a0\u00bbvc_col-lg-offset-0 vc_col-md-offset-0 vc_col-sm-offset-0&Prime;][vc_single_image image=\u00a0\u00bb21320&Prime; img_size=\u00a0\u00bbfull\u00a0\u00bb alignment=\u00a0\u00bbcenter\u00a0\u00bb onclick=\u00a0\u00bbcustom_link\u00a0\u00bb link=\u00a0\u00bbhttps:\/\/www.foxy.eu\/fr\/lengagement-de-foxy\/lengagement-pour-la-transparence\/\u00a0\u00bb][vc_column_text el_class=\u00a0\u00bbbanner_schede_cta\u00a0\u00bb]<a href=\"https:\/\/www.foxy.eu\/fr\/lengagement-de-foxy\/lengagement-pour-la-transparence\/\">L\u2019engagement pour la transparence<\/a>[\/vc_column_text][\/vc_column][vc_column width=\u00a0\u00bb1\/3&Prime; offset=\u00a0\u00bbvc_col-lg-offset-0 vc_col-md-offset-0 vc_col-sm-offset-0&Prime;][vc_single_image image=\u00a0\u00bb12351&Prime; img_size=\u00a0\u00bbfull\u00a0\u00bb alignment=\u00a0\u00bbcenter\u00a0\u00bb onclick=\u00a0\u00bbcustom_link\u00a0\u00bb link=\u00a0\u00bbhttps:\/\/www.foxy.eu\/fr\/lengagement-de-foxy\/3bee\/\u00a0\u00bb][vc_column_text el_class=\u00a0\u00bbbanner_schede_cta\u00a0\u00bb]<a href=\"https:\/\/www.foxy.eu\/fr\/lengagement-de-foxy\/3bee\/\">3Bee<\/a>[\/vc_column_text][\/vc_column][vc_column width=\u00a0\u00bb1\/3&Prime; offset=\u00a0\u00bbvc_col-lg-offset-0 vc_col-md-offset-0 vc_col-sm-offset-0&Prime;][vc_single_image image=\u00a0\u00bb21305&Prime; img_size=\u00a0\u00bbfull\u00a0\u00bb alignment=\u00a0\u00bbcenter\u00a0\u00bb onclick=\u00a0\u00bbcustom_link\u00a0\u00bb link=\u00a0\u00bbhttps:\/\/www.foxy.eu\/fr\/lengagement-de-foxy\/navilens\/\u00a0\u00bb][vc_column_text el_class=\u00a0\u00bbbanner_schede_cta\u00a0\u00bb]<a href=\"https:\/\/www.foxy.eu\/fr\/lengagement-de-foxy\/navilens\/\">Navilens<\/a>[\/vc_column_text][\/vc_column][\/vc_row]<\/p>\n","protected":false},"excerpt":{"rendered":"<p>[vc_row full_width=\u00a0\u00bbstretch_row_content\u00a0\u00bb equal_height=\u00a0\u00bbyes\u00a0\u00bb content_placement=\u00a0\u00bbmiddle\u00a0\u00bb el_class=\u00a0\u00bbsotto-hero\u00a0\u00bb][vc_column width=\u00a0\u00bb1\/3&Prime;][\/vc_column][vc_column width=\u00a0\u00bb1\/3&Prime;][vc_single_image image=\u00a0\u00bb10301&Prime; img_size=\u00a0\u00bbfull\u00a0\u00bb alignment=\u00a0\u00bbcenter\u00a0\u00bb el_class=\u00a0\u00bblogo-associazione\u00a0\u00bb][\/vc_column][vc_column width=\u00a0\u00bb1\/3&Prime;][\/vc_column][\/vc_row][vc_row el_class=\u00a0\u00bbmbot60&Prime;][vc_column width=\u00a0\u00bb5\/6&Prime; offset=\u00a0\u00bbvc_col-lg-offset-2 vc_col-lg-8 vc_col-md-offset-2 vc_col-md-8 vc_col-sm-offset-1&Prime;][vc_column_text el_class=\u00a0\u00bbtext-center\u00a0\u00bb] Foxy depuis plus de 20 ans aux c\u00f4t\u00e9s de l&rsquo;UNICEF&#8230;<\/p>\n","protected":false},"author":1,"featured_media":0,"parent":21275,"menu_order":0,"comment_status":"closed","ping_status":"closed","template":"template-page-mondo-foxy.php","meta":[],"categories":[],"tags":[],"yoast_head":"<!-- This site is optimized with the Yoast SEO plugin v19.14 - https:\/\/yoast.com\/wordpress\/plugins\/seo\/ -->\n<title>Foxy pour l&#039;UNICEF - Foxy<\/title>\n<meta name=\"robots\" content=\"index, follow, max-snippet:-1, max-image-preview:large, max-video-preview:-1\" \/>\n<link rel=\"canonical\" href=\"https:\/\/www.foxy.eu\/fr\/lengagement-de-foxy\/foxy-pour-lunicef\/\" \/>\n<meta property=\"og:locale\" content=\"fr_FR\" \/>\n<meta property=\"og:type\" content=\"article\" \/>\n<meta property=\"og:title\" content=\"Foxy pour l&#039;UNICEF - Foxy\" \/>\n<meta property=\"og:description\" content=\"[vc_row full_width=\u00a0\u00bbstretch_row_content\u00a0\u00bb equal_height=\u00a0\u00bbyes\u00a0\u00bb content_placement=\u00a0\u00bbmiddle\u00a0\u00bb el_class=\u00a0\u00bbsotto-hero\u00a0\u00bb][vc_column width=\u00a0\u00bb1\/3&Prime;][\/vc_column][vc_column width=\u00a0\u00bb1\/3&Prime;][vc_single_image image=\u00a0\u00bb10301&Prime; img_size=\u00a0\u00bbfull\u00a0\u00bb alignment=\u00a0\u00bbcenter\u00a0\u00bb el_class=\u00a0\u00bblogo-associazione\u00a0\u00bb][\/vc_column][vc_column width=\u00a0\u00bb1\/3&Prime;][\/vc_column][\/vc_row][vc_row el_class=\u00a0\u00bbmbot60&Prime;][vc_column width=\u00a0\u00bb5\/6&Prime; offset=\u00a0\u00bbvc_col-lg-offset-2 vc_col-lg-8 vc_col-md-offset-2 vc_col-md-8 vc_col-sm-offset-1&Prime;][vc_column_text el_class=\u00a0\u00bbtext-center\u00a0\u00bb] Foxy depuis plus de 20 ans aux c\u00f4t\u00e9s de l&rsquo;UNICEF...\" \/>\n<meta property=\"og:url\" content=\"https:\/\/www.foxy.eu\/fr\/lengagement-de-foxy\/foxy-pour-lunicef\/\" \/>\n<meta property=\"og:site_name\" content=\"Foxy\" \/>\n<meta property=\"article:publisher\" content=\"https:\/\/www.facebook.com\/Foxy.Italia\" \/>\n<meta property=\"article:modified_time\" content=\"2025-06-10T13:39:19+00:00\" \/>\n<meta name=\"twitter:card\" content=\"summary_large_image\" \/>\n<meta name=\"twitter:label1\" content=\"Est. reading time\" \/>\n\t<meta name=\"twitter:data1\" content=\"4 minutes\" \/>\n<script type=\"application\/ld+json\" class=\"yoast-schema-graph\">{\"@context\":\"https:\/\/schema.org\",\"@graph\":[{\"@type\":\"WebPage\",\"@id\":\"https:\/\/www.foxy.eu\/fr\/lengagement-de-foxy\/foxy-pour-lunicef\/\",\"url\":\"https:\/\/www.foxy.eu\/fr\/lengagement-de-foxy\/foxy-pour-lunicef\/\",\"name\":\"Foxy pour l'UNICEF - Foxy\",\"isPartOf\":{\"@id\":\"https:\/\/www.foxy.eu\/#website\"},\"datePublished\":\"2020-09-17T09:13:36+00:00\",\"dateModified\":\"2025-06-10T13:39:19+00:00\",\"breadcrumb\":{\"@id\":\"https:\/\/www.foxy.eu\/fr\/lengagement-de-foxy\/foxy-pour-lunicef\/#breadcrumb\"},\"inLanguage\":\"fr-FR\",\"potentialAction\":[{\"@type\":\"ReadAction\",\"target\":[\"https:\/\/www.foxy.eu\/fr\/lengagement-de-foxy\/foxy-pour-lunicef\/\"]}]},{\"@type\":\"BreadcrumbList\",\"@id\":\"https:\/\/www.foxy.eu\/fr\/lengagement-de-foxy\/foxy-pour-lunicef\/#breadcrumb\",\"itemListElement\":[{\"@type\":\"ListItem\",\"position\":1,\"name\":\"Home\",\"item\":\"https:\/\/www.foxy.eu\/fr\/\"},{\"@type\":\"ListItem\",\"position\":2,\"name\":\"L&#8217;engagement de Foxy\",\"item\":\"https:\/\/www.foxy.eu\/fr\/lengagement-de-foxy\/\"},{\"@type\":\"ListItem\",\"position\":3,\"name\":\"Foxy pour l&#8217;UNICEF\"}]},{\"@type\":\"WebSite\",\"@id\":\"https:\/\/www.foxy.eu\/#website\",\"url\":\"https:\/\/www.foxy.eu\/\",\"name\":\"Foxy\",\"description\":\"Un nuovo sito targato WordPress\",\"publisher\":{\"@id\":\"https:\/\/www.foxy.eu\/#organization\"},\"alternateName\":\"Scopri tutta la gamma di prodotti e iniziative Foxy. Abbiamo pensato a un mondo su misura per te.\",\"potentialAction\":[{\"@type\":\"SearchAction\",\"target\":{\"@type\":\"EntryPoint\",\"urlTemplate\":\"https:\/\/www.foxy.eu\/?s={search_term_string}\"},\"query-input\":\"required name=search_term_string\"}],\"inLanguage\":\"fr-FR\"},{\"@type\":\"Organization\",\"@id\":\"https:\/\/www.foxy.eu\/#organization\",\"name\":\"Foxy | Sempre vicina a te!\",\"alternateName\":\"Scopri tutta la gamma di prodotti e iniziative Foxy. Abbiamo pensato a un mondo su misura per te.\",\"url\":\"https:\/\/www.foxy.eu\/\",\"logo\":{\"@type\":\"ImageObject\",\"inLanguage\":\"fr-FR\",\"@id\":\"https:\/\/www.foxy.eu\/#\/schema\/logo\/image\/\",\"url\":\"https:\/\/enkaz3824io.exactdn.com\/wp-content\/uploads\/2020\/07\/hp_big_logo@2x.png?strip=all&lossy=1&ssl=1\",\"contentUrl\":\"https:\/\/enkaz3824io.exactdn.com\/wp-content\/uploads\/2020\/07\/hp_big_logo@2x.png?strip=all&lossy=1&ssl=1\",\"width\":518,\"height\":366,\"caption\":\"Foxy | Sempre vicina a te!\"},\"image\":{\"@id\":\"https:\/\/www.foxy.eu\/#\/schema\/logo\/image\/\"},\"sameAs\":[\"https:\/\/www.instagram.com\/foxy\/\",\"https:\/\/www.youtube.com\/channel\/UCpCfvrNg7u0O0jSeH9B9ygA\",\"https:\/\/www.facebook.com\/Foxy.Italia\"]}]}<\/script>\n<!-- \/ Yoast SEO plugin. -->","yoast_head_json":{"title":"Foxy pour l'UNICEF - Foxy","robots":{"index":"index","follow":"follow","max-snippet":"max-snippet:-1","max-image-preview":"max-image-preview:large","max-video-preview":"max-video-preview:-1"},"canonical":"https:\/\/www.foxy.eu\/fr\/lengagement-de-foxy\/foxy-pour-lunicef\/","og_locale":"fr_FR","og_type":"article","og_title":"Foxy pour l'UNICEF - Foxy","og_description":"[vc_row full_width=\u00a0\u00bbstretch_row_content\u00a0\u00bb equal_height=\u00a0\u00bbyes\u00a0\u00bb content_placement=\u00a0\u00bbmiddle\u00a0\u00bb el_class=\u00a0\u00bbsotto-hero\u00a0\u00bb][vc_column width=\u00a0\u00bb1\/3&Prime;][\/vc_column][vc_column width=\u00a0\u00bb1\/3&Prime;][vc_single_image image=\u00a0\u00bb10301&Prime; img_size=\u00a0\u00bbfull\u00a0\u00bb alignment=\u00a0\u00bbcenter\u00a0\u00bb el_class=\u00a0\u00bblogo-associazione\u00a0\u00bb][\/vc_column][vc_column width=\u00a0\u00bb1\/3&Prime;][\/vc_column][\/vc_row][vc_row el_class=\u00a0\u00bbmbot60&Prime;][vc_column width=\u00a0\u00bb5\/6&Prime; offset=\u00a0\u00bbvc_col-lg-offset-2 vc_col-lg-8 vc_col-md-offset-2 vc_col-md-8 vc_col-sm-offset-1&Prime;][vc_column_text el_class=\u00a0\u00bbtext-center\u00a0\u00bb] Foxy depuis plus de 20 ans aux c\u00f4t\u00e9s de l&rsquo;UNICEF...","og_url":"https:\/\/www.foxy.eu\/fr\/lengagement-de-foxy\/foxy-pour-lunicef\/","og_site_name":"Foxy","article_publisher":"https:\/\/www.facebook.com\/Foxy.Italia","article_modified_time":"2025-06-10T13:39:19+00:00","twitter_card":"summary_large_image","twitter_misc":{"Est. reading time":"4 minutes"},"schema":{"@context":"https:\/\/schema.org","@graph":[{"@type":"WebPage","@id":"https:\/\/www.foxy.eu\/fr\/lengagement-de-foxy\/foxy-pour-lunicef\/","url":"https:\/\/www.foxy.eu\/fr\/lengagement-de-foxy\/foxy-pour-lunicef\/","name":"Foxy pour l'UNICEF - Foxy","isPartOf":{"@id":"https:\/\/www.foxy.eu\/#website"},"datePublished":"2020-09-17T09:13:36+00:00","dateModified":"2025-06-10T13:39:19+00:00","breadcrumb":{"@id":"https:\/\/www.foxy.eu\/fr\/lengagement-de-foxy\/foxy-pour-lunicef\/#breadcrumb"},"inLanguage":"fr-FR","potentialAction":[{"@type":"ReadAction","target":["https:\/\/www.foxy.eu\/fr\/lengagement-de-foxy\/foxy-pour-lunicef\/"]}]},{"@type":"BreadcrumbList","@id":"https:\/\/www.foxy.eu\/fr\/lengagement-de-foxy\/foxy-pour-lunicef\/#breadcrumb","itemListElement":[{"@type":"ListItem","position":1,"name":"Home","item":"https:\/\/www.foxy.eu\/fr\/"},{"@type":"ListItem","position":2,"name":"L&#8217;engagement de Foxy","item":"https:\/\/www.foxy.eu\/fr\/lengagement-de-foxy\/"},{"@type":"ListItem","position":3,"name":"Foxy pour l&#8217;UNICEF"}]},{"@type":"WebSite","@id":"https:\/\/www.foxy.eu\/#website","url":"https:\/\/www.foxy.eu\/","name":"Foxy","description":"Un nuovo sito targato WordPress","publisher":{"@id":"https:\/\/www.foxy.eu\/#organization"},"alternateName":"Scopri tutta la gamma di prodotti e iniziative Foxy. Abbiamo pensato a un mondo su misura per te.","potentialAction":[{"@type":"SearchAction","target":{"@type":"EntryPoint","urlTemplate":"https:\/\/www.foxy.eu\/?s={search_term_string}"},"query-input":"required name=search_term_string"}],"inLanguage":"fr-FR"},{"@type":"Organization","@id":"https:\/\/www.foxy.eu\/#organization","name":"Foxy | Sempre vicina a te!","alternateName":"Scopri tutta la gamma di prodotti e iniziative Foxy. Abbiamo pensato a un mondo su misura per te.","url":"https:\/\/www.foxy.eu\/","logo":{"@type":"ImageObject","inLanguage":"fr-FR","@id":"https:\/\/www.foxy.eu\/#\/schema\/logo\/image\/","url":"https:\/\/enkaz3824io.exactdn.com\/wp-content\/uploads\/2020\/07\/hp_big_logo@2x.png?strip=all&lossy=1&ssl=1","contentUrl":"https:\/\/enkaz3824io.exactdn.com\/wp-content\/uploads\/2020\/07\/hp_big_logo@2x.png?strip=all&lossy=1&ssl=1","width":518,"height":366,"caption":"Foxy | Sempre vicina a te!"},"image":{"@id":"https:\/\/www.foxy.eu\/#\/schema\/logo\/image\/"},"sameAs":["https:\/\/www.instagram.com\/foxy\/","https:\/\/www.youtube.com\/channel\/UCpCfvrNg7u0O0jSeH9B9ygA","https:\/\/www.facebook.com\/Foxy.Italia"]}]}},"_links":{"self":[{"href":"https:\/\/www.foxy.eu\/fr\/wp-json\/wp\/v2\/pages\/10298"}],"collection":[{"href":"https:\/\/www.foxy.eu\/fr\/wp-json\/wp\/v2\/pages"}],"about":[{"href":"https:\/\/www.foxy.eu\/fr\/wp-json\/wp\/v2\/types\/page"}],"author":[{"embeddable":true,"href":"https:\/\/www.foxy.eu\/fr\/wp-json\/wp\/v2\/users\/1"}],"replies":[{"embeddable":true,"href":"https:\/\/www.foxy.eu\/fr\/wp-json\/wp\/v2\/comments?post=10298"}],"version-history":[{"count":25,"href":"https:\/\/www.foxy.eu\/fr\/wp-json\/wp\/v2\/pages\/10298\/revisions"}],"predecessor-version":[{"id":21332,"href":"https:\/\/www.foxy.eu\/fr\/wp-json\/wp\/v2\/pages\/10298\/revisions\/21332"}],"up":[{"embeddable":true,"href":"https:\/\/www.foxy.eu\/fr\/wp-json\/wp\/v2\/pages\/21275"}],"wp:attachment":[{"href":"https:\/\/www.foxy.eu\/fr\/wp-json\/wp\/v2\/media?parent=10298"}],"wp:term":[{"taxonomy":"category","embeddable":true,"href":"https:\/\/www.foxy.eu\/fr\/wp-json\/wp\/v2\/categories?post=10298"},{"taxonomy":"post_tag","embeddable":true,"href":"https:\/\/www.foxy.eu\/fr\/wp-json\/wp\/v2\/tags?post=10298"}],"curies":[{"name":"wp","href":"https:\/\/api.w.org\/{rel}","templated":true}]}}