
{"id":3647,"date":"2021-02-22T10:18:08","date_gmt":"2021-02-22T09:18:08","guid":{"rendered":"https:\/\/www.foxy.eu\/?post_type=product&#038;p=3647"},"modified":"2026-04-13T16:52:49","modified_gmt":"2026-04-13T14:52:49","slug":"foxy-tornado-strong","status":"publish","type":"product","link":"https:\/\/www.foxy.eu\/es\/productos\/foxy-tornado-strong\/","title":{"rendered":"Foxy Tornado Strong"},"content":{"rendered":"<p>[vc_row el_class=\u00bbcaratteristiche_content\u00bb][vc_column width=\u00bb1\/2&#8243; offset=\u00bbvc_col-lg-offset-3 vc_col-lg-6 vc_col-md-offset-3 vc_col-md-6&#8243;][vc_column_text el_class=\u00bbsubtitle_product\u00bb]Foxy Tornado Strong es la \u00fanica bobina del mercado con un di\u00e1metro 240mm para una larga duraci\u00f3n[\/vc_column_text][vc_column_text]La combinaci\u00f3n de las 3 capas y los innovadores v\u00f3rtices superabsorbentes le da a Foxy Tornado Strong un extraordinario poder absorbente y resistente. Un rollo Foxy Tornado contiene m\u00e1s de 1kg de papel, sin embargo es f\u00e1cil de manejar y se puede utilizar en cualquier zona de la casa.[\/vc_column_text][\/vc_column][\/vc_row][vc_row][vc_column width=\u00bb5\/6&#8243; offset=\u00bbvc_col-lg-offset-1 vc_col-lg-10 vc_col-md-offset-1 vc_col-md-10&#8243; el_class=\u00bbplus_product\u00bb][vc_row_inner equal_height=\u00bbyes\u00bb content_placement=\u00bbtop\u00bb el_class=\u00bbcaratteristiche_prodotto_slide_mobile owl-carousel owl-theme\u00bb][vc_column_inner width=\u00bb1\/3&#8243;][vc_single_image image=\u00bb3822&#8243; img_size=\u00bbfull\u00bb alignment=\u00bbcenter\u00bb][vc_column_text el_class=\u00bbplus_product_title\u00bb]Hojas de gran tama\u00f1o[\/vc_column_text][vc_column_text el_class=\u00bbplus_product_desc\u00bb]Puede utilizar una cada vez, optimizando su uso y consumo.[\/vc_column_text][\/vc_column_inner][vc_column_inner width=\u00bb1\/3&#8243;][vc_single_image image=\u00bb3825&#8243; img_size=\u00bbfull\u00bb alignment=\u00bbcenter\u00bb][vc_column_text el_class=\u00bbplus_product_title\u00bb]M\u00e1xima higiene[\/vc_column_text][vc_column_text el_class=\u00bbplus_product_desc\u00bb]Secarse las manos con papel, en lugar de los tradicionales trapos, le permiten eliminar cualquier bacteria residual evitando pasarlas al siguiente usuario.[\/vc_column_text][\/vc_column_inner][vc_column_inner width=\u00bb1\/3&#8243;][vc_single_image image=\u00bb3828&#8243; img_size=\u00bbfull\u00bb alignment=\u00bbcenter\u00bb][vc_column_text el_class=\u00bbplus_product_title\u00bb]Garantizada para el contacto con los alimentos[\/vc_column_text][vc_column_text el_class=\u00bbplus_product_desc\u00bb]La idoneidad del papel de cocina Foxy para el contacto con alimentos est\u00e1 garantizada por rigurosos test realizados en laboratorios cualificados.[\/vc_column_text][\/vc_column_inner][\/vc_row_inner][\/vc_column][\/vc_row][vc_row][vc_column][vc_column_text]<\/p>\n<p>[\/vc_column_text][\/vc_column][\/vc_row][vc_row full_width=\u00bbstretch_row\u00bb el_class=\u00bbdecorazioni_singola\u00bb][vc_column][vc_row_inner equal_height=\u00bbyes\u00bb content_placement=\u00bbmiddle\u00bb][vc_column_inner width=\u00bb5\/12&#8243; offset=\u00bbvc_col-lg-offset-1 vc_col-lg-3 vc_col-md-offset-1 vc_col-md-3&#8243; el_id=\u00bbDECORACI\u00d3N\u00bb][vc_column_text]<strong>Foxy Tornado Strong es el rollo multiusos, para aquellos que no renuncian a la alta calidad de las 3 capas de alto espesor<\/strong>[\/vc_column_text][vc_column_text]Es el complemento perfecto para el bricolaje, la limpieza y todas las tareas m\u00e1s duras del hogar, gracias a sus hojas m\u00e1s grandes y resistentes.[\/vc_column_text][\/vc_column_inner][vc_column_inner width=\u00bb7\/12&#8243;][vc_single_image image=\u00bb4456&#8243; img_size=\u00bbfull\u00bb alignment=\u00bbcenter\u00bb][\/vc_column_inner][\/vc_row_inner][\/vc_column][\/vc_row]<\/p>\n","protected":false},"featured_media":12152,"template":"","categories":[36],"yoast_head":"<!-- This site is optimized with the Yoast SEO plugin v19.14 - https:\/\/yoast.com\/wordpress\/plugins\/seo\/ -->\n<title>Foxy Tornado Strong - Foxy<\/title>\n<meta name=\"description\" content=\"Foxy Tornado Strong es la \u00fanica bobina del mercado con un di\u00e1metro 240mm para una larga duraci\u00f3n. Un rollo contiene m\u00e1s de 1kg de papel.\" \/>\n<meta name=\"robots\" content=\"index, follow, max-snippet:-1, max-image-preview:large, max-video-preview:-1\" \/>\n<link rel=\"canonical\" href=\"https:\/\/www.foxy.eu\/es\/productos\/foxy-tornado-strong\/\" \/>\n<meta property=\"og:locale\" content=\"es_ES\" \/>\n<meta property=\"og:type\" content=\"article\" \/>\n<meta property=\"og:title\" content=\"Foxy Tornado Strong - Foxy\" \/>\n<meta property=\"og:description\" content=\"Foxy Tornado Strong es la \u00fanica bobina del mercado con un di\u00e1metro 240mm para una larga duraci\u00f3n. Un rollo contiene m\u00e1s de 1kg de papel.\" \/>\n<meta property=\"og:url\" content=\"https:\/\/www.foxy.eu\/es\/productos\/foxy-tornado-strong\/\" \/>\n<meta property=\"og:site_name\" content=\"Foxy\" \/>\n<meta property=\"article:publisher\" content=\"https:\/\/www.facebook.com\/Foxy.Italia\" \/>\n<meta property=\"article:modified_time\" content=\"2026-04-13T14:52:49+00:00\" \/>\n<meta property=\"og:image\" content=\"https:\/\/www.foxy.eu\/wp-content\/uploads\/2021\/02\/Tornado-Strong_asciugatutto_hero.png\" \/>\n\t<meta property=\"og:image:width\" content=\"960\" \/>\n\t<meta property=\"og:image:height\" content=\"706\" \/>\n\t<meta property=\"og:image:type\" content=\"image\/png\" \/>\n<meta name=\"twitter:card\" content=\"summary_large_image\" \/>\n<meta name=\"twitter:label1\" content=\"Est. reading time\" \/>\n\t<meta name=\"twitter:data1\" content=\"2 minutos\" \/>\n<script type=\"application\/ld+json\" class=\"yoast-schema-graph\">{\"@context\":\"https:\/\/schema.org\",\"@graph\":[{\"@type\":\"WebPage\",\"@id\":\"https:\/\/www.foxy.eu\/es\/productos\/foxy-tornado-strong\/\",\"url\":\"https:\/\/www.foxy.eu\/es\/productos\/foxy-tornado-strong\/\",\"name\":\"Foxy Tornado Strong - Foxy\",\"isPartOf\":{\"@id\":\"https:\/\/www.foxy.eu\/#website\"},\"datePublished\":\"2021-02-22T09:18:08+00:00\",\"dateModified\":\"2026-04-13T14:52:49+00:00\",\"description\":\"Foxy Tornado Strong es la \u00fanica bobina del mercado con un di\u00e1metro 240mm para una larga duraci\u00f3n. Un rollo contiene m\u00e1s de 1kg de papel.\",\"breadcrumb\":{\"@id\":\"https:\/\/www.foxy.eu\/es\/productos\/foxy-tornado-strong\/#breadcrumb\"},\"inLanguage\":\"es\",\"potentialAction\":[{\"@type\":\"ReadAction\",\"target\":[\"https:\/\/www.foxy.eu\/es\/productos\/foxy-tornado-strong\/\"]}]},{\"@type\":\"BreadcrumbList\",\"@id\":\"https:\/\/www.foxy.eu\/es\/productos\/foxy-tornado-strong\/#breadcrumb\",\"itemListElement\":[{\"@type\":\"ListItem\",\"position\":1,\"name\":\"Home\",\"item\":\"https:\/\/www.foxy.eu\/es\/\"},{\"@type\":\"ListItem\",\"position\":2,\"name\":\"Foxy Tornado Strong\"}]},{\"@type\":\"WebSite\",\"@id\":\"https:\/\/www.foxy.eu\/#website\",\"url\":\"https:\/\/www.foxy.eu\/\",\"name\":\"Foxy\",\"description\":\"Un nuovo sito targato WordPress\",\"publisher\":{\"@id\":\"https:\/\/www.foxy.eu\/#organization\"},\"alternateName\":\"Scopri tutta la gamma di prodotti e iniziative Foxy. Abbiamo pensato a un mondo su misura per te.\",\"potentialAction\":[{\"@type\":\"SearchAction\",\"target\":{\"@type\":\"EntryPoint\",\"urlTemplate\":\"https:\/\/www.foxy.eu\/?s={search_term_string}\"},\"query-input\":\"required name=search_term_string\"}],\"inLanguage\":\"es\"},{\"@type\":\"Organization\",\"@id\":\"https:\/\/www.foxy.eu\/#organization\",\"name\":\"Foxy | Sempre vicina a te!\",\"alternateName\":\"Scopri tutta la gamma di prodotti e iniziative Foxy. Abbiamo pensato a un mondo su misura per te.\",\"url\":\"https:\/\/www.foxy.eu\/\",\"logo\":{\"@type\":\"ImageObject\",\"inLanguage\":\"es\",\"@id\":\"https:\/\/www.foxy.eu\/#\/schema\/logo\/image\/\",\"url\":\"https:\/\/enkaz3824io.exactdn.com\/wp-content\/uploads\/2020\/07\/hp_big_logo@2x.png?strip=all&lossy=1&ssl=1\",\"contentUrl\":\"https:\/\/enkaz3824io.exactdn.com\/wp-content\/uploads\/2020\/07\/hp_big_logo@2x.png?strip=all&lossy=1&ssl=1\",\"width\":518,\"height\":366,\"caption\":\"Foxy | Sempre vicina a te!\"},\"image\":{\"@id\":\"https:\/\/www.foxy.eu\/#\/schema\/logo\/image\/\"},\"sameAs\":[\"https:\/\/www.instagram.com\/foxy\/\",\"https:\/\/www.youtube.com\/channel\/UCpCfvrNg7u0O0jSeH9B9ygA\",\"https:\/\/www.facebook.com\/Foxy.Italia\"]}]}<\/script>\n<!-- \/ Yoast SEO plugin. -->","yoast_head_json":{"title":"Foxy Tornado Strong - Foxy","description":"Foxy Tornado Strong es la \u00fanica bobina del mercado con un di\u00e1metro 240mm para una larga duraci\u00f3n. Un rollo contiene m\u00e1s de 1kg de papel.","robots":{"index":"index","follow":"follow","max-snippet":"max-snippet:-1","max-image-preview":"max-image-preview:large","max-video-preview":"max-video-preview:-1"},"canonical":"https:\/\/www.foxy.eu\/es\/productos\/foxy-tornado-strong\/","og_locale":"es_ES","og_type":"article","og_title":"Foxy Tornado Strong - Foxy","og_description":"Foxy Tornado Strong es la \u00fanica bobina del mercado con un di\u00e1metro 240mm para una larga duraci\u00f3n. Un rollo contiene m\u00e1s de 1kg de papel.","og_url":"https:\/\/www.foxy.eu\/es\/productos\/foxy-tornado-strong\/","og_site_name":"Foxy","article_publisher":"https:\/\/www.facebook.com\/Foxy.Italia","article_modified_time":"2026-04-13T14:52:49+00:00","og_image":[{"width":960,"height":706,"url":"https:\/\/www.foxy.eu\/wp-content\/uploads\/2021\/02\/Tornado-Strong_asciugatutto_hero.png","type":"image\/png"}],"twitter_card":"summary_large_image","twitter_misc":{"Est. reading time":"2 minutos"},"schema":{"@context":"https:\/\/schema.org","@graph":[{"@type":"WebPage","@id":"https:\/\/www.foxy.eu\/es\/productos\/foxy-tornado-strong\/","url":"https:\/\/www.foxy.eu\/es\/productos\/foxy-tornado-strong\/","name":"Foxy Tornado Strong - Foxy","isPartOf":{"@id":"https:\/\/www.foxy.eu\/#website"},"datePublished":"2021-02-22T09:18:08+00:00","dateModified":"2026-04-13T14:52:49+00:00","description":"Foxy Tornado Strong es la \u00fanica bobina del mercado con un di\u00e1metro 240mm para una larga duraci\u00f3n. Un rollo contiene m\u00e1s de 1kg de papel.","breadcrumb":{"@id":"https:\/\/www.foxy.eu\/es\/productos\/foxy-tornado-strong\/#breadcrumb"},"inLanguage":"es","potentialAction":[{"@type":"ReadAction","target":["https:\/\/www.foxy.eu\/es\/productos\/foxy-tornado-strong\/"]}]},{"@type":"BreadcrumbList","@id":"https:\/\/www.foxy.eu\/es\/productos\/foxy-tornado-strong\/#breadcrumb","itemListElement":[{"@type":"ListItem","position":1,"name":"Home","item":"https:\/\/www.foxy.eu\/es\/"},{"@type":"ListItem","position":2,"name":"Foxy Tornado Strong"}]},{"@type":"WebSite","@id":"https:\/\/www.foxy.eu\/#website","url":"https:\/\/www.foxy.eu\/","name":"Foxy","description":"Un nuovo sito targato WordPress","publisher":{"@id":"https:\/\/www.foxy.eu\/#organization"},"alternateName":"Scopri tutta la gamma di prodotti e iniziative Foxy. Abbiamo pensato a un mondo su misura per te.","potentialAction":[{"@type":"SearchAction","target":{"@type":"EntryPoint","urlTemplate":"https:\/\/www.foxy.eu\/?s={search_term_string}"},"query-input":"required name=search_term_string"}],"inLanguage":"es"},{"@type":"Organization","@id":"https:\/\/www.foxy.eu\/#organization","name":"Foxy | Sempre vicina a te!","alternateName":"Scopri tutta la gamma di prodotti e iniziative Foxy. Abbiamo pensato a un mondo su misura per te.","url":"https:\/\/www.foxy.eu\/","logo":{"@type":"ImageObject","inLanguage":"es","@id":"https:\/\/www.foxy.eu\/#\/schema\/logo\/image\/","url":"https:\/\/enkaz3824io.exactdn.com\/wp-content\/uploads\/2020\/07\/hp_big_logo@2x.png?strip=all&lossy=1&ssl=1","contentUrl":"https:\/\/enkaz3824io.exactdn.com\/wp-content\/uploads\/2020\/07\/hp_big_logo@2x.png?strip=all&lossy=1&ssl=1","width":518,"height":366,"caption":"Foxy | Sempre vicina a te!"},"image":{"@id":"https:\/\/www.foxy.eu\/#\/schema\/logo\/image\/"},"sameAs":["https:\/\/www.instagram.com\/foxy\/","https:\/\/www.youtube.com\/channel\/UCpCfvrNg7u0O0jSeH9B9ygA","https:\/\/www.facebook.com\/Foxy.Italia"]}]}},"_links":{"self":[{"href":"https:\/\/www.foxy.eu\/es\/wp-json\/wp\/v2\/product\/3647"}],"collection":[{"href":"https:\/\/www.foxy.eu\/es\/wp-json\/wp\/v2\/product"}],"about":[{"href":"https:\/\/www.foxy.eu\/es\/wp-json\/wp\/v2\/types\/product"}],"version-history":[{"count":20,"href":"https:\/\/www.foxy.eu\/es\/wp-json\/wp\/v2\/product\/3647\/revisions"}],"predecessor-version":[{"id":29529,"href":"https:\/\/www.foxy.eu\/es\/wp-json\/wp\/v2\/product\/3647\/revisions\/29529"}],"wp:featuredmedia":[{"embeddable":true,"href":"https:\/\/www.foxy.eu\/es\/wp-json\/wp\/v2\/media\/12152"}],"wp:attachment":[{"href":"https:\/\/www.foxy.eu\/es\/wp-json\/wp\/v2\/media?parent=3647"}],"wp:term":[{"taxonomy":"category","embeddable":true,"href":"https:\/\/www.foxy.eu\/es\/wp-json\/wp\/v2\/categories?post=3647"}],"curies":[{"name":"wp","href":"https:\/\/api.w.org\/{rel}","templated":true}]}}