
{"id":3493,"date":"2020-07-28T16:05:01","date_gmt":"2020-07-28T14:05:01","guid":{"rendered":"https:\/\/www.foxy.eu\/prodotti\/foxy-asso-ultra-big\/"},"modified":"2026-04-13T16:47:00","modified_gmt":"2026-04-13T14:47:00","slug":"foxy-asso-ultra","status":"publish","type":"product","link":"https:\/\/www.foxy.eu\/es\/productos\/foxy-asso-ultra\/","title":{"rendered":"Foxy Asso Ultra"},"content":{"rendered":"<p>[vc_row el_class=\u00bbcaratteristiche_content\u00bb][vc_column width=\u00bb1\/2&#8243; offset=\u00bbvc_col-lg-offset-3 vc_col-lg-6 vc_col-md-offset-3 vc_col-md-6&#8243;][vc_column_text el_class=\u00bbsubtitle_product\u00bb]Foxy Asso Ultra es el papel de cocina de prestaciones superiores[\/vc_column_text][vc_column_text]Con sus 3 capas, una m\u00e1s que los productos est\u00e1ndar, y los innovadores V\u00f3rtices Superabsorbentes patentados por Foxy, garantiza una absorbencia y resistencia superior. Por ello un solo servicio es m\u00e1s que suficiente en la mayor\u00eda de los casos.[\/vc_column_text][\/vc_column][\/vc_row][vc_row][vc_column width=\u00bb5\/6&#8243; offset=\u00bbvc_col-lg-offset-1 vc_col-lg-10 vc_col-md-offset-1 vc_col-md-10&#8243; el_class=\u00bbplus_product\u00bb][vc_row_inner equal_height=\u00bbyes\u00bb content_placement=\u00bbtop\u00bb el_class=\u00bbcaratteristiche_prodotto_slide_mobile owl-carousel owl-theme\u00bb][vc_column_inner width=\u00bb1\/3&#8243;][vc_single_image image=\u00bb4287&#8243; img_size=\u00bbfull\u00bb alignment=\u00bbcenter\u00bb][vc_column_text el_class=\u00bbplus_product_title\u00bb]M\u00e1xima higiene[\/vc_column_text][vc_column_text el_class=\u00bbplus_product_desc\u00bb]Secarse las manos con papel, en lugar de los tradicionales trapos, le permiten eliminar cualquier bacteria residual evitando pasarlas al siguiente usuario.[\/vc_column_text][\/vc_column_inner][vc_column_inner width=\u00bb1\/3&#8243;][vc_single_image image=\u00bb12074&#8243; img_size=\u00bbfull\u00bb alignment=\u00bbcenter\u00bb][vc_column_text el_class=\u00bbplus_product_title\u00bb]3 Capas ultra absorbentes[\/vc_column_text][vc_column_text el_class=\u00bbplus_product_desc\u00bb]Absorben y retienen el agua en su interior, para una mayor capacidad de absorci\u00f3n.[\/vc_column_text][\/vc_column_inner][vc_column_inner width=\u00bb1\/3&#8243;][vc_single_image image=\u00bb12069&#8243; img_size=\u00bbfull\u00bb alignment=\u00bbcenter\u00bb][vc_column_text el_class=\u00bbplus_product_title\u00bb]Garantizado para<br \/>\nel contacto con los alimentos[\/vc_column_text][vc_column_text el_class=\u00bbplus_product_desc\u00bb]La idoneidad del papel de cocina Foxy para el contacto con alimentos est\u00e1 garantizada por rigurosos test realizados en laboratorios cualificados.[\/vc_column_text][\/vc_column_inner][\/vc_row_inner][\/vc_column][\/vc_row]<\/p>\n","protected":false},"featured_media":21517,"template":"","categories":[36],"yoast_head":"<!-- This site is optimized with the Yoast SEO plugin v19.14 - https:\/\/yoast.com\/wordpress\/plugins\/seo\/ -->\n<title>Foxy Asso Ultra - Foxy<\/title>\n<meta name=\"description\" content=\"Foxy Asso Ultra es el papel de cocina de prestaciones superiores. Absorbe m\u00e1s, consume menos. Disponible en formato 2 rollos.\" \/>\n<meta name=\"robots\" content=\"index, follow, max-snippet:-1, max-image-preview:large, max-video-preview:-1\" \/>\n<link rel=\"canonical\" href=\"https:\/\/www.foxy.eu\/es\/productos\/foxy-asso-ultra\/\" \/>\n<meta property=\"og:locale\" content=\"es_ES\" \/>\n<meta property=\"og:type\" content=\"article\" \/>\n<meta property=\"og:title\" content=\"Foxy Asso Ultra - Foxy\" \/>\n<meta property=\"og:description\" content=\"Foxy Asso Ultra es el papel de cocina de prestaciones superiores. Absorbe m\u00e1s, consume menos. Disponible en formato 2 rollos.\" \/>\n<meta property=\"og:url\" content=\"https:\/\/www.foxy.eu\/es\/productos\/foxy-asso-ultra\/\" \/>\n<meta property=\"og:site_name\" content=\"Foxy\" \/>\n<meta property=\"article:publisher\" content=\"https:\/\/www.facebook.com\/Foxy.Italia\" \/>\n<meta property=\"article:modified_time\" content=\"2026-04-13T14:47:00+00:00\" \/>\n<meta property=\"og:image\" content=\"https:\/\/www.foxy.eu\/wp-content\/uploads\/2020\/07\/AssoUltra_asciugatutto_hero-3.png\" \/>\n\t<meta property=\"og:image:width\" content=\"960\" \/>\n\t<meta property=\"og:image:height\" content=\"706\" \/>\n\t<meta property=\"og:image:type\" content=\"image\/png\" \/>\n<meta name=\"twitter:card\" content=\"summary_large_image\" \/>\n<meta name=\"twitter:label1\" content=\"Est. reading time\" \/>\n\t<meta name=\"twitter:data1\" content=\"1 minuto\" \/>\n<script type=\"application\/ld+json\" class=\"yoast-schema-graph\">{\"@context\":\"https:\/\/schema.org\",\"@graph\":[{\"@type\":\"WebPage\",\"@id\":\"https:\/\/www.foxy.eu\/es\/productos\/foxy-asso-ultra\/\",\"url\":\"https:\/\/www.foxy.eu\/es\/productos\/foxy-asso-ultra\/\",\"name\":\"Foxy Asso Ultra - Foxy\",\"isPartOf\":{\"@id\":\"https:\/\/www.foxy.eu\/#website\"},\"datePublished\":\"2020-07-28T14:05:01+00:00\",\"dateModified\":\"2026-04-13T14:47:00+00:00\",\"description\":\"Foxy Asso Ultra es el papel de cocina de prestaciones superiores. Absorbe m\u00e1s, consume menos. Disponible en formato 2 rollos.\",\"breadcrumb\":{\"@id\":\"https:\/\/www.foxy.eu\/es\/productos\/foxy-asso-ultra\/#breadcrumb\"},\"inLanguage\":\"es\",\"potentialAction\":[{\"@type\":\"ReadAction\",\"target\":[\"https:\/\/www.foxy.eu\/es\/productos\/foxy-asso-ultra\/\"]}]},{\"@type\":\"BreadcrumbList\",\"@id\":\"https:\/\/www.foxy.eu\/es\/productos\/foxy-asso-ultra\/#breadcrumb\",\"itemListElement\":[{\"@type\":\"ListItem\",\"position\":1,\"name\":\"Home\",\"item\":\"https:\/\/www.foxy.eu\/es\/\"},{\"@type\":\"ListItem\",\"position\":2,\"name\":\"Foxy Asso Ultra\"}]},{\"@type\":\"WebSite\",\"@id\":\"https:\/\/www.foxy.eu\/#website\",\"url\":\"https:\/\/www.foxy.eu\/\",\"name\":\"Foxy\",\"description\":\"Un nuovo sito targato WordPress\",\"publisher\":{\"@id\":\"https:\/\/www.foxy.eu\/#organization\"},\"alternateName\":\"Scopri tutta la gamma di prodotti e iniziative Foxy. Abbiamo pensato a un mondo su misura per te.\",\"potentialAction\":[{\"@type\":\"SearchAction\",\"target\":{\"@type\":\"EntryPoint\",\"urlTemplate\":\"https:\/\/www.foxy.eu\/?s={search_term_string}\"},\"query-input\":\"required name=search_term_string\"}],\"inLanguage\":\"es\"},{\"@type\":\"Organization\",\"@id\":\"https:\/\/www.foxy.eu\/#organization\",\"name\":\"Foxy | Sempre vicina a te!\",\"alternateName\":\"Scopri tutta la gamma di prodotti e iniziative Foxy. Abbiamo pensato a un mondo su misura per te.\",\"url\":\"https:\/\/www.foxy.eu\/\",\"logo\":{\"@type\":\"ImageObject\",\"inLanguage\":\"es\",\"@id\":\"https:\/\/www.foxy.eu\/#\/schema\/logo\/image\/\",\"url\":\"https:\/\/enkaz3824io.exactdn.com\/wp-content\/uploads\/2020\/07\/hp_big_logo@2x.png?strip=all&lossy=1&ssl=1\",\"contentUrl\":\"https:\/\/enkaz3824io.exactdn.com\/wp-content\/uploads\/2020\/07\/hp_big_logo@2x.png?strip=all&lossy=1&ssl=1\",\"width\":518,\"height\":366,\"caption\":\"Foxy | Sempre vicina a te!\"},\"image\":{\"@id\":\"https:\/\/www.foxy.eu\/#\/schema\/logo\/image\/\"},\"sameAs\":[\"https:\/\/www.instagram.com\/foxy\/\",\"https:\/\/www.youtube.com\/channel\/UCpCfvrNg7u0O0jSeH9B9ygA\",\"https:\/\/www.facebook.com\/Foxy.Italia\"]}]}<\/script>\n<!-- \/ Yoast SEO plugin. -->","yoast_head_json":{"title":"Foxy Asso Ultra - Foxy","description":"Foxy Asso Ultra es el papel de cocina de prestaciones superiores. Absorbe m\u00e1s, consume menos. Disponible en formato 2 rollos.","robots":{"index":"index","follow":"follow","max-snippet":"max-snippet:-1","max-image-preview":"max-image-preview:large","max-video-preview":"max-video-preview:-1"},"canonical":"https:\/\/www.foxy.eu\/es\/productos\/foxy-asso-ultra\/","og_locale":"es_ES","og_type":"article","og_title":"Foxy Asso Ultra - Foxy","og_description":"Foxy Asso Ultra es el papel de cocina de prestaciones superiores. Absorbe m\u00e1s, consume menos. Disponible en formato 2 rollos.","og_url":"https:\/\/www.foxy.eu\/es\/productos\/foxy-asso-ultra\/","og_site_name":"Foxy","article_publisher":"https:\/\/www.facebook.com\/Foxy.Italia","article_modified_time":"2026-04-13T14:47:00+00:00","og_image":[{"width":960,"height":706,"url":"https:\/\/www.foxy.eu\/wp-content\/uploads\/2020\/07\/AssoUltra_asciugatutto_hero-3.png","type":"image\/png"}],"twitter_card":"summary_large_image","twitter_misc":{"Est. reading time":"1 minuto"},"schema":{"@context":"https:\/\/schema.org","@graph":[{"@type":"WebPage","@id":"https:\/\/www.foxy.eu\/es\/productos\/foxy-asso-ultra\/","url":"https:\/\/www.foxy.eu\/es\/productos\/foxy-asso-ultra\/","name":"Foxy Asso Ultra - Foxy","isPartOf":{"@id":"https:\/\/www.foxy.eu\/#website"},"datePublished":"2020-07-28T14:05:01+00:00","dateModified":"2026-04-13T14:47:00+00:00","description":"Foxy Asso Ultra es el papel de cocina de prestaciones superiores. Absorbe m\u00e1s, consume menos. Disponible en formato 2 rollos.","breadcrumb":{"@id":"https:\/\/www.foxy.eu\/es\/productos\/foxy-asso-ultra\/#breadcrumb"},"inLanguage":"es","potentialAction":[{"@type":"ReadAction","target":["https:\/\/www.foxy.eu\/es\/productos\/foxy-asso-ultra\/"]}]},{"@type":"BreadcrumbList","@id":"https:\/\/www.foxy.eu\/es\/productos\/foxy-asso-ultra\/#breadcrumb","itemListElement":[{"@type":"ListItem","position":1,"name":"Home","item":"https:\/\/www.foxy.eu\/es\/"},{"@type":"ListItem","position":2,"name":"Foxy Asso Ultra"}]},{"@type":"WebSite","@id":"https:\/\/www.foxy.eu\/#website","url":"https:\/\/www.foxy.eu\/","name":"Foxy","description":"Un nuovo sito targato WordPress","publisher":{"@id":"https:\/\/www.foxy.eu\/#organization"},"alternateName":"Scopri tutta la gamma di prodotti e iniziative Foxy. Abbiamo pensato a un mondo su misura per te.","potentialAction":[{"@type":"SearchAction","target":{"@type":"EntryPoint","urlTemplate":"https:\/\/www.foxy.eu\/?s={search_term_string}"},"query-input":"required name=search_term_string"}],"inLanguage":"es"},{"@type":"Organization","@id":"https:\/\/www.foxy.eu\/#organization","name":"Foxy | Sempre vicina a te!","alternateName":"Scopri tutta la gamma di prodotti e iniziative Foxy. Abbiamo pensato a un mondo su misura per te.","url":"https:\/\/www.foxy.eu\/","logo":{"@type":"ImageObject","inLanguage":"es","@id":"https:\/\/www.foxy.eu\/#\/schema\/logo\/image\/","url":"https:\/\/enkaz3824io.exactdn.com\/wp-content\/uploads\/2020\/07\/hp_big_logo@2x.png?strip=all&lossy=1&ssl=1","contentUrl":"https:\/\/enkaz3824io.exactdn.com\/wp-content\/uploads\/2020\/07\/hp_big_logo@2x.png?strip=all&lossy=1&ssl=1","width":518,"height":366,"caption":"Foxy | Sempre vicina a te!"},"image":{"@id":"https:\/\/www.foxy.eu\/#\/schema\/logo\/image\/"},"sameAs":["https:\/\/www.instagram.com\/foxy\/","https:\/\/www.youtube.com\/channel\/UCpCfvrNg7u0O0jSeH9B9ygA","https:\/\/www.facebook.com\/Foxy.Italia"]}]}},"_links":{"self":[{"href":"https:\/\/www.foxy.eu\/es\/wp-json\/wp\/v2\/product\/3493"}],"collection":[{"href":"https:\/\/www.foxy.eu\/es\/wp-json\/wp\/v2\/product"}],"about":[{"href":"https:\/\/www.foxy.eu\/es\/wp-json\/wp\/v2\/types\/product"}],"version-history":[{"count":24,"href":"https:\/\/www.foxy.eu\/es\/wp-json\/wp\/v2\/product\/3493\/revisions"}],"predecessor-version":[{"id":29521,"href":"https:\/\/www.foxy.eu\/es\/wp-json\/wp\/v2\/product\/3493\/revisions\/29521"}],"wp:featuredmedia":[{"embeddable":true,"href":"https:\/\/www.foxy.eu\/es\/wp-json\/wp\/v2\/media\/21517"}],"wp:attachment":[{"href":"https:\/\/www.foxy.eu\/es\/wp-json\/wp\/v2\/media?parent=3493"}],"wp:term":[{"taxonomy":"category","embeddable":true,"href":"https:\/\/www.foxy.eu\/es\/wp-json\/wp\/v2\/categories?post=3493"}],"curies":[{"name":"wp","href":"https:\/\/api.w.org\/{rel}","templated":true}]}}