
{"id":3379,"date":"2020-08-27T12:29:21","date_gmt":"2020-08-27T10:29:21","guid":{"rendered":"https:\/\/www.foxy.eu\/prodotti\/foxy-mega\/"},"modified":"2026-04-13T16:32:39","modified_gmt":"2026-04-13T14:32:39","slug":"foxy-mega3-higienicos","status":"publish","type":"product","link":"https:\/\/www.foxy.eu\/es\/productos\/foxy-mega3-higienicos\/","title":{"rendered":"Foxy Mega3"},"content":{"rendered":"<p>[vc_row el_class=\u00bbcaratteristiche_content\u00bb][vc_column width=\u00bb1\/2&#8243; offset=\u00bbvc_col-lg-offset-3 vc_col-lg-6 vc_col-md-offset-3 vc_col-md-6&#8243;][vc_column_text el_class=\u00bbsubtitle_product\u00bb]Los rollos de Foxy Mega3 duran el triple, para mayor durabilidad y comodidad[\/vc_column_text][vc_column_text]4 rollos de Foxy Mega3 equivalen a 12 rollos est\u00e1ndar, por lo que es m\u00e1s pr\u00e1ctico: se puede cambiar el rollo con menos frecuencia y ocupar a\u00fan menos espacio en la casa.[\/vc_column_text][\/vc_column][\/vc_row][vc_row][vc_column width=\u00bb5\/6&#8243; offset=\u00bbvc_col-lg-offset-1 vc_col-lg-10 vc_col-md-offset-1 vc_col-md-10&#8243; el_class=\u00bbplus_product\u00bb][vc_row_inner equal_height=\u00bbyes\u00bb content_placement=\u00bbtop\u00bb el_class=\u00bbcaratteristiche_prodotto_slide_mobile owl-carousel owl-theme\u00bb][vc_column_inner width=\u00bb1\/3&#8243;][vc_single_image image=\u00bb8066&#8243; img_size=\u00bbfull\u00bb alignment=\u00bbcenter\u00bb][vc_column_text el_class=\u00bbplus_product_title\u00bb]Ecoeficiente[\/vc_column_text][vc_column_text el_class=\u00bbplus_product_desc\u00bb]Permite reducir los camiones para su transporte en un 38%, un 44% del espacio ocupado en la casa y el 54% de los materiales de embalaje.[\/vc_column_text][vc_column_text el_class=\u00bbplus_product_desc\u00bb]<a href=\"https:\/\/www.foxy.eu\/es\/papel-higienico-foxy-mega3-los-triples-rollos-inteligentes\/\" target=\"_blank\" rel=\"noopener noreferrer\"><strong>Descubre m\u00e1s<\/strong><\/a>[\/vc_column_text][\/vc_column_inner][vc_column_inner width=\u00bb1\/3&#8243;][vc_single_image image=\u00bb4145&#8243; img_size=\u00bbfull\u00bb alignment=\u00bbcenter\u00bb][vc_column_text el_class=\u00bbplus_product_title\u00bb]Decorado[\/vc_column_text][vc_column_text el_class=\u00bbplus_product_desc\u00bb]Las decoraciones policromadas de Foxy Mega3 se presentan dentro del paquete.[\/vc_column_text][\/vc_column_inner][vc_column_inner width=\u00bb1\/3&#8243;][vc_single_image image=\u00bb4148&#8243; img_size=\u00bbfull\u00bb alignment=\u00bbcenter\u00bb][vc_column_text el_class=\u00bbplus_product_title\u00bb]Cl\u00ednicamente testado[\/vc_column_text][vc_column_text el_class=\u00bbplus_product_desc\u00bb]La idoneidad para el contacto con la piel est\u00e1 garantizada por rigurosos tests realizados en laboratorios cualificados.[\/vc_column_text][\/vc_column_inner][\/vc_row_inner][\/vc_column][\/vc_row]<\/p>\n","protected":false},"featured_media":21483,"template":"","categories":[39],"yoast_head":"<!-- This site is optimized with the Yoast SEO plugin v19.14 - https:\/\/yoast.com\/wordpress\/plugins\/seo\/ -->\n<title>Foxy Mega3 - Foxy<\/title>\n<meta name=\"description\" content=\"4 rollos de Foxy Mega3 equivalen a 12 rollos est\u00e1ndar, por lo que es m\u00e1s pr\u00e1ctico: se puede cambiar el rollo con menos frecuencia y ocupar a\u00fan menos espacio en la casa.\" \/>\n<meta name=\"robots\" content=\"index, follow, max-snippet:-1, max-image-preview:large, max-video-preview:-1\" \/>\n<link rel=\"canonical\" href=\"https:\/\/www.foxy.eu\/es\/productos\/foxy-mega3-higienicos\/\" \/>\n<meta property=\"og:locale\" content=\"es_ES\" \/>\n<meta property=\"og:type\" content=\"article\" \/>\n<meta property=\"og:title\" content=\"Foxy Mega3 - Foxy\" \/>\n<meta property=\"og:description\" content=\"4 rollos de Foxy Mega3 equivalen a 12 rollos est\u00e1ndar, por lo que es m\u00e1s pr\u00e1ctico: se puede cambiar el rollo con menos frecuencia y ocupar a\u00fan menos espacio en la casa.\" \/>\n<meta property=\"og:url\" content=\"https:\/\/www.foxy.eu\/es\/productos\/foxy-mega3-higienicos\/\" \/>\n<meta property=\"og:site_name\" content=\"Foxy\" \/>\n<meta property=\"article:publisher\" content=\"https:\/\/www.facebook.com\/Foxy.Italia\" \/>\n<meta property=\"article:modified_time\" content=\"2026-04-13T14:32:39+00:00\" \/>\n<meta property=\"og:image\" content=\"https:\/\/www.foxy.eu\/wp-content\/uploads\/2020\/08\/Mega_cartaigienica_hero-2.png\" \/>\n\t<meta property=\"og:image:width\" content=\"960\" \/>\n\t<meta property=\"og:image:height\" content=\"706\" \/>\n\t<meta property=\"og:image:type\" content=\"image\/png\" \/>\n<meta name=\"twitter:card\" content=\"summary_large_image\" \/>\n<meta name=\"twitter:label1\" content=\"Est. reading time\" \/>\n\t<meta name=\"twitter:data1\" content=\"1 minuto\" \/>\n<script type=\"application\/ld+json\" class=\"yoast-schema-graph\">{\"@context\":\"https:\/\/schema.org\",\"@graph\":[{\"@type\":\"WebPage\",\"@id\":\"https:\/\/www.foxy.eu\/es\/productos\/foxy-mega3-higienicos\/\",\"url\":\"https:\/\/www.foxy.eu\/es\/productos\/foxy-mega3-higienicos\/\",\"name\":\"Foxy Mega3 - Foxy\",\"isPartOf\":{\"@id\":\"https:\/\/www.foxy.eu\/#website\"},\"datePublished\":\"2020-08-27T10:29:21+00:00\",\"dateModified\":\"2026-04-13T14:32:39+00:00\",\"description\":\"4 rollos de Foxy Mega3 equivalen a 12 rollos est\u00e1ndar, por lo que es m\u00e1s pr\u00e1ctico: se puede cambiar el rollo con menos frecuencia y ocupar a\u00fan menos espacio en la casa.\",\"breadcrumb\":{\"@id\":\"https:\/\/www.foxy.eu\/es\/productos\/foxy-mega3-higienicos\/#breadcrumb\"},\"inLanguage\":\"es\",\"potentialAction\":[{\"@type\":\"ReadAction\",\"target\":[\"https:\/\/www.foxy.eu\/es\/productos\/foxy-mega3-higienicos\/\"]}]},{\"@type\":\"BreadcrumbList\",\"@id\":\"https:\/\/www.foxy.eu\/es\/productos\/foxy-mega3-higienicos\/#breadcrumb\",\"itemListElement\":[{\"@type\":\"ListItem\",\"position\":1,\"name\":\"Home\",\"item\":\"https:\/\/www.foxy.eu\/es\/\"},{\"@type\":\"ListItem\",\"position\":2,\"name\":\"Foxy Mega3\"}]},{\"@type\":\"WebSite\",\"@id\":\"https:\/\/www.foxy.eu\/#website\",\"url\":\"https:\/\/www.foxy.eu\/\",\"name\":\"Foxy\",\"description\":\"Un nuovo sito targato WordPress\",\"publisher\":{\"@id\":\"https:\/\/www.foxy.eu\/#organization\"},\"alternateName\":\"Scopri tutta la gamma di prodotti e iniziative Foxy. Abbiamo pensato a un mondo su misura per te.\",\"potentialAction\":[{\"@type\":\"SearchAction\",\"target\":{\"@type\":\"EntryPoint\",\"urlTemplate\":\"https:\/\/www.foxy.eu\/?s={search_term_string}\"},\"query-input\":\"required name=search_term_string\"}],\"inLanguage\":\"es\"},{\"@type\":\"Organization\",\"@id\":\"https:\/\/www.foxy.eu\/#organization\",\"name\":\"Foxy | Sempre vicina a te!\",\"alternateName\":\"Scopri tutta la gamma di prodotti e iniziative Foxy. Abbiamo pensato a un mondo su misura per te.\",\"url\":\"https:\/\/www.foxy.eu\/\",\"logo\":{\"@type\":\"ImageObject\",\"inLanguage\":\"es\",\"@id\":\"https:\/\/www.foxy.eu\/#\/schema\/logo\/image\/\",\"url\":\"https:\/\/enkaz3824io.exactdn.com\/wp-content\/uploads\/2020\/07\/hp_big_logo@2x.png?strip=all&lossy=1&ssl=1\",\"contentUrl\":\"https:\/\/enkaz3824io.exactdn.com\/wp-content\/uploads\/2020\/07\/hp_big_logo@2x.png?strip=all&lossy=1&ssl=1\",\"width\":518,\"height\":366,\"caption\":\"Foxy | Sempre vicina a te!\"},\"image\":{\"@id\":\"https:\/\/www.foxy.eu\/#\/schema\/logo\/image\/\"},\"sameAs\":[\"https:\/\/www.instagram.com\/foxy\/\",\"https:\/\/www.youtube.com\/channel\/UCpCfvrNg7u0O0jSeH9B9ygA\",\"https:\/\/www.facebook.com\/Foxy.Italia\"]}]}<\/script>\n<!-- \/ Yoast SEO plugin. -->","yoast_head_json":{"title":"Foxy Mega3 - Foxy","description":"4 rollos de Foxy Mega3 equivalen a 12 rollos est\u00e1ndar, por lo que es m\u00e1s pr\u00e1ctico: se puede cambiar el rollo con menos frecuencia y ocupar a\u00fan menos espacio en la casa.","robots":{"index":"index","follow":"follow","max-snippet":"max-snippet:-1","max-image-preview":"max-image-preview:large","max-video-preview":"max-video-preview:-1"},"canonical":"https:\/\/www.foxy.eu\/es\/productos\/foxy-mega3-higienicos\/","og_locale":"es_ES","og_type":"article","og_title":"Foxy Mega3 - Foxy","og_description":"4 rollos de Foxy Mega3 equivalen a 12 rollos est\u00e1ndar, por lo que es m\u00e1s pr\u00e1ctico: se puede cambiar el rollo con menos frecuencia y ocupar a\u00fan menos espacio en la casa.","og_url":"https:\/\/www.foxy.eu\/es\/productos\/foxy-mega3-higienicos\/","og_site_name":"Foxy","article_publisher":"https:\/\/www.facebook.com\/Foxy.Italia","article_modified_time":"2026-04-13T14:32:39+00:00","og_image":[{"width":960,"height":706,"url":"https:\/\/www.foxy.eu\/wp-content\/uploads\/2020\/08\/Mega_cartaigienica_hero-2.png","type":"image\/png"}],"twitter_card":"summary_large_image","twitter_misc":{"Est. reading time":"1 minuto"},"schema":{"@context":"https:\/\/schema.org","@graph":[{"@type":"WebPage","@id":"https:\/\/www.foxy.eu\/es\/productos\/foxy-mega3-higienicos\/","url":"https:\/\/www.foxy.eu\/es\/productos\/foxy-mega3-higienicos\/","name":"Foxy Mega3 - Foxy","isPartOf":{"@id":"https:\/\/www.foxy.eu\/#website"},"datePublished":"2020-08-27T10:29:21+00:00","dateModified":"2026-04-13T14:32:39+00:00","description":"4 rollos de Foxy Mega3 equivalen a 12 rollos est\u00e1ndar, por lo que es m\u00e1s pr\u00e1ctico: se puede cambiar el rollo con menos frecuencia y ocupar a\u00fan menos espacio en la casa.","breadcrumb":{"@id":"https:\/\/www.foxy.eu\/es\/productos\/foxy-mega3-higienicos\/#breadcrumb"},"inLanguage":"es","potentialAction":[{"@type":"ReadAction","target":["https:\/\/www.foxy.eu\/es\/productos\/foxy-mega3-higienicos\/"]}]},{"@type":"BreadcrumbList","@id":"https:\/\/www.foxy.eu\/es\/productos\/foxy-mega3-higienicos\/#breadcrumb","itemListElement":[{"@type":"ListItem","position":1,"name":"Home","item":"https:\/\/www.foxy.eu\/es\/"},{"@type":"ListItem","position":2,"name":"Foxy Mega3"}]},{"@type":"WebSite","@id":"https:\/\/www.foxy.eu\/#website","url":"https:\/\/www.foxy.eu\/","name":"Foxy","description":"Un nuovo sito targato WordPress","publisher":{"@id":"https:\/\/www.foxy.eu\/#organization"},"alternateName":"Scopri tutta la gamma di prodotti e iniziative Foxy. Abbiamo pensato a un mondo su misura per te.","potentialAction":[{"@type":"SearchAction","target":{"@type":"EntryPoint","urlTemplate":"https:\/\/www.foxy.eu\/?s={search_term_string}"},"query-input":"required name=search_term_string"}],"inLanguage":"es"},{"@type":"Organization","@id":"https:\/\/www.foxy.eu\/#organization","name":"Foxy | Sempre vicina a te!","alternateName":"Scopri tutta la gamma di prodotti e iniziative Foxy. Abbiamo pensato a un mondo su misura per te.","url":"https:\/\/www.foxy.eu\/","logo":{"@type":"ImageObject","inLanguage":"es","@id":"https:\/\/www.foxy.eu\/#\/schema\/logo\/image\/","url":"https:\/\/enkaz3824io.exactdn.com\/wp-content\/uploads\/2020\/07\/hp_big_logo@2x.png?strip=all&lossy=1&ssl=1","contentUrl":"https:\/\/enkaz3824io.exactdn.com\/wp-content\/uploads\/2020\/07\/hp_big_logo@2x.png?strip=all&lossy=1&ssl=1","width":518,"height":366,"caption":"Foxy | Sempre vicina a te!"},"image":{"@id":"https:\/\/www.foxy.eu\/#\/schema\/logo\/image\/"},"sameAs":["https:\/\/www.instagram.com\/foxy\/","https:\/\/www.youtube.com\/channel\/UCpCfvrNg7u0O0jSeH9B9ygA","https:\/\/www.facebook.com\/Foxy.Italia"]}]}},"_links":{"self":[{"href":"https:\/\/www.foxy.eu\/es\/wp-json\/wp\/v2\/product\/3379"}],"collection":[{"href":"https:\/\/www.foxy.eu\/es\/wp-json\/wp\/v2\/product"}],"about":[{"href":"https:\/\/www.foxy.eu\/es\/wp-json\/wp\/v2\/types\/product"}],"version-history":[{"count":26,"href":"https:\/\/www.foxy.eu\/es\/wp-json\/wp\/v2\/product\/3379\/revisions"}],"predecessor-version":[{"id":29506,"href":"https:\/\/www.foxy.eu\/es\/wp-json\/wp\/v2\/product\/3379\/revisions\/29506"}],"wp:featuredmedia":[{"embeddable":true,"href":"https:\/\/www.foxy.eu\/es\/wp-json\/wp\/v2\/media\/21483"}],"wp:attachment":[{"href":"https:\/\/www.foxy.eu\/es\/wp-json\/wp\/v2\/media?parent=3379"}],"wp:term":[{"taxonomy":"category","embeddable":true,"href":"https:\/\/www.foxy.eu\/es\/wp-json\/wp\/v2\/categories?post=3379"}],"curies":[{"name":"wp","href":"https:\/\/api.w.org\/{rel}","templated":true}]}}