
{"id":3344,"date":"2020-08-27T11:34:33","date_gmt":"2020-08-27T09:34:33","guid":{"rendered":"https:\/\/www.foxy.eu\/prodotti\/foxy-bouquet\/"},"modified":"2026-04-13T16:34:30","modified_gmt":"2026-04-13T14:34:30","slug":"foxy-bouquet","status":"publish","type":"product","link":"https:\/\/www.foxy.eu\/es\/productos\/foxy-bouquet\/","title":{"rendered":"Foxy Bouquet"},"content":{"rendered":"<p>[vc_row el_class=\u00bbcaratteristiche_content\u00bb][vc_column width=\u00bb1\/2&#8243; offset=\u00bbvc_col-lg-offset-3 vc_col-lg-6 vc_col-md-offset-3 vc_col-md-6&#8243;][vc_column_text el_class=\u00bbsubtitle_product\u00bb]Foxy Bouquet es el \u00fanico papel higi\u00e9nico de color con una delicada fragancia a juego[\/vc_column_text][vc_column_text]Foxy Bouquet trae la alegr\u00eda de los colores y la frescura de los aromas al ba\u00f1o. Gracias a las 3 capas, garantiza una absorci\u00f3n y suavidad superiores.[\/vc_column_text][\/vc_column][\/vc_row][vc_row][vc_column width=\u00bb5\/6&#8243; offset=\u00bbvc_col-lg-offset-1 vc_col-lg-10 vc_col-md-offset-1 vc_col-md-10&#8243; el_class=\u00bbplus_product\u00bb][vc_row_inner equal_height=\u00bbyes\u00bb content_placement=\u00bbtop\u00bb el_class=\u00bbcaratteristiche_prodotto_slide_mobile owl-carousel owl-theme\u00bb][vc_column_inner width=\u00bb1\/3&#8243;][vc_single_image image=\u00bb4202&#8243; img_size=\u00bbfull\u00bb alignment=\u00bbcenter\u00bb][vc_column_text el_class=\u00bbplus_product_title\u00bb]Coloreada y perfumada[\/vc_column_text][vc_column_text el_class=\u00bbplus_product_desc\u00bb]Disponible en 3 variaciones de color y perfume \u2013 rosa, azul y melocot\u00f3n \u2013 para decorar cada ba\u00f1o con su propio estilo.[\/vc_column_text][\/vc_column_inner][vc_column_inner width=\u00bb1\/3&#8243;][vc_single_image image=\u00bb4971&#8243; img_size=\u00bbfull\u00bb alignment=\u00bbcenter\u00bb][vc_column_text el_class=\u00bbplus_product_title\u00bb]3 capas[\/vc_column_text][vc_column_text el_class=\u00bbplus_product_desc\u00bb]Contiene 3 capas lo que permite tener una mayor absorci\u00f3n y resistencia.[\/vc_column_text][\/vc_column_inner][vc_column_inner width=\u00bb1\/3&#8243;][vc_single_image image=\u00bb4199&#8243; img_size=\u00bbfull\u00bb alignment=\u00bbcenter\u00bb][vc_column_text el_class=\u00bbplus_product_title\u00bb]Cl\u00ednicamente testado[\/vc_column_text][vc_column_text el_class=\u00bbplus_product_desc\u00bb]La idoneidad para el contacto con la piel est\u00e1 garantizada por rigurosos tests realizados en laboratorios cualificados.[\/vc_column_text][\/vc_column_inner][\/vc_row_inner][\/vc_column][\/vc_row][vc_row full_width=\u00bbstretch_row\u00bb el_class=\u00bbmtop100 riga-carousel-etichetta decorazioni_singola\u00bb][vc_column offset=\u00bbvc_col-lg-offset-1 vc_col-lg-10&#8243;]<div id=\"ult-carousel-189241039469f08a9341d6c\" class=\"ult-carousel-wrapper  carousel-etichetta ult_horizontal\" data-gutter=\"15\" data-rtl=\"false\" ><div class=\"ult-carousel-63257675969f08a9341cef \" >[vc_row_inner el_class=\u00bbrow-flex-carousel\u00bb][vc_column_inner el_class=\u00bbcol-desc-dec\u00bb width=\u00bb1\/2&#8243; offset=\u00bbvc_col-lg-4 vc_col-md-4 vc_col-xs-12&#8243;][vc_column_text el_class=\u00bbtitle_decorazione\u00bb]Foxy Bouquet Rosa[\/vc_column_text][vc_column_text el_class=\u00bbdesc_decorazione\u00bb]Con el fresco aroma a rosa[\/vc_column_text][\/vc_column_inner][vc_column_inner width=\u00bb1\/2&#8243; offset=\u00bbvc_col-lg-8 vc_col-md-8 vc_col-xs-12&#8243;][vc_single_image image=\u00bb11976&#8243; img_size=\u00bbfull\u00bb alignment=\u00bbcenter\u00bb][\/vc_column_inner][\/vc_row_inner][vc_row_inner el_class=\u00bbrow-flex-carousel\u00bb][vc_column_inner el_class=\u00bbcol-desc-dec\u00bb width=\u00bb1\/2&#8243; offset=\u00bbvc_col-lg-4 vc_col-md-4 vc_col-xs-12&#8243;][vc_column_text el_class=\u00bbtitle_decorazione\u00bb]Foxy Bouquet Melocot\u00f3n[\/vc_column_text][vc_column_text el_class=\u00bbdesc_decorazione\u00bb]Con una delicada fragancia a melocot\u00f3n[\/vc_column_text][\/vc_column_inner][vc_column_inner width=\u00bb1\/2&#8243; offset=\u00bbvc_col-lg-offset-0 vc_col-lg-8 vc_col-md-offset-0 vc_col-md-8 vc_col-xs-12&#8243;][vc_single_image image=\u00bb11986&#8243; img_size=\u00bbfull\u00bb alignment=\u00bbcenter\u00bb][\/vc_column_inner][\/vc_row_inner][vc_row_inner el_class=\u00bbrow-flex-carousel\u00bb][vc_column_inner el_class=\u00bbcol-desc-dec\u00bb width=\u00bb1\/2&#8243; offset=\u00bbvc_col-lg-4 vc_col-md-4 vc_col-xs-12&#8243;][vc_column_text el_class=\u00bbtitle_decorazione\u00bb]Foxy Bouquet Azul[\/vc_column_text][vc_column_text el_class=\u00bbdesc_decorazione\u00bb]Con suaves notas de lavanda[\/vc_column_text][\/vc_column_inner][vc_column_inner width=\u00bb1\/2&#8243; offset=\u00bbvc_col-lg-offset-0 vc_col-lg-8 vc_col-md-offset-0 vc_col-md-8 vc_col-xs-12&#8243;][vc_single_image image=\u00bb11996&#8243; img_size=\u00bbfull\u00bb alignment=\u00bbcenter\u00bb][\/vc_column_inner][\/vc_row_inner]<\/div><\/div>\t\t\t<script type=\"text\/javascript\">\r\n\t\t\t\tjQuery(document).ready(function ($) {\r\n\t\t\t\t\tif( typeof jQuery('.ult-carousel-63257675969f08a9341cef').slick == \"function\"){\r\n\t\t\t\t\t\t$('.ult-carousel-63257675969f08a9341cef').slick({dots: true,autoplaySpeed: 5000,speed: 500,infinite: true,arrows: true,nextArrow: '<button type=\"button\" role=\"button\" aria-label=\"Next\" style=\"color:#1e2d75; font-size:20px;\" class=\"slick-next default\"><i class=\"ultsl-arrow-right6\"><\/i><\/button>',prevArrow: '<button type=\"button\" role=\"button\" aria-label=\"Previous\" style=\"color:#1e2d75; font-size:20px;\" class=\"slick-prev default\"><i class=\"ultsl-arrow-left6\"><\/i><\/button>',slidesToScroll:1,slidesToShow:1,swipe: true,draggable: true,touchMove: true,pauseOnHover: true,pauseOnFocus: false,responsive: [\r\n\t\t\t\t\t\t\t{\r\n\t\t\t\t\t\t\t  breakpoint: 1026,\r\n\t\t\t\t\t\t\t  settings: {\r\n\t\t\t\t\t\t\t\tslidesToShow: 1,\r\n\t\t\t\t\t\t\t\tslidesToScroll: 1,  \r\n\t\t\t\t\t\t\t  }\r\n\t\t\t\t\t\t\t},\r\n\t\t\t\t\t\t\t{\r\n\t\t\t\t\t\t\t  breakpoint: 1025,\r\n\t\t\t\t\t\t\t  settings: {\r\n\t\t\t\t\t\t\t\tslidesToShow: 1,\r\n\t\t\t\t\t\t\t\tslidesToScroll: 1\r\n\t\t\t\t\t\t\t  }\r\n\t\t\t\t\t\t\t},\r\n\t\t\t\t\t\t\t{\r\n\t\t\t\t\t\t\t  breakpoint: 760,\r\n\t\t\t\t\t\t\t  settings: {\r\n\t\t\t\t\t\t\t\tslidesToShow: 1,\r\n\t\t\t\t\t\t\t\tslidesToScroll: 1\r\n\t\t\t\t\t\t\t  }\r\n\t\t\t\t\t\t\t}\r\n\t\t\t\t\t\t],pauseOnDotsHover: true,customPaging: function(slider, i) {\r\n                   return '<i type=\"button\" style= \"color:#cccccc;\" class=\"ultsl-record\" data-role=\"none\"><\/i>';\r\n                },});\r\n\t\t\t\t\t}\r\n\t\t\t\t});\r\n\t\t\t<\/script>\r\n\t\t\t[\/vc_column][\/vc_row]<\/p>\n","protected":false},"featured_media":11981,"template":"","categories":[39],"yoast_head":"<!-- This site is optimized with the Yoast SEO plugin v19.14 - https:\/\/yoast.com\/wordpress\/plugins\/seo\/ -->\n<title>Foxy Bouquet - Foxy<\/title>\n<meta name=\"description\" content=\"Foxy Bouquet es el \u00fanico papel higi\u00e9nico de color con una delicada fragancia a juego. Trae la alegr\u00eda al ba\u00f1o.\" \/>\n<meta name=\"robots\" content=\"index, follow, max-snippet:-1, max-image-preview:large, max-video-preview:-1\" \/>\n<link rel=\"canonical\" href=\"https:\/\/www.foxy.eu\/es\/productos\/foxy-bouquet\/\" \/>\n<meta property=\"og:locale\" content=\"es_ES\" \/>\n<meta property=\"og:type\" content=\"article\" \/>\n<meta property=\"og:title\" content=\"Foxy Bouquet - Foxy\" \/>\n<meta property=\"og:description\" content=\"Foxy Bouquet es el \u00fanico papel higi\u00e9nico de color con una delicada fragancia a juego. Trae la alegr\u00eda al ba\u00f1o.\" \/>\n<meta property=\"og:url\" content=\"https:\/\/www.foxy.eu\/es\/productos\/foxy-bouquet\/\" \/>\n<meta property=\"og:site_name\" content=\"Foxy\" \/>\n<meta property=\"article:publisher\" content=\"https:\/\/www.facebook.com\/Foxy.Italia\" \/>\n<meta property=\"article:modified_time\" content=\"2026-04-13T14:34:30+00:00\" \/>\n<meta property=\"og:image\" content=\"https:\/\/www.foxy.eu\/wp-content\/uploads\/2020\/08\/BouquetRosa_cartaigienica_categoria.png\" \/>\n\t<meta property=\"og:image:width\" content=\"960\" \/>\n\t<meta property=\"og:image:height\" content=\"706\" \/>\n\t<meta property=\"og:image:type\" content=\"image\/png\" \/>\n<meta name=\"twitter:card\" content=\"summary_large_image\" \/>\n<meta name=\"twitter:label1\" content=\"Est. reading time\" \/>\n\t<meta name=\"twitter:data1\" content=\"2 minutos\" \/>\n<script type=\"application\/ld+json\" class=\"yoast-schema-graph\">{\"@context\":\"https:\/\/schema.org\",\"@graph\":[{\"@type\":\"WebPage\",\"@id\":\"https:\/\/www.foxy.eu\/es\/productos\/foxy-bouquet\/\",\"url\":\"https:\/\/www.foxy.eu\/es\/productos\/foxy-bouquet\/\",\"name\":\"Foxy Bouquet - Foxy\",\"isPartOf\":{\"@id\":\"https:\/\/www.foxy.eu\/#website\"},\"datePublished\":\"2020-08-27T09:34:33+00:00\",\"dateModified\":\"2026-04-13T14:34:30+00:00\",\"description\":\"Foxy Bouquet es el \u00fanico papel higi\u00e9nico de color con una delicada fragancia a juego. Trae la alegr\u00eda al ba\u00f1o.\",\"breadcrumb\":{\"@id\":\"https:\/\/www.foxy.eu\/es\/productos\/foxy-bouquet\/#breadcrumb\"},\"inLanguage\":\"es\",\"potentialAction\":[{\"@type\":\"ReadAction\",\"target\":[\"https:\/\/www.foxy.eu\/es\/productos\/foxy-bouquet\/\"]}]},{\"@type\":\"BreadcrumbList\",\"@id\":\"https:\/\/www.foxy.eu\/es\/productos\/foxy-bouquet\/#breadcrumb\",\"itemListElement\":[{\"@type\":\"ListItem\",\"position\":1,\"name\":\"Home\",\"item\":\"https:\/\/www.foxy.eu\/es\/\"},{\"@type\":\"ListItem\",\"position\":2,\"name\":\"Foxy Bouquet\"}]},{\"@type\":\"WebSite\",\"@id\":\"https:\/\/www.foxy.eu\/#website\",\"url\":\"https:\/\/www.foxy.eu\/\",\"name\":\"Foxy\",\"description\":\"Un nuovo sito targato WordPress\",\"publisher\":{\"@id\":\"https:\/\/www.foxy.eu\/#organization\"},\"alternateName\":\"Scopri tutta la gamma di prodotti e iniziative Foxy. Abbiamo pensato a un mondo su misura per te.\",\"potentialAction\":[{\"@type\":\"SearchAction\",\"target\":{\"@type\":\"EntryPoint\",\"urlTemplate\":\"https:\/\/www.foxy.eu\/?s={search_term_string}\"},\"query-input\":\"required name=search_term_string\"}],\"inLanguage\":\"es\"},{\"@type\":\"Organization\",\"@id\":\"https:\/\/www.foxy.eu\/#organization\",\"name\":\"Foxy | Sempre vicina a te!\",\"alternateName\":\"Scopri tutta la gamma di prodotti e iniziative Foxy. Abbiamo pensato a un mondo su misura per te.\",\"url\":\"https:\/\/www.foxy.eu\/\",\"logo\":{\"@type\":\"ImageObject\",\"inLanguage\":\"es\",\"@id\":\"https:\/\/www.foxy.eu\/#\/schema\/logo\/image\/\",\"url\":\"https:\/\/enkaz3824io.exactdn.com\/wp-content\/uploads\/2020\/07\/hp_big_logo@2x.png?strip=all&lossy=1&ssl=1\",\"contentUrl\":\"https:\/\/enkaz3824io.exactdn.com\/wp-content\/uploads\/2020\/07\/hp_big_logo@2x.png?strip=all&lossy=1&ssl=1\",\"width\":518,\"height\":366,\"caption\":\"Foxy | Sempre vicina a te!\"},\"image\":{\"@id\":\"https:\/\/www.foxy.eu\/#\/schema\/logo\/image\/\"},\"sameAs\":[\"https:\/\/www.instagram.com\/foxy\/\",\"https:\/\/www.youtube.com\/channel\/UCpCfvrNg7u0O0jSeH9B9ygA\",\"https:\/\/www.facebook.com\/Foxy.Italia\"]}]}<\/script>\n<!-- \/ Yoast SEO plugin. -->","yoast_head_json":{"title":"Foxy Bouquet - Foxy","description":"Foxy Bouquet es el \u00fanico papel higi\u00e9nico de color con una delicada fragancia a juego. Trae la alegr\u00eda al ba\u00f1o.","robots":{"index":"index","follow":"follow","max-snippet":"max-snippet:-1","max-image-preview":"max-image-preview:large","max-video-preview":"max-video-preview:-1"},"canonical":"https:\/\/www.foxy.eu\/es\/productos\/foxy-bouquet\/","og_locale":"es_ES","og_type":"article","og_title":"Foxy Bouquet - Foxy","og_description":"Foxy Bouquet es el \u00fanico papel higi\u00e9nico de color con una delicada fragancia a juego. Trae la alegr\u00eda al ba\u00f1o.","og_url":"https:\/\/www.foxy.eu\/es\/productos\/foxy-bouquet\/","og_site_name":"Foxy","article_publisher":"https:\/\/www.facebook.com\/Foxy.Italia","article_modified_time":"2026-04-13T14:34:30+00:00","og_image":[{"width":960,"height":706,"url":"https:\/\/www.foxy.eu\/wp-content\/uploads\/2020\/08\/BouquetRosa_cartaigienica_categoria.png","type":"image\/png"}],"twitter_card":"summary_large_image","twitter_misc":{"Est. reading time":"2 minutos"},"schema":{"@context":"https:\/\/schema.org","@graph":[{"@type":"WebPage","@id":"https:\/\/www.foxy.eu\/es\/productos\/foxy-bouquet\/","url":"https:\/\/www.foxy.eu\/es\/productos\/foxy-bouquet\/","name":"Foxy Bouquet - Foxy","isPartOf":{"@id":"https:\/\/www.foxy.eu\/#website"},"datePublished":"2020-08-27T09:34:33+00:00","dateModified":"2026-04-13T14:34:30+00:00","description":"Foxy Bouquet es el \u00fanico papel higi\u00e9nico de color con una delicada fragancia a juego. Trae la alegr\u00eda al ba\u00f1o.","breadcrumb":{"@id":"https:\/\/www.foxy.eu\/es\/productos\/foxy-bouquet\/#breadcrumb"},"inLanguage":"es","potentialAction":[{"@type":"ReadAction","target":["https:\/\/www.foxy.eu\/es\/productos\/foxy-bouquet\/"]}]},{"@type":"BreadcrumbList","@id":"https:\/\/www.foxy.eu\/es\/productos\/foxy-bouquet\/#breadcrumb","itemListElement":[{"@type":"ListItem","position":1,"name":"Home","item":"https:\/\/www.foxy.eu\/es\/"},{"@type":"ListItem","position":2,"name":"Foxy Bouquet"}]},{"@type":"WebSite","@id":"https:\/\/www.foxy.eu\/#website","url":"https:\/\/www.foxy.eu\/","name":"Foxy","description":"Un nuovo sito targato WordPress","publisher":{"@id":"https:\/\/www.foxy.eu\/#organization"},"alternateName":"Scopri tutta la gamma di prodotti e iniziative Foxy. Abbiamo pensato a un mondo su misura per te.","potentialAction":[{"@type":"SearchAction","target":{"@type":"EntryPoint","urlTemplate":"https:\/\/www.foxy.eu\/?s={search_term_string}"},"query-input":"required name=search_term_string"}],"inLanguage":"es"},{"@type":"Organization","@id":"https:\/\/www.foxy.eu\/#organization","name":"Foxy | Sempre vicina a te!","alternateName":"Scopri tutta la gamma di prodotti e iniziative Foxy. Abbiamo pensato a un mondo su misura per te.","url":"https:\/\/www.foxy.eu\/","logo":{"@type":"ImageObject","inLanguage":"es","@id":"https:\/\/www.foxy.eu\/#\/schema\/logo\/image\/","url":"https:\/\/enkaz3824io.exactdn.com\/wp-content\/uploads\/2020\/07\/hp_big_logo@2x.png?strip=all&lossy=1&ssl=1","contentUrl":"https:\/\/enkaz3824io.exactdn.com\/wp-content\/uploads\/2020\/07\/hp_big_logo@2x.png?strip=all&lossy=1&ssl=1","width":518,"height":366,"caption":"Foxy | Sempre vicina a te!"},"image":{"@id":"https:\/\/www.foxy.eu\/#\/schema\/logo\/image\/"},"sameAs":["https:\/\/www.instagram.com\/foxy\/","https:\/\/www.youtube.com\/channel\/UCpCfvrNg7u0O0jSeH9B9ygA","https:\/\/www.facebook.com\/Foxy.Italia"]}]}},"_links":{"self":[{"href":"https:\/\/www.foxy.eu\/es\/wp-json\/wp\/v2\/product\/3344"}],"collection":[{"href":"https:\/\/www.foxy.eu\/es\/wp-json\/wp\/v2\/product"}],"about":[{"href":"https:\/\/www.foxy.eu\/es\/wp-json\/wp\/v2\/types\/product"}],"version-history":[{"count":31,"href":"https:\/\/www.foxy.eu\/es\/wp-json\/wp\/v2\/product\/3344\/revisions"}],"predecessor-version":[{"id":29510,"href":"https:\/\/www.foxy.eu\/es\/wp-json\/wp\/v2\/product\/3344\/revisions\/29510"}],"wp:featuredmedia":[{"embeddable":true,"href":"https:\/\/www.foxy.eu\/es\/wp-json\/wp\/v2\/media\/11981"}],"wp:attachment":[{"href":"https:\/\/www.foxy.eu\/es\/wp-json\/wp\/v2\/media?parent=3344"}],"wp:term":[{"taxonomy":"category","embeddable":true,"href":"https:\/\/www.foxy.eu\/es\/wp-json\/wp\/v2\/categories?post=3344"}],"curies":[{"name":"wp","href":"https:\/\/api.w.org\/{rel}","templated":true}]}}