
{"id":11830,"date":"2023-03-06T16:03:44","date_gmt":"2023-03-06T15:03:44","guid":{"rendered":"https:\/\/www.foxy.eu\/?post_type=product&#038;p=11830"},"modified":"2025-07-22T15:00:06","modified_gmt":"2025-07-22T13:00:06","slug":"love-the-bee-jumbo","status":"publish","type":"product","link":"https:\/\/www.foxy.eu\/es\/productos\/love-the-bee-jumbo\/","title":{"rendered":"Love the Bee Jumbo"},"content":{"rendered":"<p>[vc_row el_class=\u00bbcaratteristiche_content\u00bb][vc_column width=\u00bb1\/2&#8243; offset=\u00bbvc_col-lg-offset-3 vc_col-lg-6 vc_col-md-offset-3 vc_col-md-6&#8243;][vc_column_text el_class=\u00bbsubtitle_product\u00bb]\u00a1Foxy Love the Bee es el papel multiusos que ama y protege a las abejas![\/vc_column_text][vc_column_text]Concebido para apoyar el proyecto de Foxy y 3Bee en defensa de las abejas; est\u00e1 dise\u00f1ado para garantizar la alta calidad de cualquier producto Foxy.<br \/>\nEsta bobina multiusos es perfecta para cualquier estancia del hogar y para cualquier tipo de uso; sus 295 servicios duran mucho tiempo y gracias a los v\u00f3rtices superabsorbentes ofrecen las mejores prestaciones en cuanto a absorci\u00f3n y resistencia.[\/vc_column_text][\/vc_column][\/vc_row][vc_row][vc_column width=\u00bb5\/6&#8243; offset=\u00bbvc_col-lg-offset-1 vc_col-lg-10 vc_col-md-offset-1 vc_col-md-10&#8243; el_class=\u00bbplus_product\u00bb][vc_row_inner equal_height=\u00bbyes\u00bb content_placement=\u00bbtop\u00bb el_class=\u00bbcaratteristiche_prodotto_slide_mobile owl-carousel owl-theme\u00bb][vc_column_inner width=\u00bb1\/3&#8243;][vc_single_image image=\u00bb11831&#8243; img_size=\u00bbfull\u00bb alignment=\u00bbcenter\u00bb][vc_column_text el_class=\u00bbplus_product_title\u00bb]<span data-sheets-value=\"{&quot;1&quot;:2,&quot;2&quot;:&quot;Larga Duraci\u00f3n&quot;}\" data-sheets-userformat=\"{&quot;2&quot;:29181,&quot;3&quot;:{&quot;1&quot;:1},&quot;5&quot;:{&quot;1&quot;:[{&quot;1&quot;:2,&quot;2&quot;:0,&quot;5&quot;:{&quot;1&quot;:2,&quot;2&quot;:0}},{&quot;1&quot;:0,&quot;2&quot;:0,&quot;3&quot;:3},{&quot;1&quot;:1,&quot;2&quot;:0,&quot;4&quot;:1}]},&quot;6&quot;:{&quot;1&quot;:[{&quot;1&quot;:2,&quot;2&quot;:0,&quot;5&quot;:{&quot;1&quot;:2,&quot;2&quot;:0}},{&quot;1&quot;:0,&quot;2&quot;:0,&quot;3&quot;:3},{&quot;1&quot;:1,&quot;2&quot;:0,&quot;4&quot;:1}]},&quot;7&quot;:{&quot;1&quot;:[{&quot;1&quot;:2,&quot;2&quot;:0,&quot;5&quot;:{&quot;1&quot;:2,&quot;2&quot;:0}},{&quot;1&quot;:0,&quot;2&quot;:0,&quot;3&quot;:3},{&quot;1&quot;:1,&quot;2&quot;:0,&quot;4&quot;:2}]},&quot;8&quot;:{&quot;1&quot;:[{&quot;1&quot;:2,&quot;2&quot;:0,&quot;5&quot;:{&quot;1&quot;:2,&quot;2&quot;:0}},{&quot;1&quot;:0,&quot;2&quot;:0,&quot;3&quot;:3},{&quot;1&quot;:1,&quot;2&quot;:0,&quot;4&quot;:2}]},&quot;9&quot;:1,&quot;10&quot;:1,&quot;11&quot;:4,&quot;15&quot;:&quot;Arial&quot;,&quot;16&quot;:10,&quot;17&quot;:1}\">Larga Duraci\u00f3n<\/span>[\/vc_column_text][vc_column_text el_class=\u00bbplus_product_desc\u00bb]Un rollo de Foxy Love the Bee dura hasta 6 veces m\u00e1s que un rollo normal[\/vc_column_text][\/vc_column_inner][vc_column_inner width=\u00bb1\/3&#8243;][vc_single_image image=\u00bb11836&#8243; img_size=\u00bbfull\u00bb alignment=\u00bbcenter\u00bb][vc_column_text el_class=\u00bbplus_product_title\u00bb]Papel Multiusos[\/vc_column_text][vc_column_text el_class=\u00bbplus_product_desc\u00bb]<span data-sheets-value=\"{&quot;1&quot;:2,&quot;2&quot;:&quot;En la cocina, en el garaje e incluso en el ba\u00f1o, es pr\u00e1ctico en tama\u00f1o y vers\u00e1til en sus posibles usos&quot;}\" data-sheets-userformat=\"{&quot;2&quot;:12797,&quot;3&quot;:{&quot;1&quot;:1},&quot;5&quot;:{&quot;1&quot;:[{&quot;1&quot;:2,&quot;2&quot;:0,&quot;5&quot;:{&quot;1&quot;:2,&quot;2&quot;:0}},{&quot;1&quot;:0,&quot;2&quot;:0,&quot;3&quot;:3},{&quot;1&quot;:1,&quot;2&quot;:0,&quot;4&quot;:1}]},&quot;6&quot;:{&quot;1&quot;:[{&quot;1&quot;:2,&quot;2&quot;:0,&quot;5&quot;:{&quot;1&quot;:2,&quot;2&quot;:0}},{&quot;1&quot;:0,&quot;2&quot;:0,&quot;3&quot;:3},{&quot;1&quot;:1,&quot;2&quot;:0,&quot;4&quot;:1}]},&quot;7&quot;:{&quot;1&quot;:[{&quot;1&quot;:2,&quot;2&quot;:0,&quot;5&quot;:{&quot;1&quot;:2,&quot;2&quot;:0}},{&quot;1&quot;:0,&quot;2&quot;:0,&quot;3&quot;:3},{&quot;1&quot;:1,&quot;2&quot;:0,&quot;4&quot;:2}]},&quot;8&quot;:{&quot;1&quot;:[{&quot;1&quot;:2,&quot;2&quot;:0,&quot;5&quot;:{&quot;1&quot;:2,&quot;2&quot;:0}},{&quot;1&quot;:0,&quot;2&quot;:0,&quot;3&quot;:3},{&quot;1&quot;:1,&quot;2&quot;:0,&quot;4&quot;:2}]},&quot;9&quot;:1,&quot;10&quot;:1,&quot;11&quot;:4,&quot;15&quot;:&quot;Arial&quot;,&quot;16&quot;:10}\">En la cocina, en el garaje e incluso en el ba\u00f1o, es pr\u00e1ctico en tama\u00f1o y vers\u00e1til en sus posibles usos<\/span>[\/vc_column_text][\/vc_column_inner][vc_column_inner width=\u00bb1\/3&#8243;][vc_single_image image=\u00bb20550&#8243; img_size=\u00bbfull\u00bb alignment=\u00bbcenter\u00bb][vc_column_text el_class=\u00bbplus_product_title\u00bb]\u00a1Protejamos a las abejas juntos![\/vc_column_text][vc_column_text el_class=\u00bbplus_product_desc\u00bb]Foxy ha firmado un acuerdo plurianual con 3Bee para la protecci\u00f3n de las abejas, gracias al monitoreo de sus colmenas y la creaci\u00f3n de oasis de biodiversidad.<\/p>\n<p><a href=\"https:\/\/www.foxy.eu\/es\/el-compromiso-de-foxy\/3bee\/\">Descubre m\u00e1s sobre El Compromiso de Foxy con 3Bee<\/a>[\/vc_column_text][\/vc_column_inner][\/vc_row_inner][\/vc_column][\/vc_row]<\/p>\n","protected":false},"featured_media":21545,"template":"","categories":[36],"yoast_head":"<!-- This site is optimized with the Yoast SEO plugin v19.14 - https:\/\/yoast.com\/wordpress\/plugins\/seo\/ -->\n<title>Love the Bee Jumbo - Foxy<\/title>\n<meta name=\"description\" content=\"Concebido para apoyar el proyecto de Foxy y 3Bee en defensa de las abejas; est\u00e1 dise\u00f1ado para garantizar la alta calidad de cualquier producto Foxy.Esta bobina multiusos es perfecta para cualquier estancia del hogar y para cualquier tipo de uso; sus 295 servicios duran mucho tiempo y gracias a los v\u00f3rtices superabsorbentes ofrecen las mejores prestaciones en cuanto a absorci\u00f3n y resistencia.\" \/>\n<meta name=\"robots\" content=\"index, follow, max-snippet:-1, max-image-preview:large, max-video-preview:-1\" \/>\n<link rel=\"canonical\" href=\"https:\/\/www.foxy.eu\/es\/productos\/love-the-bee-jumbo\/\" \/>\n<meta property=\"og:locale\" content=\"es_ES\" \/>\n<meta property=\"og:type\" content=\"article\" \/>\n<meta property=\"og:title\" content=\"Love the Bee Jumbo - Foxy\" \/>\n<meta property=\"og:description\" content=\"Concebido para apoyar el proyecto de Foxy y 3Bee en defensa de las abejas; est\u00e1 dise\u00f1ado para garantizar la alta calidad de cualquier producto Foxy.Esta bobina multiusos es perfecta para cualquier estancia del hogar y para cualquier tipo de uso; sus 295 servicios duran mucho tiempo y gracias a los v\u00f3rtices superabsorbentes ofrecen las mejores prestaciones en cuanto a absorci\u00f3n y resistencia.\" \/>\n<meta property=\"og:url\" content=\"https:\/\/www.foxy.eu\/es\/productos\/love-the-bee-jumbo\/\" \/>\n<meta property=\"og:site_name\" content=\"Foxy\" \/>\n<meta property=\"article:publisher\" content=\"https:\/\/www.facebook.com\/Foxy.Italia\" \/>\n<meta property=\"article:modified_time\" content=\"2025-07-22T13:00:06+00:00\" \/>\n<meta property=\"og:image\" content=\"https:\/\/www.foxy.eu\/wp-content\/uploads\/2023\/03\/Lovethebee1roll_asciugatutto_hero.png\" \/>\n\t<meta property=\"og:image:width\" content=\"960\" \/>\n\t<meta property=\"og:image:height\" content=\"706\" \/>\n\t<meta property=\"og:image:type\" content=\"image\/png\" \/>\n<meta name=\"twitter:card\" content=\"summary_large_image\" \/>\n<meta name=\"twitter:label1\" content=\"Est. reading time\" \/>\n\t<meta name=\"twitter:data1\" content=\"2 minutos\" \/>\n<script type=\"application\/ld+json\" class=\"yoast-schema-graph\">{\"@context\":\"https:\/\/schema.org\",\"@graph\":[{\"@type\":\"WebPage\",\"@id\":\"https:\/\/www.foxy.eu\/es\/productos\/love-the-bee-jumbo\/\",\"url\":\"https:\/\/www.foxy.eu\/es\/productos\/love-the-bee-jumbo\/\",\"name\":\"Love the Bee Jumbo - Foxy\",\"isPartOf\":{\"@id\":\"https:\/\/www.foxy.eu\/#website\"},\"datePublished\":\"2023-03-06T15:03:44+00:00\",\"dateModified\":\"2025-07-22T13:00:06+00:00\",\"description\":\"Concebido para apoyar el proyecto de Foxy y 3Bee en defensa de las abejas; est\u00e1 dise\u00f1ado para garantizar la alta calidad de cualquier producto Foxy.Esta bobina multiusos es perfecta para cualquier estancia del hogar y para cualquier tipo de uso; sus 295 servicios duran mucho tiempo y gracias a los v\u00f3rtices superabsorbentes ofrecen las mejores prestaciones en cuanto a absorci\u00f3n y resistencia.\",\"breadcrumb\":{\"@id\":\"https:\/\/www.foxy.eu\/es\/productos\/love-the-bee-jumbo\/#breadcrumb\"},\"inLanguage\":\"es\",\"potentialAction\":[{\"@type\":\"ReadAction\",\"target\":[\"https:\/\/www.foxy.eu\/es\/productos\/love-the-bee-jumbo\/\"]}]},{\"@type\":\"BreadcrumbList\",\"@id\":\"https:\/\/www.foxy.eu\/es\/productos\/love-the-bee-jumbo\/#breadcrumb\",\"itemListElement\":[{\"@type\":\"ListItem\",\"position\":1,\"name\":\"Home\",\"item\":\"https:\/\/www.foxy.eu\/es\/\"},{\"@type\":\"ListItem\",\"position\":2,\"name\":\"Love the Bee Jumbo\"}]},{\"@type\":\"WebSite\",\"@id\":\"https:\/\/www.foxy.eu\/#website\",\"url\":\"https:\/\/www.foxy.eu\/\",\"name\":\"Foxy\",\"description\":\"Un nuovo sito targato WordPress\",\"publisher\":{\"@id\":\"https:\/\/www.foxy.eu\/#organization\"},\"alternateName\":\"Scopri tutta la gamma di prodotti e iniziative Foxy. Abbiamo pensato a un mondo su misura per te.\",\"potentialAction\":[{\"@type\":\"SearchAction\",\"target\":{\"@type\":\"EntryPoint\",\"urlTemplate\":\"https:\/\/www.foxy.eu\/?s={search_term_string}\"},\"query-input\":\"required name=search_term_string\"}],\"inLanguage\":\"es\"},{\"@type\":\"Organization\",\"@id\":\"https:\/\/www.foxy.eu\/#organization\",\"name\":\"Foxy | Sempre vicina a te!\",\"alternateName\":\"Scopri tutta la gamma di prodotti e iniziative Foxy. Abbiamo pensato a un mondo su misura per te.\",\"url\":\"https:\/\/www.foxy.eu\/\",\"logo\":{\"@type\":\"ImageObject\",\"inLanguage\":\"es\",\"@id\":\"https:\/\/www.foxy.eu\/#\/schema\/logo\/image\/\",\"url\":\"https:\/\/enkaz3824io.exactdn.com\/wp-content\/uploads\/2020\/07\/hp_big_logo@2x.png?strip=all&lossy=1&ssl=1\",\"contentUrl\":\"https:\/\/enkaz3824io.exactdn.com\/wp-content\/uploads\/2020\/07\/hp_big_logo@2x.png?strip=all&lossy=1&ssl=1\",\"width\":518,\"height\":366,\"caption\":\"Foxy | Sempre vicina a te!\"},\"image\":{\"@id\":\"https:\/\/www.foxy.eu\/#\/schema\/logo\/image\/\"},\"sameAs\":[\"https:\/\/www.instagram.com\/foxy\/\",\"https:\/\/www.youtube.com\/channel\/UCpCfvrNg7u0O0jSeH9B9ygA\",\"https:\/\/www.facebook.com\/Foxy.Italia\"]}]}<\/script>\n<!-- \/ Yoast SEO plugin. -->","yoast_head_json":{"title":"Love the Bee Jumbo - Foxy","description":"Concebido para apoyar el proyecto de Foxy y 3Bee en defensa de las abejas; est\u00e1 dise\u00f1ado para garantizar la alta calidad de cualquier producto Foxy.Esta bobina multiusos es perfecta para cualquier estancia del hogar y para cualquier tipo de uso; sus 295 servicios duran mucho tiempo y gracias a los v\u00f3rtices superabsorbentes ofrecen las mejores prestaciones en cuanto a absorci\u00f3n y resistencia.","robots":{"index":"index","follow":"follow","max-snippet":"max-snippet:-1","max-image-preview":"max-image-preview:large","max-video-preview":"max-video-preview:-1"},"canonical":"https:\/\/www.foxy.eu\/es\/productos\/love-the-bee-jumbo\/","og_locale":"es_ES","og_type":"article","og_title":"Love the Bee Jumbo - Foxy","og_description":"Concebido para apoyar el proyecto de Foxy y 3Bee en defensa de las abejas; est\u00e1 dise\u00f1ado para garantizar la alta calidad de cualquier producto Foxy.Esta bobina multiusos es perfecta para cualquier estancia del hogar y para cualquier tipo de uso; sus 295 servicios duran mucho tiempo y gracias a los v\u00f3rtices superabsorbentes ofrecen las mejores prestaciones en cuanto a absorci\u00f3n y resistencia.","og_url":"https:\/\/www.foxy.eu\/es\/productos\/love-the-bee-jumbo\/","og_site_name":"Foxy","article_publisher":"https:\/\/www.facebook.com\/Foxy.Italia","article_modified_time":"2025-07-22T13:00:06+00:00","og_image":[{"width":960,"height":706,"url":"https:\/\/www.foxy.eu\/wp-content\/uploads\/2023\/03\/Lovethebee1roll_asciugatutto_hero.png","type":"image\/png"}],"twitter_card":"summary_large_image","twitter_misc":{"Est. reading time":"2 minutos"},"schema":{"@context":"https:\/\/schema.org","@graph":[{"@type":"WebPage","@id":"https:\/\/www.foxy.eu\/es\/productos\/love-the-bee-jumbo\/","url":"https:\/\/www.foxy.eu\/es\/productos\/love-the-bee-jumbo\/","name":"Love the Bee Jumbo - Foxy","isPartOf":{"@id":"https:\/\/www.foxy.eu\/#website"},"datePublished":"2023-03-06T15:03:44+00:00","dateModified":"2025-07-22T13:00:06+00:00","description":"Concebido para apoyar el proyecto de Foxy y 3Bee en defensa de las abejas; est\u00e1 dise\u00f1ado para garantizar la alta calidad de cualquier producto Foxy.Esta bobina multiusos es perfecta para cualquier estancia del hogar y para cualquier tipo de uso; sus 295 servicios duran mucho tiempo y gracias a los v\u00f3rtices superabsorbentes ofrecen las mejores prestaciones en cuanto a absorci\u00f3n y resistencia.","breadcrumb":{"@id":"https:\/\/www.foxy.eu\/es\/productos\/love-the-bee-jumbo\/#breadcrumb"},"inLanguage":"es","potentialAction":[{"@type":"ReadAction","target":["https:\/\/www.foxy.eu\/es\/productos\/love-the-bee-jumbo\/"]}]},{"@type":"BreadcrumbList","@id":"https:\/\/www.foxy.eu\/es\/productos\/love-the-bee-jumbo\/#breadcrumb","itemListElement":[{"@type":"ListItem","position":1,"name":"Home","item":"https:\/\/www.foxy.eu\/es\/"},{"@type":"ListItem","position":2,"name":"Love the Bee Jumbo"}]},{"@type":"WebSite","@id":"https:\/\/www.foxy.eu\/#website","url":"https:\/\/www.foxy.eu\/","name":"Foxy","description":"Un nuovo sito targato WordPress","publisher":{"@id":"https:\/\/www.foxy.eu\/#organization"},"alternateName":"Scopri tutta la gamma di prodotti e iniziative Foxy. Abbiamo pensato a un mondo su misura per te.","potentialAction":[{"@type":"SearchAction","target":{"@type":"EntryPoint","urlTemplate":"https:\/\/www.foxy.eu\/?s={search_term_string}"},"query-input":"required name=search_term_string"}],"inLanguage":"es"},{"@type":"Organization","@id":"https:\/\/www.foxy.eu\/#organization","name":"Foxy | Sempre vicina a te!","alternateName":"Scopri tutta la gamma di prodotti e iniziative Foxy. Abbiamo pensato a un mondo su misura per te.","url":"https:\/\/www.foxy.eu\/","logo":{"@type":"ImageObject","inLanguage":"es","@id":"https:\/\/www.foxy.eu\/#\/schema\/logo\/image\/","url":"https:\/\/enkaz3824io.exactdn.com\/wp-content\/uploads\/2020\/07\/hp_big_logo@2x.png?strip=all&lossy=1&ssl=1","contentUrl":"https:\/\/enkaz3824io.exactdn.com\/wp-content\/uploads\/2020\/07\/hp_big_logo@2x.png?strip=all&lossy=1&ssl=1","width":518,"height":366,"caption":"Foxy | Sempre vicina a te!"},"image":{"@id":"https:\/\/www.foxy.eu\/#\/schema\/logo\/image\/"},"sameAs":["https:\/\/www.instagram.com\/foxy\/","https:\/\/www.youtube.com\/channel\/UCpCfvrNg7u0O0jSeH9B9ygA","https:\/\/www.facebook.com\/Foxy.Italia"]}]}},"_links":{"self":[{"href":"https:\/\/www.foxy.eu\/es\/wp-json\/wp\/v2\/product\/11830"}],"collection":[{"href":"https:\/\/www.foxy.eu\/es\/wp-json\/wp\/v2\/product"}],"about":[{"href":"https:\/\/www.foxy.eu\/es\/wp-json\/wp\/v2\/types\/product"}],"version-history":[{"count":13,"href":"https:\/\/www.foxy.eu\/es\/wp-json\/wp\/v2\/product\/11830\/revisions"}],"predecessor-version":[{"id":21551,"href":"https:\/\/www.foxy.eu\/es\/wp-json\/wp\/v2\/product\/11830\/revisions\/21551"}],"wp:featuredmedia":[{"embeddable":true,"href":"https:\/\/www.foxy.eu\/es\/wp-json\/wp\/v2\/media\/21545"}],"wp:attachment":[{"href":"https:\/\/www.foxy.eu\/es\/wp-json\/wp\/v2\/media?parent=11830"}],"wp:term":[{"taxonomy":"category","embeddable":true,"href":"https:\/\/www.foxy.eu\/es\/wp-json\/wp\/v2\/categories?post=11830"}],"curies":[{"name":"wp","href":"https:\/\/api.w.org\/{rel}","templated":true}]}}